{"id":74475,"date":"2022-03-31T04:32:28","date_gmt":"2022-03-31T02:32:28","guid":{"rendered":"https:\/\/www.1tool.com\/administracion-de-los-empleados\/"},"modified":"2026-05-04T14:26:01","modified_gmt":"2026-05-04T12:26:01","slug":"administracion-de-los-empleados","status":"publish","type":"page","link":"https:\/\/www.1tool.com\/es\/modulos\/modulos-especiales\/gestion-de-candidatos\/funciones-del-modulo-de-gestion-de-candidatos\/administracion-de-los-empleados\/","title":{"rendered":"Administraci\u00f3n de los empleados"},"content":{"rendered":"\t\t<div data-elementor-type=\"wp-page\" data-elementor-id=\"74475\" class=\"elementor elementor-74475 elementor-49752\" data-elementor-post-type=\"page\">\n\t\t\t\t\t\t<section class=\"elementor-section elementor-top-section elementor-element elementor-element-293e640 elementor-section-boxed elementor-section-height-default elementor-section-height-default shadepro-adv-gradient-no shadepro-sticky-no\" data-id=\"293e640\" data-element_type=\"section\" data-e-type=\"section\" data-settings=\"{&quot;shadepro_sticky&quot;:&quot;no&quot;}\">\n\t\t\t\t\t\t<div class=\"elementor-container elementor-column-gap-default\">\n\t\t\t\t\t<div class=\"elementor-column elementor-col-100 elementor-top-column elementor-element elementor-element-ca0c934\" data-id=\"ca0c934\" data-element_type=\"column\" data-e-type=\"column\">\n\t\t\t<div class=\"elementor-widget-wrap elementor-element-populated\">\n\t\t\t\t\t\t<div class=\"elementor-element elementor-element-92f6fce shadepro-sticky-no elementor-widget elementor-widget-heading\" data-id=\"92f6fce\" data-element_type=\"widget\" data-e-type=\"widget\" data-settings=\"{&quot;shadepro_sticky&quot;:&quot;no&quot;}\" data-widget_type=\"heading.default\">\n\t\t\t\t<div class=\"elementor-widget-container\">\n\t\t\t\t\t<h1 class=\"elementor-heading-title elementor-size-default\">Administraci\u00f3n de los empleados<\/h1>\t\t\t\t<\/div>\n\t\t\t\t<\/div>\n\t\t\t\t<div class=\"elementor-element elementor-element-be25e9c shadepro-sticky-no elementor-widget elementor-widget-text-editor\" data-id=\"be25e9c\" data-element_type=\"widget\" data-e-type=\"widget\" data-settings=\"{&quot;shadepro_sticky&quot;:&quot;no&quot;}\" data-widget_type=\"text-editor.default\">\n\t\t\t\t<div class=\"elementor-widget-container\">\n\t\t\t\t\t\t\t\t\t<p>1Herramienta de administraci\u00f3n de empleados &#8211; La soluci\u00f3n para el trabajo profesional de RRHH en tu empresa<\/p>\t\t\t\t\t\t\t\t<\/div>\n\t\t\t\t<\/div>\n\t\t\t\t<section class=\"elementor-section elementor-inner-section elementor-element elementor-element-1f7d346 elementor-section-boxed elementor-section-height-default elementor-section-height-default shadepro-adv-gradient-no shadepro-sticky-no\" data-id=\"1f7d346\" data-element_type=\"section\" data-e-type=\"section\" data-settings=\"{&quot;shadepro_sticky&quot;:&quot;no&quot;}\">\n\t\t\t\t\t\t<div class=\"elementor-container elementor-column-gap-default\">\n\t\t\t\t\t<div class=\"elementor-column elementor-col-100 elementor-inner-column elementor-element elementor-element-d0c0b6e\" data-id=\"d0c0b6e\" data-element_type=\"column\" data-e-type=\"column\">\n\t\t\t<div class=\"elementor-widget-wrap elementor-element-populated\">\n\t\t\t\t\t\t<div class=\"elementor-element elementor-element-b59d24f shadepro-sticky-no elementor-widget elementor-widget-text-editor\" data-id=\"b59d24f\" data-element_type=\"widget\" data-e-type=\"widget\" data-settings=\"{&quot;shadepro_sticky&quot;:&quot;no&quot;}\" data-widget_type=\"text-editor.default\">\n\t\t\t\t<div class=\"elementor-widget-container\">\n\t\t\t\t\t\t\t\t\t<h3>Software inteligente para la administraci\u00f3n de tus empleados<\/h3><p>Nuestro software de gesti\u00f3n de RR.HH. 1Tool te ayuda mucho m\u00e1s all\u00e1 de la gesti\u00f3n ordinaria de candidatos y garantiza el \u00e9xito de la gesti\u00f3n de empleados incluso despu\u00e9s de que los candidatos hayan sido contratados. Numerosas funciones reducen la carga de trabajo administrativo de tus procesos de RRHH y te ayudan a concentrarte plenamente en un trabajo de gesti\u00f3n de calidad. Motivar y retener a los empleados: \u00a1ning\u00fan problema con el software 1Tool para la gesti\u00f3n eficaz de los empleados!  <\/p><h3>Una soluci\u00f3n para todo el trabajo de RRHH<\/h3><p>Ya se trate del desarrollo del personal, la gesti\u00f3n del tiempo de trabajo o la asignaci\u00f3n de tareas, nuestro software profesional para la administraci\u00f3n de empleados te ofrece una soluci\u00f3n integral para la gesti\u00f3n de tus recursos humanos. La intuitiva interfaz de usuario del software de RRHH 1Tool garantiza una mayor eficacia y automatiza la gesti\u00f3n de los datos relevantes para los RRHH. La soluci\u00f3n de RRHH puede personalizarse para adaptarse a tu trabajo diario de gesti\u00f3n de RRHH y, gracias al acceso basado en web, est\u00e1 disponible en cualquier dispositivo final, independientemente de la ubicaci\u00f3n y la hora.  <\/p><h4>Gestiona los expedientes de personal con s\u00f3lo pulsar un bot\u00f3n<\/h4><p>La completa gesti\u00f3n de contactos de la soluci\u00f3n 1Tool no s\u00f3lo te proporciona datos de clientes o proveedores con s\u00f3lo pulsar un bot\u00f3n, sino que tambi\u00e9n crea un expediente estructurado de los empleados para una buena gesti\u00f3n del personal. Puedes registrar de forma f\u00e1cil y sencilla los datos personales, as\u00ed como sus tareas, horas de trabajo o citas en un solo lugar. <\/p><h4>Facilitar el registro del tiempo de trabajo<\/h4><p>Defines las horas de trabajo de cada empleado en la administraci\u00f3n de empleados. Las horas trabajadas, ya sea para proyectos espec\u00edficos, tareas o contactos, se registran autom\u00e1ticamente con un solo clic y se almacenan en el informe de registro de horas de tus empleados. Esto te proporciona una visi\u00f3n general constante de las actividades realizadas, las horas de trabajo, las horas extraordinarias, las vacaciones o las bajas por enfermedad.  <\/p><h4>Asignaci\u00f3n eficiente de tareas y recursos<\/h4><p>Gestionar con \u00e9xito un proyecto es un juego de ni\u00f1os con 1Tool, porque el sistema de gesti\u00f3n de empleados tambi\u00e9n ofrece aqu\u00ed algunas funciones inteligentes: Planifica y coordina eficazmente los recursos, crea tareas y asigna empleados con s\u00f3lo pulsar un bot\u00f3n.<\/p><h4>Marca de empleador profesional<\/h4><p>Con los boletines y notificaciones para empleados de 1Tool, puedes mantener a los empleados al d\u00eda de las noticias, objetivos y \u00e9xitos de la empresa y posicionarte como un empleador atractivo. Los grupos de contacto y las listas de distribuci\u00f3n garantizan que las noticias se env\u00eden a tus empleados de forma orientada al grupo objetivo y les proporcionan regularmente informaci\u00f3n relevante. <\/p><h4>Desarrollo personal para tus especialistas<\/h4><p>Promociona a tus talentos y ofr\u00e9celes oportunidades de formaci\u00f3n \u00f3ptimas con el software 1Tool para la gesti\u00f3n de empleados. Los seminarios y cursos pueden gestionarse en 1Tool con s\u00f3lo pulsar un bot\u00f3n y los participantes pueden recibir un apoyo \u00f3ptimo. <\/p><h4>Revisi\u00f3n peri\u00f3dica de la satisfacci\u00f3n de tus empleados<\/h4><p>Los empleados satisfechos son el recurso m\u00e1s importante de una empresa. Para asegurarte de que tus empleados te valoran como empleador y est\u00e1n contentos con sus tareas y actividades, nuestro sistema de gesti\u00f3n de empleados ofrece un m\u00f3dulo de encuesta profesional que te permite medir la satisfacci\u00f3n de los empleados a intervalos regulares con s\u00f3lo pulsar un bot\u00f3n. <\/p>\t\t\t\t\t\t\t\t<\/div>\n\t\t\t\t<\/div>\n\t\t\t\t\t<\/div>\n\t\t<\/div>\n\t\t\t\t\t<\/div>\n\t\t<\/section>\n\t\t\t\t\t<\/div>\n\t\t<\/div>\n\t\t\t\t\t<\/div>\n\t\t<\/section>\n\t\t\t\t<\/div>\n\t\t","protected":false},"excerpt":{"rendered":"<p>Administraci\u00f3n de los empleados 1Herramienta de administraci\u00f3n de empleados &#8211; La soluci\u00f3n para el trabajo profesional de RRHH en tu empresa Software inteligente para la administraci\u00f3n de tus empleados Nuestro software de gesti\u00f3n de RR.HH. 1Tool te ayuda mucho m\u00e1s all\u00e1 de la gesti\u00f3n ordinaria de candidatos y garantiza el \u00e9xito de la gesti\u00f3n de [&hellip;]<\/p>\n","protected":false},"author":1,"featured_media":0,"parent":74681,"menu_order":0,"comment_status":"closed","ping_status":"closed","template":"","meta":{"inline_featured_image":false,"footnotes":""},"class_list":["post-74475","page","type-page","status-publish","hentry"],"acf":[],"yoast_head":"<!-- This site is optimized with the Yoast SEO plugin v27.5 - https:\/\/yoast.com\/product\/yoast-seo-wordpress\/ -->\n<title>Administraci\u00f3n de los empleados - 1Tool<\/title>\n<meta name=\"robots\" content=\"index, follow, max-snippet:-1, max-image-preview:large, max-video-preview:-1\" \/>\n<link rel=\"canonical\" href=\"https:\/\/www.1tool.com\/es\/modulos\/modulos-especiales\/gestion-de-candidatos\/funciones-del-modulo-de-gestion-de-candidatos\/administracion-de-los-empleados\/\" \/>\n<meta property=\"og:locale\" content=\"es_ES\" \/>\n<meta property=\"og:type\" content=\"article\" \/>\n<meta property=\"og:title\" content=\"Administraci\u00f3n de los empleados - 1Tool\" \/>\n<meta property=\"og:description\" content=\"Administraci\u00f3n de los empleados 1Herramienta de administraci\u00f3n de empleados &#8211; La soluci\u00f3n para el trabajo profesional de RRHH en tu empresa Software inteligente para la administraci\u00f3n de tus empleados Nuestro software de gesti\u00f3n de RR.HH. 1Tool te ayuda mucho m\u00e1s all\u00e1 de la gesti\u00f3n ordinaria de candidatos y garantiza el \u00e9xito de la gesti\u00f3n de [&hellip;]\" \/>\n<meta property=\"og:url\" content=\"https:\/\/www.1tool.com\/es\/modulos\/modulos-especiales\/gestion-de-candidatos\/funciones-del-modulo-de-gestion-de-candidatos\/administracion-de-los-empleados\/\" \/>\n<meta property=\"og:site_name\" content=\"1Tool\" \/>\n<meta property=\"article:modified_time\" content=\"2026-05-04T12:26:01+00:00\" \/>\n<meta name=\"twitter:card\" content=\"summary_large_image\" \/>\n<meta name=\"twitter:label1\" content=\"Tiempo de lectura\" \/>\n\t<meta name=\"twitter:data1\" content=\"3 minutos\" \/>\n<script type=\"application\/ld+json\" class=\"yoast-schema-graph\">{\"@context\":\"https:\\\/\\\/schema.org\",\"@graph\":[{\"@type\":\"WebPage\",\"@id\":\"https:\\\/\\\/www.1tool.com\\\/es\\\/modulos\\\/modulos-especiales\\\/gestion-de-candidatos\\\/funciones-del-modulo-de-gestion-de-candidatos\\\/administracion-de-los-empleados\\\/\",\"url\":\"https:\\\/\\\/www.1tool.com\\\/es\\\/modulos\\\/modulos-especiales\\\/gestion-de-candidatos\\\/funciones-del-modulo-de-gestion-de-candidatos\\\/administracion-de-los-empleados\\\/\",\"name\":\"Administraci\u00f3n de los empleados - 1Tool\",\"isPartOf\":{\"@id\":\"https:\\\/\\\/www.1tool.com\\\/es\\\/#website\"},\"datePublished\":\"2022-03-31T02:32:28+00:00\",\"dateModified\":\"2026-05-04T12:26:01+00:00\",\"breadcrumb\":{\"@id\":\"https:\\\/\\\/www.1tool.com\\\/es\\\/modulos\\\/modulos-especiales\\\/gestion-de-candidatos\\\/funciones-del-modulo-de-gestion-de-candidatos\\\/administracion-de-los-empleados\\\/#breadcrumb\"},\"inLanguage\":\"es\",\"potentialAction\":[{\"@type\":\"ReadAction\",\"target\":[\"https:\\\/\\\/www.1tool.com\\\/es\\\/modulos\\\/modulos-especiales\\\/gestion-de-candidatos\\\/funciones-del-modulo-de-gestion-de-candidatos\\\/administracion-de-los-empleados\\\/\"]}]},{\"@type\":\"BreadcrumbList\",\"@id\":\"https:\\\/\\\/www.1tool.com\\\/es\\\/modulos\\\/modulos-especiales\\\/gestion-de-candidatos\\\/funciones-del-modulo-de-gestion-de-candidatos\\\/administracion-de-los-empleados\\\/#breadcrumb\",\"itemListElement\":[{\"@type\":\"ListItem\",\"position\":1,\"name\":\"Home\",\"item\":\"https:\\\/\\\/www.1tool.com\\\/es\\\/\"},{\"@type\":\"ListItem\",\"position\":2,\"name\":\"M\u00f3dulos\",\"item\":\"https:\\\/\\\/www.1tool.com\\\/es\\\/modulos\\\/\"},{\"@type\":\"ListItem\",\"position\":3,\"name\":\"M\u00f3dulos especiales\",\"item\":\"https:\\\/\\\/www.1tool.com\\\/es\\\/modulos\\\/modulos-especiales\\\/\"},{\"@type\":\"ListItem\",\"position\":4,\"name\":\"Gesti\u00f3n de candidatos\",\"item\":\"https:\\\/\\\/www.1tool.com\\\/es\\\/modulos\\\/modulos-especiales\\\/gestion-de-candidatos\\\/\"},{\"@type\":\"ListItem\",\"position\":5,\"name\":\"Funciones del m\u00f3dulo de gesti\u00f3n de candidatos\",\"item\":\"https:\\\/\\\/www.1tool.com\\\/es\\\/modulos\\\/modulos-especiales\\\/gestion-de-candidatos\\\/funciones-del-modulo-de-gestion-de-candidatos\\\/\"},{\"@type\":\"ListItem\",\"position\":6,\"name\":\"Administraci\u00f3n de los empleados\"}]},{\"@type\":\"WebSite\",\"@id\":\"https:\\\/\\\/www.1tool.com\\\/es\\\/#website\",\"url\":\"https:\\\/\\\/www.1tool.com\\\/es\\\/\",\"name\":\"1Tool\",\"description\":\"CRM\",\"publisher\":{\"@id\":\"https:\\\/\\\/www.1tool.com\\\/es\\\/#organization\"},\"potentialAction\":[{\"@type\":\"SearchAction\",\"target\":{\"@type\":\"EntryPoint\",\"urlTemplate\":\"https:\\\/\\\/www.1tool.com\\\/es\\\/?s={search_term_string}\"},\"query-input\":{\"@type\":\"PropertyValueSpecification\",\"valueRequired\":true,\"valueName\":\"search_term_string\"}}],\"inLanguage\":\"es\"},{\"@type\":\"Organization\",\"@id\":\"https:\\\/\\\/www.1tool.com\\\/es\\\/#organization\",\"name\":\"1Tool\",\"url\":\"https:\\\/\\\/www.1tool.com\\\/es\\\/\",\"logo\":{\"@type\":\"ImageObject\",\"inLanguage\":\"es\",\"@id\":\"https:\\\/\\\/www.1tool.com\\\/es\\\/#\\\/schema\\\/logo\\\/image\\\/\",\"url\":\"https:\\\/\\\/www.1tool.com\\\/wp-content\\\/uploads\\\/2022\\\/04\\\/1tool-1.png\",\"contentUrl\":\"https:\\\/\\\/www.1tool.com\\\/wp-content\\\/uploads\\\/2022\\\/04\\\/1tool-1.png\",\"width\":400,\"height\":150,\"caption\":\"1Tool\"},\"image\":{\"@id\":\"https:\\\/\\\/www.1tool.com\\\/es\\\/#\\\/schema\\\/logo\\\/image\\\/\"}}]}<\/script>\n<!-- \/ Yoast SEO plugin. -->","yoast_head_json":{"title":"Administraci\u00f3n de los empleados - 1Tool","robots":{"index":"index","follow":"follow","max-snippet":"max-snippet:-1","max-image-preview":"max-image-preview:large","max-video-preview":"max-video-preview:-1"},"canonical":"https:\/\/www.1tool.com\/es\/modulos\/modulos-especiales\/gestion-de-candidatos\/funciones-del-modulo-de-gestion-de-candidatos\/administracion-de-los-empleados\/","og_locale":"es_ES","og_type":"article","og_title":"Administraci\u00f3n de los empleados - 1Tool","og_description":"Administraci\u00f3n de los empleados 1Herramienta de administraci\u00f3n de empleados &#8211; La soluci\u00f3n para el trabajo profesional de RRHH en tu empresa Software inteligente para la administraci\u00f3n de tus empleados Nuestro software de gesti\u00f3n de RR.HH. 1Tool te ayuda mucho m\u00e1s all\u00e1 de la gesti\u00f3n ordinaria de candidatos y garantiza el \u00e9xito de la gesti\u00f3n de [&hellip;]","og_url":"https:\/\/www.1tool.com\/es\/modulos\/modulos-especiales\/gestion-de-candidatos\/funciones-del-modulo-de-gestion-de-candidatos\/administracion-de-los-empleados\/","og_site_name":"1Tool","article_modified_time":"2026-05-04T12:26:01+00:00","twitter_card":"summary_large_image","twitter_misc":{"Tiempo de lectura":"3 minutos"},"schema":{"@context":"https:\/\/schema.org","@graph":[{"@type":"WebPage","@id":"https:\/\/www.1tool.com\/es\/modulos\/modulos-especiales\/gestion-de-candidatos\/funciones-del-modulo-de-gestion-de-candidatos\/administracion-de-los-empleados\/","url":"https:\/\/www.1tool.com\/es\/modulos\/modulos-especiales\/gestion-de-candidatos\/funciones-del-modulo-de-gestion-de-candidatos\/administracion-de-los-empleados\/","name":"Administraci\u00f3n de los empleados - 1Tool","isPartOf":{"@id":"https:\/\/www.1tool.com\/es\/#website"},"datePublished":"2022-03-31T02:32:28+00:00","dateModified":"2026-05-04T12:26:01+00:00","breadcrumb":{"@id":"https:\/\/www.1tool.com\/es\/modulos\/modulos-especiales\/gestion-de-candidatos\/funciones-del-modulo-de-gestion-de-candidatos\/administracion-de-los-empleados\/#breadcrumb"},"inLanguage":"es","potentialAction":[{"@type":"ReadAction","target":["https:\/\/www.1tool.com\/es\/modulos\/modulos-especiales\/gestion-de-candidatos\/funciones-del-modulo-de-gestion-de-candidatos\/administracion-de-los-empleados\/"]}]},{"@type":"BreadcrumbList","@id":"https:\/\/www.1tool.com\/es\/modulos\/modulos-especiales\/gestion-de-candidatos\/funciones-del-modulo-de-gestion-de-candidatos\/administracion-de-los-empleados\/#breadcrumb","itemListElement":[{"@type":"ListItem","position":1,"name":"Home","item":"https:\/\/www.1tool.com\/es\/"},{"@type":"ListItem","position":2,"name":"M\u00f3dulos","item":"https:\/\/www.1tool.com\/es\/modulos\/"},{"@type":"ListItem","position":3,"name":"M\u00f3dulos especiales","item":"https:\/\/www.1tool.com\/es\/modulos\/modulos-especiales\/"},{"@type":"ListItem","position":4,"name":"Gesti\u00f3n de candidatos","item":"https:\/\/www.1tool.com\/es\/modulos\/modulos-especiales\/gestion-de-candidatos\/"},{"@type":"ListItem","position":5,"name":"Funciones del m\u00f3dulo de gesti\u00f3n de candidatos","item":"https:\/\/www.1tool.com\/es\/modulos\/modulos-especiales\/gestion-de-candidatos\/funciones-del-modulo-de-gestion-de-candidatos\/"},{"@type":"ListItem","position":6,"name":"Administraci\u00f3n de los empleados"}]},{"@type":"WebSite","@id":"https:\/\/www.1tool.com\/es\/#website","url":"https:\/\/www.1tool.com\/es\/","name":"1Tool","description":"CRM","publisher":{"@id":"https:\/\/www.1tool.com\/es\/#organization"},"potentialAction":[{"@type":"SearchAction","target":{"@type":"EntryPoint","urlTemplate":"https:\/\/www.1tool.com\/es\/?s={search_term_string}"},"query-input":{"@type":"PropertyValueSpecification","valueRequired":true,"valueName":"search_term_string"}}],"inLanguage":"es"},{"@type":"Organization","@id":"https:\/\/www.1tool.com\/es\/#organization","name":"1Tool","url":"https:\/\/www.1tool.com\/es\/","logo":{"@type":"ImageObject","inLanguage":"es","@id":"https:\/\/www.1tool.com\/es\/#\/schema\/logo\/image\/","url":"https:\/\/www.1tool.com\/wp-content\/uploads\/2022\/04\/1tool-1.png","contentUrl":"https:\/\/www.1tool.com\/wp-content\/uploads\/2022\/04\/1tool-1.png","width":400,"height":150,"caption":"1Tool"},"image":{"@id":"https:\/\/www.1tool.com\/es\/#\/schema\/logo\/image\/"}}]}},"_links":{"self":[{"href":"https:\/\/www.1tool.com\/es\/wp-json\/wp\/v2\/pages\/74475","targetHints":{"allow":["GET"]}}],"collection":[{"href":"https:\/\/www.1tool.com\/es\/wp-json\/wp\/v2\/pages"}],"about":[{"href":"https:\/\/www.1tool.com\/es\/wp-json\/wp\/v2\/types\/page"}],"author":[{"embeddable":true,"href":"https:\/\/www.1tool.com\/es\/wp-json\/wp\/v2\/users\/1"}],"replies":[{"embeddable":true,"href":"https:\/\/www.1tool.com\/es\/wp-json\/wp\/v2\/comments?post=74475"}],"version-history":[{"count":1,"href":"https:\/\/www.1tool.com\/es\/wp-json\/wp\/v2\/pages\/74475\/revisions"}],"predecessor-version":[{"id":74487,"href":"https:\/\/www.1tool.com\/es\/wp-json\/wp\/v2\/pages\/74475\/revisions\/74487"}],"up":[{"embeddable":true,"href":"https:\/\/www.1tool.com\/es\/wp-json\/wp\/v2\/pages\/74681"}],"wp:attachment":[{"href":"https:\/\/www.1tool.com\/es\/wp-json\/wp\/v2\/media?parent=74475"}],"curies":[{"name":"wp","href":"https:\/\/api.w.org\/{rel}","templated":true}]}}