{"id":74488,"date":"2022-03-31T04:30:27","date_gmt":"2022-03-31T02:30:27","guid":{"rendered":"https:\/\/www.1tool.com\/gestion-del-trabajo\/"},"modified":"2026-05-04T14:26:01","modified_gmt":"2026-05-04T12:26:01","slug":"gestion-del-trabajo","status":"publish","type":"page","link":"https:\/\/www.1tool.com\/es\/modulos\/modulos-especiales\/gestion-de-candidatos\/funciones-del-modulo-de-gestion-de-candidatos\/gestion-del-trabajo\/","title":{"rendered":"Gesti\u00f3n del trabajo"},"content":{"rendered":"\t\t<div data-elementor-type=\"wp-page\" data-elementor-id=\"74488\" class=\"elementor elementor-74488 elementor-49744\" data-elementor-post-type=\"page\">\n\t\t\t\t\t\t<section class=\"elementor-section elementor-top-section elementor-element elementor-element-2c040c9 elementor-section-boxed elementor-section-height-default elementor-section-height-default shadepro-adv-gradient-no shadepro-sticky-no\" data-id=\"2c040c9\" data-element_type=\"section\" data-e-type=\"section\" data-settings=\"{&quot;shadepro_sticky&quot;:&quot;no&quot;}\">\n\t\t\t\t\t\t<div class=\"elementor-container elementor-column-gap-default\">\n\t\t\t\t\t<div class=\"elementor-column elementor-col-100 elementor-top-column elementor-element elementor-element-abc8ac7\" data-id=\"abc8ac7\" data-element_type=\"column\" data-e-type=\"column\">\n\t\t\t<div class=\"elementor-widget-wrap elementor-element-populated\">\n\t\t\t\t\t\t<div class=\"elementor-element elementor-element-1b70753 shadepro-sticky-no elementor-widget elementor-widget-heading\" data-id=\"1b70753\" data-element_type=\"widget\" data-e-type=\"widget\" data-settings=\"{&quot;shadepro_sticky&quot;:&quot;no&quot;}\" data-widget_type=\"heading.default\">\n\t\t\t\t<div class=\"elementor-widget-container\">\n\t\t\t\t\t<h1 class=\"elementor-heading-title elementor-size-default\">Gesti\u00f3n del trabajo<\/h1>\t\t\t\t<\/div>\n\t\t\t\t<\/div>\n\t\t\t\t<div class=\"elementor-element elementor-element-6295e3a shadepro-sticky-no elementor-widget elementor-widget-text-editor\" data-id=\"6295e3a\" data-element_type=\"widget\" data-e-type=\"widget\" data-settings=\"{&quot;shadepro_sticky&quot;:&quot;no&quot;}\" data-widget_type=\"text-editor.default\">\n\t\t\t\t<div class=\"elementor-widget-container\">\n\t\t\t\t\t\t\t\t\t<p>Tanto si eres un reclutador como una empresa, \u00a1crea atractivos anuncios de empleo en pocos minutos y gestiona toda tu plataforma de empleo en una sola base de datos!<\/p>\t\t\t\t\t\t\t\t<\/div>\n\t\t\t\t<\/div>\n\t\t\t\t<section class=\"elementor-section elementor-inner-section elementor-element elementor-element-c317ff7 elementor-section-boxed elementor-section-height-default elementor-section-height-default shadepro-adv-gradient-no shadepro-sticky-no\" data-id=\"c317ff7\" data-element_type=\"section\" data-e-type=\"section\" data-settings=\"{&quot;shadepro_sticky&quot;:&quot;no&quot;}\">\n\t\t\t\t\t\t<div class=\"elementor-container elementor-column-gap-default\">\n\t\t\t\t\t<div class=\"elementor-column elementor-col-100 elementor-inner-column elementor-element elementor-element-955b4c6\" data-id=\"955b4c6\" data-element_type=\"column\" data-e-type=\"column\">\n\t\t\t<div class=\"elementor-widget-wrap elementor-element-populated\">\n\t\t\t\t\t\t<div class=\"elementor-element elementor-element-d353230 shadepro-sticky-no elementor-widget elementor-widget-text-editor\" data-id=\"d353230\" data-element_type=\"widget\" data-e-type=\"widget\" data-settings=\"{&quot;shadepro_sticky&quot;:&quot;no&quot;}\" data-widget_type=\"text-editor.default\">\n\t\t\t\t<div class=\"elementor-widget-container\">\n\t\t\t\t\t\t\t\t\t<h3>Gesti\u00f3n eficaz de tus trabajos<\/h3><p>Los trabajos internos y externos pueden gestionarse con 1Tool. El m\u00f3dulo de aplicaci\u00f3n permite un trabajo eficaz y estructurado y garantiza una documentaci\u00f3n clara. <\/p><h4>Tus ventajas<\/h4><ul><li>Trabajo eficiente y trazable<\/li><li>Resumen de ventas y costes<\/li><li>Distribuci\u00f3n estructurada de tareas<\/li><li>Horarios para tus anuncios<\/li><\/ul><h3> <\/h3><h3>Generar anuncios de empleo<\/h3><p>Con 1Tool, puedes crear nuevos anuncios de empleo en s\u00f3lo unos minutos. Las ofertas de empleo actuales se sincronizan autom\u00e1ticamente y se presentan de inmediato en tu sitio web. <\/p><p>1Tool es multiling\u00fce. Esto significa que tambi\u00e9n puedes crear tus anuncios de empleo en otros idiomas. <\/p><h3>Formulario de solicitud personalizado<\/h3><p>Con el formulario de solicitud integrado, los candidatos tienen la oportunidad de solicitar un puesto de trabajo anunciado directamente en tu sitio web. Los datos enviados se transfieren inmediatamente al sistema a trav\u00e9s de la interfaz con 1Tool y se crea un nuevo contacto en tu base de datos de candidatos. <\/p><p>Tanto el formulario como los anuncios de empleo pueden personalizarse y adaptarse a tu dise\u00f1o corporativo. Seleccionando tus propios campos del formulario, puedes asegurarte de que se recoge informaci\u00f3n espec\u00edfica y registrar s\u00f3lo los datos del CV que sean realmente relevantes para tu proceso de solicitud. <\/p><h3>Comparte anuncios de trabajo en plataformas de empleo<\/h3><p>Cada vez son m\u00e1s las personas que recurren a portales de empleo populares como karriere.at, Stepstone o Monster cuando buscan trabajo. Precisamente por eso no deber\u00edas dejar de publicar tus anuncios de empleo en estas plataformas. Para 1Tool no hay problema: gracias a nuestra propia interfaz, puedes publicar tus ofertas de empleo a trav\u00e9s de nuestro software de RRHH con s\u00f3lo pulsar un bot\u00f3n.  <\/p><p>Por supuesto, 1Tool tambi\u00e9n permite<strong> opciones para compartir en redes sociales<\/strong>. Esto te permite definir para cada trabajo si tambi\u00e9n debe compartirse en redes sociales como Facebook, LinkedIn, Twitter, etc. <\/p><p>Por supuesto, un candidato puede inscribirse en varios empleos en tu sitio web. Con la ayuda del llamado reconocimiento de duplicados, el software de candidatos identifica inmediatamente a un mismo candidato y s\u00f3lo lo crea una vez en la base de datos. <\/p>\t\t\t\t\t\t\t\t<\/div>\n\t\t\t\t<\/div>\n\t\t\t\t\t<\/div>\n\t\t<\/div>\n\t\t\t\t\t<\/div>\n\t\t<\/section>\n\t\t\t\t\t<\/div>\n\t\t<\/div>\n\t\t\t\t\t<\/div>\n\t\t<\/section>\n\t\t\t\t<\/div>\n\t\t","protected":false},"excerpt":{"rendered":"<p>Gesti\u00f3n del trabajo Tanto si eres un reclutador como una empresa, \u00a1crea atractivos anuncios de empleo en pocos minutos y gestiona toda tu plataforma de empleo en una sola base de datos! Gesti\u00f3n eficaz de tus trabajos Los trabajos internos y externos pueden gestionarse con 1Tool. El m\u00f3dulo de aplicaci\u00f3n permite un trabajo eficaz y [&hellip;]<\/p>\n","protected":false},"author":1,"featured_media":0,"parent":74681,"menu_order":0,"comment_status":"closed","ping_status":"closed","template":"","meta":{"inline_featured_image":false,"footnotes":""},"class_list":["post-74488","page","type-page","status-publish","hentry"],"acf":[],"yoast_head":"<!-- This site is optimized with the Yoast SEO plugin v27.5 - https:\/\/yoast.com\/product\/yoast-seo-wordpress\/ -->\n<title>Gesti\u00f3n del trabajo - 1Tool<\/title>\n<meta name=\"robots\" content=\"index, follow, max-snippet:-1, max-image-preview:large, max-video-preview:-1\" \/>\n<link rel=\"canonical\" href=\"https:\/\/www.1tool.com\/es\/modulos\/modulos-especiales\/gestion-de-candidatos\/funciones-del-modulo-de-gestion-de-candidatos\/gestion-del-trabajo\/\" \/>\n<meta property=\"og:locale\" content=\"es_ES\" \/>\n<meta property=\"og:type\" content=\"article\" \/>\n<meta property=\"og:title\" content=\"Gesti\u00f3n del trabajo - 1Tool\" \/>\n<meta property=\"og:description\" content=\"Gesti\u00f3n del trabajo Tanto si eres un reclutador como una empresa, \u00a1crea atractivos anuncios de empleo en pocos minutos y gestiona toda tu plataforma de empleo en una sola base de datos! Gesti\u00f3n eficaz de tus trabajos Los trabajos internos y externos pueden gestionarse con 1Tool. El m\u00f3dulo de aplicaci\u00f3n permite un trabajo eficaz y [&hellip;]\" \/>\n<meta property=\"og:url\" content=\"https:\/\/www.1tool.com\/es\/modulos\/modulos-especiales\/gestion-de-candidatos\/funciones-del-modulo-de-gestion-de-candidatos\/gestion-del-trabajo\/\" \/>\n<meta property=\"og:site_name\" content=\"1Tool\" \/>\n<meta property=\"article:modified_time\" content=\"2026-05-04T12:26:01+00:00\" \/>\n<meta name=\"twitter:card\" content=\"summary_large_image\" \/>\n<meta name=\"twitter:label1\" content=\"Tiempo de lectura\" \/>\n\t<meta name=\"twitter:data1\" content=\"2 minutos\" \/>\n<script type=\"application\/ld+json\" class=\"yoast-schema-graph\">{\"@context\":\"https:\\\/\\\/schema.org\",\"@graph\":[{\"@type\":\"WebPage\",\"@id\":\"https:\\\/\\\/www.1tool.com\\\/es\\\/modulos\\\/modulos-especiales\\\/gestion-de-candidatos\\\/funciones-del-modulo-de-gestion-de-candidatos\\\/gestion-del-trabajo\\\/\",\"url\":\"https:\\\/\\\/www.1tool.com\\\/es\\\/modulos\\\/modulos-especiales\\\/gestion-de-candidatos\\\/funciones-del-modulo-de-gestion-de-candidatos\\\/gestion-del-trabajo\\\/\",\"name\":\"Gesti\u00f3n del trabajo - 1Tool\",\"isPartOf\":{\"@id\":\"https:\\\/\\\/www.1tool.com\\\/es\\\/#website\"},\"datePublished\":\"2022-03-31T02:30:27+00:00\",\"dateModified\":\"2026-05-04T12:26:01+00:00\",\"breadcrumb\":{\"@id\":\"https:\\\/\\\/www.1tool.com\\\/es\\\/modulos\\\/modulos-especiales\\\/gestion-de-candidatos\\\/funciones-del-modulo-de-gestion-de-candidatos\\\/gestion-del-trabajo\\\/#breadcrumb\"},\"inLanguage\":\"es\",\"potentialAction\":[{\"@type\":\"ReadAction\",\"target\":[\"https:\\\/\\\/www.1tool.com\\\/es\\\/modulos\\\/modulos-especiales\\\/gestion-de-candidatos\\\/funciones-del-modulo-de-gestion-de-candidatos\\\/gestion-del-trabajo\\\/\"]}]},{\"@type\":\"BreadcrumbList\",\"@id\":\"https:\\\/\\\/www.1tool.com\\\/es\\\/modulos\\\/modulos-especiales\\\/gestion-de-candidatos\\\/funciones-del-modulo-de-gestion-de-candidatos\\\/gestion-del-trabajo\\\/#breadcrumb\",\"itemListElement\":[{\"@type\":\"ListItem\",\"position\":1,\"name\":\"Home\",\"item\":\"https:\\\/\\\/www.1tool.com\\\/es\\\/\"},{\"@type\":\"ListItem\",\"position\":2,\"name\":\"M\u00f3dulos\",\"item\":\"https:\\\/\\\/www.1tool.com\\\/es\\\/modulos\\\/\"},{\"@type\":\"ListItem\",\"position\":3,\"name\":\"M\u00f3dulos especiales\",\"item\":\"https:\\\/\\\/www.1tool.com\\\/es\\\/modulos\\\/modulos-especiales\\\/\"},{\"@type\":\"ListItem\",\"position\":4,\"name\":\"Gesti\u00f3n de candidatos\",\"item\":\"https:\\\/\\\/www.1tool.com\\\/es\\\/modulos\\\/modulos-especiales\\\/gestion-de-candidatos\\\/\"},{\"@type\":\"ListItem\",\"position\":5,\"name\":\"Funciones del m\u00f3dulo de gesti\u00f3n de candidatos\",\"item\":\"https:\\\/\\\/www.1tool.com\\\/es\\\/modulos\\\/modulos-especiales\\\/gestion-de-candidatos\\\/funciones-del-modulo-de-gestion-de-candidatos\\\/\"},{\"@type\":\"ListItem\",\"position\":6,\"name\":\"Gesti\u00f3n del trabajo\"}]},{\"@type\":\"WebSite\",\"@id\":\"https:\\\/\\\/www.1tool.com\\\/es\\\/#website\",\"url\":\"https:\\\/\\\/www.1tool.com\\\/es\\\/\",\"name\":\"1Tool\",\"description\":\"CRM\",\"publisher\":{\"@id\":\"https:\\\/\\\/www.1tool.com\\\/es\\\/#organization\"},\"potentialAction\":[{\"@type\":\"SearchAction\",\"target\":{\"@type\":\"EntryPoint\",\"urlTemplate\":\"https:\\\/\\\/www.1tool.com\\\/es\\\/?s={search_term_string}\"},\"query-input\":{\"@type\":\"PropertyValueSpecification\",\"valueRequired\":true,\"valueName\":\"search_term_string\"}}],\"inLanguage\":\"es\"},{\"@type\":\"Organization\",\"@id\":\"https:\\\/\\\/www.1tool.com\\\/es\\\/#organization\",\"name\":\"1Tool\",\"url\":\"https:\\\/\\\/www.1tool.com\\\/es\\\/\",\"logo\":{\"@type\":\"ImageObject\",\"inLanguage\":\"es\",\"@id\":\"https:\\\/\\\/www.1tool.com\\\/es\\\/#\\\/schema\\\/logo\\\/image\\\/\",\"url\":\"https:\\\/\\\/www.1tool.com\\\/wp-content\\\/uploads\\\/2022\\\/04\\\/1tool-1.png\",\"contentUrl\":\"https:\\\/\\\/www.1tool.com\\\/wp-content\\\/uploads\\\/2022\\\/04\\\/1tool-1.png\",\"width\":400,\"height\":150,\"caption\":\"1Tool\"},\"image\":{\"@id\":\"https:\\\/\\\/www.1tool.com\\\/es\\\/#\\\/schema\\\/logo\\\/image\\\/\"}}]}<\/script>\n<!-- \/ Yoast SEO plugin. -->","yoast_head_json":{"title":"Gesti\u00f3n del trabajo - 1Tool","robots":{"index":"index","follow":"follow","max-snippet":"max-snippet:-1","max-image-preview":"max-image-preview:large","max-video-preview":"max-video-preview:-1"},"canonical":"https:\/\/www.1tool.com\/es\/modulos\/modulos-especiales\/gestion-de-candidatos\/funciones-del-modulo-de-gestion-de-candidatos\/gestion-del-trabajo\/","og_locale":"es_ES","og_type":"article","og_title":"Gesti\u00f3n del trabajo - 1Tool","og_description":"Gesti\u00f3n del trabajo Tanto si eres un reclutador como una empresa, \u00a1crea atractivos anuncios de empleo en pocos minutos y gestiona toda tu plataforma de empleo en una sola base de datos! Gesti\u00f3n eficaz de tus trabajos Los trabajos internos y externos pueden gestionarse con 1Tool. El m\u00f3dulo de aplicaci\u00f3n permite un trabajo eficaz y [&hellip;]","og_url":"https:\/\/www.1tool.com\/es\/modulos\/modulos-especiales\/gestion-de-candidatos\/funciones-del-modulo-de-gestion-de-candidatos\/gestion-del-trabajo\/","og_site_name":"1Tool","article_modified_time":"2026-05-04T12:26:01+00:00","twitter_card":"summary_large_image","twitter_misc":{"Tiempo de lectura":"2 minutos"},"schema":{"@context":"https:\/\/schema.org","@graph":[{"@type":"WebPage","@id":"https:\/\/www.1tool.com\/es\/modulos\/modulos-especiales\/gestion-de-candidatos\/funciones-del-modulo-de-gestion-de-candidatos\/gestion-del-trabajo\/","url":"https:\/\/www.1tool.com\/es\/modulos\/modulos-especiales\/gestion-de-candidatos\/funciones-del-modulo-de-gestion-de-candidatos\/gestion-del-trabajo\/","name":"Gesti\u00f3n del trabajo - 1Tool","isPartOf":{"@id":"https:\/\/www.1tool.com\/es\/#website"},"datePublished":"2022-03-31T02:30:27+00:00","dateModified":"2026-05-04T12:26:01+00:00","breadcrumb":{"@id":"https:\/\/www.1tool.com\/es\/modulos\/modulos-especiales\/gestion-de-candidatos\/funciones-del-modulo-de-gestion-de-candidatos\/gestion-del-trabajo\/#breadcrumb"},"inLanguage":"es","potentialAction":[{"@type":"ReadAction","target":["https:\/\/www.1tool.com\/es\/modulos\/modulos-especiales\/gestion-de-candidatos\/funciones-del-modulo-de-gestion-de-candidatos\/gestion-del-trabajo\/"]}]},{"@type":"BreadcrumbList","@id":"https:\/\/www.1tool.com\/es\/modulos\/modulos-especiales\/gestion-de-candidatos\/funciones-del-modulo-de-gestion-de-candidatos\/gestion-del-trabajo\/#breadcrumb","itemListElement":[{"@type":"ListItem","position":1,"name":"Home","item":"https:\/\/www.1tool.com\/es\/"},{"@type":"ListItem","position":2,"name":"M\u00f3dulos","item":"https:\/\/www.1tool.com\/es\/modulos\/"},{"@type":"ListItem","position":3,"name":"M\u00f3dulos especiales","item":"https:\/\/www.1tool.com\/es\/modulos\/modulos-especiales\/"},{"@type":"ListItem","position":4,"name":"Gesti\u00f3n de candidatos","item":"https:\/\/www.1tool.com\/es\/modulos\/modulos-especiales\/gestion-de-candidatos\/"},{"@type":"ListItem","position":5,"name":"Funciones del m\u00f3dulo de gesti\u00f3n de candidatos","item":"https:\/\/www.1tool.com\/es\/modulos\/modulos-especiales\/gestion-de-candidatos\/funciones-del-modulo-de-gestion-de-candidatos\/"},{"@type":"ListItem","position":6,"name":"Gesti\u00f3n del trabajo"}]},{"@type":"WebSite","@id":"https:\/\/www.1tool.com\/es\/#website","url":"https:\/\/www.1tool.com\/es\/","name":"1Tool","description":"CRM","publisher":{"@id":"https:\/\/www.1tool.com\/es\/#organization"},"potentialAction":[{"@type":"SearchAction","target":{"@type":"EntryPoint","urlTemplate":"https:\/\/www.1tool.com\/es\/?s={search_term_string}"},"query-input":{"@type":"PropertyValueSpecification","valueRequired":true,"valueName":"search_term_string"}}],"inLanguage":"es"},{"@type":"Organization","@id":"https:\/\/www.1tool.com\/es\/#organization","name":"1Tool","url":"https:\/\/www.1tool.com\/es\/","logo":{"@type":"ImageObject","inLanguage":"es","@id":"https:\/\/www.1tool.com\/es\/#\/schema\/logo\/image\/","url":"https:\/\/www.1tool.com\/wp-content\/uploads\/2022\/04\/1tool-1.png","contentUrl":"https:\/\/www.1tool.com\/wp-content\/uploads\/2022\/04\/1tool-1.png","width":400,"height":150,"caption":"1Tool"},"image":{"@id":"https:\/\/www.1tool.com\/es\/#\/schema\/logo\/image\/"}}]}},"_links":{"self":[{"href":"https:\/\/www.1tool.com\/es\/wp-json\/wp\/v2\/pages\/74488","targetHints":{"allow":["GET"]}}],"collection":[{"href":"https:\/\/www.1tool.com\/es\/wp-json\/wp\/v2\/pages"}],"about":[{"href":"https:\/\/www.1tool.com\/es\/wp-json\/wp\/v2\/types\/page"}],"author":[{"embeddable":true,"href":"https:\/\/www.1tool.com\/es\/wp-json\/wp\/v2\/users\/1"}],"replies":[{"embeddable":true,"href":"https:\/\/www.1tool.com\/es\/wp-json\/wp\/v2\/comments?post=74488"}],"version-history":[{"count":1,"href":"https:\/\/www.1tool.com\/es\/wp-json\/wp\/v2\/pages\/74488\/revisions"}],"predecessor-version":[{"id":74489,"href":"https:\/\/www.1tool.com\/es\/wp-json\/wp\/v2\/pages\/74488\/revisions\/74489"}],"up":[{"embeddable":true,"href":"https:\/\/www.1tool.com\/es\/wp-json\/wp\/v2\/pages\/74681"}],"wp:attachment":[{"href":"https:\/\/www.1tool.com\/es\/wp-json\/wp\/v2\/media?parent=74488"}],"curies":[{"name":"wp","href":"https:\/\/api.w.org\/{rel}","templated":true}]}}