{"id":74490,"date":"2022-03-31T04:28:31","date_gmt":"2022-03-31T02:28:31","guid":{"rendered":"https:\/\/www.1tool.com\/comunicacion-con-el-solicitante\/"},"modified":"2026-05-04T14:26:01","modified_gmt":"2026-05-04T12:26:01","slug":"comunicacion-con-el-solicitante","status":"publish","type":"page","link":"https:\/\/www.1tool.com\/es\/modulos\/modulos-especiales\/gestion-de-candidatos\/funciones-del-modulo-de-gestion-de-candidatos\/comunicacion-con-el-solicitante\/","title":{"rendered":"Comunicaci\u00f3n con el solicitante"},"content":{"rendered":"\t\t<div data-elementor-type=\"wp-page\" data-elementor-id=\"74490\" class=\"elementor elementor-74490 elementor-49736\" data-elementor-post-type=\"page\">\n\t\t\t\t\t\t<section class=\"elementor-section elementor-top-section elementor-element elementor-element-c533c9a elementor-section-boxed elementor-section-height-default elementor-section-height-default shadepro-adv-gradient-no shadepro-sticky-no\" data-id=\"c533c9a\" data-element_type=\"section\" data-e-type=\"section\" data-settings=\"{&quot;shadepro_sticky&quot;:&quot;no&quot;}\">\n\t\t\t\t\t\t<div class=\"elementor-container elementor-column-gap-default\">\n\t\t\t\t\t<div class=\"elementor-column elementor-col-100 elementor-top-column elementor-element elementor-element-145479e\" data-id=\"145479e\" data-element_type=\"column\" data-e-type=\"column\">\n\t\t\t<div class=\"elementor-widget-wrap elementor-element-populated\">\n\t\t\t\t\t\t<div class=\"elementor-element elementor-element-f61d504 shadepro-sticky-no elementor-widget elementor-widget-heading\" data-id=\"f61d504\" data-element_type=\"widget\" data-e-type=\"widget\" data-settings=\"{&quot;shadepro_sticky&quot;:&quot;no&quot;}\" data-widget_type=\"heading.default\">\n\t\t\t\t<div class=\"elementor-widget-container\">\n\t\t\t\t\t<h1 class=\"elementor-heading-title elementor-size-default\">Comunicaci\u00f3n con el solicitante<\/h1>\t\t\t\t<\/div>\n\t\t\t\t<\/div>\n\t\t\t\t<div class=\"elementor-element elementor-element-e56c7e0 shadepro-sticky-no elementor-widget elementor-widget-text-editor\" data-id=\"e56c7e0\" data-element_type=\"widget\" data-e-type=\"widget\" data-settings=\"{&quot;shadepro_sticky&quot;:&quot;no&quot;}\" data-widget_type=\"text-editor.default\">\n\t\t\t\t<div class=\"elementor-widget-container\">\n\t\t\t\t\t\t\t\t\t<p>Con el software 1Tool e-Recruiting, puedes llegar a los candidatos potenciales en todos los canales relevantes y beneficiarte de informaci\u00f3n permanentemente actualizada sobre los solicitantes.<\/p>\t\t\t\t\t\t\t\t<\/div>\n\t\t\t\t<\/div>\n\t\t\t\t<section class=\"elementor-section elementor-inner-section elementor-element elementor-element-3aa7365 elementor-section-boxed elementor-section-height-default elementor-section-height-default shadepro-adv-gradient-no shadepro-sticky-no\" data-id=\"3aa7365\" data-element_type=\"section\" data-e-type=\"section\" data-settings=\"{&quot;shadepro_sticky&quot;:&quot;no&quot;}\">\n\t\t\t\t\t\t<div class=\"elementor-container elementor-column-gap-default\">\n\t\t\t\t\t<div class=\"elementor-column elementor-col-100 elementor-inner-column elementor-element elementor-element-2fc3dbe\" data-id=\"2fc3dbe\" data-element_type=\"column\" data-e-type=\"column\">\n\t\t\t<div class=\"elementor-widget-wrap elementor-element-populated\">\n\t\t\t\t\t\t<div class=\"elementor-element elementor-element-8ba4b33 shadepro-sticky-no elementor-widget elementor-widget-text-editor\" data-id=\"8ba4b33\" data-element_type=\"widget\" data-e-type=\"widget\" data-settings=\"{&quot;shadepro_sticky&quot;:&quot;no&quot;}\" data-widget_type=\"text-editor.default\">\n\t\t\t\t<div class=\"elementor-widget-container\">\n\t\t\t\t\t\t\t\t\t<h3>Comunicaci\u00f3n automatizada con los solicitantes<\/h3><p>Una vez tomada una decisi\u00f3n, hay que informar a los candidatos lo antes posible. Y para que puedas comunicar tu decisi\u00f3n directamente, 1Tool te permite generar varias plantillas de correo electr\u00f3nico. Con un solo clic, puedes enviar mensajes autom\u00e1ticos a tus candidatos, inform\u00e1ndoles de un rechazo, una confirmaci\u00f3n o una invitaci\u00f3n a la siguiente ronda.  <\/p><p>Los marcadores de posici\u00f3n especiales a\u00f1aden un toque personal a tus correos electr\u00f3nicos. Los datos almacenados en el software de RRHH se utilizan para generar direcciones directas por nombre. <\/p><h3>Bolet\u00edn electr\u00f3nico<\/h3><p>Informa regularmente a los candidatos sobre las nuevas vacantes que mejor se ajusten a su perfil. Esto no s\u00f3lo te facilita encontrar candidatos adecuados, sino que tambi\u00e9n te permite mantenerte en contacto con candidatos prometedores y posicionarte como un importante socio de contrataci\u00f3n. <\/p><p>\u00a1Utiliza las listas de distribuci\u00f3n inteligentes de 1Tool! Puedes clasificar a tus candidatos seg\u00fan sus cualificaciones e intereses y enviar ofertas de trabajo adecuadas con s\u00f3lo pulsar un bot\u00f3n. <\/p><h3>Recordatorio por SMS<\/h3><p>Con 1Tool, se recuerda a los candidatos la entrevista antes de que tenga lugar. Para ello, s\u00f3lo tienes que enviar un bolet\u00edn SMS. Los mensajes de texto no s\u00f3lo suelen leerse en cuanto se reciben, sino que tus candidatos ya reconocer\u00e1n la profesionalidad de tu empresa. Adem\u00e1s, las citas y las tareas pueden organizarse de forma mucho m\u00e1s eficaz, porque: \u00a1Los candidatos al menos cancelar\u00e1n si reciben un mensaje de texto recordatorio antes de la entrevista!   <\/p>\t\t\t\t\t\t\t\t<\/div>\n\t\t\t\t<\/div>\n\t\t\t\t\t<\/div>\n\t\t<\/div>\n\t\t\t\t\t<\/div>\n\t\t<\/section>\n\t\t\t\t\t<\/div>\n\t\t<\/div>\n\t\t\t\t\t<\/div>\n\t\t<\/section>\n\t\t\t\t<\/div>\n\t\t","protected":false},"excerpt":{"rendered":"<p>Comunicaci\u00f3n con el solicitante Con el software 1Tool e-Recruiting, puedes llegar a los candidatos potenciales en todos los canales relevantes y beneficiarte de informaci\u00f3n permanentemente actualizada sobre los solicitantes. Comunicaci\u00f3n automatizada con los solicitantes Una vez tomada una decisi\u00f3n, hay que informar a los candidatos lo antes posible. Y para que puedas comunicar tu decisi\u00f3n [&hellip;]<\/p>\n","protected":false},"author":1,"featured_media":0,"parent":74681,"menu_order":0,"comment_status":"closed","ping_status":"closed","template":"","meta":{"inline_featured_image":false,"footnotes":""},"class_list":["post-74490","page","type-page","status-publish","hentry"],"acf":[],"yoast_head":"<!-- This site is optimized with the Yoast SEO plugin v27.5 - https:\/\/yoast.com\/product\/yoast-seo-wordpress\/ -->\n<title>Comunicaci\u00f3n con el solicitante - 1Tool<\/title>\n<meta name=\"robots\" content=\"index, follow, max-snippet:-1, max-image-preview:large, max-video-preview:-1\" \/>\n<link rel=\"canonical\" href=\"https:\/\/www.1tool.com\/es\/modulos\/modulos-especiales\/gestion-de-candidatos\/funciones-del-modulo-de-gestion-de-candidatos\/comunicacion-con-el-solicitante\/\" \/>\n<meta property=\"og:locale\" content=\"es_ES\" \/>\n<meta property=\"og:type\" content=\"article\" \/>\n<meta property=\"og:title\" content=\"Comunicaci\u00f3n con el solicitante - 1Tool\" \/>\n<meta property=\"og:description\" content=\"Comunicaci\u00f3n con el solicitante Con el software 1Tool e-Recruiting, puedes llegar a los candidatos potenciales en todos los canales relevantes y beneficiarte de informaci\u00f3n permanentemente actualizada sobre los solicitantes. Comunicaci\u00f3n automatizada con los solicitantes Una vez tomada una decisi\u00f3n, hay que informar a los candidatos lo antes posible. Y para que puedas comunicar tu decisi\u00f3n [&hellip;]\" \/>\n<meta property=\"og:url\" content=\"https:\/\/www.1tool.com\/es\/modulos\/modulos-especiales\/gestion-de-candidatos\/funciones-del-modulo-de-gestion-de-candidatos\/comunicacion-con-el-solicitante\/\" \/>\n<meta property=\"og:site_name\" content=\"1Tool\" \/>\n<meta property=\"article:modified_time\" content=\"2026-05-04T12:26:01+00:00\" \/>\n<meta name=\"twitter:card\" content=\"summary_large_image\" \/>\n<meta name=\"twitter:label1\" content=\"Tiempo de lectura\" \/>\n\t<meta name=\"twitter:data1\" content=\"1 minuto\" \/>\n<script type=\"application\/ld+json\" class=\"yoast-schema-graph\">{\"@context\":\"https:\\\/\\\/schema.org\",\"@graph\":[{\"@type\":\"WebPage\",\"@id\":\"https:\\\/\\\/www.1tool.com\\\/es\\\/modulos\\\/modulos-especiales\\\/gestion-de-candidatos\\\/funciones-del-modulo-de-gestion-de-candidatos\\\/comunicacion-con-el-solicitante\\\/\",\"url\":\"https:\\\/\\\/www.1tool.com\\\/es\\\/modulos\\\/modulos-especiales\\\/gestion-de-candidatos\\\/funciones-del-modulo-de-gestion-de-candidatos\\\/comunicacion-con-el-solicitante\\\/\",\"name\":\"Comunicaci\u00f3n con el solicitante - 1Tool\",\"isPartOf\":{\"@id\":\"https:\\\/\\\/www.1tool.com\\\/es\\\/#website\"},\"datePublished\":\"2022-03-31T02:28:31+00:00\",\"dateModified\":\"2026-05-04T12:26:01+00:00\",\"breadcrumb\":{\"@id\":\"https:\\\/\\\/www.1tool.com\\\/es\\\/modulos\\\/modulos-especiales\\\/gestion-de-candidatos\\\/funciones-del-modulo-de-gestion-de-candidatos\\\/comunicacion-con-el-solicitante\\\/#breadcrumb\"},\"inLanguage\":\"es\",\"potentialAction\":[{\"@type\":\"ReadAction\",\"target\":[\"https:\\\/\\\/www.1tool.com\\\/es\\\/modulos\\\/modulos-especiales\\\/gestion-de-candidatos\\\/funciones-del-modulo-de-gestion-de-candidatos\\\/comunicacion-con-el-solicitante\\\/\"]}]},{\"@type\":\"BreadcrumbList\",\"@id\":\"https:\\\/\\\/www.1tool.com\\\/es\\\/modulos\\\/modulos-especiales\\\/gestion-de-candidatos\\\/funciones-del-modulo-de-gestion-de-candidatos\\\/comunicacion-con-el-solicitante\\\/#breadcrumb\",\"itemListElement\":[{\"@type\":\"ListItem\",\"position\":1,\"name\":\"Home\",\"item\":\"https:\\\/\\\/www.1tool.com\\\/es\\\/\"},{\"@type\":\"ListItem\",\"position\":2,\"name\":\"M\u00f3dulos\",\"item\":\"https:\\\/\\\/www.1tool.com\\\/es\\\/modulos\\\/\"},{\"@type\":\"ListItem\",\"position\":3,\"name\":\"M\u00f3dulos especiales\",\"item\":\"https:\\\/\\\/www.1tool.com\\\/es\\\/modulos\\\/modulos-especiales\\\/\"},{\"@type\":\"ListItem\",\"position\":4,\"name\":\"Gesti\u00f3n de candidatos\",\"item\":\"https:\\\/\\\/www.1tool.com\\\/es\\\/modulos\\\/modulos-especiales\\\/gestion-de-candidatos\\\/\"},{\"@type\":\"ListItem\",\"position\":5,\"name\":\"Funciones del m\u00f3dulo de gesti\u00f3n de candidatos\",\"item\":\"https:\\\/\\\/www.1tool.com\\\/es\\\/modulos\\\/modulos-especiales\\\/gestion-de-candidatos\\\/funciones-del-modulo-de-gestion-de-candidatos\\\/\"},{\"@type\":\"ListItem\",\"position\":6,\"name\":\"Comunicaci\u00f3n con el solicitante\"}]},{\"@type\":\"WebSite\",\"@id\":\"https:\\\/\\\/www.1tool.com\\\/es\\\/#website\",\"url\":\"https:\\\/\\\/www.1tool.com\\\/es\\\/\",\"name\":\"1Tool\",\"description\":\"CRM\",\"publisher\":{\"@id\":\"https:\\\/\\\/www.1tool.com\\\/es\\\/#organization\"},\"potentialAction\":[{\"@type\":\"SearchAction\",\"target\":{\"@type\":\"EntryPoint\",\"urlTemplate\":\"https:\\\/\\\/www.1tool.com\\\/es\\\/?s={search_term_string}\"},\"query-input\":{\"@type\":\"PropertyValueSpecification\",\"valueRequired\":true,\"valueName\":\"search_term_string\"}}],\"inLanguage\":\"es\"},{\"@type\":\"Organization\",\"@id\":\"https:\\\/\\\/www.1tool.com\\\/es\\\/#organization\",\"name\":\"1Tool\",\"url\":\"https:\\\/\\\/www.1tool.com\\\/es\\\/\",\"logo\":{\"@type\":\"ImageObject\",\"inLanguage\":\"es\",\"@id\":\"https:\\\/\\\/www.1tool.com\\\/es\\\/#\\\/schema\\\/logo\\\/image\\\/\",\"url\":\"https:\\\/\\\/www.1tool.com\\\/wp-content\\\/uploads\\\/2022\\\/04\\\/1tool-1.png\",\"contentUrl\":\"https:\\\/\\\/www.1tool.com\\\/wp-content\\\/uploads\\\/2022\\\/04\\\/1tool-1.png\",\"width\":400,\"height\":150,\"caption\":\"1Tool\"},\"image\":{\"@id\":\"https:\\\/\\\/www.1tool.com\\\/es\\\/#\\\/schema\\\/logo\\\/image\\\/\"}}]}<\/script>\n<!-- \/ Yoast SEO plugin. -->","yoast_head_json":{"title":"Comunicaci\u00f3n con el solicitante - 1Tool","robots":{"index":"index","follow":"follow","max-snippet":"max-snippet:-1","max-image-preview":"max-image-preview:large","max-video-preview":"max-video-preview:-1"},"canonical":"https:\/\/www.1tool.com\/es\/modulos\/modulos-especiales\/gestion-de-candidatos\/funciones-del-modulo-de-gestion-de-candidatos\/comunicacion-con-el-solicitante\/","og_locale":"es_ES","og_type":"article","og_title":"Comunicaci\u00f3n con el solicitante - 1Tool","og_description":"Comunicaci\u00f3n con el solicitante Con el software 1Tool e-Recruiting, puedes llegar a los candidatos potenciales en todos los canales relevantes y beneficiarte de informaci\u00f3n permanentemente actualizada sobre los solicitantes. Comunicaci\u00f3n automatizada con los solicitantes Una vez tomada una decisi\u00f3n, hay que informar a los candidatos lo antes posible. Y para que puedas comunicar tu decisi\u00f3n [&hellip;]","og_url":"https:\/\/www.1tool.com\/es\/modulos\/modulos-especiales\/gestion-de-candidatos\/funciones-del-modulo-de-gestion-de-candidatos\/comunicacion-con-el-solicitante\/","og_site_name":"1Tool","article_modified_time":"2026-05-04T12:26:01+00:00","twitter_card":"summary_large_image","twitter_misc":{"Tiempo de lectura":"1 minuto"},"schema":{"@context":"https:\/\/schema.org","@graph":[{"@type":"WebPage","@id":"https:\/\/www.1tool.com\/es\/modulos\/modulos-especiales\/gestion-de-candidatos\/funciones-del-modulo-de-gestion-de-candidatos\/comunicacion-con-el-solicitante\/","url":"https:\/\/www.1tool.com\/es\/modulos\/modulos-especiales\/gestion-de-candidatos\/funciones-del-modulo-de-gestion-de-candidatos\/comunicacion-con-el-solicitante\/","name":"Comunicaci\u00f3n con el solicitante - 1Tool","isPartOf":{"@id":"https:\/\/www.1tool.com\/es\/#website"},"datePublished":"2022-03-31T02:28:31+00:00","dateModified":"2026-05-04T12:26:01+00:00","breadcrumb":{"@id":"https:\/\/www.1tool.com\/es\/modulos\/modulos-especiales\/gestion-de-candidatos\/funciones-del-modulo-de-gestion-de-candidatos\/comunicacion-con-el-solicitante\/#breadcrumb"},"inLanguage":"es","potentialAction":[{"@type":"ReadAction","target":["https:\/\/www.1tool.com\/es\/modulos\/modulos-especiales\/gestion-de-candidatos\/funciones-del-modulo-de-gestion-de-candidatos\/comunicacion-con-el-solicitante\/"]}]},{"@type":"BreadcrumbList","@id":"https:\/\/www.1tool.com\/es\/modulos\/modulos-especiales\/gestion-de-candidatos\/funciones-del-modulo-de-gestion-de-candidatos\/comunicacion-con-el-solicitante\/#breadcrumb","itemListElement":[{"@type":"ListItem","position":1,"name":"Home","item":"https:\/\/www.1tool.com\/es\/"},{"@type":"ListItem","position":2,"name":"M\u00f3dulos","item":"https:\/\/www.1tool.com\/es\/modulos\/"},{"@type":"ListItem","position":3,"name":"M\u00f3dulos especiales","item":"https:\/\/www.1tool.com\/es\/modulos\/modulos-especiales\/"},{"@type":"ListItem","position":4,"name":"Gesti\u00f3n de candidatos","item":"https:\/\/www.1tool.com\/es\/modulos\/modulos-especiales\/gestion-de-candidatos\/"},{"@type":"ListItem","position":5,"name":"Funciones del m\u00f3dulo de gesti\u00f3n de candidatos","item":"https:\/\/www.1tool.com\/es\/modulos\/modulos-especiales\/gestion-de-candidatos\/funciones-del-modulo-de-gestion-de-candidatos\/"},{"@type":"ListItem","position":6,"name":"Comunicaci\u00f3n con el solicitante"}]},{"@type":"WebSite","@id":"https:\/\/www.1tool.com\/es\/#website","url":"https:\/\/www.1tool.com\/es\/","name":"1Tool","description":"CRM","publisher":{"@id":"https:\/\/www.1tool.com\/es\/#organization"},"potentialAction":[{"@type":"SearchAction","target":{"@type":"EntryPoint","urlTemplate":"https:\/\/www.1tool.com\/es\/?s={search_term_string}"},"query-input":{"@type":"PropertyValueSpecification","valueRequired":true,"valueName":"search_term_string"}}],"inLanguage":"es"},{"@type":"Organization","@id":"https:\/\/www.1tool.com\/es\/#organization","name":"1Tool","url":"https:\/\/www.1tool.com\/es\/","logo":{"@type":"ImageObject","inLanguage":"es","@id":"https:\/\/www.1tool.com\/es\/#\/schema\/logo\/image\/","url":"https:\/\/www.1tool.com\/wp-content\/uploads\/2022\/04\/1tool-1.png","contentUrl":"https:\/\/www.1tool.com\/wp-content\/uploads\/2022\/04\/1tool-1.png","width":400,"height":150,"caption":"1Tool"},"image":{"@id":"https:\/\/www.1tool.com\/es\/#\/schema\/logo\/image\/"}}]}},"_links":{"self":[{"href":"https:\/\/www.1tool.com\/es\/wp-json\/wp\/v2\/pages\/74490","targetHints":{"allow":["GET"]}}],"collection":[{"href":"https:\/\/www.1tool.com\/es\/wp-json\/wp\/v2\/pages"}],"about":[{"href":"https:\/\/www.1tool.com\/es\/wp-json\/wp\/v2\/types\/page"}],"author":[{"embeddable":true,"href":"https:\/\/www.1tool.com\/es\/wp-json\/wp\/v2\/users\/1"}],"replies":[{"embeddable":true,"href":"https:\/\/www.1tool.com\/es\/wp-json\/wp\/v2\/comments?post=74490"}],"version-history":[{"count":1,"href":"https:\/\/www.1tool.com\/es\/wp-json\/wp\/v2\/pages\/74490\/revisions"}],"predecessor-version":[{"id":74492,"href":"https:\/\/www.1tool.com\/es\/wp-json\/wp\/v2\/pages\/74490\/revisions\/74492"}],"up":[{"embeddable":true,"href":"https:\/\/www.1tool.com\/es\/wp-json\/wp\/v2\/pages\/74681"}],"wp:attachment":[{"href":"https:\/\/www.1tool.com\/es\/wp-json\/wp\/v2\/media?parent=74490"}],"curies":[{"name":"wp","href":"https:\/\/api.w.org\/{rel}","templated":true}]}}