{"id":74494,"date":"2022-03-31T04:24:55","date_gmt":"2022-03-31T02:24:55","guid":{"rendered":"https:\/\/www.1tool.com\/base-de-datos-de-candidatos\/"},"modified":"2026-05-04T14:26:00","modified_gmt":"2026-05-04T12:26:00","slug":"base-de-datos-de-candidatos","status":"publish","type":"page","link":"https:\/\/www.1tool.com\/es\/modulos\/modulos-especiales\/gestion-de-candidatos\/funciones-del-modulo-de-gestion-de-candidatos\/base-de-datos-de-candidatos\/","title":{"rendered":"Base de datos de candidatos"},"content":{"rendered":"\t\t<div data-elementor-type=\"wp-page\" data-elementor-id=\"74494\" class=\"elementor elementor-74494 elementor-49713\" data-elementor-post-type=\"page\">\n\t\t\t\t\t\t<section class=\"elementor-section elementor-top-section elementor-element elementor-element-2c35de1 elementor-section-boxed elementor-section-height-default elementor-section-height-default shadepro-adv-gradient-no shadepro-sticky-no\" data-id=\"2c35de1\" data-element_type=\"section\" data-e-type=\"section\" data-settings=\"{&quot;shadepro_sticky&quot;:&quot;no&quot;}\">\n\t\t\t\t\t\t<div class=\"elementor-container elementor-column-gap-default\">\n\t\t\t\t\t<div class=\"elementor-column elementor-col-100 elementor-top-column elementor-element elementor-element-7522a76\" data-id=\"7522a76\" data-element_type=\"column\" data-e-type=\"column\">\n\t\t\t<div class=\"elementor-widget-wrap elementor-element-populated\">\n\t\t\t\t\t\t<div class=\"elementor-element elementor-element-9947458 shadepro-sticky-no elementor-widget elementor-widget-heading\" data-id=\"9947458\" data-element_type=\"widget\" data-e-type=\"widget\" data-settings=\"{&quot;shadepro_sticky&quot;:&quot;no&quot;}\" data-widget_type=\"heading.default\">\n\t\t\t\t<div class=\"elementor-widget-container\">\n\t\t\t\t\t<h1 class=\"elementor-heading-title elementor-size-default\">Base de datos de candidatos<\/h1>\t\t\t\t<\/div>\n\t\t\t\t<\/div>\n\t\t\t\t<div class=\"elementor-element elementor-element-67dd3f1 shadepro-sticky-no elementor-widget elementor-widget-text-editor\" data-id=\"67dd3f1\" data-element_type=\"widget\" data-e-type=\"widget\" data-settings=\"{&quot;shadepro_sticky&quot;:&quot;no&quot;}\" data-widget_type=\"text-editor.default\">\n\t\t\t\t<div class=\"elementor-widget-container\">\n\t\t\t\t\t\t\t\t\t<p>Con la base de datos de candidatos, puedes llamar a todos los candidatos para un trabajo concreto con un solo clic y conocer el estado de los candidatos de un vistazo.<\/p>\t\t\t\t\t\t\t\t<\/div>\n\t\t\t\t<\/div>\n\t\t\t\t<section class=\"elementor-section elementor-inner-section elementor-element elementor-element-4cc3e96 elementor-section-boxed elementor-section-height-default elementor-section-height-default shadepro-adv-gradient-no shadepro-sticky-no\" data-id=\"4cc3e96\" data-element_type=\"section\" data-e-type=\"section\" data-settings=\"{&quot;shadepro_sticky&quot;:&quot;no&quot;}\">\n\t\t\t\t\t\t<div class=\"elementor-container elementor-column-gap-default\">\n\t\t\t\t\t<div class=\"elementor-column elementor-col-100 elementor-inner-column elementor-element elementor-element-1a42826\" data-id=\"1a42826\" data-element_type=\"column\" data-e-type=\"column\">\n\t\t\t<div class=\"elementor-widget-wrap elementor-element-populated\">\n\t\t\t\t\t\t<div class=\"elementor-element elementor-element-c2926d2 shadepro-sticky-no elementor-widget elementor-widget-text-editor\" data-id=\"c2926d2\" data-element_type=\"widget\" data-e-type=\"widget\" data-settings=\"{&quot;shadepro_sticky&quot;:&quot;no&quot;}\" data-widget_type=\"text-editor.default\">\n\t\t\t\t<div class=\"elementor-widget-container\">\n\t\t\t\t\t\t\t\t\t<h3>Listado claro de tus candidatos<\/h3><p>Con la base de datos de candidatos, decides directamente si un candidato debe ser invitado a una entrevista o cancelada. Con s\u00f3lo pulsar un bot\u00f3n, puedes informar a tus candidatos de tu decisi\u00f3n y enviarles un correo electr\u00f3nico personalizado basado en plantillas definidas. <\/p><p> <\/p><h3>Expediente del solicitante<\/h3><p>El fichero de candidatos contiene toda la informaci\u00f3n sobre tu candidato. Adem\u00e1s de los datos personales, puedes ver directamente a qu\u00e9 puestos se ha presentado el candidato o si hay tareas internas para este candidato. Adem\u00e1s, gracias a la funci\u00f3n de comentarios, siempre estar\u00e1s al d\u00eda sobre el candidato.  <\/p><p> <\/p><h3>Perfil personal del solicitante<\/h3><p>Cursos de formaci\u00f3n adicionales, nuevos conocimientos de idiomas u otras cualificaciones adquiridas: los datos actuales desempe\u00f1an un papel especialmente importante a la hora de encontrar a los candidatos adecuados para un puesto.<\/p><p>Un perfil personal que puedan mantener los propios candidatos facilita mucho la recogida de datos. Dentro de nuestro software de contrataci\u00f3n electr\u00f3nica, se generan datos de acceso individuales para el perfil de cada candidato. <\/p><p>A continuaci\u00f3n, puedes utilizar campa\u00f1as de boletines predefinidos para recordar peri\u00f3dicamente a tus candidatos que actualicen su perfil. T\u00fa decides qu\u00e9 campos pueden a\u00f1adir o actualizar tus candidatos. El dise\u00f1o y la presentaci\u00f3n tambi\u00e9n son de libre elecci\u00f3n, por lo que puedes personalizarlos para adaptarlos a tu empresa.  <\/p><p> <\/p><h3>An\u00e1lisis preciso de los datos de la CV<\/h3><p>Tanto si eres un reclutador como una empresa que busca nuevos empleados, comprobar los CV no s\u00f3lo lleva mucho tiempo, sino que tambi\u00e9n requiere una estructuraci\u00f3n precisa de los datos de los solicitantes para que los candidatos sean comparables de un vistazo. Con la ayuda de una interfaz integrada entre nuestro software de candidatos y CVlizer, nos aseguramos de que los CV se procesen autom\u00e1ticamente. <\/p><p>El analizador de CV lee con precisi\u00f3n la informaci\u00f3n de los CV y proporciona todos los datos con los atributos correspondientes (por ejemplo, nombre, direcci\u00f3n, conocimientos de idiomas, experiencia profesional previa), que se transfieren autom\u00e1ticamente a la base de datos de candidatos del software. En s\u00f3lo unos minutos, puedes crear perfiles completos de candidatos para una gesti\u00f3n eficaz de los candidatos. <\/p>\t\t\t\t\t\t\t\t<\/div>\n\t\t\t\t<\/div>\n\t\t\t\t\t<\/div>\n\t\t<\/div>\n\t\t\t\t\t<\/div>\n\t\t<\/section>\n\t\t\t\t\t<\/div>\n\t\t<\/div>\n\t\t\t\t\t<\/div>\n\t\t<\/section>\n\t\t\t\t<\/div>\n\t\t","protected":false},"excerpt":{"rendered":"<p>Base de datos de candidatos Con la base de datos de candidatos, puedes llamar a todos los candidatos para un trabajo concreto con un solo clic y conocer el estado de los candidatos de un vistazo. Listado claro de tus candidatos Con la base de datos de candidatos, decides directamente si un candidato debe ser [&hellip;]<\/p>\n","protected":false},"author":1,"featured_media":0,"parent":74681,"menu_order":0,"comment_status":"closed","ping_status":"closed","template":"","meta":{"inline_featured_image":false,"footnotes":""},"class_list":["post-74494","page","type-page","status-publish","hentry"],"acf":[],"yoast_head":"<!-- This site is optimized with the Yoast SEO plugin v27.5 - https:\/\/yoast.com\/product\/yoast-seo-wordpress\/ -->\n<title>Base de datos de candidatos - 1Tool<\/title>\n<meta name=\"robots\" content=\"index, follow, max-snippet:-1, max-image-preview:large, max-video-preview:-1\" \/>\n<link rel=\"canonical\" href=\"https:\/\/www.1tool.com\/es\/modulos\/modulos-especiales\/gestion-de-candidatos\/funciones-del-modulo-de-gestion-de-candidatos\/base-de-datos-de-candidatos\/\" \/>\n<meta property=\"og:locale\" content=\"es_ES\" \/>\n<meta property=\"og:type\" content=\"article\" \/>\n<meta property=\"og:title\" content=\"Base de datos de candidatos - 1Tool\" \/>\n<meta property=\"og:description\" content=\"Base de datos de candidatos Con la base de datos de candidatos, puedes llamar a todos los candidatos para un trabajo concreto con un solo clic y conocer el estado de los candidatos de un vistazo. Listado claro de tus candidatos Con la base de datos de candidatos, decides directamente si un candidato debe ser [&hellip;]\" \/>\n<meta property=\"og:url\" content=\"https:\/\/www.1tool.com\/es\/modulos\/modulos-especiales\/gestion-de-candidatos\/funciones-del-modulo-de-gestion-de-candidatos\/base-de-datos-de-candidatos\/\" \/>\n<meta property=\"og:site_name\" content=\"1Tool\" \/>\n<meta property=\"article:modified_time\" content=\"2026-05-04T12:26:00+00:00\" \/>\n<meta name=\"twitter:card\" content=\"summary_large_image\" \/>\n<meta name=\"twitter:label1\" content=\"Tiempo de lectura\" \/>\n\t<meta name=\"twitter:data1\" content=\"2 minutos\" \/>\n<script type=\"application\/ld+json\" class=\"yoast-schema-graph\">{\"@context\":\"https:\\\/\\\/schema.org\",\"@graph\":[{\"@type\":\"WebPage\",\"@id\":\"https:\\\/\\\/www.1tool.com\\\/es\\\/modulos\\\/modulos-especiales\\\/gestion-de-candidatos\\\/funciones-del-modulo-de-gestion-de-candidatos\\\/base-de-datos-de-candidatos\\\/\",\"url\":\"https:\\\/\\\/www.1tool.com\\\/es\\\/modulos\\\/modulos-especiales\\\/gestion-de-candidatos\\\/funciones-del-modulo-de-gestion-de-candidatos\\\/base-de-datos-de-candidatos\\\/\",\"name\":\"Base de datos de candidatos - 1Tool\",\"isPartOf\":{\"@id\":\"https:\\\/\\\/www.1tool.com\\\/es\\\/#website\"},\"datePublished\":\"2022-03-31T02:24:55+00:00\",\"dateModified\":\"2026-05-04T12:26:00+00:00\",\"breadcrumb\":{\"@id\":\"https:\\\/\\\/www.1tool.com\\\/es\\\/modulos\\\/modulos-especiales\\\/gestion-de-candidatos\\\/funciones-del-modulo-de-gestion-de-candidatos\\\/base-de-datos-de-candidatos\\\/#breadcrumb\"},\"inLanguage\":\"es\",\"potentialAction\":[{\"@type\":\"ReadAction\",\"target\":[\"https:\\\/\\\/www.1tool.com\\\/es\\\/modulos\\\/modulos-especiales\\\/gestion-de-candidatos\\\/funciones-del-modulo-de-gestion-de-candidatos\\\/base-de-datos-de-candidatos\\\/\"]}]},{\"@type\":\"BreadcrumbList\",\"@id\":\"https:\\\/\\\/www.1tool.com\\\/es\\\/modulos\\\/modulos-especiales\\\/gestion-de-candidatos\\\/funciones-del-modulo-de-gestion-de-candidatos\\\/base-de-datos-de-candidatos\\\/#breadcrumb\",\"itemListElement\":[{\"@type\":\"ListItem\",\"position\":1,\"name\":\"Home\",\"item\":\"https:\\\/\\\/www.1tool.com\\\/es\\\/\"},{\"@type\":\"ListItem\",\"position\":2,\"name\":\"M\u00f3dulos\",\"item\":\"https:\\\/\\\/www.1tool.com\\\/es\\\/modulos\\\/\"},{\"@type\":\"ListItem\",\"position\":3,\"name\":\"M\u00f3dulos especiales\",\"item\":\"https:\\\/\\\/www.1tool.com\\\/es\\\/modulos\\\/modulos-especiales\\\/\"},{\"@type\":\"ListItem\",\"position\":4,\"name\":\"Gesti\u00f3n de candidatos\",\"item\":\"https:\\\/\\\/www.1tool.com\\\/es\\\/modulos\\\/modulos-especiales\\\/gestion-de-candidatos\\\/\"},{\"@type\":\"ListItem\",\"position\":5,\"name\":\"Funciones del m\u00f3dulo de gesti\u00f3n de candidatos\",\"item\":\"https:\\\/\\\/www.1tool.com\\\/es\\\/modulos\\\/modulos-especiales\\\/gestion-de-candidatos\\\/funciones-del-modulo-de-gestion-de-candidatos\\\/\"},{\"@type\":\"ListItem\",\"position\":6,\"name\":\"Base de datos de candidatos\"}]},{\"@type\":\"WebSite\",\"@id\":\"https:\\\/\\\/www.1tool.com\\\/es\\\/#website\",\"url\":\"https:\\\/\\\/www.1tool.com\\\/es\\\/\",\"name\":\"1Tool\",\"description\":\"CRM\",\"publisher\":{\"@id\":\"https:\\\/\\\/www.1tool.com\\\/es\\\/#organization\"},\"potentialAction\":[{\"@type\":\"SearchAction\",\"target\":{\"@type\":\"EntryPoint\",\"urlTemplate\":\"https:\\\/\\\/www.1tool.com\\\/es\\\/?s={search_term_string}\"},\"query-input\":{\"@type\":\"PropertyValueSpecification\",\"valueRequired\":true,\"valueName\":\"search_term_string\"}}],\"inLanguage\":\"es\"},{\"@type\":\"Organization\",\"@id\":\"https:\\\/\\\/www.1tool.com\\\/es\\\/#organization\",\"name\":\"1Tool\",\"url\":\"https:\\\/\\\/www.1tool.com\\\/es\\\/\",\"logo\":{\"@type\":\"ImageObject\",\"inLanguage\":\"es\",\"@id\":\"https:\\\/\\\/www.1tool.com\\\/es\\\/#\\\/schema\\\/logo\\\/image\\\/\",\"url\":\"https:\\\/\\\/www.1tool.com\\\/wp-content\\\/uploads\\\/2022\\\/04\\\/1tool-1.png\",\"contentUrl\":\"https:\\\/\\\/www.1tool.com\\\/wp-content\\\/uploads\\\/2022\\\/04\\\/1tool-1.png\",\"width\":400,\"height\":150,\"caption\":\"1Tool\"},\"image\":{\"@id\":\"https:\\\/\\\/www.1tool.com\\\/es\\\/#\\\/schema\\\/logo\\\/image\\\/\"}}]}<\/script>\n<!-- \/ Yoast SEO plugin. -->","yoast_head_json":{"title":"Base de datos de candidatos - 1Tool","robots":{"index":"index","follow":"follow","max-snippet":"max-snippet:-1","max-image-preview":"max-image-preview:large","max-video-preview":"max-video-preview:-1"},"canonical":"https:\/\/www.1tool.com\/es\/modulos\/modulos-especiales\/gestion-de-candidatos\/funciones-del-modulo-de-gestion-de-candidatos\/base-de-datos-de-candidatos\/","og_locale":"es_ES","og_type":"article","og_title":"Base de datos de candidatos - 1Tool","og_description":"Base de datos de candidatos Con la base de datos de candidatos, puedes llamar a todos los candidatos para un trabajo concreto con un solo clic y conocer el estado de los candidatos de un vistazo. Listado claro de tus candidatos Con la base de datos de candidatos, decides directamente si un candidato debe ser [&hellip;]","og_url":"https:\/\/www.1tool.com\/es\/modulos\/modulos-especiales\/gestion-de-candidatos\/funciones-del-modulo-de-gestion-de-candidatos\/base-de-datos-de-candidatos\/","og_site_name":"1Tool","article_modified_time":"2026-05-04T12:26:00+00:00","twitter_card":"summary_large_image","twitter_misc":{"Tiempo de lectura":"2 minutos"},"schema":{"@context":"https:\/\/schema.org","@graph":[{"@type":"WebPage","@id":"https:\/\/www.1tool.com\/es\/modulos\/modulos-especiales\/gestion-de-candidatos\/funciones-del-modulo-de-gestion-de-candidatos\/base-de-datos-de-candidatos\/","url":"https:\/\/www.1tool.com\/es\/modulos\/modulos-especiales\/gestion-de-candidatos\/funciones-del-modulo-de-gestion-de-candidatos\/base-de-datos-de-candidatos\/","name":"Base de datos de candidatos - 1Tool","isPartOf":{"@id":"https:\/\/www.1tool.com\/es\/#website"},"datePublished":"2022-03-31T02:24:55+00:00","dateModified":"2026-05-04T12:26:00+00:00","breadcrumb":{"@id":"https:\/\/www.1tool.com\/es\/modulos\/modulos-especiales\/gestion-de-candidatos\/funciones-del-modulo-de-gestion-de-candidatos\/base-de-datos-de-candidatos\/#breadcrumb"},"inLanguage":"es","potentialAction":[{"@type":"ReadAction","target":["https:\/\/www.1tool.com\/es\/modulos\/modulos-especiales\/gestion-de-candidatos\/funciones-del-modulo-de-gestion-de-candidatos\/base-de-datos-de-candidatos\/"]}]},{"@type":"BreadcrumbList","@id":"https:\/\/www.1tool.com\/es\/modulos\/modulos-especiales\/gestion-de-candidatos\/funciones-del-modulo-de-gestion-de-candidatos\/base-de-datos-de-candidatos\/#breadcrumb","itemListElement":[{"@type":"ListItem","position":1,"name":"Home","item":"https:\/\/www.1tool.com\/es\/"},{"@type":"ListItem","position":2,"name":"M\u00f3dulos","item":"https:\/\/www.1tool.com\/es\/modulos\/"},{"@type":"ListItem","position":3,"name":"M\u00f3dulos especiales","item":"https:\/\/www.1tool.com\/es\/modulos\/modulos-especiales\/"},{"@type":"ListItem","position":4,"name":"Gesti\u00f3n de candidatos","item":"https:\/\/www.1tool.com\/es\/modulos\/modulos-especiales\/gestion-de-candidatos\/"},{"@type":"ListItem","position":5,"name":"Funciones del m\u00f3dulo de gesti\u00f3n de candidatos","item":"https:\/\/www.1tool.com\/es\/modulos\/modulos-especiales\/gestion-de-candidatos\/funciones-del-modulo-de-gestion-de-candidatos\/"},{"@type":"ListItem","position":6,"name":"Base de datos de candidatos"}]},{"@type":"WebSite","@id":"https:\/\/www.1tool.com\/es\/#website","url":"https:\/\/www.1tool.com\/es\/","name":"1Tool","description":"CRM","publisher":{"@id":"https:\/\/www.1tool.com\/es\/#organization"},"potentialAction":[{"@type":"SearchAction","target":{"@type":"EntryPoint","urlTemplate":"https:\/\/www.1tool.com\/es\/?s={search_term_string}"},"query-input":{"@type":"PropertyValueSpecification","valueRequired":true,"valueName":"search_term_string"}}],"inLanguage":"es"},{"@type":"Organization","@id":"https:\/\/www.1tool.com\/es\/#organization","name":"1Tool","url":"https:\/\/www.1tool.com\/es\/","logo":{"@type":"ImageObject","inLanguage":"es","@id":"https:\/\/www.1tool.com\/es\/#\/schema\/logo\/image\/","url":"https:\/\/www.1tool.com\/wp-content\/uploads\/2022\/04\/1tool-1.png","contentUrl":"https:\/\/www.1tool.com\/wp-content\/uploads\/2022\/04\/1tool-1.png","width":400,"height":150,"caption":"1Tool"},"image":{"@id":"https:\/\/www.1tool.com\/es\/#\/schema\/logo\/image\/"}}]}},"_links":{"self":[{"href":"https:\/\/www.1tool.com\/es\/wp-json\/wp\/v2\/pages\/74494","targetHints":{"allow":["GET"]}}],"collection":[{"href":"https:\/\/www.1tool.com\/es\/wp-json\/wp\/v2\/pages"}],"about":[{"href":"https:\/\/www.1tool.com\/es\/wp-json\/wp\/v2\/types\/page"}],"author":[{"embeddable":true,"href":"https:\/\/www.1tool.com\/es\/wp-json\/wp\/v2\/users\/1"}],"replies":[{"embeddable":true,"href":"https:\/\/www.1tool.com\/es\/wp-json\/wp\/v2\/comments?post=74494"}],"version-history":[{"count":1,"href":"https:\/\/www.1tool.com\/es\/wp-json\/wp\/v2\/pages\/74494\/revisions"}],"predecessor-version":[{"id":74495,"href":"https:\/\/www.1tool.com\/es\/wp-json\/wp\/v2\/pages\/74494\/revisions\/74495"}],"up":[{"embeddable":true,"href":"https:\/\/www.1tool.com\/es\/wp-json\/wp\/v2\/pages\/74681"}],"wp:attachment":[{"href":"https:\/\/www.1tool.com\/es\/wp-json\/wp\/v2\/media?parent=74494"}],"curies":[{"name":"wp","href":"https:\/\/api.w.org\/{rel}","templated":true}]}}