{"id":74510,"date":"2022-03-31T04:08:43","date_gmt":"2022-03-31T02:08:43","guid":{"rendered":"https:\/\/www.1tool.com\/gestion-de-proyectos\/"},"modified":"2026-05-04T14:25:55","modified_gmt":"2026-05-04T12:25:55","slug":"gestion-de-proyectos","status":"publish","type":"page","link":"https:\/\/www.1tool.com\/es\/modulos\/organizacion-y-servicio\/proyectos\/funciones-modulo-proyecto\/gestion-de-proyectos\/","title":{"rendered":"Gesti\u00f3n de proyectos"},"content":{"rendered":"\t\t<div data-elementor-type=\"wp-page\" data-elementor-id=\"74510\" class=\"elementor elementor-74510 elementor-49632\" data-elementor-post-type=\"page\">\n\t\t\t\t\t\t<section class=\"elementor-section elementor-top-section elementor-element elementor-element-effcf3f elementor-section-boxed elementor-section-height-default elementor-section-height-default shadepro-adv-gradient-no shadepro-sticky-no\" data-id=\"effcf3f\" data-element_type=\"section\" data-e-type=\"section\" data-settings=\"{&quot;shadepro_sticky&quot;:&quot;no&quot;}\">\n\t\t\t\t\t\t<div class=\"elementor-container elementor-column-gap-default\">\n\t\t\t\t\t<div class=\"elementor-column elementor-col-100 elementor-top-column elementor-element elementor-element-130732a\" data-id=\"130732a\" data-element_type=\"column\" data-e-type=\"column\">\n\t\t\t<div class=\"elementor-widget-wrap elementor-element-populated\">\n\t\t\t\t\t\t<div class=\"elementor-element elementor-element-a07af4b shadepro-sticky-no elementor-widget elementor-widget-heading\" data-id=\"a07af4b\" data-element_type=\"widget\" data-e-type=\"widget\" data-settings=\"{&quot;shadepro_sticky&quot;:&quot;no&quot;}\" data-widget_type=\"heading.default\">\n\t\t\t\t<div class=\"elementor-widget-container\">\n\t\t\t\t\t<h1 class=\"elementor-heading-title elementor-size-default\">Gesti\u00f3n de proyectos<\/h1>\t\t\t\t<\/div>\n\t\t\t\t<\/div>\n\t\t\t\t<div class=\"elementor-element elementor-element-bdd4c81 shadepro-sticky-no elementor-widget elementor-widget-text-editor\" data-id=\"bdd4c81\" data-element_type=\"widget\" data-e-type=\"widget\" data-settings=\"{&quot;shadepro_sticky&quot;:&quot;no&quot;}\" data-widget_type=\"text-editor.default\">\n\t\t\t\t<div class=\"elementor-widget-container\">\n\t\t\t\t\t\t\t\t\t<p>El software de gesti\u00f3n de proyectos 1Tool garantiza una gesti\u00f3n y coordinaci\u00f3n sin complicaciones de tus proyectos.<\/p>\t\t\t\t\t\t\t\t<\/div>\n\t\t\t\t<\/div>\n\t\t\t\t<section class=\"elementor-section elementor-inner-section elementor-element elementor-element-303f605 elementor-section-boxed elementor-section-height-default elementor-section-height-default shadepro-adv-gradient-no shadepro-sticky-no\" data-id=\"303f605\" data-element_type=\"section\" data-e-type=\"section\" data-settings=\"{&quot;shadepro_sticky&quot;:&quot;no&quot;}\">\n\t\t\t\t\t\t<div class=\"elementor-container elementor-column-gap-default\">\n\t\t\t\t\t<div class=\"elementor-column elementor-col-100 elementor-inner-column elementor-element elementor-element-e9f6e8c\" data-id=\"e9f6e8c\" data-element_type=\"column\" data-e-type=\"column\">\n\t\t\t<div class=\"elementor-widget-wrap elementor-element-populated\">\n\t\t\t\t\t\t<div class=\"elementor-element elementor-element-f9317e4 shadepro-sticky-no elementor-widget elementor-widget-text-editor\" data-id=\"f9317e4\" data-element_type=\"widget\" data-e-type=\"widget\" data-settings=\"{&quot;shadepro_sticky&quot;:&quot;no&quot;}\" data-widget_type=\"text-editor.default\">\n\t\t\t\t<div class=\"elementor-widget-container\">\n\t\t\t\t\t\t\t\t\t<h3>Un potente software de gesti\u00f3n de proyectos para tu empresa<\/h3><p>1Tool es un software profesional de gesti\u00f3n de proyectos con el que puedes planificar y coordinar tus proyectos con s\u00f3lo pulsar un bot\u00f3n. El alcance funcional de la herramienta de gesti\u00f3n de proyectos abarca desde una visi\u00f3n completa de todos los proyectos de la empresa, pasando por una programaci\u00f3n precisa de tareas, tiempos y recursos, hasta la evaluaci\u00f3n final y la facturaci\u00f3n de tus proyectos. Trabajar de forma m\u00e1s r\u00e1pida y eficaz es el lema de nuestro software de gesti\u00f3n de proyectos, para que puedas coordinar equipos y establecer prioridades correctamente con s\u00f3lo unos clics. Gracias al uso compartido de una base de datos central, puedes mejorar la comunicaci\u00f3n interna entre empleados y ahorrar mucho tiempo buscando detalles relevantes del proyecto.   <\/p><h4>Gesti\u00f3n de proyectos en l\u00ednea<\/h4><p>Nuestro software de gesti\u00f3n de proyectos 1Tool est\u00e1 basado en la web y, por tanto, puede ser utilizado por tus empleados independientemente de la hora y el lugar. Ya sea de viaje, en casa o en la oficina, la planificaci\u00f3n y tramitaci\u00f3n de tus proyectos se realiza en toda la empresa y aumenta significativamente la eficiencia de tu empresa. Gracias al almacenamiento preciso de tareas, correspondencia por correo electr\u00f3nico, notas y costes para cada proyecto individual, t\u00fa y tus empleados os benefici\u00e1is de una visi\u00f3n general completa del proyecto. Adem\u00e1s, la gesti\u00f3n de proyectos online garantiza que toda la informaci\u00f3n del proyecto est\u00e9 actualizada mediante la sincronizaci\u00f3n en tiempo real, de modo que tu equipo pueda iniciar otras medidas y pasos espec\u00edficos para completar con \u00e9xito el proyecto.   <\/p><h3>Control de proyectos &#8211; Evaluaci\u00f3n y control sencillos de tus proyectos<\/h3><p>Con el programa de gesti\u00f3n de proyectos 1Tool, controlar los proyectos se convierte en un juego de ni\u00f1os. Los tiempos y las finanzas reales del proyecto pueden compararse con tus planes con s\u00f3lo pulsar un bot\u00f3n. Las desviaciones se pueden identificar en una fase temprana y se pueden preparar contramedidas. Adem\u00e1s de las comparaciones plan\/real, el software de control de proyectos ofrece otros muchos informes est\u00e1ndar sobre facturaci\u00f3n, m\u00e1rgenes de contribuci\u00f3n, costes y tareas pendientes. 1Tool Project Controlling te ayuda a que los gastos y las cifras clave de tu proyecto sean transparentes y manejables en tiempo real. Adem\u00e1s, nuestro software de gesti\u00f3n de proyectos te permite clasificar tus proyectos en varias fases para que conozcas el estado y el progreso de cada proyecto de un vistazo.     <\/p><h4>Diagrama de barras del proyecto para una visi\u00f3n general gr\u00e1fica del proyecto<\/h4><p>Adem\u00e1s de analizar diversos ratios de control del proyecto, el software de gesti\u00f3n de proyectos de 1Tool tambi\u00e9n puede utilizarse para mostrar gr\u00e1ficamente la secuencia cronol\u00f3gica de proyectos y tareas. Con el diagrama de barras del proyecto, dispones de un instrumento de gesti\u00f3n de proyectos que muestra todos los pasos y actividades del proyecto individualmente en forma de barras y los sincroniza con s\u00f3lo pulsar un bot\u00f3n. El diagrama de barras de proyecto de 1Tool tambi\u00e9n admite interdependencias entre tareas: las tareas que dependen de otras actividades se desplazan autom\u00e1ticamente cuando se modifican los plazos.  <\/p><h4>Software de registro de tiempos de proyectos<\/h4><p>El software de gesti\u00f3n de proyectos 1Tool te permite registrar f\u00e1cilmente el tiempo del proyecto para preparar los costes de las horas de trabajo, la comunicaci\u00f3n del proyecto, los viajes y otros gastos con fines contables. El registro del tiempo en la gesti\u00f3n de proyectos puede hacerse en directo mediante un cron\u00f3metro o manualmente a posteriori. No importa d\u00f3nde est\u00e9s, el registro del tiempo del proyecto tambi\u00e9n puede realizarse a trav\u00e9s de un smartphone o una tablet.  <\/p>\t\t\t\t\t\t\t\t<\/div>\n\t\t\t\t<\/div>\n\t\t\t\t\t<\/div>\n\t\t<\/div>\n\t\t\t\t\t<\/div>\n\t\t<\/section>\n\t\t\t\t\t<\/div>\n\t\t<\/div>\n\t\t\t\t\t<\/div>\n\t\t<\/section>\n\t\t\t\t<\/div>\n\t\t","protected":false},"excerpt":{"rendered":"<p>Gesti\u00f3n de proyectos El software de gesti\u00f3n de proyectos 1Tool garantiza una gesti\u00f3n y coordinaci\u00f3n sin complicaciones de tus proyectos. Un potente software de gesti\u00f3n de proyectos para tu empresa 1Tool es un software profesional de gesti\u00f3n de proyectos con el que puedes planificar y coordinar tus proyectos con s\u00f3lo pulsar un bot\u00f3n. El alcance [&hellip;]<\/p>\n","protected":false},"author":1,"featured_media":0,"parent":74672,"menu_order":0,"comment_status":"closed","ping_status":"closed","template":"","meta":{"inline_featured_image":false,"footnotes":""},"class_list":["post-74510","page","type-page","status-publish","hentry"],"acf":[],"yoast_head":"<!-- This site is optimized with the Yoast SEO plugin v27.5 - https:\/\/yoast.com\/product\/yoast-seo-wordpress\/ -->\n<title>Gesti\u00f3n de proyectos - 1Tool<\/title>\n<meta name=\"robots\" content=\"index, follow, max-snippet:-1, max-image-preview:large, max-video-preview:-1\" \/>\n<link rel=\"canonical\" href=\"https:\/\/www.1tool.com\/es\/modulos\/organizacion-y-servicio\/proyectos\/funciones-modulo-proyecto\/gestion-de-proyectos\/\" \/>\n<meta property=\"og:locale\" content=\"es_ES\" \/>\n<meta property=\"og:type\" content=\"article\" \/>\n<meta property=\"og:title\" content=\"Gesti\u00f3n de proyectos - 1Tool\" \/>\n<meta property=\"og:description\" content=\"Gesti\u00f3n de proyectos El software de gesti\u00f3n de proyectos 1Tool garantiza una gesti\u00f3n y coordinaci\u00f3n sin complicaciones de tus proyectos. Un potente software de gesti\u00f3n de proyectos para tu empresa 1Tool es un software profesional de gesti\u00f3n de proyectos con el que puedes planificar y coordinar tus proyectos con s\u00f3lo pulsar un bot\u00f3n. El alcance [&hellip;]\" \/>\n<meta property=\"og:url\" content=\"https:\/\/www.1tool.com\/es\/modulos\/organizacion-y-servicio\/proyectos\/funciones-modulo-proyecto\/gestion-de-proyectos\/\" \/>\n<meta property=\"og:site_name\" content=\"1Tool\" \/>\n<meta property=\"article:modified_time\" content=\"2026-05-04T12:25:55+00:00\" \/>\n<meta name=\"twitter:card\" content=\"summary_large_image\" \/>\n<meta name=\"twitter:label1\" content=\"Tiempo de lectura\" \/>\n\t<meta name=\"twitter:data1\" content=\"3 minutos\" \/>\n<script type=\"application\/ld+json\" class=\"yoast-schema-graph\">{\"@context\":\"https:\\\/\\\/schema.org\",\"@graph\":[{\"@type\":\"WebPage\",\"@id\":\"https:\\\/\\\/www.1tool.com\\\/es\\\/modulos\\\/organizacion-y-servicio\\\/proyectos\\\/funciones-modulo-proyecto\\\/gestion-de-proyectos\\\/\",\"url\":\"https:\\\/\\\/www.1tool.com\\\/es\\\/modulos\\\/organizacion-y-servicio\\\/proyectos\\\/funciones-modulo-proyecto\\\/gestion-de-proyectos\\\/\",\"name\":\"Gesti\u00f3n de proyectos - 1Tool\",\"isPartOf\":{\"@id\":\"https:\\\/\\\/www.1tool.com\\\/es\\\/#website\"},\"datePublished\":\"2022-03-31T02:08:43+00:00\",\"dateModified\":\"2026-05-04T12:25:55+00:00\",\"breadcrumb\":{\"@id\":\"https:\\\/\\\/www.1tool.com\\\/es\\\/modulos\\\/organizacion-y-servicio\\\/proyectos\\\/funciones-modulo-proyecto\\\/gestion-de-proyectos\\\/#breadcrumb\"},\"inLanguage\":\"es\",\"potentialAction\":[{\"@type\":\"ReadAction\",\"target\":[\"https:\\\/\\\/www.1tool.com\\\/es\\\/modulos\\\/organizacion-y-servicio\\\/proyectos\\\/funciones-modulo-proyecto\\\/gestion-de-proyectos\\\/\"]}]},{\"@type\":\"BreadcrumbList\",\"@id\":\"https:\\\/\\\/www.1tool.com\\\/es\\\/modulos\\\/organizacion-y-servicio\\\/proyectos\\\/funciones-modulo-proyecto\\\/gestion-de-proyectos\\\/#breadcrumb\",\"itemListElement\":[{\"@type\":\"ListItem\",\"position\":1,\"name\":\"Home\",\"item\":\"https:\\\/\\\/www.1tool.com\\\/es\\\/\"},{\"@type\":\"ListItem\",\"position\":2,\"name\":\"M\u00f3dulos\",\"item\":\"https:\\\/\\\/www.1tool.com\\\/es\\\/modulos\\\/\"},{\"@type\":\"ListItem\",\"position\":3,\"name\":\"Organizaci\u00f3n y Servicio\",\"item\":\"https:\\\/\\\/www.1tool.com\\\/es\\\/modulos\\\/organizacion-y-servicio\\\/\"},{\"@type\":\"ListItem\",\"position\":4,\"name\":\"Proyectos\",\"item\":\"https:\\\/\\\/www.1tool.com\\\/es\\\/modulos\\\/organizacion-y-servicio\\\/proyectos\\\/\"},{\"@type\":\"ListItem\",\"position\":5,\"name\":\"Funciones M\u00f3dulo Proyecto\",\"item\":\"https:\\\/\\\/www.1tool.com\\\/es\\\/modulos\\\/organizacion-y-servicio\\\/proyectos\\\/funciones-modulo-proyecto\\\/\"},{\"@type\":\"ListItem\",\"position\":6,\"name\":\"Gesti\u00f3n de proyectos\"}]},{\"@type\":\"WebSite\",\"@id\":\"https:\\\/\\\/www.1tool.com\\\/es\\\/#website\",\"url\":\"https:\\\/\\\/www.1tool.com\\\/es\\\/\",\"name\":\"1Tool\",\"description\":\"CRM\",\"publisher\":{\"@id\":\"https:\\\/\\\/www.1tool.com\\\/es\\\/#organization\"},\"potentialAction\":[{\"@type\":\"SearchAction\",\"target\":{\"@type\":\"EntryPoint\",\"urlTemplate\":\"https:\\\/\\\/www.1tool.com\\\/es\\\/?s={search_term_string}\"},\"query-input\":{\"@type\":\"PropertyValueSpecification\",\"valueRequired\":true,\"valueName\":\"search_term_string\"}}],\"inLanguage\":\"es\"},{\"@type\":\"Organization\",\"@id\":\"https:\\\/\\\/www.1tool.com\\\/es\\\/#organization\",\"name\":\"1Tool\",\"url\":\"https:\\\/\\\/www.1tool.com\\\/es\\\/\",\"logo\":{\"@type\":\"ImageObject\",\"inLanguage\":\"es\",\"@id\":\"https:\\\/\\\/www.1tool.com\\\/es\\\/#\\\/schema\\\/logo\\\/image\\\/\",\"url\":\"https:\\\/\\\/www.1tool.com\\\/wp-content\\\/uploads\\\/2022\\\/04\\\/1tool-1.png\",\"contentUrl\":\"https:\\\/\\\/www.1tool.com\\\/wp-content\\\/uploads\\\/2022\\\/04\\\/1tool-1.png\",\"width\":400,\"height\":150,\"caption\":\"1Tool\"},\"image\":{\"@id\":\"https:\\\/\\\/www.1tool.com\\\/es\\\/#\\\/schema\\\/logo\\\/image\\\/\"}}]}<\/script>\n<!-- \/ Yoast SEO plugin. -->","yoast_head_json":{"title":"Gesti\u00f3n de proyectos - 1Tool","robots":{"index":"index","follow":"follow","max-snippet":"max-snippet:-1","max-image-preview":"max-image-preview:large","max-video-preview":"max-video-preview:-1"},"canonical":"https:\/\/www.1tool.com\/es\/modulos\/organizacion-y-servicio\/proyectos\/funciones-modulo-proyecto\/gestion-de-proyectos\/","og_locale":"es_ES","og_type":"article","og_title":"Gesti\u00f3n de proyectos - 1Tool","og_description":"Gesti\u00f3n de proyectos El software de gesti\u00f3n de proyectos 1Tool garantiza una gesti\u00f3n y coordinaci\u00f3n sin complicaciones de tus proyectos. Un potente software de gesti\u00f3n de proyectos para tu empresa 1Tool es un software profesional de gesti\u00f3n de proyectos con el que puedes planificar y coordinar tus proyectos con s\u00f3lo pulsar un bot\u00f3n. El alcance [&hellip;]","og_url":"https:\/\/www.1tool.com\/es\/modulos\/organizacion-y-servicio\/proyectos\/funciones-modulo-proyecto\/gestion-de-proyectos\/","og_site_name":"1Tool","article_modified_time":"2026-05-04T12:25:55+00:00","twitter_card":"summary_large_image","twitter_misc":{"Tiempo de lectura":"3 minutos"},"schema":{"@context":"https:\/\/schema.org","@graph":[{"@type":"WebPage","@id":"https:\/\/www.1tool.com\/es\/modulos\/organizacion-y-servicio\/proyectos\/funciones-modulo-proyecto\/gestion-de-proyectos\/","url":"https:\/\/www.1tool.com\/es\/modulos\/organizacion-y-servicio\/proyectos\/funciones-modulo-proyecto\/gestion-de-proyectos\/","name":"Gesti\u00f3n de proyectos - 1Tool","isPartOf":{"@id":"https:\/\/www.1tool.com\/es\/#website"},"datePublished":"2022-03-31T02:08:43+00:00","dateModified":"2026-05-04T12:25:55+00:00","breadcrumb":{"@id":"https:\/\/www.1tool.com\/es\/modulos\/organizacion-y-servicio\/proyectos\/funciones-modulo-proyecto\/gestion-de-proyectos\/#breadcrumb"},"inLanguage":"es","potentialAction":[{"@type":"ReadAction","target":["https:\/\/www.1tool.com\/es\/modulos\/organizacion-y-servicio\/proyectos\/funciones-modulo-proyecto\/gestion-de-proyectos\/"]}]},{"@type":"BreadcrumbList","@id":"https:\/\/www.1tool.com\/es\/modulos\/organizacion-y-servicio\/proyectos\/funciones-modulo-proyecto\/gestion-de-proyectos\/#breadcrumb","itemListElement":[{"@type":"ListItem","position":1,"name":"Home","item":"https:\/\/www.1tool.com\/es\/"},{"@type":"ListItem","position":2,"name":"M\u00f3dulos","item":"https:\/\/www.1tool.com\/es\/modulos\/"},{"@type":"ListItem","position":3,"name":"Organizaci\u00f3n y Servicio","item":"https:\/\/www.1tool.com\/es\/modulos\/organizacion-y-servicio\/"},{"@type":"ListItem","position":4,"name":"Proyectos","item":"https:\/\/www.1tool.com\/es\/modulos\/organizacion-y-servicio\/proyectos\/"},{"@type":"ListItem","position":5,"name":"Funciones M\u00f3dulo Proyecto","item":"https:\/\/www.1tool.com\/es\/modulos\/organizacion-y-servicio\/proyectos\/funciones-modulo-proyecto\/"},{"@type":"ListItem","position":6,"name":"Gesti\u00f3n de proyectos"}]},{"@type":"WebSite","@id":"https:\/\/www.1tool.com\/es\/#website","url":"https:\/\/www.1tool.com\/es\/","name":"1Tool","description":"CRM","publisher":{"@id":"https:\/\/www.1tool.com\/es\/#organization"},"potentialAction":[{"@type":"SearchAction","target":{"@type":"EntryPoint","urlTemplate":"https:\/\/www.1tool.com\/es\/?s={search_term_string}"},"query-input":{"@type":"PropertyValueSpecification","valueRequired":true,"valueName":"search_term_string"}}],"inLanguage":"es"},{"@type":"Organization","@id":"https:\/\/www.1tool.com\/es\/#organization","name":"1Tool","url":"https:\/\/www.1tool.com\/es\/","logo":{"@type":"ImageObject","inLanguage":"es","@id":"https:\/\/www.1tool.com\/es\/#\/schema\/logo\/image\/","url":"https:\/\/www.1tool.com\/wp-content\/uploads\/2022\/04\/1tool-1.png","contentUrl":"https:\/\/www.1tool.com\/wp-content\/uploads\/2022\/04\/1tool-1.png","width":400,"height":150,"caption":"1Tool"},"image":{"@id":"https:\/\/www.1tool.com\/es\/#\/schema\/logo\/image\/"}}]}},"_links":{"self":[{"href":"https:\/\/www.1tool.com\/es\/wp-json\/wp\/v2\/pages\/74510","targetHints":{"allow":["GET"]}}],"collection":[{"href":"https:\/\/www.1tool.com\/es\/wp-json\/wp\/v2\/pages"}],"about":[{"href":"https:\/\/www.1tool.com\/es\/wp-json\/wp\/v2\/types\/page"}],"author":[{"embeddable":true,"href":"https:\/\/www.1tool.com\/es\/wp-json\/wp\/v2\/users\/1"}],"replies":[{"embeddable":true,"href":"https:\/\/www.1tool.com\/es\/wp-json\/wp\/v2\/comments?post=74510"}],"version-history":[{"count":1,"href":"https:\/\/www.1tool.com\/es\/wp-json\/wp\/v2\/pages\/74510\/revisions"}],"predecessor-version":[{"id":74512,"href":"https:\/\/www.1tool.com\/es\/wp-json\/wp\/v2\/pages\/74510\/revisions\/74512"}],"up":[{"embeddable":true,"href":"https:\/\/www.1tool.com\/es\/wp-json\/wp\/v2\/pages\/74672"}],"wp:attachment":[{"href":"https:\/\/www.1tool.com\/es\/wp-json\/wp\/v2\/media?parent=74510"}],"curies":[{"name":"wp","href":"https:\/\/api.w.org\/{rel}","templated":true}]}}