{"id":74514,"date":"2022-03-31T04:07:10","date_gmt":"2022-03-31T02:07:10","guid":{"rendered":"https:\/\/www.1tool.com\/control-de-proyectos\/"},"modified":"2026-05-04T14:25:55","modified_gmt":"2026-05-04T12:25:55","slug":"control-de-proyectos","status":"publish","type":"page","link":"https:\/\/www.1tool.com\/es\/modulos\/organizacion-y-servicio\/proyectos\/funciones-modulo-proyecto\/control-de-proyectos\/","title":{"rendered":"Control de proyectos"},"content":{"rendered":"\t\t<div data-elementor-type=\"wp-page\" data-elementor-id=\"74514\" class=\"elementor elementor-74514 elementor-49624\" data-elementor-post-type=\"page\">\n\t\t\t\t\t\t<section class=\"elementor-section elementor-top-section elementor-element elementor-element-c4bd237 elementor-section-boxed elementor-section-height-default elementor-section-height-default shadepro-adv-gradient-no shadepro-sticky-no\" data-id=\"c4bd237\" data-element_type=\"section\" data-e-type=\"section\" data-settings=\"{&quot;shadepro_sticky&quot;:&quot;no&quot;}\">\n\t\t\t\t\t\t<div class=\"elementor-container elementor-column-gap-default\">\n\t\t\t\t\t<div class=\"elementor-column elementor-col-100 elementor-top-column elementor-element elementor-element-0120dd5\" data-id=\"0120dd5\" data-element_type=\"column\" data-e-type=\"column\">\n\t\t\t<div class=\"elementor-widget-wrap elementor-element-populated\">\n\t\t\t\t\t\t<div class=\"elementor-element elementor-element-6de6315 shadepro-sticky-no elementor-widget elementor-widget-heading\" data-id=\"6de6315\" data-element_type=\"widget\" data-e-type=\"widget\" data-settings=\"{&quot;shadepro_sticky&quot;:&quot;no&quot;}\" data-widget_type=\"heading.default\">\n\t\t\t\t<div class=\"elementor-widget-container\">\n\t\t\t\t\t<h1 class=\"elementor-heading-title elementor-size-default\">Control de proyectos<\/h1>\t\t\t\t<\/div>\n\t\t\t\t<\/div>\n\t\t\t\t<div class=\"elementor-element elementor-element-13ee34f shadepro-sticky-no elementor-widget elementor-widget-text-editor\" data-id=\"13ee34f\" data-element_type=\"widget\" data-e-type=\"widget\" data-settings=\"{&quot;shadepro_sticky&quot;:&quot;no&quot;}\" data-widget_type=\"text-editor.default\">\n\t\t\t\t<div class=\"elementor-widget-container\">\n\t\t\t\t\t\t\t\t\t<p>El control de proyectos de 1Tool permite controlar los tiempos y costes de los proyectos.<\/p>\t\t\t\t\t\t\t\t<\/div>\n\t\t\t\t<\/div>\n\t\t\t\t<section class=\"elementor-section elementor-inner-section elementor-element elementor-element-32d5549 elementor-section-boxed elementor-section-height-default elementor-section-height-default shadepro-adv-gradient-no shadepro-sticky-no\" data-id=\"32d5549\" data-element_type=\"section\" data-e-type=\"section\" data-settings=\"{&quot;shadepro_sticky&quot;:&quot;no&quot;}\">\n\t\t\t\t\t\t<div class=\"elementor-container elementor-column-gap-default\">\n\t\t\t\t\t<div class=\"elementor-column elementor-col-100 elementor-inner-column elementor-element elementor-element-9014676\" data-id=\"9014676\" data-element_type=\"column\" data-e-type=\"column\">\n\t\t\t<div class=\"elementor-widget-wrap elementor-element-populated\">\n\t\t\t\t\t\t<div class=\"elementor-element elementor-element-b0fb382 shadepro-sticky-no elementor-widget elementor-widget-text-editor\" data-id=\"b0fb382\" data-element_type=\"widget\" data-e-type=\"widget\" data-settings=\"{&quot;shadepro_sticky&quot;:&quot;no&quot;}\" data-widget_type=\"text-editor.default\">\n\t\t\t\t<div class=\"elementor-widget-container\">\n\t\t\t\t\t\t\t\t\t<h3>Gestiona los proyectos con eficacia<\/h3><p>La tramitaci\u00f3n de tus proyectos se realiza de la forma m\u00e1s sencilla y puedes llevar a cabo varios proyectos en paralelo sin gran esfuerzo.<\/p><p>Adem\u00e1s de la facturaci\u00f3n sencilla para clientes y proyectos individuales, 1Tool tambi\u00e9n te permite procesar tus propios costes de forma r\u00e1pida y sencilla. Siempre tienes una visi\u00f3n general de los costes incurridos, as\u00ed como de las tareas del proyecto. Esto te ayuda a planificar el presupuesto de tu proyecto y a analizar su progreso.  <\/p><p>Tanto si se trata de costes de personal, costes de material u otros gastos de los proyectos, puedes gestionarlos y controlarlos de forma \u00f3ptima. Siempre sabr\u00e1s qu\u00e9 personal es responsable de las actividades de cada proyecto y cu\u00e1nto tiempo han invertido ya en determinadas tareas. Tambi\u00e9n puedes asignar tareas y contactos a los respectivos proyectos. Adem\u00e1s, siempre conoces el estado actual y el progreso de tus proyectos gracias a la categorizaci\u00f3n de las fases individuales del proyecto y a la comunicaci\u00f3n entre los miembros del proyecto mediante 1Tool a trav\u00e9s de comentarios o el intercambio de documentos importantes. 1Tool tambi\u00e9n puede utilizarse para visualizar f\u00e1cilmente la secuencia cronol\u00f3gica de las tareas del proyecto.    <\/p>\t\t\t\t\t\t\t\t<\/div>\n\t\t\t\t<\/div>\n\t\t\t\t\t<\/div>\n\t\t<\/div>\n\t\t\t\t\t<\/div>\n\t\t<\/section>\n\t\t\t\t\t<\/div>\n\t\t<\/div>\n\t\t\t\t\t<\/div>\n\t\t<\/section>\n\t\t\t\t<\/div>\n\t\t","protected":false},"excerpt":{"rendered":"<p>Control de proyectos El control de proyectos de 1Tool permite controlar los tiempos y costes de los proyectos. Gestiona los proyectos con eficacia La tramitaci\u00f3n de tus proyectos se realiza de la forma m\u00e1s sencilla y puedes llevar a cabo varios proyectos en paralelo sin gran esfuerzo. Adem\u00e1s de la facturaci\u00f3n sencilla para clientes y [&hellip;]<\/p>\n","protected":false},"author":1,"featured_media":0,"parent":74672,"menu_order":0,"comment_status":"closed","ping_status":"closed","template":"","meta":{"inline_featured_image":false,"footnotes":""},"class_list":["post-74514","page","type-page","status-publish","hentry"],"acf":[],"yoast_head":"<!-- This site is optimized with the Yoast SEO plugin v27.5 - https:\/\/yoast.com\/product\/yoast-seo-wordpress\/ -->\n<title>Control de proyectos - 1Tool<\/title>\n<meta name=\"robots\" content=\"index, follow, max-snippet:-1, max-image-preview:large, max-video-preview:-1\" \/>\n<link rel=\"canonical\" href=\"https:\/\/www.1tool.com\/es\/modulos\/organizacion-y-servicio\/proyectos\/funciones-modulo-proyecto\/control-de-proyectos\/\" \/>\n<meta property=\"og:locale\" content=\"es_ES\" \/>\n<meta property=\"og:type\" content=\"article\" \/>\n<meta property=\"og:title\" content=\"Control de proyectos - 1Tool\" \/>\n<meta property=\"og:description\" content=\"Control de proyectos El control de proyectos de 1Tool permite controlar los tiempos y costes de los proyectos. Gestiona los proyectos con eficacia La tramitaci\u00f3n de tus proyectos se realiza de la forma m\u00e1s sencilla y puedes llevar a cabo varios proyectos en paralelo sin gran esfuerzo. Adem\u00e1s de la facturaci\u00f3n sencilla para clientes y [&hellip;]\" \/>\n<meta property=\"og:url\" content=\"https:\/\/www.1tool.com\/es\/modulos\/organizacion-y-servicio\/proyectos\/funciones-modulo-proyecto\/control-de-proyectos\/\" \/>\n<meta property=\"og:site_name\" content=\"1Tool\" \/>\n<meta property=\"article:modified_time\" content=\"2026-05-04T12:25:55+00:00\" \/>\n<meta name=\"twitter:card\" content=\"summary_large_image\" \/>\n<meta name=\"twitter:label1\" content=\"Tiempo de lectura\" \/>\n\t<meta name=\"twitter:data1\" content=\"1 minuto\" \/>\n<script type=\"application\/ld+json\" class=\"yoast-schema-graph\">{\"@context\":\"https:\\\/\\\/schema.org\",\"@graph\":[{\"@type\":\"WebPage\",\"@id\":\"https:\\\/\\\/www.1tool.com\\\/es\\\/modulos\\\/organizacion-y-servicio\\\/proyectos\\\/funciones-modulo-proyecto\\\/control-de-proyectos\\\/\",\"url\":\"https:\\\/\\\/www.1tool.com\\\/es\\\/modulos\\\/organizacion-y-servicio\\\/proyectos\\\/funciones-modulo-proyecto\\\/control-de-proyectos\\\/\",\"name\":\"Control de proyectos - 1Tool\",\"isPartOf\":{\"@id\":\"https:\\\/\\\/www.1tool.com\\\/es\\\/#website\"},\"datePublished\":\"2022-03-31T02:07:10+00:00\",\"dateModified\":\"2026-05-04T12:25:55+00:00\",\"breadcrumb\":{\"@id\":\"https:\\\/\\\/www.1tool.com\\\/es\\\/modulos\\\/organizacion-y-servicio\\\/proyectos\\\/funciones-modulo-proyecto\\\/control-de-proyectos\\\/#breadcrumb\"},\"inLanguage\":\"es\",\"potentialAction\":[{\"@type\":\"ReadAction\",\"target\":[\"https:\\\/\\\/www.1tool.com\\\/es\\\/modulos\\\/organizacion-y-servicio\\\/proyectos\\\/funciones-modulo-proyecto\\\/control-de-proyectos\\\/\"]}]},{\"@type\":\"BreadcrumbList\",\"@id\":\"https:\\\/\\\/www.1tool.com\\\/es\\\/modulos\\\/organizacion-y-servicio\\\/proyectos\\\/funciones-modulo-proyecto\\\/control-de-proyectos\\\/#breadcrumb\",\"itemListElement\":[{\"@type\":\"ListItem\",\"position\":1,\"name\":\"Home\",\"item\":\"https:\\\/\\\/www.1tool.com\\\/es\\\/\"},{\"@type\":\"ListItem\",\"position\":2,\"name\":\"M\u00f3dulos\",\"item\":\"https:\\\/\\\/www.1tool.com\\\/es\\\/modulos\\\/\"},{\"@type\":\"ListItem\",\"position\":3,\"name\":\"Organizaci\u00f3n y Servicio\",\"item\":\"https:\\\/\\\/www.1tool.com\\\/es\\\/modulos\\\/organizacion-y-servicio\\\/\"},{\"@type\":\"ListItem\",\"position\":4,\"name\":\"Proyectos\",\"item\":\"https:\\\/\\\/www.1tool.com\\\/es\\\/modulos\\\/organizacion-y-servicio\\\/proyectos\\\/\"},{\"@type\":\"ListItem\",\"position\":5,\"name\":\"Funciones M\u00f3dulo Proyecto\",\"item\":\"https:\\\/\\\/www.1tool.com\\\/es\\\/modulos\\\/organizacion-y-servicio\\\/proyectos\\\/funciones-modulo-proyecto\\\/\"},{\"@type\":\"ListItem\",\"position\":6,\"name\":\"Control de proyectos\"}]},{\"@type\":\"WebSite\",\"@id\":\"https:\\\/\\\/www.1tool.com\\\/es\\\/#website\",\"url\":\"https:\\\/\\\/www.1tool.com\\\/es\\\/\",\"name\":\"1Tool\",\"description\":\"CRM\",\"publisher\":{\"@id\":\"https:\\\/\\\/www.1tool.com\\\/es\\\/#organization\"},\"potentialAction\":[{\"@type\":\"SearchAction\",\"target\":{\"@type\":\"EntryPoint\",\"urlTemplate\":\"https:\\\/\\\/www.1tool.com\\\/es\\\/?s={search_term_string}\"},\"query-input\":{\"@type\":\"PropertyValueSpecification\",\"valueRequired\":true,\"valueName\":\"search_term_string\"}}],\"inLanguage\":\"es\"},{\"@type\":\"Organization\",\"@id\":\"https:\\\/\\\/www.1tool.com\\\/es\\\/#organization\",\"name\":\"1Tool\",\"url\":\"https:\\\/\\\/www.1tool.com\\\/es\\\/\",\"logo\":{\"@type\":\"ImageObject\",\"inLanguage\":\"es\",\"@id\":\"https:\\\/\\\/www.1tool.com\\\/es\\\/#\\\/schema\\\/logo\\\/image\\\/\",\"url\":\"https:\\\/\\\/www.1tool.com\\\/wp-content\\\/uploads\\\/2022\\\/04\\\/1tool-1.png\",\"contentUrl\":\"https:\\\/\\\/www.1tool.com\\\/wp-content\\\/uploads\\\/2022\\\/04\\\/1tool-1.png\",\"width\":400,\"height\":150,\"caption\":\"1Tool\"},\"image\":{\"@id\":\"https:\\\/\\\/www.1tool.com\\\/es\\\/#\\\/schema\\\/logo\\\/image\\\/\"}}]}<\/script>\n<!-- \/ Yoast SEO plugin. -->","yoast_head_json":{"title":"Control de proyectos - 1Tool","robots":{"index":"index","follow":"follow","max-snippet":"max-snippet:-1","max-image-preview":"max-image-preview:large","max-video-preview":"max-video-preview:-1"},"canonical":"https:\/\/www.1tool.com\/es\/modulos\/organizacion-y-servicio\/proyectos\/funciones-modulo-proyecto\/control-de-proyectos\/","og_locale":"es_ES","og_type":"article","og_title":"Control de proyectos - 1Tool","og_description":"Control de proyectos El control de proyectos de 1Tool permite controlar los tiempos y costes de los proyectos. Gestiona los proyectos con eficacia La tramitaci\u00f3n de tus proyectos se realiza de la forma m\u00e1s sencilla y puedes llevar a cabo varios proyectos en paralelo sin gran esfuerzo. Adem\u00e1s de la facturaci\u00f3n sencilla para clientes y [&hellip;]","og_url":"https:\/\/www.1tool.com\/es\/modulos\/organizacion-y-servicio\/proyectos\/funciones-modulo-proyecto\/control-de-proyectos\/","og_site_name":"1Tool","article_modified_time":"2026-05-04T12:25:55+00:00","twitter_card":"summary_large_image","twitter_misc":{"Tiempo de lectura":"1 minuto"},"schema":{"@context":"https:\/\/schema.org","@graph":[{"@type":"WebPage","@id":"https:\/\/www.1tool.com\/es\/modulos\/organizacion-y-servicio\/proyectos\/funciones-modulo-proyecto\/control-de-proyectos\/","url":"https:\/\/www.1tool.com\/es\/modulos\/organizacion-y-servicio\/proyectos\/funciones-modulo-proyecto\/control-de-proyectos\/","name":"Control de proyectos - 1Tool","isPartOf":{"@id":"https:\/\/www.1tool.com\/es\/#website"},"datePublished":"2022-03-31T02:07:10+00:00","dateModified":"2026-05-04T12:25:55+00:00","breadcrumb":{"@id":"https:\/\/www.1tool.com\/es\/modulos\/organizacion-y-servicio\/proyectos\/funciones-modulo-proyecto\/control-de-proyectos\/#breadcrumb"},"inLanguage":"es","potentialAction":[{"@type":"ReadAction","target":["https:\/\/www.1tool.com\/es\/modulos\/organizacion-y-servicio\/proyectos\/funciones-modulo-proyecto\/control-de-proyectos\/"]}]},{"@type":"BreadcrumbList","@id":"https:\/\/www.1tool.com\/es\/modulos\/organizacion-y-servicio\/proyectos\/funciones-modulo-proyecto\/control-de-proyectos\/#breadcrumb","itemListElement":[{"@type":"ListItem","position":1,"name":"Home","item":"https:\/\/www.1tool.com\/es\/"},{"@type":"ListItem","position":2,"name":"M\u00f3dulos","item":"https:\/\/www.1tool.com\/es\/modulos\/"},{"@type":"ListItem","position":3,"name":"Organizaci\u00f3n y Servicio","item":"https:\/\/www.1tool.com\/es\/modulos\/organizacion-y-servicio\/"},{"@type":"ListItem","position":4,"name":"Proyectos","item":"https:\/\/www.1tool.com\/es\/modulos\/organizacion-y-servicio\/proyectos\/"},{"@type":"ListItem","position":5,"name":"Funciones M\u00f3dulo Proyecto","item":"https:\/\/www.1tool.com\/es\/modulos\/organizacion-y-servicio\/proyectos\/funciones-modulo-proyecto\/"},{"@type":"ListItem","position":6,"name":"Control de proyectos"}]},{"@type":"WebSite","@id":"https:\/\/www.1tool.com\/es\/#website","url":"https:\/\/www.1tool.com\/es\/","name":"1Tool","description":"CRM","publisher":{"@id":"https:\/\/www.1tool.com\/es\/#organization"},"potentialAction":[{"@type":"SearchAction","target":{"@type":"EntryPoint","urlTemplate":"https:\/\/www.1tool.com\/es\/?s={search_term_string}"},"query-input":{"@type":"PropertyValueSpecification","valueRequired":true,"valueName":"search_term_string"}}],"inLanguage":"es"},{"@type":"Organization","@id":"https:\/\/www.1tool.com\/es\/#organization","name":"1Tool","url":"https:\/\/www.1tool.com\/es\/","logo":{"@type":"ImageObject","inLanguage":"es","@id":"https:\/\/www.1tool.com\/es\/#\/schema\/logo\/image\/","url":"https:\/\/www.1tool.com\/wp-content\/uploads\/2022\/04\/1tool-1.png","contentUrl":"https:\/\/www.1tool.com\/wp-content\/uploads\/2022\/04\/1tool-1.png","width":400,"height":150,"caption":"1Tool"},"image":{"@id":"https:\/\/www.1tool.com\/es\/#\/schema\/logo\/image\/"}}]}},"_links":{"self":[{"href":"https:\/\/www.1tool.com\/es\/wp-json\/wp\/v2\/pages\/74514","targetHints":{"allow":["GET"]}}],"collection":[{"href":"https:\/\/www.1tool.com\/es\/wp-json\/wp\/v2\/pages"}],"about":[{"href":"https:\/\/www.1tool.com\/es\/wp-json\/wp\/v2\/types\/page"}],"author":[{"embeddable":true,"href":"https:\/\/www.1tool.com\/es\/wp-json\/wp\/v2\/users\/1"}],"replies":[{"embeddable":true,"href":"https:\/\/www.1tool.com\/es\/wp-json\/wp\/v2\/comments?post=74514"}],"version-history":[{"count":1,"href":"https:\/\/www.1tool.com\/es\/wp-json\/wp\/v2\/pages\/74514\/revisions"}],"predecessor-version":[{"id":74518,"href":"https:\/\/www.1tool.com\/es\/wp-json\/wp\/v2\/pages\/74514\/revisions\/74518"}],"up":[{"embeddable":true,"href":"https:\/\/www.1tool.com\/es\/wp-json\/wp\/v2\/pages\/74672"}],"wp:attachment":[{"href":"https:\/\/www.1tool.com\/es\/wp-json\/wp\/v2\/media?parent=74514"}],"curies":[{"name":"wp","href":"https:\/\/api.w.org\/{rel}","templated":true}]}}