{"id":74532,"date":"2022-03-31T04:02:45","date_gmt":"2022-03-31T02:02:45","guid":{"rendered":"https:\/\/www.1tool.com\/integracion-del-correo-electronico\/"},"modified":"2026-05-04T14:25:55","modified_gmt":"2026-05-04T12:25:55","slug":"integracion-del-correo-electronico","status":"publish","type":"page","link":"https:\/\/www.1tool.com\/es\/modulos\/organizacion-y-servicio\/proyectos\/funciones-modulo-proyecto\/integracion-del-correo-electronico\/","title":{"rendered":"Integraci\u00f3n del correo electr\u00f3nico"},"content":{"rendered":"\t\t<div data-elementor-type=\"wp-page\" data-elementor-id=\"74532\" class=\"elementor elementor-74532 elementor-49602\" data-elementor-post-type=\"page\">\n\t\t\t\t\t\t<section class=\"elementor-section elementor-top-section elementor-element elementor-element-1386a44 elementor-section-boxed elementor-section-height-default elementor-section-height-default shadepro-adv-gradient-no shadepro-sticky-no\" data-id=\"1386a44\" data-element_type=\"section\" data-e-type=\"section\" data-settings=\"{&quot;shadepro_sticky&quot;:&quot;no&quot;}\">\n\t\t\t\t\t\t<div class=\"elementor-container elementor-column-gap-default\">\n\t\t\t\t\t<div class=\"elementor-column elementor-col-100 elementor-top-column elementor-element elementor-element-d99be57\" data-id=\"d99be57\" data-element_type=\"column\" data-e-type=\"column\">\n\t\t\t<div class=\"elementor-widget-wrap elementor-element-populated\">\n\t\t\t\t\t\t<div class=\"elementor-element elementor-element-5fdf372 shadepro-sticky-no elementor-widget elementor-widget-heading\" data-id=\"5fdf372\" data-element_type=\"widget\" data-e-type=\"widget\" data-settings=\"{&quot;shadepro_sticky&quot;:&quot;no&quot;}\" data-widget_type=\"heading.default\">\n\t\t\t\t<div class=\"elementor-widget-container\">\n\t\t\t\t\t<h1 class=\"elementor-heading-title elementor-size-default\">Integraci\u00f3n del correo electr\u00f3nico<\/h1>\t\t\t\t<\/div>\n\t\t\t\t<\/div>\n\t\t\t\t<div class=\"elementor-element elementor-element-57cb03a shadepro-sticky-no elementor-widget elementor-widget-text-editor\" data-id=\"57cb03a\" data-element_type=\"widget\" data-e-type=\"widget\" data-settings=\"{&quot;shadepro_sticky&quot;:&quot;no&quot;}\" data-widget_type=\"text-editor.default\">\n\t\t\t\t<div class=\"elementor-widget-container\">\n\t\t\t\t\t\t\t\t\t<p>La integraci\u00f3n de correo electr\u00f3nico es una interfaz entre programas de correo electr\u00f3nico como Microsoft Outlook y 1Tool.<\/p>\t\t\t\t\t\t\t\t<\/div>\n\t\t\t\t<\/div>\n\t\t\t\t<section class=\"elementor-section elementor-inner-section elementor-element elementor-element-620734d elementor-section-boxed elementor-section-height-default elementor-section-height-default shadepro-adv-gradient-no shadepro-sticky-no\" data-id=\"620734d\" data-element_type=\"section\" data-e-type=\"section\" data-settings=\"{&quot;shadepro_sticky&quot;:&quot;no&quot;}\">\n\t\t\t\t\t\t<div class=\"elementor-container elementor-column-gap-default\">\n\t\t\t\t\t<div class=\"elementor-column elementor-col-100 elementor-inner-column elementor-element elementor-element-cb49bff\" data-id=\"cb49bff\" data-element_type=\"column\" data-e-type=\"column\">\n\t\t\t<div class=\"elementor-widget-wrap elementor-element-populated\">\n\t\t\t\t\t\t<div class=\"elementor-element elementor-element-013cd15 shadepro-sticky-no elementor-widget elementor-widget-text-editor\" data-id=\"013cd15\" data-element_type=\"widget\" data-e-type=\"widget\" data-settings=\"{&quot;shadepro_sticky&quot;:&quot;no&quot;}\" data-widget_type=\"text-editor.default\">\n\t\t\t\t<div class=\"elementor-widget-container\">\n\t\t\t\t\t\t\t\t\t<h3>Enlace a la cuenta de correo electr\u00f3nico<\/h3><p>Los contactos se pueden vincular a una cuenta de correo electr\u00f3nico y tambi\u00e9n se pueden recuperar los correos electr\u00f3nicos. Se pueden guardar y a\u00f1adir archivos adjuntos a los documentos de un contacto. Los correos electr\u00f3nicos de los contactos asignados tambi\u00e9n pueden mostrarse directamente en los proyectos.  <\/p><p> <\/p><h4>\u00bfQu\u00e9 es posible con la integraci\u00f3n del correo electr\u00f3nico?<\/h4><ul><li>  Crear cuentas de correo globales<\/li><li>  Editar cuentas de correo globales<\/li><li>  Comprueba las cuentas de correo electr\u00f3nico globales<\/li><li>  Vincular contactos a una cuenta de correo electr\u00f3nico<\/li><li>  Vincular proyectos a una cuenta de correo electr\u00f3nico<\/li><li>  recuperar e-mails<\/li><li>  Guardar archivos adjuntos<\/li><li>  A\u00f1adir archivos adjuntos a los documentos de un contacto<\/li><\/ul><h4> <\/h4><h4>\u00bfQu\u00e9 no es posible con la integraci\u00f3n del correo electr\u00f3nico?<\/h4><p>La integraci\u00f3n de correo electr\u00f3nico no sustituye a programas completos de correo electr\u00f3nico como Microsoft Outlook o Mozilla Thunderbird. Por tanto, no es posible hacer lo siguiente <\/p><ul><li>  Responder a los correos electr\u00f3nicos<\/li><li>  Reenviar correos electr\u00f3nicos<\/li><li>  Establecer varias carpetas para un contacto<\/li><li>  Establecer m\u00e1s de una cuenta para un contacto al mismo tiempo<\/li><li>  Archivar correos electr\u00f3nicos<\/li><li>  Borrar correos electr\u00f3nicos<\/li><li>  Mover correos electr\u00f3nicos<\/li><li>  Abrir m\u00e1s de un correo electr\u00f3nico al mismo tiempo<\/li><\/ul><p><em>Puedes leer c\u00f3mo configurar cuentas de correo electr\u00f3nico globales para la integraci\u00f3n <strong><a href=\"https:\/\/www.1tool.com\/sl\/manual\/e-mail-integration\/\" target=\"_blank\" rel=\"noreferrer noopener\">aqu\u00ed<\/a><\/strong><\/em>.<\/p>\t\t\t\t\t\t\t\t<\/div>\n\t\t\t\t<\/div>\n\t\t\t\t\t<\/div>\n\t\t<\/div>\n\t\t\t\t\t<\/div>\n\t\t<\/section>\n\t\t\t\t\t<\/div>\n\t\t<\/div>\n\t\t\t\t\t<\/div>\n\t\t<\/section>\n\t\t\t\t<\/div>\n\t\t","protected":false},"excerpt":{"rendered":"<p>Integraci\u00f3n del correo electr\u00f3nico La integraci\u00f3n de correo electr\u00f3nico es una interfaz entre programas de correo electr\u00f3nico como Microsoft Outlook y 1Tool. Enlace a la cuenta de correo electr\u00f3nico Los contactos se pueden vincular a una cuenta de correo electr\u00f3nico y tambi\u00e9n se pueden recuperar los correos electr\u00f3nicos. Se pueden guardar y a\u00f1adir archivos adjuntos [&hellip;]<\/p>\n","protected":false},"author":1,"featured_media":0,"parent":74672,"menu_order":0,"comment_status":"closed","ping_status":"closed","template":"","meta":{"inline_featured_image":false,"footnotes":""},"class_list":["post-74532","page","type-page","status-publish","hentry"],"acf":[],"yoast_head":"<!-- This site is optimized with the Yoast SEO plugin v27.5 - https:\/\/yoast.com\/product\/yoast-seo-wordpress\/ -->\n<title>Integraci\u00f3n del correo electr\u00f3nico - 1Tool<\/title>\n<meta name=\"robots\" content=\"index, follow, max-snippet:-1, max-image-preview:large, max-video-preview:-1\" \/>\n<link rel=\"canonical\" href=\"https:\/\/www.1tool.com\/es\/modulos\/organizacion-y-servicio\/proyectos\/funciones-modulo-proyecto\/integracion-del-correo-electronico\/\" \/>\n<meta property=\"og:locale\" content=\"es_ES\" \/>\n<meta property=\"og:type\" content=\"article\" \/>\n<meta property=\"og:title\" content=\"Integraci\u00f3n del correo electr\u00f3nico - 1Tool\" \/>\n<meta property=\"og:description\" content=\"Integraci\u00f3n del correo electr\u00f3nico La integraci\u00f3n de correo electr\u00f3nico es una interfaz entre programas de correo electr\u00f3nico como Microsoft Outlook y 1Tool. Enlace a la cuenta de correo electr\u00f3nico Los contactos se pueden vincular a una cuenta de correo electr\u00f3nico y tambi\u00e9n se pueden recuperar los correos electr\u00f3nicos. Se pueden guardar y a\u00f1adir archivos adjuntos [&hellip;]\" \/>\n<meta property=\"og:url\" content=\"https:\/\/www.1tool.com\/es\/modulos\/organizacion-y-servicio\/proyectos\/funciones-modulo-proyecto\/integracion-del-correo-electronico\/\" \/>\n<meta property=\"og:site_name\" content=\"1Tool\" \/>\n<meta property=\"article:modified_time\" content=\"2026-05-04T12:25:55+00:00\" \/>\n<meta name=\"twitter:card\" content=\"summary_large_image\" \/>\n<meta name=\"twitter:label1\" content=\"Tiempo de lectura\" \/>\n\t<meta name=\"twitter:data1\" content=\"1 minuto\" \/>\n<script type=\"application\/ld+json\" class=\"yoast-schema-graph\">{\"@context\":\"https:\\\/\\\/schema.org\",\"@graph\":[{\"@type\":\"WebPage\",\"@id\":\"https:\\\/\\\/www.1tool.com\\\/es\\\/modulos\\\/organizacion-y-servicio\\\/proyectos\\\/funciones-modulo-proyecto\\\/integracion-del-correo-electronico\\\/\",\"url\":\"https:\\\/\\\/www.1tool.com\\\/es\\\/modulos\\\/organizacion-y-servicio\\\/proyectos\\\/funciones-modulo-proyecto\\\/integracion-del-correo-electronico\\\/\",\"name\":\"Integraci\u00f3n del correo electr\u00f3nico - 1Tool\",\"isPartOf\":{\"@id\":\"https:\\\/\\\/www.1tool.com\\\/es\\\/#website\"},\"datePublished\":\"2022-03-31T02:02:45+00:00\",\"dateModified\":\"2026-05-04T12:25:55+00:00\",\"breadcrumb\":{\"@id\":\"https:\\\/\\\/www.1tool.com\\\/es\\\/modulos\\\/organizacion-y-servicio\\\/proyectos\\\/funciones-modulo-proyecto\\\/integracion-del-correo-electronico\\\/#breadcrumb\"},\"inLanguage\":\"es\",\"potentialAction\":[{\"@type\":\"ReadAction\",\"target\":[\"https:\\\/\\\/www.1tool.com\\\/es\\\/modulos\\\/organizacion-y-servicio\\\/proyectos\\\/funciones-modulo-proyecto\\\/integracion-del-correo-electronico\\\/\"]}]},{\"@type\":\"BreadcrumbList\",\"@id\":\"https:\\\/\\\/www.1tool.com\\\/es\\\/modulos\\\/organizacion-y-servicio\\\/proyectos\\\/funciones-modulo-proyecto\\\/integracion-del-correo-electronico\\\/#breadcrumb\",\"itemListElement\":[{\"@type\":\"ListItem\",\"position\":1,\"name\":\"Home\",\"item\":\"https:\\\/\\\/www.1tool.com\\\/es\\\/\"},{\"@type\":\"ListItem\",\"position\":2,\"name\":\"M\u00f3dulos\",\"item\":\"https:\\\/\\\/www.1tool.com\\\/es\\\/modulos\\\/\"},{\"@type\":\"ListItem\",\"position\":3,\"name\":\"Organizaci\u00f3n y Servicio\",\"item\":\"https:\\\/\\\/www.1tool.com\\\/es\\\/modulos\\\/organizacion-y-servicio\\\/\"},{\"@type\":\"ListItem\",\"position\":4,\"name\":\"Proyectos\",\"item\":\"https:\\\/\\\/www.1tool.com\\\/es\\\/modulos\\\/organizacion-y-servicio\\\/proyectos\\\/\"},{\"@type\":\"ListItem\",\"position\":5,\"name\":\"Funciones M\u00f3dulo Proyecto\",\"item\":\"https:\\\/\\\/www.1tool.com\\\/es\\\/modulos\\\/organizacion-y-servicio\\\/proyectos\\\/funciones-modulo-proyecto\\\/\"},{\"@type\":\"ListItem\",\"position\":6,\"name\":\"Integraci\u00f3n del correo electr\u00f3nico\"}]},{\"@type\":\"WebSite\",\"@id\":\"https:\\\/\\\/www.1tool.com\\\/es\\\/#website\",\"url\":\"https:\\\/\\\/www.1tool.com\\\/es\\\/\",\"name\":\"1Tool\",\"description\":\"CRM\",\"publisher\":{\"@id\":\"https:\\\/\\\/www.1tool.com\\\/es\\\/#organization\"},\"potentialAction\":[{\"@type\":\"SearchAction\",\"target\":{\"@type\":\"EntryPoint\",\"urlTemplate\":\"https:\\\/\\\/www.1tool.com\\\/es\\\/?s={search_term_string}\"},\"query-input\":{\"@type\":\"PropertyValueSpecification\",\"valueRequired\":true,\"valueName\":\"search_term_string\"}}],\"inLanguage\":\"es\"},{\"@type\":\"Organization\",\"@id\":\"https:\\\/\\\/www.1tool.com\\\/es\\\/#organization\",\"name\":\"1Tool\",\"url\":\"https:\\\/\\\/www.1tool.com\\\/es\\\/\",\"logo\":{\"@type\":\"ImageObject\",\"inLanguage\":\"es\",\"@id\":\"https:\\\/\\\/www.1tool.com\\\/es\\\/#\\\/schema\\\/logo\\\/image\\\/\",\"url\":\"https:\\\/\\\/www.1tool.com\\\/wp-content\\\/uploads\\\/2022\\\/04\\\/1tool-1.png\",\"contentUrl\":\"https:\\\/\\\/www.1tool.com\\\/wp-content\\\/uploads\\\/2022\\\/04\\\/1tool-1.png\",\"width\":400,\"height\":150,\"caption\":\"1Tool\"},\"image\":{\"@id\":\"https:\\\/\\\/www.1tool.com\\\/es\\\/#\\\/schema\\\/logo\\\/image\\\/\"}}]}<\/script>\n<!-- \/ Yoast SEO plugin. -->","yoast_head_json":{"title":"Integraci\u00f3n del correo electr\u00f3nico - 1Tool","robots":{"index":"index","follow":"follow","max-snippet":"max-snippet:-1","max-image-preview":"max-image-preview:large","max-video-preview":"max-video-preview:-1"},"canonical":"https:\/\/www.1tool.com\/es\/modulos\/organizacion-y-servicio\/proyectos\/funciones-modulo-proyecto\/integracion-del-correo-electronico\/","og_locale":"es_ES","og_type":"article","og_title":"Integraci\u00f3n del correo electr\u00f3nico - 1Tool","og_description":"Integraci\u00f3n del correo electr\u00f3nico La integraci\u00f3n de correo electr\u00f3nico es una interfaz entre programas de correo electr\u00f3nico como Microsoft Outlook y 1Tool. Enlace a la cuenta de correo electr\u00f3nico Los contactos se pueden vincular a una cuenta de correo electr\u00f3nico y tambi\u00e9n se pueden recuperar los correos electr\u00f3nicos. Se pueden guardar y a\u00f1adir archivos adjuntos [&hellip;]","og_url":"https:\/\/www.1tool.com\/es\/modulos\/organizacion-y-servicio\/proyectos\/funciones-modulo-proyecto\/integracion-del-correo-electronico\/","og_site_name":"1Tool","article_modified_time":"2026-05-04T12:25:55+00:00","twitter_card":"summary_large_image","twitter_misc":{"Tiempo de lectura":"1 minuto"},"schema":{"@context":"https:\/\/schema.org","@graph":[{"@type":"WebPage","@id":"https:\/\/www.1tool.com\/es\/modulos\/organizacion-y-servicio\/proyectos\/funciones-modulo-proyecto\/integracion-del-correo-electronico\/","url":"https:\/\/www.1tool.com\/es\/modulos\/organizacion-y-servicio\/proyectos\/funciones-modulo-proyecto\/integracion-del-correo-electronico\/","name":"Integraci\u00f3n del correo electr\u00f3nico - 1Tool","isPartOf":{"@id":"https:\/\/www.1tool.com\/es\/#website"},"datePublished":"2022-03-31T02:02:45+00:00","dateModified":"2026-05-04T12:25:55+00:00","breadcrumb":{"@id":"https:\/\/www.1tool.com\/es\/modulos\/organizacion-y-servicio\/proyectos\/funciones-modulo-proyecto\/integracion-del-correo-electronico\/#breadcrumb"},"inLanguage":"es","potentialAction":[{"@type":"ReadAction","target":["https:\/\/www.1tool.com\/es\/modulos\/organizacion-y-servicio\/proyectos\/funciones-modulo-proyecto\/integracion-del-correo-electronico\/"]}]},{"@type":"BreadcrumbList","@id":"https:\/\/www.1tool.com\/es\/modulos\/organizacion-y-servicio\/proyectos\/funciones-modulo-proyecto\/integracion-del-correo-electronico\/#breadcrumb","itemListElement":[{"@type":"ListItem","position":1,"name":"Home","item":"https:\/\/www.1tool.com\/es\/"},{"@type":"ListItem","position":2,"name":"M\u00f3dulos","item":"https:\/\/www.1tool.com\/es\/modulos\/"},{"@type":"ListItem","position":3,"name":"Organizaci\u00f3n y Servicio","item":"https:\/\/www.1tool.com\/es\/modulos\/organizacion-y-servicio\/"},{"@type":"ListItem","position":4,"name":"Proyectos","item":"https:\/\/www.1tool.com\/es\/modulos\/organizacion-y-servicio\/proyectos\/"},{"@type":"ListItem","position":5,"name":"Funciones M\u00f3dulo Proyecto","item":"https:\/\/www.1tool.com\/es\/modulos\/organizacion-y-servicio\/proyectos\/funciones-modulo-proyecto\/"},{"@type":"ListItem","position":6,"name":"Integraci\u00f3n del correo electr\u00f3nico"}]},{"@type":"WebSite","@id":"https:\/\/www.1tool.com\/es\/#website","url":"https:\/\/www.1tool.com\/es\/","name":"1Tool","description":"CRM","publisher":{"@id":"https:\/\/www.1tool.com\/es\/#organization"},"potentialAction":[{"@type":"SearchAction","target":{"@type":"EntryPoint","urlTemplate":"https:\/\/www.1tool.com\/es\/?s={search_term_string}"},"query-input":{"@type":"PropertyValueSpecification","valueRequired":true,"valueName":"search_term_string"}}],"inLanguage":"es"},{"@type":"Organization","@id":"https:\/\/www.1tool.com\/es\/#organization","name":"1Tool","url":"https:\/\/www.1tool.com\/es\/","logo":{"@type":"ImageObject","inLanguage":"es","@id":"https:\/\/www.1tool.com\/es\/#\/schema\/logo\/image\/","url":"https:\/\/www.1tool.com\/wp-content\/uploads\/2022\/04\/1tool-1.png","contentUrl":"https:\/\/www.1tool.com\/wp-content\/uploads\/2022\/04\/1tool-1.png","width":400,"height":150,"caption":"1Tool"},"image":{"@id":"https:\/\/www.1tool.com\/es\/#\/schema\/logo\/image\/"}}]}},"_links":{"self":[{"href":"https:\/\/www.1tool.com\/es\/wp-json\/wp\/v2\/pages\/74532","targetHints":{"allow":["GET"]}}],"collection":[{"href":"https:\/\/www.1tool.com\/es\/wp-json\/wp\/v2\/pages"}],"about":[{"href":"https:\/\/www.1tool.com\/es\/wp-json\/wp\/v2\/types\/page"}],"author":[{"embeddable":true,"href":"https:\/\/www.1tool.com\/es\/wp-json\/wp\/v2\/users\/1"}],"replies":[{"embeddable":true,"href":"https:\/\/www.1tool.com\/es\/wp-json\/wp\/v2\/comments?post=74532"}],"version-history":[{"count":1,"href":"https:\/\/www.1tool.com\/es\/wp-json\/wp\/v2\/pages\/74532\/revisions"}],"predecessor-version":[{"id":74534,"href":"https:\/\/www.1tool.com\/es\/wp-json\/wp\/v2\/pages\/74532\/revisions\/74534"}],"up":[{"embeddable":true,"href":"https:\/\/www.1tool.com\/es\/wp-json\/wp\/v2\/pages\/74672"}],"wp:attachment":[{"href":"https:\/\/www.1tool.com\/es\/wp-json\/wp\/v2\/media?parent=74532"}],"curies":[{"name":"wp","href":"https:\/\/api.w.org\/{rel}","templated":true}]}}