{"id":74540,"date":"2022-03-30T18:38:09","date_gmt":"2022-03-30T16:38:09","guid":{"rendered":"https:\/\/www.1tool.com\/gestion-del-conocimiento\/"},"modified":"2026-05-04T14:26:12","modified_gmt":"2026-05-04T12:26:12","slug":"gestion-del-conocimiento","status":"publish","type":"page","link":"https:\/\/www.1tool.com\/es\/modulos\/organizacion-y-servicio\/wiki\/funciones-modulo-wiki\/gestion-del-conocimiento\/","title":{"rendered":"Gesti\u00f3n del conocimiento"},"content":{"rendered":"\t\t<div data-elementor-type=\"wp-page\" data-elementor-id=\"74540\" class=\"elementor elementor-74540 elementor-49508\" data-elementor-post-type=\"page\">\n\t\t\t\t\t\t<section class=\"elementor-section elementor-top-section elementor-element elementor-element-98e69aa elementor-section-boxed elementor-section-height-default elementor-section-height-default shadepro-adv-gradient-no shadepro-sticky-no\" data-id=\"98e69aa\" data-element_type=\"section\" data-e-type=\"section\" data-settings=\"{&quot;shadepro_sticky&quot;:&quot;no&quot;}\">\n\t\t\t\t\t\t<div class=\"elementor-container elementor-column-gap-default\">\n\t\t\t\t\t<div class=\"elementor-column elementor-col-100 elementor-top-column elementor-element elementor-element-d1a9a1c\" data-id=\"d1a9a1c\" data-element_type=\"column\" data-e-type=\"column\">\n\t\t\t<div class=\"elementor-widget-wrap elementor-element-populated\">\n\t\t\t\t\t\t<div class=\"elementor-element elementor-element-4bded40 shadepro-sticky-no elementor-widget elementor-widget-heading\" data-id=\"4bded40\" data-element_type=\"widget\" data-e-type=\"widget\" data-settings=\"{&quot;shadepro_sticky&quot;:&quot;no&quot;}\" data-widget_type=\"heading.default\">\n\t\t\t\t<div class=\"elementor-widget-container\">\n\t\t\t\t\t<h1 class=\"elementor-heading-title elementor-size-default\">Gesti\u00f3n del conocimiento<\/h1>\t\t\t\t<\/div>\n\t\t\t\t<\/div>\n\t\t\t\t<div class=\"elementor-element elementor-element-7ec711c shadepro-sticky-no elementor-widget elementor-widget-text-editor\" data-id=\"7ec711c\" data-element_type=\"widget\" data-e-type=\"widget\" data-settings=\"{&quot;shadepro_sticky&quot;:&quot;no&quot;}\" data-widget_type=\"text-editor.default\">\n\t\t\t\t<div class=\"elementor-widget-container\">\n\t\t\t\t\t\t\t\t\t<p>Mejor servicio al cliente gracias a una gesti\u00f3n optimizada de la informaci\u00f3n<\/p>\t\t\t\t\t\t\t\t<\/div>\n\t\t\t\t<\/div>\n\t\t\t\t<section class=\"elementor-section elementor-inner-section elementor-element elementor-element-08c7487 elementor-section-boxed elementor-section-height-default elementor-section-height-default shadepro-adv-gradient-no shadepro-sticky-no\" data-id=\"08c7487\" data-element_type=\"section\" data-e-type=\"section\" data-settings=\"{&quot;shadepro_sticky&quot;:&quot;no&quot;}\">\n\t\t\t\t\t\t<div class=\"elementor-container elementor-column-gap-default\">\n\t\t\t\t\t<div class=\"elementor-column elementor-col-100 elementor-inner-column elementor-element elementor-element-b0bb598\" data-id=\"b0bb598\" data-element_type=\"column\" data-e-type=\"column\">\n\t\t\t<div class=\"elementor-widget-wrap elementor-element-populated\">\n\t\t\t\t\t\t<div class=\"elementor-element elementor-element-4620b3f shadepro-sticky-no elementor-widget elementor-widget-text-editor\" data-id=\"4620b3f\" data-element_type=\"widget\" data-e-type=\"widget\" data-settings=\"{&quot;shadepro_sticky&quot;:&quot;no&quot;}\" data-widget_type=\"text-editor.default\">\n\t\t\t\t<div class=\"elementor-widget-container\">\n\t\t\t\t\t\t\t\t\t<h3>Gesti\u00f3n del conocimiento profesional<\/h3><p>El m\u00f3dulo Wiki de 1Tool es una moderna y sofisticada herramienta de conocimiento y colaboraci\u00f3n. El amplio conjunto de funciones, la intuitiva interfaz de usuario, el potente editor de texto enriquecido y el continuo desarrollo hacen que la soluci\u00f3n sea de alto rendimiento, f\u00e1cil de usar, vers\u00e1til y una base para una aut\u00e9ntica colaboraci\u00f3n digital en toda la empresa. <\/p><h3>Base de conocimientos de f\u00e1cil uso para tu empresa<\/h3><p>El m\u00f3dulo Wiki de 1Tool contiene funcionalidades centrales para la administraci\u00f3n de art\u00edculos, colecciones y contactos, es decir, todo lo relacionado con una perfecta gesti\u00f3n del conocimiento. Se puede modificar f\u00e1cilmente el contenido de las p\u00e1ginas, crear nuevas p\u00e1ginas y establecer enlaces entre p\u00e1ginas. Tambi\u00e9n est\u00e1 disponible el historial de versiones, que mantiene disponibles todas las versiones de un texto.  <\/p><p>La facilidad de uso de la soluci\u00f3n aumenta la disposici\u00f3n de los empleados a utilizar la wiki para su trabajo diario y reduce las barreras a la transferencia de conocimientos, tanto al incorporarse a una empresa como al familiarizarse con nuevas \u00e1reas de responsabilidad.<\/p><h3>Transferencia de conocimientos entre sedes<\/h3><p>Con el software 1Tool Wiki, puedes utilizar los conocimientos de forma espec\u00edfica dentro de la empresa y hacerlos transparentes y f\u00e1cilmente accesibles para tus empleados en todos los departamentos y la empresa. Adem\u00e1s del enorme potencial de ahorro en la b\u00fasqueda de documentos, informaci\u00f3n y datos importantes, t\u00fa y tus empleados os benefici\u00e1is de unos canales de comunicaci\u00f3n mucho m\u00e1s cortos. <\/p><p>Tambi\u00e9n puedes utilizar asignaciones y autorizaciones para garantizar f\u00e1cilmente que todos los empleados, departamentos, etc. necesarios tengan acceso a los recursos pertinentes para resolver los problemas y consultas de los clientes. Tambi\u00e9n puedes utilizar asignaciones y autorizaciones para garantizar f\u00e1cilmente que todos los empleados, departamentos, etc. necesarios tengan acceso a los recursos pertinentes para resolver los problemas y consultas de los clientes.<\/p><h3>Una base de datos de conocimientos para m\u00faltiples formatos<\/h3><p>Con s\u00f3lo unos clics, la base de datos de conocimientos de 1Tool est\u00e1 lista para almacenar cualquier informaci\u00f3n, como directrices, listas de comprobaci\u00f3n, instrucciones y mucho m\u00e1s. Puedes personalizar esta informaci\u00f3n seg\u00fan tus necesidades y tu grupo objetivo.  Desde simples art\u00edculos de texto, im\u00e1genes, tablas e iconos hasta v\u00eddeos y mapas, los conocimientos de tu empresa pueden presentarse de forma f\u00e1cilmente comprensible para empleados, clientes o socios.<\/p><p>Adem\u00e1s de la b\u00fasqueda simplificada mediante palabras clave y categor\u00edas, los documentos importantes tambi\u00e9n pueden descargarse directamente como archivos PDF para imprimirlos o enviarlos por correo electr\u00f3nico.<\/p><h3>Principales ventajas del software de gesti\u00f3n del conocimiento 1Tool<\/h3><h4>1. aumento sostenible del rendimiento<\/h4><p>Como puedes utilizar la Wiki de 1Tool para capturar conocimientos valiosos con s\u00f3lo pulsar un bot\u00f3n y hacerlos accesibles a los empleados en una ubicaci\u00f3n central, podr\u00e1s aumentar de forma sostenible el rendimiento y la calidad del servicio.<\/p><h4>2. transferencia eficaz de conocimientos<\/h4><p>Una base de datos de conocimientos como la soluci\u00f3n 1Tool favorece el intercambio eficaz de conocimientos entre los empleados y ofrece la oportunidad de aprender de compa\u00f1eros experimentados o de conservar conocimientos importantes dentro de la empresa, incluso si los empleados abandonan la organizaci\u00f3n, por ejemplo por jubilaci\u00f3n.<\/p><h4>3. acceso independiente de la ubicaci\u00f3n y el tiempo<\/h4><p>Gracias a la interfaz basada en web de 1Tool Wiki, los empleados sobre el terreno o que trabajan desde casa tambi\u00e9n pueden acceder a la base de datos de conocimientos en cualquier momento y avanzar en su trabajo con la ayuda de informes almacenados, documentaci\u00f3n, etc.<\/p>\t\t\t\t\t\t\t\t<\/div>\n\t\t\t\t<\/div>\n\t\t\t\t\t<\/div>\n\t\t<\/div>\n\t\t\t\t\t<\/div>\n\t\t<\/section>\n\t\t\t\t\t<\/div>\n\t\t<\/div>\n\t\t\t\t\t<\/div>\n\t\t<\/section>\n\t\t\t\t<\/div>\n\t\t","protected":false},"excerpt":{"rendered":"<p>Gesti\u00f3n del conocimiento Mejor servicio al cliente gracias a una gesti\u00f3n optimizada de la informaci\u00f3n Gesti\u00f3n del conocimiento profesional El m\u00f3dulo Wiki de 1Tool es una moderna y sofisticada herramienta de conocimiento y colaboraci\u00f3n. El amplio conjunto de funciones, la intuitiva interfaz de usuario, el potente editor de texto enriquecido y el continuo desarrollo hacen [&hellip;]<\/p>\n","protected":false},"author":1,"featured_media":0,"parent":74689,"menu_order":0,"comment_status":"closed","ping_status":"closed","template":"","meta":{"inline_featured_image":false,"footnotes":""},"class_list":["post-74540","page","type-page","status-publish","hentry"],"acf":[],"yoast_head":"<!-- This site is optimized with the Yoast SEO plugin v27.5 - https:\/\/yoast.com\/product\/yoast-seo-wordpress\/ -->\n<title>Gesti\u00f3n del conocimiento - 1Tool<\/title>\n<meta name=\"robots\" content=\"index, follow, max-snippet:-1, max-image-preview:large, max-video-preview:-1\" \/>\n<link rel=\"canonical\" href=\"https:\/\/www.1tool.com\/es\/modulos\/organizacion-y-servicio\/wiki\/funciones-modulo-wiki\/gestion-del-conocimiento\/\" \/>\n<meta property=\"og:locale\" content=\"es_ES\" \/>\n<meta property=\"og:type\" content=\"article\" \/>\n<meta property=\"og:title\" content=\"Gesti\u00f3n del conocimiento - 1Tool\" \/>\n<meta property=\"og:description\" content=\"Gesti\u00f3n del conocimiento Mejor servicio al cliente gracias a una gesti\u00f3n optimizada de la informaci\u00f3n Gesti\u00f3n del conocimiento profesional El m\u00f3dulo Wiki de 1Tool es una moderna y sofisticada herramienta de conocimiento y colaboraci\u00f3n. El amplio conjunto de funciones, la intuitiva interfaz de usuario, el potente editor de texto enriquecido y el continuo desarrollo hacen [&hellip;]\" \/>\n<meta property=\"og:url\" content=\"https:\/\/www.1tool.com\/es\/modulos\/organizacion-y-servicio\/wiki\/funciones-modulo-wiki\/gestion-del-conocimiento\/\" \/>\n<meta property=\"og:site_name\" content=\"1Tool\" \/>\n<meta property=\"article:modified_time\" content=\"2026-05-04T12:26:12+00:00\" \/>\n<meta name=\"twitter:card\" content=\"summary_large_image\" \/>\n<meta name=\"twitter:label1\" content=\"Tiempo de lectura\" \/>\n\t<meta name=\"twitter:data1\" content=\"3 minutos\" \/>\n<script type=\"application\/ld+json\" class=\"yoast-schema-graph\">{\"@context\":\"https:\\\/\\\/schema.org\",\"@graph\":[{\"@type\":\"WebPage\",\"@id\":\"https:\\\/\\\/www.1tool.com\\\/es\\\/modulos\\\/organizacion-y-servicio\\\/wiki\\\/funciones-modulo-wiki\\\/gestion-del-conocimiento\\\/\",\"url\":\"https:\\\/\\\/www.1tool.com\\\/es\\\/modulos\\\/organizacion-y-servicio\\\/wiki\\\/funciones-modulo-wiki\\\/gestion-del-conocimiento\\\/\",\"name\":\"Gesti\u00f3n del conocimiento - 1Tool\",\"isPartOf\":{\"@id\":\"https:\\\/\\\/www.1tool.com\\\/es\\\/#website\"},\"datePublished\":\"2022-03-30T16:38:09+00:00\",\"dateModified\":\"2026-05-04T12:26:12+00:00\",\"breadcrumb\":{\"@id\":\"https:\\\/\\\/www.1tool.com\\\/es\\\/modulos\\\/organizacion-y-servicio\\\/wiki\\\/funciones-modulo-wiki\\\/gestion-del-conocimiento\\\/#breadcrumb\"},\"inLanguage\":\"es\",\"potentialAction\":[{\"@type\":\"ReadAction\",\"target\":[\"https:\\\/\\\/www.1tool.com\\\/es\\\/modulos\\\/organizacion-y-servicio\\\/wiki\\\/funciones-modulo-wiki\\\/gestion-del-conocimiento\\\/\"]}]},{\"@type\":\"BreadcrumbList\",\"@id\":\"https:\\\/\\\/www.1tool.com\\\/es\\\/modulos\\\/organizacion-y-servicio\\\/wiki\\\/funciones-modulo-wiki\\\/gestion-del-conocimiento\\\/#breadcrumb\",\"itemListElement\":[{\"@type\":\"ListItem\",\"position\":1,\"name\":\"Home\",\"item\":\"https:\\\/\\\/www.1tool.com\\\/es\\\/\"},{\"@type\":\"ListItem\",\"position\":2,\"name\":\"M\u00f3dulos\",\"item\":\"https:\\\/\\\/www.1tool.com\\\/es\\\/modulos\\\/\"},{\"@type\":\"ListItem\",\"position\":3,\"name\":\"Organizaci\u00f3n y Servicio\",\"item\":\"https:\\\/\\\/www.1tool.com\\\/es\\\/modulos\\\/organizacion-y-servicio\\\/\"},{\"@type\":\"ListItem\",\"position\":4,\"name\":\"Wiki\",\"item\":\"https:\\\/\\\/www.1tool.com\\\/es\\\/modulos\\\/organizacion-y-servicio\\\/wiki\\\/\"},{\"@type\":\"ListItem\",\"position\":5,\"name\":\"Funciones M\u00f3dulo Wiki\",\"item\":\"https:\\\/\\\/www.1tool.com\\\/es\\\/modulos\\\/organizacion-y-servicio\\\/wiki\\\/funciones-modulo-wiki\\\/\"},{\"@type\":\"ListItem\",\"position\":6,\"name\":\"Gesti\u00f3n del conocimiento\"}]},{\"@type\":\"WebSite\",\"@id\":\"https:\\\/\\\/www.1tool.com\\\/es\\\/#website\",\"url\":\"https:\\\/\\\/www.1tool.com\\\/es\\\/\",\"name\":\"1Tool\",\"description\":\"CRM\",\"publisher\":{\"@id\":\"https:\\\/\\\/www.1tool.com\\\/es\\\/#organization\"},\"potentialAction\":[{\"@type\":\"SearchAction\",\"target\":{\"@type\":\"EntryPoint\",\"urlTemplate\":\"https:\\\/\\\/www.1tool.com\\\/es\\\/?s={search_term_string}\"},\"query-input\":{\"@type\":\"PropertyValueSpecification\",\"valueRequired\":true,\"valueName\":\"search_term_string\"}}],\"inLanguage\":\"es\"},{\"@type\":\"Organization\",\"@id\":\"https:\\\/\\\/www.1tool.com\\\/es\\\/#organization\",\"name\":\"1Tool\",\"url\":\"https:\\\/\\\/www.1tool.com\\\/es\\\/\",\"logo\":{\"@type\":\"ImageObject\",\"inLanguage\":\"es\",\"@id\":\"https:\\\/\\\/www.1tool.com\\\/es\\\/#\\\/schema\\\/logo\\\/image\\\/\",\"url\":\"https:\\\/\\\/www.1tool.com\\\/wp-content\\\/uploads\\\/2022\\\/04\\\/1tool-1.png\",\"contentUrl\":\"https:\\\/\\\/www.1tool.com\\\/wp-content\\\/uploads\\\/2022\\\/04\\\/1tool-1.png\",\"width\":400,\"height\":150,\"caption\":\"1Tool\"},\"image\":{\"@id\":\"https:\\\/\\\/www.1tool.com\\\/es\\\/#\\\/schema\\\/logo\\\/image\\\/\"}}]}<\/script>\n<!-- \/ Yoast SEO plugin. -->","yoast_head_json":{"title":"Gesti\u00f3n del conocimiento - 1Tool","robots":{"index":"index","follow":"follow","max-snippet":"max-snippet:-1","max-image-preview":"max-image-preview:large","max-video-preview":"max-video-preview:-1"},"canonical":"https:\/\/www.1tool.com\/es\/modulos\/organizacion-y-servicio\/wiki\/funciones-modulo-wiki\/gestion-del-conocimiento\/","og_locale":"es_ES","og_type":"article","og_title":"Gesti\u00f3n del conocimiento - 1Tool","og_description":"Gesti\u00f3n del conocimiento Mejor servicio al cliente gracias a una gesti\u00f3n optimizada de la informaci\u00f3n Gesti\u00f3n del conocimiento profesional El m\u00f3dulo Wiki de 1Tool es una moderna y sofisticada herramienta de conocimiento y colaboraci\u00f3n. El amplio conjunto de funciones, la intuitiva interfaz de usuario, el potente editor de texto enriquecido y el continuo desarrollo hacen [&hellip;]","og_url":"https:\/\/www.1tool.com\/es\/modulos\/organizacion-y-servicio\/wiki\/funciones-modulo-wiki\/gestion-del-conocimiento\/","og_site_name":"1Tool","article_modified_time":"2026-05-04T12:26:12+00:00","twitter_card":"summary_large_image","twitter_misc":{"Tiempo de lectura":"3 minutos"},"schema":{"@context":"https:\/\/schema.org","@graph":[{"@type":"WebPage","@id":"https:\/\/www.1tool.com\/es\/modulos\/organizacion-y-servicio\/wiki\/funciones-modulo-wiki\/gestion-del-conocimiento\/","url":"https:\/\/www.1tool.com\/es\/modulos\/organizacion-y-servicio\/wiki\/funciones-modulo-wiki\/gestion-del-conocimiento\/","name":"Gesti\u00f3n del conocimiento - 1Tool","isPartOf":{"@id":"https:\/\/www.1tool.com\/es\/#website"},"datePublished":"2022-03-30T16:38:09+00:00","dateModified":"2026-05-04T12:26:12+00:00","breadcrumb":{"@id":"https:\/\/www.1tool.com\/es\/modulos\/organizacion-y-servicio\/wiki\/funciones-modulo-wiki\/gestion-del-conocimiento\/#breadcrumb"},"inLanguage":"es","potentialAction":[{"@type":"ReadAction","target":["https:\/\/www.1tool.com\/es\/modulos\/organizacion-y-servicio\/wiki\/funciones-modulo-wiki\/gestion-del-conocimiento\/"]}]},{"@type":"BreadcrumbList","@id":"https:\/\/www.1tool.com\/es\/modulos\/organizacion-y-servicio\/wiki\/funciones-modulo-wiki\/gestion-del-conocimiento\/#breadcrumb","itemListElement":[{"@type":"ListItem","position":1,"name":"Home","item":"https:\/\/www.1tool.com\/es\/"},{"@type":"ListItem","position":2,"name":"M\u00f3dulos","item":"https:\/\/www.1tool.com\/es\/modulos\/"},{"@type":"ListItem","position":3,"name":"Organizaci\u00f3n y Servicio","item":"https:\/\/www.1tool.com\/es\/modulos\/organizacion-y-servicio\/"},{"@type":"ListItem","position":4,"name":"Wiki","item":"https:\/\/www.1tool.com\/es\/modulos\/organizacion-y-servicio\/wiki\/"},{"@type":"ListItem","position":5,"name":"Funciones M\u00f3dulo Wiki","item":"https:\/\/www.1tool.com\/es\/modulos\/organizacion-y-servicio\/wiki\/funciones-modulo-wiki\/"},{"@type":"ListItem","position":6,"name":"Gesti\u00f3n del conocimiento"}]},{"@type":"WebSite","@id":"https:\/\/www.1tool.com\/es\/#website","url":"https:\/\/www.1tool.com\/es\/","name":"1Tool","description":"CRM","publisher":{"@id":"https:\/\/www.1tool.com\/es\/#organization"},"potentialAction":[{"@type":"SearchAction","target":{"@type":"EntryPoint","urlTemplate":"https:\/\/www.1tool.com\/es\/?s={search_term_string}"},"query-input":{"@type":"PropertyValueSpecification","valueRequired":true,"valueName":"search_term_string"}}],"inLanguage":"es"},{"@type":"Organization","@id":"https:\/\/www.1tool.com\/es\/#organization","name":"1Tool","url":"https:\/\/www.1tool.com\/es\/","logo":{"@type":"ImageObject","inLanguage":"es","@id":"https:\/\/www.1tool.com\/es\/#\/schema\/logo\/image\/","url":"https:\/\/www.1tool.com\/wp-content\/uploads\/2022\/04\/1tool-1.png","contentUrl":"https:\/\/www.1tool.com\/wp-content\/uploads\/2022\/04\/1tool-1.png","width":400,"height":150,"caption":"1Tool"},"image":{"@id":"https:\/\/www.1tool.com\/es\/#\/schema\/logo\/image\/"}}]}},"_links":{"self":[{"href":"https:\/\/www.1tool.com\/es\/wp-json\/wp\/v2\/pages\/74540","targetHints":{"allow":["GET"]}}],"collection":[{"href":"https:\/\/www.1tool.com\/es\/wp-json\/wp\/v2\/pages"}],"about":[{"href":"https:\/\/www.1tool.com\/es\/wp-json\/wp\/v2\/types\/page"}],"author":[{"embeddable":true,"href":"https:\/\/www.1tool.com\/es\/wp-json\/wp\/v2\/users\/1"}],"replies":[{"embeddable":true,"href":"https:\/\/www.1tool.com\/es\/wp-json\/wp\/v2\/comments?post=74540"}],"version-history":[{"count":1,"href":"https:\/\/www.1tool.com\/es\/wp-json\/wp\/v2\/pages\/74540\/revisions"}],"predecessor-version":[{"id":74541,"href":"https:\/\/www.1tool.com\/es\/wp-json\/wp\/v2\/pages\/74540\/revisions\/74541"}],"up":[{"embeddable":true,"href":"https:\/\/www.1tool.com\/es\/wp-json\/wp\/v2\/pages\/74689"}],"wp:attachment":[{"href":"https:\/\/www.1tool.com\/es\/wp-json\/wp\/v2\/media?parent=74540"}],"curies":[{"name":"wp","href":"https:\/\/api.w.org\/{rel}","templated":true}]}}