{"id":74549,"date":"2022-03-30T18:25:27","date_gmt":"2022-03-30T16:25:27","guid":{"rendered":"https:\/\/www.1tool.com\/faq-reservas\/"},"modified":"2026-05-04T14:26:15","modified_gmt":"2026-05-04T12:26:15","slug":"faq-reservas","status":"publish","type":"page","link":"https:\/\/www.1tool.com\/es\/modulos\/modulos-especiales\/reservas\/funciones-modulo-de-reservas\/faq-reservas\/","title":{"rendered":"FAQ Reservas"},"content":{"rendered":"\t\t<div data-elementor-type=\"wp-page\" data-elementor-id=\"74549\" class=\"elementor elementor-74549 elementor-49437\" data-elementor-post-type=\"page\">\n\t\t\t\t\t\t<section class=\"elementor-section elementor-top-section elementor-element elementor-element-9f58b98 elementor-section-boxed elementor-section-height-default elementor-section-height-default shadepro-adv-gradient-no shadepro-sticky-no\" data-id=\"9f58b98\" data-element_type=\"section\" data-e-type=\"section\" data-settings=\"{&quot;shadepro_sticky&quot;:&quot;no&quot;}\">\n\t\t\t\t\t\t<div class=\"elementor-container elementor-column-gap-default\">\n\t\t\t\t\t<div class=\"elementor-column elementor-col-100 elementor-top-column elementor-element elementor-element-acdc190\" data-id=\"acdc190\" data-element_type=\"column\" data-e-type=\"column\">\n\t\t\t<div class=\"elementor-widget-wrap elementor-element-populated\">\n\t\t\t\t\t\t<div class=\"elementor-element elementor-element-6f7cc0b shadepro-sticky-no elementor-widget elementor-widget-heading\" data-id=\"6f7cc0b\" data-element_type=\"widget\" data-e-type=\"widget\" data-settings=\"{&quot;shadepro_sticky&quot;:&quot;no&quot;}\" data-widget_type=\"heading.default\">\n\t\t\t\t<div class=\"elementor-widget-container\">\n\t\t\t\t\t<h1 class=\"elementor-heading-title elementor-size-default\">FAQ Reservas<\/h1>\t\t\t\t<\/div>\n\t\t\t\t<\/div>\n\t\t\t\t<div class=\"elementor-element elementor-element-87cfe68 shadepro-sticky-no elementor-widget elementor-widget-text-editor\" data-id=\"87cfe68\" data-element_type=\"widget\" data-e-type=\"widget\" data-settings=\"{&quot;shadepro_sticky&quot;:&quot;no&quot;}\" data-widget_type=\"text-editor.default\">\n\t\t\t\t<div class=\"elementor-widget-container\">\n\t\t\t\t\t\t\t\t\t<p>Aqu\u00ed encontrar\u00e1s las preguntas m\u00e1s importantes sobre el sistema de reservas 1Tool<\/p>\t\t\t\t\t\t\t\t<\/div>\n\t\t\t\t<\/div>\n\t\t\t\t<section class=\"elementor-section elementor-inner-section elementor-element elementor-element-1df49be elementor-section-boxed elementor-section-height-default elementor-section-height-default shadepro-adv-gradient-no shadepro-sticky-no\" data-id=\"1df49be\" data-element_type=\"section\" data-e-type=\"section\" data-settings=\"{&quot;shadepro_sticky&quot;:&quot;no&quot;}\">\n\t\t\t\t\t\t<div class=\"elementor-container elementor-column-gap-default\">\n\t\t\t\t\t<div class=\"elementor-column elementor-col-100 elementor-inner-column elementor-element elementor-element-a54eaa7\" data-id=\"a54eaa7\" data-element_type=\"column\" data-e-type=\"column\">\n\t\t\t<div class=\"elementor-widget-wrap elementor-element-populated\">\n\t\t\t\t\t\t<div class=\"elementor-element elementor-element-3db9930 shadepro-sticky-no elementor-widget elementor-widget-text-editor\" data-id=\"3db9930\" data-element_type=\"widget\" data-e-type=\"widget\" data-settings=\"{&quot;shadepro_sticky&quot;:&quot;no&quot;}\" data-widget_type=\"text-editor.default\">\n\t\t\t\t<div class=\"elementor-widget-container\">\n\t\t\t\t\t\t\t\t\t<h3>Costes de formaci\u00f3n<\/h3><p><em><strong>\u00bfCu\u00e1nta formaci\u00f3n se necesita para el m\u00f3dulo de reservas?<\/strong><\/em><\/p><p>No necesitas ser un experto en inform\u00e1tica para utilizar el m\u00f3dulo de reservas. El sistema est\u00e1 claramente organizado para que encuentres lo que buscas de forma r\u00e1pida y sencilla. Suponemos que podr\u00e1s utilizar el sistema de reservas tras 20 minutos de formaci\u00f3n telef\u00f3nica.  <\/p><h3>Infraestructura<\/h3><p><em><strong>\u00bfQu\u00e9 sistema inform\u00e1tico se necesita para el m\u00f3dulo de reservas?<\/strong><\/em><\/p><p>S\u00f3lo necesitas un acceso est\u00e1ndar a Internet para trabajar con el m\u00f3dulo de reservas. No es necesario que instales tu propio software. Si tienes acceso a Internet a trav\u00e9s de tu tel\u00e9fono m\u00f3vil, tambi\u00e9n puedes utilizar el sistema de reservas sobre la marcha. Todo lo que necesitas para utilizarlo es un navegador est\u00e1ndar. El sistema de reservas est\u00e1 probado en los sistemas operativos Windows, Mac y Linux. Se han realizado varias pruebas con Internet Explorer, Mozilla Firefox, Safari y Opera, entre otros.     <\/p><h3>Protecci\u00f3n de datos<\/h3><p><em><strong>\u00bfY la seguridad de los datos?<\/strong><\/em><\/p><p>Tus datos est\u00e1n seguros con nosotros. Creamos copias de seguridad peri\u00f3dicas, almacenamos los datos en varios servidores y protegemos nuestros sistemas con cortafuegos y controles de acceso especiales. El m\u00f3dulo de reservas funciona como una soluci\u00f3n en la nube en un centro de datos seguro en Europa. Esto significa que no necesitas tu propia infraestructura de servidores y que nos ocupamos de la seguridad de los datos, la disponibilidad y las copias de seguridad. Esto te ahorra mucho tiempo y dinero.    <\/p><h3>Integraci\u00f3n<\/h3><p><em><strong>\u00bfEl m\u00f3dulo de reservas tambi\u00e9n se puede integrar en mi propio sitio web?<\/strong><\/em><\/p><p>S\u00ed, el m\u00f3dulo de reservas puede integrarse f\u00e1cilmente en cualquier sitio web. Si integras el m\u00f3dulo de reservas en el sitio web de tu empresa, tus hu\u00e9spedes pueden ver online cu\u00e1ndo tienes qu\u00e9 habitaciones y paquetes disponibles. Las consultas se te env\u00edan por correo electr\u00f3nico. Tus hu\u00e9spedes tambi\u00e9n pueden reservar directamente en el sitio web.   <\/p><h3>Personalizaci\u00f3n<\/h3><p><em><strong>\u00bfSe puede personalizar el m\u00f3dulo de reservas seg\u00fan mis necesidades?<\/strong><\/em><\/p><p>El dise\u00f1o del m\u00f3dulo de reservas se puede personalizar seg\u00fan tu sitio web. Tambi\u00e9n tienes la opci\u00f3n de definir diferentes categor\u00edas de precios y paquetes de ofertas. Si adem\u00e1s utilizas nuestro sistema 1Tool, puedes enviar a tus hu\u00e9spedes un bolet\u00edn personalizado. Mediante los an\u00e1lisis, puedes ver de un vistazo cu\u00e1ntos destinatarios han le\u00eddo tu correo electr\u00f3nico y si se han entregado todos los correos.   <\/p>\t\t\t\t\t\t\t\t<\/div>\n\t\t\t\t<\/div>\n\t\t\t\t\t<\/div>\n\t\t<\/div>\n\t\t\t\t\t<\/div>\n\t\t<\/section>\n\t\t\t\t\t<\/div>\n\t\t<\/div>\n\t\t\t\t\t<\/div>\n\t\t<\/section>\n\t\t\t\t<\/div>\n\t\t","protected":false},"excerpt":{"rendered":"<p>FAQ Reservas Aqu\u00ed encontrar\u00e1s las preguntas m\u00e1s importantes sobre el sistema de reservas 1Tool Costes de formaci\u00f3n \u00bfCu\u00e1nta formaci\u00f3n se necesita para el m\u00f3dulo de reservas? No necesitas ser un experto en inform\u00e1tica para utilizar el m\u00f3dulo de reservas. El sistema est\u00e1 claramente organizado para que encuentres lo que buscas de forma r\u00e1pida y sencilla. [&hellip;]<\/p>\n","protected":false},"author":1,"featured_media":0,"parent":74700,"menu_order":0,"comment_status":"closed","ping_status":"closed","template":"","meta":{"inline_featured_image":false,"footnotes":""},"class_list":["post-74549","page","type-page","status-publish","hentry"],"acf":[],"yoast_head":"<!-- This site is optimized with the Yoast SEO plugin v27.5 - https:\/\/yoast.com\/product\/yoast-seo-wordpress\/ -->\n<title>FAQ Reservas - 1Tool<\/title>\n<meta name=\"robots\" content=\"index, follow, max-snippet:-1, max-image-preview:large, max-video-preview:-1\" \/>\n<link rel=\"canonical\" href=\"https:\/\/www.1tool.com\/es\/modulos\/modulos-especiales\/reservas\/funciones-modulo-de-reservas\/faq-reservas\/\" \/>\n<meta property=\"og:locale\" content=\"es_ES\" \/>\n<meta property=\"og:type\" content=\"article\" \/>\n<meta property=\"og:title\" content=\"FAQ Reservas - 1Tool\" \/>\n<meta property=\"og:description\" content=\"FAQ Reservas Aqu\u00ed encontrar\u00e1s las preguntas m\u00e1s importantes sobre el sistema de reservas 1Tool Costes de formaci\u00f3n \u00bfCu\u00e1nta formaci\u00f3n se necesita para el m\u00f3dulo de reservas? No necesitas ser un experto en inform\u00e1tica para utilizar el m\u00f3dulo de reservas. El sistema est\u00e1 claramente organizado para que encuentres lo que buscas de forma r\u00e1pida y sencilla. [&hellip;]\" \/>\n<meta property=\"og:url\" content=\"https:\/\/www.1tool.com\/es\/modulos\/modulos-especiales\/reservas\/funciones-modulo-de-reservas\/faq-reservas\/\" \/>\n<meta property=\"og:site_name\" content=\"1Tool\" \/>\n<meta property=\"article:modified_time\" content=\"2026-05-04T12:26:15+00:00\" \/>\n<meta name=\"twitter:card\" content=\"summary_large_image\" \/>\n<meta name=\"twitter:label1\" content=\"Tiempo de lectura\" \/>\n\t<meta name=\"twitter:data1\" content=\"2 minutos\" \/>\n<script type=\"application\/ld+json\" class=\"yoast-schema-graph\">{\"@context\":\"https:\\\/\\\/schema.org\",\"@graph\":[{\"@type\":\"WebPage\",\"@id\":\"https:\\\/\\\/www.1tool.com\\\/es\\\/modulos\\\/modulos-especiales\\\/reservas\\\/funciones-modulo-de-reservas\\\/faq-reservas\\\/\",\"url\":\"https:\\\/\\\/www.1tool.com\\\/es\\\/modulos\\\/modulos-especiales\\\/reservas\\\/funciones-modulo-de-reservas\\\/faq-reservas\\\/\",\"name\":\"FAQ Reservas - 1Tool\",\"isPartOf\":{\"@id\":\"https:\\\/\\\/www.1tool.com\\\/es\\\/#website\"},\"datePublished\":\"2022-03-30T16:25:27+00:00\",\"dateModified\":\"2026-05-04T12:26:15+00:00\",\"breadcrumb\":{\"@id\":\"https:\\\/\\\/www.1tool.com\\\/es\\\/modulos\\\/modulos-especiales\\\/reservas\\\/funciones-modulo-de-reservas\\\/faq-reservas\\\/#breadcrumb\"},\"inLanguage\":\"es\",\"potentialAction\":[{\"@type\":\"ReadAction\",\"target\":[\"https:\\\/\\\/www.1tool.com\\\/es\\\/modulos\\\/modulos-especiales\\\/reservas\\\/funciones-modulo-de-reservas\\\/faq-reservas\\\/\"]}]},{\"@type\":\"BreadcrumbList\",\"@id\":\"https:\\\/\\\/www.1tool.com\\\/es\\\/modulos\\\/modulos-especiales\\\/reservas\\\/funciones-modulo-de-reservas\\\/faq-reservas\\\/#breadcrumb\",\"itemListElement\":[{\"@type\":\"ListItem\",\"position\":1,\"name\":\"Home\",\"item\":\"https:\\\/\\\/www.1tool.com\\\/es\\\/\"},{\"@type\":\"ListItem\",\"position\":2,\"name\":\"M\u00f3dulos\",\"item\":\"https:\\\/\\\/www.1tool.com\\\/es\\\/modulos\\\/\"},{\"@type\":\"ListItem\",\"position\":3,\"name\":\"M\u00f3dulos especiales\",\"item\":\"https:\\\/\\\/www.1tool.com\\\/es\\\/modulos\\\/modulos-especiales\\\/\"},{\"@type\":\"ListItem\",\"position\":4,\"name\":\"Reservas\",\"item\":\"https:\\\/\\\/www.1tool.com\\\/es\\\/modulos\\\/modulos-especiales\\\/reservas\\\/\"},{\"@type\":\"ListItem\",\"position\":5,\"name\":\"Funciones M\u00f3dulo de reservas\",\"item\":\"https:\\\/\\\/www.1tool.com\\\/es\\\/modulos\\\/modulos-especiales\\\/reservas\\\/funciones-modulo-de-reservas\\\/\"},{\"@type\":\"ListItem\",\"position\":6,\"name\":\"FAQ Reservas\"}]},{\"@type\":\"WebSite\",\"@id\":\"https:\\\/\\\/www.1tool.com\\\/es\\\/#website\",\"url\":\"https:\\\/\\\/www.1tool.com\\\/es\\\/\",\"name\":\"1Tool\",\"description\":\"CRM\",\"publisher\":{\"@id\":\"https:\\\/\\\/www.1tool.com\\\/es\\\/#organization\"},\"potentialAction\":[{\"@type\":\"SearchAction\",\"target\":{\"@type\":\"EntryPoint\",\"urlTemplate\":\"https:\\\/\\\/www.1tool.com\\\/es\\\/?s={search_term_string}\"},\"query-input\":{\"@type\":\"PropertyValueSpecification\",\"valueRequired\":true,\"valueName\":\"search_term_string\"}}],\"inLanguage\":\"es\"},{\"@type\":\"Organization\",\"@id\":\"https:\\\/\\\/www.1tool.com\\\/es\\\/#organization\",\"name\":\"1Tool\",\"url\":\"https:\\\/\\\/www.1tool.com\\\/es\\\/\",\"logo\":{\"@type\":\"ImageObject\",\"inLanguage\":\"es\",\"@id\":\"https:\\\/\\\/www.1tool.com\\\/es\\\/#\\\/schema\\\/logo\\\/image\\\/\",\"url\":\"https:\\\/\\\/www.1tool.com\\\/wp-content\\\/uploads\\\/2022\\\/04\\\/1tool-1.png\",\"contentUrl\":\"https:\\\/\\\/www.1tool.com\\\/wp-content\\\/uploads\\\/2022\\\/04\\\/1tool-1.png\",\"width\":400,\"height\":150,\"caption\":\"1Tool\"},\"image\":{\"@id\":\"https:\\\/\\\/www.1tool.com\\\/es\\\/#\\\/schema\\\/logo\\\/image\\\/\"}}]}<\/script>\n<!-- \/ Yoast SEO plugin. -->","yoast_head_json":{"title":"FAQ Reservas - 1Tool","robots":{"index":"index","follow":"follow","max-snippet":"max-snippet:-1","max-image-preview":"max-image-preview:large","max-video-preview":"max-video-preview:-1"},"canonical":"https:\/\/www.1tool.com\/es\/modulos\/modulos-especiales\/reservas\/funciones-modulo-de-reservas\/faq-reservas\/","og_locale":"es_ES","og_type":"article","og_title":"FAQ Reservas - 1Tool","og_description":"FAQ Reservas Aqu\u00ed encontrar\u00e1s las preguntas m\u00e1s importantes sobre el sistema de reservas 1Tool Costes de formaci\u00f3n \u00bfCu\u00e1nta formaci\u00f3n se necesita para el m\u00f3dulo de reservas? No necesitas ser un experto en inform\u00e1tica para utilizar el m\u00f3dulo de reservas. El sistema est\u00e1 claramente organizado para que encuentres lo que buscas de forma r\u00e1pida y sencilla. [&hellip;]","og_url":"https:\/\/www.1tool.com\/es\/modulos\/modulos-especiales\/reservas\/funciones-modulo-de-reservas\/faq-reservas\/","og_site_name":"1Tool","article_modified_time":"2026-05-04T12:26:15+00:00","twitter_card":"summary_large_image","twitter_misc":{"Tiempo de lectura":"2 minutos"},"schema":{"@context":"https:\/\/schema.org","@graph":[{"@type":"WebPage","@id":"https:\/\/www.1tool.com\/es\/modulos\/modulos-especiales\/reservas\/funciones-modulo-de-reservas\/faq-reservas\/","url":"https:\/\/www.1tool.com\/es\/modulos\/modulos-especiales\/reservas\/funciones-modulo-de-reservas\/faq-reservas\/","name":"FAQ Reservas - 1Tool","isPartOf":{"@id":"https:\/\/www.1tool.com\/es\/#website"},"datePublished":"2022-03-30T16:25:27+00:00","dateModified":"2026-05-04T12:26:15+00:00","breadcrumb":{"@id":"https:\/\/www.1tool.com\/es\/modulos\/modulos-especiales\/reservas\/funciones-modulo-de-reservas\/faq-reservas\/#breadcrumb"},"inLanguage":"es","potentialAction":[{"@type":"ReadAction","target":["https:\/\/www.1tool.com\/es\/modulos\/modulos-especiales\/reservas\/funciones-modulo-de-reservas\/faq-reservas\/"]}]},{"@type":"BreadcrumbList","@id":"https:\/\/www.1tool.com\/es\/modulos\/modulos-especiales\/reservas\/funciones-modulo-de-reservas\/faq-reservas\/#breadcrumb","itemListElement":[{"@type":"ListItem","position":1,"name":"Home","item":"https:\/\/www.1tool.com\/es\/"},{"@type":"ListItem","position":2,"name":"M\u00f3dulos","item":"https:\/\/www.1tool.com\/es\/modulos\/"},{"@type":"ListItem","position":3,"name":"M\u00f3dulos especiales","item":"https:\/\/www.1tool.com\/es\/modulos\/modulos-especiales\/"},{"@type":"ListItem","position":4,"name":"Reservas","item":"https:\/\/www.1tool.com\/es\/modulos\/modulos-especiales\/reservas\/"},{"@type":"ListItem","position":5,"name":"Funciones M\u00f3dulo de reservas","item":"https:\/\/www.1tool.com\/es\/modulos\/modulos-especiales\/reservas\/funciones-modulo-de-reservas\/"},{"@type":"ListItem","position":6,"name":"FAQ Reservas"}]},{"@type":"WebSite","@id":"https:\/\/www.1tool.com\/es\/#website","url":"https:\/\/www.1tool.com\/es\/","name":"1Tool","description":"CRM","publisher":{"@id":"https:\/\/www.1tool.com\/es\/#organization"},"potentialAction":[{"@type":"SearchAction","target":{"@type":"EntryPoint","urlTemplate":"https:\/\/www.1tool.com\/es\/?s={search_term_string}"},"query-input":{"@type":"PropertyValueSpecification","valueRequired":true,"valueName":"search_term_string"}}],"inLanguage":"es"},{"@type":"Organization","@id":"https:\/\/www.1tool.com\/es\/#organization","name":"1Tool","url":"https:\/\/www.1tool.com\/es\/","logo":{"@type":"ImageObject","inLanguage":"es","@id":"https:\/\/www.1tool.com\/es\/#\/schema\/logo\/image\/","url":"https:\/\/www.1tool.com\/wp-content\/uploads\/2022\/04\/1tool-1.png","contentUrl":"https:\/\/www.1tool.com\/wp-content\/uploads\/2022\/04\/1tool-1.png","width":400,"height":150,"caption":"1Tool"},"image":{"@id":"https:\/\/www.1tool.com\/es\/#\/schema\/logo\/image\/"}}]}},"_links":{"self":[{"href":"https:\/\/www.1tool.com\/es\/wp-json\/wp\/v2\/pages\/74549","targetHints":{"allow":["GET"]}}],"collection":[{"href":"https:\/\/www.1tool.com\/es\/wp-json\/wp\/v2\/pages"}],"about":[{"href":"https:\/\/www.1tool.com\/es\/wp-json\/wp\/v2\/types\/page"}],"author":[{"embeddable":true,"href":"https:\/\/www.1tool.com\/es\/wp-json\/wp\/v2\/users\/1"}],"replies":[{"embeddable":true,"href":"https:\/\/www.1tool.com\/es\/wp-json\/wp\/v2\/comments?post=74549"}],"version-history":[{"count":1,"href":"https:\/\/www.1tool.com\/es\/wp-json\/wp\/v2\/pages\/74549\/revisions"}],"predecessor-version":[{"id":74551,"href":"https:\/\/www.1tool.com\/es\/wp-json\/wp\/v2\/pages\/74549\/revisions\/74551"}],"up":[{"embeddable":true,"href":"https:\/\/www.1tool.com\/es\/wp-json\/wp\/v2\/pages\/74700"}],"wp:attachment":[{"href":"https:\/\/www.1tool.com\/es\/wp-json\/wp\/v2\/media?parent=74549"}],"curies":[{"name":"wp","href":"https:\/\/api.w.org\/{rel}","templated":true}]}}