{"id":74550,"date":"2022-03-30T18:36:45","date_gmt":"2022-03-30T16:36:45","guid":{"rendered":"https:\/\/www.1tool.com\/elearning\/"},"modified":"2026-05-04T14:26:12","modified_gmt":"2026-05-04T12:26:12","slug":"elearning","status":"publish","type":"page","link":"https:\/\/www.1tool.com\/es\/modulos\/organizacion-y-servicio\/wiki\/funciones-modulo-wiki\/elearning\/","title":{"rendered":"eLearning"},"content":{"rendered":"\t\t<div data-elementor-type=\"wp-page\" data-elementor-id=\"74550\" class=\"elementor elementor-74550 elementor-49500\" data-elementor-post-type=\"page\">\n\t\t\t\t\t\t<section class=\"elementor-section elementor-top-section elementor-element elementor-element-b445b27 elementor-section-boxed elementor-section-height-default elementor-section-height-default shadepro-adv-gradient-no shadepro-sticky-no\" data-id=\"b445b27\" data-element_type=\"section\" data-e-type=\"section\" data-settings=\"{&quot;shadepro_sticky&quot;:&quot;no&quot;}\">\n\t\t\t\t\t\t<div class=\"elementor-container elementor-column-gap-default\">\n\t\t\t\t\t<div class=\"elementor-column elementor-col-100 elementor-top-column elementor-element elementor-element-07920bd\" data-id=\"07920bd\" data-element_type=\"column\" data-e-type=\"column\">\n\t\t\t<div class=\"elementor-widget-wrap elementor-element-populated\">\n\t\t\t\t\t\t<div class=\"elementor-element elementor-element-da24ecd shadepro-sticky-no elementor-widget elementor-widget-heading\" data-id=\"da24ecd\" data-element_type=\"widget\" data-e-type=\"widget\" data-settings=\"{&quot;shadepro_sticky&quot;:&quot;no&quot;}\" data-widget_type=\"heading.default\">\n\t\t\t\t<div class=\"elementor-widget-container\">\n\t\t\t\t\t<h1 class=\"elementor-heading-title elementor-size-default\">eLearning<\/h1>\t\t\t\t<\/div>\n\t\t\t\t<\/div>\n\t\t\t\t<div class=\"elementor-element elementor-element-637df97 shadepro-sticky-no elementor-widget elementor-widget-text-editor\" data-id=\"637df97\" data-element_type=\"widget\" data-e-type=\"widget\" data-settings=\"{&quot;shadepro_sticky&quot;:&quot;no&quot;}\" data-widget_type=\"text-editor.default\">\n\t\t\t\t<div class=\"elementor-widget-container\">\n\t\t\t\t\t\t\t\t\t<p>El intercambio de conocimientos en red y el acceso flexible a contenidos de aprendizaje desempe\u00f1an un papel clave en muchas empresas y organizaciones cuando se trata de la formaci\u00f3n continua de sus empleados y miembros.<\/p>\t\t\t\t\t\t\t\t<\/div>\n\t\t\t\t<\/div>\n\t\t\t\t<section class=\"elementor-section elementor-inner-section elementor-element elementor-element-e72f4cb elementor-section-boxed elementor-section-height-default elementor-section-height-default shadepro-adv-gradient-no shadepro-sticky-no\" data-id=\"e72f4cb\" data-element_type=\"section\" data-e-type=\"section\" data-settings=\"{&quot;shadepro_sticky&quot;:&quot;no&quot;}\">\n\t\t\t\t\t\t<div class=\"elementor-container elementor-column-gap-default\">\n\t\t\t\t\t<div class=\"elementor-column elementor-col-100 elementor-inner-column elementor-element elementor-element-0056df0\" data-id=\"0056df0\" data-element_type=\"column\" data-e-type=\"column\">\n\t\t\t<div class=\"elementor-widget-wrap elementor-element-populated\">\n\t\t\t\t\t\t<div class=\"elementor-element elementor-element-ac56549 shadepro-sticky-no elementor-widget elementor-widget-text-editor\" data-id=\"ac56549\" data-element_type=\"widget\" data-e-type=\"widget\" data-settings=\"{&quot;shadepro_sticky&quot;:&quot;no&quot;}\" data-widget_type=\"text-editor.default\">\n\t\t\t\t<div class=\"elementor-widget-container\">\n\t\t\t\t\t\t\t\t\t<h3>Formaci\u00f3n continua para toda la empresa<\/h3><p>Deben tener la oportunidad de ampliar sus conocimientos y cualificaciones en l\u00ednea, independientemente de la hora y el lugar, de modo que cada persona pueda personalizar su tiempo de aprendizaje para adaptarlo a su rutina diaria y a su ritmo de aprendizaje. El \u00e9xito de un sistema de eLearning eficaz radica no s\u00f3lo en la amplia difusi\u00f3n y la atractiva presentaci\u00f3n de los contenidos de aprendizaje, sino tambi\u00e9n en el seguimiento del \u00e9xito del aprendizaje. <\/p><p>El m\u00f3dulo eLearning de 1Tool garantiza una transferencia de conocimientos eficaz en su empresa y la interacci\u00f3n necesaria de diversas tecnolog\u00edas para poder ofrecer a sus empleados unos servicios de formaci\u00f3n \u00f3ptimos.<\/p><p>Por ejemplo, se ha creado una interfaz entre Open edX, una plataforma de c\u00f3digo abierto para cursos en l\u00ednea, y 1Tool. Esto significa que los empleados de una empresa o los miembros de una organizaci\u00f3n, as\u00ed como los cursos que deben realizar, pueden gestionarse f\u00e1cilmente a trav\u00e9s de 1Tool. Los cursos est\u00e1n disponibles como m\u00f3dulos web a trav\u00e9s de la plataforma edX.  <\/p><p>Gracias a la perfecta integraci\u00f3n de 1Tool en el sistema de gesti\u00f3n del aprendizaje (LMS) Open edX, los contactos creados en 1Tool pueden iniciar sesi\u00f3n f\u00e1cilmente en la plataforma y acceder a los cursos en l\u00ednea. 1Tool tambi\u00e9n puede utilizarse para definir qu\u00e9 personas deben tener acceso a qu\u00e9 cursos, de modo que s\u00f3lo estas personas aparezcan al iniciar sesi\u00f3n en la plataforma. <\/p><p>Una ventaja importante del <strong>programa eLearning <\/strong>de 1Tool es la posibilidad de comprobar el estado de aprendizaje de las personas. Aqu\u00ed tambi\u00e9n, la \u00f3ptima interacci\u00f3n entre 1Tool y Open edX LMS garantiza que el estado de la formaci\u00f3n pueda registrarse f\u00e1cilmente. Esto incluye el mantenimiento de un registro en 1Tool, que muestra exactamente hasta qu\u00e9 punto los empleados han progresado con cada m\u00f3dulo de aprendizaje individual y qu\u00e9 contenido a\u00fan no se ha completado. Tan pronto como los contactos han iniciado sesi\u00f3n en la plataforma de aprendizaje y completado un curso, esto se comunica a 1Tool a trav\u00e9s de Open edX y se almacena en el software. Adem\u00e1s, la <g id=\"gid_1\">interfaz entre 1Tool y edX<\/g> tambi\u00e9n funciona como un eficaz <g id=\"gid_2\">instrumento de evaluaci\u00f3n<\/g> que las empresas y organizaciones pueden utilizar para consultar el nivel de conocimientos de sus miembros.    <\/p><p>1Tool le permite utilizar el m\u00f3dulo eLearning para publicar conocimientos en su organizaci\u00f3n con s\u00f3lo pulsar un bot\u00f3n y ofrecer as\u00ed cursos de aprendizaje adaptados a las respectivas competencias y objetivos de aprendizaje de sus empleados. Esto le permite optimizar el flujo de informaci\u00f3n y acumular las cualificaciones necesarias. <\/p>\t\t\t\t\t\t\t\t<\/div>\n\t\t\t\t<\/div>\n\t\t\t\t\t<\/div>\n\t\t<\/div>\n\t\t\t\t\t<\/div>\n\t\t<\/section>\n\t\t\t\t\t<\/div>\n\t\t<\/div>\n\t\t\t\t\t<\/div>\n\t\t<\/section>\n\t\t\t\t<\/div>\n\t\t","protected":false},"excerpt":{"rendered":"<p>eLearning El intercambio de conocimientos en red y el acceso flexible a contenidos de aprendizaje desempe\u00f1an un papel clave en muchas empresas y organizaciones cuando se trata de la formaci\u00f3n continua de sus empleados y miembros. Formaci\u00f3n continua para toda la empresa Deben tener la oportunidad de ampliar sus conocimientos y cualificaciones en l\u00ednea, independientemente [&hellip;]<\/p>\n","protected":false},"author":1,"featured_media":0,"parent":74689,"menu_order":0,"comment_status":"closed","ping_status":"closed","template":"","meta":{"inline_featured_image":false,"footnotes":""},"class_list":["post-74550","page","type-page","status-publish","hentry"],"acf":[],"yoast_head":"<!-- This site is optimized with the Yoast SEO plugin v27.5 - https:\/\/yoast.com\/product\/yoast-seo-wordpress\/ -->\n<title>eLearning - 1Tool<\/title>\n<meta name=\"robots\" content=\"index, follow, max-snippet:-1, max-image-preview:large, max-video-preview:-1\" \/>\n<link rel=\"canonical\" href=\"https:\/\/www.1tool.com\/es\/modulos\/organizacion-y-servicio\/wiki\/funciones-modulo-wiki\/elearning\/\" \/>\n<meta property=\"og:locale\" content=\"es_ES\" \/>\n<meta property=\"og:type\" content=\"article\" \/>\n<meta property=\"og:title\" content=\"eLearning - 1Tool\" \/>\n<meta property=\"og:description\" content=\"eLearning El intercambio de conocimientos en red y el acceso flexible a contenidos de aprendizaje desempe\u00f1an un papel clave en muchas empresas y organizaciones cuando se trata de la formaci\u00f3n continua de sus empleados y miembros. Formaci\u00f3n continua para toda la empresa Deben tener la oportunidad de ampliar sus conocimientos y cualificaciones en l\u00ednea, independientemente [&hellip;]\" \/>\n<meta property=\"og:url\" content=\"https:\/\/www.1tool.com\/es\/modulos\/organizacion-y-servicio\/wiki\/funciones-modulo-wiki\/elearning\/\" \/>\n<meta property=\"og:site_name\" content=\"1Tool\" \/>\n<meta property=\"article:modified_time\" content=\"2026-05-04T12:26:12+00:00\" \/>\n<meta name=\"twitter:card\" content=\"summary_large_image\" \/>\n<meta name=\"twitter:label1\" content=\"Tiempo de lectura\" \/>\n\t<meta name=\"twitter:data1\" content=\"3 minutos\" \/>\n<script type=\"application\/ld+json\" class=\"yoast-schema-graph\">{\"@context\":\"https:\\\/\\\/schema.org\",\"@graph\":[{\"@type\":\"WebPage\",\"@id\":\"https:\\\/\\\/www.1tool.com\\\/es\\\/modulos\\\/organizacion-y-servicio\\\/wiki\\\/funciones-modulo-wiki\\\/elearning\\\/\",\"url\":\"https:\\\/\\\/www.1tool.com\\\/es\\\/modulos\\\/organizacion-y-servicio\\\/wiki\\\/funciones-modulo-wiki\\\/elearning\\\/\",\"name\":\"eLearning - 1Tool\",\"isPartOf\":{\"@id\":\"https:\\\/\\\/www.1tool.com\\\/es\\\/#website\"},\"datePublished\":\"2022-03-30T16:36:45+00:00\",\"dateModified\":\"2026-05-04T12:26:12+00:00\",\"breadcrumb\":{\"@id\":\"https:\\\/\\\/www.1tool.com\\\/es\\\/modulos\\\/organizacion-y-servicio\\\/wiki\\\/funciones-modulo-wiki\\\/elearning\\\/#breadcrumb\"},\"inLanguage\":\"es\",\"potentialAction\":[{\"@type\":\"ReadAction\",\"target\":[\"https:\\\/\\\/www.1tool.com\\\/es\\\/modulos\\\/organizacion-y-servicio\\\/wiki\\\/funciones-modulo-wiki\\\/elearning\\\/\"]}]},{\"@type\":\"BreadcrumbList\",\"@id\":\"https:\\\/\\\/www.1tool.com\\\/es\\\/modulos\\\/organizacion-y-servicio\\\/wiki\\\/funciones-modulo-wiki\\\/elearning\\\/#breadcrumb\",\"itemListElement\":[{\"@type\":\"ListItem\",\"position\":1,\"name\":\"Home\",\"item\":\"https:\\\/\\\/www.1tool.com\\\/es\\\/\"},{\"@type\":\"ListItem\",\"position\":2,\"name\":\"M\u00f3dulos\",\"item\":\"https:\\\/\\\/www.1tool.com\\\/es\\\/modulos\\\/\"},{\"@type\":\"ListItem\",\"position\":3,\"name\":\"Organizaci\u00f3n y Servicio\",\"item\":\"https:\\\/\\\/www.1tool.com\\\/es\\\/modulos\\\/organizacion-y-servicio\\\/\"},{\"@type\":\"ListItem\",\"position\":4,\"name\":\"Wiki\",\"item\":\"https:\\\/\\\/www.1tool.com\\\/es\\\/modulos\\\/organizacion-y-servicio\\\/wiki\\\/\"},{\"@type\":\"ListItem\",\"position\":5,\"name\":\"Funciones M\u00f3dulo Wiki\",\"item\":\"https:\\\/\\\/www.1tool.com\\\/es\\\/modulos\\\/organizacion-y-servicio\\\/wiki\\\/funciones-modulo-wiki\\\/\"},{\"@type\":\"ListItem\",\"position\":6,\"name\":\"eLearning\"}]},{\"@type\":\"WebSite\",\"@id\":\"https:\\\/\\\/www.1tool.com\\\/es\\\/#website\",\"url\":\"https:\\\/\\\/www.1tool.com\\\/es\\\/\",\"name\":\"1Tool\",\"description\":\"CRM\",\"publisher\":{\"@id\":\"https:\\\/\\\/www.1tool.com\\\/es\\\/#organization\"},\"potentialAction\":[{\"@type\":\"SearchAction\",\"target\":{\"@type\":\"EntryPoint\",\"urlTemplate\":\"https:\\\/\\\/www.1tool.com\\\/es\\\/?s={search_term_string}\"},\"query-input\":{\"@type\":\"PropertyValueSpecification\",\"valueRequired\":true,\"valueName\":\"search_term_string\"}}],\"inLanguage\":\"es\"},{\"@type\":\"Organization\",\"@id\":\"https:\\\/\\\/www.1tool.com\\\/es\\\/#organization\",\"name\":\"1Tool\",\"url\":\"https:\\\/\\\/www.1tool.com\\\/es\\\/\",\"logo\":{\"@type\":\"ImageObject\",\"inLanguage\":\"es\",\"@id\":\"https:\\\/\\\/www.1tool.com\\\/es\\\/#\\\/schema\\\/logo\\\/image\\\/\",\"url\":\"https:\\\/\\\/www.1tool.com\\\/wp-content\\\/uploads\\\/2022\\\/04\\\/1tool-1.png\",\"contentUrl\":\"https:\\\/\\\/www.1tool.com\\\/wp-content\\\/uploads\\\/2022\\\/04\\\/1tool-1.png\",\"width\":400,\"height\":150,\"caption\":\"1Tool\"},\"image\":{\"@id\":\"https:\\\/\\\/www.1tool.com\\\/es\\\/#\\\/schema\\\/logo\\\/image\\\/\"}}]}<\/script>\n<!-- \/ Yoast SEO plugin. -->","yoast_head_json":{"title":"eLearning - 1Tool","robots":{"index":"index","follow":"follow","max-snippet":"max-snippet:-1","max-image-preview":"max-image-preview:large","max-video-preview":"max-video-preview:-1"},"canonical":"https:\/\/www.1tool.com\/es\/modulos\/organizacion-y-servicio\/wiki\/funciones-modulo-wiki\/elearning\/","og_locale":"es_ES","og_type":"article","og_title":"eLearning - 1Tool","og_description":"eLearning El intercambio de conocimientos en red y el acceso flexible a contenidos de aprendizaje desempe\u00f1an un papel clave en muchas empresas y organizaciones cuando se trata de la formaci\u00f3n continua de sus empleados y miembros. Formaci\u00f3n continua para toda la empresa Deben tener la oportunidad de ampliar sus conocimientos y cualificaciones en l\u00ednea, independientemente [&hellip;]","og_url":"https:\/\/www.1tool.com\/es\/modulos\/organizacion-y-servicio\/wiki\/funciones-modulo-wiki\/elearning\/","og_site_name":"1Tool","article_modified_time":"2026-05-04T12:26:12+00:00","twitter_card":"summary_large_image","twitter_misc":{"Tiempo de lectura":"3 minutos"},"schema":{"@context":"https:\/\/schema.org","@graph":[{"@type":"WebPage","@id":"https:\/\/www.1tool.com\/es\/modulos\/organizacion-y-servicio\/wiki\/funciones-modulo-wiki\/elearning\/","url":"https:\/\/www.1tool.com\/es\/modulos\/organizacion-y-servicio\/wiki\/funciones-modulo-wiki\/elearning\/","name":"eLearning - 1Tool","isPartOf":{"@id":"https:\/\/www.1tool.com\/es\/#website"},"datePublished":"2022-03-30T16:36:45+00:00","dateModified":"2026-05-04T12:26:12+00:00","breadcrumb":{"@id":"https:\/\/www.1tool.com\/es\/modulos\/organizacion-y-servicio\/wiki\/funciones-modulo-wiki\/elearning\/#breadcrumb"},"inLanguage":"es","potentialAction":[{"@type":"ReadAction","target":["https:\/\/www.1tool.com\/es\/modulos\/organizacion-y-servicio\/wiki\/funciones-modulo-wiki\/elearning\/"]}]},{"@type":"BreadcrumbList","@id":"https:\/\/www.1tool.com\/es\/modulos\/organizacion-y-servicio\/wiki\/funciones-modulo-wiki\/elearning\/#breadcrumb","itemListElement":[{"@type":"ListItem","position":1,"name":"Home","item":"https:\/\/www.1tool.com\/es\/"},{"@type":"ListItem","position":2,"name":"M\u00f3dulos","item":"https:\/\/www.1tool.com\/es\/modulos\/"},{"@type":"ListItem","position":3,"name":"Organizaci\u00f3n y Servicio","item":"https:\/\/www.1tool.com\/es\/modulos\/organizacion-y-servicio\/"},{"@type":"ListItem","position":4,"name":"Wiki","item":"https:\/\/www.1tool.com\/es\/modulos\/organizacion-y-servicio\/wiki\/"},{"@type":"ListItem","position":5,"name":"Funciones M\u00f3dulo Wiki","item":"https:\/\/www.1tool.com\/es\/modulos\/organizacion-y-servicio\/wiki\/funciones-modulo-wiki\/"},{"@type":"ListItem","position":6,"name":"eLearning"}]},{"@type":"WebSite","@id":"https:\/\/www.1tool.com\/es\/#website","url":"https:\/\/www.1tool.com\/es\/","name":"1Tool","description":"CRM","publisher":{"@id":"https:\/\/www.1tool.com\/es\/#organization"},"potentialAction":[{"@type":"SearchAction","target":{"@type":"EntryPoint","urlTemplate":"https:\/\/www.1tool.com\/es\/?s={search_term_string}"},"query-input":{"@type":"PropertyValueSpecification","valueRequired":true,"valueName":"search_term_string"}}],"inLanguage":"es"},{"@type":"Organization","@id":"https:\/\/www.1tool.com\/es\/#organization","name":"1Tool","url":"https:\/\/www.1tool.com\/es\/","logo":{"@type":"ImageObject","inLanguage":"es","@id":"https:\/\/www.1tool.com\/es\/#\/schema\/logo\/image\/","url":"https:\/\/www.1tool.com\/wp-content\/uploads\/2022\/04\/1tool-1.png","contentUrl":"https:\/\/www.1tool.com\/wp-content\/uploads\/2022\/04\/1tool-1.png","width":400,"height":150,"caption":"1Tool"},"image":{"@id":"https:\/\/www.1tool.com\/es\/#\/schema\/logo\/image\/"}}]}},"_links":{"self":[{"href":"https:\/\/www.1tool.com\/es\/wp-json\/wp\/v2\/pages\/74550","targetHints":{"allow":["GET"]}}],"collection":[{"href":"https:\/\/www.1tool.com\/es\/wp-json\/wp\/v2\/pages"}],"about":[{"href":"https:\/\/www.1tool.com\/es\/wp-json\/wp\/v2\/types\/page"}],"author":[{"embeddable":true,"href":"https:\/\/www.1tool.com\/es\/wp-json\/wp\/v2\/users\/1"}],"replies":[{"embeddable":true,"href":"https:\/\/www.1tool.com\/es\/wp-json\/wp\/v2\/comments?post=74550"}],"version-history":[{"count":1,"href":"https:\/\/www.1tool.com\/es\/wp-json\/wp\/v2\/pages\/74550\/revisions"}],"predecessor-version":[{"id":74552,"href":"https:\/\/www.1tool.com\/es\/wp-json\/wp\/v2\/pages\/74550\/revisions\/74552"}],"up":[{"embeddable":true,"href":"https:\/\/www.1tool.com\/es\/wp-json\/wp\/v2\/pages\/74689"}],"wp:attachment":[{"href":"https:\/\/www.1tool.com\/es\/wp-json\/wp\/v2\/media?parent=74550"}],"curies":[{"name":"wp","href":"https:\/\/api.w.org\/{rel}","templated":true}]}}