{"id":74553,"date":"2022-03-30T18:23:17","date_gmt":"2022-03-30T16:23:17","guid":{"rendered":"https:\/\/www.1tool.com\/programa-de-reservas\/"},"modified":"2026-05-04T14:26:15","modified_gmt":"2026-05-04T12:26:15","slug":"programa-de-reservas","status":"publish","type":"page","link":"https:\/\/www.1tool.com\/es\/modulos\/modulos-especiales\/reservas\/funciones-modulo-de-reservas\/programa-de-reservas\/","title":{"rendered":"Programa de reservas"},"content":{"rendered":"\t\t<div data-elementor-type=\"wp-page\" data-elementor-id=\"74553\" class=\"elementor elementor-74553 elementor-49429\" data-elementor-post-type=\"page\">\n\t\t\t\t\t\t<section class=\"elementor-section elementor-top-section elementor-element elementor-element-3d6c715 elementor-section-boxed elementor-section-height-default elementor-section-height-default shadepro-adv-gradient-no shadepro-sticky-no\" data-id=\"3d6c715\" data-element_type=\"section\" data-e-type=\"section\" data-settings=\"{&quot;shadepro_sticky&quot;:&quot;no&quot;}\">\n\t\t\t\t\t\t<div class=\"elementor-container elementor-column-gap-default\">\n\t\t\t\t\t<div class=\"elementor-column elementor-col-100 elementor-top-column elementor-element elementor-element-8d85a52\" data-id=\"8d85a52\" data-element_type=\"column\" data-e-type=\"column\">\n\t\t\t<div class=\"elementor-widget-wrap elementor-element-populated\">\n\t\t\t\t\t\t<div class=\"elementor-element elementor-element-9a09205 shadepro-sticky-no elementor-widget elementor-widget-heading\" data-id=\"9a09205\" data-element_type=\"widget\" data-e-type=\"widget\" data-settings=\"{&quot;shadepro_sticky&quot;:&quot;no&quot;}\" data-widget_type=\"heading.default\">\n\t\t\t\t<div class=\"elementor-widget-container\">\n\t\t\t\t\t<h1 class=\"elementor-heading-title elementor-size-default\">Programa de reservas<\/h1>\t\t\t\t<\/div>\n\t\t\t\t<\/div>\n\t\t\t\t<div class=\"elementor-element elementor-element-1645000 shadepro-sticky-no elementor-widget elementor-widget-text-editor\" data-id=\"1645000\" data-element_type=\"widget\" data-e-type=\"widget\" data-settings=\"{&quot;shadepro_sticky&quot;:&quot;no&quot;}\" data-widget_type=\"text-editor.default\">\n\t\t\t\t<div class=\"elementor-widget-container\">\n\t\t\t\t\t\t\t\t\t<p>El software de reservas 1Tool ofrece una amplia gama de aplicaciones en todos los sectores.<\/p>\t\t\t\t\t\t\t\t<\/div>\n\t\t\t\t<\/div>\n\t\t\t\t<section class=\"elementor-section elementor-inner-section elementor-element elementor-element-7e4b79e elementor-section-boxed elementor-section-height-default elementor-section-height-default shadepro-adv-gradient-no shadepro-sticky-no\" data-id=\"7e4b79e\" data-element_type=\"section\" data-e-type=\"section\" data-settings=\"{&quot;shadepro_sticky&quot;:&quot;no&quot;}\">\n\t\t\t\t\t\t<div class=\"elementor-container elementor-column-gap-default\">\n\t\t\t\t\t<div class=\"elementor-column elementor-col-100 elementor-inner-column elementor-element elementor-element-6d858c0\" data-id=\"6d858c0\" data-element_type=\"column\" data-e-type=\"column\">\n\t\t\t<div class=\"elementor-widget-wrap elementor-element-populated\">\n\t\t\t\t\t\t<div class=\"elementor-element elementor-element-88c6573 shadepro-sticky-no elementor-widget elementor-widget-text-editor\" data-id=\"88c6573\" data-element_type=\"widget\" data-e-type=\"widget\" data-settings=\"{&quot;shadepro_sticky&quot;:&quot;no&quot;}\" data-widget_type=\"text-editor.default\">\n\t\t\t\t<div class=\"elementor-widget-container\">\n\t\t\t\t\t\t\t\t\t<h3>Software de reservas adaptado a tus necesidades<\/h3><p>Tanto si eres un operador tur\u00edstico, un hotel o una empresa de alquiler de coches o barcos, con el software de reservas 1Tool puedes gestionar tus recursos de forma eficaz y tener siempre una visi\u00f3n general de todas las reservas. Dependiendo del sector, el proceso de reservas se puede adaptar de forma \u00f3ptima a tu negocio, lo que permite una gesti\u00f3n flexible de tus propiedades. Gracias al software de reservas basado en web, tus consultas y reservas pueden gestionarse desde cualquier lugar y en cualquier momento: \u00a1con 1Tool est\u00e1 garantizada una mejor utilizaci\u00f3n de la capacidad!  <\/p><h3>Integraci\u00f3n sencilla de tu sistema de reservas online<\/h3><p>Nuestro sistema de reservas 1Tool puede integrarse f\u00e1cilmente en tu sitio web o portales de reservas. Por un lado, esto aumenta tu presencia online y, por otro, permites a tus clientes hacer reservas y consultas c\u00f3modamente desde cualquier lugar a trav\u00e9s del canal online adicional. Un plan de reservas personalizado, adaptado al dise\u00f1o de tu sitio web, muestra gr\u00e1ficamente todas las habitaciones, veh\u00edculos o equipos disponibles para los clientes. Cuando un cliente hace una reserva, los datos del cliente y los detalles de la reserva se transfieren autom\u00e1ticamente al software de reservas a trav\u00e9s de la interfaz de 1Tool. Esto no s\u00f3lo ahorra el tiempo y el esfuerzo de la introducci\u00f3n manual, sino que tambi\u00e9n facilita evitar las reservas dobles.    <\/p><h3>Amplias funciones de nuestro software de reservas online<\/h3><p>1Tool tiene amplias funciones y te permite planificar tus recursos de forma eficiente. El sistema de reservas online te da acceso 24\/7 a tu p\u00e1gina web y a tu calendario de reservas, permiti\u00e9ndote aceptar reservas autom\u00e1ticamente las 24 horas del d\u00eda. Gracias al multiling\u00fcismo de tu software, tambi\u00e9n puedes ofrecer a los hu\u00e9spedes e interesados internacionales el mejor servicio posible.  <\/p><h4>Los detalles de la reserva se pueden personalizar<\/h4><p>Sin tener que cambiar entre distintos sistemas, puedes encontrar todos los datos sobre clientes, propiedades y reservas en tu base de datos de 1Tool y gestionarlos con s\u00f3lo pulsar un bot\u00f3n. Por un lado, esto permite una segmentaci\u00f3n sencilla de tus clientes, ya que los datos de los hu\u00e9spedes se transfieren autom\u00e1ticamente al sistema de reservas despu\u00e9s de cada reserva y se crea un perfil para cada consulta o reserva en relaci\u00f3n con la duraci\u00f3n de la estancia, la edad, el origen, las preferencias especiales, etc. Por otro lado, puedes reaccionar mucho m\u00e1s r\u00e1pidamente a los requisitos de los clientes y adaptar las propiedades a sus deseos. Por otro lado, puedes reaccionar mucho m\u00e1s r\u00e1pidamente a los requisitos de los clientes y adaptar las propiedades a los deseos y necesidades de tus hu\u00e9spedes. As\u00ed, los veh\u00edculos, las habitaciones u otros elementos de la reserva pueden clasificarse individualmente o dividirse en &#8220;paquetes&#8221; especiales. Los precios y las im\u00e1genes tambi\u00e9n se pueden definir por separado seg\u00fan la propiedad o el comprador (por ejemplo, descuento para personas mayores, ni\u00f1os, etc.). Los datos se transfieren autom\u00e1ticamente a tu sitio web, por lo que no es necesario introducirlos dos veces.     <\/p><h4>Interfaces de reserva<\/h4><p>El calendario de tu software de reservas 1Tool no s\u00f3lo puede integrarse en tu sitio web, tambi\u00e9n son posibles las interfaces con otros sistemas de reservas como Booking.com, HRS o Tiscover. Para un mayor alcance y presencia, tambi\u00e9n podemos integrar el sistema de reservas en tu p\u00e1gina de Facebook mediante un bot\u00f3n dedicado de &#8220;Reservar&#8221;. Esto te da presencia exactamente donde est\u00e1n tus grupos objetivo. La vista m\u00f3vil de tu sitio web o plataforma de reservas tambi\u00e9n te permite hacer reservas r\u00e1pida y f\u00e1cilmente a trav\u00e9s de un smartphone o tableta. Con 1Tool, tus clientes pueden contactar contigo en cualquier momento y lugar.    <\/p><h4>Procesamiento del pago online de tus reservas<\/h4><p>Con el software de reservas 1Tool, tus clientes tienen la opci\u00f3n de pagar de forma segura y online por habitaciones, coches de alquiler y similares. Una conexi\u00f3n de pago preparada a trav\u00e9s de Card Complete y Wirecard garantiza un procesamiento de pagos sin complicaciones. La sencilla gesti\u00f3n de tus propiedades dentro de nuestro software tambi\u00e9n te permite una tarificaci\u00f3n flexible y la adaptaci\u00f3n a las temporadas, la utilizaci\u00f3n de la capacidad, etc.  <\/p><h4>Recordatorios para tus clientes<\/h4><p>Comun\u00edcate eficazmente con tus clientes y hu\u00e9spedes. Nuestro software de reservas env\u00eda autom\u00e1ticamente recordatorios sobre reservas y consultas, ayud\u00e1ndote a establecer relaciones duraderas con los clientes. Hacemos especial hincapi\u00e9 en la comunicaci\u00f3n personalizada con el cliente, de modo que los correos electr\u00f3nicos y recordatorios se env\u00edan autom\u00e1ticamente con el nombre de tus posibles clientes.  <\/p>\t\t\t\t\t\t\t\t<\/div>\n\t\t\t\t<\/div>\n\t\t\t\t\t<\/div>\n\t\t<\/div>\n\t\t\t\t\t<\/div>\n\t\t<\/section>\n\t\t\t\t\t<\/div>\n\t\t<\/div>\n\t\t\t\t\t<\/div>\n\t\t<\/section>\n\t\t\t\t<\/div>\n\t\t","protected":false},"excerpt":{"rendered":"<p>Programa de reservas El software de reservas 1Tool ofrece una amplia gama de aplicaciones en todos los sectores. Software de reservas adaptado a tus necesidades Tanto si eres un operador tur\u00edstico, un hotel o una empresa de alquiler de coches o barcos, con el software de reservas 1Tool puedes gestionar tus recursos de forma eficaz [&hellip;]<\/p>\n","protected":false},"author":1,"featured_media":0,"parent":74700,"menu_order":0,"comment_status":"closed","ping_status":"closed","template":"","meta":{"inline_featured_image":false,"footnotes":""},"class_list":["post-74553","page","type-page","status-publish","hentry"],"acf":[],"yoast_head":"<!-- This site is optimized with the Yoast SEO plugin v27.5 - https:\/\/yoast.com\/product\/yoast-seo-wordpress\/ -->\n<title>Programa de reservas - 1Tool<\/title>\n<meta name=\"robots\" content=\"index, follow, max-snippet:-1, max-image-preview:large, max-video-preview:-1\" \/>\n<link rel=\"canonical\" href=\"https:\/\/www.1tool.com\/es\/modulos\/modulos-especiales\/reservas\/funciones-modulo-de-reservas\/programa-de-reservas\/\" \/>\n<meta property=\"og:locale\" content=\"es_ES\" \/>\n<meta property=\"og:type\" content=\"article\" \/>\n<meta property=\"og:title\" content=\"Programa de reservas - 1Tool\" \/>\n<meta property=\"og:description\" content=\"Programa de reservas El software de reservas 1Tool ofrece una amplia gama de aplicaciones en todos los sectores. Software de reservas adaptado a tus necesidades Tanto si eres un operador tur\u00edstico, un hotel o una empresa de alquiler de coches o barcos, con el software de reservas 1Tool puedes gestionar tus recursos de forma eficaz [&hellip;]\" \/>\n<meta property=\"og:url\" content=\"https:\/\/www.1tool.com\/es\/modulos\/modulos-especiales\/reservas\/funciones-modulo-de-reservas\/programa-de-reservas\/\" \/>\n<meta property=\"og:site_name\" content=\"1Tool\" \/>\n<meta property=\"article:modified_time\" content=\"2026-05-04T12:26:15+00:00\" \/>\n<meta name=\"twitter:card\" content=\"summary_large_image\" \/>\n<meta name=\"twitter:label1\" content=\"Tiempo de lectura\" \/>\n\t<meta name=\"twitter:data1\" content=\"4 minutos\" \/>\n<script type=\"application\/ld+json\" class=\"yoast-schema-graph\">{\"@context\":\"https:\\\/\\\/schema.org\",\"@graph\":[{\"@type\":\"WebPage\",\"@id\":\"https:\\\/\\\/www.1tool.com\\\/es\\\/modulos\\\/modulos-especiales\\\/reservas\\\/funciones-modulo-de-reservas\\\/programa-de-reservas\\\/\",\"url\":\"https:\\\/\\\/www.1tool.com\\\/es\\\/modulos\\\/modulos-especiales\\\/reservas\\\/funciones-modulo-de-reservas\\\/programa-de-reservas\\\/\",\"name\":\"Programa de reservas - 1Tool\",\"isPartOf\":{\"@id\":\"https:\\\/\\\/www.1tool.com\\\/es\\\/#website\"},\"datePublished\":\"2022-03-30T16:23:17+00:00\",\"dateModified\":\"2026-05-04T12:26:15+00:00\",\"breadcrumb\":{\"@id\":\"https:\\\/\\\/www.1tool.com\\\/es\\\/modulos\\\/modulos-especiales\\\/reservas\\\/funciones-modulo-de-reservas\\\/programa-de-reservas\\\/#breadcrumb\"},\"inLanguage\":\"es\",\"potentialAction\":[{\"@type\":\"ReadAction\",\"target\":[\"https:\\\/\\\/www.1tool.com\\\/es\\\/modulos\\\/modulos-especiales\\\/reservas\\\/funciones-modulo-de-reservas\\\/programa-de-reservas\\\/\"]}]},{\"@type\":\"BreadcrumbList\",\"@id\":\"https:\\\/\\\/www.1tool.com\\\/es\\\/modulos\\\/modulos-especiales\\\/reservas\\\/funciones-modulo-de-reservas\\\/programa-de-reservas\\\/#breadcrumb\",\"itemListElement\":[{\"@type\":\"ListItem\",\"position\":1,\"name\":\"Home\",\"item\":\"https:\\\/\\\/www.1tool.com\\\/es\\\/\"},{\"@type\":\"ListItem\",\"position\":2,\"name\":\"M\u00f3dulos\",\"item\":\"https:\\\/\\\/www.1tool.com\\\/es\\\/modulos\\\/\"},{\"@type\":\"ListItem\",\"position\":3,\"name\":\"M\u00f3dulos especiales\",\"item\":\"https:\\\/\\\/www.1tool.com\\\/es\\\/modulos\\\/modulos-especiales\\\/\"},{\"@type\":\"ListItem\",\"position\":4,\"name\":\"Reservas\",\"item\":\"https:\\\/\\\/www.1tool.com\\\/es\\\/modulos\\\/modulos-especiales\\\/reservas\\\/\"},{\"@type\":\"ListItem\",\"position\":5,\"name\":\"Funciones M\u00f3dulo de reservas\",\"item\":\"https:\\\/\\\/www.1tool.com\\\/es\\\/modulos\\\/modulos-especiales\\\/reservas\\\/funciones-modulo-de-reservas\\\/\"},{\"@type\":\"ListItem\",\"position\":6,\"name\":\"Programa de reservas\"}]},{\"@type\":\"WebSite\",\"@id\":\"https:\\\/\\\/www.1tool.com\\\/es\\\/#website\",\"url\":\"https:\\\/\\\/www.1tool.com\\\/es\\\/\",\"name\":\"1Tool\",\"description\":\"CRM\",\"publisher\":{\"@id\":\"https:\\\/\\\/www.1tool.com\\\/es\\\/#organization\"},\"potentialAction\":[{\"@type\":\"SearchAction\",\"target\":{\"@type\":\"EntryPoint\",\"urlTemplate\":\"https:\\\/\\\/www.1tool.com\\\/es\\\/?s={search_term_string}\"},\"query-input\":{\"@type\":\"PropertyValueSpecification\",\"valueRequired\":true,\"valueName\":\"search_term_string\"}}],\"inLanguage\":\"es\"},{\"@type\":\"Organization\",\"@id\":\"https:\\\/\\\/www.1tool.com\\\/es\\\/#organization\",\"name\":\"1Tool\",\"url\":\"https:\\\/\\\/www.1tool.com\\\/es\\\/\",\"logo\":{\"@type\":\"ImageObject\",\"inLanguage\":\"es\",\"@id\":\"https:\\\/\\\/www.1tool.com\\\/es\\\/#\\\/schema\\\/logo\\\/image\\\/\",\"url\":\"https:\\\/\\\/www.1tool.com\\\/wp-content\\\/uploads\\\/2022\\\/04\\\/1tool-1.png\",\"contentUrl\":\"https:\\\/\\\/www.1tool.com\\\/wp-content\\\/uploads\\\/2022\\\/04\\\/1tool-1.png\",\"width\":400,\"height\":150,\"caption\":\"1Tool\"},\"image\":{\"@id\":\"https:\\\/\\\/www.1tool.com\\\/es\\\/#\\\/schema\\\/logo\\\/image\\\/\"}}]}<\/script>\n<!-- \/ Yoast SEO plugin. -->","yoast_head_json":{"title":"Programa de reservas - 1Tool","robots":{"index":"index","follow":"follow","max-snippet":"max-snippet:-1","max-image-preview":"max-image-preview:large","max-video-preview":"max-video-preview:-1"},"canonical":"https:\/\/www.1tool.com\/es\/modulos\/modulos-especiales\/reservas\/funciones-modulo-de-reservas\/programa-de-reservas\/","og_locale":"es_ES","og_type":"article","og_title":"Programa de reservas - 1Tool","og_description":"Programa de reservas El software de reservas 1Tool ofrece una amplia gama de aplicaciones en todos los sectores. Software de reservas adaptado a tus necesidades Tanto si eres un operador tur\u00edstico, un hotel o una empresa de alquiler de coches o barcos, con el software de reservas 1Tool puedes gestionar tus recursos de forma eficaz [&hellip;]","og_url":"https:\/\/www.1tool.com\/es\/modulos\/modulos-especiales\/reservas\/funciones-modulo-de-reservas\/programa-de-reservas\/","og_site_name":"1Tool","article_modified_time":"2026-05-04T12:26:15+00:00","twitter_card":"summary_large_image","twitter_misc":{"Tiempo de lectura":"4 minutos"},"schema":{"@context":"https:\/\/schema.org","@graph":[{"@type":"WebPage","@id":"https:\/\/www.1tool.com\/es\/modulos\/modulos-especiales\/reservas\/funciones-modulo-de-reservas\/programa-de-reservas\/","url":"https:\/\/www.1tool.com\/es\/modulos\/modulos-especiales\/reservas\/funciones-modulo-de-reservas\/programa-de-reservas\/","name":"Programa de reservas - 1Tool","isPartOf":{"@id":"https:\/\/www.1tool.com\/es\/#website"},"datePublished":"2022-03-30T16:23:17+00:00","dateModified":"2026-05-04T12:26:15+00:00","breadcrumb":{"@id":"https:\/\/www.1tool.com\/es\/modulos\/modulos-especiales\/reservas\/funciones-modulo-de-reservas\/programa-de-reservas\/#breadcrumb"},"inLanguage":"es","potentialAction":[{"@type":"ReadAction","target":["https:\/\/www.1tool.com\/es\/modulos\/modulos-especiales\/reservas\/funciones-modulo-de-reservas\/programa-de-reservas\/"]}]},{"@type":"BreadcrumbList","@id":"https:\/\/www.1tool.com\/es\/modulos\/modulos-especiales\/reservas\/funciones-modulo-de-reservas\/programa-de-reservas\/#breadcrumb","itemListElement":[{"@type":"ListItem","position":1,"name":"Home","item":"https:\/\/www.1tool.com\/es\/"},{"@type":"ListItem","position":2,"name":"M\u00f3dulos","item":"https:\/\/www.1tool.com\/es\/modulos\/"},{"@type":"ListItem","position":3,"name":"M\u00f3dulos especiales","item":"https:\/\/www.1tool.com\/es\/modulos\/modulos-especiales\/"},{"@type":"ListItem","position":4,"name":"Reservas","item":"https:\/\/www.1tool.com\/es\/modulos\/modulos-especiales\/reservas\/"},{"@type":"ListItem","position":5,"name":"Funciones M\u00f3dulo de reservas","item":"https:\/\/www.1tool.com\/es\/modulos\/modulos-especiales\/reservas\/funciones-modulo-de-reservas\/"},{"@type":"ListItem","position":6,"name":"Programa de reservas"}]},{"@type":"WebSite","@id":"https:\/\/www.1tool.com\/es\/#website","url":"https:\/\/www.1tool.com\/es\/","name":"1Tool","description":"CRM","publisher":{"@id":"https:\/\/www.1tool.com\/es\/#organization"},"potentialAction":[{"@type":"SearchAction","target":{"@type":"EntryPoint","urlTemplate":"https:\/\/www.1tool.com\/es\/?s={search_term_string}"},"query-input":{"@type":"PropertyValueSpecification","valueRequired":true,"valueName":"search_term_string"}}],"inLanguage":"es"},{"@type":"Organization","@id":"https:\/\/www.1tool.com\/es\/#organization","name":"1Tool","url":"https:\/\/www.1tool.com\/es\/","logo":{"@type":"ImageObject","inLanguage":"es","@id":"https:\/\/www.1tool.com\/es\/#\/schema\/logo\/image\/","url":"https:\/\/www.1tool.com\/wp-content\/uploads\/2022\/04\/1tool-1.png","contentUrl":"https:\/\/www.1tool.com\/wp-content\/uploads\/2022\/04\/1tool-1.png","width":400,"height":150,"caption":"1Tool"},"image":{"@id":"https:\/\/www.1tool.com\/es\/#\/schema\/logo\/image\/"}}]}},"_links":{"self":[{"href":"https:\/\/www.1tool.com\/es\/wp-json\/wp\/v2\/pages\/74553","targetHints":{"allow":["GET"]}}],"collection":[{"href":"https:\/\/www.1tool.com\/es\/wp-json\/wp\/v2\/pages"}],"about":[{"href":"https:\/\/www.1tool.com\/es\/wp-json\/wp\/v2\/types\/page"}],"author":[{"embeddable":true,"href":"https:\/\/www.1tool.com\/es\/wp-json\/wp\/v2\/users\/1"}],"replies":[{"embeddable":true,"href":"https:\/\/www.1tool.com\/es\/wp-json\/wp\/v2\/comments?post=74553"}],"version-history":[{"count":1,"href":"https:\/\/www.1tool.com\/es\/wp-json\/wp\/v2\/pages\/74553\/revisions"}],"predecessor-version":[{"id":74556,"href":"https:\/\/www.1tool.com\/es\/wp-json\/wp\/v2\/pages\/74553\/revisions\/74556"}],"up":[{"embeddable":true,"href":"https:\/\/www.1tool.com\/es\/wp-json\/wp\/v2\/pages\/74700"}],"wp:attachment":[{"href":"https:\/\/www.1tool.com\/es\/wp-json\/wp\/v2\/media?parent=74553"}],"curies":[{"name":"wp","href":"https:\/\/api.w.org\/{rel}","templated":true}]}}