{"id":74554,"date":"2022-03-30T18:34:22","date_gmt":"2022-03-30T16:34:22","guid":{"rendered":"https:\/\/www.1tool.com\/sistema-de-billetes\/"},"modified":"2026-05-04T14:26:10","modified_gmt":"2026-05-04T12:26:10","slug":"sistema-de-billetes","status":"publish","type":"page","link":"https:\/\/www.1tool.com\/es\/modulos\/organizacion-y-servicio\/tickets-de-soporte\/funciones-modulo-de-tickets-de-soporte\/sistema-de-billetes\/","title":{"rendered":"Sistema de billetes"},"content":{"rendered":"\t\t<div data-elementor-type=\"wp-page\" data-elementor-id=\"74554\" class=\"elementor elementor-74554 elementor-49492\" data-elementor-post-type=\"page\">\n\t\t\t\t\t\t<section class=\"elementor-section elementor-top-section elementor-element elementor-element-3ad15fc elementor-section-boxed elementor-section-height-default elementor-section-height-default shadepro-adv-gradient-no shadepro-sticky-no\" data-id=\"3ad15fc\" data-element_type=\"section\" data-e-type=\"section\" data-settings=\"{&quot;shadepro_sticky&quot;:&quot;no&quot;}\">\n\t\t\t\t\t\t<div class=\"elementor-container elementor-column-gap-default\">\n\t\t\t\t\t<div class=\"elementor-column elementor-col-100 elementor-top-column elementor-element elementor-element-f1c61ed\" data-id=\"f1c61ed\" data-element_type=\"column\" data-e-type=\"column\">\n\t\t\t<div class=\"elementor-widget-wrap elementor-element-populated\">\n\t\t\t\t\t\t<div class=\"elementor-element elementor-element-48990d0 shadepro-sticky-no elementor-widget elementor-widget-heading\" data-id=\"48990d0\" data-element_type=\"widget\" data-e-type=\"widget\" data-settings=\"{&quot;shadepro_sticky&quot;:&quot;no&quot;}\" data-widget_type=\"heading.default\">\n\t\t\t\t<div class=\"elementor-widget-container\">\n\t\t\t\t\t<h1 class=\"elementor-heading-title elementor-size-default\">Sistema de billetes<\/h1>\t\t\t\t<\/div>\n\t\t\t\t<\/div>\n\t\t\t\t<div class=\"elementor-element elementor-element-86ed5a7 shadepro-sticky-no elementor-widget elementor-widget-text-editor\" data-id=\"86ed5a7\" data-element_type=\"widget\" data-e-type=\"widget\" data-settings=\"{&quot;shadepro_sticky&quot;:&quot;no&quot;}\" data-widget_type=\"text-editor.default\">\n\t\t\t\t<div class=\"elementor-widget-container\">\n\t\t\t\t\t\t\t\t\t<p>El sistema de tickets 1Tool CRM te ayuda a optimizar la atenci\u00f3n al cliente, desde la consulta inicial hasta la soluci\u00f3n final del servicio.<\/p>\t\t\t\t\t\t\t\t<\/div>\n\t\t\t\t<\/div>\n\t\t\t\t<section class=\"elementor-section elementor-inner-section elementor-element elementor-element-78e1ff6 elementor-section-boxed elementor-section-height-default elementor-section-height-default shadepro-adv-gradient-no shadepro-sticky-no\" data-id=\"78e1ff6\" data-element_type=\"section\" data-e-type=\"section\" data-settings=\"{&quot;shadepro_sticky&quot;:&quot;no&quot;}\">\n\t\t\t\t\t\t<div class=\"elementor-container elementor-column-gap-default\">\n\t\t\t\t\t<div class=\"elementor-column elementor-col-100 elementor-inner-column elementor-element elementor-element-4575fd7\" data-id=\"4575fd7\" data-element_type=\"column\" data-e-type=\"column\">\n\t\t\t<div class=\"elementor-widget-wrap elementor-element-populated\">\n\t\t\t\t\t\t<div class=\"elementor-element elementor-element-a2ebbb3 shadepro-sticky-no elementor-widget elementor-widget-text-editor\" data-id=\"a2ebbb3\" data-element_type=\"widget\" data-e-type=\"widget\" data-settings=\"{&quot;shadepro_sticky&quot;:&quot;no&quot;}\" data-widget_type=\"text-editor.default\">\n\t\t\t\t<div class=\"elementor-widget-container\">\n\t\t\t\t\t\t\t\t\t<h3>Mejor calidad de servicio gracias a la gesti\u00f3n inteligente de billetes<\/h3><p>El <strong>software 1Tool Ticket System<\/strong> es la soluci\u00f3n ideal para tu servicio de atenci\u00f3n al cliente y te ayuda a gestionar eficazmente los problemas y consultas de tus clientes, socios o proveedores. Todo el proceso de gesti\u00f3n de tickets, desde el registro de la consulta, pasando por el procesamiento interno y la asignaci\u00f3n de tareas, hasta el seguimiento continuo y la provisi\u00f3n de una soluci\u00f3n, se gestiona dentro de una base de datos central. <g id=\"gid_1\">Los tickets pueden priorizarse<\/g> y distribuirse a los empleados responsables con s\u00f3lo pulsar un bot\u00f3n. De este modo, <g id=\"gid_2\">la gesti\u00f3n de tickets de<\/g> 1Tool garantiza que cada consulta de soporte se responda en un plazo de tiempo razonable. Esto no s\u00f3lo minimiza los tiempos de espera para tus clientes, sino que tambi\u00e9n puede reducir al m\u00ednimo tus costes totales de soporte.    <\/p><h3>El sistema de tickets CRM pone en primer plano las relaciones con tus clientes<\/h3><p>Especialmente en tiempos de fuerte competencia, la tramitaci\u00f3n puntual de las consultas y la resoluci\u00f3n de los problemas de los clientes desempe\u00f1an un papel cada vez m\u00e1s importante en la satisfacci\u00f3n de \u00e9stos. Con el <g id=\"gid_0\">Portal del Cliente de 1Tool<\/g>, tus clientes pueden crear tickets por s\u00ed mismos y seguir en todo momento el estado y el tiempo de trabajo invertido. Adem\u00e1s, puedes utilizar notificaciones automatizadas para mantener a tus grupos de contacto continuamente informados sobre el progreso y la resoluci\u00f3n de los tickets. Esto puede mejorar significativamente la comunicaci\u00f3n con tus clientes y reducir el n\u00famero de llamadas de soporte. Como resultado, <g id=\"gid_1\">el personal de servicio y soporte se libera<\/g> para que pueda concentrarse plenamente en lo esencial: Tus clientes. Las respuestas r\u00e1pidas y la optimizaci\u00f3n del flujo de informaci\u00f3n aumentan la satisfacci\u00f3n y la fidelidad de los clientes y hacen que tu <g id=\"gid_2\">servicio de atenci\u00f3n al cliente tenga m\u00e1s \u00e9xito<\/g> que nunca.     <\/p><h3>M\u00e1s r\u00e1pido, m\u00e1s f\u00e1cil, juntos &#8211; 1Tool Ticket Software<\/h3><p>Ya sean consultas de ventas, atenci\u00f3n al cliente o reclamaciones, con el sistema de tickets CRM de 1Tool puedes garantizar un procesamiento de tareas orientado al servicio y a objetivos concretos, y ahorrar as\u00ed tiempo y dinero. Las prioridades, los plazos y el progreso son visibles para todos los empleados. El listado estructurado de tickets garantiza que ninguno se pierda u olvide, incluso con un gran n\u00famero de solicitudes de asistencia.  <\/p><p>El sistema de tickets de 1Tool tambi\u00e9n hace que la colaboraci\u00f3n interna sea un juego de ni\u00f1os: con s\u00f3lo pulsar un bot\u00f3n, los tickets se convierten en tareas o subpeticiones y se asignan a los empleados correspondientes para que el procesamiento de los tickets sea m\u00e1s r\u00e1pido y eficiente. Registran con precisi\u00f3n sus horas de trabajo para que pueda hacerse un seguimiento f\u00e1cil del procesamiento y los recursos necesarios para cada ticket. En \u00faltima instancia, se crea una imagen precisa del cliente y sus requisitos: los empleados del servicio desarrollan una mejor comprensi\u00f3n del cliente, saben exactamente c\u00f3mo comunicarse con \u00e9l y garantizan as\u00ed el desarrollo de relaciones duraderas con el cliente.  <\/p><h3>Procesamiento r\u00e1pido de los billetes gracias a una amplia base de conocimientos<\/h3><p>La documentaci\u00f3n concreta de todos los tickets y soluciones te permite ampliar continuamente tu <strong>base de conocimientos de CRM<\/strong>, que tambi\u00e9n puedes utilizar en tu beneficio para futuras consultas. Puedes utilizar la base de conocimientos de 1Tool para registrar conceptos de soluciones y compartirlos con todo tu equipo. Esto no s\u00f3lo facilita que los compa\u00f1eros se hagan cargo de las consultas, sino que tambi\u00e9n permite procesarlas de forma mucho m\u00e1s productiva. Los problemas similares y recurrentes pueden resolverse m\u00e1s r\u00e1pidamente en el futuro con el <g id=\"gid_1\">sistema de tickets <\/g>, ya que se pueden hacer sugerencias iniciales al cliente en el primer punto de contacto. Una mayor tasa de resoluci\u00f3n, mayor satisfacci\u00f3n del cliente y una mejor imagen: \u00a1tus clientes quedar\u00e1n impresionados por la profesionalidad de tu empresa!    <\/p><h4>Ventajas del software del sistema de tickets:<\/h4><ul><li>Mayor satisfacci\u00f3n y fidelidad de los clientes<\/li><li>Reducci\u00f3n del tiempo y los recursos necesarios<\/li><li>Atenci\u00f3n al cliente eficaz y aumento de la productividad<\/li><li>Desarrollo de una amplia base de datos de conocimientos<\/li><li>Registro y documentaci\u00f3n estructurados de las entradas<\/li><li>Respuesta oportuna y b\u00fasqueda de soluciones<\/li><li>Optimizaci\u00f3n del flujo de informaci\u00f3n y mejora del trabajo en equipo<\/li><li>Asistencia 24\/7 gracias al portal de autoservicio para clientes<\/li><\/ul>\t\t\t\t\t\t\t\t<\/div>\n\t\t\t\t<\/div>\n\t\t\t\t\t<\/div>\n\t\t<\/div>\n\t\t\t\t\t<\/div>\n\t\t<\/section>\n\t\t\t\t\t<\/div>\n\t\t<\/div>\n\t\t\t\t\t<\/div>\n\t\t<\/section>\n\t\t\t\t<\/div>\n\t\t","protected":false},"excerpt":{"rendered":"<p>Sistema de billetes El sistema de tickets 1Tool CRM te ayuda a optimizar la atenci\u00f3n al cliente, desde la consulta inicial hasta la soluci\u00f3n final del servicio. Mejor calidad de servicio gracias a la gesti\u00f3n inteligente de billetes El software 1Tool Ticket System es la soluci\u00f3n ideal para tu servicio de atenci\u00f3n al cliente y [&hellip;]<\/p>\n","protected":false},"author":1,"featured_media":0,"parent":74685,"menu_order":0,"comment_status":"closed","ping_status":"closed","template":"","meta":{"inline_featured_image":false,"footnotes":""},"class_list":["post-74554","page","type-page","status-publish","hentry"],"acf":[],"yoast_head":"<!-- This site is optimized with the Yoast SEO plugin v27.5 - https:\/\/yoast.com\/product\/yoast-seo-wordpress\/ -->\n<title>Sistema de billetes - 1Tool<\/title>\n<meta name=\"robots\" content=\"index, follow, max-snippet:-1, max-image-preview:large, max-video-preview:-1\" \/>\n<link rel=\"canonical\" href=\"https:\/\/www.1tool.com\/es\/modulos\/organizacion-y-servicio\/tickets-de-soporte\/funciones-modulo-de-tickets-de-soporte\/sistema-de-billetes\/\" \/>\n<meta property=\"og:locale\" content=\"es_ES\" \/>\n<meta property=\"og:type\" content=\"article\" \/>\n<meta property=\"og:title\" content=\"Sistema de billetes - 1Tool\" \/>\n<meta property=\"og:description\" content=\"Sistema de billetes El sistema de tickets 1Tool CRM te ayuda a optimizar la atenci\u00f3n al cliente, desde la consulta inicial hasta la soluci\u00f3n final del servicio. Mejor calidad de servicio gracias a la gesti\u00f3n inteligente de billetes El software 1Tool Ticket System es la soluci\u00f3n ideal para tu servicio de atenci\u00f3n al cliente y [&hellip;]\" \/>\n<meta property=\"og:url\" content=\"https:\/\/www.1tool.com\/es\/modulos\/organizacion-y-servicio\/tickets-de-soporte\/funciones-modulo-de-tickets-de-soporte\/sistema-de-billetes\/\" \/>\n<meta property=\"og:site_name\" content=\"1Tool\" \/>\n<meta property=\"article:modified_time\" content=\"2026-05-04T12:26:10+00:00\" \/>\n<meta name=\"twitter:card\" content=\"summary_large_image\" \/>\n<meta name=\"twitter:label1\" content=\"Tiempo de lectura\" \/>\n\t<meta name=\"twitter:data1\" content=\"4 minutos\" \/>\n<script type=\"application\/ld+json\" class=\"yoast-schema-graph\">{\"@context\":\"https:\\\/\\\/schema.org\",\"@graph\":[{\"@type\":\"WebPage\",\"@id\":\"https:\\\/\\\/www.1tool.com\\\/es\\\/modulos\\\/organizacion-y-servicio\\\/tickets-de-soporte\\\/funciones-modulo-de-tickets-de-soporte\\\/sistema-de-billetes\\\/\",\"url\":\"https:\\\/\\\/www.1tool.com\\\/es\\\/modulos\\\/organizacion-y-servicio\\\/tickets-de-soporte\\\/funciones-modulo-de-tickets-de-soporte\\\/sistema-de-billetes\\\/\",\"name\":\"Sistema de billetes - 1Tool\",\"isPartOf\":{\"@id\":\"https:\\\/\\\/www.1tool.com\\\/es\\\/#website\"},\"datePublished\":\"2022-03-30T16:34:22+00:00\",\"dateModified\":\"2026-05-04T12:26:10+00:00\",\"breadcrumb\":{\"@id\":\"https:\\\/\\\/www.1tool.com\\\/es\\\/modulos\\\/organizacion-y-servicio\\\/tickets-de-soporte\\\/funciones-modulo-de-tickets-de-soporte\\\/sistema-de-billetes\\\/#breadcrumb\"},\"inLanguage\":\"es\",\"potentialAction\":[{\"@type\":\"ReadAction\",\"target\":[\"https:\\\/\\\/www.1tool.com\\\/es\\\/modulos\\\/organizacion-y-servicio\\\/tickets-de-soporte\\\/funciones-modulo-de-tickets-de-soporte\\\/sistema-de-billetes\\\/\"]}]},{\"@type\":\"BreadcrumbList\",\"@id\":\"https:\\\/\\\/www.1tool.com\\\/es\\\/modulos\\\/organizacion-y-servicio\\\/tickets-de-soporte\\\/funciones-modulo-de-tickets-de-soporte\\\/sistema-de-billetes\\\/#breadcrumb\",\"itemListElement\":[{\"@type\":\"ListItem\",\"position\":1,\"name\":\"Home\",\"item\":\"https:\\\/\\\/www.1tool.com\\\/es\\\/\"},{\"@type\":\"ListItem\",\"position\":2,\"name\":\"M\u00f3dulos\",\"item\":\"https:\\\/\\\/www.1tool.com\\\/es\\\/modulos\\\/\"},{\"@type\":\"ListItem\",\"position\":3,\"name\":\"Organizaci\u00f3n y Servicio\",\"item\":\"https:\\\/\\\/www.1tool.com\\\/es\\\/modulos\\\/organizacion-y-servicio\\\/\"},{\"@type\":\"ListItem\",\"position\":4,\"name\":\"Tickets de soporte\",\"item\":\"https:\\\/\\\/www.1tool.com\\\/es\\\/modulos\\\/organizacion-y-servicio\\\/tickets-de-soporte\\\/\"},{\"@type\":\"ListItem\",\"position\":5,\"name\":\"Funciones M\u00f3dulo de Tickets de Soporte\",\"item\":\"https:\\\/\\\/www.1tool.com\\\/es\\\/modulos\\\/organizacion-y-servicio\\\/tickets-de-soporte\\\/funciones-modulo-de-tickets-de-soporte\\\/\"},{\"@type\":\"ListItem\",\"position\":6,\"name\":\"Sistema de billetes\"}]},{\"@type\":\"WebSite\",\"@id\":\"https:\\\/\\\/www.1tool.com\\\/es\\\/#website\",\"url\":\"https:\\\/\\\/www.1tool.com\\\/es\\\/\",\"name\":\"1Tool\",\"description\":\"CRM\",\"publisher\":{\"@id\":\"https:\\\/\\\/www.1tool.com\\\/es\\\/#organization\"},\"potentialAction\":[{\"@type\":\"SearchAction\",\"target\":{\"@type\":\"EntryPoint\",\"urlTemplate\":\"https:\\\/\\\/www.1tool.com\\\/es\\\/?s={search_term_string}\"},\"query-input\":{\"@type\":\"PropertyValueSpecification\",\"valueRequired\":true,\"valueName\":\"search_term_string\"}}],\"inLanguage\":\"es\"},{\"@type\":\"Organization\",\"@id\":\"https:\\\/\\\/www.1tool.com\\\/es\\\/#organization\",\"name\":\"1Tool\",\"url\":\"https:\\\/\\\/www.1tool.com\\\/es\\\/\",\"logo\":{\"@type\":\"ImageObject\",\"inLanguage\":\"es\",\"@id\":\"https:\\\/\\\/www.1tool.com\\\/es\\\/#\\\/schema\\\/logo\\\/image\\\/\",\"url\":\"https:\\\/\\\/www.1tool.com\\\/wp-content\\\/uploads\\\/2022\\\/04\\\/1tool-1.png\",\"contentUrl\":\"https:\\\/\\\/www.1tool.com\\\/wp-content\\\/uploads\\\/2022\\\/04\\\/1tool-1.png\",\"width\":400,\"height\":150,\"caption\":\"1Tool\"},\"image\":{\"@id\":\"https:\\\/\\\/www.1tool.com\\\/es\\\/#\\\/schema\\\/logo\\\/image\\\/\"}}]}<\/script>\n<!-- \/ Yoast SEO plugin. -->","yoast_head_json":{"title":"Sistema de billetes - 1Tool","robots":{"index":"index","follow":"follow","max-snippet":"max-snippet:-1","max-image-preview":"max-image-preview:large","max-video-preview":"max-video-preview:-1"},"canonical":"https:\/\/www.1tool.com\/es\/modulos\/organizacion-y-servicio\/tickets-de-soporte\/funciones-modulo-de-tickets-de-soporte\/sistema-de-billetes\/","og_locale":"es_ES","og_type":"article","og_title":"Sistema de billetes - 1Tool","og_description":"Sistema de billetes El sistema de tickets 1Tool CRM te ayuda a optimizar la atenci\u00f3n al cliente, desde la consulta inicial hasta la soluci\u00f3n final del servicio. Mejor calidad de servicio gracias a la gesti\u00f3n inteligente de billetes El software 1Tool Ticket System es la soluci\u00f3n ideal para tu servicio de atenci\u00f3n al cliente y [&hellip;]","og_url":"https:\/\/www.1tool.com\/es\/modulos\/organizacion-y-servicio\/tickets-de-soporte\/funciones-modulo-de-tickets-de-soporte\/sistema-de-billetes\/","og_site_name":"1Tool","article_modified_time":"2026-05-04T12:26:10+00:00","twitter_card":"summary_large_image","twitter_misc":{"Tiempo de lectura":"4 minutos"},"schema":{"@context":"https:\/\/schema.org","@graph":[{"@type":"WebPage","@id":"https:\/\/www.1tool.com\/es\/modulos\/organizacion-y-servicio\/tickets-de-soporte\/funciones-modulo-de-tickets-de-soporte\/sistema-de-billetes\/","url":"https:\/\/www.1tool.com\/es\/modulos\/organizacion-y-servicio\/tickets-de-soporte\/funciones-modulo-de-tickets-de-soporte\/sistema-de-billetes\/","name":"Sistema de billetes - 1Tool","isPartOf":{"@id":"https:\/\/www.1tool.com\/es\/#website"},"datePublished":"2022-03-30T16:34:22+00:00","dateModified":"2026-05-04T12:26:10+00:00","breadcrumb":{"@id":"https:\/\/www.1tool.com\/es\/modulos\/organizacion-y-servicio\/tickets-de-soporte\/funciones-modulo-de-tickets-de-soporte\/sistema-de-billetes\/#breadcrumb"},"inLanguage":"es","potentialAction":[{"@type":"ReadAction","target":["https:\/\/www.1tool.com\/es\/modulos\/organizacion-y-servicio\/tickets-de-soporte\/funciones-modulo-de-tickets-de-soporte\/sistema-de-billetes\/"]}]},{"@type":"BreadcrumbList","@id":"https:\/\/www.1tool.com\/es\/modulos\/organizacion-y-servicio\/tickets-de-soporte\/funciones-modulo-de-tickets-de-soporte\/sistema-de-billetes\/#breadcrumb","itemListElement":[{"@type":"ListItem","position":1,"name":"Home","item":"https:\/\/www.1tool.com\/es\/"},{"@type":"ListItem","position":2,"name":"M\u00f3dulos","item":"https:\/\/www.1tool.com\/es\/modulos\/"},{"@type":"ListItem","position":3,"name":"Organizaci\u00f3n y Servicio","item":"https:\/\/www.1tool.com\/es\/modulos\/organizacion-y-servicio\/"},{"@type":"ListItem","position":4,"name":"Tickets de soporte","item":"https:\/\/www.1tool.com\/es\/modulos\/organizacion-y-servicio\/tickets-de-soporte\/"},{"@type":"ListItem","position":5,"name":"Funciones M\u00f3dulo de Tickets de Soporte","item":"https:\/\/www.1tool.com\/es\/modulos\/organizacion-y-servicio\/tickets-de-soporte\/funciones-modulo-de-tickets-de-soporte\/"},{"@type":"ListItem","position":6,"name":"Sistema de billetes"}]},{"@type":"WebSite","@id":"https:\/\/www.1tool.com\/es\/#website","url":"https:\/\/www.1tool.com\/es\/","name":"1Tool","description":"CRM","publisher":{"@id":"https:\/\/www.1tool.com\/es\/#organization"},"potentialAction":[{"@type":"SearchAction","target":{"@type":"EntryPoint","urlTemplate":"https:\/\/www.1tool.com\/es\/?s={search_term_string}"},"query-input":{"@type":"PropertyValueSpecification","valueRequired":true,"valueName":"search_term_string"}}],"inLanguage":"es"},{"@type":"Organization","@id":"https:\/\/www.1tool.com\/es\/#organization","name":"1Tool","url":"https:\/\/www.1tool.com\/es\/","logo":{"@type":"ImageObject","inLanguage":"es","@id":"https:\/\/www.1tool.com\/es\/#\/schema\/logo\/image\/","url":"https:\/\/www.1tool.com\/wp-content\/uploads\/2022\/04\/1tool-1.png","contentUrl":"https:\/\/www.1tool.com\/wp-content\/uploads\/2022\/04\/1tool-1.png","width":400,"height":150,"caption":"1Tool"},"image":{"@id":"https:\/\/www.1tool.com\/es\/#\/schema\/logo\/image\/"}}]}},"_links":{"self":[{"href":"https:\/\/www.1tool.com\/es\/wp-json\/wp\/v2\/pages\/74554","targetHints":{"allow":["GET"]}}],"collection":[{"href":"https:\/\/www.1tool.com\/es\/wp-json\/wp\/v2\/pages"}],"about":[{"href":"https:\/\/www.1tool.com\/es\/wp-json\/wp\/v2\/types\/page"}],"author":[{"embeddable":true,"href":"https:\/\/www.1tool.com\/es\/wp-json\/wp\/v2\/users\/1"}],"replies":[{"embeddable":true,"href":"https:\/\/www.1tool.com\/es\/wp-json\/wp\/v2\/comments?post=74554"}],"version-history":[{"count":1,"href":"https:\/\/www.1tool.com\/es\/wp-json\/wp\/v2\/pages\/74554\/revisions"}],"predecessor-version":[{"id":74555,"href":"https:\/\/www.1tool.com\/es\/wp-json\/wp\/v2\/pages\/74554\/revisions\/74555"}],"up":[{"embeddable":true,"href":"https:\/\/www.1tool.com\/es\/wp-json\/wp\/v2\/pages\/74685"}],"wp:attachment":[{"href":"https:\/\/www.1tool.com\/es\/wp-json\/wp\/v2\/media?parent=74554"}],"curies":[{"name":"wp","href":"https:\/\/api.w.org\/{rel}","templated":true}]}}