{"id":74557,"date":"2022-03-30T18:32:08","date_gmt":"2022-03-30T16:32:08","guid":{"rendered":"https:\/\/www.1tool.com\/software-de-apoyo\/"},"modified":"2026-05-04T14:26:10","modified_gmt":"2026-05-04T12:26:10","slug":"software-de-apoyo","status":"publish","type":"page","link":"https:\/\/www.1tool.com\/es\/modulos\/organizacion-y-servicio\/tickets-de-soporte\/funciones-modulo-de-tickets-de-soporte\/software-de-apoyo\/","title":{"rendered":"Software de apoyo"},"content":{"rendered":"\t\t<div data-elementor-type=\"wp-page\" data-elementor-id=\"74557\" class=\"elementor elementor-74557 elementor-49480\" data-elementor-post-type=\"page\">\n\t\t\t\t\t\t<section class=\"elementor-section elementor-top-section elementor-element elementor-element-47591b5 elementor-section-boxed elementor-section-height-default elementor-section-height-default shadepro-adv-gradient-no shadepro-sticky-no\" data-id=\"47591b5\" data-element_type=\"section\" data-e-type=\"section\" data-settings=\"{&quot;shadepro_sticky&quot;:&quot;no&quot;}\">\n\t\t\t\t\t\t<div class=\"elementor-container elementor-column-gap-default\">\n\t\t\t\t\t<div class=\"elementor-column elementor-col-100 elementor-top-column elementor-element elementor-element-cdf32a9\" data-id=\"cdf32a9\" data-element_type=\"column\" data-e-type=\"column\">\n\t\t\t<div class=\"elementor-widget-wrap elementor-element-populated\">\n\t\t\t\t\t\t<div class=\"elementor-element elementor-element-ea7a2ec shadepro-sticky-no elementor-widget elementor-widget-heading\" data-id=\"ea7a2ec\" data-element_type=\"widget\" data-e-type=\"widget\" data-settings=\"{&quot;shadepro_sticky&quot;:&quot;no&quot;}\" data-widget_type=\"heading.default\">\n\t\t\t\t<div class=\"elementor-widget-container\">\n\t\t\t\t\t<h1 class=\"elementor-heading-title elementor-size-default\">Software de apoyo<\/h1>\t\t\t\t<\/div>\n\t\t\t\t<\/div>\n\t\t\t\t<div class=\"elementor-element elementor-element-c126f5c shadepro-sticky-no elementor-widget elementor-widget-text-editor\" data-id=\"c126f5c\" data-element_type=\"widget\" data-e-type=\"widget\" data-settings=\"{&quot;shadepro_sticky&quot;:&quot;no&quot;}\" data-widget_type=\"text-editor.default\">\n\t\t\t\t<div class=\"elementor-widget-container\">\n\t\t\t\t\t\t\t\t\t<p>Excelente servicio de atenci\u00f3n al cliente con el software de asistencia 1Tool<\/p>\t\t\t\t\t\t\t\t<\/div>\n\t\t\t\t<\/div>\n\t\t\t\t<section class=\"elementor-section elementor-inner-section elementor-element elementor-element-631f0c9 elementor-section-boxed elementor-section-height-default elementor-section-height-default shadepro-adv-gradient-no shadepro-sticky-no\" data-id=\"631f0c9\" data-element_type=\"section\" data-e-type=\"section\" data-settings=\"{&quot;shadepro_sticky&quot;:&quot;no&quot;}\">\n\t\t\t\t\t\t<div class=\"elementor-container elementor-column-gap-default\">\n\t\t\t\t\t<div class=\"elementor-column elementor-col-100 elementor-inner-column elementor-element elementor-element-4de23fd\" data-id=\"4de23fd\" data-element_type=\"column\" data-e-type=\"column\">\n\t\t\t<div class=\"elementor-widget-wrap elementor-element-populated\">\n\t\t\t\t\t\t<div class=\"elementor-element elementor-element-5b38bee shadepro-sticky-no elementor-widget elementor-widget-text-editor\" data-id=\"5b38bee\" data-element_type=\"widget\" data-e-type=\"widget\" data-settings=\"{&quot;shadepro_sticky&quot;:&quot;no&quot;}\" data-widget_type=\"text-editor.default\">\n\t\t\t\t<div class=\"elementor-widget-container\">\n\t\t\t\t\t\t\t\t\t<h3>Aumenta la satisfacci\u00f3n de tus clientes con nuestro software de asistencia<\/h3><p>El software de soporte de 1Tool favorece la colaboraci\u00f3n eficaz entre departamentos y garantiza un procesamiento m\u00e1s r\u00e1pido de las consultas de los clientes. Nuestro software para soporte y CRM no s\u00f3lo fomenta la comunicaci\u00f3n interna para establecer relaciones duraderas y a largo plazo. Numerosas funciones inteligentes te ayudan a registrar consultas y reclamaciones en una base de datos central para todos los empleados responsables y a procesarlas con mayor eficacia.  <\/p><h4>Sistema de tickets para tu CRM<\/h4><p>Con la funci\u00f3n de sistema de tickets de nuestro software CRM de soporte, los problemas de los clientes se resuelven desde una ubicaci\u00f3n central. Independientemente del canal que utilices para recibir consultas, quejas, etc., puedes procesarlas eficazmente en equipo dentro del software de soporte gracias a la prioridad, el plazo y el estado. La asignaci\u00f3n directa a las personas responsables y el almacenamiento de documentos o comentarios importantes ahorran tiempo de b\u00fasqueda y actividades administrativas. Esto te permite ofrecer un soporte excelente sin duplicar esfuerzos.   <\/p><p><a href=\"https:\/\/www.1tool.com\/es\/sistema-de-billetes\/\">M\u00e1s informaci\u00f3n sobre el software del sistema de tickets<\/a><\/p><h3> <\/h3><h3>Portal de Soporte del Software 1Tool<\/h3><p>El Portal de Soporte de 1Tool Software no s\u00f3lo te ayuda en la ejecuci\u00f3n r\u00e1pida de las actividades de servicio, sino que tambi\u00e9n act\u00faa como plataforma central para otras actividades y medidas. Se puede crear una amplia base de informaci\u00f3n a partir de tus tickets y gracias al enlace con otros m\u00f3dulos. Tanto si se trata de datos espec\u00edficos sobre un cliente concreto como del registro general de experiencia para empleados y futuros casos de soporte, el Portal de <g id=\"gid_0\">Soporte de 1Tool<\/g> proporciona toda la informaci\u00f3n relevante sobre clientes, tiempos de servicio y servicios facturables con s\u00f3lo pulsar un bot\u00f3n.  <\/p>\t\t\t\t\t\t\t\t<\/div>\n\t\t\t\t<\/div>\n\t\t\t\t\t<\/div>\n\t\t<\/div>\n\t\t\t\t\t<\/div>\n\t\t<\/section>\n\t\t\t\t\t<\/div>\n\t\t<\/div>\n\t\t\t\t\t<\/div>\n\t\t<\/section>\n\t\t\t\t<\/div>\n\t\t","protected":false},"excerpt":{"rendered":"<p>Software de apoyo Excelente servicio de atenci\u00f3n al cliente con el software de asistencia 1Tool Aumenta la satisfacci\u00f3n de tus clientes con nuestro software de asistencia El software de soporte de 1Tool favorece la colaboraci\u00f3n eficaz entre departamentos y garantiza un procesamiento m\u00e1s r\u00e1pido de las consultas de los clientes. Nuestro software para soporte y [&hellip;]<\/p>\n","protected":false},"author":1,"featured_media":0,"parent":74685,"menu_order":0,"comment_status":"closed","ping_status":"closed","template":"","meta":{"inline_featured_image":false,"footnotes":""},"class_list":["post-74557","page","type-page","status-publish","hentry"],"acf":[],"yoast_head":"<!-- This site is optimized with the Yoast SEO plugin v27.5 - https:\/\/yoast.com\/product\/yoast-seo-wordpress\/ -->\n<title>Software de apoyo - 1Tool<\/title>\n<meta name=\"robots\" content=\"index, follow, max-snippet:-1, max-image-preview:large, max-video-preview:-1\" \/>\n<link rel=\"canonical\" href=\"https:\/\/www.1tool.com\/es\/modulos\/organizacion-y-servicio\/tickets-de-soporte\/funciones-modulo-de-tickets-de-soporte\/software-de-apoyo\/\" \/>\n<meta property=\"og:locale\" content=\"es_ES\" \/>\n<meta property=\"og:type\" content=\"article\" \/>\n<meta property=\"og:title\" content=\"Software de apoyo - 1Tool\" \/>\n<meta property=\"og:description\" content=\"Software de apoyo Excelente servicio de atenci\u00f3n al cliente con el software de asistencia 1Tool Aumenta la satisfacci\u00f3n de tus clientes con nuestro software de asistencia El software de soporte de 1Tool favorece la colaboraci\u00f3n eficaz entre departamentos y garantiza un procesamiento m\u00e1s r\u00e1pido de las consultas de los clientes. Nuestro software para soporte y [&hellip;]\" \/>\n<meta property=\"og:url\" content=\"https:\/\/www.1tool.com\/es\/modulos\/organizacion-y-servicio\/tickets-de-soporte\/funciones-modulo-de-tickets-de-soporte\/software-de-apoyo\/\" \/>\n<meta property=\"og:site_name\" content=\"1Tool\" \/>\n<meta property=\"article:modified_time\" content=\"2026-05-04T12:26:10+00:00\" \/>\n<meta name=\"twitter:card\" content=\"summary_large_image\" \/>\n<meta name=\"twitter:label1\" content=\"Tiempo de lectura\" \/>\n\t<meta name=\"twitter:data1\" content=\"2 minutos\" \/>\n<script type=\"application\/ld+json\" class=\"yoast-schema-graph\">{\"@context\":\"https:\\\/\\\/schema.org\",\"@graph\":[{\"@type\":\"WebPage\",\"@id\":\"https:\\\/\\\/www.1tool.com\\\/es\\\/modulos\\\/organizacion-y-servicio\\\/tickets-de-soporte\\\/funciones-modulo-de-tickets-de-soporte\\\/software-de-apoyo\\\/\",\"url\":\"https:\\\/\\\/www.1tool.com\\\/es\\\/modulos\\\/organizacion-y-servicio\\\/tickets-de-soporte\\\/funciones-modulo-de-tickets-de-soporte\\\/software-de-apoyo\\\/\",\"name\":\"Software de apoyo - 1Tool\",\"isPartOf\":{\"@id\":\"https:\\\/\\\/www.1tool.com\\\/es\\\/#website\"},\"datePublished\":\"2022-03-30T16:32:08+00:00\",\"dateModified\":\"2026-05-04T12:26:10+00:00\",\"breadcrumb\":{\"@id\":\"https:\\\/\\\/www.1tool.com\\\/es\\\/modulos\\\/organizacion-y-servicio\\\/tickets-de-soporte\\\/funciones-modulo-de-tickets-de-soporte\\\/software-de-apoyo\\\/#breadcrumb\"},\"inLanguage\":\"es\",\"potentialAction\":[{\"@type\":\"ReadAction\",\"target\":[\"https:\\\/\\\/www.1tool.com\\\/es\\\/modulos\\\/organizacion-y-servicio\\\/tickets-de-soporte\\\/funciones-modulo-de-tickets-de-soporte\\\/software-de-apoyo\\\/\"]}]},{\"@type\":\"BreadcrumbList\",\"@id\":\"https:\\\/\\\/www.1tool.com\\\/es\\\/modulos\\\/organizacion-y-servicio\\\/tickets-de-soporte\\\/funciones-modulo-de-tickets-de-soporte\\\/software-de-apoyo\\\/#breadcrumb\",\"itemListElement\":[{\"@type\":\"ListItem\",\"position\":1,\"name\":\"Home\",\"item\":\"https:\\\/\\\/www.1tool.com\\\/es\\\/\"},{\"@type\":\"ListItem\",\"position\":2,\"name\":\"M\u00f3dulos\",\"item\":\"https:\\\/\\\/www.1tool.com\\\/es\\\/modulos\\\/\"},{\"@type\":\"ListItem\",\"position\":3,\"name\":\"Organizaci\u00f3n y Servicio\",\"item\":\"https:\\\/\\\/www.1tool.com\\\/es\\\/modulos\\\/organizacion-y-servicio\\\/\"},{\"@type\":\"ListItem\",\"position\":4,\"name\":\"Tickets de soporte\",\"item\":\"https:\\\/\\\/www.1tool.com\\\/es\\\/modulos\\\/organizacion-y-servicio\\\/tickets-de-soporte\\\/\"},{\"@type\":\"ListItem\",\"position\":5,\"name\":\"Funciones M\u00f3dulo de Tickets de Soporte\",\"item\":\"https:\\\/\\\/www.1tool.com\\\/es\\\/modulos\\\/organizacion-y-servicio\\\/tickets-de-soporte\\\/funciones-modulo-de-tickets-de-soporte\\\/\"},{\"@type\":\"ListItem\",\"position\":6,\"name\":\"Software de apoyo\"}]},{\"@type\":\"WebSite\",\"@id\":\"https:\\\/\\\/www.1tool.com\\\/es\\\/#website\",\"url\":\"https:\\\/\\\/www.1tool.com\\\/es\\\/\",\"name\":\"1Tool\",\"description\":\"CRM\",\"publisher\":{\"@id\":\"https:\\\/\\\/www.1tool.com\\\/es\\\/#organization\"},\"potentialAction\":[{\"@type\":\"SearchAction\",\"target\":{\"@type\":\"EntryPoint\",\"urlTemplate\":\"https:\\\/\\\/www.1tool.com\\\/es\\\/?s={search_term_string}\"},\"query-input\":{\"@type\":\"PropertyValueSpecification\",\"valueRequired\":true,\"valueName\":\"search_term_string\"}}],\"inLanguage\":\"es\"},{\"@type\":\"Organization\",\"@id\":\"https:\\\/\\\/www.1tool.com\\\/es\\\/#organization\",\"name\":\"1Tool\",\"url\":\"https:\\\/\\\/www.1tool.com\\\/es\\\/\",\"logo\":{\"@type\":\"ImageObject\",\"inLanguage\":\"es\",\"@id\":\"https:\\\/\\\/www.1tool.com\\\/es\\\/#\\\/schema\\\/logo\\\/image\\\/\",\"url\":\"https:\\\/\\\/www.1tool.com\\\/wp-content\\\/uploads\\\/2022\\\/04\\\/1tool-1.png\",\"contentUrl\":\"https:\\\/\\\/www.1tool.com\\\/wp-content\\\/uploads\\\/2022\\\/04\\\/1tool-1.png\",\"width\":400,\"height\":150,\"caption\":\"1Tool\"},\"image\":{\"@id\":\"https:\\\/\\\/www.1tool.com\\\/es\\\/#\\\/schema\\\/logo\\\/image\\\/\"}}]}<\/script>\n<!-- \/ Yoast SEO plugin. -->","yoast_head_json":{"title":"Software de apoyo - 1Tool","robots":{"index":"index","follow":"follow","max-snippet":"max-snippet:-1","max-image-preview":"max-image-preview:large","max-video-preview":"max-video-preview:-1"},"canonical":"https:\/\/www.1tool.com\/es\/modulos\/organizacion-y-servicio\/tickets-de-soporte\/funciones-modulo-de-tickets-de-soporte\/software-de-apoyo\/","og_locale":"es_ES","og_type":"article","og_title":"Software de apoyo - 1Tool","og_description":"Software de apoyo Excelente servicio de atenci\u00f3n al cliente con el software de asistencia 1Tool Aumenta la satisfacci\u00f3n de tus clientes con nuestro software de asistencia El software de soporte de 1Tool favorece la colaboraci\u00f3n eficaz entre departamentos y garantiza un procesamiento m\u00e1s r\u00e1pido de las consultas de los clientes. Nuestro software para soporte y [&hellip;]","og_url":"https:\/\/www.1tool.com\/es\/modulos\/organizacion-y-servicio\/tickets-de-soporte\/funciones-modulo-de-tickets-de-soporte\/software-de-apoyo\/","og_site_name":"1Tool","article_modified_time":"2026-05-04T12:26:10+00:00","twitter_card":"summary_large_image","twitter_misc":{"Tiempo de lectura":"2 minutos"},"schema":{"@context":"https:\/\/schema.org","@graph":[{"@type":"WebPage","@id":"https:\/\/www.1tool.com\/es\/modulos\/organizacion-y-servicio\/tickets-de-soporte\/funciones-modulo-de-tickets-de-soporte\/software-de-apoyo\/","url":"https:\/\/www.1tool.com\/es\/modulos\/organizacion-y-servicio\/tickets-de-soporte\/funciones-modulo-de-tickets-de-soporte\/software-de-apoyo\/","name":"Software de apoyo - 1Tool","isPartOf":{"@id":"https:\/\/www.1tool.com\/es\/#website"},"datePublished":"2022-03-30T16:32:08+00:00","dateModified":"2026-05-04T12:26:10+00:00","breadcrumb":{"@id":"https:\/\/www.1tool.com\/es\/modulos\/organizacion-y-servicio\/tickets-de-soporte\/funciones-modulo-de-tickets-de-soporte\/software-de-apoyo\/#breadcrumb"},"inLanguage":"es","potentialAction":[{"@type":"ReadAction","target":["https:\/\/www.1tool.com\/es\/modulos\/organizacion-y-servicio\/tickets-de-soporte\/funciones-modulo-de-tickets-de-soporte\/software-de-apoyo\/"]}]},{"@type":"BreadcrumbList","@id":"https:\/\/www.1tool.com\/es\/modulos\/organizacion-y-servicio\/tickets-de-soporte\/funciones-modulo-de-tickets-de-soporte\/software-de-apoyo\/#breadcrumb","itemListElement":[{"@type":"ListItem","position":1,"name":"Home","item":"https:\/\/www.1tool.com\/es\/"},{"@type":"ListItem","position":2,"name":"M\u00f3dulos","item":"https:\/\/www.1tool.com\/es\/modulos\/"},{"@type":"ListItem","position":3,"name":"Organizaci\u00f3n y Servicio","item":"https:\/\/www.1tool.com\/es\/modulos\/organizacion-y-servicio\/"},{"@type":"ListItem","position":4,"name":"Tickets de soporte","item":"https:\/\/www.1tool.com\/es\/modulos\/organizacion-y-servicio\/tickets-de-soporte\/"},{"@type":"ListItem","position":5,"name":"Funciones M\u00f3dulo de Tickets de Soporte","item":"https:\/\/www.1tool.com\/es\/modulos\/organizacion-y-servicio\/tickets-de-soporte\/funciones-modulo-de-tickets-de-soporte\/"},{"@type":"ListItem","position":6,"name":"Software de apoyo"}]},{"@type":"WebSite","@id":"https:\/\/www.1tool.com\/es\/#website","url":"https:\/\/www.1tool.com\/es\/","name":"1Tool","description":"CRM","publisher":{"@id":"https:\/\/www.1tool.com\/es\/#organization"},"potentialAction":[{"@type":"SearchAction","target":{"@type":"EntryPoint","urlTemplate":"https:\/\/www.1tool.com\/es\/?s={search_term_string}"},"query-input":{"@type":"PropertyValueSpecification","valueRequired":true,"valueName":"search_term_string"}}],"inLanguage":"es"},{"@type":"Organization","@id":"https:\/\/www.1tool.com\/es\/#organization","name":"1Tool","url":"https:\/\/www.1tool.com\/es\/","logo":{"@type":"ImageObject","inLanguage":"es","@id":"https:\/\/www.1tool.com\/es\/#\/schema\/logo\/image\/","url":"https:\/\/www.1tool.com\/wp-content\/uploads\/2022\/04\/1tool-1.png","contentUrl":"https:\/\/www.1tool.com\/wp-content\/uploads\/2022\/04\/1tool-1.png","width":400,"height":150,"caption":"1Tool"},"image":{"@id":"https:\/\/www.1tool.com\/es\/#\/schema\/logo\/image\/"}}]}},"_links":{"self":[{"href":"https:\/\/www.1tool.com\/es\/wp-json\/wp\/v2\/pages\/74557","targetHints":{"allow":["GET"]}}],"collection":[{"href":"https:\/\/www.1tool.com\/es\/wp-json\/wp\/v2\/pages"}],"about":[{"href":"https:\/\/www.1tool.com\/es\/wp-json\/wp\/v2\/types\/page"}],"author":[{"embeddable":true,"href":"https:\/\/www.1tool.com\/es\/wp-json\/wp\/v2\/users\/1"}],"replies":[{"embeddable":true,"href":"https:\/\/www.1tool.com\/es\/wp-json\/wp\/v2\/comments?post=74557"}],"version-history":[{"count":1,"href":"https:\/\/www.1tool.com\/es\/wp-json\/wp\/v2\/pages\/74557\/revisions"}],"predecessor-version":[{"id":74563,"href":"https:\/\/www.1tool.com\/es\/wp-json\/wp\/v2\/pages\/74557\/revisions\/74563"}],"up":[{"embeddable":true,"href":"https:\/\/www.1tool.com\/es\/wp-json\/wp\/v2\/pages\/74685"}],"wp:attachment":[{"href":"https:\/\/www.1tool.com\/es\/wp-json\/wp\/v2\/media?parent=74557"}],"curies":[{"name":"wp","href":"https:\/\/api.w.org\/{rel}","templated":true}]}}