{"id":74569,"date":"2022-03-30T18:18:57","date_gmt":"2022-03-30T16:18:57","guid":{"rendered":"https:\/\/www.1tool.com\/informe-contable\/"},"modified":"2026-05-04T14:26:10","modified_gmt":"2026-05-04T12:26:10","slug":"informe-contable","status":"publish","type":"page","link":"https:\/\/www.1tool.com\/es\/modulos\/contabilidad-y-control\/facturas\/funciones-del-modulo-factura\/informe-contable\/","title":{"rendered":"Informe contable"},"content":{"rendered":"\t\t<div data-elementor-type=\"wp-page\" data-elementor-id=\"74569\" class=\"elementor elementor-74569 elementor-49410\" data-elementor-post-type=\"page\">\n\t\t\t\t\t\t<section class=\"elementor-section elementor-top-section elementor-element elementor-element-319b817 elementor-section-boxed elementor-section-height-default elementor-section-height-default shadepro-adv-gradient-no shadepro-sticky-no\" data-id=\"319b817\" data-element_type=\"section\" data-e-type=\"section\" data-settings=\"{&quot;shadepro_sticky&quot;:&quot;no&quot;}\">\n\t\t\t\t\t\t<div class=\"elementor-container elementor-column-gap-default\">\n\t\t\t\t\t<div class=\"elementor-column elementor-col-100 elementor-top-column elementor-element elementor-element-819b31b\" data-id=\"819b31b\" data-element_type=\"column\" data-e-type=\"column\">\n\t\t\t<div class=\"elementor-widget-wrap elementor-element-populated\">\n\t\t\t\t\t\t<div class=\"elementor-element elementor-element-d8e610d shadepro-sticky-no elementor-widget elementor-widget-heading\" data-id=\"d8e610d\" data-element_type=\"widget\" data-e-type=\"widget\" data-settings=\"{&quot;shadepro_sticky&quot;:&quot;no&quot;}\" data-widget_type=\"heading.default\">\n\t\t\t\t<div class=\"elementor-widget-container\">\n\t\t\t\t\t<h1 class=\"elementor-heading-title elementor-size-default\">Informe contable<\/h1>\t\t\t\t<\/div>\n\t\t\t\t<\/div>\n\t\t\t\t<div class=\"elementor-element elementor-element-862a3bb shadepro-sticky-no elementor-widget elementor-widget-text-editor\" data-id=\"862a3bb\" data-element_type=\"widget\" data-e-type=\"widget\" data-settings=\"{&quot;shadepro_sticky&quot;:&quot;no&quot;}\" data-widget_type=\"text-editor.default\">\n\t\t\t\t<div class=\"elementor-widget-container\">\n\t\t\t\t\t\t\t\t\t<p>El informe de facturas de 1Tool te ayuda a llevar un control de la facturaci\u00f3n y las facturas de la empresa.<\/p>\t\t\t\t\t\t\t\t<\/div>\n\t\t\t\t<\/div>\n\t\t\t\t<section class=\"elementor-section elementor-inner-section elementor-element elementor-element-dc65470 elementor-section-boxed elementor-section-height-default elementor-section-height-default shadepro-adv-gradient-no shadepro-sticky-no\" data-id=\"dc65470\" data-element_type=\"section\" data-e-type=\"section\" data-settings=\"{&quot;shadepro_sticky&quot;:&quot;no&quot;}\">\n\t\t\t\t\t\t<div class=\"elementor-container elementor-column-gap-default\">\n\t\t\t\t\t<div class=\"elementor-column elementor-col-100 elementor-inner-column elementor-element elementor-element-2e1866e\" data-id=\"2e1866e\" data-element_type=\"column\" data-e-type=\"column\">\n\t\t\t<div class=\"elementor-widget-wrap elementor-element-populated\">\n\t\t\t\t\t\t<div class=\"elementor-element elementor-element-dd62165 shadepro-sticky-no elementor-widget elementor-widget-text-editor\" data-id=\"dd62165\" data-element_type=\"widget\" data-e-type=\"widget\" data-settings=\"{&quot;shadepro_sticky&quot;:&quot;no&quot;}\" data-widget_type=\"text-editor.default\">\n\t\t\t\t<div class=\"elementor-widget-container\">\n\t\t\t\t\t\t\t\t\t<h3>\u00a1Gesti\u00f3n eficaz de facturas y ventas!<\/h3><p>Con el informe de facturas de 1Tool, puedes ver tu facturaci\u00f3n anual con un clic de rat\u00f3n, que adem\u00e1s se muestra en forma de gr\u00e1fico. Tambi\u00e9n te da una visi\u00f3n de las facturas pagadas y no pagadas, permiti\u00e9ndote crear f\u00e1cilmente una comparaci\u00f3n de las mismas. El informe de facturas tambi\u00e9n muestra el n\u00famero de facturas del a\u00f1o, as\u00ed como sus importes brutos y netos. Estos an\u00e1lisis te permiten gestionar eficazmente las finanzas de tu empresa y garantizar una contabilidad \u00f3ptima.   <\/p><p><em>Los gr\u00e1ficos y an\u00e1lisis del <strong><a href=\"https:\/\/www.1tool.com\/manual\/rechnung\/rechnungsbericht\/\" target=\"_blank\" rel=\"noreferrer noopener\">informe contable <\/a><\/strong>se describen detalladamente en el manual<\/em><\/p><h3> <\/h3><h3>Estad\u00edsticas de ventas detalladas basadas en tus facturas<\/h3><p>Se pueden registrar f\u00e1cilmente los pagos y analizar las partidas abiertas. La gesti\u00f3n de productos tambi\u00e9n est\u00e1 disponible en 1Tool, de modo que los datos maestros de los art\u00edculos pueden registrarse, asignarse a los clientes y facturarse en cualquier momento. Gracias al sistema flexible y modular, se pueden definir bonitas plantillas de facturas. 1Tool tambi\u00e9n admite facturas electr\u00f3nicas. Las facturas se pueden encontrar en cualquier momento mediante completas funciones de b\u00fasqueda. Gracias a la integraci\u00f3n en el CRM, el m\u00f3dulo de gesti\u00f3n de clientes tambi\u00e9n muestra en cualquier momento qu\u00e9 servicios se han facturado a qu\u00e9 clientes.     <\/p>\t\t\t\t\t\t\t\t<\/div>\n\t\t\t\t<\/div>\n\t\t\t\t\t<\/div>\n\t\t<\/div>\n\t\t\t\t\t<\/div>\n\t\t<\/section>\n\t\t\t\t\t<\/div>\n\t\t<\/div>\n\t\t\t\t\t<\/div>\n\t\t<\/section>\n\t\t\t\t<\/div>\n\t\t","protected":false},"excerpt":{"rendered":"<p>Informe contable El informe de facturas de 1Tool te ayuda a llevar un control de la facturaci\u00f3n y las facturas de la empresa. \u00a1Gesti\u00f3n eficaz de facturas y ventas! Con el informe de facturas de 1Tool, puedes ver tu facturaci\u00f3n anual con un clic de rat\u00f3n, que adem\u00e1s se muestra en forma de gr\u00e1fico. Tambi\u00e9n [&hellip;]<\/p>\n","protected":false},"author":1,"featured_media":0,"parent":74684,"menu_order":0,"comment_status":"closed","ping_status":"closed","template":"","meta":{"inline_featured_image":false,"footnotes":""},"class_list":["post-74569","page","type-page","status-publish","hentry"],"acf":[],"yoast_head":"<!-- This site is optimized with the Yoast SEO plugin v27.5 - https:\/\/yoast.com\/product\/yoast-seo-wordpress\/ -->\n<title>Informe contable - 1Tool<\/title>\n<meta name=\"robots\" content=\"index, follow, max-snippet:-1, max-image-preview:large, max-video-preview:-1\" \/>\n<link rel=\"canonical\" href=\"https:\/\/www.1tool.com\/es\/modulos\/contabilidad-y-control\/facturas\/funciones-del-modulo-factura\/informe-contable\/\" \/>\n<meta property=\"og:locale\" content=\"es_ES\" \/>\n<meta property=\"og:type\" content=\"article\" \/>\n<meta property=\"og:title\" content=\"Informe contable - 1Tool\" \/>\n<meta property=\"og:description\" content=\"Informe contable El informe de facturas de 1Tool te ayuda a llevar un control de la facturaci\u00f3n y las facturas de la empresa. \u00a1Gesti\u00f3n eficaz de facturas y ventas! Con el informe de facturas de 1Tool, puedes ver tu facturaci\u00f3n anual con un clic de rat\u00f3n, que adem\u00e1s se muestra en forma de gr\u00e1fico. Tambi\u00e9n [&hellip;]\" \/>\n<meta property=\"og:url\" content=\"https:\/\/www.1tool.com\/es\/modulos\/contabilidad-y-control\/facturas\/funciones-del-modulo-factura\/informe-contable\/\" \/>\n<meta property=\"og:site_name\" content=\"1Tool\" \/>\n<meta property=\"article:modified_time\" content=\"2026-05-04T12:26:10+00:00\" \/>\n<meta name=\"twitter:card\" content=\"summary_large_image\" \/>\n<meta name=\"twitter:label1\" content=\"Tiempo de lectura\" \/>\n\t<meta name=\"twitter:data1\" content=\"1 minuto\" \/>\n<script type=\"application\/ld+json\" class=\"yoast-schema-graph\">{\"@context\":\"https:\\\/\\\/schema.org\",\"@graph\":[{\"@type\":\"WebPage\",\"@id\":\"https:\\\/\\\/www.1tool.com\\\/es\\\/modulos\\\/contabilidad-y-control\\\/facturas\\\/funciones-del-modulo-factura\\\/informe-contable\\\/\",\"url\":\"https:\\\/\\\/www.1tool.com\\\/es\\\/modulos\\\/contabilidad-y-control\\\/facturas\\\/funciones-del-modulo-factura\\\/informe-contable\\\/\",\"name\":\"Informe contable - 1Tool\",\"isPartOf\":{\"@id\":\"https:\\\/\\\/www.1tool.com\\\/es\\\/#website\"},\"datePublished\":\"2022-03-30T16:18:57+00:00\",\"dateModified\":\"2026-05-04T12:26:10+00:00\",\"breadcrumb\":{\"@id\":\"https:\\\/\\\/www.1tool.com\\\/es\\\/modulos\\\/contabilidad-y-control\\\/facturas\\\/funciones-del-modulo-factura\\\/informe-contable\\\/#breadcrumb\"},\"inLanguage\":\"es\",\"potentialAction\":[{\"@type\":\"ReadAction\",\"target\":[\"https:\\\/\\\/www.1tool.com\\\/es\\\/modulos\\\/contabilidad-y-control\\\/facturas\\\/funciones-del-modulo-factura\\\/informe-contable\\\/\"]}]},{\"@type\":\"BreadcrumbList\",\"@id\":\"https:\\\/\\\/www.1tool.com\\\/es\\\/modulos\\\/contabilidad-y-control\\\/facturas\\\/funciones-del-modulo-factura\\\/informe-contable\\\/#breadcrumb\",\"itemListElement\":[{\"@type\":\"ListItem\",\"position\":1,\"name\":\"Home\",\"item\":\"https:\\\/\\\/www.1tool.com\\\/es\\\/\"},{\"@type\":\"ListItem\",\"position\":2,\"name\":\"M\u00f3dulos\",\"item\":\"https:\\\/\\\/www.1tool.com\\\/es\\\/modulos\\\/\"},{\"@type\":\"ListItem\",\"position\":3,\"name\":\"Contabilidad y Control\",\"item\":\"https:\\\/\\\/www.1tool.com\\\/es\\\/modulos\\\/contabilidad-y-control\\\/\"},{\"@type\":\"ListItem\",\"position\":4,\"name\":\"Facturas\",\"item\":\"https:\\\/\\\/www.1tool.com\\\/es\\\/modulos\\\/contabilidad-y-control\\\/facturas\\\/\"},{\"@type\":\"ListItem\",\"position\":5,\"name\":\"Funciones del m\u00f3dulo Factura\",\"item\":\"https:\\\/\\\/www.1tool.com\\\/es\\\/modulos\\\/contabilidad-y-control\\\/facturas\\\/funciones-del-modulo-factura\\\/\"},{\"@type\":\"ListItem\",\"position\":6,\"name\":\"Informe contable\"}]},{\"@type\":\"WebSite\",\"@id\":\"https:\\\/\\\/www.1tool.com\\\/es\\\/#website\",\"url\":\"https:\\\/\\\/www.1tool.com\\\/es\\\/\",\"name\":\"1Tool\",\"description\":\"CRM\",\"publisher\":{\"@id\":\"https:\\\/\\\/www.1tool.com\\\/es\\\/#organization\"},\"potentialAction\":[{\"@type\":\"SearchAction\",\"target\":{\"@type\":\"EntryPoint\",\"urlTemplate\":\"https:\\\/\\\/www.1tool.com\\\/es\\\/?s={search_term_string}\"},\"query-input\":{\"@type\":\"PropertyValueSpecification\",\"valueRequired\":true,\"valueName\":\"search_term_string\"}}],\"inLanguage\":\"es\"},{\"@type\":\"Organization\",\"@id\":\"https:\\\/\\\/www.1tool.com\\\/es\\\/#organization\",\"name\":\"1Tool\",\"url\":\"https:\\\/\\\/www.1tool.com\\\/es\\\/\",\"logo\":{\"@type\":\"ImageObject\",\"inLanguage\":\"es\",\"@id\":\"https:\\\/\\\/www.1tool.com\\\/es\\\/#\\\/schema\\\/logo\\\/image\\\/\",\"url\":\"https:\\\/\\\/www.1tool.com\\\/wp-content\\\/uploads\\\/2022\\\/04\\\/1tool-1.png\",\"contentUrl\":\"https:\\\/\\\/www.1tool.com\\\/wp-content\\\/uploads\\\/2022\\\/04\\\/1tool-1.png\",\"width\":400,\"height\":150,\"caption\":\"1Tool\"},\"image\":{\"@id\":\"https:\\\/\\\/www.1tool.com\\\/es\\\/#\\\/schema\\\/logo\\\/image\\\/\"}}]}<\/script>\n<!-- \/ Yoast SEO plugin. -->","yoast_head_json":{"title":"Informe contable - 1Tool","robots":{"index":"index","follow":"follow","max-snippet":"max-snippet:-1","max-image-preview":"max-image-preview:large","max-video-preview":"max-video-preview:-1"},"canonical":"https:\/\/www.1tool.com\/es\/modulos\/contabilidad-y-control\/facturas\/funciones-del-modulo-factura\/informe-contable\/","og_locale":"es_ES","og_type":"article","og_title":"Informe contable - 1Tool","og_description":"Informe contable El informe de facturas de 1Tool te ayuda a llevar un control de la facturaci\u00f3n y las facturas de la empresa. \u00a1Gesti\u00f3n eficaz de facturas y ventas! Con el informe de facturas de 1Tool, puedes ver tu facturaci\u00f3n anual con un clic de rat\u00f3n, que adem\u00e1s se muestra en forma de gr\u00e1fico. Tambi\u00e9n [&hellip;]","og_url":"https:\/\/www.1tool.com\/es\/modulos\/contabilidad-y-control\/facturas\/funciones-del-modulo-factura\/informe-contable\/","og_site_name":"1Tool","article_modified_time":"2026-05-04T12:26:10+00:00","twitter_card":"summary_large_image","twitter_misc":{"Tiempo de lectura":"1 minuto"},"schema":{"@context":"https:\/\/schema.org","@graph":[{"@type":"WebPage","@id":"https:\/\/www.1tool.com\/es\/modulos\/contabilidad-y-control\/facturas\/funciones-del-modulo-factura\/informe-contable\/","url":"https:\/\/www.1tool.com\/es\/modulos\/contabilidad-y-control\/facturas\/funciones-del-modulo-factura\/informe-contable\/","name":"Informe contable - 1Tool","isPartOf":{"@id":"https:\/\/www.1tool.com\/es\/#website"},"datePublished":"2022-03-30T16:18:57+00:00","dateModified":"2026-05-04T12:26:10+00:00","breadcrumb":{"@id":"https:\/\/www.1tool.com\/es\/modulos\/contabilidad-y-control\/facturas\/funciones-del-modulo-factura\/informe-contable\/#breadcrumb"},"inLanguage":"es","potentialAction":[{"@type":"ReadAction","target":["https:\/\/www.1tool.com\/es\/modulos\/contabilidad-y-control\/facturas\/funciones-del-modulo-factura\/informe-contable\/"]}]},{"@type":"BreadcrumbList","@id":"https:\/\/www.1tool.com\/es\/modulos\/contabilidad-y-control\/facturas\/funciones-del-modulo-factura\/informe-contable\/#breadcrumb","itemListElement":[{"@type":"ListItem","position":1,"name":"Home","item":"https:\/\/www.1tool.com\/es\/"},{"@type":"ListItem","position":2,"name":"M\u00f3dulos","item":"https:\/\/www.1tool.com\/es\/modulos\/"},{"@type":"ListItem","position":3,"name":"Contabilidad y Control","item":"https:\/\/www.1tool.com\/es\/modulos\/contabilidad-y-control\/"},{"@type":"ListItem","position":4,"name":"Facturas","item":"https:\/\/www.1tool.com\/es\/modulos\/contabilidad-y-control\/facturas\/"},{"@type":"ListItem","position":5,"name":"Funciones del m\u00f3dulo Factura","item":"https:\/\/www.1tool.com\/es\/modulos\/contabilidad-y-control\/facturas\/funciones-del-modulo-factura\/"},{"@type":"ListItem","position":6,"name":"Informe contable"}]},{"@type":"WebSite","@id":"https:\/\/www.1tool.com\/es\/#website","url":"https:\/\/www.1tool.com\/es\/","name":"1Tool","description":"CRM","publisher":{"@id":"https:\/\/www.1tool.com\/es\/#organization"},"potentialAction":[{"@type":"SearchAction","target":{"@type":"EntryPoint","urlTemplate":"https:\/\/www.1tool.com\/es\/?s={search_term_string}"},"query-input":{"@type":"PropertyValueSpecification","valueRequired":true,"valueName":"search_term_string"}}],"inLanguage":"es"},{"@type":"Organization","@id":"https:\/\/www.1tool.com\/es\/#organization","name":"1Tool","url":"https:\/\/www.1tool.com\/es\/","logo":{"@type":"ImageObject","inLanguage":"es","@id":"https:\/\/www.1tool.com\/es\/#\/schema\/logo\/image\/","url":"https:\/\/www.1tool.com\/wp-content\/uploads\/2022\/04\/1tool-1.png","contentUrl":"https:\/\/www.1tool.com\/wp-content\/uploads\/2022\/04\/1tool-1.png","width":400,"height":150,"caption":"1Tool"},"image":{"@id":"https:\/\/www.1tool.com\/es\/#\/schema\/logo\/image\/"}}]}},"_links":{"self":[{"href":"https:\/\/www.1tool.com\/es\/wp-json\/wp\/v2\/pages\/74569","targetHints":{"allow":["GET"]}}],"collection":[{"href":"https:\/\/www.1tool.com\/es\/wp-json\/wp\/v2\/pages"}],"about":[{"href":"https:\/\/www.1tool.com\/es\/wp-json\/wp\/v2\/types\/page"}],"author":[{"embeddable":true,"href":"https:\/\/www.1tool.com\/es\/wp-json\/wp\/v2\/users\/1"}],"replies":[{"embeddable":true,"href":"https:\/\/www.1tool.com\/es\/wp-json\/wp\/v2\/comments?post=74569"}],"version-history":[{"count":1,"href":"https:\/\/www.1tool.com\/es\/wp-json\/wp\/v2\/pages\/74569\/revisions"}],"predecessor-version":[{"id":74570,"href":"https:\/\/www.1tool.com\/es\/wp-json\/wp\/v2\/pages\/74569\/revisions\/74570"}],"up":[{"embeddable":true,"href":"https:\/\/www.1tool.com\/es\/wp-json\/wp\/v2\/pages\/74684"}],"wp:attachment":[{"href":"https:\/\/www.1tool.com\/es\/wp-json\/wp\/v2\/media?parent=74569"}],"curies":[{"name":"wp","href":"https:\/\/api.w.org\/{rel}","templated":true}]}}