{"id":74571,"date":"2022-03-30T18:16:14","date_gmt":"2022-03-30T16:16:14","guid":{"rendered":"https:\/\/www.1tool.com\/compras-y-ventas-notas-de-credito\/"},"modified":"2026-05-04T14:43:30","modified_gmt":"2026-05-04T12:43:30","slug":"compras-y-ventas-notas-de-credito","status":"publish","type":"page","link":"https:\/\/www.1tool.com\/es\/modulos\/gestion-de-mercancias-y-tienda\/gestion-de-almacenes\/funciones-del-modulo-de-gestion-de-almacenes\/compras-y-ventas-notas-de-credito\/","title":{"rendered":"Compras y ventas\/notas de cr\u00e9dito"},"content":{"rendered":"\t\t<div data-elementor-type=\"wp-page\" data-elementor-id=\"74571\" class=\"elementor elementor-74571 elementor-49402\" data-elementor-post-type=\"page\">\n\t\t\t\t\t\t<section class=\"elementor-section elementor-top-section elementor-element elementor-element-f318a84 elementor-section-boxed elementor-section-height-default elementor-section-height-default shadepro-adv-gradient-no shadepro-sticky-no\" data-id=\"f318a84\" data-element_type=\"section\" data-e-type=\"section\" data-settings=\"{&quot;shadepro_sticky&quot;:&quot;no&quot;}\">\n\t\t\t\t\t\t<div class=\"elementor-container elementor-column-gap-default\">\n\t\t\t\t\t<div class=\"elementor-column elementor-col-100 elementor-top-column elementor-element elementor-element-150cac7\" data-id=\"150cac7\" data-element_type=\"column\" data-e-type=\"column\">\n\t\t\t<div class=\"elementor-widget-wrap elementor-element-populated\">\n\t\t\t\t\t\t<div class=\"elementor-element elementor-element-d6cbf46 shadepro-sticky-no elementor-widget elementor-widget-heading\" data-id=\"d6cbf46\" data-element_type=\"widget\" data-e-type=\"widget\" data-settings=\"{&quot;shadepro_sticky&quot;:&quot;no&quot;}\" data-widget_type=\"heading.default\">\n\t\t\t\t<div class=\"elementor-widget-container\">\n\t\t\t\t\t<h1 class=\"elementor-heading-title elementor-size-default\">Compras y ventas\/notas de cr\u00e9dito<\/h1>\t\t\t\t<\/div>\n\t\t\t\t<\/div>\n\t\t\t\t<div class=\"elementor-element elementor-element-e8371c5 shadepro-sticky-no elementor-widget elementor-widget-text-editor\" data-id=\"e8371c5\" data-element_type=\"widget\" data-e-type=\"widget\" data-settings=\"{&quot;shadepro_sticky&quot;:&quot;no&quot;}\" data-widget_type=\"text-editor.default\">\n\t\t\t\t<div class=\"elementor-widget-container\">\n\t\t\t\t\t\t\t\t\t<p>El software de almac\u00e9n 1Tool permite procesar r\u00e1pidamente las compras y ventas de mercanc\u00edas.<\/p>\t\t\t\t\t\t\t\t<\/div>\n\t\t\t\t<\/div>\n\t\t\t\t<section class=\"elementor-section elementor-inner-section elementor-element elementor-element-60472eb elementor-section-boxed elementor-section-height-default elementor-section-height-default shadepro-adv-gradient-no shadepro-sticky-no\" data-id=\"60472eb\" data-element_type=\"section\" data-e-type=\"section\" data-settings=\"{&quot;shadepro_sticky&quot;:&quot;no&quot;}\">\n\t\t\t\t\t\t<div class=\"elementor-container elementor-column-gap-default\">\n\t\t\t\t\t<div class=\"elementor-column elementor-col-100 elementor-inner-column elementor-element elementor-element-78fe5de\" data-id=\"78fe5de\" data-element_type=\"column\" data-e-type=\"column\">\n\t\t\t<div class=\"elementor-widget-wrap elementor-element-populated\">\n\t\t\t\t\t\t<div class=\"elementor-element elementor-element-e6dd01f shadepro-sticky-no elementor-widget elementor-widget-text-editor\" data-id=\"e6dd01f\" data-element_type=\"widget\" data-e-type=\"widget\" data-settings=\"{&quot;shadepro_sticky&quot;:&quot;no&quot;}\" data-widget_type=\"text-editor.default\">\n\t\t\t\t<div class=\"elementor-widget-container\">\n\t\t\t\t\t\t\t\t\t<h3>Datos actuales inmediatamente disponibles<\/h3><p>Te ahorras la tediosa y duplicada introducci\u00f3n de datos, ya que la informaci\u00f3n relevante sobre clientes y art\u00edculos se toma directamente de otros m\u00f3dulos del sistema.<\/p><p>Uno de los mayores problemas de la gesti\u00f3n de mercanc\u00edas es la disponibilidad de datos actualizados y necesarios. Cuando se factura un producto, suelen aparecer en la factura las cantidades vendidas, los precios unitarios y totales, as\u00ed como las descripciones de los productos. Llevar\u00eda mucho tiempo si esta informaci\u00f3n tuviera que introducirse manualmente cada vez. \u00a1Y m\u00e1s a\u00fan si datos como el precio o la direcci\u00f3n del cliente cambiaran!   <\/p><p>Pero con el software CRM de 1Tool, la informaci\u00f3n se genera de forma totalmente autom\u00e1tica. Independientemente de si est\u00e1s comprando o vendiendo, introduces el nombre del cliente\/proveedor y la mercanc\u00eda correspondiente, y seleccionas la ubicaci\u00f3n del almac\u00e9n correspondiente. Todos los dem\u00e1s detalles, como datos de direcciones, precios o disminuciones o aumentos de existencias, se generan entonces autom\u00e1ticamente.  <\/p><p>Una ventaja particular de la gesti\u00f3n de mercanc\u00edas de 1Tool es la &#8220;alarma&#8221; cuando <strong>los niveles de existencias caen por debajo del nivel m\u00ednimo de existencias<\/strong> o en caso de <strong>escasez<\/strong>. Esto significa que aparece un mensaje directamente durante la facturaci\u00f3n en cuanto facturas una cantidad de un almac\u00e9n concreto que ya no est\u00e1 disponible o que cae por debajo del nivel de stock de seguridad. S\u00f3lo as\u00ed podr\u00e1s optimizar los procesos de tu almac\u00e9n y garantizar una transici\u00f3n fluida entre la facturaci\u00f3n, los nuevos pedidos, etc.  <\/p><p><em>M\u00e1s informaci\u00f3n sobre <strong><a href=\"https:\/\/www.1tool.com\/manual\/warenwirtschaft\/neuer-zukauf\/\" target=\"_blank\" rel=\"noreferrer noopener\">adquisiciones <\/a><\/strong>y <strong><a href=\"https:\/\/www.1tool.com\/manual\/warenwirtschaft\/verkauf\/\" target=\"_blank\" rel=\"noreferrer noopener\">ventas <\/a><\/strong>del software de almac\u00e9n 1Tool<\/em><\/p><h3> <\/h3><h3>Notas de cr\u00e9dito<\/h3><p>Si los clientes devuelven mercanc\u00edas que ya han sido pagadas, hay que crear una nota de abono. Esto tambi\u00e9n se hace autom\u00e1ticamente en 1Tool. Generas un pedido, introduces el cliente y el producto, el resto de la informaci\u00f3n se obtiene de los otros m\u00f3dulos de 1Tool. En cuanto creas la nota de abono, las existencias del almac\u00e9n correspondiente se incrementan en la cantidad correspondiente.   <\/p><p><em>C\u00f3mo <strong><a href=\"https:\/\/www.1tool.com\/manual\/warenwirtschaft\/gutschriften\/\" target=\"_blank\" rel=\"noreferrer noopener\">generar<\/a><\/strong> una <strong>nota de<\/strong> cr\u00e9dito se explica paso a paso en nuestro manual<\/em>.<\/p>\t\t\t\t\t\t\t\t<\/div>\n\t\t\t\t<\/div>\n\t\t\t\t\t<\/div>\n\t\t<\/div>\n\t\t\t\t\t<\/div>\n\t\t<\/section>\n\t\t\t\t\t<\/div>\n\t\t<\/div>\n\t\t\t\t\t<\/div>\n\t\t<\/section>\n\t\t\t\t<\/div>\n\t\t","protected":false},"excerpt":{"rendered":"<p>Compras y ventas\/notas de cr\u00e9dito El software de almac\u00e9n 1Tool permite procesar r\u00e1pidamente las compras y ventas de mercanc\u00edas. Datos actuales inmediatamente disponibles Te ahorras la tediosa y duplicada introducci\u00f3n de datos, ya que la informaci\u00f3n relevante sobre clientes y art\u00edculos se toma directamente de otros m\u00f3dulos del sistema. Uno de los mayores problemas de [&hellip;]<\/p>\n","protected":false},"author":1,"featured_media":0,"parent":76075,"menu_order":0,"comment_status":"closed","ping_status":"closed","template":"","meta":{"inline_featured_image":false,"footnotes":""},"class_list":["post-74571","page","type-page","status-publish","hentry"],"acf":[],"yoast_head":"<!-- This site is optimized with the Yoast SEO plugin v27.5 - https:\/\/yoast.com\/product\/yoast-seo-wordpress\/ -->\n<title>Compras y ventas\/notas de cr\u00e9dito - 1Tool<\/title>\n<meta name=\"robots\" content=\"index, follow, max-snippet:-1, max-image-preview:large, max-video-preview:-1\" \/>\n<link rel=\"canonical\" href=\"https:\/\/www.1tool.com\/es\/modulos\/gestion-de-mercancias-y-tienda\/gestion-de-almacenes\/funciones-del-modulo-de-gestion-de-almacenes\/compras-y-ventas-notas-de-credito\/\" \/>\n<meta property=\"og:locale\" content=\"es_ES\" \/>\n<meta property=\"og:type\" content=\"article\" \/>\n<meta property=\"og:title\" content=\"Compras y ventas\/notas de cr\u00e9dito - 1Tool\" \/>\n<meta property=\"og:description\" content=\"Compras y ventas\/notas de cr\u00e9dito El software de almac\u00e9n 1Tool permite procesar r\u00e1pidamente las compras y ventas de mercanc\u00edas. Datos actuales inmediatamente disponibles Te ahorras la tediosa y duplicada introducci\u00f3n de datos, ya que la informaci\u00f3n relevante sobre clientes y art\u00edculos se toma directamente de otros m\u00f3dulos del sistema. Uno de los mayores problemas de [&hellip;]\" \/>\n<meta property=\"og:url\" content=\"https:\/\/www.1tool.com\/es\/modulos\/gestion-de-mercancias-y-tienda\/gestion-de-almacenes\/funciones-del-modulo-de-gestion-de-almacenes\/compras-y-ventas-notas-de-credito\/\" \/>\n<meta property=\"og:site_name\" content=\"1Tool\" \/>\n<meta property=\"article:modified_time\" content=\"2026-05-04T12:43:30+00:00\" \/>\n<meta name=\"twitter:card\" content=\"summary_large_image\" \/>\n<meta name=\"twitter:label1\" content=\"Tiempo de lectura\" \/>\n\t<meta name=\"twitter:data1\" content=\"2 minutos\" \/>\n<script type=\"application\/ld+json\" class=\"yoast-schema-graph\">{\"@context\":\"https:\\\/\\\/schema.org\",\"@graph\":[{\"@type\":\"WebPage\",\"@id\":\"https:\\\/\\\/www.1tool.com\\\/es\\\/modulos\\\/gestion-de-mercancias-y-tienda\\\/gestion-de-almacenes\\\/funciones-del-modulo-de-gestion-de-almacenes\\\/compras-y-ventas-notas-de-credito\\\/\",\"url\":\"https:\\\/\\\/www.1tool.com\\\/es\\\/modulos\\\/gestion-de-mercancias-y-tienda\\\/gestion-de-almacenes\\\/funciones-del-modulo-de-gestion-de-almacenes\\\/compras-y-ventas-notas-de-credito\\\/\",\"name\":\"Compras y ventas\\\/notas de cr\u00e9dito - 1Tool\",\"isPartOf\":{\"@id\":\"https:\\\/\\\/www.1tool.com\\\/es\\\/#website\"},\"datePublished\":\"2022-03-30T16:16:14+00:00\",\"dateModified\":\"2026-05-04T12:43:30+00:00\",\"breadcrumb\":{\"@id\":\"https:\\\/\\\/www.1tool.com\\\/es\\\/modulos\\\/gestion-de-mercancias-y-tienda\\\/gestion-de-almacenes\\\/funciones-del-modulo-de-gestion-de-almacenes\\\/compras-y-ventas-notas-de-credito\\\/#breadcrumb\"},\"inLanguage\":\"es\",\"potentialAction\":[{\"@type\":\"ReadAction\",\"target\":[\"https:\\\/\\\/www.1tool.com\\\/es\\\/modulos\\\/gestion-de-mercancias-y-tienda\\\/gestion-de-almacenes\\\/funciones-del-modulo-de-gestion-de-almacenes\\\/compras-y-ventas-notas-de-credito\\\/\"]}]},{\"@type\":\"BreadcrumbList\",\"@id\":\"https:\\\/\\\/www.1tool.com\\\/es\\\/modulos\\\/gestion-de-mercancias-y-tienda\\\/gestion-de-almacenes\\\/funciones-del-modulo-de-gestion-de-almacenes\\\/compras-y-ventas-notas-de-credito\\\/#breadcrumb\",\"itemListElement\":[{\"@type\":\"ListItem\",\"position\":1,\"name\":\"Home\",\"item\":\"https:\\\/\\\/www.1tool.com\\\/es\\\/\"},{\"@type\":\"ListItem\",\"position\":2,\"name\":\"M\u00f3dulos\",\"item\":\"https:\\\/\\\/www.1tool.com\\\/es\\\/modulos\\\/\"},{\"@type\":\"ListItem\",\"position\":3,\"name\":\"Gesti\u00f3n de mercanc\u00edas y tienda\",\"item\":\"https:\\\/\\\/www.1tool.com\\\/es\\\/modulos\\\/gestion-de-mercancias-y-tienda\\\/\"},{\"@type\":\"ListItem\",\"position\":4,\"name\":\"Gesti\u00f3n de almacenes\",\"item\":\"https:\\\/\\\/www.1tool.com\\\/es\\\/modulos\\\/gestion-de-mercancias-y-tienda\\\/gestion-de-almacenes\\\/\"},{\"@type\":\"ListItem\",\"position\":5,\"name\":\"Funciones del m\u00f3dulo de gesti\u00f3n de almacenes\",\"item\":\"https:\\\/\\\/www.1tool.com\\\/es\\\/modulos\\\/gestion-de-mercancias-y-tienda\\\/gestion-de-almacenes\\\/funciones-del-modulo-de-gestion-de-almacenes\\\/\"},{\"@type\":\"ListItem\",\"position\":6,\"name\":\"Compras y ventas\\\/notas de cr\u00e9dito\"}]},{\"@type\":\"WebSite\",\"@id\":\"https:\\\/\\\/www.1tool.com\\\/es\\\/#website\",\"url\":\"https:\\\/\\\/www.1tool.com\\\/es\\\/\",\"name\":\"1Tool\",\"description\":\"CRM\",\"publisher\":{\"@id\":\"https:\\\/\\\/www.1tool.com\\\/es\\\/#organization\"},\"potentialAction\":[{\"@type\":\"SearchAction\",\"target\":{\"@type\":\"EntryPoint\",\"urlTemplate\":\"https:\\\/\\\/www.1tool.com\\\/es\\\/?s={search_term_string}\"},\"query-input\":{\"@type\":\"PropertyValueSpecification\",\"valueRequired\":true,\"valueName\":\"search_term_string\"}}],\"inLanguage\":\"es\"},{\"@type\":\"Organization\",\"@id\":\"https:\\\/\\\/www.1tool.com\\\/es\\\/#organization\",\"name\":\"1Tool\",\"url\":\"https:\\\/\\\/www.1tool.com\\\/es\\\/\",\"logo\":{\"@type\":\"ImageObject\",\"inLanguage\":\"es\",\"@id\":\"https:\\\/\\\/www.1tool.com\\\/es\\\/#\\\/schema\\\/logo\\\/image\\\/\",\"url\":\"https:\\\/\\\/www.1tool.com\\\/wp-content\\\/uploads\\\/2022\\\/04\\\/1tool-1.png\",\"contentUrl\":\"https:\\\/\\\/www.1tool.com\\\/wp-content\\\/uploads\\\/2022\\\/04\\\/1tool-1.png\",\"width\":400,\"height\":150,\"caption\":\"1Tool\"},\"image\":{\"@id\":\"https:\\\/\\\/www.1tool.com\\\/es\\\/#\\\/schema\\\/logo\\\/image\\\/\"}}]}<\/script>\n<!-- \/ Yoast SEO plugin. -->","yoast_head_json":{"title":"Compras y ventas\/notas de cr\u00e9dito - 1Tool","robots":{"index":"index","follow":"follow","max-snippet":"max-snippet:-1","max-image-preview":"max-image-preview:large","max-video-preview":"max-video-preview:-1"},"canonical":"https:\/\/www.1tool.com\/es\/modulos\/gestion-de-mercancias-y-tienda\/gestion-de-almacenes\/funciones-del-modulo-de-gestion-de-almacenes\/compras-y-ventas-notas-de-credito\/","og_locale":"es_ES","og_type":"article","og_title":"Compras y ventas\/notas de cr\u00e9dito - 1Tool","og_description":"Compras y ventas\/notas de cr\u00e9dito El software de almac\u00e9n 1Tool permite procesar r\u00e1pidamente las compras y ventas de mercanc\u00edas. Datos actuales inmediatamente disponibles Te ahorras la tediosa y duplicada introducci\u00f3n de datos, ya que la informaci\u00f3n relevante sobre clientes y art\u00edculos se toma directamente de otros m\u00f3dulos del sistema. Uno de los mayores problemas de [&hellip;]","og_url":"https:\/\/www.1tool.com\/es\/modulos\/gestion-de-mercancias-y-tienda\/gestion-de-almacenes\/funciones-del-modulo-de-gestion-de-almacenes\/compras-y-ventas-notas-de-credito\/","og_site_name":"1Tool","article_modified_time":"2026-05-04T12:43:30+00:00","twitter_card":"summary_large_image","twitter_misc":{"Tiempo de lectura":"2 minutos"},"schema":{"@context":"https:\/\/schema.org","@graph":[{"@type":"WebPage","@id":"https:\/\/www.1tool.com\/es\/modulos\/gestion-de-mercancias-y-tienda\/gestion-de-almacenes\/funciones-del-modulo-de-gestion-de-almacenes\/compras-y-ventas-notas-de-credito\/","url":"https:\/\/www.1tool.com\/es\/modulos\/gestion-de-mercancias-y-tienda\/gestion-de-almacenes\/funciones-del-modulo-de-gestion-de-almacenes\/compras-y-ventas-notas-de-credito\/","name":"Compras y ventas\/notas de cr\u00e9dito - 1Tool","isPartOf":{"@id":"https:\/\/www.1tool.com\/es\/#website"},"datePublished":"2022-03-30T16:16:14+00:00","dateModified":"2026-05-04T12:43:30+00:00","breadcrumb":{"@id":"https:\/\/www.1tool.com\/es\/modulos\/gestion-de-mercancias-y-tienda\/gestion-de-almacenes\/funciones-del-modulo-de-gestion-de-almacenes\/compras-y-ventas-notas-de-credito\/#breadcrumb"},"inLanguage":"es","potentialAction":[{"@type":"ReadAction","target":["https:\/\/www.1tool.com\/es\/modulos\/gestion-de-mercancias-y-tienda\/gestion-de-almacenes\/funciones-del-modulo-de-gestion-de-almacenes\/compras-y-ventas-notas-de-credito\/"]}]},{"@type":"BreadcrumbList","@id":"https:\/\/www.1tool.com\/es\/modulos\/gestion-de-mercancias-y-tienda\/gestion-de-almacenes\/funciones-del-modulo-de-gestion-de-almacenes\/compras-y-ventas-notas-de-credito\/#breadcrumb","itemListElement":[{"@type":"ListItem","position":1,"name":"Home","item":"https:\/\/www.1tool.com\/es\/"},{"@type":"ListItem","position":2,"name":"M\u00f3dulos","item":"https:\/\/www.1tool.com\/es\/modulos\/"},{"@type":"ListItem","position":3,"name":"Gesti\u00f3n de mercanc\u00edas y tienda","item":"https:\/\/www.1tool.com\/es\/modulos\/gestion-de-mercancias-y-tienda\/"},{"@type":"ListItem","position":4,"name":"Gesti\u00f3n de almacenes","item":"https:\/\/www.1tool.com\/es\/modulos\/gestion-de-mercancias-y-tienda\/gestion-de-almacenes\/"},{"@type":"ListItem","position":5,"name":"Funciones del m\u00f3dulo de gesti\u00f3n de almacenes","item":"https:\/\/www.1tool.com\/es\/modulos\/gestion-de-mercancias-y-tienda\/gestion-de-almacenes\/funciones-del-modulo-de-gestion-de-almacenes\/"},{"@type":"ListItem","position":6,"name":"Compras y ventas\/notas de cr\u00e9dito"}]},{"@type":"WebSite","@id":"https:\/\/www.1tool.com\/es\/#website","url":"https:\/\/www.1tool.com\/es\/","name":"1Tool","description":"CRM","publisher":{"@id":"https:\/\/www.1tool.com\/es\/#organization"},"potentialAction":[{"@type":"SearchAction","target":{"@type":"EntryPoint","urlTemplate":"https:\/\/www.1tool.com\/es\/?s={search_term_string}"},"query-input":{"@type":"PropertyValueSpecification","valueRequired":true,"valueName":"search_term_string"}}],"inLanguage":"es"},{"@type":"Organization","@id":"https:\/\/www.1tool.com\/es\/#organization","name":"1Tool","url":"https:\/\/www.1tool.com\/es\/","logo":{"@type":"ImageObject","inLanguage":"es","@id":"https:\/\/www.1tool.com\/es\/#\/schema\/logo\/image\/","url":"https:\/\/www.1tool.com\/wp-content\/uploads\/2022\/04\/1tool-1.png","contentUrl":"https:\/\/www.1tool.com\/wp-content\/uploads\/2022\/04\/1tool-1.png","width":400,"height":150,"caption":"1Tool"},"image":{"@id":"https:\/\/www.1tool.com\/es\/#\/schema\/logo\/image\/"}}]}},"_links":{"self":[{"href":"https:\/\/www.1tool.com\/es\/wp-json\/wp\/v2\/pages\/74571","targetHints":{"allow":["GET"]}}],"collection":[{"href":"https:\/\/www.1tool.com\/es\/wp-json\/wp\/v2\/pages"}],"about":[{"href":"https:\/\/www.1tool.com\/es\/wp-json\/wp\/v2\/types\/page"}],"author":[{"embeddable":true,"href":"https:\/\/www.1tool.com\/es\/wp-json\/wp\/v2\/users\/1"}],"replies":[{"embeddable":true,"href":"https:\/\/www.1tool.com\/es\/wp-json\/wp\/v2\/comments?post=74571"}],"version-history":[{"count":1,"href":"https:\/\/www.1tool.com\/es\/wp-json\/wp\/v2\/pages\/74571\/revisions"}],"predecessor-version":[{"id":74572,"href":"https:\/\/www.1tool.com\/es\/wp-json\/wp\/v2\/pages\/74571\/revisions\/74572"}],"up":[{"embeddable":true,"href":"https:\/\/www.1tool.com\/es\/wp-json\/wp\/v2\/pages\/76075"}],"wp:attachment":[{"href":"https:\/\/www.1tool.com\/es\/wp-json\/wp\/v2\/media?parent=74571"}],"curies":[{"name":"wp","href":"https:\/\/api.w.org\/{rel}","templated":true}]}}