{"id":74574,"date":"2022-03-30T18:13:40","date_gmt":"2022-03-30T16:13:40","guid":{"rendered":"https:\/\/www.1tool.com\/sistema-de-gestion-de-mercancias\/"},"modified":"2026-05-04T14:43:30","modified_gmt":"2026-05-04T12:43:30","slug":"sistema-de-gestion-de-mercancias","status":"publish","type":"page","link":"https:\/\/www.1tool.com\/es\/modulos\/gestion-de-mercancias-y-tienda\/gestion-de-almacenes\/funciones-del-modulo-de-gestion-de-almacenes\/sistema-de-gestion-de-mercancias\/","title":{"rendered":"Sistema de gesti\u00f3n de mercanc\u00edas"},"content":{"rendered":"\t\t<div data-elementor-type=\"wp-page\" data-elementor-id=\"74574\" class=\"elementor elementor-74574 elementor-49394\" data-elementor-post-type=\"page\">\n\t\t\t\t\t\t<section class=\"elementor-section elementor-top-section elementor-element elementor-element-faf80bd elementor-section-boxed elementor-section-height-default elementor-section-height-default shadepro-adv-gradient-no shadepro-sticky-no\" data-id=\"faf80bd\" data-element_type=\"section\" data-e-type=\"section\" data-settings=\"{&quot;shadepro_sticky&quot;:&quot;no&quot;}\">\n\t\t\t\t\t\t<div class=\"elementor-container elementor-column-gap-default\">\n\t\t\t\t\t<div class=\"elementor-column elementor-col-100 elementor-top-column elementor-element elementor-element-bd3efba\" data-id=\"bd3efba\" data-element_type=\"column\" data-e-type=\"column\">\n\t\t\t<div class=\"elementor-widget-wrap elementor-element-populated\">\n\t\t\t\t\t\t<div class=\"elementor-element elementor-element-ce99471 shadepro-sticky-no elementor-widget elementor-widget-heading\" data-id=\"ce99471\" data-element_type=\"widget\" data-e-type=\"widget\" data-settings=\"{&quot;shadepro_sticky&quot;:&quot;no&quot;}\" data-widget_type=\"heading.default\">\n\t\t\t\t<div class=\"elementor-widget-container\">\n\t\t\t\t\t<h1 class=\"elementor-heading-title elementor-size-default\">Sistema de gesti\u00f3n de mercanc\u00edas<\/h1>\t\t\t\t<\/div>\n\t\t\t\t<\/div>\n\t\t\t\t<div class=\"elementor-element elementor-element-49ae587 shadepro-sticky-no elementor-widget elementor-widget-text-editor\" data-id=\"49ae587\" data-element_type=\"widget\" data-e-type=\"widget\" data-settings=\"{&quot;shadepro_sticky&quot;:&quot;no&quot;}\" data-widget_type=\"text-editor.default\">\n\t\t\t\t<div class=\"elementor-widget-container\">\n\t\t\t\t\t\t\t\t\t<p>Optimizaci\u00f3n de los pedidos y gesti\u00f3n profesional del inventario con el sistema de gesti\u00f3n de mercanc\u00edas 1Tool<\/p>\t\t\t\t\t\t\t\t<\/div>\n\t\t\t\t<\/div>\n\t\t\t\t<section class=\"elementor-section elementor-inner-section elementor-element elementor-element-5e6ba5b elementor-section-boxed elementor-section-height-default elementor-section-height-default shadepro-adv-gradient-no shadepro-sticky-no\" data-id=\"5e6ba5b\" data-element_type=\"section\" data-e-type=\"section\" data-settings=\"{&quot;shadepro_sticky&quot;:&quot;no&quot;}\">\n\t\t\t\t\t\t<div class=\"elementor-container elementor-column-gap-default\">\n\t\t\t\t\t<div class=\"elementor-column elementor-col-100 elementor-inner-column elementor-element elementor-element-1713ea0\" data-id=\"1713ea0\" data-element_type=\"column\" data-e-type=\"column\">\n\t\t\t<div class=\"elementor-widget-wrap elementor-element-populated\">\n\t\t\t\t\t\t<div class=\"elementor-element elementor-element-875df19 shadepro-sticky-no elementor-widget elementor-widget-text-editor\" data-id=\"875df19\" data-element_type=\"widget\" data-e-type=\"widget\" data-settings=\"{&quot;shadepro_sticky&quot;:&quot;no&quot;}\" data-widget_type=\"text-editor.default\">\n\t\t\t\t<div class=\"elementor-widget-container\">\n\t\t\t\t\t\t\t\t\t<h3>Procesos eficientes con el sistema de gesti\u00f3n de mercanc\u00edas 1Tool<\/h3><p>Ya se trate de compras, almacenes, ventas o facturaci\u00f3n, nuestra soluci\u00f3n te permite gestionar f\u00e1cilmente tus procesos de gesti\u00f3n de mercanc\u00edas dentro de un \u00fanico paquete de software y asignarlos de forma transparente para todos los empleados. Gracias a la vinculaci\u00f3n inteligente de las funciones de nuestro sistema de gesti\u00f3n de mercanc\u00edas, las actividades administrativas se automatizan y pueden gestionarse con mucha m\u00e1s eficacia. <\/p><p>Tanto si operas una tienda online como si eres una gran empresa o un peque\u00f1o negocio, adaptamos el sistema de gesti\u00f3n de mercanc\u00edas a tu actividad diaria para cumplir los requisitos de tu sector.<\/p><h3>Potente software de sistema de gesti\u00f3n de mercanc\u00edas<\/h3><p>Para que siempre tengas una visi\u00f3n general de tus proveedores, productos y flujos de mercanc\u00edas, hemos desarrollado 1Tool, una soluci\u00f3n inteligente para la gesti\u00f3n profesional de mercanc\u00edas. Las funciones del software del sistema de gesti\u00f3n de mercanc\u00edas van desde la simple gesti\u00f3n de contactos con tus proveedores, pasando por el control y la organizaci\u00f3n automatizados de tus niveles de existencias, hasta la generaci\u00f3n r\u00e1pida de pedidos y facturas. <\/p><h4>Gesti\u00f3n de mercanc\u00edas basada en web para una gesti\u00f3n flexible de productos y almacenes<\/h4><p>El acceso a nuestro software de sistema de gesti\u00f3n de mercanc\u00edas es independiente del tiempo y puede realizarse desde cualquier dispositivo final. Esto significa que los comerciales o empleados que trabajan desde casa tambi\u00e9n pueden registrar las ventas, hacer pedidos o introducir nuevos productos. Todo lo que necesitas es acceso a Internet y podr\u00e1s acceder a 1Tool a trav\u00e9s de tu navegador. \u00a1La gesti\u00f3n de mercanc\u00edas basada en la Web nunca ha sido tan f\u00e1cil!   <\/p><h4>1Herramienta de gesti\u00f3n de mercanc\u00edas y CRM para tu tienda<\/h4><p>1Tool combina claramente las ventajas de la gesti\u00f3n inteligente de mercanc\u00edas con potentes funciones de CRM para que tu tienda tenga m\u00e1s \u00e9xito. Por un lado, todos los datos de los clientes se transfieren inmediatamente al CRM tras una compra en tu tienda online, mientras que el sistema de gesti\u00f3n de mercanc\u00edas ya realiza la facturaci\u00f3n autom\u00e1tica en segundo plano y actualiza directamente los niveles de existencias. <\/p><p>Los niveles m\u00ednimos de existencias predefinidos facilitan evitar la escasez, ya que los pedidos y las compras de mercanc\u00edas se inician autom\u00e1ticamente. Si se crea una factura, puedes ver directamente si las cantidades necesarias siguen disponibles o si el nivel de existencias se corrige al alza, deben devolverse las mercanc\u00edas y emitirse una nota de abono para el cliente. El Diario de 1Tool te proporciona una visi\u00f3n precisa de las compras, ventas y contabilizaciones de correcci\u00f3n en caso de mermas u otros cambios de existencias en el sistema de gesti\u00f3n de mercanc\u00edas. Flexible, f\u00e1cil de usar y r\u00e1pido: con nuestro sistema de gesti\u00f3n de mercanc\u00edas y software CRM, \u00a1nada se interpone en el buen funcionamiento de tu tienda!   <\/p><h3>\u00bfTe interesa el sistema de gesti\u00f3n de mercanc\u00edas 1Tool?<\/h3><p>\u00bfTienes preguntas sobre nuestro software de sistema de gesti\u00f3n de mercanc\u00edas, necesitas m\u00e1s informaci\u00f3n o te gustar\u00eda probar la herramienta gratuitamente durante 30 d\u00edas?<\/p><p><a href=\"mailto:office@1tool.com\">Haz una consulta sin compromiso<\/a><\/p><h4> <\/h4><h4>Gesti\u00f3n integral de mercanc\u00edas<\/h4><p>El m\u00f3dulo de gesti\u00f3n de mercanc\u00edas es el complemento ideal para la gesti\u00f3n de productos de 1Tool. Puedes organizar todo tu almac\u00e9n, incluida la disponibilidad de productos, en una base de datos. Siempre sabr\u00e1s cu\u00e1ndo tienes que hacer nuevos pedidos gracias a los niveles m\u00ednimos de existencias almacenados, de forma que tus productos siempre est\u00e9n disponibles para nuevos pedidos. Adem\u00e1s, el enlace con el m\u00f3dulo de productos y facturas significa que tus niveles de existencias se ajustan autom\u00e1ticamente despu\u00e9s de que se haya emitido una venta o una nota de cr\u00e9dito para un producto.   <\/p><p>Las sugerencias de pedidos generadas autom\u00e1ticamente, as\u00ed como las listas claras de compras, ventas y contabilizaciones de correcciones, son funciones importantes que te ayudan a organizar todo el proceso de almac\u00e9n de forma m\u00e1s eficaz.<\/p>\t\t\t\t\t\t\t\t<\/div>\n\t\t\t\t<\/div>\n\t\t\t\t\t<\/div>\n\t\t<\/div>\n\t\t\t\t\t<\/div>\n\t\t<\/section>\n\t\t\t\t\t<\/div>\n\t\t<\/div>\n\t\t\t\t\t<\/div>\n\t\t<\/section>\n\t\t\t\t<\/div>\n\t\t","protected":false},"excerpt":{"rendered":"<p>Sistema de gesti\u00f3n de mercanc\u00edas Optimizaci\u00f3n de los pedidos y gesti\u00f3n profesional del inventario con el sistema de gesti\u00f3n de mercanc\u00edas 1Tool Procesos eficientes con el sistema de gesti\u00f3n de mercanc\u00edas 1Tool Ya se trate de compras, almacenes, ventas o facturaci\u00f3n, nuestra soluci\u00f3n te permite gestionar f\u00e1cilmente tus procesos de gesti\u00f3n de mercanc\u00edas dentro de [&hellip;]<\/p>\n","protected":false},"author":1,"featured_media":0,"parent":76075,"menu_order":0,"comment_status":"closed","ping_status":"closed","template":"","meta":{"inline_featured_image":false,"footnotes":""},"class_list":["post-74574","page","type-page","status-publish","hentry"],"acf":[],"yoast_head":"<!-- This site is optimized with the Yoast SEO plugin v27.5 - https:\/\/yoast.com\/product\/yoast-seo-wordpress\/ -->\n<title>Sistema de gesti\u00f3n de mercanc\u00edas - 1Tool<\/title>\n<meta name=\"robots\" content=\"index, follow, max-snippet:-1, max-image-preview:large, max-video-preview:-1\" \/>\n<link rel=\"canonical\" href=\"https:\/\/www.1tool.com\/es\/modulos\/gestion-de-mercancias-y-tienda\/gestion-de-almacenes\/funciones-del-modulo-de-gestion-de-almacenes\/sistema-de-gestion-de-mercancias\/\" \/>\n<meta property=\"og:locale\" content=\"es_ES\" \/>\n<meta property=\"og:type\" content=\"article\" \/>\n<meta property=\"og:title\" content=\"Sistema de gesti\u00f3n de mercanc\u00edas - 1Tool\" \/>\n<meta property=\"og:description\" content=\"Sistema de gesti\u00f3n de mercanc\u00edas Optimizaci\u00f3n de los pedidos y gesti\u00f3n profesional del inventario con el sistema de gesti\u00f3n de mercanc\u00edas 1Tool Procesos eficientes con el sistema de gesti\u00f3n de mercanc\u00edas 1Tool Ya se trate de compras, almacenes, ventas o facturaci\u00f3n, nuestra soluci\u00f3n te permite gestionar f\u00e1cilmente tus procesos de gesti\u00f3n de mercanc\u00edas dentro de [&hellip;]\" \/>\n<meta property=\"og:url\" content=\"https:\/\/www.1tool.com\/es\/modulos\/gestion-de-mercancias-y-tienda\/gestion-de-almacenes\/funciones-del-modulo-de-gestion-de-almacenes\/sistema-de-gestion-de-mercancias\/\" \/>\n<meta property=\"og:site_name\" content=\"1Tool\" \/>\n<meta property=\"article:modified_time\" content=\"2026-05-04T12:43:30+00:00\" \/>\n<meta name=\"twitter:card\" content=\"summary_large_image\" \/>\n<meta name=\"twitter:label1\" content=\"Tiempo de lectura\" \/>\n\t<meta name=\"twitter:data1\" content=\"4 minutos\" \/>\n<script type=\"application\/ld+json\" class=\"yoast-schema-graph\">{\"@context\":\"https:\\\/\\\/schema.org\",\"@graph\":[{\"@type\":\"WebPage\",\"@id\":\"https:\\\/\\\/www.1tool.com\\\/es\\\/modulos\\\/gestion-de-mercancias-y-tienda\\\/gestion-de-almacenes\\\/funciones-del-modulo-de-gestion-de-almacenes\\\/sistema-de-gestion-de-mercancias\\\/\",\"url\":\"https:\\\/\\\/www.1tool.com\\\/es\\\/modulos\\\/gestion-de-mercancias-y-tienda\\\/gestion-de-almacenes\\\/funciones-del-modulo-de-gestion-de-almacenes\\\/sistema-de-gestion-de-mercancias\\\/\",\"name\":\"Sistema de gesti\u00f3n de mercanc\u00edas - 1Tool\",\"isPartOf\":{\"@id\":\"https:\\\/\\\/www.1tool.com\\\/es\\\/#website\"},\"datePublished\":\"2022-03-30T16:13:40+00:00\",\"dateModified\":\"2026-05-04T12:43:30+00:00\",\"breadcrumb\":{\"@id\":\"https:\\\/\\\/www.1tool.com\\\/es\\\/modulos\\\/gestion-de-mercancias-y-tienda\\\/gestion-de-almacenes\\\/funciones-del-modulo-de-gestion-de-almacenes\\\/sistema-de-gestion-de-mercancias\\\/#breadcrumb\"},\"inLanguage\":\"es\",\"potentialAction\":[{\"@type\":\"ReadAction\",\"target\":[\"https:\\\/\\\/www.1tool.com\\\/es\\\/modulos\\\/gestion-de-mercancias-y-tienda\\\/gestion-de-almacenes\\\/funciones-del-modulo-de-gestion-de-almacenes\\\/sistema-de-gestion-de-mercancias\\\/\"]}]},{\"@type\":\"BreadcrumbList\",\"@id\":\"https:\\\/\\\/www.1tool.com\\\/es\\\/modulos\\\/gestion-de-mercancias-y-tienda\\\/gestion-de-almacenes\\\/funciones-del-modulo-de-gestion-de-almacenes\\\/sistema-de-gestion-de-mercancias\\\/#breadcrumb\",\"itemListElement\":[{\"@type\":\"ListItem\",\"position\":1,\"name\":\"Home\",\"item\":\"https:\\\/\\\/www.1tool.com\\\/es\\\/\"},{\"@type\":\"ListItem\",\"position\":2,\"name\":\"M\u00f3dulos\",\"item\":\"https:\\\/\\\/www.1tool.com\\\/es\\\/modulos\\\/\"},{\"@type\":\"ListItem\",\"position\":3,\"name\":\"Gesti\u00f3n de mercanc\u00edas y tienda\",\"item\":\"https:\\\/\\\/www.1tool.com\\\/es\\\/modulos\\\/gestion-de-mercancias-y-tienda\\\/\"},{\"@type\":\"ListItem\",\"position\":4,\"name\":\"Gesti\u00f3n de almacenes\",\"item\":\"https:\\\/\\\/www.1tool.com\\\/es\\\/modulos\\\/gestion-de-mercancias-y-tienda\\\/gestion-de-almacenes\\\/\"},{\"@type\":\"ListItem\",\"position\":5,\"name\":\"Funciones del m\u00f3dulo de gesti\u00f3n de almacenes\",\"item\":\"https:\\\/\\\/www.1tool.com\\\/es\\\/modulos\\\/gestion-de-mercancias-y-tienda\\\/gestion-de-almacenes\\\/funciones-del-modulo-de-gestion-de-almacenes\\\/\"},{\"@type\":\"ListItem\",\"position\":6,\"name\":\"Sistema de gesti\u00f3n de mercanc\u00edas\"}]},{\"@type\":\"WebSite\",\"@id\":\"https:\\\/\\\/www.1tool.com\\\/es\\\/#website\",\"url\":\"https:\\\/\\\/www.1tool.com\\\/es\\\/\",\"name\":\"1Tool\",\"description\":\"CRM\",\"publisher\":{\"@id\":\"https:\\\/\\\/www.1tool.com\\\/es\\\/#organization\"},\"potentialAction\":[{\"@type\":\"SearchAction\",\"target\":{\"@type\":\"EntryPoint\",\"urlTemplate\":\"https:\\\/\\\/www.1tool.com\\\/es\\\/?s={search_term_string}\"},\"query-input\":{\"@type\":\"PropertyValueSpecification\",\"valueRequired\":true,\"valueName\":\"search_term_string\"}}],\"inLanguage\":\"es\"},{\"@type\":\"Organization\",\"@id\":\"https:\\\/\\\/www.1tool.com\\\/es\\\/#organization\",\"name\":\"1Tool\",\"url\":\"https:\\\/\\\/www.1tool.com\\\/es\\\/\",\"logo\":{\"@type\":\"ImageObject\",\"inLanguage\":\"es\",\"@id\":\"https:\\\/\\\/www.1tool.com\\\/es\\\/#\\\/schema\\\/logo\\\/image\\\/\",\"url\":\"https:\\\/\\\/www.1tool.com\\\/wp-content\\\/uploads\\\/2022\\\/04\\\/1tool-1.png\",\"contentUrl\":\"https:\\\/\\\/www.1tool.com\\\/wp-content\\\/uploads\\\/2022\\\/04\\\/1tool-1.png\",\"width\":400,\"height\":150,\"caption\":\"1Tool\"},\"image\":{\"@id\":\"https:\\\/\\\/www.1tool.com\\\/es\\\/#\\\/schema\\\/logo\\\/image\\\/\"}}]}<\/script>\n<!-- \/ Yoast SEO plugin. -->","yoast_head_json":{"title":"Sistema de gesti\u00f3n de mercanc\u00edas - 1Tool","robots":{"index":"index","follow":"follow","max-snippet":"max-snippet:-1","max-image-preview":"max-image-preview:large","max-video-preview":"max-video-preview:-1"},"canonical":"https:\/\/www.1tool.com\/es\/modulos\/gestion-de-mercancias-y-tienda\/gestion-de-almacenes\/funciones-del-modulo-de-gestion-de-almacenes\/sistema-de-gestion-de-mercancias\/","og_locale":"es_ES","og_type":"article","og_title":"Sistema de gesti\u00f3n de mercanc\u00edas - 1Tool","og_description":"Sistema de gesti\u00f3n de mercanc\u00edas Optimizaci\u00f3n de los pedidos y gesti\u00f3n profesional del inventario con el sistema de gesti\u00f3n de mercanc\u00edas 1Tool Procesos eficientes con el sistema de gesti\u00f3n de mercanc\u00edas 1Tool Ya se trate de compras, almacenes, ventas o facturaci\u00f3n, nuestra soluci\u00f3n te permite gestionar f\u00e1cilmente tus procesos de gesti\u00f3n de mercanc\u00edas dentro de [&hellip;]","og_url":"https:\/\/www.1tool.com\/es\/modulos\/gestion-de-mercancias-y-tienda\/gestion-de-almacenes\/funciones-del-modulo-de-gestion-de-almacenes\/sistema-de-gestion-de-mercancias\/","og_site_name":"1Tool","article_modified_time":"2026-05-04T12:43:30+00:00","twitter_card":"summary_large_image","twitter_misc":{"Tiempo de lectura":"4 minutos"},"schema":{"@context":"https:\/\/schema.org","@graph":[{"@type":"WebPage","@id":"https:\/\/www.1tool.com\/es\/modulos\/gestion-de-mercancias-y-tienda\/gestion-de-almacenes\/funciones-del-modulo-de-gestion-de-almacenes\/sistema-de-gestion-de-mercancias\/","url":"https:\/\/www.1tool.com\/es\/modulos\/gestion-de-mercancias-y-tienda\/gestion-de-almacenes\/funciones-del-modulo-de-gestion-de-almacenes\/sistema-de-gestion-de-mercancias\/","name":"Sistema de gesti\u00f3n de mercanc\u00edas - 1Tool","isPartOf":{"@id":"https:\/\/www.1tool.com\/es\/#website"},"datePublished":"2022-03-30T16:13:40+00:00","dateModified":"2026-05-04T12:43:30+00:00","breadcrumb":{"@id":"https:\/\/www.1tool.com\/es\/modulos\/gestion-de-mercancias-y-tienda\/gestion-de-almacenes\/funciones-del-modulo-de-gestion-de-almacenes\/sistema-de-gestion-de-mercancias\/#breadcrumb"},"inLanguage":"es","potentialAction":[{"@type":"ReadAction","target":["https:\/\/www.1tool.com\/es\/modulos\/gestion-de-mercancias-y-tienda\/gestion-de-almacenes\/funciones-del-modulo-de-gestion-de-almacenes\/sistema-de-gestion-de-mercancias\/"]}]},{"@type":"BreadcrumbList","@id":"https:\/\/www.1tool.com\/es\/modulos\/gestion-de-mercancias-y-tienda\/gestion-de-almacenes\/funciones-del-modulo-de-gestion-de-almacenes\/sistema-de-gestion-de-mercancias\/#breadcrumb","itemListElement":[{"@type":"ListItem","position":1,"name":"Home","item":"https:\/\/www.1tool.com\/es\/"},{"@type":"ListItem","position":2,"name":"M\u00f3dulos","item":"https:\/\/www.1tool.com\/es\/modulos\/"},{"@type":"ListItem","position":3,"name":"Gesti\u00f3n de mercanc\u00edas y tienda","item":"https:\/\/www.1tool.com\/es\/modulos\/gestion-de-mercancias-y-tienda\/"},{"@type":"ListItem","position":4,"name":"Gesti\u00f3n de almacenes","item":"https:\/\/www.1tool.com\/es\/modulos\/gestion-de-mercancias-y-tienda\/gestion-de-almacenes\/"},{"@type":"ListItem","position":5,"name":"Funciones del m\u00f3dulo de gesti\u00f3n de almacenes","item":"https:\/\/www.1tool.com\/es\/modulos\/gestion-de-mercancias-y-tienda\/gestion-de-almacenes\/funciones-del-modulo-de-gestion-de-almacenes\/"},{"@type":"ListItem","position":6,"name":"Sistema de gesti\u00f3n de mercanc\u00edas"}]},{"@type":"WebSite","@id":"https:\/\/www.1tool.com\/es\/#website","url":"https:\/\/www.1tool.com\/es\/","name":"1Tool","description":"CRM","publisher":{"@id":"https:\/\/www.1tool.com\/es\/#organization"},"potentialAction":[{"@type":"SearchAction","target":{"@type":"EntryPoint","urlTemplate":"https:\/\/www.1tool.com\/es\/?s={search_term_string}"},"query-input":{"@type":"PropertyValueSpecification","valueRequired":true,"valueName":"search_term_string"}}],"inLanguage":"es"},{"@type":"Organization","@id":"https:\/\/www.1tool.com\/es\/#organization","name":"1Tool","url":"https:\/\/www.1tool.com\/es\/","logo":{"@type":"ImageObject","inLanguage":"es","@id":"https:\/\/www.1tool.com\/es\/#\/schema\/logo\/image\/","url":"https:\/\/www.1tool.com\/wp-content\/uploads\/2022\/04\/1tool-1.png","contentUrl":"https:\/\/www.1tool.com\/wp-content\/uploads\/2022\/04\/1tool-1.png","width":400,"height":150,"caption":"1Tool"},"image":{"@id":"https:\/\/www.1tool.com\/es\/#\/schema\/logo\/image\/"}}]}},"_links":{"self":[{"href":"https:\/\/www.1tool.com\/es\/wp-json\/wp\/v2\/pages\/74574","targetHints":{"allow":["GET"]}}],"collection":[{"href":"https:\/\/www.1tool.com\/es\/wp-json\/wp\/v2\/pages"}],"about":[{"href":"https:\/\/www.1tool.com\/es\/wp-json\/wp\/v2\/types\/page"}],"author":[{"embeddable":true,"href":"https:\/\/www.1tool.com\/es\/wp-json\/wp\/v2\/users\/1"}],"replies":[{"embeddable":true,"href":"https:\/\/www.1tool.com\/es\/wp-json\/wp\/v2\/comments?post=74574"}],"version-history":[{"count":1,"href":"https:\/\/www.1tool.com\/es\/wp-json\/wp\/v2\/pages\/74574\/revisions"}],"predecessor-version":[{"id":74576,"href":"https:\/\/www.1tool.com\/es\/wp-json\/wp\/v2\/pages\/74574\/revisions\/74576"}],"up":[{"embeddable":true,"href":"https:\/\/www.1tool.com\/es\/wp-json\/wp\/v2\/pages\/76075"}],"wp:attachment":[{"href":"https:\/\/www.1tool.com\/es\/wp-json\/wp\/v2\/media?parent=74574"}],"curies":[{"name":"wp","href":"https:\/\/api.w.org\/{rel}","templated":true}]}}