{"id":74577,"date":"2022-03-30T17:59:36","date_gmt":"2022-03-30T15:59:36","guid":{"rendered":"https:\/\/www.1tool.com\/sistema-de-tienda\/"},"modified":"2026-05-04T14:43:46","modified_gmt":"2026-05-04T12:43:46","slug":"sistema-de-tienda","status":"publish","type":"page","link":"https:\/\/www.1tool.com\/es\/modulos\/gestion-de-mercancias-y-tienda\/tienda\/funciones-del-modulo-tienda\/sistema-de-tienda\/","title":{"rendered":"Sistema de tienda"},"content":{"rendered":"\t\t<div data-elementor-type=\"wp-page\" data-elementor-id=\"74577\" class=\"elementor elementor-74577 elementor-49295\" data-elementor-post-type=\"page\">\n\t\t\t\t\t\t<section class=\"elementor-section elementor-top-section elementor-element elementor-element-c6ca3ff elementor-section-boxed elementor-section-height-default elementor-section-height-default shadepro-adv-gradient-no shadepro-sticky-no\" data-id=\"c6ca3ff\" data-element_type=\"section\" data-e-type=\"section\" data-settings=\"{&quot;shadepro_sticky&quot;:&quot;no&quot;}\">\n\t\t\t\t\t\t<div class=\"elementor-container elementor-column-gap-default\">\n\t\t\t\t\t<div class=\"elementor-column elementor-col-100 elementor-top-column elementor-element elementor-element-2480353\" data-id=\"2480353\" data-element_type=\"column\" data-e-type=\"column\">\n\t\t\t<div class=\"elementor-widget-wrap elementor-element-populated\">\n\t\t\t\t\t\t<div class=\"elementor-element elementor-element-34da83a shadepro-sticky-no elementor-widget elementor-widget-heading\" data-id=\"34da83a\" data-element_type=\"widget\" data-e-type=\"widget\" data-settings=\"{&quot;shadepro_sticky&quot;:&quot;no&quot;}\" data-widget_type=\"heading.default\">\n\t\t\t\t<div class=\"elementor-widget-container\">\n\t\t\t\t\t<h1 class=\"elementor-heading-title elementor-size-default\">Sistema de tienda<\/h1>\t\t\t\t<\/div>\n\t\t\t\t<\/div>\n\t\t\t\t<div class=\"elementor-element elementor-element-9429b90 shadepro-sticky-no elementor-widget elementor-widget-text-editor\" data-id=\"9429b90\" data-element_type=\"widget\" data-e-type=\"widget\" data-settings=\"{&quot;shadepro_sticky&quot;:&quot;no&quot;}\" data-widget_type=\"text-editor.default\">\n\t\t\t\t<div class=\"elementor-widget-container\">\n\t\t\t\t\t\t\t\t\t<p>Con el sistema de tienda 1Tool, puedes vender con \u00e9xito tus productos y servicios en Internet<\/p>\t\t\t\t\t\t\t\t<\/div>\n\t\t\t\t<\/div>\n\t\t\t\t<section class=\"elementor-section elementor-inner-section elementor-element elementor-element-98845c7 elementor-section-boxed elementor-section-height-default elementor-section-height-default shadepro-adv-gradient-no shadepro-sticky-no\" data-id=\"98845c7\" data-element_type=\"section\" data-e-type=\"section\" data-settings=\"{&quot;shadepro_sticky&quot;:&quot;no&quot;}\">\n\t\t\t\t\t\t<div class=\"elementor-container elementor-column-gap-default\">\n\t\t\t\t\t<div class=\"elementor-column elementor-col-100 elementor-inner-column elementor-element elementor-element-cb889b8\" data-id=\"cb889b8\" data-element_type=\"column\" data-e-type=\"column\">\n\t\t\t<div class=\"elementor-widget-wrap elementor-element-populated\">\n\t\t\t\t\t\t<div class=\"elementor-element elementor-element-8f4121b shadepro-sticky-no elementor-widget elementor-widget-text-editor\" data-id=\"8f4121b\" data-element_type=\"widget\" data-e-type=\"widget\" data-settings=\"{&quot;shadepro_sticky&quot;:&quot;no&quot;}\" data-widget_type=\"text-editor.default\">\n\t\t\t\t<div class=\"elementor-widget-container\">\n\t\t\t\t\t\t\t\t\t<h3>Software flexible para tiendas online<\/h3><p>Con nuestro software profesional de tienda online, puedes gestionar y vender f\u00e1cilmente tus productos y servicios en Internet. Sin conocimientos de programaci\u00f3n, puedes realizar t\u00fa mismo todos los pasos del sistema de tienda 1Tool, desde el pedido hasta la facturaci\u00f3n y la emisi\u00f3n de albaranes. Gracias a la interfaz f\u00e1cil de usar del software de tienda, puedes personalizar tu tienda online seg\u00fan tus deseos y necesidades. Ya seas una peque\u00f1a empresa, una gran corporaci\u00f3n, una empresa nacional o internacional, con el software de tienda online 1Tool no hay l\u00edmites. Las caracter\u00edsticas de tu tienda pueden adaptarse con flexibilidad a las crecientes gamas de productos y requisitos del comercio online.    <\/p><p> <\/p><h4>Integraci\u00f3n sencilla del sitio web con el software de tienda web 1Tool<\/h4><p>Puedes integrar f\u00e1cil y sencillamente el sistema de tienda 1Tool en tu sitio web o gestionarlo directamente a trav\u00e9s de 1Tool. Los productos, incluidas las im\u00e1genes y los precios, pueden ser creados independientemente dentro del software por cualquier empleado responsable y transferidos autom\u00e1ticamente al front-end de tu tienda online. Esto no s\u00f3lo ahorra tiempo y dinero, sino que tambi\u00e9n proporciona una presentaci\u00f3n estructurada de los productos y otras actividades en tu tienda online.  <\/p><p>Adem\u00e1s, el software de tienda online re\u00fane todos los datos relevantes que necesitas para crear relaciones duraderas con los clientes en una base de datos central de forma claramente organizada. Por tanto, las actividades de ventas y marketing personalizadas seg\u00fan los h\u00e1bitos de compra, como el env\u00edo de boletines o mensajes de texto orientados al grupo objetivo, pueden planificarse y ejecutarse mucho mejor. <\/p><p> <\/p><h4>Presentaci\u00f3n del producto y seguimiento del \u00e9xito en el sistema de la tienda<\/h4><p>Puedes realizar numerosos ajustes para cada uno de tus productos en el software de la tienda 1Tool. Adem\u00e1s de la informaci\u00f3n espec\u00edfica del producto, como el tama\u00f1o o el peso, tambi\u00e9n puedes hacer que tu tienda online sea accesible para clientes internacionales gracias al multiling\u00fcismo y a los diferentes gastos de env\u00edo. Una funci\u00f3n independiente de productos combinados tambi\u00e9n te permite crear paquetes de productos personalizados o cestas de regalo con s\u00f3lo pulsar un bot\u00f3n.  <\/p><p>1Tool tambi\u00e9n dispone de su propia herramienta de \u00e9xito, con la que se pueden analizar las ventas y la rotaci\u00f3n de clientes y comprobar los niveles de existencias en unos pocos pasos mediante su propio sistema de gesti\u00f3n de inventarios.<\/p><p> <\/p><h4>Procesa c\u00f3modamente pedidos y pagos con el software de comercio electr\u00f3nico<\/h4><p>Nuestra tienda de comercio electr\u00f3nico ofrece a tus clientes total seguridad para el pago y el env\u00edo. Nuestras propias medidas de seguridad garantizan que tu tienda online cumpla los requisitos del comercio online. La encriptaci\u00f3n SSL y la optimizaci\u00f3n para el sello de calidad Trusted Shop aumentan la confianza y la satisfacci\u00f3n de tus clientes. Las opciones de pago se pueden definir individualmente con el software para tiendas online a trav\u00e9s de tus propias interfaces de pago (tarjeta de cr\u00e9dito, PayPal, transferencia bancaria instant\u00e1nea, etc.).   <\/p>\t\t\t\t\t\t\t\t<\/div>\n\t\t\t\t<\/div>\n\t\t\t\t\t<\/div>\n\t\t<\/div>\n\t\t\t\t\t<\/div>\n\t\t<\/section>\n\t\t\t\t\t<\/div>\n\t\t<\/div>\n\t\t\t\t\t<\/div>\n\t\t<\/section>\n\t\t\t\t<\/div>\n\t\t","protected":false},"excerpt":{"rendered":"<p>Sistema de tienda Con el sistema de tienda 1Tool, puedes vender con \u00e9xito tus productos y servicios en Internet Software flexible para tiendas online Con nuestro software profesional de tienda online, puedes gestionar y vender f\u00e1cilmente tus productos y servicios en Internet. Sin conocimientos de programaci\u00f3n, puedes realizar t\u00fa mismo todos los pasos del sistema [&hellip;]<\/p>\n","protected":false},"author":1,"featured_media":0,"parent":76080,"menu_order":0,"comment_status":"closed","ping_status":"closed","template":"","meta":{"inline_featured_image":false,"footnotes":""},"class_list":["post-74577","page","type-page","status-publish","hentry"],"acf":[],"yoast_head":"<!-- This site is optimized with the Yoast SEO plugin v27.5 - https:\/\/yoast.com\/product\/yoast-seo-wordpress\/ -->\n<title>Sistema de tienda - 1Tool<\/title>\n<meta name=\"robots\" content=\"index, follow, max-snippet:-1, max-image-preview:large, max-video-preview:-1\" \/>\n<link rel=\"canonical\" href=\"https:\/\/www.1tool.com\/es\/modulos\/gestion-de-mercancias-y-tienda\/tienda\/funciones-del-modulo-tienda\/sistema-de-tienda\/\" \/>\n<meta property=\"og:locale\" content=\"es_ES\" \/>\n<meta property=\"og:type\" content=\"article\" \/>\n<meta property=\"og:title\" content=\"Sistema de tienda - 1Tool\" \/>\n<meta property=\"og:description\" content=\"Sistema de tienda Con el sistema de tienda 1Tool, puedes vender con \u00e9xito tus productos y servicios en Internet Software flexible para tiendas online Con nuestro software profesional de tienda online, puedes gestionar y vender f\u00e1cilmente tus productos y servicios en Internet. Sin conocimientos de programaci\u00f3n, puedes realizar t\u00fa mismo todos los pasos del sistema [&hellip;]\" \/>\n<meta property=\"og:url\" content=\"https:\/\/www.1tool.com\/es\/modulos\/gestion-de-mercancias-y-tienda\/tienda\/funciones-del-modulo-tienda\/sistema-de-tienda\/\" \/>\n<meta property=\"og:site_name\" content=\"1Tool\" \/>\n<meta property=\"article:modified_time\" content=\"2026-05-04T12:43:46+00:00\" \/>\n<meta name=\"twitter:card\" content=\"summary_large_image\" \/>\n<meta name=\"twitter:label1\" content=\"Tiempo de lectura\" \/>\n\t<meta name=\"twitter:data1\" content=\"3 minutos\" \/>\n<script type=\"application\/ld+json\" class=\"yoast-schema-graph\">{\"@context\":\"https:\\\/\\\/schema.org\",\"@graph\":[{\"@type\":\"WebPage\",\"@id\":\"https:\\\/\\\/www.1tool.com\\\/es\\\/modulos\\\/gestion-de-mercancias-y-tienda\\\/tienda\\\/funciones-del-modulo-tienda\\\/sistema-de-tienda\\\/\",\"url\":\"https:\\\/\\\/www.1tool.com\\\/es\\\/modulos\\\/gestion-de-mercancias-y-tienda\\\/tienda\\\/funciones-del-modulo-tienda\\\/sistema-de-tienda\\\/\",\"name\":\"Sistema de tienda - 1Tool\",\"isPartOf\":{\"@id\":\"https:\\\/\\\/www.1tool.com\\\/es\\\/#website\"},\"datePublished\":\"2022-03-30T15:59:36+00:00\",\"dateModified\":\"2026-05-04T12:43:46+00:00\",\"breadcrumb\":{\"@id\":\"https:\\\/\\\/www.1tool.com\\\/es\\\/modulos\\\/gestion-de-mercancias-y-tienda\\\/tienda\\\/funciones-del-modulo-tienda\\\/sistema-de-tienda\\\/#breadcrumb\"},\"inLanguage\":\"es\",\"potentialAction\":[{\"@type\":\"ReadAction\",\"target\":[\"https:\\\/\\\/www.1tool.com\\\/es\\\/modulos\\\/gestion-de-mercancias-y-tienda\\\/tienda\\\/funciones-del-modulo-tienda\\\/sistema-de-tienda\\\/\"]}]},{\"@type\":\"BreadcrumbList\",\"@id\":\"https:\\\/\\\/www.1tool.com\\\/es\\\/modulos\\\/gestion-de-mercancias-y-tienda\\\/tienda\\\/funciones-del-modulo-tienda\\\/sistema-de-tienda\\\/#breadcrumb\",\"itemListElement\":[{\"@type\":\"ListItem\",\"position\":1,\"name\":\"Home\",\"item\":\"https:\\\/\\\/www.1tool.com\\\/es\\\/\"},{\"@type\":\"ListItem\",\"position\":2,\"name\":\"M\u00f3dulos\",\"item\":\"https:\\\/\\\/www.1tool.com\\\/es\\\/modulos\\\/\"},{\"@type\":\"ListItem\",\"position\":3,\"name\":\"Gesti\u00f3n de mercanc\u00edas y tienda\",\"item\":\"https:\\\/\\\/www.1tool.com\\\/es\\\/modulos\\\/gestion-de-mercancias-y-tienda\\\/\"},{\"@type\":\"ListItem\",\"position\":4,\"name\":\"Tienda\",\"item\":\"https:\\\/\\\/www.1tool.com\\\/es\\\/modulos\\\/gestion-de-mercancias-y-tienda\\\/tienda\\\/\"},{\"@type\":\"ListItem\",\"position\":5,\"name\":\"Funciones del m\u00f3dulo Tienda\",\"item\":\"https:\\\/\\\/www.1tool.com\\\/es\\\/modulos\\\/gestion-de-mercancias-y-tienda\\\/tienda\\\/funciones-del-modulo-tienda\\\/\"},{\"@type\":\"ListItem\",\"position\":6,\"name\":\"Sistema de tienda\"}]},{\"@type\":\"WebSite\",\"@id\":\"https:\\\/\\\/www.1tool.com\\\/es\\\/#website\",\"url\":\"https:\\\/\\\/www.1tool.com\\\/es\\\/\",\"name\":\"1Tool\",\"description\":\"CRM\",\"publisher\":{\"@id\":\"https:\\\/\\\/www.1tool.com\\\/es\\\/#organization\"},\"potentialAction\":[{\"@type\":\"SearchAction\",\"target\":{\"@type\":\"EntryPoint\",\"urlTemplate\":\"https:\\\/\\\/www.1tool.com\\\/es\\\/?s={search_term_string}\"},\"query-input\":{\"@type\":\"PropertyValueSpecification\",\"valueRequired\":true,\"valueName\":\"search_term_string\"}}],\"inLanguage\":\"es\"},{\"@type\":\"Organization\",\"@id\":\"https:\\\/\\\/www.1tool.com\\\/es\\\/#organization\",\"name\":\"1Tool\",\"url\":\"https:\\\/\\\/www.1tool.com\\\/es\\\/\",\"logo\":{\"@type\":\"ImageObject\",\"inLanguage\":\"es\",\"@id\":\"https:\\\/\\\/www.1tool.com\\\/es\\\/#\\\/schema\\\/logo\\\/image\\\/\",\"url\":\"https:\\\/\\\/www.1tool.com\\\/wp-content\\\/uploads\\\/2022\\\/04\\\/1tool-1.png\",\"contentUrl\":\"https:\\\/\\\/www.1tool.com\\\/wp-content\\\/uploads\\\/2022\\\/04\\\/1tool-1.png\",\"width\":400,\"height\":150,\"caption\":\"1Tool\"},\"image\":{\"@id\":\"https:\\\/\\\/www.1tool.com\\\/es\\\/#\\\/schema\\\/logo\\\/image\\\/\"}}]}<\/script>\n<!-- \/ Yoast SEO plugin. -->","yoast_head_json":{"title":"Sistema de tienda - 1Tool","robots":{"index":"index","follow":"follow","max-snippet":"max-snippet:-1","max-image-preview":"max-image-preview:large","max-video-preview":"max-video-preview:-1"},"canonical":"https:\/\/www.1tool.com\/es\/modulos\/gestion-de-mercancias-y-tienda\/tienda\/funciones-del-modulo-tienda\/sistema-de-tienda\/","og_locale":"es_ES","og_type":"article","og_title":"Sistema de tienda - 1Tool","og_description":"Sistema de tienda Con el sistema de tienda 1Tool, puedes vender con \u00e9xito tus productos y servicios en Internet Software flexible para tiendas online Con nuestro software profesional de tienda online, puedes gestionar y vender f\u00e1cilmente tus productos y servicios en Internet. Sin conocimientos de programaci\u00f3n, puedes realizar t\u00fa mismo todos los pasos del sistema [&hellip;]","og_url":"https:\/\/www.1tool.com\/es\/modulos\/gestion-de-mercancias-y-tienda\/tienda\/funciones-del-modulo-tienda\/sistema-de-tienda\/","og_site_name":"1Tool","article_modified_time":"2026-05-04T12:43:46+00:00","twitter_card":"summary_large_image","twitter_misc":{"Tiempo de lectura":"3 minutos"},"schema":{"@context":"https:\/\/schema.org","@graph":[{"@type":"WebPage","@id":"https:\/\/www.1tool.com\/es\/modulos\/gestion-de-mercancias-y-tienda\/tienda\/funciones-del-modulo-tienda\/sistema-de-tienda\/","url":"https:\/\/www.1tool.com\/es\/modulos\/gestion-de-mercancias-y-tienda\/tienda\/funciones-del-modulo-tienda\/sistema-de-tienda\/","name":"Sistema de tienda - 1Tool","isPartOf":{"@id":"https:\/\/www.1tool.com\/es\/#website"},"datePublished":"2022-03-30T15:59:36+00:00","dateModified":"2026-05-04T12:43:46+00:00","breadcrumb":{"@id":"https:\/\/www.1tool.com\/es\/modulos\/gestion-de-mercancias-y-tienda\/tienda\/funciones-del-modulo-tienda\/sistema-de-tienda\/#breadcrumb"},"inLanguage":"es","potentialAction":[{"@type":"ReadAction","target":["https:\/\/www.1tool.com\/es\/modulos\/gestion-de-mercancias-y-tienda\/tienda\/funciones-del-modulo-tienda\/sistema-de-tienda\/"]}]},{"@type":"BreadcrumbList","@id":"https:\/\/www.1tool.com\/es\/modulos\/gestion-de-mercancias-y-tienda\/tienda\/funciones-del-modulo-tienda\/sistema-de-tienda\/#breadcrumb","itemListElement":[{"@type":"ListItem","position":1,"name":"Home","item":"https:\/\/www.1tool.com\/es\/"},{"@type":"ListItem","position":2,"name":"M\u00f3dulos","item":"https:\/\/www.1tool.com\/es\/modulos\/"},{"@type":"ListItem","position":3,"name":"Gesti\u00f3n de mercanc\u00edas y tienda","item":"https:\/\/www.1tool.com\/es\/modulos\/gestion-de-mercancias-y-tienda\/"},{"@type":"ListItem","position":4,"name":"Tienda","item":"https:\/\/www.1tool.com\/es\/modulos\/gestion-de-mercancias-y-tienda\/tienda\/"},{"@type":"ListItem","position":5,"name":"Funciones del m\u00f3dulo Tienda","item":"https:\/\/www.1tool.com\/es\/modulos\/gestion-de-mercancias-y-tienda\/tienda\/funciones-del-modulo-tienda\/"},{"@type":"ListItem","position":6,"name":"Sistema de tienda"}]},{"@type":"WebSite","@id":"https:\/\/www.1tool.com\/es\/#website","url":"https:\/\/www.1tool.com\/es\/","name":"1Tool","description":"CRM","publisher":{"@id":"https:\/\/www.1tool.com\/es\/#organization"},"potentialAction":[{"@type":"SearchAction","target":{"@type":"EntryPoint","urlTemplate":"https:\/\/www.1tool.com\/es\/?s={search_term_string}"},"query-input":{"@type":"PropertyValueSpecification","valueRequired":true,"valueName":"search_term_string"}}],"inLanguage":"es"},{"@type":"Organization","@id":"https:\/\/www.1tool.com\/es\/#organization","name":"1Tool","url":"https:\/\/www.1tool.com\/es\/","logo":{"@type":"ImageObject","inLanguage":"es","@id":"https:\/\/www.1tool.com\/es\/#\/schema\/logo\/image\/","url":"https:\/\/www.1tool.com\/wp-content\/uploads\/2022\/04\/1tool-1.png","contentUrl":"https:\/\/www.1tool.com\/wp-content\/uploads\/2022\/04\/1tool-1.png","width":400,"height":150,"caption":"1Tool"},"image":{"@id":"https:\/\/www.1tool.com\/es\/#\/schema\/logo\/image\/"}}]}},"_links":{"self":[{"href":"https:\/\/www.1tool.com\/es\/wp-json\/wp\/v2\/pages\/74577","targetHints":{"allow":["GET"]}}],"collection":[{"href":"https:\/\/www.1tool.com\/es\/wp-json\/wp\/v2\/pages"}],"about":[{"href":"https:\/\/www.1tool.com\/es\/wp-json\/wp\/v2\/types\/page"}],"author":[{"embeddable":true,"href":"https:\/\/www.1tool.com\/es\/wp-json\/wp\/v2\/users\/1"}],"replies":[{"embeddable":true,"href":"https:\/\/www.1tool.com\/es\/wp-json\/wp\/v2\/comments?post=74577"}],"version-history":[{"count":1,"href":"https:\/\/www.1tool.com\/es\/wp-json\/wp\/v2\/pages\/74577\/revisions"}],"predecessor-version":[{"id":74579,"href":"https:\/\/www.1tool.com\/es\/wp-json\/wp\/v2\/pages\/74577\/revisions\/74579"}],"up":[{"embeddable":true,"href":"https:\/\/www.1tool.com\/es\/wp-json\/wp\/v2\/pages\/76080"}],"wp:attachment":[{"href":"https:\/\/www.1tool.com\/es\/wp-json\/wp\/v2\/media?parent=74577"}],"curies":[{"name":"wp","href":"https:\/\/api.w.org\/{rel}","templated":true}]}}