{"id":74578,"date":"2022-03-30T18:11:24","date_gmt":"2022-03-30T16:11:24","guid":{"rendered":"https:\/\/www.1tool.com\/gestionar-el-almacen\/"},"modified":"2026-05-04T14:43:30","modified_gmt":"2026-05-04T12:43:30","slug":"gestionar-el-almacen","status":"publish","type":"page","link":"https:\/\/www.1tool.com\/es\/modulos\/gestion-de-mercancias-y-tienda\/gestion-de-almacenes\/funciones-del-modulo-de-gestion-de-almacenes\/gestionar-el-almacen\/","title":{"rendered":"Gestionar el almac\u00e9n"},"content":{"rendered":"\t\t<div data-elementor-type=\"wp-page\" data-elementor-id=\"74578\" class=\"elementor elementor-74578 elementor-49380\" data-elementor-post-type=\"page\">\n\t\t\t\t\t\t<section class=\"elementor-section elementor-top-section elementor-element elementor-element-36dc27e elementor-section-boxed elementor-section-height-default elementor-section-height-default shadepro-adv-gradient-no shadepro-sticky-no\" data-id=\"36dc27e\" data-element_type=\"section\" data-e-type=\"section\" data-settings=\"{&quot;shadepro_sticky&quot;:&quot;no&quot;}\">\n\t\t\t\t\t\t<div class=\"elementor-container elementor-column-gap-default\">\n\t\t\t\t\t<div class=\"elementor-column elementor-col-100 elementor-top-column elementor-element elementor-element-beba88b\" data-id=\"beba88b\" data-element_type=\"column\" data-e-type=\"column\">\n\t\t\t<div class=\"elementor-widget-wrap elementor-element-populated\">\n\t\t\t\t\t\t<div class=\"elementor-element elementor-element-2d1a2b4 shadepro-sticky-no elementor-widget elementor-widget-heading\" data-id=\"2d1a2b4\" data-element_type=\"widget\" data-e-type=\"widget\" data-settings=\"{&quot;shadepro_sticky&quot;:&quot;no&quot;}\" data-widget_type=\"heading.default\">\n\t\t\t\t<div class=\"elementor-widget-container\">\n\t\t\t\t\t<h1 class=\"elementor-heading-title elementor-size-default\">Gestionar el almac\u00e9n<\/h1>\t\t\t\t<\/div>\n\t\t\t\t<\/div>\n\t\t\t\t<div class=\"elementor-element elementor-element-e40946e shadepro-sticky-no elementor-widget elementor-widget-text-editor\" data-id=\"e40946e\" data-element_type=\"widget\" data-e-type=\"widget\" data-settings=\"{&quot;shadepro_sticky&quot;:&quot;no&quot;}\" data-widget_type=\"text-editor.default\">\n\t\t\t\t<div class=\"elementor-widget-container\">\n\t\t\t\t\t\t\t\t\t<p>El software de almac\u00e9n 1Tool te ayuda a organizar profesionalmente las existencias de tu almac\u00e9n y es un apoyo ideal a la hora de optimizar tus procesos de gesti\u00f3n de mercanc\u00edas.<\/p>\t\t\t\t\t\t\t\t<\/div>\n\t\t\t\t<\/div>\n\t\t\t\t<section class=\"elementor-section elementor-inner-section elementor-element elementor-element-e9c3884 elementor-section-boxed elementor-section-height-default elementor-section-height-default shadepro-adv-gradient-no shadepro-sticky-no\" data-id=\"e9c3884\" data-element_type=\"section\" data-e-type=\"section\" data-settings=\"{&quot;shadepro_sticky&quot;:&quot;no&quot;}\">\n\t\t\t\t\t\t<div class=\"elementor-container elementor-column-gap-default\">\n\t\t\t\t\t<div class=\"elementor-column elementor-col-100 elementor-inner-column elementor-element elementor-element-4549489\" data-id=\"4549489\" data-element_type=\"column\" data-e-type=\"column\">\n\t\t\t<div class=\"elementor-widget-wrap elementor-element-populated\">\n\t\t\t\t\t\t<div class=\"elementor-element elementor-element-2a115f0 shadepro-sticky-no elementor-widget elementor-widget-text-editor\" data-id=\"2a115f0\" data-element_type=\"widget\" data-e-type=\"widget\" data-settings=\"{&quot;shadepro_sticky&quot;:&quot;no&quot;}\" data-widget_type=\"text-editor.default\">\n\t\t\t\t<div class=\"elementor-widget-container\">\n\t\t\t\t\t\t\t\t\t<h3>Gesti\u00f3n sin complicaciones de todas las ubicaciones del almac\u00e9n<\/h3>\n<p>Ya sean peque\u00f1as y medianas empresas o grandes corporaciones, el <b>software CRM de 1Tool<\/b> permite a empresas de todos los tama\u00f1os y sectores gestionar varios almacenes. Los almacenes se crean en el sistema de gesti\u00f3n de mercanc\u00edas almacen\u00e1ndolos bajo contactos individuales. De este modo, las personas de contacto y los datos de direcci\u00f3n del almac\u00e9n correspondiente tambi\u00e9n son visibles. Tambi\u00e9n es posible definir almacenes principales y subalmacenes para que quede claro de un vistazo c\u00f3mo est\u00e1n conectados entre s\u00ed los distintos almacenes.   <\/p>\n<p>La especialidad de la&nbsp;Lo que diferencia a <strong>la gesti\u00f3n de almacenes de 1Tool<\/strong> de los programas convencionales de gesti\u00f3n de mercanc\u00edas es la vinculaci\u00f3n con otros m\u00f3dulos del software CRM. Esto significa que t\u00fa creas tus almacenes, guardas tus productos y defines las cantidades de productos disponibles para cada almac\u00e9n individual. Con la  &nbsp;<strong>Al crear facturas o vales <\/strong>, tambi\u00e9n puedes definir el producto deseado y el almac\u00e9n respectivo del que hay que eliminar o volver a a\u00f1adir la cantidad con s\u00f3lo pulsar un bot\u00f3n. Los datos se actualizan autom\u00e1ticamente y no tienes que introducirlos t\u00fa mismo. <\/p>\n<p><\/p>\n<h4>\u00c1mbito funcional de la gesti\u00f3n de mercanc\u00edas 1Tool<\/h4>\n<ul>\n<li>Creaci\u00f3n sencilla de tus almacenes<\/li>\n<li>Visualizaci\u00f3n clara de tus productos disponibles en cada almac\u00e9n individual<\/li>\n<li>Almacenamiento de niveles m\u00ednimos de existencias para cada almac\u00e9n<\/li>\n<li>Realizaci\u00f3n de una compra adicional con s\u00f3lo pulsar un bot\u00f3n y aumento autom\u00e1tico de las existencias<\/li>\n<li>Facturaci\u00f3n sencilla al vender tus productos y reducci\u00f3n autom\u00e1tica de existencias<\/li>\n<li>Notas en las facturas sobre niveles m\u00ednimos de existencias o cantidades no disponibles<\/li>\n<li>Listado claro de compras y ventas en el diario<\/li>\n<li>Realizaci\u00f3n sencilla de contabilizaciones correctoras en caso de mermas o entradas incorrectas<\/li>\n<li>Sugerencias de pedido generadas autom\u00e1ticamente<\/li>\n<li>Asignaci\u00f3n de una o m\u00e1s contabilizaciones de correcci\u00f3n para una fecha clave espec\u00edfica mediante el inventario<\/li>\n<\/ul>\t\t\t\t\t\t\t\t<\/div>\n\t\t\t\t<\/div>\n\t\t\t\t\t<\/div>\n\t\t<\/div>\n\t\t\t\t\t<\/div>\n\t\t<\/section>\n\t\t\t\t\t<\/div>\n\t\t<\/div>\n\t\t\t\t\t<\/div>\n\t\t<\/section>\n\t\t\t\t<\/div>\n\t\t","protected":false},"excerpt":{"rendered":"<p>Gestionar el almac\u00e9n El software de almac\u00e9n 1Tool te ayuda a organizar profesionalmente las existencias de tu almac\u00e9n y es un apoyo ideal a la hora de optimizar tus procesos de gesti\u00f3n de mercanc\u00edas. Gesti\u00f3n sin complicaciones de todas las ubicaciones del almac\u00e9n Ya sean peque\u00f1as y medianas empresas o grandes corporaciones, el software CRM [&hellip;]<\/p>\n","protected":false},"author":1,"featured_media":0,"parent":76075,"menu_order":0,"comment_status":"closed","ping_status":"closed","template":"","meta":{"inline_featured_image":false,"footnotes":""},"class_list":["post-74578","page","type-page","status-publish","hentry"],"acf":[],"yoast_head":"<!-- This site is optimized with the Yoast SEO plugin v27.5 - https:\/\/yoast.com\/product\/yoast-seo-wordpress\/ -->\n<title>Gestionar el almac\u00e9n - 1Tool<\/title>\n<meta name=\"robots\" content=\"index, follow, max-snippet:-1, max-image-preview:large, max-video-preview:-1\" \/>\n<link rel=\"canonical\" href=\"https:\/\/www.1tool.com\/es\/modulos\/gestion-de-mercancias-y-tienda\/gestion-de-almacenes\/funciones-del-modulo-de-gestion-de-almacenes\/gestionar-el-almacen\/\" \/>\n<meta property=\"og:locale\" content=\"es_ES\" \/>\n<meta property=\"og:type\" content=\"article\" \/>\n<meta property=\"og:title\" content=\"Gestionar el almac\u00e9n - 1Tool\" \/>\n<meta property=\"og:description\" content=\"Gestionar el almac\u00e9n El software de almac\u00e9n 1Tool te ayuda a organizar profesionalmente las existencias de tu almac\u00e9n y es un apoyo ideal a la hora de optimizar tus procesos de gesti\u00f3n de mercanc\u00edas. Gesti\u00f3n sin complicaciones de todas las ubicaciones del almac\u00e9n Ya sean peque\u00f1as y medianas empresas o grandes corporaciones, el software CRM [&hellip;]\" \/>\n<meta property=\"og:url\" content=\"https:\/\/www.1tool.com\/es\/modulos\/gestion-de-mercancias-y-tienda\/gestion-de-almacenes\/funciones-del-modulo-de-gestion-de-almacenes\/gestionar-el-almacen\/\" \/>\n<meta property=\"og:site_name\" content=\"1Tool\" \/>\n<meta property=\"article:modified_time\" content=\"2026-05-04T12:43:30+00:00\" \/>\n<meta name=\"twitter:card\" content=\"summary_large_image\" \/>\n<meta name=\"twitter:label1\" content=\"Tiempo de lectura\" \/>\n\t<meta name=\"twitter:data1\" content=\"2 minutos\" \/>\n<script type=\"application\/ld+json\" class=\"yoast-schema-graph\">{\"@context\":\"https:\\\/\\\/schema.org\",\"@graph\":[{\"@type\":\"WebPage\",\"@id\":\"https:\\\/\\\/www.1tool.com\\\/es\\\/modulos\\\/gestion-de-mercancias-y-tienda\\\/gestion-de-almacenes\\\/funciones-del-modulo-de-gestion-de-almacenes\\\/gestionar-el-almacen\\\/\",\"url\":\"https:\\\/\\\/www.1tool.com\\\/es\\\/modulos\\\/gestion-de-mercancias-y-tienda\\\/gestion-de-almacenes\\\/funciones-del-modulo-de-gestion-de-almacenes\\\/gestionar-el-almacen\\\/\",\"name\":\"Gestionar el almac\u00e9n - 1Tool\",\"isPartOf\":{\"@id\":\"https:\\\/\\\/www.1tool.com\\\/es\\\/#website\"},\"datePublished\":\"2022-03-30T16:11:24+00:00\",\"dateModified\":\"2026-05-04T12:43:30+00:00\",\"breadcrumb\":{\"@id\":\"https:\\\/\\\/www.1tool.com\\\/es\\\/modulos\\\/gestion-de-mercancias-y-tienda\\\/gestion-de-almacenes\\\/funciones-del-modulo-de-gestion-de-almacenes\\\/gestionar-el-almacen\\\/#breadcrumb\"},\"inLanguage\":\"es\",\"potentialAction\":[{\"@type\":\"ReadAction\",\"target\":[\"https:\\\/\\\/www.1tool.com\\\/es\\\/modulos\\\/gestion-de-mercancias-y-tienda\\\/gestion-de-almacenes\\\/funciones-del-modulo-de-gestion-de-almacenes\\\/gestionar-el-almacen\\\/\"]}]},{\"@type\":\"BreadcrumbList\",\"@id\":\"https:\\\/\\\/www.1tool.com\\\/es\\\/modulos\\\/gestion-de-mercancias-y-tienda\\\/gestion-de-almacenes\\\/funciones-del-modulo-de-gestion-de-almacenes\\\/gestionar-el-almacen\\\/#breadcrumb\",\"itemListElement\":[{\"@type\":\"ListItem\",\"position\":1,\"name\":\"Home\",\"item\":\"https:\\\/\\\/www.1tool.com\\\/es\\\/\"},{\"@type\":\"ListItem\",\"position\":2,\"name\":\"M\u00f3dulos\",\"item\":\"https:\\\/\\\/www.1tool.com\\\/es\\\/modulos\\\/\"},{\"@type\":\"ListItem\",\"position\":3,\"name\":\"Gesti\u00f3n de mercanc\u00edas y tienda\",\"item\":\"https:\\\/\\\/www.1tool.com\\\/es\\\/modulos\\\/gestion-de-mercancias-y-tienda\\\/\"},{\"@type\":\"ListItem\",\"position\":4,\"name\":\"Gesti\u00f3n de almacenes\",\"item\":\"https:\\\/\\\/www.1tool.com\\\/es\\\/modulos\\\/gestion-de-mercancias-y-tienda\\\/gestion-de-almacenes\\\/\"},{\"@type\":\"ListItem\",\"position\":5,\"name\":\"Funciones del m\u00f3dulo de gesti\u00f3n de almacenes\",\"item\":\"https:\\\/\\\/www.1tool.com\\\/es\\\/modulos\\\/gestion-de-mercancias-y-tienda\\\/gestion-de-almacenes\\\/funciones-del-modulo-de-gestion-de-almacenes\\\/\"},{\"@type\":\"ListItem\",\"position\":6,\"name\":\"Gestionar el almac\u00e9n\"}]},{\"@type\":\"WebSite\",\"@id\":\"https:\\\/\\\/www.1tool.com\\\/es\\\/#website\",\"url\":\"https:\\\/\\\/www.1tool.com\\\/es\\\/\",\"name\":\"1Tool\",\"description\":\"CRM\",\"publisher\":{\"@id\":\"https:\\\/\\\/www.1tool.com\\\/es\\\/#organization\"},\"potentialAction\":[{\"@type\":\"SearchAction\",\"target\":{\"@type\":\"EntryPoint\",\"urlTemplate\":\"https:\\\/\\\/www.1tool.com\\\/es\\\/?s={search_term_string}\"},\"query-input\":{\"@type\":\"PropertyValueSpecification\",\"valueRequired\":true,\"valueName\":\"search_term_string\"}}],\"inLanguage\":\"es\"},{\"@type\":\"Organization\",\"@id\":\"https:\\\/\\\/www.1tool.com\\\/es\\\/#organization\",\"name\":\"1Tool\",\"url\":\"https:\\\/\\\/www.1tool.com\\\/es\\\/\",\"logo\":{\"@type\":\"ImageObject\",\"inLanguage\":\"es\",\"@id\":\"https:\\\/\\\/www.1tool.com\\\/es\\\/#\\\/schema\\\/logo\\\/image\\\/\",\"url\":\"https:\\\/\\\/www.1tool.com\\\/wp-content\\\/uploads\\\/2022\\\/04\\\/1tool-1.png\",\"contentUrl\":\"https:\\\/\\\/www.1tool.com\\\/wp-content\\\/uploads\\\/2022\\\/04\\\/1tool-1.png\",\"width\":400,\"height\":150,\"caption\":\"1Tool\"},\"image\":{\"@id\":\"https:\\\/\\\/www.1tool.com\\\/es\\\/#\\\/schema\\\/logo\\\/image\\\/\"}}]}<\/script>\n<!-- \/ Yoast SEO plugin. -->","yoast_head_json":{"title":"Gestionar el almac\u00e9n - 1Tool","robots":{"index":"index","follow":"follow","max-snippet":"max-snippet:-1","max-image-preview":"max-image-preview:large","max-video-preview":"max-video-preview:-1"},"canonical":"https:\/\/www.1tool.com\/es\/modulos\/gestion-de-mercancias-y-tienda\/gestion-de-almacenes\/funciones-del-modulo-de-gestion-de-almacenes\/gestionar-el-almacen\/","og_locale":"es_ES","og_type":"article","og_title":"Gestionar el almac\u00e9n - 1Tool","og_description":"Gestionar el almac\u00e9n El software de almac\u00e9n 1Tool te ayuda a organizar profesionalmente las existencias de tu almac\u00e9n y es un apoyo ideal a la hora de optimizar tus procesos de gesti\u00f3n de mercanc\u00edas. Gesti\u00f3n sin complicaciones de todas las ubicaciones del almac\u00e9n Ya sean peque\u00f1as y medianas empresas o grandes corporaciones, el software CRM [&hellip;]","og_url":"https:\/\/www.1tool.com\/es\/modulos\/gestion-de-mercancias-y-tienda\/gestion-de-almacenes\/funciones-del-modulo-de-gestion-de-almacenes\/gestionar-el-almacen\/","og_site_name":"1Tool","article_modified_time":"2026-05-04T12:43:30+00:00","twitter_card":"summary_large_image","twitter_misc":{"Tiempo de lectura":"2 minutos"},"schema":{"@context":"https:\/\/schema.org","@graph":[{"@type":"WebPage","@id":"https:\/\/www.1tool.com\/es\/modulos\/gestion-de-mercancias-y-tienda\/gestion-de-almacenes\/funciones-del-modulo-de-gestion-de-almacenes\/gestionar-el-almacen\/","url":"https:\/\/www.1tool.com\/es\/modulos\/gestion-de-mercancias-y-tienda\/gestion-de-almacenes\/funciones-del-modulo-de-gestion-de-almacenes\/gestionar-el-almacen\/","name":"Gestionar el almac\u00e9n - 1Tool","isPartOf":{"@id":"https:\/\/www.1tool.com\/es\/#website"},"datePublished":"2022-03-30T16:11:24+00:00","dateModified":"2026-05-04T12:43:30+00:00","breadcrumb":{"@id":"https:\/\/www.1tool.com\/es\/modulos\/gestion-de-mercancias-y-tienda\/gestion-de-almacenes\/funciones-del-modulo-de-gestion-de-almacenes\/gestionar-el-almacen\/#breadcrumb"},"inLanguage":"es","potentialAction":[{"@type":"ReadAction","target":["https:\/\/www.1tool.com\/es\/modulos\/gestion-de-mercancias-y-tienda\/gestion-de-almacenes\/funciones-del-modulo-de-gestion-de-almacenes\/gestionar-el-almacen\/"]}]},{"@type":"BreadcrumbList","@id":"https:\/\/www.1tool.com\/es\/modulos\/gestion-de-mercancias-y-tienda\/gestion-de-almacenes\/funciones-del-modulo-de-gestion-de-almacenes\/gestionar-el-almacen\/#breadcrumb","itemListElement":[{"@type":"ListItem","position":1,"name":"Home","item":"https:\/\/www.1tool.com\/es\/"},{"@type":"ListItem","position":2,"name":"M\u00f3dulos","item":"https:\/\/www.1tool.com\/es\/modulos\/"},{"@type":"ListItem","position":3,"name":"Gesti\u00f3n de mercanc\u00edas y tienda","item":"https:\/\/www.1tool.com\/es\/modulos\/gestion-de-mercancias-y-tienda\/"},{"@type":"ListItem","position":4,"name":"Gesti\u00f3n de almacenes","item":"https:\/\/www.1tool.com\/es\/modulos\/gestion-de-mercancias-y-tienda\/gestion-de-almacenes\/"},{"@type":"ListItem","position":5,"name":"Funciones del m\u00f3dulo de gesti\u00f3n de almacenes","item":"https:\/\/www.1tool.com\/es\/modulos\/gestion-de-mercancias-y-tienda\/gestion-de-almacenes\/funciones-del-modulo-de-gestion-de-almacenes\/"},{"@type":"ListItem","position":6,"name":"Gestionar el almac\u00e9n"}]},{"@type":"WebSite","@id":"https:\/\/www.1tool.com\/es\/#website","url":"https:\/\/www.1tool.com\/es\/","name":"1Tool","description":"CRM","publisher":{"@id":"https:\/\/www.1tool.com\/es\/#organization"},"potentialAction":[{"@type":"SearchAction","target":{"@type":"EntryPoint","urlTemplate":"https:\/\/www.1tool.com\/es\/?s={search_term_string}"},"query-input":{"@type":"PropertyValueSpecification","valueRequired":true,"valueName":"search_term_string"}}],"inLanguage":"es"},{"@type":"Organization","@id":"https:\/\/www.1tool.com\/es\/#organization","name":"1Tool","url":"https:\/\/www.1tool.com\/es\/","logo":{"@type":"ImageObject","inLanguage":"es","@id":"https:\/\/www.1tool.com\/es\/#\/schema\/logo\/image\/","url":"https:\/\/www.1tool.com\/wp-content\/uploads\/2022\/04\/1tool-1.png","contentUrl":"https:\/\/www.1tool.com\/wp-content\/uploads\/2022\/04\/1tool-1.png","width":400,"height":150,"caption":"1Tool"},"image":{"@id":"https:\/\/www.1tool.com\/es\/#\/schema\/logo\/image\/"}}]}},"_links":{"self":[{"href":"https:\/\/www.1tool.com\/es\/wp-json\/wp\/v2\/pages\/74578","targetHints":{"allow":["GET"]}}],"collection":[{"href":"https:\/\/www.1tool.com\/es\/wp-json\/wp\/v2\/pages"}],"about":[{"href":"https:\/\/www.1tool.com\/es\/wp-json\/wp\/v2\/types\/page"}],"author":[{"embeddable":true,"href":"https:\/\/www.1tool.com\/es\/wp-json\/wp\/v2\/users\/1"}],"replies":[{"embeddable":true,"href":"https:\/\/www.1tool.com\/es\/wp-json\/wp\/v2\/comments?post=74578"}],"version-history":[{"count":1,"href":"https:\/\/www.1tool.com\/es\/wp-json\/wp\/v2\/pages\/74578\/revisions"}],"predecessor-version":[{"id":74580,"href":"https:\/\/www.1tool.com\/es\/wp-json\/wp\/v2\/pages\/74578\/revisions\/74580"}],"up":[{"embeddable":true,"href":"https:\/\/www.1tool.com\/es\/wp-json\/wp\/v2\/pages\/76075"}],"wp:attachment":[{"href":"https:\/\/www.1tool.com\/es\/wp-json\/wp\/v2\/media?parent=74578"}],"curies":[{"name":"wp","href":"https:\/\/api.w.org\/{rel}","templated":true}]}}