{"id":74581,"date":"2022-03-30T15:02:12","date_gmt":"2022-03-30T13:02:12","guid":{"rendered":"https:\/\/www.1tool.com\/programacion\/"},"modified":"2026-05-04T14:43:48","modified_gmt":"2026-05-04T12:43:48","slug":"programacion","status":"publish","type":"page","link":"https:\/\/www.1tool.com\/es\/modulos\/organizacion-y-servicio\/calendario\/funciones-modulo-calendario\/programacion\/","title":{"rendered":"Programaci\u00f3n"},"content":{"rendered":"\t\t<div data-elementor-type=\"wp-page\" data-elementor-id=\"74581\" class=\"elementor elementor-74581 elementor-49275\" data-elementor-post-type=\"page\">\n\t\t\t\t\t\t<section class=\"elementor-section elementor-top-section elementor-element elementor-element-4d09cb6 elementor-section-boxed elementor-section-height-default elementor-section-height-default shadepro-adv-gradient-no shadepro-sticky-no\" data-id=\"4d09cb6\" data-element_type=\"section\" data-e-type=\"section\" data-settings=\"{&quot;shadepro_sticky&quot;:&quot;no&quot;}\">\n\t\t\t\t\t\t<div class=\"elementor-container elementor-column-gap-default\">\n\t\t\t\t\t<div class=\"elementor-column elementor-col-100 elementor-top-column elementor-element elementor-element-c95d4ff\" data-id=\"c95d4ff\" data-element_type=\"column\" data-e-type=\"column\">\n\t\t\t<div class=\"elementor-widget-wrap elementor-element-populated\">\n\t\t\t\t\t\t<div class=\"elementor-element elementor-element-98a3aa3 shadepro-sticky-no elementor-widget elementor-widget-heading\" data-id=\"98a3aa3\" data-element_type=\"widget\" data-e-type=\"widget\" data-settings=\"{&quot;shadepro_sticky&quot;:&quot;no&quot;}\" data-widget_type=\"heading.default\">\n\t\t\t\t<div class=\"elementor-widget-container\">\n\t\t\t\t\t<h1 class=\"elementor-heading-title elementor-size-default\">Programaci\u00f3n<\/h1>\t\t\t\t<\/div>\n\t\t\t\t<\/div>\n\t\t\t\t<div class=\"elementor-element elementor-element-60eb146 shadepro-sticky-no elementor-widget elementor-widget-text-editor\" data-id=\"60eb146\" data-element_type=\"widget\" data-e-type=\"widget\" data-settings=\"{&quot;shadepro_sticky&quot;:&quot;no&quot;}\" data-widget_type=\"text-editor.default\">\n\t\t\t\t<div class=\"elementor-widget-container\">\n\t\t\t\t\t\t\t\t\t<p>Software para la programaci\u00f3n de citas profesionales &#8211; Gestiona citas de negocios y privadas con s\u00f3lo pulsar un bot\u00f3n.<\/p>\t\t\t\t\t\t\t\t<\/div>\n\t\t\t\t<\/div>\n\t\t\t\t<section class=\"elementor-section elementor-inner-section elementor-element elementor-element-9d7f8cc elementor-section-boxed elementor-section-height-default elementor-section-height-default shadepro-adv-gradient-no shadepro-sticky-no\" data-id=\"9d7f8cc\" data-element_type=\"section\" data-e-type=\"section\" data-settings=\"{&quot;shadepro_sticky&quot;:&quot;no&quot;}\">\n\t\t\t\t\t\t<div class=\"elementor-container elementor-column-gap-default\">\n\t\t\t\t\t<div class=\"elementor-column elementor-col-100 elementor-inner-column elementor-element elementor-element-574f115\" data-id=\"574f115\" data-element_type=\"column\" data-e-type=\"column\">\n\t\t\t<div class=\"elementor-widget-wrap elementor-element-populated\">\n\t\t\t\t\t\t<div class=\"elementor-element elementor-element-0618079 shadepro-sticky-no elementor-widget elementor-widget-text-editor\" data-id=\"0618079\" data-element_type=\"widget\" data-e-type=\"widget\" data-settings=\"{&quot;shadepro_sticky&quot;:&quot;no&quot;}\" data-widget_type=\"text-editor.default\">\n\t\t\t\t<div class=\"elementor-widget-container\">\n\t\t\t\t\t\t\t\t\t<h3>Programa de planificaci\u00f3n de horarios &#8211; Todos los eventos en un solo lugar<\/h3><p>El software de programaci\u00f3n de citas 1Tool incluye un calendario claramente organizado con el que puedes gestionar todas tus citas y eventos de forma centralizada en una base de datos. Las funciones intuitivas de la agenda online te ayudan a organizar y coordinar con \u00e9xito consultas, reuniones y conferencias. Gracias al software de programaci\u00f3n de citas basado en la nube, el personal de campo tambi\u00e9n puede registrar sus citas en cualquier momento a trav\u00e9s de un smartphone o una tableta.  <\/p><p> <\/p><h3>Herramienta de planificaci\u00f3n de citas para smartphone y tablet<\/h3><p>La herramienta de planificaci\u00f3n de citas de 1Tool es compatible con Caldav, lo que significa que tus citas se sincronizan autom\u00e1ticamente en los dispositivos personales. Esto significa que tambi\u00e9n puedes gestionar con \u00e9xito tu planificaci\u00f3n de citas como representante de ventas. La sincronizaci\u00f3n de la planificaci\u00f3n de citas est\u00e1 disponible para los siguientes dispositivos:  <\/p><ul><li>iPad de Apple<\/li><li>Apple iCal<\/li><li>iPhone de Apple<\/li><li>Mozilla Sunbird<\/li><li>Smartphones con sistema operativo Android<\/li><\/ul><p>Esta sincronizaci\u00f3n se produce en tiempo real, lo que significa que cuando introduzcas nuevas citas en el calendario de 1Tool, las encontrar\u00e1s inmediatamente en tu dispositivo personal. Tambi\u00e9n podemos sincronizar varios calendarios, como el de Outlook, con tus dispositivos personales. <\/p><p> <\/p><h4>Utilizaci\u00f3n de las citas gracias a una gesti\u00f3n eficaz de las mismas<\/h4><p>Con el planificador de citas claramente organizado de 1Tool, siempre tendr\u00e1s una visi\u00f3n general de los eventos y las capacidades libres. Una gesti\u00f3n eficaz de las citas te ayuda a armonizar las citas privadas y las de trabajo, y tambi\u00e9n facilita la colaboraci\u00f3n interna de la empresa con tus compa\u00f1eros y empleados. Puedes crear varias categor\u00edas de calendario y tipos de citas en la agenda digital de 1Tool con s\u00f3lo pulsar un bot\u00f3n. Gracias a los diferentes colores, se pueden distinguir de un vistazo en la vista general de tu gesti\u00f3n de citas. En funci\u00f3n de tu autorizaci\u00f3n, tus citas tambi\u00e9n son visibles para otros empleados: puedes diferenciar entre autorizaci\u00f3n de lectura y escritura. Y viceversa, tambi\u00e9n tienes acceso a la gesti\u00f3n de citas de otros usuarios en cuanto compartan su calendario contigo.     <\/p><p>Adem\u00e1s, el software de programaci\u00f3n de citas 1Tool dispone de una eficaz funci\u00f3n de gesti\u00f3n de participantes que incluye recordatorios. Esto significa que tus clientes reciben autom\u00e1ticamente un recordatorio por correo electr\u00f3nico antes de la cita acordada. As\u00ed, los tiempos muertos y las citas olvidadas son cosa del pasado: 1Tool garantiza la plena utilizaci\u00f3n de las citas.  <\/p><p><em>Lee en nuestro manual c\u00f3mo configurar la <strong><a href=\"https:\/\/www.1tool.com\/manual\/synchronisation\/caldav-integration\/\" target=\"_blank\" rel=\"noreferrer noopener\">integraci\u00f3n CalDAV<\/a><\/strong>.<\/em><\/p>\t\t\t\t\t\t\t\t<\/div>\n\t\t\t\t<\/div>\n\t\t\t\t\t<\/div>\n\t\t<\/div>\n\t\t\t\t\t<\/div>\n\t\t<\/section>\n\t\t\t\t\t<\/div>\n\t\t<\/div>\n\t\t\t\t\t<\/div>\n\t\t<\/section>\n\t\t\t\t<\/div>\n\t\t","protected":false},"excerpt":{"rendered":"<p>Programaci\u00f3n Software para la programaci\u00f3n de citas profesionales &#8211; Gestiona citas de negocios y privadas con s\u00f3lo pulsar un bot\u00f3n. Programa de planificaci\u00f3n de horarios &#8211; Todos los eventos en un solo lugar El software de programaci\u00f3n de citas 1Tool incluye un calendario claramente organizado con el que puedes gestionar todas tus citas y eventos [&hellip;]<\/p>\n","protected":false},"author":1,"featured_media":0,"parent":76083,"menu_order":0,"comment_status":"closed","ping_status":"closed","template":"","meta":{"inline_featured_image":false,"footnotes":""},"class_list":["post-74581","page","type-page","status-publish","hentry"],"acf":[],"yoast_head":"<!-- This site is optimized with the Yoast SEO plugin v27.5 - https:\/\/yoast.com\/product\/yoast-seo-wordpress\/ -->\n<title>Programaci\u00f3n - 1Tool<\/title>\n<meta name=\"robots\" content=\"index, follow, max-snippet:-1, max-image-preview:large, max-video-preview:-1\" \/>\n<link rel=\"canonical\" href=\"https:\/\/www.1tool.com\/es\/modulos\/organizacion-y-servicio\/calendario\/funciones-modulo-calendario\/programacion\/\" \/>\n<meta property=\"og:locale\" content=\"es_ES\" \/>\n<meta property=\"og:type\" content=\"article\" \/>\n<meta property=\"og:title\" content=\"Programaci\u00f3n - 1Tool\" \/>\n<meta property=\"og:description\" content=\"Programaci\u00f3n Software para la programaci\u00f3n de citas profesionales &#8211; Gestiona citas de negocios y privadas con s\u00f3lo pulsar un bot\u00f3n. Programa de planificaci\u00f3n de horarios &#8211; Todos los eventos en un solo lugar El software de programaci\u00f3n de citas 1Tool incluye un calendario claramente organizado con el que puedes gestionar todas tus citas y eventos [&hellip;]\" \/>\n<meta property=\"og:url\" content=\"https:\/\/www.1tool.com\/es\/modulos\/organizacion-y-servicio\/calendario\/funciones-modulo-calendario\/programacion\/\" \/>\n<meta property=\"og:site_name\" content=\"1Tool\" \/>\n<meta property=\"article:modified_time\" content=\"2026-05-04T12:43:48+00:00\" \/>\n<meta name=\"twitter:card\" content=\"summary_large_image\" \/>\n<meta name=\"twitter:label1\" content=\"Tiempo de lectura\" \/>\n\t<meta name=\"twitter:data1\" content=\"2 minutos\" \/>\n<script type=\"application\/ld+json\" class=\"yoast-schema-graph\">{\"@context\":\"https:\\\/\\\/schema.org\",\"@graph\":[{\"@type\":\"WebPage\",\"@id\":\"https:\\\/\\\/www.1tool.com\\\/es\\\/modulos\\\/organizacion-y-servicio\\\/calendario\\\/funciones-modulo-calendario\\\/programacion\\\/\",\"url\":\"https:\\\/\\\/www.1tool.com\\\/es\\\/modulos\\\/organizacion-y-servicio\\\/calendario\\\/funciones-modulo-calendario\\\/programacion\\\/\",\"name\":\"Programaci\u00f3n - 1Tool\",\"isPartOf\":{\"@id\":\"https:\\\/\\\/www.1tool.com\\\/es\\\/#website\"},\"datePublished\":\"2022-03-30T13:02:12+00:00\",\"dateModified\":\"2026-05-04T12:43:48+00:00\",\"breadcrumb\":{\"@id\":\"https:\\\/\\\/www.1tool.com\\\/es\\\/modulos\\\/organizacion-y-servicio\\\/calendario\\\/funciones-modulo-calendario\\\/programacion\\\/#breadcrumb\"},\"inLanguage\":\"es\",\"potentialAction\":[{\"@type\":\"ReadAction\",\"target\":[\"https:\\\/\\\/www.1tool.com\\\/es\\\/modulos\\\/organizacion-y-servicio\\\/calendario\\\/funciones-modulo-calendario\\\/programacion\\\/\"]}]},{\"@type\":\"BreadcrumbList\",\"@id\":\"https:\\\/\\\/www.1tool.com\\\/es\\\/modulos\\\/organizacion-y-servicio\\\/calendario\\\/funciones-modulo-calendario\\\/programacion\\\/#breadcrumb\",\"itemListElement\":[{\"@type\":\"ListItem\",\"position\":1,\"name\":\"Home\",\"item\":\"https:\\\/\\\/www.1tool.com\\\/es\\\/\"},{\"@type\":\"ListItem\",\"position\":2,\"name\":\"M\u00f3dulos\",\"item\":\"https:\\\/\\\/www.1tool.com\\\/es\\\/modulos\\\/\"},{\"@type\":\"ListItem\",\"position\":3,\"name\":\"Organizaci\u00f3n y Servicio\",\"item\":\"https:\\\/\\\/www.1tool.com\\\/es\\\/modulos\\\/organizacion-y-servicio\\\/\"},{\"@type\":\"ListItem\",\"position\":4,\"name\":\"Calendario\",\"item\":\"https:\\\/\\\/www.1tool.com\\\/es\\\/modulos\\\/organizacion-y-servicio\\\/calendario\\\/\"},{\"@type\":\"ListItem\",\"position\":5,\"name\":\"Funciones m\u00f3dulo calendario\",\"item\":\"https:\\\/\\\/www.1tool.com\\\/es\\\/modulos\\\/organizacion-y-servicio\\\/calendario\\\/funciones-modulo-calendario\\\/\"},{\"@type\":\"ListItem\",\"position\":6,\"name\":\"Programaci\u00f3n\"}]},{\"@type\":\"WebSite\",\"@id\":\"https:\\\/\\\/www.1tool.com\\\/es\\\/#website\",\"url\":\"https:\\\/\\\/www.1tool.com\\\/es\\\/\",\"name\":\"1Tool\",\"description\":\"CRM\",\"publisher\":{\"@id\":\"https:\\\/\\\/www.1tool.com\\\/es\\\/#organization\"},\"potentialAction\":[{\"@type\":\"SearchAction\",\"target\":{\"@type\":\"EntryPoint\",\"urlTemplate\":\"https:\\\/\\\/www.1tool.com\\\/es\\\/?s={search_term_string}\"},\"query-input\":{\"@type\":\"PropertyValueSpecification\",\"valueRequired\":true,\"valueName\":\"search_term_string\"}}],\"inLanguage\":\"es\"},{\"@type\":\"Organization\",\"@id\":\"https:\\\/\\\/www.1tool.com\\\/es\\\/#organization\",\"name\":\"1Tool\",\"url\":\"https:\\\/\\\/www.1tool.com\\\/es\\\/\",\"logo\":{\"@type\":\"ImageObject\",\"inLanguage\":\"es\",\"@id\":\"https:\\\/\\\/www.1tool.com\\\/es\\\/#\\\/schema\\\/logo\\\/image\\\/\",\"url\":\"https:\\\/\\\/www.1tool.com\\\/wp-content\\\/uploads\\\/2022\\\/04\\\/1tool-1.png\",\"contentUrl\":\"https:\\\/\\\/www.1tool.com\\\/wp-content\\\/uploads\\\/2022\\\/04\\\/1tool-1.png\",\"width\":400,\"height\":150,\"caption\":\"1Tool\"},\"image\":{\"@id\":\"https:\\\/\\\/www.1tool.com\\\/es\\\/#\\\/schema\\\/logo\\\/image\\\/\"}}]}<\/script>\n<!-- \/ Yoast SEO plugin. -->","yoast_head_json":{"title":"Programaci\u00f3n - 1Tool","robots":{"index":"index","follow":"follow","max-snippet":"max-snippet:-1","max-image-preview":"max-image-preview:large","max-video-preview":"max-video-preview:-1"},"canonical":"https:\/\/www.1tool.com\/es\/modulos\/organizacion-y-servicio\/calendario\/funciones-modulo-calendario\/programacion\/","og_locale":"es_ES","og_type":"article","og_title":"Programaci\u00f3n - 1Tool","og_description":"Programaci\u00f3n Software para la programaci\u00f3n de citas profesionales &#8211; Gestiona citas de negocios y privadas con s\u00f3lo pulsar un bot\u00f3n. Programa de planificaci\u00f3n de horarios &#8211; Todos los eventos en un solo lugar El software de programaci\u00f3n de citas 1Tool incluye un calendario claramente organizado con el que puedes gestionar todas tus citas y eventos [&hellip;]","og_url":"https:\/\/www.1tool.com\/es\/modulos\/organizacion-y-servicio\/calendario\/funciones-modulo-calendario\/programacion\/","og_site_name":"1Tool","article_modified_time":"2026-05-04T12:43:48+00:00","twitter_card":"summary_large_image","twitter_misc":{"Tiempo de lectura":"2 minutos"},"schema":{"@context":"https:\/\/schema.org","@graph":[{"@type":"WebPage","@id":"https:\/\/www.1tool.com\/es\/modulos\/organizacion-y-servicio\/calendario\/funciones-modulo-calendario\/programacion\/","url":"https:\/\/www.1tool.com\/es\/modulos\/organizacion-y-servicio\/calendario\/funciones-modulo-calendario\/programacion\/","name":"Programaci\u00f3n - 1Tool","isPartOf":{"@id":"https:\/\/www.1tool.com\/es\/#website"},"datePublished":"2022-03-30T13:02:12+00:00","dateModified":"2026-05-04T12:43:48+00:00","breadcrumb":{"@id":"https:\/\/www.1tool.com\/es\/modulos\/organizacion-y-servicio\/calendario\/funciones-modulo-calendario\/programacion\/#breadcrumb"},"inLanguage":"es","potentialAction":[{"@type":"ReadAction","target":["https:\/\/www.1tool.com\/es\/modulos\/organizacion-y-servicio\/calendario\/funciones-modulo-calendario\/programacion\/"]}]},{"@type":"BreadcrumbList","@id":"https:\/\/www.1tool.com\/es\/modulos\/organizacion-y-servicio\/calendario\/funciones-modulo-calendario\/programacion\/#breadcrumb","itemListElement":[{"@type":"ListItem","position":1,"name":"Home","item":"https:\/\/www.1tool.com\/es\/"},{"@type":"ListItem","position":2,"name":"M\u00f3dulos","item":"https:\/\/www.1tool.com\/es\/modulos\/"},{"@type":"ListItem","position":3,"name":"Organizaci\u00f3n y Servicio","item":"https:\/\/www.1tool.com\/es\/modulos\/organizacion-y-servicio\/"},{"@type":"ListItem","position":4,"name":"Calendario","item":"https:\/\/www.1tool.com\/es\/modulos\/organizacion-y-servicio\/calendario\/"},{"@type":"ListItem","position":5,"name":"Funciones m\u00f3dulo calendario","item":"https:\/\/www.1tool.com\/es\/modulos\/organizacion-y-servicio\/calendario\/funciones-modulo-calendario\/"},{"@type":"ListItem","position":6,"name":"Programaci\u00f3n"}]},{"@type":"WebSite","@id":"https:\/\/www.1tool.com\/es\/#website","url":"https:\/\/www.1tool.com\/es\/","name":"1Tool","description":"CRM","publisher":{"@id":"https:\/\/www.1tool.com\/es\/#organization"},"potentialAction":[{"@type":"SearchAction","target":{"@type":"EntryPoint","urlTemplate":"https:\/\/www.1tool.com\/es\/?s={search_term_string}"},"query-input":{"@type":"PropertyValueSpecification","valueRequired":true,"valueName":"search_term_string"}}],"inLanguage":"es"},{"@type":"Organization","@id":"https:\/\/www.1tool.com\/es\/#organization","name":"1Tool","url":"https:\/\/www.1tool.com\/es\/","logo":{"@type":"ImageObject","inLanguage":"es","@id":"https:\/\/www.1tool.com\/es\/#\/schema\/logo\/image\/","url":"https:\/\/www.1tool.com\/wp-content\/uploads\/2022\/04\/1tool-1.png","contentUrl":"https:\/\/www.1tool.com\/wp-content\/uploads\/2022\/04\/1tool-1.png","width":400,"height":150,"caption":"1Tool"},"image":{"@id":"https:\/\/www.1tool.com\/es\/#\/schema\/logo\/image\/"}}]}},"_links":{"self":[{"href":"https:\/\/www.1tool.com\/es\/wp-json\/wp\/v2\/pages\/74581","targetHints":{"allow":["GET"]}}],"collection":[{"href":"https:\/\/www.1tool.com\/es\/wp-json\/wp\/v2\/pages"}],"about":[{"href":"https:\/\/www.1tool.com\/es\/wp-json\/wp\/v2\/types\/page"}],"author":[{"embeddable":true,"href":"https:\/\/www.1tool.com\/es\/wp-json\/wp\/v2\/users\/1"}],"replies":[{"embeddable":true,"href":"https:\/\/www.1tool.com\/es\/wp-json\/wp\/v2\/comments?post=74581"}],"version-history":[{"count":1,"href":"https:\/\/www.1tool.com\/es\/wp-json\/wp\/v2\/pages\/74581\/revisions"}],"predecessor-version":[{"id":74583,"href":"https:\/\/www.1tool.com\/es\/wp-json\/wp\/v2\/pages\/74581\/revisions\/74583"}],"up":[{"embeddable":true,"href":"https:\/\/www.1tool.com\/es\/wp-json\/wp\/v2\/pages\/76083"}],"wp:attachment":[{"href":"https:\/\/www.1tool.com\/es\/wp-json\/wp\/v2\/media?parent=74581"}],"curies":[{"name":"wp","href":"https:\/\/api.w.org\/{rel}","templated":true}]}}