{"id":74582,"date":"2022-03-30T18:08:52","date_gmt":"2022-03-30T16:08:52","guid":{"rendered":"https:\/\/www.1tool.com\/contabilizaciones-de-inventario-correccion\/"},"modified":"2026-05-04T14:43:29","modified_gmt":"2026-05-04T12:43:29","slug":"contabilizaciones-de-inventario-correccion","status":"publish","type":"page","link":"https:\/\/www.1tool.com\/es\/modulos\/gestion-de-mercancias-y-tienda\/gestion-de-almacenes\/funciones-del-modulo-de-gestion-de-almacenes\/contabilizaciones-de-inventario-correccion\/","title":{"rendered":"Contabilizaciones de inventario\/correcci\u00f3n"},"content":{"rendered":"\t\t<div data-elementor-type=\"wp-page\" data-elementor-id=\"74582\" class=\"elementor elementor-74582 elementor-49359\" data-elementor-post-type=\"page\">\n\t\t\t\t\t\t<section class=\"elementor-section elementor-top-section elementor-element elementor-element-b2fdeec elementor-section-boxed elementor-section-height-default elementor-section-height-default shadepro-adv-gradient-no shadepro-sticky-no\" data-id=\"b2fdeec\" data-element_type=\"section\" data-e-type=\"section\" data-settings=\"{&quot;shadepro_sticky&quot;:&quot;no&quot;}\">\n\t\t\t\t\t\t<div class=\"elementor-container elementor-column-gap-default\">\n\t\t\t\t\t<div class=\"elementor-column elementor-col-100 elementor-top-column elementor-element elementor-element-daab147\" data-id=\"daab147\" data-element_type=\"column\" data-e-type=\"column\">\n\t\t\t<div class=\"elementor-widget-wrap elementor-element-populated\">\n\t\t\t\t\t\t<div class=\"elementor-element elementor-element-4597265 shadepro-sticky-no elementor-widget elementor-widget-heading\" data-id=\"4597265\" data-element_type=\"widget\" data-e-type=\"widget\" data-settings=\"{&quot;shadepro_sticky&quot;:&quot;no&quot;}\" data-widget_type=\"heading.default\">\n\t\t\t\t<div class=\"elementor-widget-container\">\n\t\t\t\t\t<h1 class=\"elementor-heading-title elementor-size-default\">Contabilizaciones de inventario\/correcci\u00f3n<\/h1>\t\t\t\t<\/div>\n\t\t\t\t<\/div>\n\t\t\t\t<div class=\"elementor-element elementor-element-16e7b51 shadepro-sticky-no elementor-widget elementor-widget-text-editor\" data-id=\"16e7b51\" data-element_type=\"widget\" data-e-type=\"widget\" data-settings=\"{&quot;shadepro_sticky&quot;:&quot;no&quot;}\" data-widget_type=\"text-editor.default\">\n\t\t\t\t<div class=\"elementor-widget-container\">\n\t\t\t\t\t\t\t\t\t<p>Utiliza el Diario de 1Tool para comprobar todas las entradas y salidas de mercanc\u00edas.<\/p>\t\t\t\t\t\t\t\t<\/div>\n\t\t\t\t<\/div>\n\t\t\t\t<section class=\"elementor-section elementor-inner-section elementor-element elementor-element-e0bf116 elementor-section-boxed elementor-section-height-default elementor-section-height-default shadepro-adv-gradient-no shadepro-sticky-no\" data-id=\"e0bf116\" data-element_type=\"section\" data-e-type=\"section\" data-settings=\"{&quot;shadepro_sticky&quot;:&quot;no&quot;}\">\n\t\t\t\t\t\t<div class=\"elementor-container elementor-column-gap-default\">\n\t\t\t\t\t<div class=\"elementor-column elementor-col-100 elementor-inner-column elementor-element elementor-element-ccb7067\" data-id=\"ccb7067\" data-element_type=\"column\" data-e-type=\"column\">\n\t\t\t<div class=\"elementor-widget-wrap elementor-element-populated\">\n\t\t\t\t\t\t<div class=\"elementor-element elementor-element-37a99a3 shadepro-sticky-no elementor-widget elementor-widget-text-editor\" data-id=\"37a99a3\" data-element_type=\"widget\" data-e-type=\"widget\" data-settings=\"{&quot;shadepro_sticky&quot;:&quot;no&quot;}\" data-widget_type=\"text-editor.default\">\n\t\t\t\t<div class=\"elementor-widget-container\">\n\t\t\t\t\t\t\t\t\t<h3>Todos los procesos del almac\u00e9n de un vistazo<\/h3><p>El diario de gesti\u00f3n de mercanc\u00edas proporciona una lista clara de tus compras, ventas y contabilizaciones de correcci\u00f3n por fecha. Puedes comprobar exactamente qu\u00e9 productos, cantidades y existencias estaban implicados en la transacci\u00f3n. <\/p><p>Adem\u00e1s, el software de almac\u00e9n tambi\u00e9n te permite realizar directamente una contabilizaci\u00f3n de correcci\u00f3n. \u00c9sta puede crearse como una salida, por ejemplo en caso de merma, o como una entrada (contabilizaci\u00f3n incorrecta de una compra adicional). La funci\u00f3n de inventario del sistema de gesti\u00f3n de stocks representa, en \u00faltima instancia, una o varias contabilizaciones de correcci\u00f3n en una fecha clave concreta. Tambi\u00e9n aqu\u00ed se nota la vinculaci\u00f3n de las distintas funciones de gesti\u00f3n de almac\u00e9n, ya que se realiza una anotaci\u00f3n autom\u00e1tica en el diario cuando cambia el nivel de existencias durante el inventario.   <\/p><p><em>En nuestro manual encontrar\u00e1s m\u00e1s detalles sobre el <strong><a href=\"https:\/\/www.1tool.com\/manual\/warenwirtschaft\/journal\/\" target=\"_blank\" rel=\"noreferrer noopener\">diario <\/a><\/strong>, el <a href=\"https:\/\/www.1tool.com\/manual\/warenwirtschaft\/inventur\/\" target=\"_blank\" rel=\"noreferrer noopener\"><strong>inventario<\/strong> y <\/a>c\u00f3mo realizar un <strong><a href=\"https:\/\/www.1tool.com\/manual\/warenwirtschaft\/korrekturbuchung\/\" target=\"_blank\" rel=\"noreferrer noopener\">asiento de ajuste<\/a><\/strong><\/em>.<\/p>\t\t\t\t\t\t\t\t<\/div>\n\t\t\t\t<\/div>\n\t\t\t\t\t<\/div>\n\t\t<\/div>\n\t\t\t\t\t<\/div>\n\t\t<\/section>\n\t\t\t\t\t<\/div>\n\t\t<\/div>\n\t\t\t\t\t<\/div>\n\t\t<\/section>\n\t\t\t\t<\/div>\n\t\t","protected":false},"excerpt":{"rendered":"<p>Contabilizaciones de inventario\/correcci\u00f3n Utiliza el Diario de 1Tool para comprobar todas las entradas y salidas de mercanc\u00edas. Todos los procesos del almac\u00e9n de un vistazo El diario de gesti\u00f3n de mercanc\u00edas proporciona una lista clara de tus compras, ventas y contabilizaciones de correcci\u00f3n por fecha. Puedes comprobar exactamente qu\u00e9 productos, cantidades y existencias estaban implicados [&hellip;]<\/p>\n","protected":false},"author":1,"featured_media":0,"parent":76075,"menu_order":0,"comment_status":"closed","ping_status":"closed","template":"","meta":{"inline_featured_image":false,"footnotes":""},"class_list":["post-74582","page","type-page","status-publish","hentry"],"acf":[],"yoast_head":"<!-- This site is optimized with the Yoast SEO plugin v27.5 - https:\/\/yoast.com\/product\/yoast-seo-wordpress\/ -->\n<title>Contabilizaciones de inventario\/correcci\u00f3n - 1Tool<\/title>\n<meta name=\"robots\" content=\"index, follow, max-snippet:-1, max-image-preview:large, max-video-preview:-1\" \/>\n<link rel=\"canonical\" href=\"https:\/\/www.1tool.com\/es\/modulos\/gestion-de-mercancias-y-tienda\/gestion-de-almacenes\/funciones-del-modulo-de-gestion-de-almacenes\/contabilizaciones-de-inventario-correccion\/\" \/>\n<meta property=\"og:locale\" content=\"es_ES\" \/>\n<meta property=\"og:type\" content=\"article\" \/>\n<meta property=\"og:title\" content=\"Contabilizaciones de inventario\/correcci\u00f3n - 1Tool\" \/>\n<meta property=\"og:description\" content=\"Contabilizaciones de inventario\/correcci\u00f3n Utiliza el Diario de 1Tool para comprobar todas las entradas y salidas de mercanc\u00edas. Todos los procesos del almac\u00e9n de un vistazo El diario de gesti\u00f3n de mercanc\u00edas proporciona una lista clara de tus compras, ventas y contabilizaciones de correcci\u00f3n por fecha. Puedes comprobar exactamente qu\u00e9 productos, cantidades y existencias estaban implicados [&hellip;]\" \/>\n<meta property=\"og:url\" content=\"https:\/\/www.1tool.com\/es\/modulos\/gestion-de-mercancias-y-tienda\/gestion-de-almacenes\/funciones-del-modulo-de-gestion-de-almacenes\/contabilizaciones-de-inventario-correccion\/\" \/>\n<meta property=\"og:site_name\" content=\"1Tool\" \/>\n<meta property=\"article:modified_time\" content=\"2026-05-04T12:43:29+00:00\" \/>\n<meta name=\"twitter:card\" content=\"summary_large_image\" \/>\n<meta name=\"twitter:label1\" content=\"Tiempo de lectura\" \/>\n\t<meta name=\"twitter:data1\" content=\"1 minuto\" \/>\n<script type=\"application\/ld+json\" class=\"yoast-schema-graph\">{\"@context\":\"https:\\\/\\\/schema.org\",\"@graph\":[{\"@type\":\"WebPage\",\"@id\":\"https:\\\/\\\/www.1tool.com\\\/es\\\/modulos\\\/gestion-de-mercancias-y-tienda\\\/gestion-de-almacenes\\\/funciones-del-modulo-de-gestion-de-almacenes\\\/contabilizaciones-de-inventario-correccion\\\/\",\"url\":\"https:\\\/\\\/www.1tool.com\\\/es\\\/modulos\\\/gestion-de-mercancias-y-tienda\\\/gestion-de-almacenes\\\/funciones-del-modulo-de-gestion-de-almacenes\\\/contabilizaciones-de-inventario-correccion\\\/\",\"name\":\"Contabilizaciones de inventario\\\/correcci\u00f3n - 1Tool\",\"isPartOf\":{\"@id\":\"https:\\\/\\\/www.1tool.com\\\/es\\\/#website\"},\"datePublished\":\"2022-03-30T16:08:52+00:00\",\"dateModified\":\"2026-05-04T12:43:29+00:00\",\"breadcrumb\":{\"@id\":\"https:\\\/\\\/www.1tool.com\\\/es\\\/modulos\\\/gestion-de-mercancias-y-tienda\\\/gestion-de-almacenes\\\/funciones-del-modulo-de-gestion-de-almacenes\\\/contabilizaciones-de-inventario-correccion\\\/#breadcrumb\"},\"inLanguage\":\"es\",\"potentialAction\":[{\"@type\":\"ReadAction\",\"target\":[\"https:\\\/\\\/www.1tool.com\\\/es\\\/modulos\\\/gestion-de-mercancias-y-tienda\\\/gestion-de-almacenes\\\/funciones-del-modulo-de-gestion-de-almacenes\\\/contabilizaciones-de-inventario-correccion\\\/\"]}]},{\"@type\":\"BreadcrumbList\",\"@id\":\"https:\\\/\\\/www.1tool.com\\\/es\\\/modulos\\\/gestion-de-mercancias-y-tienda\\\/gestion-de-almacenes\\\/funciones-del-modulo-de-gestion-de-almacenes\\\/contabilizaciones-de-inventario-correccion\\\/#breadcrumb\",\"itemListElement\":[{\"@type\":\"ListItem\",\"position\":1,\"name\":\"Home\",\"item\":\"https:\\\/\\\/www.1tool.com\\\/es\\\/\"},{\"@type\":\"ListItem\",\"position\":2,\"name\":\"M\u00f3dulos\",\"item\":\"https:\\\/\\\/www.1tool.com\\\/es\\\/modulos\\\/\"},{\"@type\":\"ListItem\",\"position\":3,\"name\":\"Gesti\u00f3n de mercanc\u00edas y tienda\",\"item\":\"https:\\\/\\\/www.1tool.com\\\/es\\\/modulos\\\/gestion-de-mercancias-y-tienda\\\/\"},{\"@type\":\"ListItem\",\"position\":4,\"name\":\"Gesti\u00f3n de almacenes\",\"item\":\"https:\\\/\\\/www.1tool.com\\\/es\\\/modulos\\\/gestion-de-mercancias-y-tienda\\\/gestion-de-almacenes\\\/\"},{\"@type\":\"ListItem\",\"position\":5,\"name\":\"Funciones del m\u00f3dulo de gesti\u00f3n de almacenes\",\"item\":\"https:\\\/\\\/www.1tool.com\\\/es\\\/modulos\\\/gestion-de-mercancias-y-tienda\\\/gestion-de-almacenes\\\/funciones-del-modulo-de-gestion-de-almacenes\\\/\"},{\"@type\":\"ListItem\",\"position\":6,\"name\":\"Contabilizaciones de inventario\\\/correcci\u00f3n\"}]},{\"@type\":\"WebSite\",\"@id\":\"https:\\\/\\\/www.1tool.com\\\/es\\\/#website\",\"url\":\"https:\\\/\\\/www.1tool.com\\\/es\\\/\",\"name\":\"1Tool\",\"description\":\"CRM\",\"publisher\":{\"@id\":\"https:\\\/\\\/www.1tool.com\\\/es\\\/#organization\"},\"potentialAction\":[{\"@type\":\"SearchAction\",\"target\":{\"@type\":\"EntryPoint\",\"urlTemplate\":\"https:\\\/\\\/www.1tool.com\\\/es\\\/?s={search_term_string}\"},\"query-input\":{\"@type\":\"PropertyValueSpecification\",\"valueRequired\":true,\"valueName\":\"search_term_string\"}}],\"inLanguage\":\"es\"},{\"@type\":\"Organization\",\"@id\":\"https:\\\/\\\/www.1tool.com\\\/es\\\/#organization\",\"name\":\"1Tool\",\"url\":\"https:\\\/\\\/www.1tool.com\\\/es\\\/\",\"logo\":{\"@type\":\"ImageObject\",\"inLanguage\":\"es\",\"@id\":\"https:\\\/\\\/www.1tool.com\\\/es\\\/#\\\/schema\\\/logo\\\/image\\\/\",\"url\":\"https:\\\/\\\/www.1tool.com\\\/wp-content\\\/uploads\\\/2022\\\/04\\\/1tool-1.png\",\"contentUrl\":\"https:\\\/\\\/www.1tool.com\\\/wp-content\\\/uploads\\\/2022\\\/04\\\/1tool-1.png\",\"width\":400,\"height\":150,\"caption\":\"1Tool\"},\"image\":{\"@id\":\"https:\\\/\\\/www.1tool.com\\\/es\\\/#\\\/schema\\\/logo\\\/image\\\/\"}}]}<\/script>\n<!-- \/ Yoast SEO plugin. -->","yoast_head_json":{"title":"Contabilizaciones de inventario\/correcci\u00f3n - 1Tool","robots":{"index":"index","follow":"follow","max-snippet":"max-snippet:-1","max-image-preview":"max-image-preview:large","max-video-preview":"max-video-preview:-1"},"canonical":"https:\/\/www.1tool.com\/es\/modulos\/gestion-de-mercancias-y-tienda\/gestion-de-almacenes\/funciones-del-modulo-de-gestion-de-almacenes\/contabilizaciones-de-inventario-correccion\/","og_locale":"es_ES","og_type":"article","og_title":"Contabilizaciones de inventario\/correcci\u00f3n - 1Tool","og_description":"Contabilizaciones de inventario\/correcci\u00f3n Utiliza el Diario de 1Tool para comprobar todas las entradas y salidas de mercanc\u00edas. Todos los procesos del almac\u00e9n de un vistazo El diario de gesti\u00f3n de mercanc\u00edas proporciona una lista clara de tus compras, ventas y contabilizaciones de correcci\u00f3n por fecha. Puedes comprobar exactamente qu\u00e9 productos, cantidades y existencias estaban implicados [&hellip;]","og_url":"https:\/\/www.1tool.com\/es\/modulos\/gestion-de-mercancias-y-tienda\/gestion-de-almacenes\/funciones-del-modulo-de-gestion-de-almacenes\/contabilizaciones-de-inventario-correccion\/","og_site_name":"1Tool","article_modified_time":"2026-05-04T12:43:29+00:00","twitter_card":"summary_large_image","twitter_misc":{"Tiempo de lectura":"1 minuto"},"schema":{"@context":"https:\/\/schema.org","@graph":[{"@type":"WebPage","@id":"https:\/\/www.1tool.com\/es\/modulos\/gestion-de-mercancias-y-tienda\/gestion-de-almacenes\/funciones-del-modulo-de-gestion-de-almacenes\/contabilizaciones-de-inventario-correccion\/","url":"https:\/\/www.1tool.com\/es\/modulos\/gestion-de-mercancias-y-tienda\/gestion-de-almacenes\/funciones-del-modulo-de-gestion-de-almacenes\/contabilizaciones-de-inventario-correccion\/","name":"Contabilizaciones de inventario\/correcci\u00f3n - 1Tool","isPartOf":{"@id":"https:\/\/www.1tool.com\/es\/#website"},"datePublished":"2022-03-30T16:08:52+00:00","dateModified":"2026-05-04T12:43:29+00:00","breadcrumb":{"@id":"https:\/\/www.1tool.com\/es\/modulos\/gestion-de-mercancias-y-tienda\/gestion-de-almacenes\/funciones-del-modulo-de-gestion-de-almacenes\/contabilizaciones-de-inventario-correccion\/#breadcrumb"},"inLanguage":"es","potentialAction":[{"@type":"ReadAction","target":["https:\/\/www.1tool.com\/es\/modulos\/gestion-de-mercancias-y-tienda\/gestion-de-almacenes\/funciones-del-modulo-de-gestion-de-almacenes\/contabilizaciones-de-inventario-correccion\/"]}]},{"@type":"BreadcrumbList","@id":"https:\/\/www.1tool.com\/es\/modulos\/gestion-de-mercancias-y-tienda\/gestion-de-almacenes\/funciones-del-modulo-de-gestion-de-almacenes\/contabilizaciones-de-inventario-correccion\/#breadcrumb","itemListElement":[{"@type":"ListItem","position":1,"name":"Home","item":"https:\/\/www.1tool.com\/es\/"},{"@type":"ListItem","position":2,"name":"M\u00f3dulos","item":"https:\/\/www.1tool.com\/es\/modulos\/"},{"@type":"ListItem","position":3,"name":"Gesti\u00f3n de mercanc\u00edas y tienda","item":"https:\/\/www.1tool.com\/es\/modulos\/gestion-de-mercancias-y-tienda\/"},{"@type":"ListItem","position":4,"name":"Gesti\u00f3n de almacenes","item":"https:\/\/www.1tool.com\/es\/modulos\/gestion-de-mercancias-y-tienda\/gestion-de-almacenes\/"},{"@type":"ListItem","position":5,"name":"Funciones del m\u00f3dulo de gesti\u00f3n de almacenes","item":"https:\/\/www.1tool.com\/es\/modulos\/gestion-de-mercancias-y-tienda\/gestion-de-almacenes\/funciones-del-modulo-de-gestion-de-almacenes\/"},{"@type":"ListItem","position":6,"name":"Contabilizaciones de inventario\/correcci\u00f3n"}]},{"@type":"WebSite","@id":"https:\/\/www.1tool.com\/es\/#website","url":"https:\/\/www.1tool.com\/es\/","name":"1Tool","description":"CRM","publisher":{"@id":"https:\/\/www.1tool.com\/es\/#organization"},"potentialAction":[{"@type":"SearchAction","target":{"@type":"EntryPoint","urlTemplate":"https:\/\/www.1tool.com\/es\/?s={search_term_string}"},"query-input":{"@type":"PropertyValueSpecification","valueRequired":true,"valueName":"search_term_string"}}],"inLanguage":"es"},{"@type":"Organization","@id":"https:\/\/www.1tool.com\/es\/#organization","name":"1Tool","url":"https:\/\/www.1tool.com\/es\/","logo":{"@type":"ImageObject","inLanguage":"es","@id":"https:\/\/www.1tool.com\/es\/#\/schema\/logo\/image\/","url":"https:\/\/www.1tool.com\/wp-content\/uploads\/2022\/04\/1tool-1.png","contentUrl":"https:\/\/www.1tool.com\/wp-content\/uploads\/2022\/04\/1tool-1.png","width":400,"height":150,"caption":"1Tool"},"image":{"@id":"https:\/\/www.1tool.com\/es\/#\/schema\/logo\/image\/"}}]}},"_links":{"self":[{"href":"https:\/\/www.1tool.com\/es\/wp-json\/wp\/v2\/pages\/74582","targetHints":{"allow":["GET"]}}],"collection":[{"href":"https:\/\/www.1tool.com\/es\/wp-json\/wp\/v2\/pages"}],"about":[{"href":"https:\/\/www.1tool.com\/es\/wp-json\/wp\/v2\/types\/page"}],"author":[{"embeddable":true,"href":"https:\/\/www.1tool.com\/es\/wp-json\/wp\/v2\/users\/1"}],"replies":[{"embeddable":true,"href":"https:\/\/www.1tool.com\/es\/wp-json\/wp\/v2\/comments?post=74582"}],"version-history":[{"count":1,"href":"https:\/\/www.1tool.com\/es\/wp-json\/wp\/v2\/pages\/74582\/revisions"}],"predecessor-version":[{"id":74584,"href":"https:\/\/www.1tool.com\/es\/wp-json\/wp\/v2\/pages\/74582\/revisions\/74584"}],"up":[{"embeddable":true,"href":"https:\/\/www.1tool.com\/es\/wp-json\/wp\/v2\/pages\/76075"}],"wp:attachment":[{"href":"https:\/\/www.1tool.com\/es\/wp-json\/wp\/v2\/media?parent=74582"}],"curies":[{"name":"wp","href":"https:\/\/api.w.org\/{rel}","templated":true}]}}