{"id":74585,"date":"2022-03-30T18:05:57","date_gmt":"2022-03-30T16:05:57","guid":{"rendered":"https:\/\/www.1tool.com\/gestion-de-productos\/"},"modified":"2026-05-04T14:43:35","modified_gmt":"2026-05-04T12:43:35","slug":"gestion-de-productos","status":"publish","type":"page","link":"https:\/\/www.1tool.com\/es\/modulos\/gestion-de-mercancias-y-tienda\/productos\/funciones-del-modulo-de-producto\/gestion-de-productos\/","title":{"rendered":"Gesti\u00f3n de productos"},"content":{"rendered":"\t\t<div data-elementor-type=\"wp-page\" data-elementor-id=\"74585\" class=\"elementor elementor-74585 elementor-49345\" data-elementor-post-type=\"page\">\n\t\t\t\t\t\t<section class=\"elementor-section elementor-top-section elementor-element elementor-element-44708eb elementor-section-boxed elementor-section-height-default elementor-section-height-default shadepro-adv-gradient-no shadepro-sticky-no\" data-id=\"44708eb\" data-element_type=\"section\" data-e-type=\"section\" data-settings=\"{&quot;shadepro_sticky&quot;:&quot;no&quot;}\">\n\t\t\t\t\t\t<div class=\"elementor-container elementor-column-gap-default\">\n\t\t\t\t\t<div class=\"elementor-column elementor-col-100 elementor-top-column elementor-element elementor-element-10972f2\" data-id=\"10972f2\" data-element_type=\"column\" data-e-type=\"column\">\n\t\t\t<div class=\"elementor-widget-wrap elementor-element-populated\">\n\t\t\t\t\t\t<div class=\"elementor-element elementor-element-d7bd610 shadepro-sticky-no elementor-widget elementor-widget-heading\" data-id=\"d7bd610\" data-element_type=\"widget\" data-e-type=\"widget\" data-settings=\"{&quot;shadepro_sticky&quot;:&quot;no&quot;}\" data-widget_type=\"heading.default\">\n\t\t\t\t<div class=\"elementor-widget-container\">\n\t\t\t\t\t<h1 class=\"elementor-heading-title elementor-size-default\">Gesti\u00f3n de productos<\/h1>\t\t\t\t<\/div>\n\t\t\t\t<\/div>\n\t\t\t\t<div class=\"elementor-element elementor-element-5cd0993 shadepro-sticky-no elementor-widget elementor-widget-text-editor\" data-id=\"5cd0993\" data-element_type=\"widget\" data-e-type=\"widget\" data-settings=\"{&quot;shadepro_sticky&quot;:&quot;no&quot;}\" data-widget_type=\"text-editor.default\">\n\t\t\t\t<div class=\"elementor-widget-container\">\n\t\t\t\t\t\t\t\t\t<p>La gesti\u00f3n de productos de 1Tool apoya la compra y venta de bienes y productos de suscripci\u00f3n.<\/p>\t\t\t\t\t\t\t\t<\/div>\n\t\t\t\t<\/div>\n\t\t\t\t<section class=\"elementor-section elementor-inner-section elementor-element elementor-element-e8e914c elementor-section-boxed elementor-section-height-default elementor-section-height-default shadepro-adv-gradient-no shadepro-sticky-no\" data-id=\"e8e914c\" data-element_type=\"section\" data-e-type=\"section\" data-settings=\"{&quot;shadepro_sticky&quot;:&quot;no&quot;}\">\n\t\t\t\t\t\t<div class=\"elementor-container elementor-column-gap-default\">\n\t\t\t\t\t<div class=\"elementor-column elementor-col-100 elementor-inner-column elementor-element elementor-element-27fc5d2\" data-id=\"27fc5d2\" data-element_type=\"column\" data-e-type=\"column\">\n\t\t\t<div class=\"elementor-widget-wrap elementor-element-populated\">\n\t\t\t\t\t\t<div class=\"elementor-element elementor-element-82d65e9 shadepro-sticky-no elementor-widget elementor-widget-text-editor\" data-id=\"82d65e9\" data-element_type=\"widget\" data-e-type=\"widget\" data-settings=\"{&quot;shadepro_sticky&quot;:&quot;no&quot;}\" data-widget_type=\"text-editor.default\">\n\t\t\t\t<div class=\"elementor-widget-container\">\n\t\t\t\t\t\t\t\t\t<h3>Gesti\u00f3n profesional de productos como base de ventas<\/h3><p>1Tool incluye una completa soluci\u00f3n de gesti\u00f3n de productos con la que puedes gestionar de forma \u00f3ptima tus productos y grupos de productos. Como pieza central del software de ventas, el Gestor de Productos de 1Tool desempe\u00f1a un papel fundamental en la empresa: aqu\u00ed se crean las descripciones de los productos y servicios, se cargan las im\u00e1genes de los productos y se definen los precios y las condiciones de entrega. El objetivo no s\u00f3lo debe ser crear un cat\u00e1logo de productos completo, los datos de la gesti\u00f3n de productos tambi\u00e9n sirven como base fundamental para los dem\u00e1s m\u00f3dulos del software CRM, ya sea para la creaci\u00f3n de facturas, pedidos o la administraci\u00f3n del sistema de gesti\u00f3n de mercanc\u00edas.  <\/p><h3>Potente software de gesti\u00f3n de productos<\/h3><p>Utilizando un software de gesti\u00f3n de productos como 1Tool, puedes estructurar y organizar la gesti\u00f3n de tus productos. Cada una de tus mercanc\u00edas tiene su propia ficha digital de producto en la que puedes introducir precios, divisas, tipos impositivos, datos t\u00e9cnicos (peso, dimensiones, etc.) y descripciones de producto orientadas al cliente. Gracias al acceso basado en web a 1Tool Gesti\u00f3n de Productos, los empleados tienen acceso a los datos actualizados de los productos en cualquier momento y lugar. No s\u00f3lo los empleados de ventas se benefician del software de gesti\u00f3n de productos, sino que tambi\u00e9n los empleados de marketing o atenci\u00f3n al cliente pueden responder mejor a las peticiones de los clientes o a las preguntas sobre productos en campa\u00f1as publicitarias o consultas de soporte.   <\/p><h4>Gestionar productos con la funci\u00f3n de suscripci\u00f3n<\/h4><p>La funci\u00f3n de suscripci\u00f3n de 1Tool Gesti\u00f3n de Productos tambi\u00e9n te permite gestionar productos recurrentes, como contratos de mantenimiento o productos de suscripci\u00f3n, de forma f\u00e1cil y c\u00f3moda. Puedes definir individualmente el periodo de entrega de tus productos, ya sea mensual, anual o trimestral. <\/p><p>Adem\u00e1s, el software de gesti\u00f3n de productos tambi\u00e9n permite la creaci\u00f3n de los llamados productos combinados, de modo que tambi\u00e9n se pueden gestionar f\u00e1cilmente conjuntos o paquetes.<\/p><h4>Amplios an\u00e1lisis de productos<\/h4><p>1Tool no s\u00f3lo te permite gestionar productos, el software de gesti\u00f3n de productos CRM tambi\u00e9n facilita la creaci\u00f3n de an\u00e1lisis de ventas de productos y objetivos de ventas. Gracias a los informes automatizados, puedes reconocer de un vistazo tus productos m\u00e1s vendidos e impulsarlos m\u00e1s en tus campa\u00f1as de marketing. <\/p><h3>Otras ventajas de la gesti\u00f3n de productos 1Tool<\/h3><ul><li>Integraci\u00f3n de la gesti\u00f3n de productos en tu tienda online<\/li><li>Gesti\u00f3n clara de los productos gracias a los grupos de productos<\/li><li>Posibilidad de multiling\u00fcismo y traducciones de productos para ventas internacionales<\/li><li>Los descuentos, tipos impositivos, etc. pueden definirse individualmente para cada producto<\/li><li>Importaci\u00f3n\/exportaci\u00f3n sencilla de productos desde archivos Excel<\/li><li>Almacenamiento de cantidades disponibles, ubicaciones de almac\u00e9n y niveles m\u00ednimos de existencias para la gesti\u00f3n de mercanc\u00edas<\/li><li>Estado individual de los productos para diferentes plataformas (activo, inactivo, acci\u00f3n, etc.)<\/li><li>Posibilidad de generar c\u00f3digos QR<\/li><\/ul><p>Para que conozcas mejor las funciones de nuestra gesti\u00f3n de productos 1Tool, tienes la oportunidad de probar el software gratuitamente. \u00a1Conv\u00e9ncete de sus numerosas ventajas! <\/p><p><a href=\"https:\/\/demo.1tool.com\/de\">Prueba gratuitamente la gesti\u00f3n del producto<\/a>.<\/p>\t\t\t\t\t\t\t\t<\/div>\n\t\t\t\t<\/div>\n\t\t\t\t\t<\/div>\n\t\t<\/div>\n\t\t\t\t\t<\/div>\n\t\t<\/section>\n\t\t\t\t\t<\/div>\n\t\t<\/div>\n\t\t\t\t\t<\/div>\n\t\t<\/section>\n\t\t\t\t<\/div>\n\t\t","protected":false},"excerpt":{"rendered":"<p>Gesti\u00f3n de productos La gesti\u00f3n de productos de 1Tool apoya la compra y venta de bienes y productos de suscripci\u00f3n. Gesti\u00f3n profesional de productos como base de ventas 1Tool incluye una completa soluci\u00f3n de gesti\u00f3n de productos con la que puedes gestionar de forma \u00f3ptima tus productos y grupos de productos. Como pieza central del [&hellip;]<\/p>\n","protected":false},"author":1,"featured_media":0,"parent":76077,"menu_order":0,"comment_status":"closed","ping_status":"closed","template":"","meta":{"inline_featured_image":false,"footnotes":""},"class_list":["post-74585","page","type-page","status-publish","hentry"],"acf":[],"yoast_head":"<!-- This site is optimized with the Yoast SEO plugin v27.5 - https:\/\/yoast.com\/product\/yoast-seo-wordpress\/ -->\n<title>Gesti\u00f3n de productos - 1Tool<\/title>\n<meta name=\"robots\" content=\"index, follow, max-snippet:-1, max-image-preview:large, max-video-preview:-1\" \/>\n<link rel=\"canonical\" href=\"https:\/\/www.1tool.com\/es\/modulos\/gestion-de-mercancias-y-tienda\/productos\/funciones-del-modulo-de-producto\/gestion-de-productos\/\" \/>\n<meta property=\"og:locale\" content=\"es_ES\" \/>\n<meta property=\"og:type\" content=\"article\" \/>\n<meta property=\"og:title\" content=\"Gesti\u00f3n de productos - 1Tool\" \/>\n<meta property=\"og:description\" content=\"Gesti\u00f3n de productos La gesti\u00f3n de productos de 1Tool apoya la compra y venta de bienes y productos de suscripci\u00f3n. Gesti\u00f3n profesional de productos como base de ventas 1Tool incluye una completa soluci\u00f3n de gesti\u00f3n de productos con la que puedes gestionar de forma \u00f3ptima tus productos y grupos de productos. Como pieza central del [&hellip;]\" \/>\n<meta property=\"og:url\" content=\"https:\/\/www.1tool.com\/es\/modulos\/gestion-de-mercancias-y-tienda\/productos\/funciones-del-modulo-de-producto\/gestion-de-productos\/\" \/>\n<meta property=\"og:site_name\" content=\"1Tool\" \/>\n<meta property=\"article:modified_time\" content=\"2026-05-04T12:43:35+00:00\" \/>\n<meta name=\"twitter:card\" content=\"summary_large_image\" \/>\n<meta name=\"twitter:label1\" content=\"Tiempo de lectura\" \/>\n\t<meta name=\"twitter:data1\" content=\"3 minutos\" \/>\n<script type=\"application\/ld+json\" class=\"yoast-schema-graph\">{\"@context\":\"https:\\\/\\\/schema.org\",\"@graph\":[{\"@type\":\"WebPage\",\"@id\":\"https:\\\/\\\/www.1tool.com\\\/es\\\/modulos\\\/gestion-de-mercancias-y-tienda\\\/productos\\\/funciones-del-modulo-de-producto\\\/gestion-de-productos\\\/\",\"url\":\"https:\\\/\\\/www.1tool.com\\\/es\\\/modulos\\\/gestion-de-mercancias-y-tienda\\\/productos\\\/funciones-del-modulo-de-producto\\\/gestion-de-productos\\\/\",\"name\":\"Gesti\u00f3n de productos - 1Tool\",\"isPartOf\":{\"@id\":\"https:\\\/\\\/www.1tool.com\\\/es\\\/#website\"},\"datePublished\":\"2022-03-30T16:05:57+00:00\",\"dateModified\":\"2026-05-04T12:43:35+00:00\",\"breadcrumb\":{\"@id\":\"https:\\\/\\\/www.1tool.com\\\/es\\\/modulos\\\/gestion-de-mercancias-y-tienda\\\/productos\\\/funciones-del-modulo-de-producto\\\/gestion-de-productos\\\/#breadcrumb\"},\"inLanguage\":\"es\",\"potentialAction\":[{\"@type\":\"ReadAction\",\"target\":[\"https:\\\/\\\/www.1tool.com\\\/es\\\/modulos\\\/gestion-de-mercancias-y-tienda\\\/productos\\\/funciones-del-modulo-de-producto\\\/gestion-de-productos\\\/\"]}]},{\"@type\":\"BreadcrumbList\",\"@id\":\"https:\\\/\\\/www.1tool.com\\\/es\\\/modulos\\\/gestion-de-mercancias-y-tienda\\\/productos\\\/funciones-del-modulo-de-producto\\\/gestion-de-productos\\\/#breadcrumb\",\"itemListElement\":[{\"@type\":\"ListItem\",\"position\":1,\"name\":\"Home\",\"item\":\"https:\\\/\\\/www.1tool.com\\\/es\\\/\"},{\"@type\":\"ListItem\",\"position\":2,\"name\":\"M\u00f3dulos\",\"item\":\"https:\\\/\\\/www.1tool.com\\\/es\\\/modulos\\\/\"},{\"@type\":\"ListItem\",\"position\":3,\"name\":\"Gesti\u00f3n de mercanc\u00edas y tienda\",\"item\":\"https:\\\/\\\/www.1tool.com\\\/es\\\/modulos\\\/gestion-de-mercancias-y-tienda\\\/\"},{\"@type\":\"ListItem\",\"position\":4,\"name\":\"Productos\",\"item\":\"https:\\\/\\\/www.1tool.com\\\/es\\\/modulos\\\/gestion-de-mercancias-y-tienda\\\/productos\\\/\"},{\"@type\":\"ListItem\",\"position\":5,\"name\":\"Funciones del m\u00f3dulo de producto\",\"item\":\"https:\\\/\\\/www.1tool.com\\\/es\\\/modulos\\\/gestion-de-mercancias-y-tienda\\\/productos\\\/funciones-del-modulo-de-producto\\\/\"},{\"@type\":\"ListItem\",\"position\":6,\"name\":\"Gesti\u00f3n de productos\"}]},{\"@type\":\"WebSite\",\"@id\":\"https:\\\/\\\/www.1tool.com\\\/es\\\/#website\",\"url\":\"https:\\\/\\\/www.1tool.com\\\/es\\\/\",\"name\":\"1Tool\",\"description\":\"CRM\",\"publisher\":{\"@id\":\"https:\\\/\\\/www.1tool.com\\\/es\\\/#organization\"},\"potentialAction\":[{\"@type\":\"SearchAction\",\"target\":{\"@type\":\"EntryPoint\",\"urlTemplate\":\"https:\\\/\\\/www.1tool.com\\\/es\\\/?s={search_term_string}\"},\"query-input\":{\"@type\":\"PropertyValueSpecification\",\"valueRequired\":true,\"valueName\":\"search_term_string\"}}],\"inLanguage\":\"es\"},{\"@type\":\"Organization\",\"@id\":\"https:\\\/\\\/www.1tool.com\\\/es\\\/#organization\",\"name\":\"1Tool\",\"url\":\"https:\\\/\\\/www.1tool.com\\\/es\\\/\",\"logo\":{\"@type\":\"ImageObject\",\"inLanguage\":\"es\",\"@id\":\"https:\\\/\\\/www.1tool.com\\\/es\\\/#\\\/schema\\\/logo\\\/image\\\/\",\"url\":\"https:\\\/\\\/www.1tool.com\\\/wp-content\\\/uploads\\\/2022\\\/04\\\/1tool-1.png\",\"contentUrl\":\"https:\\\/\\\/www.1tool.com\\\/wp-content\\\/uploads\\\/2022\\\/04\\\/1tool-1.png\",\"width\":400,\"height\":150,\"caption\":\"1Tool\"},\"image\":{\"@id\":\"https:\\\/\\\/www.1tool.com\\\/es\\\/#\\\/schema\\\/logo\\\/image\\\/\"}}]}<\/script>\n<!-- \/ Yoast SEO plugin. -->","yoast_head_json":{"title":"Gesti\u00f3n de productos - 1Tool","robots":{"index":"index","follow":"follow","max-snippet":"max-snippet:-1","max-image-preview":"max-image-preview:large","max-video-preview":"max-video-preview:-1"},"canonical":"https:\/\/www.1tool.com\/es\/modulos\/gestion-de-mercancias-y-tienda\/productos\/funciones-del-modulo-de-producto\/gestion-de-productos\/","og_locale":"es_ES","og_type":"article","og_title":"Gesti\u00f3n de productos - 1Tool","og_description":"Gesti\u00f3n de productos La gesti\u00f3n de productos de 1Tool apoya la compra y venta de bienes y productos de suscripci\u00f3n. Gesti\u00f3n profesional de productos como base de ventas 1Tool incluye una completa soluci\u00f3n de gesti\u00f3n de productos con la que puedes gestionar de forma \u00f3ptima tus productos y grupos de productos. Como pieza central del [&hellip;]","og_url":"https:\/\/www.1tool.com\/es\/modulos\/gestion-de-mercancias-y-tienda\/productos\/funciones-del-modulo-de-producto\/gestion-de-productos\/","og_site_name":"1Tool","article_modified_time":"2026-05-04T12:43:35+00:00","twitter_card":"summary_large_image","twitter_misc":{"Tiempo de lectura":"3 minutos"},"schema":{"@context":"https:\/\/schema.org","@graph":[{"@type":"WebPage","@id":"https:\/\/www.1tool.com\/es\/modulos\/gestion-de-mercancias-y-tienda\/productos\/funciones-del-modulo-de-producto\/gestion-de-productos\/","url":"https:\/\/www.1tool.com\/es\/modulos\/gestion-de-mercancias-y-tienda\/productos\/funciones-del-modulo-de-producto\/gestion-de-productos\/","name":"Gesti\u00f3n de productos - 1Tool","isPartOf":{"@id":"https:\/\/www.1tool.com\/es\/#website"},"datePublished":"2022-03-30T16:05:57+00:00","dateModified":"2026-05-04T12:43:35+00:00","breadcrumb":{"@id":"https:\/\/www.1tool.com\/es\/modulos\/gestion-de-mercancias-y-tienda\/productos\/funciones-del-modulo-de-producto\/gestion-de-productos\/#breadcrumb"},"inLanguage":"es","potentialAction":[{"@type":"ReadAction","target":["https:\/\/www.1tool.com\/es\/modulos\/gestion-de-mercancias-y-tienda\/productos\/funciones-del-modulo-de-producto\/gestion-de-productos\/"]}]},{"@type":"BreadcrumbList","@id":"https:\/\/www.1tool.com\/es\/modulos\/gestion-de-mercancias-y-tienda\/productos\/funciones-del-modulo-de-producto\/gestion-de-productos\/#breadcrumb","itemListElement":[{"@type":"ListItem","position":1,"name":"Home","item":"https:\/\/www.1tool.com\/es\/"},{"@type":"ListItem","position":2,"name":"M\u00f3dulos","item":"https:\/\/www.1tool.com\/es\/modulos\/"},{"@type":"ListItem","position":3,"name":"Gesti\u00f3n de mercanc\u00edas y tienda","item":"https:\/\/www.1tool.com\/es\/modulos\/gestion-de-mercancias-y-tienda\/"},{"@type":"ListItem","position":4,"name":"Productos","item":"https:\/\/www.1tool.com\/es\/modulos\/gestion-de-mercancias-y-tienda\/productos\/"},{"@type":"ListItem","position":5,"name":"Funciones del m\u00f3dulo de producto","item":"https:\/\/www.1tool.com\/es\/modulos\/gestion-de-mercancias-y-tienda\/productos\/funciones-del-modulo-de-producto\/"},{"@type":"ListItem","position":6,"name":"Gesti\u00f3n de productos"}]},{"@type":"WebSite","@id":"https:\/\/www.1tool.com\/es\/#website","url":"https:\/\/www.1tool.com\/es\/","name":"1Tool","description":"CRM","publisher":{"@id":"https:\/\/www.1tool.com\/es\/#organization"},"potentialAction":[{"@type":"SearchAction","target":{"@type":"EntryPoint","urlTemplate":"https:\/\/www.1tool.com\/es\/?s={search_term_string}"},"query-input":{"@type":"PropertyValueSpecification","valueRequired":true,"valueName":"search_term_string"}}],"inLanguage":"es"},{"@type":"Organization","@id":"https:\/\/www.1tool.com\/es\/#organization","name":"1Tool","url":"https:\/\/www.1tool.com\/es\/","logo":{"@type":"ImageObject","inLanguage":"es","@id":"https:\/\/www.1tool.com\/es\/#\/schema\/logo\/image\/","url":"https:\/\/www.1tool.com\/wp-content\/uploads\/2022\/04\/1tool-1.png","contentUrl":"https:\/\/www.1tool.com\/wp-content\/uploads\/2022\/04\/1tool-1.png","width":400,"height":150,"caption":"1Tool"},"image":{"@id":"https:\/\/www.1tool.com\/es\/#\/schema\/logo\/image\/"}}]}},"_links":{"self":[{"href":"https:\/\/www.1tool.com\/es\/wp-json\/wp\/v2\/pages\/74585","targetHints":{"allow":["GET"]}}],"collection":[{"href":"https:\/\/www.1tool.com\/es\/wp-json\/wp\/v2\/pages"}],"about":[{"href":"https:\/\/www.1tool.com\/es\/wp-json\/wp\/v2\/types\/page"}],"author":[{"embeddable":true,"href":"https:\/\/www.1tool.com\/es\/wp-json\/wp\/v2\/users\/1"}],"replies":[{"embeddable":true,"href":"https:\/\/www.1tool.com\/es\/wp-json\/wp\/v2\/comments?post=74585"}],"version-history":[{"count":1,"href":"https:\/\/www.1tool.com\/es\/wp-json\/wp\/v2\/pages\/74585\/revisions"}],"predecessor-version":[{"id":74587,"href":"https:\/\/www.1tool.com\/es\/wp-json\/wp\/v2\/pages\/74585\/revisions\/74587"}],"up":[{"embeddable":true,"href":"https:\/\/www.1tool.com\/es\/wp-json\/wp\/v2\/pages\/76077"}],"wp:attachment":[{"href":"https:\/\/www.1tool.com\/es\/wp-json\/wp\/v2\/media?parent=74585"}],"curies":[{"name":"wp","href":"https:\/\/api.w.org\/{rel}","templated":true}]}}