{"id":74586,"date":"2022-03-30T15:00:05","date_gmt":"2022-03-30T13:00:05","guid":{"rendered":"https:\/\/www.1tool.com\/plan-de-visitas\/"},"modified":"2026-05-04T14:43:48","modified_gmt":"2026-05-04T12:43:48","slug":"plan-de-visitas","status":"publish","type":"page","link":"https:\/\/www.1tool.com\/es\/modulos\/organizacion-y-servicio\/calendario\/funciones-modulo-calendario\/plan-de-visitas\/","title":{"rendered":"Plan de visitas"},"content":{"rendered":"\t\t<div data-elementor-type=\"wp-page\" data-elementor-id=\"74586\" class=\"elementor elementor-74586 elementor-49258\" data-elementor-post-type=\"page\">\n\t\t\t\t\t\t<section class=\"elementor-section elementor-top-section elementor-element elementor-element-a4920be elementor-section-boxed elementor-section-height-default elementor-section-height-default shadepro-adv-gradient-no shadepro-sticky-no\" data-id=\"a4920be\" data-element_type=\"section\" data-e-type=\"section\" data-settings=\"{&quot;shadepro_sticky&quot;:&quot;no&quot;}\">\n\t\t\t\t\t\t<div class=\"elementor-container elementor-column-gap-default\">\n\t\t\t\t\t<div class=\"elementor-column elementor-col-100 elementor-top-column elementor-element elementor-element-d7626a1\" data-id=\"d7626a1\" data-element_type=\"column\" data-e-type=\"column\">\n\t\t\t<div class=\"elementor-widget-wrap elementor-element-populated\">\n\t\t\t\t\t\t<div class=\"elementor-element elementor-element-a08b73a shadepro-sticky-no elementor-widget elementor-widget-heading\" data-id=\"a08b73a\" data-element_type=\"widget\" data-e-type=\"widget\" data-settings=\"{&quot;shadepro_sticky&quot;:&quot;no&quot;}\" data-widget_type=\"heading.default\">\n\t\t\t\t<div class=\"elementor-widget-container\">\n\t\t\t\t\t<h1 class=\"elementor-heading-title elementor-size-default\">Plan de visitas<\/h1>\t\t\t\t<\/div>\n\t\t\t\t<\/div>\n\t\t\t\t<div class=\"elementor-element elementor-element-c7836d6 shadepro-sticky-no elementor-widget elementor-widget-text-editor\" data-id=\"c7836d6\" data-element_type=\"widget\" data-e-type=\"widget\" data-settings=\"{&quot;shadepro_sticky&quot;:&quot;no&quot;}\" data-widget_type=\"text-editor.default\">\n\t\t\t\t<div class=\"elementor-widget-container\">\n\t\t\t\t\t\t\t\t\t<p>1Tool &#8211; El software CRM para planificar visitas online con \u00e9xito en el servicio externo<\/p>\t\t\t\t\t\t\t\t<\/div>\n\t\t\t\t<\/div>\n\t\t\t\t<section class=\"elementor-section elementor-inner-section elementor-element elementor-element-3eecf8b elementor-section-boxed elementor-section-height-default elementor-section-height-default shadepro-adv-gradient-no shadepro-sticky-no\" data-id=\"3eecf8b\" data-element_type=\"section\" data-e-type=\"section\" data-settings=\"{&quot;shadepro_sticky&quot;:&quot;no&quot;}\">\n\t\t\t\t\t\t<div class=\"elementor-container elementor-column-gap-default\">\n\t\t\t\t\t<div class=\"elementor-column elementor-col-100 elementor-inner-column elementor-element elementor-element-cb0b766\" data-id=\"cb0b766\" data-element_type=\"column\" data-e-type=\"column\">\n\t\t\t<div class=\"elementor-widget-wrap elementor-element-populated\">\n\t\t\t\t\t\t<div class=\"elementor-element elementor-element-387c559 shadepro-sticky-no elementor-widget elementor-widget-text-editor\" data-id=\"387c559\" data-element_type=\"widget\" data-e-type=\"widget\" data-settings=\"{&quot;shadepro_sticky&quot;:&quot;no&quot;}\" data-widget_type=\"text-editor.default\">\n\t\t\t\t<div class=\"elementor-widget-container\">\n\t\t\t\t\t\t\t\t\t<h3>Software de planificaci\u00f3n de visitas y gesti\u00f3n de servicios de campo<\/h3><p>El software de ventas 1Tool dispone de numerosas funciones para optimizar la planificaci\u00f3n de las visitas y citas con los clientes. Te beneficias de \u00e1reas de actuaci\u00f3n transparentes, una planificaci\u00f3n precisa del tiempo y un importante ahorro de kil\u00f3metros. Por parte del cliente, tambi\u00e9n puedes evitar las visitas perdidas y conseguir un alto nivel de cumplimiento de las citas con los clientes. Con nuestra planificaci\u00f3n profesional de visitas de 1Tool, te ofrecemos una herramienta integral con la que podr\u00e1s adaptar de forma \u00f3ptima tus actividades de venta a toda la estructura de tu fuerza de ventas.   <\/p><div class=\"wp-block-spacer\" aria-hidden=\"true\"> <\/div><h3>Planificaci\u00f3n eficaz de citas y visitas<\/h3><p>Para una planificaci\u00f3n optimizada de tus visitas y citas de ventas, 1Tool te proporciona un mapa de contactos integrado. La planificaci\u00f3n de tus visitas y los datos de tus contactos se visualizan en este mapa para que pueda organizar autom\u00e1ticamente tus visitas a clientes. El mapa de GoogleMaps est\u00e1 directamente vinculado a tu gesti\u00f3n de contactos y se genera din\u00e1micamente. Por tanto, no es necesario introducir manualmente los datos GPS, ya que tus contactos se muestran autom\u00e1ticamente en el mapa de contactos bas\u00e1ndose en los datos de direcci\u00f3n almacenados (calle, n\u00famero de casa, c\u00f3digo postal, ciudad, etc.).   <\/p><p> <\/p><h4>Planificaci\u00f3n de visitas con 1Tool (b\u00fasqueda de rutas) por proximidad<\/h4><p>Gracias a la b\u00fasqueda por radio o radio de ruta, siempre tendr\u00e1s una visi\u00f3n general de la regi\u00f3n en la que se encuentran tus clientes, socios o proveedores. Cada contacto se muestra como un punto individual en el mapa de contactos de 1Tool, lo que te permite planificar con precisi\u00f3n tus visitas comerciales. <\/p><p><strong>As\u00ed es como funciona la planificaci\u00f3n de visitas de 1Tool: <\/strong>seleccionas el grupo o grupos de contactos deseados para tu visita comercial (por ejemplo, clientes, clientes A, socios, etc.) y luego defines una ubicaci\u00f3n concreta o una ruta espec\u00edfica de A a B. Utiliza el radio para definir el radio exacto en el que tus contactos deben aparecer en el mapa. Con s\u00f3lo pulsar un bot\u00f3n, el mapa te muestra cu\u00e1ntos de tus contactos se encuentran en las proximidades, para que puedas determinar claramente la ruta m\u00e1s corta y mejor para las visitas de tus clientes. <\/p><p>Evita las rutas innecesarias con la planificaci\u00f3n de visitas de 1Tool y crea la ruta \u00f3ptima para tus citas de ventas: no s\u00f3lo ahorrar\u00e1s un tiempo importante, sino que tambi\u00e9n podr\u00e1s optimizar significativamente tu gesti\u00f3n de las relaciones con los clientes gracias a una mejor preparaci\u00f3n de las reuniones.<\/p>\t\t\t\t\t\t\t\t<\/div>\n\t\t\t\t<\/div>\n\t\t\t\t\t<\/div>\n\t\t<\/div>\n\t\t\t\t\t<\/div>\n\t\t<\/section>\n\t\t\t\t\t<\/div>\n\t\t<\/div>\n\t\t\t\t\t<\/div>\n\t\t<\/section>\n\t\t\t\t<\/div>\n\t\t","protected":false},"excerpt":{"rendered":"<p>Plan de visitas 1Tool &#8211; El software CRM para planificar visitas online con \u00e9xito en el servicio externo Software de planificaci\u00f3n de visitas y gesti\u00f3n de servicios de campo El software de ventas 1Tool dispone de numerosas funciones para optimizar la planificaci\u00f3n de las visitas y citas con los clientes. Te beneficias de \u00e1reas de [&hellip;]<\/p>\n","protected":false},"author":1,"featured_media":0,"parent":76083,"menu_order":0,"comment_status":"closed","ping_status":"closed","template":"","meta":{"inline_featured_image":false,"footnotes":""},"class_list":["post-74586","page","type-page","status-publish","hentry"],"acf":[],"yoast_head":"<!-- This site is optimized with the Yoast SEO plugin v27.5 - https:\/\/yoast.com\/product\/yoast-seo-wordpress\/ -->\n<title>Plan de visitas - 1Tool<\/title>\n<meta name=\"robots\" content=\"index, follow, max-snippet:-1, max-image-preview:large, max-video-preview:-1\" \/>\n<link rel=\"canonical\" href=\"https:\/\/www.1tool.com\/es\/modulos\/organizacion-y-servicio\/calendario\/funciones-modulo-calendario\/plan-de-visitas\/\" \/>\n<meta property=\"og:locale\" content=\"es_ES\" \/>\n<meta property=\"og:type\" content=\"article\" \/>\n<meta property=\"og:title\" content=\"Plan de visitas - 1Tool\" \/>\n<meta property=\"og:description\" content=\"Plan de visitas 1Tool &#8211; El software CRM para planificar visitas online con \u00e9xito en el servicio externo Software de planificaci\u00f3n de visitas y gesti\u00f3n de servicios de campo El software de ventas 1Tool dispone de numerosas funciones para optimizar la planificaci\u00f3n de las visitas y citas con los clientes. Te beneficias de \u00e1reas de [&hellip;]\" \/>\n<meta property=\"og:url\" content=\"https:\/\/www.1tool.com\/es\/modulos\/organizacion-y-servicio\/calendario\/funciones-modulo-calendario\/plan-de-visitas\/\" \/>\n<meta property=\"og:site_name\" content=\"1Tool\" \/>\n<meta property=\"article:modified_time\" content=\"2026-05-04T12:43:48+00:00\" \/>\n<meta name=\"twitter:card\" content=\"summary_large_image\" \/>\n<meta name=\"twitter:label1\" content=\"Tiempo de lectura\" \/>\n\t<meta name=\"twitter:data1\" content=\"2 minutos\" \/>\n<script type=\"application\/ld+json\" class=\"yoast-schema-graph\">{\"@context\":\"https:\\\/\\\/schema.org\",\"@graph\":[{\"@type\":\"WebPage\",\"@id\":\"https:\\\/\\\/www.1tool.com\\\/es\\\/modulos\\\/organizacion-y-servicio\\\/calendario\\\/funciones-modulo-calendario\\\/plan-de-visitas\\\/\",\"url\":\"https:\\\/\\\/www.1tool.com\\\/es\\\/modulos\\\/organizacion-y-servicio\\\/calendario\\\/funciones-modulo-calendario\\\/plan-de-visitas\\\/\",\"name\":\"Plan de visitas - 1Tool\",\"isPartOf\":{\"@id\":\"https:\\\/\\\/www.1tool.com\\\/es\\\/#website\"},\"datePublished\":\"2022-03-30T13:00:05+00:00\",\"dateModified\":\"2026-05-04T12:43:48+00:00\",\"breadcrumb\":{\"@id\":\"https:\\\/\\\/www.1tool.com\\\/es\\\/modulos\\\/organizacion-y-servicio\\\/calendario\\\/funciones-modulo-calendario\\\/plan-de-visitas\\\/#breadcrumb\"},\"inLanguage\":\"es\",\"potentialAction\":[{\"@type\":\"ReadAction\",\"target\":[\"https:\\\/\\\/www.1tool.com\\\/es\\\/modulos\\\/organizacion-y-servicio\\\/calendario\\\/funciones-modulo-calendario\\\/plan-de-visitas\\\/\"]}]},{\"@type\":\"BreadcrumbList\",\"@id\":\"https:\\\/\\\/www.1tool.com\\\/es\\\/modulos\\\/organizacion-y-servicio\\\/calendario\\\/funciones-modulo-calendario\\\/plan-de-visitas\\\/#breadcrumb\",\"itemListElement\":[{\"@type\":\"ListItem\",\"position\":1,\"name\":\"Home\",\"item\":\"https:\\\/\\\/www.1tool.com\\\/es\\\/\"},{\"@type\":\"ListItem\",\"position\":2,\"name\":\"M\u00f3dulos\",\"item\":\"https:\\\/\\\/www.1tool.com\\\/es\\\/modulos\\\/\"},{\"@type\":\"ListItem\",\"position\":3,\"name\":\"Organizaci\u00f3n y Servicio\",\"item\":\"https:\\\/\\\/www.1tool.com\\\/es\\\/modulos\\\/organizacion-y-servicio\\\/\"},{\"@type\":\"ListItem\",\"position\":4,\"name\":\"Calendario\",\"item\":\"https:\\\/\\\/www.1tool.com\\\/es\\\/modulos\\\/organizacion-y-servicio\\\/calendario\\\/\"},{\"@type\":\"ListItem\",\"position\":5,\"name\":\"Funciones m\u00f3dulo calendario\",\"item\":\"https:\\\/\\\/www.1tool.com\\\/es\\\/modulos\\\/organizacion-y-servicio\\\/calendario\\\/funciones-modulo-calendario\\\/\"},{\"@type\":\"ListItem\",\"position\":6,\"name\":\"Plan de visitas\"}]},{\"@type\":\"WebSite\",\"@id\":\"https:\\\/\\\/www.1tool.com\\\/es\\\/#website\",\"url\":\"https:\\\/\\\/www.1tool.com\\\/es\\\/\",\"name\":\"1Tool\",\"description\":\"CRM\",\"publisher\":{\"@id\":\"https:\\\/\\\/www.1tool.com\\\/es\\\/#organization\"},\"potentialAction\":[{\"@type\":\"SearchAction\",\"target\":{\"@type\":\"EntryPoint\",\"urlTemplate\":\"https:\\\/\\\/www.1tool.com\\\/es\\\/?s={search_term_string}\"},\"query-input\":{\"@type\":\"PropertyValueSpecification\",\"valueRequired\":true,\"valueName\":\"search_term_string\"}}],\"inLanguage\":\"es\"},{\"@type\":\"Organization\",\"@id\":\"https:\\\/\\\/www.1tool.com\\\/es\\\/#organization\",\"name\":\"1Tool\",\"url\":\"https:\\\/\\\/www.1tool.com\\\/es\\\/\",\"logo\":{\"@type\":\"ImageObject\",\"inLanguage\":\"es\",\"@id\":\"https:\\\/\\\/www.1tool.com\\\/es\\\/#\\\/schema\\\/logo\\\/image\\\/\",\"url\":\"https:\\\/\\\/www.1tool.com\\\/wp-content\\\/uploads\\\/2022\\\/04\\\/1tool-1.png\",\"contentUrl\":\"https:\\\/\\\/www.1tool.com\\\/wp-content\\\/uploads\\\/2022\\\/04\\\/1tool-1.png\",\"width\":400,\"height\":150,\"caption\":\"1Tool\"},\"image\":{\"@id\":\"https:\\\/\\\/www.1tool.com\\\/es\\\/#\\\/schema\\\/logo\\\/image\\\/\"}}]}<\/script>\n<!-- \/ Yoast SEO plugin. -->","yoast_head_json":{"title":"Plan de visitas - 1Tool","robots":{"index":"index","follow":"follow","max-snippet":"max-snippet:-1","max-image-preview":"max-image-preview:large","max-video-preview":"max-video-preview:-1"},"canonical":"https:\/\/www.1tool.com\/es\/modulos\/organizacion-y-servicio\/calendario\/funciones-modulo-calendario\/plan-de-visitas\/","og_locale":"es_ES","og_type":"article","og_title":"Plan de visitas - 1Tool","og_description":"Plan de visitas 1Tool &#8211; El software CRM para planificar visitas online con \u00e9xito en el servicio externo Software de planificaci\u00f3n de visitas y gesti\u00f3n de servicios de campo El software de ventas 1Tool dispone de numerosas funciones para optimizar la planificaci\u00f3n de las visitas y citas con los clientes. Te beneficias de \u00e1reas de [&hellip;]","og_url":"https:\/\/www.1tool.com\/es\/modulos\/organizacion-y-servicio\/calendario\/funciones-modulo-calendario\/plan-de-visitas\/","og_site_name":"1Tool","article_modified_time":"2026-05-04T12:43:48+00:00","twitter_card":"summary_large_image","twitter_misc":{"Tiempo de lectura":"2 minutos"},"schema":{"@context":"https:\/\/schema.org","@graph":[{"@type":"WebPage","@id":"https:\/\/www.1tool.com\/es\/modulos\/organizacion-y-servicio\/calendario\/funciones-modulo-calendario\/plan-de-visitas\/","url":"https:\/\/www.1tool.com\/es\/modulos\/organizacion-y-servicio\/calendario\/funciones-modulo-calendario\/plan-de-visitas\/","name":"Plan de visitas - 1Tool","isPartOf":{"@id":"https:\/\/www.1tool.com\/es\/#website"},"datePublished":"2022-03-30T13:00:05+00:00","dateModified":"2026-05-04T12:43:48+00:00","breadcrumb":{"@id":"https:\/\/www.1tool.com\/es\/modulos\/organizacion-y-servicio\/calendario\/funciones-modulo-calendario\/plan-de-visitas\/#breadcrumb"},"inLanguage":"es","potentialAction":[{"@type":"ReadAction","target":["https:\/\/www.1tool.com\/es\/modulos\/organizacion-y-servicio\/calendario\/funciones-modulo-calendario\/plan-de-visitas\/"]}]},{"@type":"BreadcrumbList","@id":"https:\/\/www.1tool.com\/es\/modulos\/organizacion-y-servicio\/calendario\/funciones-modulo-calendario\/plan-de-visitas\/#breadcrumb","itemListElement":[{"@type":"ListItem","position":1,"name":"Home","item":"https:\/\/www.1tool.com\/es\/"},{"@type":"ListItem","position":2,"name":"M\u00f3dulos","item":"https:\/\/www.1tool.com\/es\/modulos\/"},{"@type":"ListItem","position":3,"name":"Organizaci\u00f3n y Servicio","item":"https:\/\/www.1tool.com\/es\/modulos\/organizacion-y-servicio\/"},{"@type":"ListItem","position":4,"name":"Calendario","item":"https:\/\/www.1tool.com\/es\/modulos\/organizacion-y-servicio\/calendario\/"},{"@type":"ListItem","position":5,"name":"Funciones m\u00f3dulo calendario","item":"https:\/\/www.1tool.com\/es\/modulos\/organizacion-y-servicio\/calendario\/funciones-modulo-calendario\/"},{"@type":"ListItem","position":6,"name":"Plan de visitas"}]},{"@type":"WebSite","@id":"https:\/\/www.1tool.com\/es\/#website","url":"https:\/\/www.1tool.com\/es\/","name":"1Tool","description":"CRM","publisher":{"@id":"https:\/\/www.1tool.com\/es\/#organization"},"potentialAction":[{"@type":"SearchAction","target":{"@type":"EntryPoint","urlTemplate":"https:\/\/www.1tool.com\/es\/?s={search_term_string}"},"query-input":{"@type":"PropertyValueSpecification","valueRequired":true,"valueName":"search_term_string"}}],"inLanguage":"es"},{"@type":"Organization","@id":"https:\/\/www.1tool.com\/es\/#organization","name":"1Tool","url":"https:\/\/www.1tool.com\/es\/","logo":{"@type":"ImageObject","inLanguage":"es","@id":"https:\/\/www.1tool.com\/es\/#\/schema\/logo\/image\/","url":"https:\/\/www.1tool.com\/wp-content\/uploads\/2022\/04\/1tool-1.png","contentUrl":"https:\/\/www.1tool.com\/wp-content\/uploads\/2022\/04\/1tool-1.png","width":400,"height":150,"caption":"1Tool"},"image":{"@id":"https:\/\/www.1tool.com\/es\/#\/schema\/logo\/image\/"}}]}},"_links":{"self":[{"href":"https:\/\/www.1tool.com\/es\/wp-json\/wp\/v2\/pages\/74586","targetHints":{"allow":["GET"]}}],"collection":[{"href":"https:\/\/www.1tool.com\/es\/wp-json\/wp\/v2\/pages"}],"about":[{"href":"https:\/\/www.1tool.com\/es\/wp-json\/wp\/v2\/types\/page"}],"author":[{"embeddable":true,"href":"https:\/\/www.1tool.com\/es\/wp-json\/wp\/v2\/users\/1"}],"replies":[{"embeddable":true,"href":"https:\/\/www.1tool.com\/es\/wp-json\/wp\/v2\/comments?post=74586"}],"version-history":[{"count":1,"href":"https:\/\/www.1tool.com\/es\/wp-json\/wp\/v2\/pages\/74586\/revisions"}],"predecessor-version":[{"id":74588,"href":"https:\/\/www.1tool.com\/es\/wp-json\/wp\/v2\/pages\/74586\/revisions\/74588"}],"up":[{"embeddable":true,"href":"https:\/\/www.1tool.com\/es\/wp-json\/wp\/v2\/pages\/76083"}],"wp:attachment":[{"href":"https:\/\/www.1tool.com\/es\/wp-json\/wp\/v2\/media?parent=74586"}],"curies":[{"name":"wp","href":"https:\/\/api.w.org\/{rel}","templated":true}]}}