{"id":74589,"date":"2022-03-30T18:04:16","date_gmt":"2022-03-30T16:04:16","guid":{"rendered":"https:\/\/www.1tool.com\/gestionar-productos\/"},"modified":"2026-05-04T14:43:35","modified_gmt":"2026-05-04T12:43:35","slug":"gestionar-productos","status":"publish","type":"page","link":"https:\/\/www.1tool.com\/es\/modulos\/gestion-de-mercancias-y-tienda\/productos\/funciones-del-modulo-de-producto\/gestionar-productos\/","title":{"rendered":"Gestionar productos"},"content":{"rendered":"\t\t<div data-elementor-type=\"wp-page\" data-elementor-id=\"74589\" class=\"elementor elementor-74589 elementor-49337\" data-elementor-post-type=\"page\">\n\t\t\t\t\t\t<section class=\"elementor-section elementor-top-section elementor-element elementor-element-e29ada9 elementor-section-boxed elementor-section-height-default elementor-section-height-default shadepro-adv-gradient-no shadepro-sticky-no\" data-id=\"e29ada9\" data-element_type=\"section\" data-e-type=\"section\" data-settings=\"{&quot;shadepro_sticky&quot;:&quot;no&quot;}\">\n\t\t\t\t\t\t<div class=\"elementor-container elementor-column-gap-default\">\n\t\t\t\t\t<div class=\"elementor-column elementor-col-100 elementor-top-column elementor-element elementor-element-84b7423\" data-id=\"84b7423\" data-element_type=\"column\" data-e-type=\"column\">\n\t\t\t<div class=\"elementor-widget-wrap elementor-element-populated\">\n\t\t\t\t\t\t<div class=\"elementor-element elementor-element-871a53c shadepro-sticky-no elementor-widget elementor-widget-heading\" data-id=\"871a53c\" data-element_type=\"widget\" data-e-type=\"widget\" data-settings=\"{&quot;shadepro_sticky&quot;:&quot;no&quot;}\" data-widget_type=\"heading.default\">\n\t\t\t\t<div class=\"elementor-widget-container\">\n\t\t\t\t\t<h1 class=\"elementor-heading-title elementor-size-default\">Gestionar productos<\/h1>\t\t\t\t<\/div>\n\t\t\t\t<\/div>\n\t\t\t\t<div class=\"elementor-element elementor-element-2d2c5a5 shadepro-sticky-no elementor-widget elementor-widget-text-editor\" data-id=\"2d2c5a5\" data-element_type=\"widget\" data-e-type=\"widget\" data-settings=\"{&quot;shadepro_sticky&quot;:&quot;no&quot;}\" data-widget_type=\"text-editor.default\">\n\t\t\t\t<div class=\"elementor-widget-container\">\n\t\t\t\t\t\t\t\t\t<p>Con 1Tool puedes gestionar tus productos de forma f\u00e1cil y c\u00f3moda. Puedes crear categor\u00edas de productos y productos. <\/p>\t\t\t\t\t\t\t\t<\/div>\n\t\t\t\t<\/div>\n\t\t\t\t<section class=\"elementor-section elementor-inner-section elementor-element elementor-element-aee7c60 elementor-section-boxed elementor-section-height-default elementor-section-height-default shadepro-adv-gradient-no shadepro-sticky-no\" data-id=\"aee7c60\" data-element_type=\"section\" data-e-type=\"section\" data-settings=\"{&quot;shadepro_sticky&quot;:&quot;no&quot;}\">\n\t\t\t\t\t\t<div class=\"elementor-container elementor-column-gap-default\">\n\t\t\t\t\t<div class=\"elementor-column elementor-col-100 elementor-inner-column elementor-element elementor-element-1d82d33\" data-id=\"1d82d33\" data-element_type=\"column\" data-e-type=\"column\">\n\t\t\t<div class=\"elementor-widget-wrap elementor-element-populated\">\n\t\t\t\t\t\t<div class=\"elementor-element elementor-element-ce4be2f shadepro-sticky-no elementor-widget elementor-widget-text-editor\" data-id=\"ce4be2f\" data-element_type=\"widget\" data-e-type=\"widget\" data-settings=\"{&quot;shadepro_sticky&quot;:&quot;no&quot;}\" data-widget_type=\"text-editor.default\">\n\t\t\t\t<div class=\"elementor-widget-container\">\n\t\t\t\t\t\t\t\t\t<h3>Objetivos de la gesti\u00f3n de productos con 1Tool<\/h3><ul><li>La gesti\u00f3n de productos en un lugar centralizado -en 1Tool- evita errores y el almacenamiento duplicado de datos<\/li><li>Al asignar productos a tus clientes, puedes ver de un vistazo qu\u00e9 cliente utiliza qu\u00e9 productos<\/li><li>Los productos pueden facturarse r\u00e1pida y f\u00e1cilmente gracias al enlace directo al m\u00f3dulo de facturaci\u00f3n<\/li><li>La funci\u00f3n de suscripci\u00f3n tambi\u00e9n te permite gestionar productos recurrentes, como contratos de mantenimiento o productos de suscripci\u00f3n, de forma f\u00e1cil y c\u00f3moda<\/li><\/ul><h3> <\/h3><h3>Organizaci\u00f3n \u00f3ptima de tus grupos de productos y productos<\/h3><p>El <strong>n\u00facleo de 1Tool<\/strong> es un potente sistema de gesti\u00f3n de clientes. De este modo, puedes asignar productos a tus clientes y tener siempre una visi\u00f3n general de qu\u00e9 clientes utilizan qu\u00e9 productos. Los informes de productos integrados tambi\u00e9n te ofrecen una amplia gama de opciones de an\u00e1lisis.  <\/p><p>Otra caracter\u00edstica especial de <strong>la gesti\u00f3n de productos de 1Tool<\/strong> es la posibilidad de analizarlos mediante informes de producto. El enlace al m\u00f3dulo de facturas te ofrece una visi\u00f3n general de las ventas realizadas por producto o por a\u00f1o, y tambi\u00e9n puedes ver las estad\u00edsticas estructuradas de los productos. <\/p><h3> <\/h3><h3>Gesti\u00f3n y mantenimiento sencillos de tus productos<\/h3><p>Gracias a la gesti\u00f3n de facturas integrada, la facturaci\u00f3n es posible en cualquier momento con s\u00f3lo pulsar un bot\u00f3n. La gesti\u00f3n y el mantenimiento de tus productos aumenta la velocidad de reacci\u00f3n de tu departamento de ventas y minimiza as\u00ed el esfuerzo organizativo de tu empresa. <\/p>\t\t\t\t\t\t\t\t<\/div>\n\t\t\t\t<\/div>\n\t\t\t\t\t<\/div>\n\t\t<\/div>\n\t\t\t\t\t<\/div>\n\t\t<\/section>\n\t\t\t\t\t<\/div>\n\t\t<\/div>\n\t\t\t\t\t<\/div>\n\t\t<\/section>\n\t\t\t\t<\/div>\n\t\t","protected":false},"excerpt":{"rendered":"<p>Gestionar productos Con 1Tool puedes gestionar tus productos de forma f\u00e1cil y c\u00f3moda. Puedes crear categor\u00edas de productos y productos. Objetivos de la gesti\u00f3n de productos con 1Tool La gesti\u00f3n de productos en un lugar centralizado -en 1Tool- evita errores y el almacenamiento duplicado de datos Al asignar productos a tus clientes, puedes ver de [&hellip;]<\/p>\n","protected":false},"author":1,"featured_media":0,"parent":76077,"menu_order":0,"comment_status":"closed","ping_status":"closed","template":"","meta":{"inline_featured_image":false,"footnotes":""},"class_list":["post-74589","page","type-page","status-publish","hentry"],"acf":[],"yoast_head":"<!-- This site is optimized with the Yoast SEO plugin v27.5 - https:\/\/yoast.com\/product\/yoast-seo-wordpress\/ -->\n<title>Gestionar productos - 1Tool<\/title>\n<meta name=\"robots\" content=\"index, follow, max-snippet:-1, max-image-preview:large, max-video-preview:-1\" \/>\n<link rel=\"canonical\" href=\"https:\/\/www.1tool.com\/es\/modulos\/gestion-de-mercancias-y-tienda\/productos\/funciones-del-modulo-de-producto\/gestionar-productos\/\" \/>\n<meta property=\"og:locale\" content=\"es_ES\" \/>\n<meta property=\"og:type\" content=\"article\" \/>\n<meta property=\"og:title\" content=\"Gestionar productos - 1Tool\" \/>\n<meta property=\"og:description\" content=\"Gestionar productos Con 1Tool puedes gestionar tus productos de forma f\u00e1cil y c\u00f3moda. Puedes crear categor\u00edas de productos y productos. Objetivos de la gesti\u00f3n de productos con 1Tool La gesti\u00f3n de productos en un lugar centralizado -en 1Tool- evita errores y el almacenamiento duplicado de datos Al asignar productos a tus clientes, puedes ver de [&hellip;]\" \/>\n<meta property=\"og:url\" content=\"https:\/\/www.1tool.com\/es\/modulos\/gestion-de-mercancias-y-tienda\/productos\/funciones-del-modulo-de-producto\/gestionar-productos\/\" \/>\n<meta property=\"og:site_name\" content=\"1Tool\" \/>\n<meta property=\"article:modified_time\" content=\"2026-05-04T12:43:35+00:00\" \/>\n<meta name=\"twitter:card\" content=\"summary_large_image\" \/>\n<meta name=\"twitter:label1\" content=\"Tiempo de lectura\" \/>\n\t<meta name=\"twitter:data1\" content=\"1 minuto\" \/>\n<script type=\"application\/ld+json\" class=\"yoast-schema-graph\">{\"@context\":\"https:\\\/\\\/schema.org\",\"@graph\":[{\"@type\":\"WebPage\",\"@id\":\"https:\\\/\\\/www.1tool.com\\\/es\\\/modulos\\\/gestion-de-mercancias-y-tienda\\\/productos\\\/funciones-del-modulo-de-producto\\\/gestionar-productos\\\/\",\"url\":\"https:\\\/\\\/www.1tool.com\\\/es\\\/modulos\\\/gestion-de-mercancias-y-tienda\\\/productos\\\/funciones-del-modulo-de-producto\\\/gestionar-productos\\\/\",\"name\":\"Gestionar productos - 1Tool\",\"isPartOf\":{\"@id\":\"https:\\\/\\\/www.1tool.com\\\/es\\\/#website\"},\"datePublished\":\"2022-03-30T16:04:16+00:00\",\"dateModified\":\"2026-05-04T12:43:35+00:00\",\"breadcrumb\":{\"@id\":\"https:\\\/\\\/www.1tool.com\\\/es\\\/modulos\\\/gestion-de-mercancias-y-tienda\\\/productos\\\/funciones-del-modulo-de-producto\\\/gestionar-productos\\\/#breadcrumb\"},\"inLanguage\":\"es\",\"potentialAction\":[{\"@type\":\"ReadAction\",\"target\":[\"https:\\\/\\\/www.1tool.com\\\/es\\\/modulos\\\/gestion-de-mercancias-y-tienda\\\/productos\\\/funciones-del-modulo-de-producto\\\/gestionar-productos\\\/\"]}]},{\"@type\":\"BreadcrumbList\",\"@id\":\"https:\\\/\\\/www.1tool.com\\\/es\\\/modulos\\\/gestion-de-mercancias-y-tienda\\\/productos\\\/funciones-del-modulo-de-producto\\\/gestionar-productos\\\/#breadcrumb\",\"itemListElement\":[{\"@type\":\"ListItem\",\"position\":1,\"name\":\"Home\",\"item\":\"https:\\\/\\\/www.1tool.com\\\/es\\\/\"},{\"@type\":\"ListItem\",\"position\":2,\"name\":\"M\u00f3dulos\",\"item\":\"https:\\\/\\\/www.1tool.com\\\/es\\\/modulos\\\/\"},{\"@type\":\"ListItem\",\"position\":3,\"name\":\"Gesti\u00f3n de mercanc\u00edas y tienda\",\"item\":\"https:\\\/\\\/www.1tool.com\\\/es\\\/modulos\\\/gestion-de-mercancias-y-tienda\\\/\"},{\"@type\":\"ListItem\",\"position\":4,\"name\":\"Productos\",\"item\":\"https:\\\/\\\/www.1tool.com\\\/es\\\/modulos\\\/gestion-de-mercancias-y-tienda\\\/productos\\\/\"},{\"@type\":\"ListItem\",\"position\":5,\"name\":\"Funciones del m\u00f3dulo de producto\",\"item\":\"https:\\\/\\\/www.1tool.com\\\/es\\\/modulos\\\/gestion-de-mercancias-y-tienda\\\/productos\\\/funciones-del-modulo-de-producto\\\/\"},{\"@type\":\"ListItem\",\"position\":6,\"name\":\"Gestionar productos\"}]},{\"@type\":\"WebSite\",\"@id\":\"https:\\\/\\\/www.1tool.com\\\/es\\\/#website\",\"url\":\"https:\\\/\\\/www.1tool.com\\\/es\\\/\",\"name\":\"1Tool\",\"description\":\"CRM\",\"publisher\":{\"@id\":\"https:\\\/\\\/www.1tool.com\\\/es\\\/#organization\"},\"potentialAction\":[{\"@type\":\"SearchAction\",\"target\":{\"@type\":\"EntryPoint\",\"urlTemplate\":\"https:\\\/\\\/www.1tool.com\\\/es\\\/?s={search_term_string}\"},\"query-input\":{\"@type\":\"PropertyValueSpecification\",\"valueRequired\":true,\"valueName\":\"search_term_string\"}}],\"inLanguage\":\"es\"},{\"@type\":\"Organization\",\"@id\":\"https:\\\/\\\/www.1tool.com\\\/es\\\/#organization\",\"name\":\"1Tool\",\"url\":\"https:\\\/\\\/www.1tool.com\\\/es\\\/\",\"logo\":{\"@type\":\"ImageObject\",\"inLanguage\":\"es\",\"@id\":\"https:\\\/\\\/www.1tool.com\\\/es\\\/#\\\/schema\\\/logo\\\/image\\\/\",\"url\":\"https:\\\/\\\/www.1tool.com\\\/wp-content\\\/uploads\\\/2022\\\/04\\\/1tool-1.png\",\"contentUrl\":\"https:\\\/\\\/www.1tool.com\\\/wp-content\\\/uploads\\\/2022\\\/04\\\/1tool-1.png\",\"width\":400,\"height\":150,\"caption\":\"1Tool\"},\"image\":{\"@id\":\"https:\\\/\\\/www.1tool.com\\\/es\\\/#\\\/schema\\\/logo\\\/image\\\/\"}}]}<\/script>\n<!-- \/ Yoast SEO plugin. -->","yoast_head_json":{"title":"Gestionar productos - 1Tool","robots":{"index":"index","follow":"follow","max-snippet":"max-snippet:-1","max-image-preview":"max-image-preview:large","max-video-preview":"max-video-preview:-1"},"canonical":"https:\/\/www.1tool.com\/es\/modulos\/gestion-de-mercancias-y-tienda\/productos\/funciones-del-modulo-de-producto\/gestionar-productos\/","og_locale":"es_ES","og_type":"article","og_title":"Gestionar productos - 1Tool","og_description":"Gestionar productos Con 1Tool puedes gestionar tus productos de forma f\u00e1cil y c\u00f3moda. Puedes crear categor\u00edas de productos y productos. Objetivos de la gesti\u00f3n de productos con 1Tool La gesti\u00f3n de productos en un lugar centralizado -en 1Tool- evita errores y el almacenamiento duplicado de datos Al asignar productos a tus clientes, puedes ver de [&hellip;]","og_url":"https:\/\/www.1tool.com\/es\/modulos\/gestion-de-mercancias-y-tienda\/productos\/funciones-del-modulo-de-producto\/gestionar-productos\/","og_site_name":"1Tool","article_modified_time":"2026-05-04T12:43:35+00:00","twitter_card":"summary_large_image","twitter_misc":{"Tiempo de lectura":"1 minuto"},"schema":{"@context":"https:\/\/schema.org","@graph":[{"@type":"WebPage","@id":"https:\/\/www.1tool.com\/es\/modulos\/gestion-de-mercancias-y-tienda\/productos\/funciones-del-modulo-de-producto\/gestionar-productos\/","url":"https:\/\/www.1tool.com\/es\/modulos\/gestion-de-mercancias-y-tienda\/productos\/funciones-del-modulo-de-producto\/gestionar-productos\/","name":"Gestionar productos - 1Tool","isPartOf":{"@id":"https:\/\/www.1tool.com\/es\/#website"},"datePublished":"2022-03-30T16:04:16+00:00","dateModified":"2026-05-04T12:43:35+00:00","breadcrumb":{"@id":"https:\/\/www.1tool.com\/es\/modulos\/gestion-de-mercancias-y-tienda\/productos\/funciones-del-modulo-de-producto\/gestionar-productos\/#breadcrumb"},"inLanguage":"es","potentialAction":[{"@type":"ReadAction","target":["https:\/\/www.1tool.com\/es\/modulos\/gestion-de-mercancias-y-tienda\/productos\/funciones-del-modulo-de-producto\/gestionar-productos\/"]}]},{"@type":"BreadcrumbList","@id":"https:\/\/www.1tool.com\/es\/modulos\/gestion-de-mercancias-y-tienda\/productos\/funciones-del-modulo-de-producto\/gestionar-productos\/#breadcrumb","itemListElement":[{"@type":"ListItem","position":1,"name":"Home","item":"https:\/\/www.1tool.com\/es\/"},{"@type":"ListItem","position":2,"name":"M\u00f3dulos","item":"https:\/\/www.1tool.com\/es\/modulos\/"},{"@type":"ListItem","position":3,"name":"Gesti\u00f3n de mercanc\u00edas y tienda","item":"https:\/\/www.1tool.com\/es\/modulos\/gestion-de-mercancias-y-tienda\/"},{"@type":"ListItem","position":4,"name":"Productos","item":"https:\/\/www.1tool.com\/es\/modulos\/gestion-de-mercancias-y-tienda\/productos\/"},{"@type":"ListItem","position":5,"name":"Funciones del m\u00f3dulo de producto","item":"https:\/\/www.1tool.com\/es\/modulos\/gestion-de-mercancias-y-tienda\/productos\/funciones-del-modulo-de-producto\/"},{"@type":"ListItem","position":6,"name":"Gestionar productos"}]},{"@type":"WebSite","@id":"https:\/\/www.1tool.com\/es\/#website","url":"https:\/\/www.1tool.com\/es\/","name":"1Tool","description":"CRM","publisher":{"@id":"https:\/\/www.1tool.com\/es\/#organization"},"potentialAction":[{"@type":"SearchAction","target":{"@type":"EntryPoint","urlTemplate":"https:\/\/www.1tool.com\/es\/?s={search_term_string}"},"query-input":{"@type":"PropertyValueSpecification","valueRequired":true,"valueName":"search_term_string"}}],"inLanguage":"es"},{"@type":"Organization","@id":"https:\/\/www.1tool.com\/es\/#organization","name":"1Tool","url":"https:\/\/www.1tool.com\/es\/","logo":{"@type":"ImageObject","inLanguage":"es","@id":"https:\/\/www.1tool.com\/es\/#\/schema\/logo\/image\/","url":"https:\/\/www.1tool.com\/wp-content\/uploads\/2022\/04\/1tool-1.png","contentUrl":"https:\/\/www.1tool.com\/wp-content\/uploads\/2022\/04\/1tool-1.png","width":400,"height":150,"caption":"1Tool"},"image":{"@id":"https:\/\/www.1tool.com\/es\/#\/schema\/logo\/image\/"}}]}},"_links":{"self":[{"href":"https:\/\/www.1tool.com\/es\/wp-json\/wp\/v2\/pages\/74589","targetHints":{"allow":["GET"]}}],"collection":[{"href":"https:\/\/www.1tool.com\/es\/wp-json\/wp\/v2\/pages"}],"about":[{"href":"https:\/\/www.1tool.com\/es\/wp-json\/wp\/v2\/types\/page"}],"author":[{"embeddable":true,"href":"https:\/\/www.1tool.com\/es\/wp-json\/wp\/v2\/users\/1"}],"replies":[{"embeddable":true,"href":"https:\/\/www.1tool.com\/es\/wp-json\/wp\/v2\/comments?post=74589"}],"version-history":[{"count":1,"href":"https:\/\/www.1tool.com\/es\/wp-json\/wp\/v2\/pages\/74589\/revisions"}],"predecessor-version":[{"id":74595,"href":"https:\/\/www.1tool.com\/es\/wp-json\/wp\/v2\/pages\/74589\/revisions\/74595"}],"up":[{"embeddable":true,"href":"https:\/\/www.1tool.com\/es\/wp-json\/wp\/v2\/pages\/76077"}],"wp:attachment":[{"href":"https:\/\/www.1tool.com\/es\/wp-json\/wp\/v2\/media?parent=74589"}],"curies":[{"name":"wp","href":"https:\/\/api.w.org\/{rel}","templated":true}]}}