{"id":74610,"date":"2022-03-30T14:52:24","date_gmt":"2022-03-30T12:52:24","guid":{"rendered":"https:\/\/www.1tool.com\/resumen-de-tareas\/"},"modified":"2026-05-04T14:43:51","modified_gmt":"2026-05-04T12:43:51","slug":"resumen-de-tareas","status":"publish","type":"page","link":"https:\/\/www.1tool.com\/es\/modulos\/organizacion-y-servicio\/tareas\/modulo-funciones-tareas\/resumen-de-tareas\/","title":{"rendered":"Resumen de tareas"},"content":{"rendered":"\t\t<div data-elementor-type=\"wp-page\" data-elementor-id=\"74610\" class=\"elementor elementor-74610 elementor-49207\" data-elementor-post-type=\"page\">\n\t\t\t\t\t\t<section class=\"elementor-section elementor-top-section elementor-element elementor-element-551a6fc elementor-section-boxed elementor-section-height-default elementor-section-height-default shadepro-adv-gradient-no shadepro-sticky-no\" data-id=\"551a6fc\" data-element_type=\"section\" data-e-type=\"section\" data-settings=\"{&quot;shadepro_sticky&quot;:&quot;no&quot;}\">\n\t\t\t\t\t\t<div class=\"elementor-container elementor-column-gap-default\">\n\t\t\t\t\t<div class=\"elementor-column elementor-col-100 elementor-top-column elementor-element elementor-element-4df2dc3\" data-id=\"4df2dc3\" data-element_type=\"column\" data-e-type=\"column\">\n\t\t\t<div class=\"elementor-widget-wrap elementor-element-populated\">\n\t\t\t\t\t\t<div class=\"elementor-element elementor-element-2d67326 shadepro-sticky-no elementor-widget elementor-widget-heading\" data-id=\"2d67326\" data-element_type=\"widget\" data-e-type=\"widget\" data-settings=\"{&quot;shadepro_sticky&quot;:&quot;no&quot;}\" data-widget_type=\"heading.default\">\n\t\t\t\t<div class=\"elementor-widget-container\">\n\t\t\t\t\t<h1 class=\"elementor-heading-title elementor-size-default\">Resumen de tareas<\/h1>\t\t\t\t<\/div>\n\t\t\t\t<\/div>\n\t\t\t\t<div class=\"elementor-element elementor-element-340654a shadepro-sticky-no elementor-widget elementor-widget-text-editor\" data-id=\"340654a\" data-element_type=\"widget\" data-e-type=\"widget\" data-settings=\"{&quot;shadepro_sticky&quot;:&quot;no&quot;}\" data-widget_type=\"text-editor.default\">\n\t\t\t\t<div class=\"elementor-widget-container\">\n\t\t\t\t\t\t\t\t\t<p>No pierdas de vista las tareas importantes y prioriza tus actividades.<\/p>\t\t\t\t\t\t\t\t<\/div>\n\t\t\t\t<\/div>\n\t\t\t\t<section class=\"elementor-section elementor-inner-section elementor-element elementor-element-3d21384 elementor-section-boxed elementor-section-height-default elementor-section-height-default shadepro-adv-gradient-no shadepro-sticky-no\" data-id=\"3d21384\" data-element_type=\"section\" data-e-type=\"section\" data-settings=\"{&quot;shadepro_sticky&quot;:&quot;no&quot;}\">\n\t\t\t\t\t\t<div class=\"elementor-container elementor-column-gap-default\">\n\t\t\t\t\t<div class=\"elementor-column elementor-col-100 elementor-inner-column elementor-element elementor-element-5b4d88a\" data-id=\"5b4d88a\" data-element_type=\"column\" data-e-type=\"column\">\n\t\t\t<div class=\"elementor-widget-wrap elementor-element-populated\">\n\t\t\t\t\t\t<div class=\"elementor-element elementor-element-e5ff330 shadepro-sticky-no elementor-widget elementor-widget-text-editor\" data-id=\"e5ff330\" data-element_type=\"widget\" data-e-type=\"widget\" data-settings=\"{&quot;shadepro_sticky&quot;:&quot;no&quot;}\" data-widget_type=\"text-editor.default\">\n\t\t\t\t<div class=\"elementor-widget-container\">\n\t\t\t\t\t\t\t\t\t<h3>Panel de tareas<\/h3><p>El panel de tareas enumera tus tareas de forma clara y te ofrece una visi\u00f3n general de las horas de trabajo invertidas hasta el momento, el progreso de la tarea y el plazo final. Con 1Tool, puedes planificar y organizar de forma \u00f3ptima tu d\u00eda a d\u00eda. <\/p><h4>Categor\u00edas de tareas<\/h4><ul><li>Hoy<br>Cosas que est\u00e1n al principio de tu lista de tareas pendientes. Las tareas que vencen se deciden autom\u00e1ticamente aqu\u00ed. <\/li><li>Siguiente<br>Tareas que abordar\u00e1s en cuanto hayas completado las tareas &#8220;Hoy&#8221;.<\/li><li>Planificado<br>Si s\u00f3lo quieres empezar a trabajar en un momento determinado, introd\u00facelo en &#8220;Planificado&#8221;.<\/li><li>Alguna vez<br>&#8220;Alguna vez&#8221; es la categor\u00eda para el trabajo que quieres hacer cuando tienes mucho tiempo.<\/li><\/ul><p>En la fecha de vencimiento, tu tarea se mueve autom\u00e1ticamente a la categor\u00eda &#8220;Hoy&#8221; para recordarte que debes completarla a tiempo.<\/p><h3>Resumen de tareas<\/h3><p>Las tareas de los empleados se muestran en el resumen de tareas. Se pueden utilizar filtros para seleccionar el empleado al que est\u00e1n asignadas las tareas y el estado de una tarea. Tambi\u00e9n se puede utilizar un campo de b\u00fasqueda para buscar en el texto de la tarea. Cada tarea puede procesarse con un solo clic.   <\/p><p><em>Puedes encontrar m\u00e1s informaci\u00f3n sobre el resumen de tareas <a href=\"https:\/\/www.1tool.com\/manual\/aufgabenverwaltung-2\/aufgaben-uebersicht\/\" target=\"_blank\" rel=\"noreferrer noopener\">aqu\u00ed<\/a>, en nuestro manual<\/em><\/p><div class=\"wp-block-spacer\" aria-hidden=\"true\"> <\/div><h3>Vista detallada de la tarea<\/h3><p>La descripci\u00f3n de la tarea se presenta en la vista detallada de una tarea. Cada empleado tiene la opci\u00f3n de a\u00f1adir aqu\u00ed m\u00e1s notas y documentos a esta tarea. <\/p><p><em>Nuestro manual te mostrar\u00e1 qu\u00e9 informaci\u00f3n puedes encontrar en la <a href=\"https:\/\/www.1tool.com\/manual\/aufgabenverwaltung-2\/aufgabendetailansicht\/\" target=\"_blank\" rel=\"noreferrer noopener\">vista detallada de la tarea <\/a><\/em><\/p><h3>Tarea tutorial<\/h3><p>Mira nuestro v\u00eddeo de demostraci\u00f3n para descubrir c\u00f3mo utilizar el m\u00f3dulo de tareas para optimizar la creaci\u00f3n y gesti\u00f3n de tus tareas.<\/p>\t\t\t\t\t\t\t\t<\/div>\n\t\t\t\t<\/div>\n\t\t\t\t\t<\/div>\n\t\t<\/div>\n\t\t\t\t\t<\/div>\n\t\t<\/section>\n\t\t\t\t\t<\/div>\n\t\t<\/div>\n\t\t\t\t\t<\/div>\n\t\t<\/section>\n\t\t\t\t<\/div>\n\t\t","protected":false},"excerpt":{"rendered":"<p>Resumen de tareas No pierdas de vista las tareas importantes y prioriza tus actividades. Panel de tareas El panel de tareas enumera tus tareas de forma clara y te ofrece una visi\u00f3n general de las horas de trabajo invertidas hasta el momento, el progreso de la tarea y el plazo final. Con 1Tool, puedes planificar [&hellip;]<\/p>\n","protected":false},"author":1,"featured_media":0,"parent":76091,"menu_order":0,"comment_status":"closed","ping_status":"closed","template":"","meta":{"inline_featured_image":false,"footnotes":""},"class_list":["post-74610","page","type-page","status-publish","hentry"],"acf":[],"yoast_head":"<!-- This site is optimized with the Yoast SEO plugin v27.5 - https:\/\/yoast.com\/product\/yoast-seo-wordpress\/ -->\n<title>Resumen de tareas - 1Tool<\/title>\n<meta name=\"robots\" content=\"index, follow, max-snippet:-1, max-image-preview:large, max-video-preview:-1\" \/>\n<link rel=\"canonical\" href=\"https:\/\/www.1tool.com\/es\/modulos\/organizacion-y-servicio\/tareas\/modulo-funciones-tareas\/resumen-de-tareas\/\" \/>\n<meta property=\"og:locale\" content=\"es_ES\" \/>\n<meta property=\"og:type\" content=\"article\" \/>\n<meta property=\"og:title\" content=\"Resumen de tareas - 1Tool\" \/>\n<meta property=\"og:description\" content=\"Resumen de tareas No pierdas de vista las tareas importantes y prioriza tus actividades. Panel de tareas El panel de tareas enumera tus tareas de forma clara y te ofrece una visi\u00f3n general de las horas de trabajo invertidas hasta el momento, el progreso de la tarea y el plazo final. Con 1Tool, puedes planificar [&hellip;]\" \/>\n<meta property=\"og:url\" content=\"https:\/\/www.1tool.com\/es\/modulos\/organizacion-y-servicio\/tareas\/modulo-funciones-tareas\/resumen-de-tareas\/\" \/>\n<meta property=\"og:site_name\" content=\"1Tool\" \/>\n<meta property=\"article:modified_time\" content=\"2026-05-04T12:43:51+00:00\" \/>\n<meta name=\"twitter:card\" content=\"summary_large_image\" \/>\n<meta name=\"twitter:label1\" content=\"Tiempo de lectura\" \/>\n\t<meta name=\"twitter:data1\" content=\"2 minutos\" \/>\n<script type=\"application\/ld+json\" class=\"yoast-schema-graph\">{\"@context\":\"https:\\\/\\\/schema.org\",\"@graph\":[{\"@type\":\"WebPage\",\"@id\":\"https:\\\/\\\/www.1tool.com\\\/es\\\/modulos\\\/organizacion-y-servicio\\\/tareas\\\/modulo-funciones-tareas\\\/resumen-de-tareas\\\/\",\"url\":\"https:\\\/\\\/www.1tool.com\\\/es\\\/modulos\\\/organizacion-y-servicio\\\/tareas\\\/modulo-funciones-tareas\\\/resumen-de-tareas\\\/\",\"name\":\"Resumen de tareas - 1Tool\",\"isPartOf\":{\"@id\":\"https:\\\/\\\/www.1tool.com\\\/es\\\/#website\"},\"datePublished\":\"2022-03-30T12:52:24+00:00\",\"dateModified\":\"2026-05-04T12:43:51+00:00\",\"breadcrumb\":{\"@id\":\"https:\\\/\\\/www.1tool.com\\\/es\\\/modulos\\\/organizacion-y-servicio\\\/tareas\\\/modulo-funciones-tareas\\\/resumen-de-tareas\\\/#breadcrumb\"},\"inLanguage\":\"es\",\"potentialAction\":[{\"@type\":\"ReadAction\",\"target\":[\"https:\\\/\\\/www.1tool.com\\\/es\\\/modulos\\\/organizacion-y-servicio\\\/tareas\\\/modulo-funciones-tareas\\\/resumen-de-tareas\\\/\"]}]},{\"@type\":\"BreadcrumbList\",\"@id\":\"https:\\\/\\\/www.1tool.com\\\/es\\\/modulos\\\/organizacion-y-servicio\\\/tareas\\\/modulo-funciones-tareas\\\/resumen-de-tareas\\\/#breadcrumb\",\"itemListElement\":[{\"@type\":\"ListItem\",\"position\":1,\"name\":\"Home\",\"item\":\"https:\\\/\\\/www.1tool.com\\\/es\\\/\"},{\"@type\":\"ListItem\",\"position\":2,\"name\":\"M\u00f3dulos\",\"item\":\"https:\\\/\\\/www.1tool.com\\\/es\\\/modulos\\\/\"},{\"@type\":\"ListItem\",\"position\":3,\"name\":\"Organizaci\u00f3n y Servicio\",\"item\":\"https:\\\/\\\/www.1tool.com\\\/es\\\/modulos\\\/organizacion-y-servicio\\\/\"},{\"@type\":\"ListItem\",\"position\":4,\"name\":\"Tareas\",\"item\":\"https:\\\/\\\/www.1tool.com\\\/es\\\/modulos\\\/organizacion-y-servicio\\\/tareas\\\/\"},{\"@type\":\"ListItem\",\"position\":5,\"name\":\"M\u00f3dulo Funciones Tareas\",\"item\":\"https:\\\/\\\/www.1tool.com\\\/es\\\/modulos\\\/organizacion-y-servicio\\\/tareas\\\/modulo-funciones-tareas\\\/\"},{\"@type\":\"ListItem\",\"position\":6,\"name\":\"Resumen de tareas\"}]},{\"@type\":\"WebSite\",\"@id\":\"https:\\\/\\\/www.1tool.com\\\/es\\\/#website\",\"url\":\"https:\\\/\\\/www.1tool.com\\\/es\\\/\",\"name\":\"1Tool\",\"description\":\"CRM\",\"publisher\":{\"@id\":\"https:\\\/\\\/www.1tool.com\\\/es\\\/#organization\"},\"potentialAction\":[{\"@type\":\"SearchAction\",\"target\":{\"@type\":\"EntryPoint\",\"urlTemplate\":\"https:\\\/\\\/www.1tool.com\\\/es\\\/?s={search_term_string}\"},\"query-input\":{\"@type\":\"PropertyValueSpecification\",\"valueRequired\":true,\"valueName\":\"search_term_string\"}}],\"inLanguage\":\"es\"},{\"@type\":\"Organization\",\"@id\":\"https:\\\/\\\/www.1tool.com\\\/es\\\/#organization\",\"name\":\"1Tool\",\"url\":\"https:\\\/\\\/www.1tool.com\\\/es\\\/\",\"logo\":{\"@type\":\"ImageObject\",\"inLanguage\":\"es\",\"@id\":\"https:\\\/\\\/www.1tool.com\\\/es\\\/#\\\/schema\\\/logo\\\/image\\\/\",\"url\":\"https:\\\/\\\/www.1tool.com\\\/wp-content\\\/uploads\\\/2022\\\/04\\\/1tool-1.png\",\"contentUrl\":\"https:\\\/\\\/www.1tool.com\\\/wp-content\\\/uploads\\\/2022\\\/04\\\/1tool-1.png\",\"width\":400,\"height\":150,\"caption\":\"1Tool\"},\"image\":{\"@id\":\"https:\\\/\\\/www.1tool.com\\\/es\\\/#\\\/schema\\\/logo\\\/image\\\/\"}}]}<\/script>\n<!-- \/ Yoast SEO plugin. -->","yoast_head_json":{"title":"Resumen de tareas - 1Tool","robots":{"index":"index","follow":"follow","max-snippet":"max-snippet:-1","max-image-preview":"max-image-preview:large","max-video-preview":"max-video-preview:-1"},"canonical":"https:\/\/www.1tool.com\/es\/modulos\/organizacion-y-servicio\/tareas\/modulo-funciones-tareas\/resumen-de-tareas\/","og_locale":"es_ES","og_type":"article","og_title":"Resumen de tareas - 1Tool","og_description":"Resumen de tareas No pierdas de vista las tareas importantes y prioriza tus actividades. Panel de tareas El panel de tareas enumera tus tareas de forma clara y te ofrece una visi\u00f3n general de las horas de trabajo invertidas hasta el momento, el progreso de la tarea y el plazo final. Con 1Tool, puedes planificar [&hellip;]","og_url":"https:\/\/www.1tool.com\/es\/modulos\/organizacion-y-servicio\/tareas\/modulo-funciones-tareas\/resumen-de-tareas\/","og_site_name":"1Tool","article_modified_time":"2026-05-04T12:43:51+00:00","twitter_card":"summary_large_image","twitter_misc":{"Tiempo de lectura":"2 minutos"},"schema":{"@context":"https:\/\/schema.org","@graph":[{"@type":"WebPage","@id":"https:\/\/www.1tool.com\/es\/modulos\/organizacion-y-servicio\/tareas\/modulo-funciones-tareas\/resumen-de-tareas\/","url":"https:\/\/www.1tool.com\/es\/modulos\/organizacion-y-servicio\/tareas\/modulo-funciones-tareas\/resumen-de-tareas\/","name":"Resumen de tareas - 1Tool","isPartOf":{"@id":"https:\/\/www.1tool.com\/es\/#website"},"datePublished":"2022-03-30T12:52:24+00:00","dateModified":"2026-05-04T12:43:51+00:00","breadcrumb":{"@id":"https:\/\/www.1tool.com\/es\/modulos\/organizacion-y-servicio\/tareas\/modulo-funciones-tareas\/resumen-de-tareas\/#breadcrumb"},"inLanguage":"es","potentialAction":[{"@type":"ReadAction","target":["https:\/\/www.1tool.com\/es\/modulos\/organizacion-y-servicio\/tareas\/modulo-funciones-tareas\/resumen-de-tareas\/"]}]},{"@type":"BreadcrumbList","@id":"https:\/\/www.1tool.com\/es\/modulos\/organizacion-y-servicio\/tareas\/modulo-funciones-tareas\/resumen-de-tareas\/#breadcrumb","itemListElement":[{"@type":"ListItem","position":1,"name":"Home","item":"https:\/\/www.1tool.com\/es\/"},{"@type":"ListItem","position":2,"name":"M\u00f3dulos","item":"https:\/\/www.1tool.com\/es\/modulos\/"},{"@type":"ListItem","position":3,"name":"Organizaci\u00f3n y Servicio","item":"https:\/\/www.1tool.com\/es\/modulos\/organizacion-y-servicio\/"},{"@type":"ListItem","position":4,"name":"Tareas","item":"https:\/\/www.1tool.com\/es\/modulos\/organizacion-y-servicio\/tareas\/"},{"@type":"ListItem","position":5,"name":"M\u00f3dulo Funciones Tareas","item":"https:\/\/www.1tool.com\/es\/modulos\/organizacion-y-servicio\/tareas\/modulo-funciones-tareas\/"},{"@type":"ListItem","position":6,"name":"Resumen de tareas"}]},{"@type":"WebSite","@id":"https:\/\/www.1tool.com\/es\/#website","url":"https:\/\/www.1tool.com\/es\/","name":"1Tool","description":"CRM","publisher":{"@id":"https:\/\/www.1tool.com\/es\/#organization"},"potentialAction":[{"@type":"SearchAction","target":{"@type":"EntryPoint","urlTemplate":"https:\/\/www.1tool.com\/es\/?s={search_term_string}"},"query-input":{"@type":"PropertyValueSpecification","valueRequired":true,"valueName":"search_term_string"}}],"inLanguage":"es"},{"@type":"Organization","@id":"https:\/\/www.1tool.com\/es\/#organization","name":"1Tool","url":"https:\/\/www.1tool.com\/es\/","logo":{"@type":"ImageObject","inLanguage":"es","@id":"https:\/\/www.1tool.com\/es\/#\/schema\/logo\/image\/","url":"https:\/\/www.1tool.com\/wp-content\/uploads\/2022\/04\/1tool-1.png","contentUrl":"https:\/\/www.1tool.com\/wp-content\/uploads\/2022\/04\/1tool-1.png","width":400,"height":150,"caption":"1Tool"},"image":{"@id":"https:\/\/www.1tool.com\/es\/#\/schema\/logo\/image\/"}}]}},"_links":{"self":[{"href":"https:\/\/www.1tool.com\/es\/wp-json\/wp\/v2\/pages\/74610","targetHints":{"allow":["GET"]}}],"collection":[{"href":"https:\/\/www.1tool.com\/es\/wp-json\/wp\/v2\/pages"}],"about":[{"href":"https:\/\/www.1tool.com\/es\/wp-json\/wp\/v2\/types\/page"}],"author":[{"embeddable":true,"href":"https:\/\/www.1tool.com\/es\/wp-json\/wp\/v2\/users\/1"}],"replies":[{"embeddable":true,"href":"https:\/\/www.1tool.com\/es\/wp-json\/wp\/v2\/comments?post=74610"}],"version-history":[{"count":1,"href":"https:\/\/www.1tool.com\/es\/wp-json\/wp\/v2\/pages\/74610\/revisions"}],"predecessor-version":[{"id":74612,"href":"https:\/\/www.1tool.com\/es\/wp-json\/wp\/v2\/pages\/74610\/revisions\/74612"}],"up":[{"embeddable":true,"href":"https:\/\/www.1tool.com\/es\/wp-json\/wp\/v2\/pages\/76091"}],"wp:attachment":[{"href":"https:\/\/www.1tool.com\/es\/wp-json\/wp\/v2\/media?parent=74610"}],"curies":[{"name":"wp","href":"https:\/\/api.w.org\/{rel}","templated":true}]}}