{"id":74611,"date":"2022-03-30T14:32:40","date_gmt":"2022-03-30T12:32:40","guid":{"rendered":"https:\/\/www.1tool.com\/areas-de-aplicacion-del-marketing-por-sms\/"},"modified":"2026-05-04T14:43:47","modified_gmt":"2026-05-04T12:43:47","slug":"areas-de-aplicacion-del-marketing-por-sms","status":"publish","type":"page","link":"https:\/\/www.1tool.com\/es\/modulos\/marketing-y-ventas\/sms\/funciones-del-modulo-sms\/areas-de-aplicacion-del-marketing-por-sms\/","title":{"rendered":"\u00c1reas de aplicaci\u00f3n del marketing por SMS"},"content":{"rendered":"\t\t<div data-elementor-type=\"wp-page\" data-elementor-id=\"74611\" class=\"elementor elementor-74611 elementor-49125\" data-elementor-post-type=\"page\">\n\t\t\t\t\t\t<section class=\"elementor-section elementor-top-section elementor-element elementor-element-235412e elementor-section-boxed elementor-section-height-default elementor-section-height-default shadepro-adv-gradient-no shadepro-sticky-no\" data-id=\"235412e\" data-element_type=\"section\" data-e-type=\"section\" data-settings=\"{&quot;shadepro_sticky&quot;:&quot;no&quot;}\">\n\t\t\t\t\t\t<div class=\"elementor-container elementor-column-gap-default\">\n\t\t\t\t\t<div class=\"elementor-column elementor-col-100 elementor-top-column elementor-element elementor-element-190a26c\" data-id=\"190a26c\" data-element_type=\"column\" data-e-type=\"column\">\n\t\t\t<div class=\"elementor-widget-wrap elementor-element-populated\">\n\t\t\t\t\t\t<div class=\"elementor-element elementor-element-1657845 shadepro-sticky-no elementor-widget elementor-widget-heading\" data-id=\"1657845\" data-element_type=\"widget\" data-e-type=\"widget\" data-settings=\"{&quot;shadepro_sticky&quot;:&quot;no&quot;}\" data-widget_type=\"heading.default\">\n\t\t\t\t<div class=\"elementor-widget-container\">\n\t\t\t\t\t<h1 class=\"elementor-heading-title elementor-size-default\">\u00c1reas de aplicaci\u00f3n del marketing por SMS<\/h1>\t\t\t\t<\/div>\n\t\t\t\t<\/div>\n\t\t\t\t<div class=\"elementor-element elementor-element-2290725 shadepro-sticky-no elementor-widget elementor-widget-text-editor\" data-id=\"2290725\" data-element_type=\"widget\" data-e-type=\"widget\" data-settings=\"{&quot;shadepro_sticky&quot;:&quot;no&quot;}\" data-widget_type=\"text-editor.default\">\n\t\t\t\t<div class=\"elementor-widget-container\">\n\t\t\t\t\t\t\t\t\t<p>El marketing por SMS es adecuado para todo tipo de organizaciones e industrias. 1Tool te ofrece varias formas de utilizar este instrumento de marketing de forma ideal para tu empresa. <\/p>\t\t\t\t\t\t\t\t<\/div>\n\t\t\t\t<\/div>\n\t\t\t\t<section class=\"elementor-section elementor-inner-section elementor-element elementor-element-26fc022 elementor-section-boxed elementor-section-height-default elementor-section-height-default shadepro-adv-gradient-no shadepro-sticky-no\" data-id=\"26fc022\" data-element_type=\"section\" data-e-type=\"section\" data-settings=\"{&quot;shadepro_sticky&quot;:&quot;no&quot;}\">\n\t\t\t\t\t\t<div class=\"elementor-container elementor-column-gap-default\">\n\t\t\t\t\t<div class=\"elementor-column elementor-col-100 elementor-inner-column elementor-element elementor-element-9ddc5b3\" data-id=\"9ddc5b3\" data-element_type=\"column\" data-e-type=\"column\">\n\t\t\t<div class=\"elementor-widget-wrap elementor-element-populated\">\n\t\t\t\t\t\t<div class=\"elementor-element elementor-element-cbade0e shadepro-sticky-no elementor-widget elementor-widget-text-editor\" data-id=\"cbade0e\" data-element_type=\"widget\" data-e-type=\"widget\" data-settings=\"{&quot;shadepro_sticky&quot;:&quot;no&quot;}\" data-widget_type=\"text-editor.default\">\n\t\t\t\t<div class=\"elementor-widget-container\">\n\t\t\t\t\t\t\t\t\t<h3>1Tool te ofrece todas las opciones para utilizar SMS en tu CRM.<\/h3>\n<h4 id=\"h-einsatzgebiete\">\u00c1mbitos de aplicaci\u00f3n<\/h4>\nTanto si eres una asociaci\u00f3n tur\u00edstica, un hotel, un pub, un organizador de conciertos, un club o un comercio, la soluci\u00f3n SMS de 1Tool puede utilizarse de muchas formas en tu empresa. Esto no s\u00f3lo aumenta la satisfacci\u00f3n de los clientes, sino que tambi\u00e9n incrementa el n\u00famero de visitas de los clientes. \n<h4 id=\"h-ein-sms-letter-ist-die-ideale-l-sung\">Una carta SMS es la soluci\u00f3n ideal<\/h4>\n<ul>\n \t<li>Para restauradores y empresas tur\u00edsticas: los clientes reciben tu men\u00fa de mediod\u00eda directamente en el m\u00f3vil (diario\/semanal).<\/li>\n \t<li>Para organizadores de eventos, municipios y regiones tur\u00edsticas: Recibe directamente en tu m\u00f3vil la programaci\u00f3n de cine, los eventos m\u00e1s destacados y actuales de los alrededores, as\u00ed como informaci\u00f3n sobre temas especiales o sobre tu discoteca favorita.<\/li>\n \t<li>Para grupos de m\u00fasica, organizadores culturales: las fechas de los conciertos, las noticias y las tendencias pueden difundirse muy r\u00e1pidamente.<\/li>\n \t<li>Para comerciantes y minoristas: los productos m\u00e1s destacados de la gama actual se env\u00edan directa y r\u00e1pidamente al tel\u00e9fono m\u00f3vil del cliente.<\/li>\n \t<li>Informar personalmente a tus contactos sobre noticias y eventos a trav\u00e9s de SMS puede gestionarse y controlarse f\u00e1cilmente con 1Tool.<\/li>\n<\/ul>\t\t\t\t\t\t\t\t<\/div>\n\t\t\t\t<\/div>\n\t\t\t\t\t<\/div>\n\t\t<\/div>\n\t\t\t\t\t<\/div>\n\t\t<\/section>\n\t\t\t\t\t<\/div>\n\t\t<\/div>\n\t\t\t\t\t<\/div>\n\t\t<\/section>\n\t\t\t\t<\/div>\n\t\t","protected":false},"excerpt":{"rendered":"<p>\u00c1reas de aplicaci\u00f3n del marketing por SMS El marketing por SMS es adecuado para todo tipo de organizaciones e industrias. 1Tool te ofrece varias formas de utilizar este instrumento de marketing de forma ideal para tu empresa. 1Tool te ofrece todas las opciones para utilizar SMS en tu CRM. \u00c1mbitos de aplicaci\u00f3n Tanto si eres [&hellip;]<\/p>\n","protected":false},"author":1,"featured_media":0,"parent":76081,"menu_order":0,"comment_status":"closed","ping_status":"closed","template":"","meta":{"inline_featured_image":false,"footnotes":""},"class_list":["post-74611","page","type-page","status-publish","hentry"],"acf":[],"yoast_head":"<!-- This site is optimized with the Yoast SEO plugin v27.5 - https:\/\/yoast.com\/product\/yoast-seo-wordpress\/ -->\n<title>\u00c1reas de aplicaci\u00f3n del marketing por SMS - 1Tool<\/title>\n<meta name=\"robots\" content=\"index, follow, max-snippet:-1, max-image-preview:large, max-video-preview:-1\" \/>\n<link rel=\"canonical\" href=\"https:\/\/www.1tool.com\/es\/modulos\/marketing-y-ventas\/sms\/funciones-del-modulo-sms\/areas-de-aplicacion-del-marketing-por-sms\/\" \/>\n<meta property=\"og:locale\" content=\"es_ES\" \/>\n<meta property=\"og:type\" content=\"article\" \/>\n<meta property=\"og:title\" content=\"\u00c1reas de aplicaci\u00f3n del marketing por SMS - 1Tool\" \/>\n<meta property=\"og:description\" content=\"\u00c1reas de aplicaci\u00f3n del marketing por SMS El marketing por SMS es adecuado para todo tipo de organizaciones e industrias. 1Tool te ofrece varias formas de utilizar este instrumento de marketing de forma ideal para tu empresa. 1Tool te ofrece todas las opciones para utilizar SMS en tu CRM. \u00c1mbitos de aplicaci\u00f3n Tanto si eres [&hellip;]\" \/>\n<meta property=\"og:url\" content=\"https:\/\/www.1tool.com\/es\/modulos\/marketing-y-ventas\/sms\/funciones-del-modulo-sms\/areas-de-aplicacion-del-marketing-por-sms\/\" \/>\n<meta property=\"og:site_name\" content=\"1Tool\" \/>\n<meta property=\"article:modified_time\" content=\"2026-05-04T12:43:47+00:00\" \/>\n<meta name=\"twitter:card\" content=\"summary_large_image\" \/>\n<meta name=\"twitter:label1\" content=\"Tiempo de lectura\" \/>\n\t<meta name=\"twitter:data1\" content=\"1 minuto\" \/>\n<script type=\"application\/ld+json\" class=\"yoast-schema-graph\">{\"@context\":\"https:\\\/\\\/schema.org\",\"@graph\":[{\"@type\":\"WebPage\",\"@id\":\"https:\\\/\\\/www.1tool.com\\\/es\\\/modulos\\\/marketing-y-ventas\\\/sms\\\/funciones-del-modulo-sms\\\/areas-de-aplicacion-del-marketing-por-sms\\\/\",\"url\":\"https:\\\/\\\/www.1tool.com\\\/es\\\/modulos\\\/marketing-y-ventas\\\/sms\\\/funciones-del-modulo-sms\\\/areas-de-aplicacion-del-marketing-por-sms\\\/\",\"name\":\"\u00c1reas de aplicaci\u00f3n del marketing por SMS - 1Tool\",\"isPartOf\":{\"@id\":\"https:\\\/\\\/www.1tool.com\\\/es\\\/#website\"},\"datePublished\":\"2022-03-30T12:32:40+00:00\",\"dateModified\":\"2026-05-04T12:43:47+00:00\",\"breadcrumb\":{\"@id\":\"https:\\\/\\\/www.1tool.com\\\/es\\\/modulos\\\/marketing-y-ventas\\\/sms\\\/funciones-del-modulo-sms\\\/areas-de-aplicacion-del-marketing-por-sms\\\/#breadcrumb\"},\"inLanguage\":\"es\",\"potentialAction\":[{\"@type\":\"ReadAction\",\"target\":[\"https:\\\/\\\/www.1tool.com\\\/es\\\/modulos\\\/marketing-y-ventas\\\/sms\\\/funciones-del-modulo-sms\\\/areas-de-aplicacion-del-marketing-por-sms\\\/\"]}]},{\"@type\":\"BreadcrumbList\",\"@id\":\"https:\\\/\\\/www.1tool.com\\\/es\\\/modulos\\\/marketing-y-ventas\\\/sms\\\/funciones-del-modulo-sms\\\/areas-de-aplicacion-del-marketing-por-sms\\\/#breadcrumb\",\"itemListElement\":[{\"@type\":\"ListItem\",\"position\":1,\"name\":\"Home\",\"item\":\"https:\\\/\\\/www.1tool.com\\\/es\\\/\"},{\"@type\":\"ListItem\",\"position\":2,\"name\":\"M\u00f3dulos\",\"item\":\"https:\\\/\\\/www.1tool.com\\\/es\\\/modulos\\\/\"},{\"@type\":\"ListItem\",\"position\":3,\"name\":\"Marketing y Ventas\",\"item\":\"https:\\\/\\\/www.1tool.com\\\/es\\\/modulos\\\/marketing-y-ventas\\\/\"},{\"@type\":\"ListItem\",\"position\":4,\"name\":\"SMS\",\"item\":\"https:\\\/\\\/www.1tool.com\\\/es\\\/modulos\\\/marketing-y-ventas\\\/sms\\\/\"},{\"@type\":\"ListItem\",\"position\":5,\"name\":\"Funciones del m\u00f3dulo SMS\",\"item\":\"https:\\\/\\\/www.1tool.com\\\/es\\\/modulos\\\/marketing-y-ventas\\\/sms\\\/funciones-del-modulo-sms\\\/\"},{\"@type\":\"ListItem\",\"position\":6,\"name\":\"\u00c1reas de aplicaci\u00f3n del marketing por SMS\"}]},{\"@type\":\"WebSite\",\"@id\":\"https:\\\/\\\/www.1tool.com\\\/es\\\/#website\",\"url\":\"https:\\\/\\\/www.1tool.com\\\/es\\\/\",\"name\":\"1Tool\",\"description\":\"CRM\",\"publisher\":{\"@id\":\"https:\\\/\\\/www.1tool.com\\\/es\\\/#organization\"},\"potentialAction\":[{\"@type\":\"SearchAction\",\"target\":{\"@type\":\"EntryPoint\",\"urlTemplate\":\"https:\\\/\\\/www.1tool.com\\\/es\\\/?s={search_term_string}\"},\"query-input\":{\"@type\":\"PropertyValueSpecification\",\"valueRequired\":true,\"valueName\":\"search_term_string\"}}],\"inLanguage\":\"es\"},{\"@type\":\"Organization\",\"@id\":\"https:\\\/\\\/www.1tool.com\\\/es\\\/#organization\",\"name\":\"1Tool\",\"url\":\"https:\\\/\\\/www.1tool.com\\\/es\\\/\",\"logo\":{\"@type\":\"ImageObject\",\"inLanguage\":\"es\",\"@id\":\"https:\\\/\\\/www.1tool.com\\\/es\\\/#\\\/schema\\\/logo\\\/image\\\/\",\"url\":\"https:\\\/\\\/www.1tool.com\\\/wp-content\\\/uploads\\\/2022\\\/04\\\/1tool-1.png\",\"contentUrl\":\"https:\\\/\\\/www.1tool.com\\\/wp-content\\\/uploads\\\/2022\\\/04\\\/1tool-1.png\",\"width\":400,\"height\":150,\"caption\":\"1Tool\"},\"image\":{\"@id\":\"https:\\\/\\\/www.1tool.com\\\/es\\\/#\\\/schema\\\/logo\\\/image\\\/\"}}]}<\/script>\n<!-- \/ Yoast SEO plugin. -->","yoast_head_json":{"title":"\u00c1reas de aplicaci\u00f3n del marketing por SMS - 1Tool","robots":{"index":"index","follow":"follow","max-snippet":"max-snippet:-1","max-image-preview":"max-image-preview:large","max-video-preview":"max-video-preview:-1"},"canonical":"https:\/\/www.1tool.com\/es\/modulos\/marketing-y-ventas\/sms\/funciones-del-modulo-sms\/areas-de-aplicacion-del-marketing-por-sms\/","og_locale":"es_ES","og_type":"article","og_title":"\u00c1reas de aplicaci\u00f3n del marketing por SMS - 1Tool","og_description":"\u00c1reas de aplicaci\u00f3n del marketing por SMS El marketing por SMS es adecuado para todo tipo de organizaciones e industrias. 1Tool te ofrece varias formas de utilizar este instrumento de marketing de forma ideal para tu empresa. 1Tool te ofrece todas las opciones para utilizar SMS en tu CRM. \u00c1mbitos de aplicaci\u00f3n Tanto si eres [&hellip;]","og_url":"https:\/\/www.1tool.com\/es\/modulos\/marketing-y-ventas\/sms\/funciones-del-modulo-sms\/areas-de-aplicacion-del-marketing-por-sms\/","og_site_name":"1Tool","article_modified_time":"2026-05-04T12:43:47+00:00","twitter_card":"summary_large_image","twitter_misc":{"Tiempo de lectura":"1 minuto"},"schema":{"@context":"https:\/\/schema.org","@graph":[{"@type":"WebPage","@id":"https:\/\/www.1tool.com\/es\/modulos\/marketing-y-ventas\/sms\/funciones-del-modulo-sms\/areas-de-aplicacion-del-marketing-por-sms\/","url":"https:\/\/www.1tool.com\/es\/modulos\/marketing-y-ventas\/sms\/funciones-del-modulo-sms\/areas-de-aplicacion-del-marketing-por-sms\/","name":"\u00c1reas de aplicaci\u00f3n del marketing por SMS - 1Tool","isPartOf":{"@id":"https:\/\/www.1tool.com\/es\/#website"},"datePublished":"2022-03-30T12:32:40+00:00","dateModified":"2026-05-04T12:43:47+00:00","breadcrumb":{"@id":"https:\/\/www.1tool.com\/es\/modulos\/marketing-y-ventas\/sms\/funciones-del-modulo-sms\/areas-de-aplicacion-del-marketing-por-sms\/#breadcrumb"},"inLanguage":"es","potentialAction":[{"@type":"ReadAction","target":["https:\/\/www.1tool.com\/es\/modulos\/marketing-y-ventas\/sms\/funciones-del-modulo-sms\/areas-de-aplicacion-del-marketing-por-sms\/"]}]},{"@type":"BreadcrumbList","@id":"https:\/\/www.1tool.com\/es\/modulos\/marketing-y-ventas\/sms\/funciones-del-modulo-sms\/areas-de-aplicacion-del-marketing-por-sms\/#breadcrumb","itemListElement":[{"@type":"ListItem","position":1,"name":"Home","item":"https:\/\/www.1tool.com\/es\/"},{"@type":"ListItem","position":2,"name":"M\u00f3dulos","item":"https:\/\/www.1tool.com\/es\/modulos\/"},{"@type":"ListItem","position":3,"name":"Marketing y Ventas","item":"https:\/\/www.1tool.com\/es\/modulos\/marketing-y-ventas\/"},{"@type":"ListItem","position":4,"name":"SMS","item":"https:\/\/www.1tool.com\/es\/modulos\/marketing-y-ventas\/sms\/"},{"@type":"ListItem","position":5,"name":"Funciones del m\u00f3dulo SMS","item":"https:\/\/www.1tool.com\/es\/modulos\/marketing-y-ventas\/sms\/funciones-del-modulo-sms\/"},{"@type":"ListItem","position":6,"name":"\u00c1reas de aplicaci\u00f3n del marketing por SMS"}]},{"@type":"WebSite","@id":"https:\/\/www.1tool.com\/es\/#website","url":"https:\/\/www.1tool.com\/es\/","name":"1Tool","description":"CRM","publisher":{"@id":"https:\/\/www.1tool.com\/es\/#organization"},"potentialAction":[{"@type":"SearchAction","target":{"@type":"EntryPoint","urlTemplate":"https:\/\/www.1tool.com\/es\/?s={search_term_string}"},"query-input":{"@type":"PropertyValueSpecification","valueRequired":true,"valueName":"search_term_string"}}],"inLanguage":"es"},{"@type":"Organization","@id":"https:\/\/www.1tool.com\/es\/#organization","name":"1Tool","url":"https:\/\/www.1tool.com\/es\/","logo":{"@type":"ImageObject","inLanguage":"es","@id":"https:\/\/www.1tool.com\/es\/#\/schema\/logo\/image\/","url":"https:\/\/www.1tool.com\/wp-content\/uploads\/2022\/04\/1tool-1.png","contentUrl":"https:\/\/www.1tool.com\/wp-content\/uploads\/2022\/04\/1tool-1.png","width":400,"height":150,"caption":"1Tool"},"image":{"@id":"https:\/\/www.1tool.com\/es\/#\/schema\/logo\/image\/"}}]}},"_links":{"self":[{"href":"https:\/\/www.1tool.com\/es\/wp-json\/wp\/v2\/pages\/74611","targetHints":{"allow":["GET"]}}],"collection":[{"href":"https:\/\/www.1tool.com\/es\/wp-json\/wp\/v2\/pages"}],"about":[{"href":"https:\/\/www.1tool.com\/es\/wp-json\/wp\/v2\/types\/page"}],"author":[{"embeddable":true,"href":"https:\/\/www.1tool.com\/es\/wp-json\/wp\/v2\/users\/1"}],"replies":[{"embeddable":true,"href":"https:\/\/www.1tool.com\/es\/wp-json\/wp\/v2\/comments?post=74611"}],"version-history":[{"count":1,"href":"https:\/\/www.1tool.com\/es\/wp-json\/wp\/v2\/pages\/74611\/revisions"}],"predecessor-version":[{"id":74614,"href":"https:\/\/www.1tool.com\/es\/wp-json\/wp\/v2\/pages\/74611\/revisions\/74614"}],"up":[{"embeddable":true,"href":"https:\/\/www.1tool.com\/es\/wp-json\/wp\/v2\/pages\/76081"}],"wp:attachment":[{"href":"https:\/\/www.1tool.com\/es\/wp-json\/wp\/v2\/media?parent=74611"}],"curies":[{"name":"wp","href":"https:\/\/api.w.org\/{rel}","templated":true}]}}