{"id":75012,"date":"2022-03-31T05:01:16","date_gmt":"2022-03-31T03:01:16","guid":{"rendered":"https:\/\/www.1tool.com\/modulos\/organizacion-y-servicio\/eventos\/funciones-modulo-eventos\/gestion-de-eventos\/"},"modified":"2026-05-04T14:30:04","modified_gmt":"2026-05-04T12:30:04","slug":"gestion-de-eventos","status":"publish","type":"page","link":"https:\/\/www.1tool.com\/es\/modulos\/organizacion-y-servicio\/eventos\/funciones-modulo-eventos\/gestion-de-eventos\/","title":{"rendered":"Gesti\u00f3n de eventos"},"content":{"rendered":"\t\t<div data-elementor-type=\"wp-page\" data-elementor-id=\"75012\" class=\"elementor elementor-75012 elementor-49903\" data-elementor-post-type=\"page\">\n\t\t\t\t\t\t<section class=\"elementor-section elementor-top-section elementor-element elementor-element-fab54ce elementor-section-boxed elementor-section-height-default elementor-section-height-default shadepro-adv-gradient-no shadepro-sticky-no\" data-id=\"fab54ce\" data-element_type=\"section\" data-e-type=\"section\" data-settings=\"{&quot;shadepro_sticky&quot;:&quot;no&quot;}\">\n\t\t\t\t\t\t<div class=\"elementor-container elementor-column-gap-default\">\n\t\t\t\t\t<div class=\"elementor-column elementor-col-100 elementor-top-column elementor-element elementor-element-4ecb2f1\" data-id=\"4ecb2f1\" data-element_type=\"column\" data-e-type=\"column\">\n\t\t\t<div class=\"elementor-widget-wrap elementor-element-populated\">\n\t\t\t\t\t\t<div class=\"elementor-element elementor-element-ba7dde1 shadepro-sticky-no elementor-widget elementor-widget-heading\" data-id=\"ba7dde1\" data-element_type=\"widget\" data-e-type=\"widget\" data-settings=\"{&quot;shadepro_sticky&quot;:&quot;no&quot;}\" data-widget_type=\"heading.default\">\n\t\t\t\t<div class=\"elementor-widget-container\">\n\t\t\t\t\t<h1 class=\"elementor-heading-title elementor-size-default\">Gesti\u00f3n de eventos<\/h1>\t\t\t\t<\/div>\n\t\t\t\t<\/div>\n\t\t\t\t<div class=\"elementor-element elementor-element-441a1f6 shadepro-sticky-no elementor-widget elementor-widget-text-editor\" data-id=\"441a1f6\" data-element_type=\"widget\" data-e-type=\"widget\" data-settings=\"{&quot;shadepro_sticky&quot;:&quot;no&quot;}\" data-widget_type=\"text-editor.default\">\n\t\t\t\t<div class=\"elementor-widget-container\">\n\t\t\t\t\t\t\t\t\t<p>Planificaci\u00f3n, realizaci\u00f3n y seguimiento eficaces de los eventos con el sistema de gesti\u00f3n de eventos 1Tool<\/p>\t\t\t\t\t\t\t\t<\/div>\n\t\t\t\t<\/div>\n\t\t\t\t<section class=\"elementor-section elementor-inner-section elementor-element elementor-element-3fef598 elementor-section-boxed elementor-section-height-default elementor-section-height-default shadepro-adv-gradient-no shadepro-sticky-no\" data-id=\"3fef598\" data-element_type=\"section\" data-e-type=\"section\" data-settings=\"{&quot;shadepro_sticky&quot;:&quot;no&quot;}\">\n\t\t\t\t\t\t<div class=\"elementor-container elementor-column-gap-default\">\n\t\t\t\t\t<div class=\"elementor-column elementor-col-100 elementor-inner-column elementor-element elementor-element-6808662\" data-id=\"6808662\" data-element_type=\"column\" data-e-type=\"column\">\n\t\t\t<div class=\"elementor-widget-wrap elementor-element-populated\">\n\t\t\t\t\t\t<div class=\"elementor-element elementor-element-c961313 shadepro-sticky-no elementor-widget elementor-widget-text-editor\" data-id=\"c961313\" data-element_type=\"widget\" data-e-type=\"widget\" data-settings=\"{&quot;shadepro_sticky&quot;:&quot;no&quot;}\" data-widget_type=\"text-editor.default\">\n\t\t\t\t<div class=\"elementor-widget-container\">\n\t\t\t\t\t\t\t\t\t<h3>Gesti\u00f3n de cursos en 1Tool Gesti\u00f3n de Eventos<\/h3><p>Puedes crear tu curso de formaci\u00f3n o perfeccionamiento en pocos pasos mediante un sencillo formulario. Los eventos superiores y subordinados, as\u00ed como la definici\u00f3n de los objetivos y contenidos del curso, facilitan enormemente la gesti\u00f3n de eventos de 1Tool. La creaci\u00f3n autom\u00e1tica de un manual de seminarios hace que 1Tool sea \u00fanico como herramienta de seminarios: los cursos se transfieren autom\u00e1ticamente tras su creaci\u00f3n, el \u00edndice din\u00e1mico lleva directamente al seminario deseado y la inscripci\u00f3n tambi\u00e9n puede realizarse directamente desde el manual online.  <\/p><h4>Facturaci\u00f3n autom\u00e1tica de tus cursos<\/h4><p>La gesti\u00f3n de eventos de 1Tool tambi\u00e9n garantiza que tus actividades rutinarias se desarrollen sin problemas despu\u00e9s del evento. Los clientes pueden pagar el evento directamente online, 1Tool genera autom\u00e1ticamente las facturas correspondientes en segundo plano o se encarga de la creaci\u00f3n autom\u00e1tica de notas de cr\u00e9dito en caso de cancelaciones. <\/p><p>Dependiendo de la empresa, las cancelaciones tambi\u00e9n pueden estar asociadas a sus propias normas de cancelaci\u00f3n. La Gesti\u00f3n de Eventos calcula autom\u00e1ticamente el importe que se cobrar\u00e1 o reembolsar\u00e1 al cliente en funci\u00f3n del n\u00famero de d\u00edas antes del inicio del curso. <\/p><h4>Comunicaci\u00f3n \u00f3ptima con los participantes en el curso<\/h4><p>Tanto si quieres recordar a los participantes de un curso un pr\u00f3ximo evento, anunciar nuevos eventos o enviar una invitaci\u00f3n personal a un seminario de seguimiento, 1Tool Gesti\u00f3n de Eventos garantiza una comunicaci\u00f3n \u00f3ptima con tus clientes mediante boletines personalizados y mensajes SMS. \u00a1Esto garantiza la mejor asistencia y la plena utilizaci\u00f3n del evento! <\/p>\t\t\t\t\t\t\t\t<\/div>\n\t\t\t\t<\/div>\n\t\t\t\t\t<\/div>\n\t\t<\/div>\n\t\t\t\t\t<\/div>\n\t\t<\/section>\n\t\t\t\t\t<\/div>\n\t\t<\/div>\n\t\t\t\t\t<\/div>\n\t\t<\/section>\n\t\t\t\t<\/div>\n\t\t","protected":false},"excerpt":{"rendered":"<p>Gesti\u00f3n de eventos Planificaci\u00f3n, realizaci\u00f3n y seguimiento eficaces de los eventos con el sistema de gesti\u00f3n de eventos 1Tool Gesti\u00f3n de cursos en 1Tool Gesti\u00f3n de Eventos Puedes crear tu curso de formaci\u00f3n o perfeccionamiento en pocos pasos mediante un sencillo formulario. Los eventos superiores y subordinados, as\u00ed como la definici\u00f3n de los objetivos y [&hellip;]<\/p>\n","protected":false},"author":1,"featured_media":0,"parent":74667,"menu_order":0,"comment_status":"closed","ping_status":"closed","template":"","meta":{"inline_featured_image":false,"footnotes":""},"class_list":["post-75012","page","type-page","status-publish","hentry"],"acf":[],"yoast_head":"<!-- This site is optimized with the Yoast SEO plugin v27.5 - https:\/\/yoast.com\/product\/yoast-seo-wordpress\/ -->\n<title>Gesti\u00f3n de eventos - 1Tool<\/title>\n<meta name=\"robots\" content=\"index, follow, max-snippet:-1, max-image-preview:large, max-video-preview:-1\" \/>\n<link rel=\"canonical\" href=\"https:\/\/www.1tool.com\/es\/modulos\/organizacion-y-servicio\/eventos\/funciones-modulo-eventos\/gestion-de-eventos\/\" \/>\n<meta property=\"og:locale\" content=\"es_ES\" \/>\n<meta property=\"og:type\" content=\"article\" \/>\n<meta property=\"og:title\" content=\"Gesti\u00f3n de eventos - 1Tool\" \/>\n<meta property=\"og:description\" content=\"Gesti\u00f3n de eventos Planificaci\u00f3n, realizaci\u00f3n y seguimiento eficaces de los eventos con el sistema de gesti\u00f3n de eventos 1Tool Gesti\u00f3n de cursos en 1Tool Gesti\u00f3n de Eventos Puedes crear tu curso de formaci\u00f3n o perfeccionamiento en pocos pasos mediante un sencillo formulario. Los eventos superiores y subordinados, as\u00ed como la definici\u00f3n de los objetivos y [&hellip;]\" \/>\n<meta property=\"og:url\" content=\"https:\/\/www.1tool.com\/es\/modulos\/organizacion-y-servicio\/eventos\/funciones-modulo-eventos\/gestion-de-eventos\/\" \/>\n<meta property=\"og:site_name\" content=\"1Tool\" \/>\n<meta property=\"article:modified_time\" content=\"2026-05-04T12:30:04+00:00\" \/>\n<meta name=\"twitter:card\" content=\"summary_large_image\" \/>\n<meta name=\"twitter:label1\" content=\"Tiempo de lectura\" \/>\n\t<meta name=\"twitter:data1\" content=\"2 minutos\" \/>\n<script type=\"application\/ld+json\" class=\"yoast-schema-graph\">{\"@context\":\"https:\\\/\\\/schema.org\",\"@graph\":[{\"@type\":\"WebPage\",\"@id\":\"https:\\\/\\\/www.1tool.com\\\/es\\\/modulos\\\/organizacion-y-servicio\\\/eventos\\\/funciones-modulo-eventos\\\/gestion-de-eventos\\\/\",\"url\":\"https:\\\/\\\/www.1tool.com\\\/es\\\/modulos\\\/organizacion-y-servicio\\\/eventos\\\/funciones-modulo-eventos\\\/gestion-de-eventos\\\/\",\"name\":\"Gesti\u00f3n de eventos - 1Tool\",\"isPartOf\":{\"@id\":\"https:\\\/\\\/www.1tool.com\\\/es\\\/#website\"},\"datePublished\":\"2022-03-31T03:01:16+00:00\",\"dateModified\":\"2026-05-04T12:30:04+00:00\",\"breadcrumb\":{\"@id\":\"https:\\\/\\\/www.1tool.com\\\/es\\\/modulos\\\/organizacion-y-servicio\\\/eventos\\\/funciones-modulo-eventos\\\/gestion-de-eventos\\\/#breadcrumb\"},\"inLanguage\":\"es\",\"potentialAction\":[{\"@type\":\"ReadAction\",\"target\":[\"https:\\\/\\\/www.1tool.com\\\/es\\\/modulos\\\/organizacion-y-servicio\\\/eventos\\\/funciones-modulo-eventos\\\/gestion-de-eventos\\\/\"]}]},{\"@type\":\"BreadcrumbList\",\"@id\":\"https:\\\/\\\/www.1tool.com\\\/es\\\/modulos\\\/organizacion-y-servicio\\\/eventos\\\/funciones-modulo-eventos\\\/gestion-de-eventos\\\/#breadcrumb\",\"itemListElement\":[{\"@type\":\"ListItem\",\"position\":1,\"name\":\"Home\",\"item\":\"https:\\\/\\\/www.1tool.com\\\/es\\\/\"},{\"@type\":\"ListItem\",\"position\":2,\"name\":\"M\u00f3dulos\",\"item\":\"https:\\\/\\\/www.1tool.com\\\/es\\\/modulos\\\/\"},{\"@type\":\"ListItem\",\"position\":3,\"name\":\"Organizaci\u00f3n y Servicio\",\"item\":\"https:\\\/\\\/www.1tool.com\\\/es\\\/modulos\\\/organizacion-y-servicio\\\/\"},{\"@type\":\"ListItem\",\"position\":4,\"name\":\"eventos\",\"item\":\"https:\\\/\\\/www.1tool.com\\\/es\\\/modulos\\\/organizacion-y-servicio\\\/eventos\\\/\"},{\"@type\":\"ListItem\",\"position\":5,\"name\":\"Funciones M\u00f3dulo Eventos\",\"item\":\"https:\\\/\\\/www.1tool.com\\\/es\\\/modulos\\\/organizacion-y-servicio\\\/eventos\\\/funciones-modulo-eventos\\\/\"},{\"@type\":\"ListItem\",\"position\":6,\"name\":\"Gesti\u00f3n de eventos\"}]},{\"@type\":\"WebSite\",\"@id\":\"https:\\\/\\\/www.1tool.com\\\/es\\\/#website\",\"url\":\"https:\\\/\\\/www.1tool.com\\\/es\\\/\",\"name\":\"1Tool\",\"description\":\"CRM\",\"publisher\":{\"@id\":\"https:\\\/\\\/www.1tool.com\\\/es\\\/#organization\"},\"potentialAction\":[{\"@type\":\"SearchAction\",\"target\":{\"@type\":\"EntryPoint\",\"urlTemplate\":\"https:\\\/\\\/www.1tool.com\\\/es\\\/?s={search_term_string}\"},\"query-input\":{\"@type\":\"PropertyValueSpecification\",\"valueRequired\":true,\"valueName\":\"search_term_string\"}}],\"inLanguage\":\"es\"},{\"@type\":\"Organization\",\"@id\":\"https:\\\/\\\/www.1tool.com\\\/es\\\/#organization\",\"name\":\"1Tool\",\"url\":\"https:\\\/\\\/www.1tool.com\\\/es\\\/\",\"logo\":{\"@type\":\"ImageObject\",\"inLanguage\":\"es\",\"@id\":\"https:\\\/\\\/www.1tool.com\\\/es\\\/#\\\/schema\\\/logo\\\/image\\\/\",\"url\":\"https:\\\/\\\/www.1tool.com\\\/wp-content\\\/uploads\\\/2022\\\/04\\\/1tool-1.png\",\"contentUrl\":\"https:\\\/\\\/www.1tool.com\\\/wp-content\\\/uploads\\\/2022\\\/04\\\/1tool-1.png\",\"width\":400,\"height\":150,\"caption\":\"1Tool\"},\"image\":{\"@id\":\"https:\\\/\\\/www.1tool.com\\\/es\\\/#\\\/schema\\\/logo\\\/image\\\/\"}}]}<\/script>\n<!-- \/ Yoast SEO plugin. -->","yoast_head_json":{"title":"Gesti\u00f3n de eventos - 1Tool","robots":{"index":"index","follow":"follow","max-snippet":"max-snippet:-1","max-image-preview":"max-image-preview:large","max-video-preview":"max-video-preview:-1"},"canonical":"https:\/\/www.1tool.com\/es\/modulos\/organizacion-y-servicio\/eventos\/funciones-modulo-eventos\/gestion-de-eventos\/","og_locale":"es_ES","og_type":"article","og_title":"Gesti\u00f3n de eventos - 1Tool","og_description":"Gesti\u00f3n de eventos Planificaci\u00f3n, realizaci\u00f3n y seguimiento eficaces de los eventos con el sistema de gesti\u00f3n de eventos 1Tool Gesti\u00f3n de cursos en 1Tool Gesti\u00f3n de Eventos Puedes crear tu curso de formaci\u00f3n o perfeccionamiento en pocos pasos mediante un sencillo formulario. Los eventos superiores y subordinados, as\u00ed como la definici\u00f3n de los objetivos y [&hellip;]","og_url":"https:\/\/www.1tool.com\/es\/modulos\/organizacion-y-servicio\/eventos\/funciones-modulo-eventos\/gestion-de-eventos\/","og_site_name":"1Tool","article_modified_time":"2026-05-04T12:30:04+00:00","twitter_card":"summary_large_image","twitter_misc":{"Tiempo de lectura":"2 minutos"},"schema":{"@context":"https:\/\/schema.org","@graph":[{"@type":"WebPage","@id":"https:\/\/www.1tool.com\/es\/modulos\/organizacion-y-servicio\/eventos\/funciones-modulo-eventos\/gestion-de-eventos\/","url":"https:\/\/www.1tool.com\/es\/modulos\/organizacion-y-servicio\/eventos\/funciones-modulo-eventos\/gestion-de-eventos\/","name":"Gesti\u00f3n de eventos - 1Tool","isPartOf":{"@id":"https:\/\/www.1tool.com\/es\/#website"},"datePublished":"2022-03-31T03:01:16+00:00","dateModified":"2026-05-04T12:30:04+00:00","breadcrumb":{"@id":"https:\/\/www.1tool.com\/es\/modulos\/organizacion-y-servicio\/eventos\/funciones-modulo-eventos\/gestion-de-eventos\/#breadcrumb"},"inLanguage":"es","potentialAction":[{"@type":"ReadAction","target":["https:\/\/www.1tool.com\/es\/modulos\/organizacion-y-servicio\/eventos\/funciones-modulo-eventos\/gestion-de-eventos\/"]}]},{"@type":"BreadcrumbList","@id":"https:\/\/www.1tool.com\/es\/modulos\/organizacion-y-servicio\/eventos\/funciones-modulo-eventos\/gestion-de-eventos\/#breadcrumb","itemListElement":[{"@type":"ListItem","position":1,"name":"Home","item":"https:\/\/www.1tool.com\/es\/"},{"@type":"ListItem","position":2,"name":"M\u00f3dulos","item":"https:\/\/www.1tool.com\/es\/modulos\/"},{"@type":"ListItem","position":3,"name":"Organizaci\u00f3n y Servicio","item":"https:\/\/www.1tool.com\/es\/modulos\/organizacion-y-servicio\/"},{"@type":"ListItem","position":4,"name":"eventos","item":"https:\/\/www.1tool.com\/es\/modulos\/organizacion-y-servicio\/eventos\/"},{"@type":"ListItem","position":5,"name":"Funciones M\u00f3dulo Eventos","item":"https:\/\/www.1tool.com\/es\/modulos\/organizacion-y-servicio\/eventos\/funciones-modulo-eventos\/"},{"@type":"ListItem","position":6,"name":"Gesti\u00f3n de eventos"}]},{"@type":"WebSite","@id":"https:\/\/www.1tool.com\/es\/#website","url":"https:\/\/www.1tool.com\/es\/","name":"1Tool","description":"CRM","publisher":{"@id":"https:\/\/www.1tool.com\/es\/#organization"},"potentialAction":[{"@type":"SearchAction","target":{"@type":"EntryPoint","urlTemplate":"https:\/\/www.1tool.com\/es\/?s={search_term_string}"},"query-input":{"@type":"PropertyValueSpecification","valueRequired":true,"valueName":"search_term_string"}}],"inLanguage":"es"},{"@type":"Organization","@id":"https:\/\/www.1tool.com\/es\/#organization","name":"1Tool","url":"https:\/\/www.1tool.com\/es\/","logo":{"@type":"ImageObject","inLanguage":"es","@id":"https:\/\/www.1tool.com\/es\/#\/schema\/logo\/image\/","url":"https:\/\/www.1tool.com\/wp-content\/uploads\/2022\/04\/1tool-1.png","contentUrl":"https:\/\/www.1tool.com\/wp-content\/uploads\/2022\/04\/1tool-1.png","width":400,"height":150,"caption":"1Tool"},"image":{"@id":"https:\/\/www.1tool.com\/es\/#\/schema\/logo\/image\/"}}]}},"_links":{"self":[{"href":"https:\/\/www.1tool.com\/es\/wp-json\/wp\/v2\/pages\/75012","targetHints":{"allow":["GET"]}}],"collection":[{"href":"https:\/\/www.1tool.com\/es\/wp-json\/wp\/v2\/pages"}],"about":[{"href":"https:\/\/www.1tool.com\/es\/wp-json\/wp\/v2\/types\/page"}],"author":[{"embeddable":true,"href":"https:\/\/www.1tool.com\/es\/wp-json\/wp\/v2\/users\/1"}],"replies":[{"embeddable":true,"href":"https:\/\/www.1tool.com\/es\/wp-json\/wp\/v2\/comments?post=75012"}],"version-history":[{"count":1,"href":"https:\/\/www.1tool.com\/es\/wp-json\/wp\/v2\/pages\/75012\/revisions"}],"predecessor-version":[{"id":75014,"href":"https:\/\/www.1tool.com\/es\/wp-json\/wp\/v2\/pages\/75012\/revisions\/75014"}],"up":[{"embeddable":true,"href":"https:\/\/www.1tool.com\/es\/wp-json\/wp\/v2\/pages\/74667"}],"wp:attachment":[{"href":"https:\/\/www.1tool.com\/es\/wp-json\/wp\/v2\/media?parent=75012"}],"curies":[{"name":"wp","href":"https:\/\/api.w.org\/{rel}","templated":true}]}}