{"id":75018,"date":"2022-03-31T04:45:55","date_gmt":"2022-03-31T02:45:55","guid":{"rendered":"https:\/\/www.1tool.com\/modulos\/organizacion-y-servicio\/registro-de-tiempo\/funciones-del-modulo-de-registro-de-tiempo\/informe-de-registro-de-tiempos\/"},"modified":"2026-05-04T14:29:59","modified_gmt":"2026-05-04T12:29:59","slug":"informe-de-registro-de-tiempos","status":"publish","type":"page","link":"https:\/\/www.1tool.com\/es\/modulos\/organizacion-y-servicio\/registro-de-tiempo\/funciones-del-modulo-de-registro-de-tiempo\/informe-de-registro-de-tiempos\/","title":{"rendered":"Informe de registro de tiempos"},"content":{"rendered":"\t\t<div data-elementor-type=\"wp-page\" data-elementor-id=\"75018\" class=\"elementor elementor-75018 elementor-49824\" data-elementor-post-type=\"page\">\n\t\t\t\t\t\t<section class=\"elementor-section elementor-top-section elementor-element elementor-element-201fcb9 elementor-section-boxed elementor-section-height-default elementor-section-height-default shadepro-adv-gradient-no shadepro-sticky-no\" data-id=\"201fcb9\" data-element_type=\"section\" data-e-type=\"section\" data-settings=\"{&quot;shadepro_sticky&quot;:&quot;no&quot;}\">\n\t\t\t\t\t\t<div class=\"elementor-container elementor-column-gap-default\">\n\t\t\t\t\t<div class=\"elementor-column elementor-col-100 elementor-top-column elementor-element elementor-element-436fd7f\" data-id=\"436fd7f\" data-element_type=\"column\" data-e-type=\"column\">\n\t\t\t<div class=\"elementor-widget-wrap elementor-element-populated\">\n\t\t\t\t\t\t<div class=\"elementor-element elementor-element-572b506 shadepro-sticky-no elementor-widget elementor-widget-heading\" data-id=\"572b506\" data-element_type=\"widget\" data-e-type=\"widget\" data-settings=\"{&quot;shadepro_sticky&quot;:&quot;no&quot;}\" data-widget_type=\"heading.default\">\n\t\t\t\t<div class=\"elementor-widget-container\">\n\t\t\t\t\t<h1 class=\"elementor-heading-title elementor-size-default\">Informe de registro de tiempos<\/h1>\t\t\t\t<\/div>\n\t\t\t\t<\/div>\n\t\t\t\t<div class=\"elementor-element elementor-element-2468406 shadepro-sticky-no elementor-widget elementor-widget-text-editor\" data-id=\"2468406\" data-element_type=\"widget\" data-e-type=\"widget\" data-settings=\"{&quot;shadepro_sticky&quot;:&quot;no&quot;}\" data-widget_type=\"text-editor.default\">\n\t\t\t\t<div class=\"elementor-widget-container\">\n\t\t\t\t\t\t\t\t\t<p>Con 1Tool, puedes analizar r\u00e1pida y f\u00e1cilmente tus horas de trabajo, horas extraordinarias o tiempo compensatorio con un clic de rat\u00f3n y verlas en el correspondiente informe de registro de tiempos.<\/p>\t\t\t\t\t\t\t\t<\/div>\n\t\t\t\t<\/div>\n\t\t\t\t<section class=\"elementor-section elementor-inner-section elementor-element elementor-element-9b6339d elementor-section-boxed elementor-section-height-default elementor-section-height-default shadepro-adv-gradient-no shadepro-sticky-no\" data-id=\"9b6339d\" data-element_type=\"section\" data-e-type=\"section\" data-settings=\"{&quot;shadepro_sticky&quot;:&quot;no&quot;}\">\n\t\t\t\t\t\t<div class=\"elementor-container elementor-column-gap-default\">\n\t\t\t\t\t<div class=\"elementor-column elementor-col-100 elementor-inner-column elementor-element elementor-element-9947d84\" data-id=\"9947d84\" data-element_type=\"column\" data-e-type=\"column\">\n\t\t\t<div class=\"elementor-widget-wrap elementor-element-populated\">\n\t\t\t\t\t\t<div class=\"elementor-element elementor-element-da6b9fb shadepro-sticky-no elementor-widget elementor-widget-text-editor\" data-id=\"da6b9fb\" data-element_type=\"widget\" data-e-type=\"widget\" data-settings=\"{&quot;shadepro_sticky&quot;:&quot;no&quot;}\" data-widget_type=\"text-editor.default\">\n\t\t\t\t<div class=\"elementor-widget-container\">\n\t\t\t\t\t\t\t\t\t<h3>Analiza f\u00e1cilmente los tiempos de trabajo<\/h3><p>Cada mes, el programa genera autom\u00e1ticamente su propio informe de registro de tiempos, para que puedas ver de un vistazo qu\u00e9 actividades has completado en el mes correspondiente y cu\u00e1ntas horas se han invertido por tarea. El informe tambi\u00e9n te ofrece una visi\u00f3n general de los d\u00edas de vacaciones y horas extraordinarias pendientes y nuevos. Tambi\u00e9n puedes ver cu\u00e1ntas horas has trabajado cada d\u00eda gracias a una lista detallada de los d\u00edas del mes.  <\/p><p>Por tanto, la evaluaci\u00f3n es posible a trav\u00e9s de los empleados, pero tambi\u00e9n a trav\u00e9s de los proyectos\/\u00f3rdenes (unidades de coste, centros de coste) y, por tanto, es r\u00e1pida y sencilla con la 1Herramienta.<\/p><p><em>M\u00e1s informaci\u00f3n sobre 1Tool <strong><a href=\"https:\/\/www.1tool.com\/manual\/zeiterfassung\/zeiterfassungs-bericht\/\" target=\"_blank\" rel=\"noreferrer noopener\">informe de registro de tiempos<\/a><\/strong><\/em><\/p>\t\t\t\t\t\t\t\t<\/div>\n\t\t\t\t<\/div>\n\t\t\t\t\t<\/div>\n\t\t<\/div>\n\t\t\t\t\t<\/div>\n\t\t<\/section>\n\t\t\t\t\t<\/div>\n\t\t<\/div>\n\t\t\t\t\t<\/div>\n\t\t<\/section>\n\t\t\t\t<\/div>\n\t\t","protected":false},"excerpt":{"rendered":"<p>Informe de registro de tiempos Con 1Tool, puedes analizar r\u00e1pida y f\u00e1cilmente tus horas de trabajo, horas extraordinarias o tiempo compensatorio con un clic de rat\u00f3n y verlas en el correspondiente informe de registro de tiempos. Analiza f\u00e1cilmente los tiempos de trabajo Cada mes, el programa genera autom\u00e1ticamente su propio informe de registro de tiempos, [&hellip;]<\/p>\n","protected":false},"author":1,"featured_media":0,"parent":74693,"menu_order":0,"comment_status":"closed","ping_status":"closed","template":"","meta":{"inline_featured_image":false,"footnotes":""},"class_list":["post-75018","page","type-page","status-publish","hentry"],"acf":[],"yoast_head":"<!-- This site is optimized with the Yoast SEO plugin v27.5 - https:\/\/yoast.com\/product\/yoast-seo-wordpress\/ -->\n<title>Informe de registro de tiempos - 1Tool<\/title>\n<meta name=\"robots\" content=\"index, follow, max-snippet:-1, max-image-preview:large, max-video-preview:-1\" \/>\n<link rel=\"canonical\" href=\"https:\/\/www.1tool.com\/es\/modulos\/organizacion-y-servicio\/registro-de-tiempo\/funciones-del-modulo-de-registro-de-tiempo\/informe-de-registro-de-tiempos\/\" \/>\n<meta property=\"og:locale\" content=\"es_ES\" \/>\n<meta property=\"og:type\" content=\"article\" \/>\n<meta property=\"og:title\" content=\"Informe de registro de tiempos - 1Tool\" \/>\n<meta property=\"og:description\" content=\"Informe de registro de tiempos Con 1Tool, puedes analizar r\u00e1pida y f\u00e1cilmente tus horas de trabajo, horas extraordinarias o tiempo compensatorio con un clic de rat\u00f3n y verlas en el correspondiente informe de registro de tiempos. Analiza f\u00e1cilmente los tiempos de trabajo Cada mes, el programa genera autom\u00e1ticamente su propio informe de registro de tiempos, [&hellip;]\" \/>\n<meta property=\"og:url\" content=\"https:\/\/www.1tool.com\/es\/modulos\/organizacion-y-servicio\/registro-de-tiempo\/funciones-del-modulo-de-registro-de-tiempo\/informe-de-registro-de-tiempos\/\" \/>\n<meta property=\"og:site_name\" content=\"1Tool\" \/>\n<meta property=\"article:modified_time\" content=\"2026-05-04T12:29:59+00:00\" \/>\n<meta name=\"twitter:card\" content=\"summary_large_image\" \/>\n<meta name=\"twitter:label1\" content=\"Tiempo de lectura\" \/>\n\t<meta name=\"twitter:data1\" content=\"1 minuto\" \/>\n<script type=\"application\/ld+json\" class=\"yoast-schema-graph\">{\"@context\":\"https:\\\/\\\/schema.org\",\"@graph\":[{\"@type\":\"WebPage\",\"@id\":\"https:\\\/\\\/www.1tool.com\\\/es\\\/modulos\\\/organizacion-y-servicio\\\/registro-de-tiempo\\\/funciones-del-modulo-de-registro-de-tiempo\\\/informe-de-registro-de-tiempos\\\/\",\"url\":\"https:\\\/\\\/www.1tool.com\\\/es\\\/modulos\\\/organizacion-y-servicio\\\/registro-de-tiempo\\\/funciones-del-modulo-de-registro-de-tiempo\\\/informe-de-registro-de-tiempos\\\/\",\"name\":\"Informe de registro de tiempos - 1Tool\",\"isPartOf\":{\"@id\":\"https:\\\/\\\/www.1tool.com\\\/es\\\/#website\"},\"datePublished\":\"2022-03-31T02:45:55+00:00\",\"dateModified\":\"2026-05-04T12:29:59+00:00\",\"breadcrumb\":{\"@id\":\"https:\\\/\\\/www.1tool.com\\\/es\\\/modulos\\\/organizacion-y-servicio\\\/registro-de-tiempo\\\/funciones-del-modulo-de-registro-de-tiempo\\\/informe-de-registro-de-tiempos\\\/#breadcrumb\"},\"inLanguage\":\"es\",\"potentialAction\":[{\"@type\":\"ReadAction\",\"target\":[\"https:\\\/\\\/www.1tool.com\\\/es\\\/modulos\\\/organizacion-y-servicio\\\/registro-de-tiempo\\\/funciones-del-modulo-de-registro-de-tiempo\\\/informe-de-registro-de-tiempos\\\/\"]}]},{\"@type\":\"BreadcrumbList\",\"@id\":\"https:\\\/\\\/www.1tool.com\\\/es\\\/modulos\\\/organizacion-y-servicio\\\/registro-de-tiempo\\\/funciones-del-modulo-de-registro-de-tiempo\\\/informe-de-registro-de-tiempos\\\/#breadcrumb\",\"itemListElement\":[{\"@type\":\"ListItem\",\"position\":1,\"name\":\"Home\",\"item\":\"https:\\\/\\\/www.1tool.com\\\/es\\\/\"},{\"@type\":\"ListItem\",\"position\":2,\"name\":\"M\u00f3dulos\",\"item\":\"https:\\\/\\\/www.1tool.com\\\/es\\\/modulos\\\/\"},{\"@type\":\"ListItem\",\"position\":3,\"name\":\"Organizaci\u00f3n y Servicio\",\"item\":\"https:\\\/\\\/www.1tool.com\\\/es\\\/modulos\\\/organizacion-y-servicio\\\/\"},{\"@type\":\"ListItem\",\"position\":4,\"name\":\"Registro de tiempo\",\"item\":\"https:\\\/\\\/www.1tool.com\\\/es\\\/modulos\\\/organizacion-y-servicio\\\/registro-de-tiempo\\\/\"},{\"@type\":\"ListItem\",\"position\":5,\"name\":\"Funciones del m\u00f3dulo de registro de tiempo\",\"item\":\"https:\\\/\\\/www.1tool.com\\\/es\\\/modulos\\\/organizacion-y-servicio\\\/registro-de-tiempo\\\/funciones-del-modulo-de-registro-de-tiempo\\\/\"},{\"@type\":\"ListItem\",\"position\":6,\"name\":\"Informe de registro de tiempos\"}]},{\"@type\":\"WebSite\",\"@id\":\"https:\\\/\\\/www.1tool.com\\\/es\\\/#website\",\"url\":\"https:\\\/\\\/www.1tool.com\\\/es\\\/\",\"name\":\"1Tool\",\"description\":\"CRM\",\"publisher\":{\"@id\":\"https:\\\/\\\/www.1tool.com\\\/es\\\/#organization\"},\"potentialAction\":[{\"@type\":\"SearchAction\",\"target\":{\"@type\":\"EntryPoint\",\"urlTemplate\":\"https:\\\/\\\/www.1tool.com\\\/es\\\/?s={search_term_string}\"},\"query-input\":{\"@type\":\"PropertyValueSpecification\",\"valueRequired\":true,\"valueName\":\"search_term_string\"}}],\"inLanguage\":\"es\"},{\"@type\":\"Organization\",\"@id\":\"https:\\\/\\\/www.1tool.com\\\/es\\\/#organization\",\"name\":\"1Tool\",\"url\":\"https:\\\/\\\/www.1tool.com\\\/es\\\/\",\"logo\":{\"@type\":\"ImageObject\",\"inLanguage\":\"es\",\"@id\":\"https:\\\/\\\/www.1tool.com\\\/es\\\/#\\\/schema\\\/logo\\\/image\\\/\",\"url\":\"https:\\\/\\\/www.1tool.com\\\/wp-content\\\/uploads\\\/2022\\\/04\\\/1tool-1.png\",\"contentUrl\":\"https:\\\/\\\/www.1tool.com\\\/wp-content\\\/uploads\\\/2022\\\/04\\\/1tool-1.png\",\"width\":400,\"height\":150,\"caption\":\"1Tool\"},\"image\":{\"@id\":\"https:\\\/\\\/www.1tool.com\\\/es\\\/#\\\/schema\\\/logo\\\/image\\\/\"}}]}<\/script>\n<!-- \/ Yoast SEO plugin. -->","yoast_head_json":{"title":"Informe de registro de tiempos - 1Tool","robots":{"index":"index","follow":"follow","max-snippet":"max-snippet:-1","max-image-preview":"max-image-preview:large","max-video-preview":"max-video-preview:-1"},"canonical":"https:\/\/www.1tool.com\/es\/modulos\/organizacion-y-servicio\/registro-de-tiempo\/funciones-del-modulo-de-registro-de-tiempo\/informe-de-registro-de-tiempos\/","og_locale":"es_ES","og_type":"article","og_title":"Informe de registro de tiempos - 1Tool","og_description":"Informe de registro de tiempos Con 1Tool, puedes analizar r\u00e1pida y f\u00e1cilmente tus horas de trabajo, horas extraordinarias o tiempo compensatorio con un clic de rat\u00f3n y verlas en el correspondiente informe de registro de tiempos. Analiza f\u00e1cilmente los tiempos de trabajo Cada mes, el programa genera autom\u00e1ticamente su propio informe de registro de tiempos, [&hellip;]","og_url":"https:\/\/www.1tool.com\/es\/modulos\/organizacion-y-servicio\/registro-de-tiempo\/funciones-del-modulo-de-registro-de-tiempo\/informe-de-registro-de-tiempos\/","og_site_name":"1Tool","article_modified_time":"2026-05-04T12:29:59+00:00","twitter_card":"summary_large_image","twitter_misc":{"Tiempo de lectura":"1 minuto"},"schema":{"@context":"https:\/\/schema.org","@graph":[{"@type":"WebPage","@id":"https:\/\/www.1tool.com\/es\/modulos\/organizacion-y-servicio\/registro-de-tiempo\/funciones-del-modulo-de-registro-de-tiempo\/informe-de-registro-de-tiempos\/","url":"https:\/\/www.1tool.com\/es\/modulos\/organizacion-y-servicio\/registro-de-tiempo\/funciones-del-modulo-de-registro-de-tiempo\/informe-de-registro-de-tiempos\/","name":"Informe de registro de tiempos - 1Tool","isPartOf":{"@id":"https:\/\/www.1tool.com\/es\/#website"},"datePublished":"2022-03-31T02:45:55+00:00","dateModified":"2026-05-04T12:29:59+00:00","breadcrumb":{"@id":"https:\/\/www.1tool.com\/es\/modulos\/organizacion-y-servicio\/registro-de-tiempo\/funciones-del-modulo-de-registro-de-tiempo\/informe-de-registro-de-tiempos\/#breadcrumb"},"inLanguage":"es","potentialAction":[{"@type":"ReadAction","target":["https:\/\/www.1tool.com\/es\/modulos\/organizacion-y-servicio\/registro-de-tiempo\/funciones-del-modulo-de-registro-de-tiempo\/informe-de-registro-de-tiempos\/"]}]},{"@type":"BreadcrumbList","@id":"https:\/\/www.1tool.com\/es\/modulos\/organizacion-y-servicio\/registro-de-tiempo\/funciones-del-modulo-de-registro-de-tiempo\/informe-de-registro-de-tiempos\/#breadcrumb","itemListElement":[{"@type":"ListItem","position":1,"name":"Home","item":"https:\/\/www.1tool.com\/es\/"},{"@type":"ListItem","position":2,"name":"M\u00f3dulos","item":"https:\/\/www.1tool.com\/es\/modulos\/"},{"@type":"ListItem","position":3,"name":"Organizaci\u00f3n y Servicio","item":"https:\/\/www.1tool.com\/es\/modulos\/organizacion-y-servicio\/"},{"@type":"ListItem","position":4,"name":"Registro de tiempo","item":"https:\/\/www.1tool.com\/es\/modulos\/organizacion-y-servicio\/registro-de-tiempo\/"},{"@type":"ListItem","position":5,"name":"Funciones del m\u00f3dulo de registro de tiempo","item":"https:\/\/www.1tool.com\/es\/modulos\/organizacion-y-servicio\/registro-de-tiempo\/funciones-del-modulo-de-registro-de-tiempo\/"},{"@type":"ListItem","position":6,"name":"Informe de registro de tiempos"}]},{"@type":"WebSite","@id":"https:\/\/www.1tool.com\/es\/#website","url":"https:\/\/www.1tool.com\/es\/","name":"1Tool","description":"CRM","publisher":{"@id":"https:\/\/www.1tool.com\/es\/#organization"},"potentialAction":[{"@type":"SearchAction","target":{"@type":"EntryPoint","urlTemplate":"https:\/\/www.1tool.com\/es\/?s={search_term_string}"},"query-input":{"@type":"PropertyValueSpecification","valueRequired":true,"valueName":"search_term_string"}}],"inLanguage":"es"},{"@type":"Organization","@id":"https:\/\/www.1tool.com\/es\/#organization","name":"1Tool","url":"https:\/\/www.1tool.com\/es\/","logo":{"@type":"ImageObject","inLanguage":"es","@id":"https:\/\/www.1tool.com\/es\/#\/schema\/logo\/image\/","url":"https:\/\/www.1tool.com\/wp-content\/uploads\/2022\/04\/1tool-1.png","contentUrl":"https:\/\/www.1tool.com\/wp-content\/uploads\/2022\/04\/1tool-1.png","width":400,"height":150,"caption":"1Tool"},"image":{"@id":"https:\/\/www.1tool.com\/es\/#\/schema\/logo\/image\/"}}]}},"_links":{"self":[{"href":"https:\/\/www.1tool.com\/es\/wp-json\/wp\/v2\/pages\/75018","targetHints":{"allow":["GET"]}}],"collection":[{"href":"https:\/\/www.1tool.com\/es\/wp-json\/wp\/v2\/pages"}],"about":[{"href":"https:\/\/www.1tool.com\/es\/wp-json\/wp\/v2\/types\/page"}],"author":[{"embeddable":true,"href":"https:\/\/www.1tool.com\/es\/wp-json\/wp\/v2\/users\/1"}],"replies":[{"embeddable":true,"href":"https:\/\/www.1tool.com\/es\/wp-json\/wp\/v2\/comments?post=75018"}],"version-history":[{"count":1,"href":"https:\/\/www.1tool.com\/es\/wp-json\/wp\/v2\/pages\/75018\/revisions"}],"predecessor-version":[{"id":75024,"href":"https:\/\/www.1tool.com\/es\/wp-json\/wp\/v2\/pages\/75018\/revisions\/75024"}],"up":[{"embeddable":true,"href":"https:\/\/www.1tool.com\/es\/wp-json\/wp\/v2\/pages\/74693"}],"wp:attachment":[{"href":"https:\/\/www.1tool.com\/es\/wp-json\/wp\/v2\/media?parent=75018"}],"curies":[{"name":"wp","href":"https:\/\/api.w.org\/{rel}","templated":true}]}}