{"id":75025,"date":"2022-03-31T04:43:47","date_gmt":"2022-03-31T02:43:47","guid":{"rendered":"https:\/\/www.1tool.com\/modulos\/organizacion-y-servicio\/registro-de-tiempo\/funciones-del-modulo-de-registro-de-tiempo\/tiempos-record\/"},"modified":"2026-05-04T14:29:59","modified_gmt":"2026-05-04T12:29:59","slug":"tiempos-record","status":"publish","type":"page","link":"https:\/\/www.1tool.com\/es\/modulos\/organizacion-y-servicio\/registro-de-tiempo\/funciones-del-modulo-de-registro-de-tiempo\/tiempos-record\/","title":{"rendered":"Tiempos r\u00e9cord"},"content":{"rendered":"\t\t<div data-elementor-type=\"wp-page\" data-elementor-id=\"75025\" class=\"elementor elementor-75025 elementor-49804\" data-elementor-post-type=\"page\">\n\t\t\t\t\t\t<section class=\"elementor-section elementor-top-section elementor-element elementor-element-f00d929 elementor-section-boxed elementor-section-height-default elementor-section-height-default shadepro-adv-gradient-no shadepro-sticky-no\" data-id=\"f00d929\" data-element_type=\"section\" data-e-type=\"section\" data-settings=\"{&quot;shadepro_sticky&quot;:&quot;no&quot;}\">\n\t\t\t\t\t\t<div class=\"elementor-container elementor-column-gap-default\">\n\t\t\t\t\t<div class=\"elementor-column elementor-col-100 elementor-top-column elementor-element elementor-element-6effd8a\" data-id=\"6effd8a\" data-element_type=\"column\" data-e-type=\"column\">\n\t\t\t<div class=\"elementor-widget-wrap elementor-element-populated\">\n\t\t\t\t\t\t<div class=\"elementor-element elementor-element-bac5c84 shadepro-sticky-no elementor-widget elementor-widget-heading\" data-id=\"bac5c84\" data-element_type=\"widget\" data-e-type=\"widget\" data-settings=\"{&quot;shadepro_sticky&quot;:&quot;no&quot;}\" data-widget_type=\"heading.default\">\n\t\t\t\t<div class=\"elementor-widget-container\">\n\t\t\t\t\t<h1 class=\"elementor-heading-title elementor-size-default\">Tiempos r\u00e9cord<\/h1>\t\t\t\t<\/div>\n\t\t\t\t<\/div>\n\t\t\t\t<div class=\"elementor-element elementor-element-81527aa shadepro-sticky-no elementor-widget elementor-widget-text-editor\" data-id=\"81527aa\" data-element_type=\"widget\" data-e-type=\"widget\" data-settings=\"{&quot;shadepro_sticky&quot;:&quot;no&quot;}\" data-widget_type=\"text-editor.default\">\n\t\t\t\t<div class=\"elementor-widget-container\">\n\t\t\t\t\t\t\t\t\t<p>El registro de tiempos de 1Tool permite registrar con precisi\u00f3n las horas de trabajo y controlar los proyectos.<\/p>\t\t\t\t\t\t\t\t<\/div>\n\t\t\t\t<\/div>\n\t\t\t\t<section class=\"elementor-section elementor-inner-section elementor-element elementor-element-8711ef7 elementor-section-boxed elementor-section-height-default elementor-section-height-default shadepro-adv-gradient-no shadepro-sticky-no\" data-id=\"8711ef7\" data-element_type=\"section\" data-e-type=\"section\" data-settings=\"{&quot;shadepro_sticky&quot;:&quot;no&quot;}\">\n\t\t\t\t\t\t<div class=\"elementor-container elementor-column-gap-default\">\n\t\t\t\t\t<div class=\"elementor-column elementor-col-100 elementor-inner-column elementor-element elementor-element-e0a31fc\" data-id=\"e0a31fc\" data-element_type=\"column\" data-e-type=\"column\">\n\t\t\t<div class=\"elementor-widget-wrap elementor-element-populated\">\n\t\t\t\t\t\t<div class=\"elementor-element elementor-element-36223ca shadepro-sticky-no elementor-widget elementor-widget-text-editor\" data-id=\"36223ca\" data-element_type=\"widget\" data-e-type=\"widget\" data-settings=\"{&quot;shadepro_sticky&quot;:&quot;no&quot;}\" data-widget_type=\"text-editor.default\">\n\t\t\t\t<div class=\"elementor-widget-container\">\n\t\t\t\t\t\t\t\t\t<h3>Horas de trabajo de un vistazo<\/h3><p>El m\u00f3dulo de registro de tiempos basado en web es f\u00e1cil de usar y muy flexible. Las horas pueden asignarse a proyectos, clientes o contactos. Cada empleado tiene siempre una visi\u00f3n general de las horas que ha trabajado.  <\/p><p>La gran ventaja de nuestro m\u00f3dulo de registro de tiempos es su integraci\u00f3n en la soluci\u00f3n completa 1Tool CRM. El m\u00f3dulo de registro de tiempos te proporciona informaci\u00f3n importante y, por tanto, es una base indispensable para el c\u00e1lculo de costes y el control. El registro y la evaluaci\u00f3n de los tiempos est\u00e1n completamente basados en la web.  <\/p><h4><strong>\u00c1mbito funcional del m\u00f3dulo de registro de tiempos de 1Tool:<\/strong><\/h4><ul><li>Registro autom\u00e1tico de las horas de inicio y fin de los empleados<\/li><li>Asignaci\u00f3n de tiempos a proyectos y clientes<\/li><li>Registro de ausencias como vacaciones, enfermedad, citas con el m\u00e9dico<\/li><li>Registro de reservas de cada empleado<\/li><li>El registro de tiempos (evaluaci\u00f3n por empleado\/proyecto) se env\u00eda diariamente por correo electr\u00f3nico (a control\/administraci\u00f3n, etc.)<\/li><\/ul><p>\u00a1Las funciones individuales de grabaci\u00f3n de tiempo se explican con m\u00e1s detalle aqu\u00ed en nuestro v\u00eddeo!<\/p><p><em>Puedes averiguar qu\u00e9 funciones est\u00e1n a tu disposici\u00f3n en 1Tool Grabaci\u00f3n de Tiempos <strong><a href=\"https:\/\/www.1tool.com\/sl\/manual\/zeiterfassung\/\" target=\"_blank\" rel=\"noreferrer noopener\">aqu\u00ed<\/a><\/strong><\/em>.<\/p>\t\t\t\t\t\t\t\t<\/div>\n\t\t\t\t<\/div>\n\t\t\t\t\t<\/div>\n\t\t<\/div>\n\t\t\t\t\t<\/div>\n\t\t<\/section>\n\t\t\t\t\t<\/div>\n\t\t<\/div>\n\t\t\t\t\t<\/div>\n\t\t<\/section>\n\t\t\t\t<\/div>\n\t\t","protected":false},"excerpt":{"rendered":"<p>Tiempos r\u00e9cord El registro de tiempos de 1Tool permite registrar con precisi\u00f3n las horas de trabajo y controlar los proyectos. Horas de trabajo de un vistazo El m\u00f3dulo de registro de tiempos basado en web es f\u00e1cil de usar y muy flexible. Las horas pueden asignarse a proyectos, clientes o contactos. Cada empleado tiene siempre [&hellip;]<\/p>\n","protected":false},"author":1,"featured_media":0,"parent":74693,"menu_order":0,"comment_status":"closed","ping_status":"closed","template":"","meta":{"inline_featured_image":false,"footnotes":""},"class_list":["post-75025","page","type-page","status-publish","hentry"],"acf":[],"yoast_head":"<!-- This site is optimized with the Yoast SEO plugin v27.5 - https:\/\/yoast.com\/product\/yoast-seo-wordpress\/ -->\n<title>Tiempos r\u00e9cord - 1Tool<\/title>\n<meta name=\"robots\" content=\"index, follow, max-snippet:-1, max-image-preview:large, max-video-preview:-1\" \/>\n<link rel=\"canonical\" href=\"https:\/\/www.1tool.com\/es\/modulos\/organizacion-y-servicio\/registro-de-tiempo\/funciones-del-modulo-de-registro-de-tiempo\/tiempos-record\/\" \/>\n<meta property=\"og:locale\" content=\"es_ES\" \/>\n<meta property=\"og:type\" content=\"article\" \/>\n<meta property=\"og:title\" content=\"Tiempos r\u00e9cord - 1Tool\" \/>\n<meta property=\"og:description\" content=\"Tiempos r\u00e9cord El registro de tiempos de 1Tool permite registrar con precisi\u00f3n las horas de trabajo y controlar los proyectos. Horas de trabajo de un vistazo El m\u00f3dulo de registro de tiempos basado en web es f\u00e1cil de usar y muy flexible. Las horas pueden asignarse a proyectos, clientes o contactos. Cada empleado tiene siempre [&hellip;]\" \/>\n<meta property=\"og:url\" content=\"https:\/\/www.1tool.com\/es\/modulos\/organizacion-y-servicio\/registro-de-tiempo\/funciones-del-modulo-de-registro-de-tiempo\/tiempos-record\/\" \/>\n<meta property=\"og:site_name\" content=\"1Tool\" \/>\n<meta property=\"article:modified_time\" content=\"2026-05-04T12:29:59+00:00\" \/>\n<meta name=\"twitter:card\" content=\"summary_large_image\" \/>\n<meta name=\"twitter:label1\" content=\"Tiempo de lectura\" \/>\n\t<meta name=\"twitter:data1\" content=\"1 minuto\" \/>\n<script type=\"application\/ld+json\" class=\"yoast-schema-graph\">{\"@context\":\"https:\\\/\\\/schema.org\",\"@graph\":[{\"@type\":\"WebPage\",\"@id\":\"https:\\\/\\\/www.1tool.com\\\/es\\\/modulos\\\/organizacion-y-servicio\\\/registro-de-tiempo\\\/funciones-del-modulo-de-registro-de-tiempo\\\/tiempos-record\\\/\",\"url\":\"https:\\\/\\\/www.1tool.com\\\/es\\\/modulos\\\/organizacion-y-servicio\\\/registro-de-tiempo\\\/funciones-del-modulo-de-registro-de-tiempo\\\/tiempos-record\\\/\",\"name\":\"Tiempos r\u00e9cord - 1Tool\",\"isPartOf\":{\"@id\":\"https:\\\/\\\/www.1tool.com\\\/es\\\/#website\"},\"datePublished\":\"2022-03-31T02:43:47+00:00\",\"dateModified\":\"2026-05-04T12:29:59+00:00\",\"breadcrumb\":{\"@id\":\"https:\\\/\\\/www.1tool.com\\\/es\\\/modulos\\\/organizacion-y-servicio\\\/registro-de-tiempo\\\/funciones-del-modulo-de-registro-de-tiempo\\\/tiempos-record\\\/#breadcrumb\"},\"inLanguage\":\"es\",\"potentialAction\":[{\"@type\":\"ReadAction\",\"target\":[\"https:\\\/\\\/www.1tool.com\\\/es\\\/modulos\\\/organizacion-y-servicio\\\/registro-de-tiempo\\\/funciones-del-modulo-de-registro-de-tiempo\\\/tiempos-record\\\/\"]}]},{\"@type\":\"BreadcrumbList\",\"@id\":\"https:\\\/\\\/www.1tool.com\\\/es\\\/modulos\\\/organizacion-y-servicio\\\/registro-de-tiempo\\\/funciones-del-modulo-de-registro-de-tiempo\\\/tiempos-record\\\/#breadcrumb\",\"itemListElement\":[{\"@type\":\"ListItem\",\"position\":1,\"name\":\"Home\",\"item\":\"https:\\\/\\\/www.1tool.com\\\/es\\\/\"},{\"@type\":\"ListItem\",\"position\":2,\"name\":\"M\u00f3dulos\",\"item\":\"https:\\\/\\\/www.1tool.com\\\/es\\\/modulos\\\/\"},{\"@type\":\"ListItem\",\"position\":3,\"name\":\"Organizaci\u00f3n y Servicio\",\"item\":\"https:\\\/\\\/www.1tool.com\\\/es\\\/modulos\\\/organizacion-y-servicio\\\/\"},{\"@type\":\"ListItem\",\"position\":4,\"name\":\"Registro de tiempo\",\"item\":\"https:\\\/\\\/www.1tool.com\\\/es\\\/modulos\\\/organizacion-y-servicio\\\/registro-de-tiempo\\\/\"},{\"@type\":\"ListItem\",\"position\":5,\"name\":\"Funciones del m\u00f3dulo de registro de tiempo\",\"item\":\"https:\\\/\\\/www.1tool.com\\\/es\\\/modulos\\\/organizacion-y-servicio\\\/registro-de-tiempo\\\/funciones-del-modulo-de-registro-de-tiempo\\\/\"},{\"@type\":\"ListItem\",\"position\":6,\"name\":\"Tiempos r\u00e9cord\"}]},{\"@type\":\"WebSite\",\"@id\":\"https:\\\/\\\/www.1tool.com\\\/es\\\/#website\",\"url\":\"https:\\\/\\\/www.1tool.com\\\/es\\\/\",\"name\":\"1Tool\",\"description\":\"CRM\",\"publisher\":{\"@id\":\"https:\\\/\\\/www.1tool.com\\\/es\\\/#organization\"},\"potentialAction\":[{\"@type\":\"SearchAction\",\"target\":{\"@type\":\"EntryPoint\",\"urlTemplate\":\"https:\\\/\\\/www.1tool.com\\\/es\\\/?s={search_term_string}\"},\"query-input\":{\"@type\":\"PropertyValueSpecification\",\"valueRequired\":true,\"valueName\":\"search_term_string\"}}],\"inLanguage\":\"es\"},{\"@type\":\"Organization\",\"@id\":\"https:\\\/\\\/www.1tool.com\\\/es\\\/#organization\",\"name\":\"1Tool\",\"url\":\"https:\\\/\\\/www.1tool.com\\\/es\\\/\",\"logo\":{\"@type\":\"ImageObject\",\"inLanguage\":\"es\",\"@id\":\"https:\\\/\\\/www.1tool.com\\\/es\\\/#\\\/schema\\\/logo\\\/image\\\/\",\"url\":\"https:\\\/\\\/www.1tool.com\\\/wp-content\\\/uploads\\\/2022\\\/04\\\/1tool-1.png\",\"contentUrl\":\"https:\\\/\\\/www.1tool.com\\\/wp-content\\\/uploads\\\/2022\\\/04\\\/1tool-1.png\",\"width\":400,\"height\":150,\"caption\":\"1Tool\"},\"image\":{\"@id\":\"https:\\\/\\\/www.1tool.com\\\/es\\\/#\\\/schema\\\/logo\\\/image\\\/\"}}]}<\/script>\n<!-- \/ Yoast SEO plugin. -->","yoast_head_json":{"title":"Tiempos r\u00e9cord - 1Tool","robots":{"index":"index","follow":"follow","max-snippet":"max-snippet:-1","max-image-preview":"max-image-preview:large","max-video-preview":"max-video-preview:-1"},"canonical":"https:\/\/www.1tool.com\/es\/modulos\/organizacion-y-servicio\/registro-de-tiempo\/funciones-del-modulo-de-registro-de-tiempo\/tiempos-record\/","og_locale":"es_ES","og_type":"article","og_title":"Tiempos r\u00e9cord - 1Tool","og_description":"Tiempos r\u00e9cord El registro de tiempos de 1Tool permite registrar con precisi\u00f3n las horas de trabajo y controlar los proyectos. Horas de trabajo de un vistazo El m\u00f3dulo de registro de tiempos basado en web es f\u00e1cil de usar y muy flexible. Las horas pueden asignarse a proyectos, clientes o contactos. Cada empleado tiene siempre [&hellip;]","og_url":"https:\/\/www.1tool.com\/es\/modulos\/organizacion-y-servicio\/registro-de-tiempo\/funciones-del-modulo-de-registro-de-tiempo\/tiempos-record\/","og_site_name":"1Tool","article_modified_time":"2026-05-04T12:29:59+00:00","twitter_card":"summary_large_image","twitter_misc":{"Tiempo de lectura":"1 minuto"},"schema":{"@context":"https:\/\/schema.org","@graph":[{"@type":"WebPage","@id":"https:\/\/www.1tool.com\/es\/modulos\/organizacion-y-servicio\/registro-de-tiempo\/funciones-del-modulo-de-registro-de-tiempo\/tiempos-record\/","url":"https:\/\/www.1tool.com\/es\/modulos\/organizacion-y-servicio\/registro-de-tiempo\/funciones-del-modulo-de-registro-de-tiempo\/tiempos-record\/","name":"Tiempos r\u00e9cord - 1Tool","isPartOf":{"@id":"https:\/\/www.1tool.com\/es\/#website"},"datePublished":"2022-03-31T02:43:47+00:00","dateModified":"2026-05-04T12:29:59+00:00","breadcrumb":{"@id":"https:\/\/www.1tool.com\/es\/modulos\/organizacion-y-servicio\/registro-de-tiempo\/funciones-del-modulo-de-registro-de-tiempo\/tiempos-record\/#breadcrumb"},"inLanguage":"es","potentialAction":[{"@type":"ReadAction","target":["https:\/\/www.1tool.com\/es\/modulos\/organizacion-y-servicio\/registro-de-tiempo\/funciones-del-modulo-de-registro-de-tiempo\/tiempos-record\/"]}]},{"@type":"BreadcrumbList","@id":"https:\/\/www.1tool.com\/es\/modulos\/organizacion-y-servicio\/registro-de-tiempo\/funciones-del-modulo-de-registro-de-tiempo\/tiempos-record\/#breadcrumb","itemListElement":[{"@type":"ListItem","position":1,"name":"Home","item":"https:\/\/www.1tool.com\/es\/"},{"@type":"ListItem","position":2,"name":"M\u00f3dulos","item":"https:\/\/www.1tool.com\/es\/modulos\/"},{"@type":"ListItem","position":3,"name":"Organizaci\u00f3n y Servicio","item":"https:\/\/www.1tool.com\/es\/modulos\/organizacion-y-servicio\/"},{"@type":"ListItem","position":4,"name":"Registro de tiempo","item":"https:\/\/www.1tool.com\/es\/modulos\/organizacion-y-servicio\/registro-de-tiempo\/"},{"@type":"ListItem","position":5,"name":"Funciones del m\u00f3dulo de registro de tiempo","item":"https:\/\/www.1tool.com\/es\/modulos\/organizacion-y-servicio\/registro-de-tiempo\/funciones-del-modulo-de-registro-de-tiempo\/"},{"@type":"ListItem","position":6,"name":"Tiempos r\u00e9cord"}]},{"@type":"WebSite","@id":"https:\/\/www.1tool.com\/es\/#website","url":"https:\/\/www.1tool.com\/es\/","name":"1Tool","description":"CRM","publisher":{"@id":"https:\/\/www.1tool.com\/es\/#organization"},"potentialAction":[{"@type":"SearchAction","target":{"@type":"EntryPoint","urlTemplate":"https:\/\/www.1tool.com\/es\/?s={search_term_string}"},"query-input":{"@type":"PropertyValueSpecification","valueRequired":true,"valueName":"search_term_string"}}],"inLanguage":"es"},{"@type":"Organization","@id":"https:\/\/www.1tool.com\/es\/#organization","name":"1Tool","url":"https:\/\/www.1tool.com\/es\/","logo":{"@type":"ImageObject","inLanguage":"es","@id":"https:\/\/www.1tool.com\/es\/#\/schema\/logo\/image\/","url":"https:\/\/www.1tool.com\/wp-content\/uploads\/2022\/04\/1tool-1.png","contentUrl":"https:\/\/www.1tool.com\/wp-content\/uploads\/2022\/04\/1tool-1.png","width":400,"height":150,"caption":"1Tool"},"image":{"@id":"https:\/\/www.1tool.com\/es\/#\/schema\/logo\/image\/"}}]}},"_links":{"self":[{"href":"https:\/\/www.1tool.com\/es\/wp-json\/wp\/v2\/pages\/75025","targetHints":{"allow":["GET"]}}],"collection":[{"href":"https:\/\/www.1tool.com\/es\/wp-json\/wp\/v2\/pages"}],"about":[{"href":"https:\/\/www.1tool.com\/es\/wp-json\/wp\/v2\/types\/page"}],"author":[{"embeddable":true,"href":"https:\/\/www.1tool.com\/es\/wp-json\/wp\/v2\/users\/1"}],"replies":[{"embeddable":true,"href":"https:\/\/www.1tool.com\/es\/wp-json\/wp\/v2\/comments?post=75025"}],"version-history":[{"count":1,"href":"https:\/\/www.1tool.com\/es\/wp-json\/wp\/v2\/pages\/75025\/revisions"}],"predecessor-version":[{"id":75028,"href":"https:\/\/www.1tool.com\/es\/wp-json\/wp\/v2\/pages\/75025\/revisions\/75028"}],"up":[{"embeddable":true,"href":"https:\/\/www.1tool.com\/es\/wp-json\/wp\/v2\/pages\/74693"}],"wp:attachment":[{"href":"https:\/\/www.1tool.com\/es\/wp-json\/wp\/v2\/media?parent=75025"}],"curies":[{"name":"wp","href":"https:\/\/api.w.org\/{rel}","templated":true}]}}