{"id":75027,"date":"2022-03-31T04:54:56","date_gmt":"2022-03-31T02:54:56","guid":{"rendered":"https:\/\/www.1tool.com\/modulos\/organizacion-y-servicio\/eventos\/funciones-modulo-eventos\/pago-facturacion-online\/"},"modified":"2026-05-04T14:30:04","modified_gmt":"2026-05-04T12:30:04","slug":"pago-facturacion-online","status":"publish","type":"page","link":"https:\/\/www.1tool.com\/es\/modulos\/organizacion-y-servicio\/eventos\/funciones-modulo-eventos\/pago-facturacion-online\/","title":{"rendered":"Pago\/facturaci\u00f3n online"},"content":{"rendered":"\t\t<div data-elementor-type=\"wp-page\" data-elementor-id=\"75027\" class=\"elementor elementor-75027 elementor-49879\" data-elementor-post-type=\"page\">\n\t\t\t\t\t\t<section class=\"elementor-section elementor-top-section elementor-element elementor-element-b5653f3 elementor-section-boxed elementor-section-height-default elementor-section-height-default shadepro-adv-gradient-no shadepro-sticky-no\" data-id=\"b5653f3\" data-element_type=\"section\" data-e-type=\"section\" data-settings=\"{&quot;shadepro_sticky&quot;:&quot;no&quot;}\">\n\t\t\t\t\t\t<div class=\"elementor-container elementor-column-gap-default\">\n\t\t\t\t\t<div class=\"elementor-column elementor-col-100 elementor-top-column elementor-element elementor-element-3b77127\" data-id=\"3b77127\" data-element_type=\"column\" data-e-type=\"column\">\n\t\t\t<div class=\"elementor-widget-wrap elementor-element-populated\">\n\t\t\t\t\t\t<div class=\"elementor-element elementor-element-ad751a4 shadepro-sticky-no elementor-widget elementor-widget-heading\" data-id=\"ad751a4\" data-element_type=\"widget\" data-e-type=\"widget\" data-settings=\"{&quot;shadepro_sticky&quot;:&quot;no&quot;}\" data-widget_type=\"heading.default\">\n\t\t\t\t<div class=\"elementor-widget-container\">\n\t\t\t\t\t<h1 class=\"elementor-heading-title elementor-size-default\">Pago\/facturaci\u00f3n online<\/h1>\t\t\t\t<\/div>\n\t\t\t\t<\/div>\n\t\t\t\t<div class=\"elementor-element elementor-element-d381108 shadepro-sticky-no elementor-widget elementor-widget-text-editor\" data-id=\"d381108\" data-element_type=\"widget\" data-e-type=\"widget\" data-settings=\"{&quot;shadepro_sticky&quot;:&quot;no&quot;}\" data-widget_type=\"text-editor.default\">\n\t\t\t\t<div class=\"elementor-widget-container\">\n\t\t\t\t\t\t\t\t\t<p>El m\u00f3dulo del curso ofrece a los participantes la posibilidad de pagar online y las facturas se generan directamente a trav\u00e9s del programa utilizando 1Tool.<\/p>\t\t\t\t\t\t\t\t<\/div>\n\t\t\t\t<\/div>\n\t\t\t\t<section class=\"elementor-section elementor-inner-section elementor-element elementor-element-1a2654c elementor-section-boxed elementor-section-height-default elementor-section-height-default shadepro-adv-gradient-no shadepro-sticky-no\" data-id=\"1a2654c\" data-element_type=\"section\" data-e-type=\"section\" data-settings=\"{&quot;shadepro_sticky&quot;:&quot;no&quot;}\">\n\t\t\t\t\t\t<div class=\"elementor-container elementor-column-gap-default\">\n\t\t\t\t\t<div class=\"elementor-column elementor-col-100 elementor-inner-column elementor-element elementor-element-57e7fd3\" data-id=\"57e7fd3\" data-element_type=\"column\" data-e-type=\"column\">\n\t\t\t<div class=\"elementor-widget-wrap elementor-element-populated\">\n\t\t\t\t\t\t<div class=\"elementor-element elementor-element-6db2cc4 shadepro-sticky-no elementor-widget elementor-widget-text-editor\" data-id=\"6db2cc4\" data-element_type=\"widget\" data-e-type=\"widget\" data-settings=\"{&quot;shadepro_sticky&quot;:&quot;no&quot;}\" data-widget_type=\"text-editor.default\">\n\t\t\t\t<div class=\"elementor-widget-container\">\n\t\t\t\t\t\t\t\t\t<h3>Generaci\u00f3n autom\u00e1tica de facturas<\/h3><p>En cuanto un cliente se haya inscrito en uno de tus cursos, tambi\u00e9n puede pagar directamente en l\u00ednea. De este modo, el proceso de pago puede realizarse directa y r\u00e1pidamente, y se simplifica al m\u00e1ximo para tus clientes potenciales. <\/p><p>Adem\u00e1s, se genera una factura directamente en 1Tool. El estado &#8220;pagado\/no pagado&#8221; te permite reconocer inmediatamente qu\u00e9 facturas est\u00e1n a\u00fan pendientes y cu\u00e1les ya han sido pagadas. En cuanto tus participantes paguen, estas facturas pasar\u00e1n autom\u00e1ticamente al estado &#8220;pagado&#8221;.  <\/p>\t\t\t\t\t\t\t\t<\/div>\n\t\t\t\t<\/div>\n\t\t\t\t\t<\/div>\n\t\t<\/div>\n\t\t\t\t\t<\/div>\n\t\t<\/section>\n\t\t\t\t\t<\/div>\n\t\t<\/div>\n\t\t\t\t\t<\/div>\n\t\t<\/section>\n\t\t\t\t<\/div>\n\t\t","protected":false},"excerpt":{"rendered":"<p>Pago\/facturaci\u00f3n online El m\u00f3dulo del curso ofrece a los participantes la posibilidad de pagar online y las facturas se generan directamente a trav\u00e9s del programa utilizando 1Tool. Generaci\u00f3n autom\u00e1tica de facturas En cuanto un cliente se haya inscrito en uno de tus cursos, tambi\u00e9n puede pagar directamente en l\u00ednea. De este modo, el proceso de [&hellip;]<\/p>\n","protected":false},"author":1,"featured_media":0,"parent":74667,"menu_order":0,"comment_status":"closed","ping_status":"closed","template":"","meta":{"inline_featured_image":false,"footnotes":""},"class_list":["post-75027","page","type-page","status-publish","hentry"],"acf":[],"yoast_head":"<!-- This site is optimized with the Yoast SEO plugin v27.5 - https:\/\/yoast.com\/product\/yoast-seo-wordpress\/ -->\n<title>Pago\/facturaci\u00f3n online - 1Tool<\/title>\n<meta name=\"robots\" content=\"index, follow, max-snippet:-1, max-image-preview:large, max-video-preview:-1\" \/>\n<link rel=\"canonical\" href=\"https:\/\/www.1tool.com\/es\/modulos\/organizacion-y-servicio\/eventos\/funciones-modulo-eventos\/pago-facturacion-online\/\" \/>\n<meta property=\"og:locale\" content=\"es_ES\" \/>\n<meta property=\"og:type\" content=\"article\" \/>\n<meta property=\"og:title\" content=\"Pago\/facturaci\u00f3n online - 1Tool\" \/>\n<meta property=\"og:description\" content=\"Pago\/facturaci\u00f3n online El m\u00f3dulo del curso ofrece a los participantes la posibilidad de pagar online y las facturas se generan directamente a trav\u00e9s del programa utilizando 1Tool. Generaci\u00f3n autom\u00e1tica de facturas En cuanto un cliente se haya inscrito en uno de tus cursos, tambi\u00e9n puede pagar directamente en l\u00ednea. De este modo, el proceso de [&hellip;]\" \/>\n<meta property=\"og:url\" content=\"https:\/\/www.1tool.com\/es\/modulos\/organizacion-y-servicio\/eventos\/funciones-modulo-eventos\/pago-facturacion-online\/\" \/>\n<meta property=\"og:site_name\" content=\"1Tool\" \/>\n<meta property=\"article:modified_time\" content=\"2026-05-04T12:30:04+00:00\" \/>\n<meta name=\"twitter:card\" content=\"summary_large_image\" \/>\n<meta name=\"twitter:label1\" content=\"Tiempo de lectura\" \/>\n\t<meta name=\"twitter:data1\" content=\"1 minuto\" \/>\n<script type=\"application\/ld+json\" class=\"yoast-schema-graph\">{\"@context\":\"https:\\\/\\\/schema.org\",\"@graph\":[{\"@type\":\"WebPage\",\"@id\":\"https:\\\/\\\/www.1tool.com\\\/es\\\/modulos\\\/organizacion-y-servicio\\\/eventos\\\/funciones-modulo-eventos\\\/pago-facturacion-online\\\/\",\"url\":\"https:\\\/\\\/www.1tool.com\\\/es\\\/modulos\\\/organizacion-y-servicio\\\/eventos\\\/funciones-modulo-eventos\\\/pago-facturacion-online\\\/\",\"name\":\"Pago\\\/facturaci\u00f3n online - 1Tool\",\"isPartOf\":{\"@id\":\"https:\\\/\\\/www.1tool.com\\\/es\\\/#website\"},\"datePublished\":\"2022-03-31T02:54:56+00:00\",\"dateModified\":\"2026-05-04T12:30:04+00:00\",\"breadcrumb\":{\"@id\":\"https:\\\/\\\/www.1tool.com\\\/es\\\/modulos\\\/organizacion-y-servicio\\\/eventos\\\/funciones-modulo-eventos\\\/pago-facturacion-online\\\/#breadcrumb\"},\"inLanguage\":\"es\",\"potentialAction\":[{\"@type\":\"ReadAction\",\"target\":[\"https:\\\/\\\/www.1tool.com\\\/es\\\/modulos\\\/organizacion-y-servicio\\\/eventos\\\/funciones-modulo-eventos\\\/pago-facturacion-online\\\/\"]}]},{\"@type\":\"BreadcrumbList\",\"@id\":\"https:\\\/\\\/www.1tool.com\\\/es\\\/modulos\\\/organizacion-y-servicio\\\/eventos\\\/funciones-modulo-eventos\\\/pago-facturacion-online\\\/#breadcrumb\",\"itemListElement\":[{\"@type\":\"ListItem\",\"position\":1,\"name\":\"Home\",\"item\":\"https:\\\/\\\/www.1tool.com\\\/es\\\/\"},{\"@type\":\"ListItem\",\"position\":2,\"name\":\"M\u00f3dulos\",\"item\":\"https:\\\/\\\/www.1tool.com\\\/es\\\/modulos\\\/\"},{\"@type\":\"ListItem\",\"position\":3,\"name\":\"Organizaci\u00f3n y Servicio\",\"item\":\"https:\\\/\\\/www.1tool.com\\\/es\\\/modulos\\\/organizacion-y-servicio\\\/\"},{\"@type\":\"ListItem\",\"position\":4,\"name\":\"eventos\",\"item\":\"https:\\\/\\\/www.1tool.com\\\/es\\\/modulos\\\/organizacion-y-servicio\\\/eventos\\\/\"},{\"@type\":\"ListItem\",\"position\":5,\"name\":\"Funciones M\u00f3dulo Eventos\",\"item\":\"https:\\\/\\\/www.1tool.com\\\/es\\\/modulos\\\/organizacion-y-servicio\\\/eventos\\\/funciones-modulo-eventos\\\/\"},{\"@type\":\"ListItem\",\"position\":6,\"name\":\"Pago\\\/facturaci\u00f3n online\"}]},{\"@type\":\"WebSite\",\"@id\":\"https:\\\/\\\/www.1tool.com\\\/es\\\/#website\",\"url\":\"https:\\\/\\\/www.1tool.com\\\/es\\\/\",\"name\":\"1Tool\",\"description\":\"CRM\",\"publisher\":{\"@id\":\"https:\\\/\\\/www.1tool.com\\\/es\\\/#organization\"},\"potentialAction\":[{\"@type\":\"SearchAction\",\"target\":{\"@type\":\"EntryPoint\",\"urlTemplate\":\"https:\\\/\\\/www.1tool.com\\\/es\\\/?s={search_term_string}\"},\"query-input\":{\"@type\":\"PropertyValueSpecification\",\"valueRequired\":true,\"valueName\":\"search_term_string\"}}],\"inLanguage\":\"es\"},{\"@type\":\"Organization\",\"@id\":\"https:\\\/\\\/www.1tool.com\\\/es\\\/#organization\",\"name\":\"1Tool\",\"url\":\"https:\\\/\\\/www.1tool.com\\\/es\\\/\",\"logo\":{\"@type\":\"ImageObject\",\"inLanguage\":\"es\",\"@id\":\"https:\\\/\\\/www.1tool.com\\\/es\\\/#\\\/schema\\\/logo\\\/image\\\/\",\"url\":\"https:\\\/\\\/www.1tool.com\\\/wp-content\\\/uploads\\\/2022\\\/04\\\/1tool-1.png\",\"contentUrl\":\"https:\\\/\\\/www.1tool.com\\\/wp-content\\\/uploads\\\/2022\\\/04\\\/1tool-1.png\",\"width\":400,\"height\":150,\"caption\":\"1Tool\"},\"image\":{\"@id\":\"https:\\\/\\\/www.1tool.com\\\/es\\\/#\\\/schema\\\/logo\\\/image\\\/\"}}]}<\/script>\n<!-- \/ Yoast SEO plugin. -->","yoast_head_json":{"title":"Pago\/facturaci\u00f3n online - 1Tool","robots":{"index":"index","follow":"follow","max-snippet":"max-snippet:-1","max-image-preview":"max-image-preview:large","max-video-preview":"max-video-preview:-1"},"canonical":"https:\/\/www.1tool.com\/es\/modulos\/organizacion-y-servicio\/eventos\/funciones-modulo-eventos\/pago-facturacion-online\/","og_locale":"es_ES","og_type":"article","og_title":"Pago\/facturaci\u00f3n online - 1Tool","og_description":"Pago\/facturaci\u00f3n online El m\u00f3dulo del curso ofrece a los participantes la posibilidad de pagar online y las facturas se generan directamente a trav\u00e9s del programa utilizando 1Tool. Generaci\u00f3n autom\u00e1tica de facturas En cuanto un cliente se haya inscrito en uno de tus cursos, tambi\u00e9n puede pagar directamente en l\u00ednea. De este modo, el proceso de [&hellip;]","og_url":"https:\/\/www.1tool.com\/es\/modulos\/organizacion-y-servicio\/eventos\/funciones-modulo-eventos\/pago-facturacion-online\/","og_site_name":"1Tool","article_modified_time":"2026-05-04T12:30:04+00:00","twitter_card":"summary_large_image","twitter_misc":{"Tiempo de lectura":"1 minuto"},"schema":{"@context":"https:\/\/schema.org","@graph":[{"@type":"WebPage","@id":"https:\/\/www.1tool.com\/es\/modulos\/organizacion-y-servicio\/eventos\/funciones-modulo-eventos\/pago-facturacion-online\/","url":"https:\/\/www.1tool.com\/es\/modulos\/organizacion-y-servicio\/eventos\/funciones-modulo-eventos\/pago-facturacion-online\/","name":"Pago\/facturaci\u00f3n online - 1Tool","isPartOf":{"@id":"https:\/\/www.1tool.com\/es\/#website"},"datePublished":"2022-03-31T02:54:56+00:00","dateModified":"2026-05-04T12:30:04+00:00","breadcrumb":{"@id":"https:\/\/www.1tool.com\/es\/modulos\/organizacion-y-servicio\/eventos\/funciones-modulo-eventos\/pago-facturacion-online\/#breadcrumb"},"inLanguage":"es","potentialAction":[{"@type":"ReadAction","target":["https:\/\/www.1tool.com\/es\/modulos\/organizacion-y-servicio\/eventos\/funciones-modulo-eventos\/pago-facturacion-online\/"]}]},{"@type":"BreadcrumbList","@id":"https:\/\/www.1tool.com\/es\/modulos\/organizacion-y-servicio\/eventos\/funciones-modulo-eventos\/pago-facturacion-online\/#breadcrumb","itemListElement":[{"@type":"ListItem","position":1,"name":"Home","item":"https:\/\/www.1tool.com\/es\/"},{"@type":"ListItem","position":2,"name":"M\u00f3dulos","item":"https:\/\/www.1tool.com\/es\/modulos\/"},{"@type":"ListItem","position":3,"name":"Organizaci\u00f3n y Servicio","item":"https:\/\/www.1tool.com\/es\/modulos\/organizacion-y-servicio\/"},{"@type":"ListItem","position":4,"name":"eventos","item":"https:\/\/www.1tool.com\/es\/modulos\/organizacion-y-servicio\/eventos\/"},{"@type":"ListItem","position":5,"name":"Funciones M\u00f3dulo Eventos","item":"https:\/\/www.1tool.com\/es\/modulos\/organizacion-y-servicio\/eventos\/funciones-modulo-eventos\/"},{"@type":"ListItem","position":6,"name":"Pago\/facturaci\u00f3n online"}]},{"@type":"WebSite","@id":"https:\/\/www.1tool.com\/es\/#website","url":"https:\/\/www.1tool.com\/es\/","name":"1Tool","description":"CRM","publisher":{"@id":"https:\/\/www.1tool.com\/es\/#organization"},"potentialAction":[{"@type":"SearchAction","target":{"@type":"EntryPoint","urlTemplate":"https:\/\/www.1tool.com\/es\/?s={search_term_string}"},"query-input":{"@type":"PropertyValueSpecification","valueRequired":true,"valueName":"search_term_string"}}],"inLanguage":"es"},{"@type":"Organization","@id":"https:\/\/www.1tool.com\/es\/#organization","name":"1Tool","url":"https:\/\/www.1tool.com\/es\/","logo":{"@type":"ImageObject","inLanguage":"es","@id":"https:\/\/www.1tool.com\/es\/#\/schema\/logo\/image\/","url":"https:\/\/www.1tool.com\/wp-content\/uploads\/2022\/04\/1tool-1.png","contentUrl":"https:\/\/www.1tool.com\/wp-content\/uploads\/2022\/04\/1tool-1.png","width":400,"height":150,"caption":"1Tool"},"image":{"@id":"https:\/\/www.1tool.com\/es\/#\/schema\/logo\/image\/"}}]}},"_links":{"self":[{"href":"https:\/\/www.1tool.com\/es\/wp-json\/wp\/v2\/pages\/75027","targetHints":{"allow":["GET"]}}],"collection":[{"href":"https:\/\/www.1tool.com\/es\/wp-json\/wp\/v2\/pages"}],"about":[{"href":"https:\/\/www.1tool.com\/es\/wp-json\/wp\/v2\/types\/page"}],"author":[{"embeddable":true,"href":"https:\/\/www.1tool.com\/es\/wp-json\/wp\/v2\/users\/1"}],"replies":[{"embeddable":true,"href":"https:\/\/www.1tool.com\/es\/wp-json\/wp\/v2\/comments?post=75027"}],"version-history":[{"count":1,"href":"https:\/\/www.1tool.com\/es\/wp-json\/wp\/v2\/pages\/75027\/revisions"}],"predecessor-version":[{"id":75029,"href":"https:\/\/www.1tool.com\/es\/wp-json\/wp\/v2\/pages\/75027\/revisions\/75029"}],"up":[{"embeddable":true,"href":"https:\/\/www.1tool.com\/es\/wp-json\/wp\/v2\/pages\/74667"}],"wp:attachment":[{"href":"https:\/\/www.1tool.com\/es\/wp-json\/wp\/v2\/media?parent=75027"}],"curies":[{"name":"wp","href":"https:\/\/api.w.org\/{rel}","templated":true}]}}