{"id":75031,"date":"2022-03-31T04:42:05","date_gmt":"2022-03-31T02:42:05","guid":{"rendered":"https:\/\/www.1tool.com\/modulos\/organizacion-y-servicio\/registro-de-tiempo\/funciones-del-modulo-de-registro-de-tiempo\/informe-diario-por-correo-electronico\/"},"modified":"2026-05-04T14:30:26","modified_gmt":"2026-05-04T12:30:26","slug":"informe-diario-por-correo-electronico","status":"publish","type":"page","link":"https:\/\/www.1tool.com\/es\/modulos\/organizacion-y-servicio\/registro-de-tiempo\/funciones-del-modulo-de-registro-de-tiempo\/informe-diario-por-correo-electronico\/","title":{"rendered":"Informe diario por correo electr\u00f3nico"},"content":{"rendered":"\t\t<div data-elementor-type=\"wp-page\" data-elementor-id=\"75031\" class=\"elementor elementor-75031 elementor-49790\" data-elementor-post-type=\"page\">\n\t\t\t\t\t\t<section class=\"elementor-section elementor-top-section elementor-element elementor-element-a52cc39 elementor-section-boxed elementor-section-height-default elementor-section-height-default shadepro-adv-gradient-no shadepro-sticky-no\" data-id=\"a52cc39\" data-element_type=\"section\" data-e-type=\"section\" data-settings=\"{&quot;shadepro_sticky&quot;:&quot;no&quot;}\">\n\t\t\t\t\t\t<div class=\"elementor-container elementor-column-gap-default\">\n\t\t\t\t\t<div class=\"elementor-column elementor-col-100 elementor-top-column elementor-element elementor-element-305bf1e\" data-id=\"305bf1e\" data-element_type=\"column\" data-e-type=\"column\">\n\t\t\t<div class=\"elementor-widget-wrap elementor-element-populated\">\n\t\t\t\t\t\t<div class=\"elementor-element elementor-element-35d9fb4 shadepro-sticky-no elementor-widget elementor-widget-heading\" data-id=\"35d9fb4\" data-element_type=\"widget\" data-e-type=\"widget\" data-settings=\"{&quot;shadepro_sticky&quot;:&quot;no&quot;}\" data-widget_type=\"heading.default\">\n\t\t\t\t<div class=\"elementor-widget-container\">\n\t\t\t\t\t<h1 class=\"elementor-heading-title elementor-size-default\">Informe diario por correo electr\u00f3nico<\/h1>\t\t\t\t<\/div>\n\t\t\t\t<\/div>\n\t\t\t\t<div class=\"elementor-element elementor-element-9e8f7f3 shadepro-sticky-no elementor-widget elementor-widget-text-editor\" data-id=\"9e8f7f3\" data-element_type=\"widget\" data-e-type=\"widget\" data-settings=\"{&quot;shadepro_sticky&quot;:&quot;no&quot;}\" data-widget_type=\"text-editor.default\">\n\t\t\t\t<div class=\"elementor-widget-container\">\n\t\t\t\t\t\t\t\t\t<p>Para realizar un seguimiento de las horas de trabajo de los empleados como gerente, jefe de departamento, etc., se puede crear y enviar un informe diario por correo electr\u00f3nico utilizando 1Tool.<\/p>\t\t\t\t\t\t\t\t<\/div>\n\t\t\t\t<\/div>\n\t\t\t\t<section class=\"elementor-section elementor-inner-section elementor-element elementor-element-bed5342 elementor-section-boxed elementor-section-height-default elementor-section-height-default shadepro-adv-gradient-no shadepro-sticky-no\" data-id=\"bed5342\" data-element_type=\"section\" data-e-type=\"section\" data-settings=\"{&quot;shadepro_sticky&quot;:&quot;no&quot;}\">\n\t\t\t\t\t\t<div class=\"elementor-container elementor-column-gap-default\">\n\t\t\t\t\t<div class=\"elementor-column elementor-col-100 elementor-inner-column elementor-element elementor-element-5d3228f\" data-id=\"5d3228f\" data-element_type=\"column\" data-e-type=\"column\">\n\t\t\t<div class=\"elementor-widget-wrap elementor-element-populated\">\n\t\t\t\t\t\t<div class=\"elementor-element elementor-element-4994735 shadepro-sticky-no elementor-widget elementor-widget-text-editor\" data-id=\"4994735\" data-element_type=\"widget\" data-e-type=\"widget\" data-settings=\"{&quot;shadepro_sticky&quot;:&quot;no&quot;}\" data-widget_type=\"text-editor.default\">\n\t\t\t\t<div class=\"elementor-widget-container\">\n\t\t\t\t\t\t\t\t\t<h3><strong>Horas de trabajo diarias de un vistazo<\/strong><\/h3><p>Diariamente se env\u00eda un correo electr\u00f3nico en el que se analizan los tiempos de cada empleado. Qui\u00e9n recibe este correo electr\u00f3nico puede definirse individualmente (direcci\u00f3n, controlling, departamento de RRHH, etc.). Este correo electr\u00f3nico proporciona una visi\u00f3n r\u00e1pida de en qu\u00e9 est\u00e1n trabajando los empleados en ese momento y tambi\u00e9n muestra si un empleado no ha realizado una entrada en el m\u00f3dulo de registro de tiempos.  <\/p>\t\t\t\t\t\t\t\t<\/div>\n\t\t\t\t<\/div>\n\t\t\t\t\t<\/div>\n\t\t<\/div>\n\t\t\t\t\t<\/div>\n\t\t<\/section>\n\t\t\t\t\t<\/div>\n\t\t<\/div>\n\t\t\t\t\t<\/div>\n\t\t<\/section>\n\t\t\t\t<\/div>\n\t\t","protected":false},"excerpt":{"rendered":"<p>Informe diario por correo electr\u00f3nico Para realizar un seguimiento de las horas de trabajo de los empleados como gerente, jefe de departamento, etc., se puede crear y enviar un informe diario por correo electr\u00f3nico utilizando 1Tool. Horas de trabajo diarias de un vistazo Diariamente se env\u00eda un correo electr\u00f3nico en el que se analizan los [&hellip;]<\/p>\n","protected":false},"author":1,"featured_media":0,"parent":74693,"menu_order":0,"comment_status":"closed","ping_status":"closed","template":"","meta":{"inline_featured_image":false,"footnotes":""},"class_list":["post-75031","page","type-page","status-publish","hentry"],"acf":[],"yoast_head":"<!-- This site is optimized with the Yoast SEO plugin v27.5 - https:\/\/yoast.com\/product\/yoast-seo-wordpress\/ -->\n<title>Informe diario por correo electr\u00f3nico - 1Tool<\/title>\n<meta name=\"robots\" content=\"index, follow, max-snippet:-1, max-image-preview:large, max-video-preview:-1\" \/>\n<link rel=\"canonical\" href=\"https:\/\/www.1tool.com\/es\/modulos\/organizacion-y-servicio\/registro-de-tiempo\/funciones-del-modulo-de-registro-de-tiempo\/informe-diario-por-correo-electronico\/\" \/>\n<meta property=\"og:locale\" content=\"es_ES\" \/>\n<meta property=\"og:type\" content=\"article\" \/>\n<meta property=\"og:title\" content=\"Informe diario por correo electr\u00f3nico - 1Tool\" \/>\n<meta property=\"og:description\" content=\"Informe diario por correo electr\u00f3nico Para realizar un seguimiento de las horas de trabajo de los empleados como gerente, jefe de departamento, etc., se puede crear y enviar un informe diario por correo electr\u00f3nico utilizando 1Tool. Horas de trabajo diarias de un vistazo Diariamente se env\u00eda un correo electr\u00f3nico en el que se analizan los [&hellip;]\" \/>\n<meta property=\"og:url\" content=\"https:\/\/www.1tool.com\/es\/modulos\/organizacion-y-servicio\/registro-de-tiempo\/funciones-del-modulo-de-registro-de-tiempo\/informe-diario-por-correo-electronico\/\" \/>\n<meta property=\"og:site_name\" content=\"1Tool\" \/>\n<meta property=\"article:modified_time\" content=\"2026-05-04T12:30:26+00:00\" \/>\n<meta name=\"twitter:card\" content=\"summary_large_image\" \/>\n<meta name=\"twitter:label1\" content=\"Tiempo de lectura\" \/>\n\t<meta name=\"twitter:data1\" content=\"1 minuto\" \/>\n<script type=\"application\/ld+json\" class=\"yoast-schema-graph\">{\"@context\":\"https:\\\/\\\/schema.org\",\"@graph\":[{\"@type\":\"WebPage\",\"@id\":\"https:\\\/\\\/www.1tool.com\\\/es\\\/modulos\\\/organizacion-y-servicio\\\/registro-de-tiempo\\\/funciones-del-modulo-de-registro-de-tiempo\\\/informe-diario-por-correo-electronico\\\/\",\"url\":\"https:\\\/\\\/www.1tool.com\\\/es\\\/modulos\\\/organizacion-y-servicio\\\/registro-de-tiempo\\\/funciones-del-modulo-de-registro-de-tiempo\\\/informe-diario-por-correo-electronico\\\/\",\"name\":\"Informe diario por correo electr\u00f3nico - 1Tool\",\"isPartOf\":{\"@id\":\"https:\\\/\\\/www.1tool.com\\\/es\\\/#website\"},\"datePublished\":\"2022-03-31T02:42:05+00:00\",\"dateModified\":\"2026-05-04T12:30:26+00:00\",\"breadcrumb\":{\"@id\":\"https:\\\/\\\/www.1tool.com\\\/es\\\/modulos\\\/organizacion-y-servicio\\\/registro-de-tiempo\\\/funciones-del-modulo-de-registro-de-tiempo\\\/informe-diario-por-correo-electronico\\\/#breadcrumb\"},\"inLanguage\":\"es\",\"potentialAction\":[{\"@type\":\"ReadAction\",\"target\":[\"https:\\\/\\\/www.1tool.com\\\/es\\\/modulos\\\/organizacion-y-servicio\\\/registro-de-tiempo\\\/funciones-del-modulo-de-registro-de-tiempo\\\/informe-diario-por-correo-electronico\\\/\"]}]},{\"@type\":\"BreadcrumbList\",\"@id\":\"https:\\\/\\\/www.1tool.com\\\/es\\\/modulos\\\/organizacion-y-servicio\\\/registro-de-tiempo\\\/funciones-del-modulo-de-registro-de-tiempo\\\/informe-diario-por-correo-electronico\\\/#breadcrumb\",\"itemListElement\":[{\"@type\":\"ListItem\",\"position\":1,\"name\":\"Home\",\"item\":\"https:\\\/\\\/www.1tool.com\\\/es\\\/\"},{\"@type\":\"ListItem\",\"position\":2,\"name\":\"M\u00f3dulos\",\"item\":\"https:\\\/\\\/www.1tool.com\\\/es\\\/modulos\\\/\"},{\"@type\":\"ListItem\",\"position\":3,\"name\":\"Organizaci\u00f3n y Servicio\",\"item\":\"https:\\\/\\\/www.1tool.com\\\/es\\\/modulos\\\/organizacion-y-servicio\\\/\"},{\"@type\":\"ListItem\",\"position\":4,\"name\":\"Registro de tiempo\",\"item\":\"https:\\\/\\\/www.1tool.com\\\/es\\\/modulos\\\/organizacion-y-servicio\\\/registro-de-tiempo\\\/\"},{\"@type\":\"ListItem\",\"position\":5,\"name\":\"Funciones del m\u00f3dulo de registro de tiempo\",\"item\":\"https:\\\/\\\/www.1tool.com\\\/es\\\/modulos\\\/organizacion-y-servicio\\\/registro-de-tiempo\\\/funciones-del-modulo-de-registro-de-tiempo\\\/\"},{\"@type\":\"ListItem\",\"position\":6,\"name\":\"Informe diario por correo electr\u00f3nico\"}]},{\"@type\":\"WebSite\",\"@id\":\"https:\\\/\\\/www.1tool.com\\\/es\\\/#website\",\"url\":\"https:\\\/\\\/www.1tool.com\\\/es\\\/\",\"name\":\"1Tool\",\"description\":\"CRM\",\"publisher\":{\"@id\":\"https:\\\/\\\/www.1tool.com\\\/es\\\/#organization\"},\"potentialAction\":[{\"@type\":\"SearchAction\",\"target\":{\"@type\":\"EntryPoint\",\"urlTemplate\":\"https:\\\/\\\/www.1tool.com\\\/es\\\/?s={search_term_string}\"},\"query-input\":{\"@type\":\"PropertyValueSpecification\",\"valueRequired\":true,\"valueName\":\"search_term_string\"}}],\"inLanguage\":\"es\"},{\"@type\":\"Organization\",\"@id\":\"https:\\\/\\\/www.1tool.com\\\/es\\\/#organization\",\"name\":\"1Tool\",\"url\":\"https:\\\/\\\/www.1tool.com\\\/es\\\/\",\"logo\":{\"@type\":\"ImageObject\",\"inLanguage\":\"es\",\"@id\":\"https:\\\/\\\/www.1tool.com\\\/es\\\/#\\\/schema\\\/logo\\\/image\\\/\",\"url\":\"https:\\\/\\\/www.1tool.com\\\/wp-content\\\/uploads\\\/2022\\\/04\\\/1tool-1.png\",\"contentUrl\":\"https:\\\/\\\/www.1tool.com\\\/wp-content\\\/uploads\\\/2022\\\/04\\\/1tool-1.png\",\"width\":400,\"height\":150,\"caption\":\"1Tool\"},\"image\":{\"@id\":\"https:\\\/\\\/www.1tool.com\\\/es\\\/#\\\/schema\\\/logo\\\/image\\\/\"}}]}<\/script>\n<!-- \/ Yoast SEO plugin. -->","yoast_head_json":{"title":"Informe diario por correo electr\u00f3nico - 1Tool","robots":{"index":"index","follow":"follow","max-snippet":"max-snippet:-1","max-image-preview":"max-image-preview:large","max-video-preview":"max-video-preview:-1"},"canonical":"https:\/\/www.1tool.com\/es\/modulos\/organizacion-y-servicio\/registro-de-tiempo\/funciones-del-modulo-de-registro-de-tiempo\/informe-diario-por-correo-electronico\/","og_locale":"es_ES","og_type":"article","og_title":"Informe diario por correo electr\u00f3nico - 1Tool","og_description":"Informe diario por correo electr\u00f3nico Para realizar un seguimiento de las horas de trabajo de los empleados como gerente, jefe de departamento, etc., se puede crear y enviar un informe diario por correo electr\u00f3nico utilizando 1Tool. Horas de trabajo diarias de un vistazo Diariamente se env\u00eda un correo electr\u00f3nico en el que se analizan los [&hellip;]","og_url":"https:\/\/www.1tool.com\/es\/modulos\/organizacion-y-servicio\/registro-de-tiempo\/funciones-del-modulo-de-registro-de-tiempo\/informe-diario-por-correo-electronico\/","og_site_name":"1Tool","article_modified_time":"2026-05-04T12:30:26+00:00","twitter_card":"summary_large_image","twitter_misc":{"Tiempo de lectura":"1 minuto"},"schema":{"@context":"https:\/\/schema.org","@graph":[{"@type":"WebPage","@id":"https:\/\/www.1tool.com\/es\/modulos\/organizacion-y-servicio\/registro-de-tiempo\/funciones-del-modulo-de-registro-de-tiempo\/informe-diario-por-correo-electronico\/","url":"https:\/\/www.1tool.com\/es\/modulos\/organizacion-y-servicio\/registro-de-tiempo\/funciones-del-modulo-de-registro-de-tiempo\/informe-diario-por-correo-electronico\/","name":"Informe diario por correo electr\u00f3nico - 1Tool","isPartOf":{"@id":"https:\/\/www.1tool.com\/es\/#website"},"datePublished":"2022-03-31T02:42:05+00:00","dateModified":"2026-05-04T12:30:26+00:00","breadcrumb":{"@id":"https:\/\/www.1tool.com\/es\/modulos\/organizacion-y-servicio\/registro-de-tiempo\/funciones-del-modulo-de-registro-de-tiempo\/informe-diario-por-correo-electronico\/#breadcrumb"},"inLanguage":"es","potentialAction":[{"@type":"ReadAction","target":["https:\/\/www.1tool.com\/es\/modulos\/organizacion-y-servicio\/registro-de-tiempo\/funciones-del-modulo-de-registro-de-tiempo\/informe-diario-por-correo-electronico\/"]}]},{"@type":"BreadcrumbList","@id":"https:\/\/www.1tool.com\/es\/modulos\/organizacion-y-servicio\/registro-de-tiempo\/funciones-del-modulo-de-registro-de-tiempo\/informe-diario-por-correo-electronico\/#breadcrumb","itemListElement":[{"@type":"ListItem","position":1,"name":"Home","item":"https:\/\/www.1tool.com\/es\/"},{"@type":"ListItem","position":2,"name":"M\u00f3dulos","item":"https:\/\/www.1tool.com\/es\/modulos\/"},{"@type":"ListItem","position":3,"name":"Organizaci\u00f3n y Servicio","item":"https:\/\/www.1tool.com\/es\/modulos\/organizacion-y-servicio\/"},{"@type":"ListItem","position":4,"name":"Registro de tiempo","item":"https:\/\/www.1tool.com\/es\/modulos\/organizacion-y-servicio\/registro-de-tiempo\/"},{"@type":"ListItem","position":5,"name":"Funciones del m\u00f3dulo de registro de tiempo","item":"https:\/\/www.1tool.com\/es\/modulos\/organizacion-y-servicio\/registro-de-tiempo\/funciones-del-modulo-de-registro-de-tiempo\/"},{"@type":"ListItem","position":6,"name":"Informe diario por correo electr\u00f3nico"}]},{"@type":"WebSite","@id":"https:\/\/www.1tool.com\/es\/#website","url":"https:\/\/www.1tool.com\/es\/","name":"1Tool","description":"CRM","publisher":{"@id":"https:\/\/www.1tool.com\/es\/#organization"},"potentialAction":[{"@type":"SearchAction","target":{"@type":"EntryPoint","urlTemplate":"https:\/\/www.1tool.com\/es\/?s={search_term_string}"},"query-input":{"@type":"PropertyValueSpecification","valueRequired":true,"valueName":"search_term_string"}}],"inLanguage":"es"},{"@type":"Organization","@id":"https:\/\/www.1tool.com\/es\/#organization","name":"1Tool","url":"https:\/\/www.1tool.com\/es\/","logo":{"@type":"ImageObject","inLanguage":"es","@id":"https:\/\/www.1tool.com\/es\/#\/schema\/logo\/image\/","url":"https:\/\/www.1tool.com\/wp-content\/uploads\/2022\/04\/1tool-1.png","contentUrl":"https:\/\/www.1tool.com\/wp-content\/uploads\/2022\/04\/1tool-1.png","width":400,"height":150,"caption":"1Tool"},"image":{"@id":"https:\/\/www.1tool.com\/es\/#\/schema\/logo\/image\/"}}]}},"_links":{"self":[{"href":"https:\/\/www.1tool.com\/es\/wp-json\/wp\/v2\/pages\/75031","targetHints":{"allow":["GET"]}}],"collection":[{"href":"https:\/\/www.1tool.com\/es\/wp-json\/wp\/v2\/pages"}],"about":[{"href":"https:\/\/www.1tool.com\/es\/wp-json\/wp\/v2\/types\/page"}],"author":[{"embeddable":true,"href":"https:\/\/www.1tool.com\/es\/wp-json\/wp\/v2\/users\/1"}],"replies":[{"embeddable":true,"href":"https:\/\/www.1tool.com\/es\/wp-json\/wp\/v2\/comments?post=75031"}],"version-history":[{"count":1,"href":"https:\/\/www.1tool.com\/es\/wp-json\/wp\/v2\/pages\/75031\/revisions"}],"predecessor-version":[{"id":75034,"href":"https:\/\/www.1tool.com\/es\/wp-json\/wp\/v2\/pages\/75031\/revisions\/75034"}],"up":[{"embeddable":true,"href":"https:\/\/www.1tool.com\/es\/wp-json\/wp\/v2\/pages\/74693"}],"wp:attachment":[{"href":"https:\/\/www.1tool.com\/es\/wp-json\/wp\/v2\/media?parent=75031"}],"curies":[{"name":"wp","href":"https:\/\/api.w.org\/{rel}","templated":true}]}}