{"id":75036,"date":"2022-03-31T04:35:34","date_gmt":"2022-03-31T02:35:34","guid":{"rendered":"https:\/\/www.1tool.com\/modulos\/modulos-especiales\/gestion-de-candidatos\/funciones-del-modulo-de-gestion-de-candidatos\/software-personal\/"},"modified":"2026-05-04T14:30:26","modified_gmt":"2026-05-04T12:30:26","slug":"software-personal","status":"publish","type":"page","link":"https:\/\/www.1tool.com\/es\/modulos\/modulos-especiales\/gestion-de-candidatos\/funciones-del-modulo-de-gestion-de-candidatos\/software-personal\/","title":{"rendered":"Software personal"},"content":{"rendered":"\t\t<div data-elementor-type=\"wp-page\" data-elementor-id=\"75036\" class=\"elementor elementor-75036 elementor-49763\" data-elementor-post-type=\"page\">\n\t\t\t\t\t\t<section class=\"elementor-section elementor-top-section elementor-element elementor-element-fdf59cc elementor-section-boxed elementor-section-height-default elementor-section-height-default shadepro-adv-gradient-no shadepro-sticky-no\" data-id=\"fdf59cc\" data-element_type=\"section\" data-e-type=\"section\" data-settings=\"{&quot;shadepro_sticky&quot;:&quot;no&quot;}\">\n\t\t\t\t\t\t<div class=\"elementor-container elementor-column-gap-default\">\n\t\t\t\t\t<div class=\"elementor-column elementor-col-100 elementor-top-column elementor-element elementor-element-90b3fde\" data-id=\"90b3fde\" data-element_type=\"column\" data-e-type=\"column\">\n\t\t\t<div class=\"elementor-widget-wrap elementor-element-populated\">\n\t\t\t\t\t\t<div class=\"elementor-element elementor-element-5111547 shadepro-sticky-no elementor-widget elementor-widget-heading\" data-id=\"5111547\" data-element_type=\"widget\" data-e-type=\"widget\" data-settings=\"{&quot;shadepro_sticky&quot;:&quot;no&quot;}\" data-widget_type=\"heading.default\">\n\t\t\t\t<div class=\"elementor-widget-container\">\n\t\t\t\t\t<h1 class=\"elementor-heading-title elementor-size-default\">Software personal<\/h1>\t\t\t\t<\/div>\n\t\t\t\t<\/div>\n\t\t\t\t<div class=\"elementor-element elementor-element-05a3ab8 shadepro-sticky-no elementor-widget elementor-widget-text-editor\" data-id=\"05a3ab8\" data-element_type=\"widget\" data-e-type=\"widget\" data-settings=\"{&quot;shadepro_sticky&quot;:&quot;no&quot;}\" data-widget_type=\"text-editor.default\">\n\t\t\t\t<div class=\"elementor-widget-container\">\n\t\t\t\t\t\t\t\t\t<p>Desde el anuncio de empleo hasta la selecci\u00f3n de candidatos: \u00a1nuestro software de gesti\u00f3n de candidatos para una contrataci\u00f3n eficaz!<\/p>\t\t\t\t\t\t\t\t<\/div>\n\t\t\t\t<\/div>\n\t\t\t\t<section class=\"elementor-section elementor-inner-section elementor-element elementor-element-a811abf elementor-section-boxed elementor-section-height-default elementor-section-height-default shadepro-adv-gradient-no shadepro-sticky-no\" data-id=\"a811abf\" data-element_type=\"section\" data-e-type=\"section\" data-settings=\"{&quot;shadepro_sticky&quot;:&quot;no&quot;}\">\n\t\t\t\t\t\t<div class=\"elementor-container elementor-column-gap-default\">\n\t\t\t\t\t<div class=\"elementor-column elementor-col-100 elementor-inner-column elementor-element elementor-element-59dedfe\" data-id=\"59dedfe\" data-element_type=\"column\" data-e-type=\"column\">\n\t\t\t<div class=\"elementor-widget-wrap elementor-element-populated\">\n\t\t\t\t\t\t<div class=\"elementor-element elementor-element-ef1d983 shadepro-sticky-no elementor-widget elementor-widget-text-editor\" data-id=\"ef1d983\" data-element_type=\"widget\" data-e-type=\"widget\" data-settings=\"{&quot;shadepro_sticky&quot;:&quot;no&quot;}\" data-widget_type=\"text-editor.default\">\n\t\t\t\t<div class=\"elementor-widget-container\">\n\t\t\t\t\t\t\t\t\t<h3>Reclutamiento innovador con el sistema de gesti\u00f3n de candidatos 1Tool<\/h3><p>Gestiona todo tu proceso de selecci\u00f3n con el sistema de gesti\u00f3n de candidatos 1Tool. Desde la creaci\u00f3n de tus anuncios de empleo hasta la selecci\u00f3n de candidatos, puedes llevar a cabo todos los pasos en una ubicaci\u00f3n central. Toma decisiones en equipo y encuentra al candidato adecuado para cada puesto, \u00a1garantizado!  <\/p><h3>Mayor n\u00famero de candidatos con el sistema de gesti\u00f3n de candidatos 1Tool<\/h3><p>Tanto si eres una agencia de colocaci\u00f3n, una PYME o una gran empresa, el software de gesti\u00f3n de candidatos 1Tool se adapta a tu proceso de contrataci\u00f3n y te ayuda a encontrar a los candidatos adecuados con s\u00f3lo pulsar un bot\u00f3n.<\/p><p>Creas tus anuncios de empleo directamente en el sistema de gesti\u00f3n de candidatos: gracias a la integraci\u00f3n en tu sitio web, el empleo aparece en tu portal de empleo con un solo clic y ofreces a los candidatos la oportunidad de presentar su candidatura directamente en l\u00ednea. Los datos del candidato se transfieren autom\u00e1ticamente a la base de datos de nuestro software de gesti\u00f3n profesional de candidatos y se leen los CV. Esto no s\u00f3lo facilita tu trabajo diario, sino que tambi\u00e9n hace que el proceso de solicitud de los candidatos sea lo m\u00e1s sencillo y directo posible.  <\/p><p>M\u00e1s sobre la gesti\u00f3n del empleo<\/p><h3>Amplia reserva de talentos y comunicaci\u00f3n eficaz con los solicitantes<\/h3><p>Los candidatos mantienen ellos mismos sus perfiles a trav\u00e9s de su propio acceso a tu portal de empleo y pueden a\u00f1adir directamente nuevas habilidades y experiencia. La gesti\u00f3n de candidatos de 1Tool guarda autom\u00e1ticamente todos los datos relevantes de tus candidatos en una base de datos central, lo que te permite reconocer a los mejores candidatos de un vistazo. Con la ayuda de la amplia funci\u00f3n de b\u00fasqueda de nuestro software de gesti\u00f3n de candidatos, puedes encontrar candidatos adecuados con las cualificaciones y experiencia necesarias en tu base de datos de candidatos con s\u00f3lo pulsar un bot\u00f3n e invitarles directamente a una entrevista.  <\/p><p>El estado actual de tus trabajos y candidatos est\u00e1 siempre visible y facilita el trabajo en equipo. T\u00fa y tus colegas pod\u00e9is utilizar comentarios y documentos para intercambiar informaci\u00f3n y tomar una decisi\u00f3n juntos. Gracias a las plantillas de correo electr\u00f3nico y al marketing profesional por correo electr\u00f3nico, puedes informar a los candidatos de tu decisi\u00f3n con s\u00f3lo pulsar un bot\u00f3n o mantenerlos al d\u00eda de otros anuncios de empleo prometedores.  <\/p><p>Selecci\u00f3n de candidatos y comunicaci\u00f3n<\/p><h3>Proceso de gesti\u00f3n de candidatos de un vistazo<\/h3><p>Adem\u00e1s de la gesti\u00f3n de puestos y candidatos, siempre puedes vigilar los costes, el esfuerzo y el \u00e9xito de tu gesti\u00f3n de candidatos con la ayuda de an\u00e1lisis precisos, que te permiten planificar y coordinar las tareas de tu proceso de solicitud con todo detalle. Las funciones CRM adicionales de nuestro software tambi\u00e9n garantizan el \u00e9xito de la gesti\u00f3n de los empleados tras el proceso de solicitud. <\/p>\t\t\t\t\t\t\t\t<\/div>\n\t\t\t\t<\/div>\n\t\t\t\t\t<\/div>\n\t\t<\/div>\n\t\t\t\t\t<\/div>\n\t\t<\/section>\n\t\t\t\t\t<\/div>\n\t\t<\/div>\n\t\t\t\t\t<\/div>\n\t\t<\/section>\n\t\t\t\t<\/div>\n\t\t","protected":false},"excerpt":{"rendered":"<p>Software personal Desde el anuncio de empleo hasta la selecci\u00f3n de candidatos: \u00a1nuestro software de gesti\u00f3n de candidatos para una contrataci\u00f3n eficaz! Reclutamiento innovador con el sistema de gesti\u00f3n de candidatos 1Tool Gestiona todo tu proceso de selecci\u00f3n con el sistema de gesti\u00f3n de candidatos 1Tool. Desde la creaci\u00f3n de tus anuncios de empleo hasta [&hellip;]<\/p>\n","protected":false},"author":1,"featured_media":0,"parent":74681,"menu_order":0,"comment_status":"closed","ping_status":"closed","template":"","meta":{"inline_featured_image":false,"footnotes":""},"class_list":["post-75036","page","type-page","status-publish","hentry"],"acf":[],"yoast_head":"<!-- This site is optimized with the Yoast SEO plugin v27.5 - https:\/\/yoast.com\/product\/yoast-seo-wordpress\/ -->\n<title>Software personal - 1Tool<\/title>\n<meta name=\"robots\" content=\"index, follow, max-snippet:-1, max-image-preview:large, max-video-preview:-1\" \/>\n<link rel=\"canonical\" href=\"https:\/\/www.1tool.com\/es\/modulos\/modulos-especiales\/gestion-de-candidatos\/funciones-del-modulo-de-gestion-de-candidatos\/software-personal\/\" \/>\n<meta property=\"og:locale\" content=\"es_ES\" \/>\n<meta property=\"og:type\" content=\"article\" \/>\n<meta property=\"og:title\" content=\"Software personal - 1Tool\" \/>\n<meta property=\"og:description\" content=\"Software personal Desde el anuncio de empleo hasta la selecci\u00f3n de candidatos: \u00a1nuestro software de gesti\u00f3n de candidatos para una contrataci\u00f3n eficaz! Reclutamiento innovador con el sistema de gesti\u00f3n de candidatos 1Tool Gestiona todo tu proceso de selecci\u00f3n con el sistema de gesti\u00f3n de candidatos 1Tool. Desde la creaci\u00f3n de tus anuncios de empleo hasta [&hellip;]\" \/>\n<meta property=\"og:url\" content=\"https:\/\/www.1tool.com\/es\/modulos\/modulos-especiales\/gestion-de-candidatos\/funciones-del-modulo-de-gestion-de-candidatos\/software-personal\/\" \/>\n<meta property=\"og:site_name\" content=\"1Tool\" \/>\n<meta property=\"article:modified_time\" content=\"2026-05-04T12:30:26+00:00\" \/>\n<meta name=\"twitter:card\" content=\"summary_large_image\" \/>\n<meta name=\"twitter:label1\" content=\"Tiempo de lectura\" \/>\n\t<meta name=\"twitter:data1\" content=\"3 minutos\" \/>\n<script type=\"application\/ld+json\" class=\"yoast-schema-graph\">{\"@context\":\"https:\\\/\\\/schema.org\",\"@graph\":[{\"@type\":\"WebPage\",\"@id\":\"https:\\\/\\\/www.1tool.com\\\/es\\\/modulos\\\/modulos-especiales\\\/gestion-de-candidatos\\\/funciones-del-modulo-de-gestion-de-candidatos\\\/software-personal\\\/\",\"url\":\"https:\\\/\\\/www.1tool.com\\\/es\\\/modulos\\\/modulos-especiales\\\/gestion-de-candidatos\\\/funciones-del-modulo-de-gestion-de-candidatos\\\/software-personal\\\/\",\"name\":\"Software personal - 1Tool\",\"isPartOf\":{\"@id\":\"https:\\\/\\\/www.1tool.com\\\/es\\\/#website\"},\"datePublished\":\"2022-03-31T02:35:34+00:00\",\"dateModified\":\"2026-05-04T12:30:26+00:00\",\"breadcrumb\":{\"@id\":\"https:\\\/\\\/www.1tool.com\\\/es\\\/modulos\\\/modulos-especiales\\\/gestion-de-candidatos\\\/funciones-del-modulo-de-gestion-de-candidatos\\\/software-personal\\\/#breadcrumb\"},\"inLanguage\":\"es\",\"potentialAction\":[{\"@type\":\"ReadAction\",\"target\":[\"https:\\\/\\\/www.1tool.com\\\/es\\\/modulos\\\/modulos-especiales\\\/gestion-de-candidatos\\\/funciones-del-modulo-de-gestion-de-candidatos\\\/software-personal\\\/\"]}]},{\"@type\":\"BreadcrumbList\",\"@id\":\"https:\\\/\\\/www.1tool.com\\\/es\\\/modulos\\\/modulos-especiales\\\/gestion-de-candidatos\\\/funciones-del-modulo-de-gestion-de-candidatos\\\/software-personal\\\/#breadcrumb\",\"itemListElement\":[{\"@type\":\"ListItem\",\"position\":1,\"name\":\"Home\",\"item\":\"https:\\\/\\\/www.1tool.com\\\/es\\\/\"},{\"@type\":\"ListItem\",\"position\":2,\"name\":\"M\u00f3dulos\",\"item\":\"https:\\\/\\\/www.1tool.com\\\/es\\\/modulos\\\/\"},{\"@type\":\"ListItem\",\"position\":3,\"name\":\"M\u00f3dulos especiales\",\"item\":\"https:\\\/\\\/www.1tool.com\\\/es\\\/modulos\\\/modulos-especiales\\\/\"},{\"@type\":\"ListItem\",\"position\":4,\"name\":\"Gesti\u00f3n de candidatos\",\"item\":\"https:\\\/\\\/www.1tool.com\\\/es\\\/modulos\\\/modulos-especiales\\\/gestion-de-candidatos\\\/\"},{\"@type\":\"ListItem\",\"position\":5,\"name\":\"Funciones del m\u00f3dulo de gesti\u00f3n de candidatos\",\"item\":\"https:\\\/\\\/www.1tool.com\\\/es\\\/modulos\\\/modulos-especiales\\\/gestion-de-candidatos\\\/funciones-del-modulo-de-gestion-de-candidatos\\\/\"},{\"@type\":\"ListItem\",\"position\":6,\"name\":\"Software personal\"}]},{\"@type\":\"WebSite\",\"@id\":\"https:\\\/\\\/www.1tool.com\\\/es\\\/#website\",\"url\":\"https:\\\/\\\/www.1tool.com\\\/es\\\/\",\"name\":\"1Tool\",\"description\":\"CRM\",\"publisher\":{\"@id\":\"https:\\\/\\\/www.1tool.com\\\/es\\\/#organization\"},\"potentialAction\":[{\"@type\":\"SearchAction\",\"target\":{\"@type\":\"EntryPoint\",\"urlTemplate\":\"https:\\\/\\\/www.1tool.com\\\/es\\\/?s={search_term_string}\"},\"query-input\":{\"@type\":\"PropertyValueSpecification\",\"valueRequired\":true,\"valueName\":\"search_term_string\"}}],\"inLanguage\":\"es\"},{\"@type\":\"Organization\",\"@id\":\"https:\\\/\\\/www.1tool.com\\\/es\\\/#organization\",\"name\":\"1Tool\",\"url\":\"https:\\\/\\\/www.1tool.com\\\/es\\\/\",\"logo\":{\"@type\":\"ImageObject\",\"inLanguage\":\"es\",\"@id\":\"https:\\\/\\\/www.1tool.com\\\/es\\\/#\\\/schema\\\/logo\\\/image\\\/\",\"url\":\"https:\\\/\\\/www.1tool.com\\\/wp-content\\\/uploads\\\/2022\\\/04\\\/1tool-1.png\",\"contentUrl\":\"https:\\\/\\\/www.1tool.com\\\/wp-content\\\/uploads\\\/2022\\\/04\\\/1tool-1.png\",\"width\":400,\"height\":150,\"caption\":\"1Tool\"},\"image\":{\"@id\":\"https:\\\/\\\/www.1tool.com\\\/es\\\/#\\\/schema\\\/logo\\\/image\\\/\"}}]}<\/script>\n<!-- \/ Yoast SEO plugin. -->","yoast_head_json":{"title":"Software personal - 1Tool","robots":{"index":"index","follow":"follow","max-snippet":"max-snippet:-1","max-image-preview":"max-image-preview:large","max-video-preview":"max-video-preview:-1"},"canonical":"https:\/\/www.1tool.com\/es\/modulos\/modulos-especiales\/gestion-de-candidatos\/funciones-del-modulo-de-gestion-de-candidatos\/software-personal\/","og_locale":"es_ES","og_type":"article","og_title":"Software personal - 1Tool","og_description":"Software personal Desde el anuncio de empleo hasta la selecci\u00f3n de candidatos: \u00a1nuestro software de gesti\u00f3n de candidatos para una contrataci\u00f3n eficaz! Reclutamiento innovador con el sistema de gesti\u00f3n de candidatos 1Tool Gestiona todo tu proceso de selecci\u00f3n con el sistema de gesti\u00f3n de candidatos 1Tool. Desde la creaci\u00f3n de tus anuncios de empleo hasta [&hellip;]","og_url":"https:\/\/www.1tool.com\/es\/modulos\/modulos-especiales\/gestion-de-candidatos\/funciones-del-modulo-de-gestion-de-candidatos\/software-personal\/","og_site_name":"1Tool","article_modified_time":"2026-05-04T12:30:26+00:00","twitter_card":"summary_large_image","twitter_misc":{"Tiempo de lectura":"3 minutos"},"schema":{"@context":"https:\/\/schema.org","@graph":[{"@type":"WebPage","@id":"https:\/\/www.1tool.com\/es\/modulos\/modulos-especiales\/gestion-de-candidatos\/funciones-del-modulo-de-gestion-de-candidatos\/software-personal\/","url":"https:\/\/www.1tool.com\/es\/modulos\/modulos-especiales\/gestion-de-candidatos\/funciones-del-modulo-de-gestion-de-candidatos\/software-personal\/","name":"Software personal - 1Tool","isPartOf":{"@id":"https:\/\/www.1tool.com\/es\/#website"},"datePublished":"2022-03-31T02:35:34+00:00","dateModified":"2026-05-04T12:30:26+00:00","breadcrumb":{"@id":"https:\/\/www.1tool.com\/es\/modulos\/modulos-especiales\/gestion-de-candidatos\/funciones-del-modulo-de-gestion-de-candidatos\/software-personal\/#breadcrumb"},"inLanguage":"es","potentialAction":[{"@type":"ReadAction","target":["https:\/\/www.1tool.com\/es\/modulos\/modulos-especiales\/gestion-de-candidatos\/funciones-del-modulo-de-gestion-de-candidatos\/software-personal\/"]}]},{"@type":"BreadcrumbList","@id":"https:\/\/www.1tool.com\/es\/modulos\/modulos-especiales\/gestion-de-candidatos\/funciones-del-modulo-de-gestion-de-candidatos\/software-personal\/#breadcrumb","itemListElement":[{"@type":"ListItem","position":1,"name":"Home","item":"https:\/\/www.1tool.com\/es\/"},{"@type":"ListItem","position":2,"name":"M\u00f3dulos","item":"https:\/\/www.1tool.com\/es\/modulos\/"},{"@type":"ListItem","position":3,"name":"M\u00f3dulos especiales","item":"https:\/\/www.1tool.com\/es\/modulos\/modulos-especiales\/"},{"@type":"ListItem","position":4,"name":"Gesti\u00f3n de candidatos","item":"https:\/\/www.1tool.com\/es\/modulos\/modulos-especiales\/gestion-de-candidatos\/"},{"@type":"ListItem","position":5,"name":"Funciones del m\u00f3dulo de gesti\u00f3n de candidatos","item":"https:\/\/www.1tool.com\/es\/modulos\/modulos-especiales\/gestion-de-candidatos\/funciones-del-modulo-de-gestion-de-candidatos\/"},{"@type":"ListItem","position":6,"name":"Software personal"}]},{"@type":"WebSite","@id":"https:\/\/www.1tool.com\/es\/#website","url":"https:\/\/www.1tool.com\/es\/","name":"1Tool","description":"CRM","publisher":{"@id":"https:\/\/www.1tool.com\/es\/#organization"},"potentialAction":[{"@type":"SearchAction","target":{"@type":"EntryPoint","urlTemplate":"https:\/\/www.1tool.com\/es\/?s={search_term_string}"},"query-input":{"@type":"PropertyValueSpecification","valueRequired":true,"valueName":"search_term_string"}}],"inLanguage":"es"},{"@type":"Organization","@id":"https:\/\/www.1tool.com\/es\/#organization","name":"1Tool","url":"https:\/\/www.1tool.com\/es\/","logo":{"@type":"ImageObject","inLanguage":"es","@id":"https:\/\/www.1tool.com\/es\/#\/schema\/logo\/image\/","url":"https:\/\/www.1tool.com\/wp-content\/uploads\/2022\/04\/1tool-1.png","contentUrl":"https:\/\/www.1tool.com\/wp-content\/uploads\/2022\/04\/1tool-1.png","width":400,"height":150,"caption":"1Tool"},"image":{"@id":"https:\/\/www.1tool.com\/es\/#\/schema\/logo\/image\/"}}]}},"_links":{"self":[{"href":"https:\/\/www.1tool.com\/es\/wp-json\/wp\/v2\/pages\/75036","targetHints":{"allow":["GET"]}}],"collection":[{"href":"https:\/\/www.1tool.com\/es\/wp-json\/wp\/v2\/pages"}],"about":[{"href":"https:\/\/www.1tool.com\/es\/wp-json\/wp\/v2\/types\/page"}],"author":[{"embeddable":true,"href":"https:\/\/www.1tool.com\/es\/wp-json\/wp\/v2\/users\/1"}],"replies":[{"embeddable":true,"href":"https:\/\/www.1tool.com\/es\/wp-json\/wp\/v2\/comments?post=75036"}],"version-history":[{"count":1,"href":"https:\/\/www.1tool.com\/es\/wp-json\/wp\/v2\/pages\/75036\/revisions"}],"predecessor-version":[{"id":75038,"href":"https:\/\/www.1tool.com\/es\/wp-json\/wp\/v2\/pages\/75036\/revisions\/75038"}],"up":[{"embeddable":true,"href":"https:\/\/www.1tool.com\/es\/wp-json\/wp\/v2\/pages\/74681"}],"wp:attachment":[{"href":"https:\/\/www.1tool.com\/es\/wp-json\/wp\/v2\/media?parent=75036"}],"curies":[{"name":"wp","href":"https:\/\/api.w.org\/{rel}","templated":true}]}}