{"id":75616,"date":"2022-03-31T04:48:06","date_gmt":"2022-03-31T02:48:06","guid":{"rendered":"https:\/\/www.1tool.com\/modulos\/organizacion-y-servicio\/eventos\/funciones-modulo-eventos\/sistema-de-semaforos-listas-de-espera\/"},"modified":"2026-05-04T14:37:17","modified_gmt":"2026-05-04T12:37:17","slug":"sistema-de-semaforos-listas-de-espera","status":"publish","type":"page","link":"https:\/\/www.1tool.com\/es\/modulos\/organizacion-y-servicio\/eventos\/funciones-modulo-eventos\/sistema-de-semaforos-listas-de-espera\/","title":{"rendered":"Sistema de sem\u00e1foros\/listas de espera"},"content":{"rendered":"\t\t<div data-elementor-type=\"wp-page\" data-elementor-id=\"75616\" class=\"elementor elementor-75616 elementor-49838\" data-elementor-post-type=\"page\">\n\t\t\t\t\t\t<section class=\"elementor-section elementor-top-section elementor-element elementor-element-f093f66 elementor-section-boxed elementor-section-height-default elementor-section-height-default shadepro-adv-gradient-no shadepro-sticky-no\" data-id=\"f093f66\" data-element_type=\"section\" data-e-type=\"section\" data-settings=\"{&quot;shadepro_sticky&quot;:&quot;no&quot;}\">\n\t\t\t\t\t\t<div class=\"elementor-container elementor-column-gap-default\">\n\t\t\t\t\t<div class=\"elementor-column elementor-col-100 elementor-top-column elementor-element elementor-element-8187e59\" data-id=\"8187e59\" data-element_type=\"column\" data-e-type=\"column\">\n\t\t\t<div class=\"elementor-widget-wrap elementor-element-populated\">\n\t\t\t\t\t\t<div class=\"elementor-element elementor-element-cfad897 shadepro-sticky-no elementor-widget elementor-widget-heading\" data-id=\"cfad897\" data-element_type=\"widget\" data-e-type=\"widget\" data-settings=\"{&quot;shadepro_sticky&quot;:&quot;no&quot;}\" data-widget_type=\"heading.default\">\n\t\t\t\t<div class=\"elementor-widget-container\">\n\t\t\t\t\t<h1 class=\"elementor-heading-title elementor-size-default\">Sistema de sem\u00e1foros\/listas de espera<\/h1>\t\t\t\t<\/div>\n\t\t\t\t<\/div>\n\t\t\t\t<div class=\"elementor-element elementor-element-68883e4 shadepro-sticky-no elementor-widget elementor-widget-text-editor\" data-id=\"68883e4\" data-element_type=\"widget\" data-e-type=\"widget\" data-settings=\"{&quot;shadepro_sticky&quot;:&quot;no&quot;}\" data-widget_type=\"text-editor.default\">\n\t\t\t\t<div class=\"elementor-widget-container\">\n\t\t\t\t\t\t\t\t\t<p>Con el nuevo m\u00f3dulo de gesti\u00f3n de cursos, puedes presentar claramente la variedad de tus cursos y su disponibilidad a tus clientes mediante un sistema de sem\u00e1foro.<\/p>\t\t\t\t\t\t\t\t<\/div>\n\t\t\t\t<\/div>\n\t\t\t\t<section class=\"elementor-section elementor-inner-section elementor-element elementor-element-d5375ae elementor-section-boxed elementor-section-height-default elementor-section-height-default shadepro-adv-gradient-no shadepro-sticky-no\" data-id=\"d5375ae\" data-element_type=\"section\" data-e-type=\"section\" data-settings=\"{&quot;shadepro_sticky&quot;:&quot;no&quot;}\">\n\t\t\t\t\t\t<div class=\"elementor-container elementor-column-gap-default\">\n\t\t\t\t\t<div class=\"elementor-column elementor-col-100 elementor-inner-column elementor-element elementor-element-add44a2\" data-id=\"add44a2\" data-element_type=\"column\" data-e-type=\"column\">\n\t\t\t<div class=\"elementor-widget-wrap elementor-element-populated\">\n\t\t\t\t\t\t<div class=\"elementor-element elementor-element-482c8c6 shadepro-sticky-no elementor-widget elementor-widget-text-editor\" data-id=\"482c8c6\" data-element_type=\"widget\" data-e-type=\"widget\" data-settings=\"{&quot;shadepro_sticky&quot;:&quot;no&quot;}\" data-widget_type=\"text-editor.default\">\n\t\t\t\t<div class=\"elementor-widget-container\">\n\t\t\t\t\t\t\t\t\t<h3>La disponibilidad de un vistazo<\/h3><p>Gracias al sistema de sem\u00e1foro, tus clientes sabr\u00e1n inmediatamente si quedan plazas disponibles para el curso que desean o no. El color rojo indica los cursos que ya est\u00e1n totalmente reservados, el amarillo indica que s\u00f3lo quedan unas pocas plazas y el verde indica todos los cursos con suficientes plazas disponibles. <\/p><p>Sin embargo, 1Tool tambi\u00e9n ofrece la opci\u00f3n de una lista de espera para los cursos totalmente reservados. Esto garantiza que tu empresa siempre tendr\u00e1 un curso con el cupo completo de participantes, porque aunque haya personas que se den de baja antes del inicio del curso, todos los que se hayan apuntado a la lista de espera se incorporar\u00e1n autom\u00e1ticamente al curso. <\/p>\t\t\t\t\t\t\t\t<\/div>\n\t\t\t\t<\/div>\n\t\t\t\t\t<\/div>\n\t\t<\/div>\n\t\t\t\t\t<\/div>\n\t\t<\/section>\n\t\t\t\t\t<\/div>\n\t\t<\/div>\n\t\t\t\t\t<\/div>\n\t\t<\/section>\n\t\t\t\t<\/div>\n\t\t","protected":false},"excerpt":{"rendered":"<p>Sistema de sem\u00e1foros\/listas de espera Con el nuevo m\u00f3dulo de gesti\u00f3n de cursos, puedes presentar claramente la variedad de tus cursos y su disponibilidad a tus clientes mediante un sistema de sem\u00e1foro. La disponibilidad de un vistazo Gracias al sistema de sem\u00e1foro, tus clientes sabr\u00e1n inmediatamente si quedan plazas disponibles para el curso que desean [&hellip;]<\/p>\n","protected":false},"author":1,"featured_media":0,"parent":74667,"menu_order":0,"comment_status":"closed","ping_status":"closed","template":"","meta":{"inline_featured_image":false,"footnotes":""},"class_list":["post-75616","page","type-page","status-publish","hentry"],"acf":[],"yoast_head":"<!-- This site is optimized with the Yoast SEO plugin v27.5 - https:\/\/yoast.com\/product\/yoast-seo-wordpress\/ -->\n<title>Sistema de sem\u00e1foros\/listas de espera - 1Tool<\/title>\n<meta name=\"robots\" content=\"index, follow, max-snippet:-1, max-image-preview:large, max-video-preview:-1\" \/>\n<link rel=\"canonical\" href=\"https:\/\/www.1tool.com\/es\/modulos\/organizacion-y-servicio\/eventos\/funciones-modulo-eventos\/sistema-de-semaforos-listas-de-espera\/\" \/>\n<meta property=\"og:locale\" content=\"es_ES\" \/>\n<meta property=\"og:type\" content=\"article\" \/>\n<meta property=\"og:title\" content=\"Sistema de sem\u00e1foros\/listas de espera - 1Tool\" \/>\n<meta property=\"og:description\" content=\"Sistema de sem\u00e1foros\/listas de espera Con el nuevo m\u00f3dulo de gesti\u00f3n de cursos, puedes presentar claramente la variedad de tus cursos y su disponibilidad a tus clientes mediante un sistema de sem\u00e1foro. La disponibilidad de un vistazo Gracias al sistema de sem\u00e1foro, tus clientes sabr\u00e1n inmediatamente si quedan plazas disponibles para el curso que desean [&hellip;]\" \/>\n<meta property=\"og:url\" content=\"https:\/\/www.1tool.com\/es\/modulos\/organizacion-y-servicio\/eventos\/funciones-modulo-eventos\/sistema-de-semaforos-listas-de-espera\/\" \/>\n<meta property=\"og:site_name\" content=\"1Tool\" \/>\n<meta property=\"article:modified_time\" content=\"2026-05-04T12:37:17+00:00\" \/>\n<meta name=\"twitter:card\" content=\"summary_large_image\" \/>\n<meta name=\"twitter:label1\" content=\"Tiempo de lectura\" \/>\n\t<meta name=\"twitter:data1\" content=\"1 minuto\" \/>\n<script type=\"application\/ld+json\" class=\"yoast-schema-graph\">{\"@context\":\"https:\\\/\\\/schema.org\",\"@graph\":[{\"@type\":\"WebPage\",\"@id\":\"https:\\\/\\\/www.1tool.com\\\/es\\\/modulos\\\/organizacion-y-servicio\\\/eventos\\\/funciones-modulo-eventos\\\/sistema-de-semaforos-listas-de-espera\\\/\",\"url\":\"https:\\\/\\\/www.1tool.com\\\/es\\\/modulos\\\/organizacion-y-servicio\\\/eventos\\\/funciones-modulo-eventos\\\/sistema-de-semaforos-listas-de-espera\\\/\",\"name\":\"Sistema de sem\u00e1foros\\\/listas de espera - 1Tool\",\"isPartOf\":{\"@id\":\"https:\\\/\\\/www.1tool.com\\\/es\\\/#website\"},\"datePublished\":\"2022-03-31T02:48:06+00:00\",\"dateModified\":\"2026-05-04T12:37:17+00:00\",\"breadcrumb\":{\"@id\":\"https:\\\/\\\/www.1tool.com\\\/es\\\/modulos\\\/organizacion-y-servicio\\\/eventos\\\/funciones-modulo-eventos\\\/sistema-de-semaforos-listas-de-espera\\\/#breadcrumb\"},\"inLanguage\":\"es\",\"potentialAction\":[{\"@type\":\"ReadAction\",\"target\":[\"https:\\\/\\\/www.1tool.com\\\/es\\\/modulos\\\/organizacion-y-servicio\\\/eventos\\\/funciones-modulo-eventos\\\/sistema-de-semaforos-listas-de-espera\\\/\"]}]},{\"@type\":\"BreadcrumbList\",\"@id\":\"https:\\\/\\\/www.1tool.com\\\/es\\\/modulos\\\/organizacion-y-servicio\\\/eventos\\\/funciones-modulo-eventos\\\/sistema-de-semaforos-listas-de-espera\\\/#breadcrumb\",\"itemListElement\":[{\"@type\":\"ListItem\",\"position\":1,\"name\":\"Home\",\"item\":\"https:\\\/\\\/www.1tool.com\\\/es\\\/\"},{\"@type\":\"ListItem\",\"position\":2,\"name\":\"M\u00f3dulos\",\"item\":\"https:\\\/\\\/www.1tool.com\\\/es\\\/modulos\\\/\"},{\"@type\":\"ListItem\",\"position\":3,\"name\":\"Organizaci\u00f3n y Servicio\",\"item\":\"https:\\\/\\\/www.1tool.com\\\/es\\\/modulos\\\/organizacion-y-servicio\\\/\"},{\"@type\":\"ListItem\",\"position\":4,\"name\":\"eventos\",\"item\":\"https:\\\/\\\/www.1tool.com\\\/es\\\/modulos\\\/organizacion-y-servicio\\\/eventos\\\/\"},{\"@type\":\"ListItem\",\"position\":5,\"name\":\"Funciones M\u00f3dulo Eventos\",\"item\":\"https:\\\/\\\/www.1tool.com\\\/es\\\/modulos\\\/organizacion-y-servicio\\\/eventos\\\/funciones-modulo-eventos\\\/\"},{\"@type\":\"ListItem\",\"position\":6,\"name\":\"Sistema de sem\u00e1foros\\\/listas de espera\"}]},{\"@type\":\"WebSite\",\"@id\":\"https:\\\/\\\/www.1tool.com\\\/es\\\/#website\",\"url\":\"https:\\\/\\\/www.1tool.com\\\/es\\\/\",\"name\":\"1Tool\",\"description\":\"CRM\",\"publisher\":{\"@id\":\"https:\\\/\\\/www.1tool.com\\\/es\\\/#organization\"},\"potentialAction\":[{\"@type\":\"SearchAction\",\"target\":{\"@type\":\"EntryPoint\",\"urlTemplate\":\"https:\\\/\\\/www.1tool.com\\\/es\\\/?s={search_term_string}\"},\"query-input\":{\"@type\":\"PropertyValueSpecification\",\"valueRequired\":true,\"valueName\":\"search_term_string\"}}],\"inLanguage\":\"es\"},{\"@type\":\"Organization\",\"@id\":\"https:\\\/\\\/www.1tool.com\\\/es\\\/#organization\",\"name\":\"1Tool\",\"url\":\"https:\\\/\\\/www.1tool.com\\\/es\\\/\",\"logo\":{\"@type\":\"ImageObject\",\"inLanguage\":\"es\",\"@id\":\"https:\\\/\\\/www.1tool.com\\\/es\\\/#\\\/schema\\\/logo\\\/image\\\/\",\"url\":\"https:\\\/\\\/www.1tool.com\\\/wp-content\\\/uploads\\\/2022\\\/04\\\/1tool-1.png\",\"contentUrl\":\"https:\\\/\\\/www.1tool.com\\\/wp-content\\\/uploads\\\/2022\\\/04\\\/1tool-1.png\",\"width\":400,\"height\":150,\"caption\":\"1Tool\"},\"image\":{\"@id\":\"https:\\\/\\\/www.1tool.com\\\/es\\\/#\\\/schema\\\/logo\\\/image\\\/\"}}]}<\/script>\n<!-- \/ Yoast SEO plugin. -->","yoast_head_json":{"title":"Sistema de sem\u00e1foros\/listas de espera - 1Tool","robots":{"index":"index","follow":"follow","max-snippet":"max-snippet:-1","max-image-preview":"max-image-preview:large","max-video-preview":"max-video-preview:-1"},"canonical":"https:\/\/www.1tool.com\/es\/modulos\/organizacion-y-servicio\/eventos\/funciones-modulo-eventos\/sistema-de-semaforos-listas-de-espera\/","og_locale":"es_ES","og_type":"article","og_title":"Sistema de sem\u00e1foros\/listas de espera - 1Tool","og_description":"Sistema de sem\u00e1foros\/listas de espera Con el nuevo m\u00f3dulo de gesti\u00f3n de cursos, puedes presentar claramente la variedad de tus cursos y su disponibilidad a tus clientes mediante un sistema de sem\u00e1foro. La disponibilidad de un vistazo Gracias al sistema de sem\u00e1foro, tus clientes sabr\u00e1n inmediatamente si quedan plazas disponibles para el curso que desean [&hellip;]","og_url":"https:\/\/www.1tool.com\/es\/modulos\/organizacion-y-servicio\/eventos\/funciones-modulo-eventos\/sistema-de-semaforos-listas-de-espera\/","og_site_name":"1Tool","article_modified_time":"2026-05-04T12:37:17+00:00","twitter_card":"summary_large_image","twitter_misc":{"Tiempo de lectura":"1 minuto"},"schema":{"@context":"https:\/\/schema.org","@graph":[{"@type":"WebPage","@id":"https:\/\/www.1tool.com\/es\/modulos\/organizacion-y-servicio\/eventos\/funciones-modulo-eventos\/sistema-de-semaforos-listas-de-espera\/","url":"https:\/\/www.1tool.com\/es\/modulos\/organizacion-y-servicio\/eventos\/funciones-modulo-eventos\/sistema-de-semaforos-listas-de-espera\/","name":"Sistema de sem\u00e1foros\/listas de espera - 1Tool","isPartOf":{"@id":"https:\/\/www.1tool.com\/es\/#website"},"datePublished":"2022-03-31T02:48:06+00:00","dateModified":"2026-05-04T12:37:17+00:00","breadcrumb":{"@id":"https:\/\/www.1tool.com\/es\/modulos\/organizacion-y-servicio\/eventos\/funciones-modulo-eventos\/sistema-de-semaforos-listas-de-espera\/#breadcrumb"},"inLanguage":"es","potentialAction":[{"@type":"ReadAction","target":["https:\/\/www.1tool.com\/es\/modulos\/organizacion-y-servicio\/eventos\/funciones-modulo-eventos\/sistema-de-semaforos-listas-de-espera\/"]}]},{"@type":"BreadcrumbList","@id":"https:\/\/www.1tool.com\/es\/modulos\/organizacion-y-servicio\/eventos\/funciones-modulo-eventos\/sistema-de-semaforos-listas-de-espera\/#breadcrumb","itemListElement":[{"@type":"ListItem","position":1,"name":"Home","item":"https:\/\/www.1tool.com\/es\/"},{"@type":"ListItem","position":2,"name":"M\u00f3dulos","item":"https:\/\/www.1tool.com\/es\/modulos\/"},{"@type":"ListItem","position":3,"name":"Organizaci\u00f3n y Servicio","item":"https:\/\/www.1tool.com\/es\/modulos\/organizacion-y-servicio\/"},{"@type":"ListItem","position":4,"name":"eventos","item":"https:\/\/www.1tool.com\/es\/modulos\/organizacion-y-servicio\/eventos\/"},{"@type":"ListItem","position":5,"name":"Funciones M\u00f3dulo Eventos","item":"https:\/\/www.1tool.com\/es\/modulos\/organizacion-y-servicio\/eventos\/funciones-modulo-eventos\/"},{"@type":"ListItem","position":6,"name":"Sistema de sem\u00e1foros\/listas de espera"}]},{"@type":"WebSite","@id":"https:\/\/www.1tool.com\/es\/#website","url":"https:\/\/www.1tool.com\/es\/","name":"1Tool","description":"CRM","publisher":{"@id":"https:\/\/www.1tool.com\/es\/#organization"},"potentialAction":[{"@type":"SearchAction","target":{"@type":"EntryPoint","urlTemplate":"https:\/\/www.1tool.com\/es\/?s={search_term_string}"},"query-input":{"@type":"PropertyValueSpecification","valueRequired":true,"valueName":"search_term_string"}}],"inLanguage":"es"},{"@type":"Organization","@id":"https:\/\/www.1tool.com\/es\/#organization","name":"1Tool","url":"https:\/\/www.1tool.com\/es\/","logo":{"@type":"ImageObject","inLanguage":"es","@id":"https:\/\/www.1tool.com\/es\/#\/schema\/logo\/image\/","url":"https:\/\/www.1tool.com\/wp-content\/uploads\/2022\/04\/1tool-1.png","contentUrl":"https:\/\/www.1tool.com\/wp-content\/uploads\/2022\/04\/1tool-1.png","width":400,"height":150,"caption":"1Tool"},"image":{"@id":"https:\/\/www.1tool.com\/es\/#\/schema\/logo\/image\/"}}]}},"_links":{"self":[{"href":"https:\/\/www.1tool.com\/es\/wp-json\/wp\/v2\/pages\/75616","targetHints":{"allow":["GET"]}}],"collection":[{"href":"https:\/\/www.1tool.com\/es\/wp-json\/wp\/v2\/pages"}],"about":[{"href":"https:\/\/www.1tool.com\/es\/wp-json\/wp\/v2\/types\/page"}],"author":[{"embeddable":true,"href":"https:\/\/www.1tool.com\/es\/wp-json\/wp\/v2\/users\/1"}],"replies":[{"embeddable":true,"href":"https:\/\/www.1tool.com\/es\/wp-json\/wp\/v2\/comments?post=75616"}],"version-history":[{"count":1,"href":"https:\/\/www.1tool.com\/es\/wp-json\/wp\/v2\/pages\/75616\/revisions"}],"predecessor-version":[{"id":75618,"href":"https:\/\/www.1tool.com\/es\/wp-json\/wp\/v2\/pages\/75616\/revisions\/75618"}],"up":[{"embeddable":true,"href":"https:\/\/www.1tool.com\/es\/wp-json\/wp\/v2\/pages\/74667"}],"wp:attachment":[{"href":"https:\/\/www.1tool.com\/es\/wp-json\/wp\/v2\/media?parent=75616"}],"curies":[{"name":"wp","href":"https:\/\/api.w.org\/{rel}","templated":true}]}}