{"id":75724,"date":"2024-09-26T07:41:14","date_gmt":"2024-09-26T05:41:14","guid":{"rendered":"https:\/\/www.1tool.com\/solicitud-de-cita\/"},"modified":"2026-05-04T14:38:48","modified_gmt":"2026-05-04T12:38:48","slug":"solicitud-de-cita","status":"publish","type":"page","link":"https:\/\/www.1tool.com\/es\/solicitud-de-cita\/","title":{"rendered":"Solicitud de cita"},"content":{"rendered":"\t\t<div data-elementor-type=\"wp-page\" data-elementor-id=\"75724\" class=\"elementor elementor-75724 elementor-64693\" data-elementor-post-type=\"page\">\n\t\t\t\t\t\t<section class=\"elementor-section elementor-top-section elementor-element elementor-element-fcc7d35 elementor-section-stretched elementor-section-boxed elementor-section-height-default elementor-section-height-default shadepro-adv-gradient-no shadepro-sticky-no\" data-id=\"fcc7d35\" data-element_type=\"section\" data-e-type=\"section\" data-settings=\"{&quot;stretch_section&quot;:&quot;section-stretched&quot;,&quot;background_background&quot;:&quot;classic&quot;,&quot;shadepro_sticky&quot;:&quot;no&quot;}\">\n\t\t\t\t\t\t<div class=\"elementor-container elementor-column-gap-default\">\n\t\t\t\t\t<div class=\"elementor-column elementor-col-33 elementor-top-column elementor-element elementor-element-523bc41\" data-id=\"523bc41\" data-element_type=\"column\" data-e-type=\"column\">\n\t\t\t<div class=\"elementor-widget-wrap\">\n\t\t\t\t\t\t\t<\/div>\n\t\t<\/div>\n\t\t\t\t<div class=\"elementor-column elementor-col-33 elementor-top-column elementor-element elementor-element-eff3988\" data-id=\"eff3988\" data-element_type=\"column\" data-e-type=\"column\">\n\t\t\t<div class=\"elementor-widget-wrap elementor-element-populated\">\n\t\t\t\t\t\t<div class=\"elementor-element elementor-element-0322137 shadepro-sticky-no elementor-widget elementor-widget-heading\" data-id=\"0322137\" data-element_type=\"widget\" data-e-type=\"widget\" data-settings=\"{&quot;shadepro_sticky&quot;:&quot;no&quot;}\" data-widget_type=\"heading.default\">\n\t\t\t\t<div class=\"elementor-widget-container\">\n\t\t\t\t\t<h1 class=\"elementor-heading-title elementor-size-default\">Demo de 1Herramienta<\/h1>\t\t\t\t<\/div>\n\t\t\t\t<\/div>\n\t\t\t\t<div class=\"elementor-element elementor-element-2457139 shadepro-sticky-no elementor-widget elementor-widget-text-editor\" data-id=\"2457139\" data-element_type=\"widget\" data-e-type=\"widget\" data-settings=\"{&quot;shadepro_sticky&quot;:&quot;no&quot;}\" data-widget_type=\"text-editor.default\">\n\t\t\t\t<div class=\"elementor-widget-container\">\n\t\t\t\t\t\t\t\t\t<p>\u00a1No lo dudes! Te mostraremos nuestra soluci\u00f3n de software y responderemos a tus necesidades. Prepara tus requisitos y preguntas. \u00a1Estamos deseando tener la primera reuni\u00f3n contigo!   <\/p>\t\t\t\t\t\t\t\t<\/div>\n\t\t\t\t<\/div>\n\t\t\t\t\t<\/div>\n\t\t<\/div>\n\t\t\t\t<div class=\"elementor-column elementor-col-33 elementor-top-column elementor-element elementor-element-c0d699c\" data-id=\"c0d699c\" data-element_type=\"column\" data-e-type=\"column\">\n\t\t\t<div class=\"elementor-widget-wrap\">\n\t\t\t\t\t\t\t<\/div>\n\t\t<\/div>\n\t\t\t\t\t<\/div>\n\t\t<\/section>\n\t\t\t\t<section class=\"elementor-section elementor-top-section elementor-element elementor-element-cde1a4f elementor-section-boxed elementor-section-height-default elementor-section-height-default shadepro-adv-gradient-no shadepro-sticky-no\" data-id=\"cde1a4f\" data-element_type=\"section\" data-e-type=\"section\" data-settings=\"{&quot;shadepro_sticky&quot;:&quot;no&quot;}\">\n\t\t\t\t\t\t<div class=\"elementor-container elementor-column-gap-default\">\n\t\t\t\t\t<div class=\"elementor-column elementor-col-50 elementor-top-column elementor-element elementor-element-3760bb1\" data-id=\"3760bb1\" data-element_type=\"column\" data-e-type=\"column\">\n\t\t\t<div class=\"elementor-widget-wrap elementor-element-populated\">\n\t\t\t\t\t\t<div class=\"elementor-element elementor-element-e4842d6 shadepro-sticky-no elementor-widget elementor-widget-text-editor\" data-id=\"e4842d6\" data-element_type=\"widget\" data-e-type=\"widget\" data-settings=\"{&quot;shadepro_sticky&quot;:&quot;no&quot;}\" data-widget_type=\"text-editor.default\">\n\t\t\t\t<div class=\"elementor-widget-container\">\n\t\t\t\t\t\t\t\t\t<h1 data-start=\"669\" data-end=\"894\"><strong data-start=\"669\" data-end=\"703\">Tu consulta gratuita de 1Tool<\/strong><\/h1><p data-start=\"669\" data-end=\"894\">Conoce 1Tool en una consulta gratuita con nuestra representante de ventas Bianca Moosmann.<\/p><p data-start=\"608\" data-end=\"943\">La primera cita es una reuni\u00f3n sin compromiso para <strong data-start=\"701\" data-end=\"742\">registrar<\/strong> tus <strong data-start=\"701\" data-end=\"742\">necesidades y deseos<\/strong>. De este modo, creamos la base para proporcionarte <strong data-start=\"797\" data-end=\"844\">un asesoramiento personalizado y \u00f3ptimo sobre 1Tool<\/strong>. <\/p><p data-start=\"608\" data-end=\"943\">No dudes en enviar un correo electr\u00f3nico a Bianca Moosmann y proponerle una fecha adecuada. Ponte en contacto con ella por correo electr\u00f3nico y env\u00edale de inmediato una propuesta de cita: esperamos el intercambio. <\/p><p data-start=\"669\" data-end=\"894\"><a href=\"mailto:bianca.moosmann@1tool.com\">bianca.moosmann@1tool.com<\/a><\/p><p data-start=\"669\" data-end=\"894\"> <\/p>\t\t\t\t\t\t\t\t<\/div>\n\t\t\t\t<\/div>\n\t\t\t\t\t<\/div>\n\t\t<\/div>\n\t\t\t\t<div class=\"elementor-column elementor-col-50 elementor-top-column elementor-element elementor-element-f2bfaa1\" data-id=\"f2bfaa1\" data-element_type=\"column\" data-e-type=\"column\">\n\t\t\t<div class=\"elementor-widget-wrap elementor-element-populated\">\n\t\t\t\t\t\t<div class=\"elementor-element elementor-element-0c93674 shadepro-sticky-no elementor-widget elementor-widget-image\" data-id=\"0c93674\" data-element_type=\"widget\" data-e-type=\"widget\" data-settings=\"{&quot;shadepro_sticky&quot;:&quot;no&quot;}\" data-widget_type=\"image.default\">\n\t\t\t\t<div class=\"elementor-widget-container\">\n\t\t\t\t\t\t\t\t\t\t\t\t\t\t\t<img decoding=\"async\" src=\"https:\/\/www.1tool.com\/wp-content\/uploads\/elementor\/thumbs\/Titelbild_Bianca-rh9oklsfoehwjmkutyjs8e8em4ebc5qxg0plfg3f7w.jpg\" title=\"Portada_Bianca\" alt=\"Portada_Bianca\" loading=\"lazy\" \/>\t\t\t\t\t\t\t\t\t\t\t\t\t\t\t<\/div>\n\t\t\t\t<\/div>\n\t\t\t\t\t<\/div>\n\t\t<\/div>\n\t\t\t\t\t<\/div>\n\t\t<\/section>\n\t\t\t\t<\/div>\n\t\t","protected":false},"excerpt":{"rendered":"<p>Demo de 1Herramienta \u00a1No lo dudes! Te mostraremos nuestra soluci\u00f3n de software y responderemos a tus necesidades. Prepara tus requisitos y preguntas. \u00a1Estamos deseando tener la primera reuni\u00f3n contigo! Tu consulta gratuita de 1Tool Conoce 1Tool en una consulta gratuita con nuestra representante de ventas Bianca Moosmann. La primera cita es una reuni\u00f3n sin compromiso [&hellip;]<\/p>\n","protected":false},"author":1,"featured_media":0,"parent":0,"menu_order":0,"comment_status":"closed","ping_status":"closed","template":"","meta":{"inline_featured_image":false,"footnotes":""},"class_list":["post-75724","page","type-page","status-publish","hentry"],"acf":[],"yoast_head":"<!-- This site is optimized with the Yoast SEO plugin v27.5 - https:\/\/yoast.com\/product\/yoast-seo-wordpress\/ -->\n<title>Solicitud de cita - 1Tool<\/title>\n<meta name=\"robots\" content=\"index, follow, max-snippet:-1, max-image-preview:large, max-video-preview:-1\" \/>\n<link rel=\"canonical\" href=\"https:\/\/www.1tool.com\/es\/solicitud-de-cita\/\" \/>\n<meta property=\"og:locale\" content=\"es_ES\" \/>\n<meta property=\"og:type\" content=\"article\" \/>\n<meta property=\"og:title\" content=\"Solicitud de cita - 1Tool\" \/>\n<meta property=\"og:description\" content=\"Demo de 1Herramienta \u00a1No lo dudes! Te mostraremos nuestra soluci\u00f3n de software y responderemos a tus necesidades. Prepara tus requisitos y preguntas. \u00a1Estamos deseando tener la primera reuni\u00f3n contigo! Tu consulta gratuita de 1Tool Conoce 1Tool en una consulta gratuita con nuestra representante de ventas Bianca Moosmann. La primera cita es una reuni\u00f3n sin compromiso [&hellip;]\" \/>\n<meta property=\"og:url\" content=\"https:\/\/www.1tool.com\/es\/solicitud-de-cita\/\" \/>\n<meta property=\"og:site_name\" content=\"1Tool\" \/>\n<meta property=\"article:modified_time\" content=\"2026-05-04T12:38:48+00:00\" \/>\n<meta property=\"og:image\" content=\"https:\/\/www.1tool.com\/wp-content\/uploads\/elementor\/thumbs\/Titelbild_Bianca-rh9oklsfoehwjmkutyjs8e8em4ebc5qxg0plfg3f7w.jpg\" \/>\n<meta name=\"twitter:card\" content=\"summary_large_image\" \/>\n<meta name=\"twitter:label1\" content=\"Tiempo de lectura\" \/>\n\t<meta name=\"twitter:data1\" content=\"1 minuto\" \/>\n<script type=\"application\/ld+json\" class=\"yoast-schema-graph\">{\"@context\":\"https:\\\/\\\/schema.org\",\"@graph\":[{\"@type\":\"WebPage\",\"@id\":\"https:\\\/\\\/www.1tool.com\\\/es\\\/solicitud-de-cita\\\/\",\"url\":\"https:\\\/\\\/www.1tool.com\\\/es\\\/solicitud-de-cita\\\/\",\"name\":\"Solicitud de cita - 1Tool\",\"isPartOf\":{\"@id\":\"https:\\\/\\\/www.1tool.com\\\/es\\\/#website\"},\"primaryImageOfPage\":{\"@id\":\"https:\\\/\\\/www.1tool.com\\\/es\\\/solicitud-de-cita\\\/#primaryimage\"},\"image\":{\"@id\":\"https:\\\/\\\/www.1tool.com\\\/es\\\/solicitud-de-cita\\\/#primaryimage\"},\"thumbnailUrl\":\"https:\\\/\\\/www.1tool.com\\\/wp-content\\\/uploads\\\/elementor\\\/thumbs\\\/Titelbild_Bianca-rh9oklsfoehwjmkutyjs8e8em4ebc5qxg0plfg3f7w.jpg\",\"datePublished\":\"2024-09-26T05:41:14+00:00\",\"dateModified\":\"2026-05-04T12:38:48+00:00\",\"breadcrumb\":{\"@id\":\"https:\\\/\\\/www.1tool.com\\\/es\\\/solicitud-de-cita\\\/#breadcrumb\"},\"inLanguage\":\"es\",\"potentialAction\":[{\"@type\":\"ReadAction\",\"target\":[\"https:\\\/\\\/www.1tool.com\\\/es\\\/solicitud-de-cita\\\/\"]}]},{\"@type\":\"ImageObject\",\"inLanguage\":\"es\",\"@id\":\"https:\\\/\\\/www.1tool.com\\\/es\\\/solicitud-de-cita\\\/#primaryimage\",\"url\":\"https:\\\/\\\/www.1tool.com\\\/wp-content\\\/uploads\\\/elementor\\\/thumbs\\\/Titelbild_Bianca-rh9oklsfoehwjmkutyjs8e8em4ebc5qxg0plfg3f7w.jpg\",\"contentUrl\":\"https:\\\/\\\/www.1tool.com\\\/wp-content\\\/uploads\\\/elementor\\\/thumbs\\\/Titelbild_Bianca-rh9oklsfoehwjmkutyjs8e8em4ebc5qxg0plfg3f7w.jpg\"},{\"@type\":\"BreadcrumbList\",\"@id\":\"https:\\\/\\\/www.1tool.com\\\/es\\\/solicitud-de-cita\\\/#breadcrumb\",\"itemListElement\":[{\"@type\":\"ListItem\",\"position\":1,\"name\":\"Home\",\"item\":\"https:\\\/\\\/www.1tool.com\\\/es\\\/\"},{\"@type\":\"ListItem\",\"position\":2,\"name\":\"Solicitud de cita\"}]},{\"@type\":\"WebSite\",\"@id\":\"https:\\\/\\\/www.1tool.com\\\/es\\\/#website\",\"url\":\"https:\\\/\\\/www.1tool.com\\\/es\\\/\",\"name\":\"1Tool\",\"description\":\"CRM\",\"publisher\":{\"@id\":\"https:\\\/\\\/www.1tool.com\\\/es\\\/#organization\"},\"potentialAction\":[{\"@type\":\"SearchAction\",\"target\":{\"@type\":\"EntryPoint\",\"urlTemplate\":\"https:\\\/\\\/www.1tool.com\\\/es\\\/?s={search_term_string}\"},\"query-input\":{\"@type\":\"PropertyValueSpecification\",\"valueRequired\":true,\"valueName\":\"search_term_string\"}}],\"inLanguage\":\"es\"},{\"@type\":\"Organization\",\"@id\":\"https:\\\/\\\/www.1tool.com\\\/es\\\/#organization\",\"name\":\"1Tool\",\"url\":\"https:\\\/\\\/www.1tool.com\\\/es\\\/\",\"logo\":{\"@type\":\"ImageObject\",\"inLanguage\":\"es\",\"@id\":\"https:\\\/\\\/www.1tool.com\\\/es\\\/#\\\/schema\\\/logo\\\/image\\\/\",\"url\":\"https:\\\/\\\/www.1tool.com\\\/wp-content\\\/uploads\\\/2022\\\/04\\\/1tool-1.png\",\"contentUrl\":\"https:\\\/\\\/www.1tool.com\\\/wp-content\\\/uploads\\\/2022\\\/04\\\/1tool-1.png\",\"width\":400,\"height\":150,\"caption\":\"1Tool\"},\"image\":{\"@id\":\"https:\\\/\\\/www.1tool.com\\\/es\\\/#\\\/schema\\\/logo\\\/image\\\/\"}}]}<\/script>\n<!-- \/ Yoast SEO plugin. -->","yoast_head_json":{"title":"Solicitud de cita - 1Tool","robots":{"index":"index","follow":"follow","max-snippet":"max-snippet:-1","max-image-preview":"max-image-preview:large","max-video-preview":"max-video-preview:-1"},"canonical":"https:\/\/www.1tool.com\/es\/solicitud-de-cita\/","og_locale":"es_ES","og_type":"article","og_title":"Solicitud de cita - 1Tool","og_description":"Demo de 1Herramienta \u00a1No lo dudes! Te mostraremos nuestra soluci\u00f3n de software y responderemos a tus necesidades. Prepara tus requisitos y preguntas. \u00a1Estamos deseando tener la primera reuni\u00f3n contigo! Tu consulta gratuita de 1Tool Conoce 1Tool en una consulta gratuita con nuestra representante de ventas Bianca Moosmann. La primera cita es una reuni\u00f3n sin compromiso [&hellip;]","og_url":"https:\/\/www.1tool.com\/es\/solicitud-de-cita\/","og_site_name":"1Tool","article_modified_time":"2026-05-04T12:38:48+00:00","og_image":[{"url":"https:\/\/www.1tool.com\/wp-content\/uploads\/elementor\/thumbs\/Titelbild_Bianca-rh9oklsfoehwjmkutyjs8e8em4ebc5qxg0plfg3f7w.jpg","type":"","width":"","height":""}],"twitter_card":"summary_large_image","twitter_misc":{"Tiempo de lectura":"1 minuto"},"schema":{"@context":"https:\/\/schema.org","@graph":[{"@type":"WebPage","@id":"https:\/\/www.1tool.com\/es\/solicitud-de-cita\/","url":"https:\/\/www.1tool.com\/es\/solicitud-de-cita\/","name":"Solicitud de cita - 1Tool","isPartOf":{"@id":"https:\/\/www.1tool.com\/es\/#website"},"primaryImageOfPage":{"@id":"https:\/\/www.1tool.com\/es\/solicitud-de-cita\/#primaryimage"},"image":{"@id":"https:\/\/www.1tool.com\/es\/solicitud-de-cita\/#primaryimage"},"thumbnailUrl":"https:\/\/www.1tool.com\/wp-content\/uploads\/elementor\/thumbs\/Titelbild_Bianca-rh9oklsfoehwjmkutyjs8e8em4ebc5qxg0plfg3f7w.jpg","datePublished":"2024-09-26T05:41:14+00:00","dateModified":"2026-05-04T12:38:48+00:00","breadcrumb":{"@id":"https:\/\/www.1tool.com\/es\/solicitud-de-cita\/#breadcrumb"},"inLanguage":"es","potentialAction":[{"@type":"ReadAction","target":["https:\/\/www.1tool.com\/es\/solicitud-de-cita\/"]}]},{"@type":"ImageObject","inLanguage":"es","@id":"https:\/\/www.1tool.com\/es\/solicitud-de-cita\/#primaryimage","url":"https:\/\/www.1tool.com\/wp-content\/uploads\/elementor\/thumbs\/Titelbild_Bianca-rh9oklsfoehwjmkutyjs8e8em4ebc5qxg0plfg3f7w.jpg","contentUrl":"https:\/\/www.1tool.com\/wp-content\/uploads\/elementor\/thumbs\/Titelbild_Bianca-rh9oklsfoehwjmkutyjs8e8em4ebc5qxg0plfg3f7w.jpg"},{"@type":"BreadcrumbList","@id":"https:\/\/www.1tool.com\/es\/solicitud-de-cita\/#breadcrumb","itemListElement":[{"@type":"ListItem","position":1,"name":"Home","item":"https:\/\/www.1tool.com\/es\/"},{"@type":"ListItem","position":2,"name":"Solicitud de cita"}]},{"@type":"WebSite","@id":"https:\/\/www.1tool.com\/es\/#website","url":"https:\/\/www.1tool.com\/es\/","name":"1Tool","description":"CRM","publisher":{"@id":"https:\/\/www.1tool.com\/es\/#organization"},"potentialAction":[{"@type":"SearchAction","target":{"@type":"EntryPoint","urlTemplate":"https:\/\/www.1tool.com\/es\/?s={search_term_string}"},"query-input":{"@type":"PropertyValueSpecification","valueRequired":true,"valueName":"search_term_string"}}],"inLanguage":"es"},{"@type":"Organization","@id":"https:\/\/www.1tool.com\/es\/#organization","name":"1Tool","url":"https:\/\/www.1tool.com\/es\/","logo":{"@type":"ImageObject","inLanguage":"es","@id":"https:\/\/www.1tool.com\/es\/#\/schema\/logo\/image\/","url":"https:\/\/www.1tool.com\/wp-content\/uploads\/2022\/04\/1tool-1.png","contentUrl":"https:\/\/www.1tool.com\/wp-content\/uploads\/2022\/04\/1tool-1.png","width":400,"height":150,"caption":"1Tool"},"image":{"@id":"https:\/\/www.1tool.com\/es\/#\/schema\/logo\/image\/"}}]}},"_links":{"self":[{"href":"https:\/\/www.1tool.com\/es\/wp-json\/wp\/v2\/pages\/75724","targetHints":{"allow":["GET"]}}],"collection":[{"href":"https:\/\/www.1tool.com\/es\/wp-json\/wp\/v2\/pages"}],"about":[{"href":"https:\/\/www.1tool.com\/es\/wp-json\/wp\/v2\/types\/page"}],"author":[{"embeddable":true,"href":"https:\/\/www.1tool.com\/es\/wp-json\/wp\/v2\/users\/1"}],"replies":[{"embeddable":true,"href":"https:\/\/www.1tool.com\/es\/wp-json\/wp\/v2\/comments?post=75724"}],"version-history":[{"count":1,"href":"https:\/\/www.1tool.com\/es\/wp-json\/wp\/v2\/pages\/75724\/revisions"}],"predecessor-version":[{"id":75726,"href":"https:\/\/www.1tool.com\/es\/wp-json\/wp\/v2\/pages\/75724\/revisions\/75726"}],"wp:attachment":[{"href":"https:\/\/www.1tool.com\/es\/wp-json\/wp\/v2\/media?parent=75724"}],"curies":[{"name":"wp","href":"https:\/\/api.w.org\/{rel}","templated":true}]}}