{"id":75768,"date":"2022-05-04T14:05:45","date_gmt":"2022-05-04T12:05:45","guid":{"rendered":"https:\/\/www.1tool.com\/pie-de-imprenta\/"},"modified":"2026-05-04T14:45:46","modified_gmt":"2026-05-04T12:45:46","slug":"pie-de-imprenta","status":"publish","type":"page","link":"https:\/\/www.1tool.com\/es\/contacta-con-nosotros\/pie-de-imprenta\/","title":{"rendered":"Pie de imprenta"},"content":{"rendered":"\t\t<div data-elementor-type=\"wp-page\" data-elementor-id=\"75768\" class=\"elementor elementor-75768 elementor-57741\" data-elementor-post-type=\"page\">\n\t\t\t\t\t\t<section class=\"elementor-section elementor-top-section elementor-element elementor-element-ac99afb elementor-section-content-middle elementor-section-boxed elementor-section-height-default elementor-section-height-default shadepro-adv-gradient-no shadepro-sticky-no\" data-id=\"ac99afb\" data-element_type=\"section\" data-e-type=\"section\" data-settings=\"{&quot;background_background&quot;:&quot;classic&quot;,&quot;shadepro_sticky&quot;:&quot;no&quot;}\">\n\t\t\t\t\t\t<div class=\"elementor-container elementor-column-gap-default\">\n\t\t\t\t\t<div class=\"elementor-column elementor-col-33 elementor-top-column elementor-element elementor-element-290e19f\" data-id=\"290e19f\" data-element_type=\"column\" data-e-type=\"column\">\n\t\t\t<div class=\"elementor-widget-wrap elementor-element-populated\">\n\t\t\t\t\t\t<div class=\"elementor-element elementor-element-ef7e50d shadepro-sticky-no elementor-widget elementor-widget-heading\" data-id=\"ef7e50d\" data-element_type=\"widget\" data-e-type=\"widget\" data-settings=\"{&quot;shadepro_sticky&quot;:&quot;no&quot;}\" data-widget_type=\"heading.default\">\n\t\t\t\t<div class=\"elementor-widget-container\">\n\t\t\t\t\t<h1 class=\"elementor-heading-title elementor-size-default\">Pie de imprenta<\/h1>\t\t\t\t<\/div>\n\t\t\t\t<\/div>\n\t\t\t\t<div class=\"elementor-element elementor-element-3e73ab3 shadepro-sticky-no elementor-widget elementor-widget-text-editor\" data-id=\"3e73ab3\" data-element_type=\"widget\" data-e-type=\"widget\" data-settings=\"{&quot;shadepro_sticky&quot;:&quot;no&quot;}\" data-widget_type=\"text-editor.default\">\n\t\t\t\t<div class=\"elementor-widget-container\">\n\t\t\t\t\t\t\t\t\t<p>K\u00f6rbler GmbH<br>FN: 403057 g | Landesgericht f\u00fcr ZRS Graz<br>N\u00famero UID: ATU68180014<\/p>\n<p><strong>Director General<\/strong><br>Ing. Dipl-Ing. (FH) Mario K\u00f6rbler, MBA   <\/p>\n<p><strong>Representantes autorizados<\/strong><br>Mag. Kerstin K\u00f6rbler, Bakk<br>Ing. Stefan Denk, Bakk<br>Hans-Peter Wolf <\/p>\n<p><strong>AGB &#8211; Condiciones generales<\/strong><br><a href=\"https:\/\/www.1tool.com\/es\/gtc\/\">A las AGB&#8230;<\/a><\/p>\n<p><strong>Pol\u00edtica de privacidad&#8230;<\/strong><br><a href=\"https:\/\/www.1tool.com\/es\/politica-de-privacidad\/\">A la pol\u00edtica de privacidad..<\/a><\/p>\t\t\t\t\t\t\t\t<\/div>\n\t\t\t\t<\/div>\n\t\t\t\t<div class=\"elementor-element elementor-element-a2f6ed1 shadepro-sticky-no elementor-widget elementor-widget-shadepro-btn\" data-id=\"a2f6ed1\" data-element_type=\"widget\" data-e-type=\"widget\" data-settings=\"{&quot;shadepro_sticky&quot;:&quot;no&quot;}\" data-widget_type=\"shadepro-btn.default\">\n\t\t\t\t<div class=\"elementor-widget-container\">\n\t\t\t\t\t        <div class=\"shadepro-btn-wrapper enable-icon-box-no\">\n                            <a class=\"shadepro-btn btn-type-boxed elementor-animation-float\" href=\"https:\/\/www.1tool.com\/kontakt\"  >\n            \n                    \n                    Ponerse en contacto\n                                                        <\/a>\n                <\/div>\n\t\t\t\t<\/div>\n\t\t\t\t<\/div>\n\t\t\t\t\t<\/div>\n\t\t<\/div>\n\t\t\t\t<div class=\"elementor-column elementor-col-33 elementor-top-column elementor-element elementor-element-44c59fb\" data-id=\"44c59fb\" data-element_type=\"column\" data-e-type=\"column\">\n\t\t\t<div class=\"elementor-widget-wrap elementor-element-populated\">\n\t\t\t\t\t\t<div class=\"elementor-element elementor-element-66fe2b0 shadepro-sticky-no elementor-widget elementor-widget-image\" data-id=\"66fe2b0\" data-element_type=\"widget\" data-e-type=\"widget\" data-settings=\"{&quot;shadepro_sticky&quot;:&quot;no&quot;}\" data-widget_type=\"image.default\">\n\t\t\t\t<div class=\"elementor-widget-container\">\n\t\t\t\t\t\t\t\t\t\t\t\t\t\t\t<img fetchpriority=\"high\" decoding=\"async\" width=\"308\" height=\"419\" src=\"https:\/\/www.1tool.com\/wp-content\/uploads\/2022\/05\/impressum-1tool.jpg\" class=\"attachment-full size-full wp-image-75770\" alt=\"\" srcset=\"https:\/\/www.1tool.com\/wp-content\/uploads\/2022\/05\/impressum-1tool.jpg 308w, https:\/\/www.1tool.com\/wp-content\/uploads\/2022\/05\/impressum-1tool-221x300.jpg 221w\" sizes=\"(max-width: 308px) 100vw, 308px\" \/>\t\t\t\t\t\t\t\t\t\t\t\t\t\t\t<\/div>\n\t\t\t\t<\/div>\n\t\t\t\t\t<\/div>\n\t\t<\/div>\n\t\t\t\t<div class=\"elementor-column elementor-col-33 elementor-top-column elementor-element elementor-element-4fc2b0d\" data-id=\"4fc2b0d\" data-element_type=\"column\" data-e-type=\"column\">\n\t\t\t<div class=\"elementor-widget-wrap elementor-element-populated\">\n\t\t\t\t\t\t<div class=\"elementor-element elementor-element-691de77 shadepro-sticky-no elementor-widget elementor-widget-text-editor\" data-id=\"691de77\" data-element_type=\"widget\" data-e-type=\"widget\" data-settings=\"{&quot;shadepro_sticky&quot;:&quot;no&quot;}\" data-widget_type=\"text-editor.default\">\n\t\t\t\t<div class=\"elementor-widget-container\">\n\t\t\t\t\t\t\t\t\t<p><strong>Contacto<\/strong><br>Hofweg 1<br>8435 Leitring<br>Austria<\/p><p>Tel\u00e9fono: +43 3452 214 214<br>Correo electr\u00f3nico: <a href=\"mailto:office@1tool.com\">office@1tool.com<\/a><\/p><p><strong>Miembro de la WKO<\/strong><\/p><p>Miembro de WKO Austria, secci\u00f3n &#8220;Consultores de Gesti\u00f3n y Tecnolog\u00eda de la Informaci\u00f3n&#8221; y secci\u00f3n &#8220;Publicidad y Comunicaci\u00f3n de Mercado<a href=\"https:\/\/firmen.wko.at\/k%c3%b6rbler\/?page=2\" target=\"_blank\" rel=\"noopener\">&#8220;<br>A la presentaci\u00f3n de la empresa WKO&#8230;<\/a><\/p>\t\t\t\t\t\t\t\t<\/div>\n\t\t\t\t<\/div>\n\t\t\t\t\t<\/div>\n\t\t<\/div>\n\t\t\t\t\t<\/div>\n\t\t<\/section>\n\t\t\t\t<\/div>\n\t\t","protected":false},"excerpt":{"rendered":"<p>Pie de imprenta K\u00f6rbler GmbHFN: 403057 g | Landesgericht f\u00fcr ZRS GrazN\u00famero UID: ATU68180014 Director GeneralIng. Dipl-Ing. (FH) Mario K\u00f6rbler, MBA Representantes autorizadosMag. Kerstin K\u00f6rbler, BakkIng. Stefan Denk, BakkHans-Peter Wolf AGB &#8211; Condiciones generalesA las AGB&#8230; Pol\u00edtica de privacidad&#8230;A la pol\u00edtica de privacidad.. Kontakt aufnehmen ContactoHofweg 18435 LeitringAustria Tel\u00e9fono: +43 3452 214 214Correo electr\u00f3nico: office@1tool.com [&hellip;]<\/p>\n","protected":false},"author":1,"featured_media":0,"parent":76305,"menu_order":32,"comment_status":"closed","ping_status":"closed","template":"elementor_header_footer","meta":{"inline_featured_image":false,"footnotes":""},"class_list":["post-75768","page","type-page","status-publish","hentry"],"acf":[],"yoast_head":"<!-- This site is optimized with the Yoast SEO plugin v27.5 - https:\/\/yoast.com\/product\/yoast-seo-wordpress\/ -->\n<title>Pie de imprenta - 1Tool<\/title>\n<meta name=\"robots\" content=\"index, follow, max-snippet:-1, max-image-preview:large, max-video-preview:-1\" \/>\n<link rel=\"canonical\" href=\"https:\/\/www.1tool.com\/es\/contacta-con-nosotros\/pie-de-imprenta\/\" \/>\n<meta property=\"og:locale\" content=\"es_ES\" \/>\n<meta property=\"og:type\" content=\"article\" \/>\n<meta property=\"og:title\" content=\"Pie de imprenta - 1Tool\" \/>\n<meta property=\"og:description\" content=\"Pie de imprenta K\u00f6rbler GmbHFN: 403057 g | Landesgericht f\u00fcr ZRS GrazN\u00famero UID: ATU68180014 Director GeneralIng. Dipl-Ing. (FH) Mario K\u00f6rbler, MBA Representantes autorizadosMag. Kerstin K\u00f6rbler, BakkIng. Stefan Denk, BakkHans-Peter Wolf AGB &#8211; Condiciones generalesA las AGB&#8230; Pol\u00edtica de privacidad&#8230;A la pol\u00edtica de privacidad.. Kontakt aufnehmen ContactoHofweg 18435 LeitringAustria Tel\u00e9fono: +43 3452 214 214Correo electr\u00f3nico: office@1tool.com [&hellip;]\" \/>\n<meta property=\"og:url\" content=\"https:\/\/www.1tool.com\/es\/contacta-con-nosotros\/pie-de-imprenta\/\" \/>\n<meta property=\"og:site_name\" content=\"1Tool\" \/>\n<meta property=\"article:modified_time\" content=\"2026-05-04T12:45:46+00:00\" \/>\n<meta property=\"og:image\" content=\"https:\/\/www.1tool.com\/wp-content\/uploads\/2022\/05\/impressum-1tool.jpg\" \/>\n\t<meta property=\"og:image:width\" content=\"308\" \/>\n\t<meta property=\"og:image:height\" content=\"419\" \/>\n\t<meta property=\"og:image:type\" content=\"image\/jpeg\" \/>\n<meta name=\"twitter:card\" content=\"summary_large_image\" \/>\n<script type=\"application\/ld+json\" class=\"yoast-schema-graph\">{\"@context\":\"https:\\\/\\\/schema.org\",\"@graph\":[{\"@type\":\"WebPage\",\"@id\":\"https:\\\/\\\/www.1tool.com\\\/es\\\/contacta-con-nosotros\\\/pie-de-imprenta\\\/\",\"url\":\"https:\\\/\\\/www.1tool.com\\\/es\\\/contacta-con-nosotros\\\/pie-de-imprenta\\\/\",\"name\":\"Pie de imprenta - 1Tool\",\"isPartOf\":{\"@id\":\"https:\\\/\\\/www.1tool.com\\\/es\\\/#website\"},\"primaryImageOfPage\":{\"@id\":\"https:\\\/\\\/www.1tool.com\\\/es\\\/contacta-con-nosotros\\\/pie-de-imprenta\\\/#primaryimage\"},\"image\":{\"@id\":\"https:\\\/\\\/www.1tool.com\\\/es\\\/contacta-con-nosotros\\\/pie-de-imprenta\\\/#primaryimage\"},\"thumbnailUrl\":\"https:\\\/\\\/www.1tool.com\\\/wp-content\\\/uploads\\\/2022\\\/05\\\/impressum-1tool.jpg\",\"datePublished\":\"2022-05-04T12:05:45+00:00\",\"dateModified\":\"2026-05-04T12:45:46+00:00\",\"breadcrumb\":{\"@id\":\"https:\\\/\\\/www.1tool.com\\\/es\\\/contacta-con-nosotros\\\/pie-de-imprenta\\\/#breadcrumb\"},\"inLanguage\":\"es\",\"potentialAction\":[{\"@type\":\"ReadAction\",\"target\":[\"https:\\\/\\\/www.1tool.com\\\/es\\\/contacta-con-nosotros\\\/pie-de-imprenta\\\/\"]}]},{\"@type\":\"ImageObject\",\"inLanguage\":\"es\",\"@id\":\"https:\\\/\\\/www.1tool.com\\\/es\\\/contacta-con-nosotros\\\/pie-de-imprenta\\\/#primaryimage\",\"url\":\"https:\\\/\\\/www.1tool.com\\\/wp-content\\\/uploads\\\/2022\\\/05\\\/impressum-1tool.jpg\",\"contentUrl\":\"https:\\\/\\\/www.1tool.com\\\/wp-content\\\/uploads\\\/2022\\\/05\\\/impressum-1tool.jpg\"},{\"@type\":\"BreadcrumbList\",\"@id\":\"https:\\\/\\\/www.1tool.com\\\/es\\\/contacta-con-nosotros\\\/pie-de-imprenta\\\/#breadcrumb\",\"itemListElement\":[{\"@type\":\"ListItem\",\"position\":1,\"name\":\"Home\",\"item\":\"https:\\\/\\\/www.1tool.com\\\/es\\\/\"},{\"@type\":\"ListItem\",\"position\":2,\"name\":\"Contacta con nosotros\",\"item\":\"https:\\\/\\\/www.1tool.com\\\/es\\\/contacta-con-nosotros\\\/\"},{\"@type\":\"ListItem\",\"position\":3,\"name\":\"Pie de imprenta\"}]},{\"@type\":\"WebSite\",\"@id\":\"https:\\\/\\\/www.1tool.com\\\/es\\\/#website\",\"url\":\"https:\\\/\\\/www.1tool.com\\\/es\\\/\",\"name\":\"1Tool\",\"description\":\"CRM\",\"publisher\":{\"@id\":\"https:\\\/\\\/www.1tool.com\\\/es\\\/#organization\"},\"potentialAction\":[{\"@type\":\"SearchAction\",\"target\":{\"@type\":\"EntryPoint\",\"urlTemplate\":\"https:\\\/\\\/www.1tool.com\\\/es\\\/?s={search_term_string}\"},\"query-input\":{\"@type\":\"PropertyValueSpecification\",\"valueRequired\":true,\"valueName\":\"search_term_string\"}}],\"inLanguage\":\"es\"},{\"@type\":\"Organization\",\"@id\":\"https:\\\/\\\/www.1tool.com\\\/es\\\/#organization\",\"name\":\"1Tool\",\"url\":\"https:\\\/\\\/www.1tool.com\\\/es\\\/\",\"logo\":{\"@type\":\"ImageObject\",\"inLanguage\":\"es\",\"@id\":\"https:\\\/\\\/www.1tool.com\\\/es\\\/#\\\/schema\\\/logo\\\/image\\\/\",\"url\":\"https:\\\/\\\/www.1tool.com\\\/wp-content\\\/uploads\\\/2022\\\/04\\\/1tool-1.png\",\"contentUrl\":\"https:\\\/\\\/www.1tool.com\\\/wp-content\\\/uploads\\\/2022\\\/04\\\/1tool-1.png\",\"width\":400,\"height\":150,\"caption\":\"1Tool\"},\"image\":{\"@id\":\"https:\\\/\\\/www.1tool.com\\\/es\\\/#\\\/schema\\\/logo\\\/image\\\/\"}}]}<\/script>\n<!-- \/ Yoast SEO plugin. -->","yoast_head_json":{"title":"Pie de imprenta - 1Tool","robots":{"index":"index","follow":"follow","max-snippet":"max-snippet:-1","max-image-preview":"max-image-preview:large","max-video-preview":"max-video-preview:-1"},"canonical":"https:\/\/www.1tool.com\/es\/contacta-con-nosotros\/pie-de-imprenta\/","og_locale":"es_ES","og_type":"article","og_title":"Pie de imprenta - 1Tool","og_description":"Pie de imprenta K\u00f6rbler GmbHFN: 403057 g | Landesgericht f\u00fcr ZRS GrazN\u00famero UID: ATU68180014 Director GeneralIng. Dipl-Ing. (FH) Mario K\u00f6rbler, MBA Representantes autorizadosMag. Kerstin K\u00f6rbler, BakkIng. Stefan Denk, BakkHans-Peter Wolf AGB &#8211; Condiciones generalesA las AGB&#8230; Pol\u00edtica de privacidad&#8230;A la pol\u00edtica de privacidad.. Kontakt aufnehmen ContactoHofweg 18435 LeitringAustria Tel\u00e9fono: +43 3452 214 214Correo electr\u00f3nico: office@1tool.com [&hellip;]","og_url":"https:\/\/www.1tool.com\/es\/contacta-con-nosotros\/pie-de-imprenta\/","og_site_name":"1Tool","article_modified_time":"2026-05-04T12:45:46+00:00","og_image":[{"width":308,"height":419,"url":"https:\/\/www.1tool.com\/wp-content\/uploads\/2022\/05\/impressum-1tool.jpg","type":"image\/jpeg"}],"twitter_card":"summary_large_image","schema":{"@context":"https:\/\/schema.org","@graph":[{"@type":"WebPage","@id":"https:\/\/www.1tool.com\/es\/contacta-con-nosotros\/pie-de-imprenta\/","url":"https:\/\/www.1tool.com\/es\/contacta-con-nosotros\/pie-de-imprenta\/","name":"Pie de imprenta - 1Tool","isPartOf":{"@id":"https:\/\/www.1tool.com\/es\/#website"},"primaryImageOfPage":{"@id":"https:\/\/www.1tool.com\/es\/contacta-con-nosotros\/pie-de-imprenta\/#primaryimage"},"image":{"@id":"https:\/\/www.1tool.com\/es\/contacta-con-nosotros\/pie-de-imprenta\/#primaryimage"},"thumbnailUrl":"https:\/\/www.1tool.com\/wp-content\/uploads\/2022\/05\/impressum-1tool.jpg","datePublished":"2022-05-04T12:05:45+00:00","dateModified":"2026-05-04T12:45:46+00:00","breadcrumb":{"@id":"https:\/\/www.1tool.com\/es\/contacta-con-nosotros\/pie-de-imprenta\/#breadcrumb"},"inLanguage":"es","potentialAction":[{"@type":"ReadAction","target":["https:\/\/www.1tool.com\/es\/contacta-con-nosotros\/pie-de-imprenta\/"]}]},{"@type":"ImageObject","inLanguage":"es","@id":"https:\/\/www.1tool.com\/es\/contacta-con-nosotros\/pie-de-imprenta\/#primaryimage","url":"https:\/\/www.1tool.com\/wp-content\/uploads\/2022\/05\/impressum-1tool.jpg","contentUrl":"https:\/\/www.1tool.com\/wp-content\/uploads\/2022\/05\/impressum-1tool.jpg"},{"@type":"BreadcrumbList","@id":"https:\/\/www.1tool.com\/es\/contacta-con-nosotros\/pie-de-imprenta\/#breadcrumb","itemListElement":[{"@type":"ListItem","position":1,"name":"Home","item":"https:\/\/www.1tool.com\/es\/"},{"@type":"ListItem","position":2,"name":"Contacta con nosotros","item":"https:\/\/www.1tool.com\/es\/contacta-con-nosotros\/"},{"@type":"ListItem","position":3,"name":"Pie de imprenta"}]},{"@type":"WebSite","@id":"https:\/\/www.1tool.com\/es\/#website","url":"https:\/\/www.1tool.com\/es\/","name":"1Tool","description":"CRM","publisher":{"@id":"https:\/\/www.1tool.com\/es\/#organization"},"potentialAction":[{"@type":"SearchAction","target":{"@type":"EntryPoint","urlTemplate":"https:\/\/www.1tool.com\/es\/?s={search_term_string}"},"query-input":{"@type":"PropertyValueSpecification","valueRequired":true,"valueName":"search_term_string"}}],"inLanguage":"es"},{"@type":"Organization","@id":"https:\/\/www.1tool.com\/es\/#organization","name":"1Tool","url":"https:\/\/www.1tool.com\/es\/","logo":{"@type":"ImageObject","inLanguage":"es","@id":"https:\/\/www.1tool.com\/es\/#\/schema\/logo\/image\/","url":"https:\/\/www.1tool.com\/wp-content\/uploads\/2022\/04\/1tool-1.png","contentUrl":"https:\/\/www.1tool.com\/wp-content\/uploads\/2022\/04\/1tool-1.png","width":400,"height":150,"caption":"1Tool"},"image":{"@id":"https:\/\/www.1tool.com\/es\/#\/schema\/logo\/image\/"}}]}},"_links":{"self":[{"href":"https:\/\/www.1tool.com\/es\/wp-json\/wp\/v2\/pages\/75768","targetHints":{"allow":["GET"]}}],"collection":[{"href":"https:\/\/www.1tool.com\/es\/wp-json\/wp\/v2\/pages"}],"about":[{"href":"https:\/\/www.1tool.com\/es\/wp-json\/wp\/v2\/types\/page"}],"author":[{"embeddable":true,"href":"https:\/\/www.1tool.com\/es\/wp-json\/wp\/v2\/users\/1"}],"replies":[{"embeddable":true,"href":"https:\/\/www.1tool.com\/es\/wp-json\/wp\/v2\/comments?post=75768"}],"version-history":[{"count":1,"href":"https:\/\/www.1tool.com\/es\/wp-json\/wp\/v2\/pages\/75768\/revisions"}],"predecessor-version":[{"id":75800,"href":"https:\/\/www.1tool.com\/es\/wp-json\/wp\/v2\/pages\/75768\/revisions\/75800"}],"up":[{"embeddable":true,"href":"https:\/\/www.1tool.com\/es\/wp-json\/wp\/v2\/pages\/76305"}],"wp:attachment":[{"href":"https:\/\/www.1tool.com\/es\/wp-json\/wp\/v2\/media?parent=75768"}],"curies":[{"name":"wp","href":"https:\/\/api.w.org\/{rel}","templated":true}]}}