{"id":76075,"date":"2022-03-30T11:44:04","date_gmt":"2022-03-30T09:44:04","guid":{"rendered":"https:\/\/www.1tool.com\/funciones-del-modulo-de-gestion-de-almacenes\/"},"modified":"2026-05-04T14:44:23","modified_gmt":"2026-05-04T12:44:23","slug":"funciones-del-modulo-de-gestion-de-almacenes","status":"publish","type":"page","link":"https:\/\/www.1tool.com\/es\/modulos\/gestion-de-mercancias-y-tienda\/gestion-de-almacenes\/funciones-del-modulo-de-gestion-de-almacenes\/","title":{"rendered":"Funciones del m\u00f3dulo de gesti\u00f3n de almacenes"},"content":{"rendered":"\t\t<div data-elementor-type=\"wp-page\" data-elementor-id=\"76075\" class=\"elementor elementor-76075 elementor-48844\" data-elementor-post-type=\"page\">\n\t\t\t\t\t\t<section class=\"elementor-section elementor-top-section elementor-element elementor-element-9a70578 elementor-section-boxed elementor-section-height-default elementor-section-height-default shadepro-adv-gradient-no shadepro-sticky-no\" data-id=\"9a70578\" data-element_type=\"section\" data-e-type=\"section\" data-settings=\"{&quot;shadepro_sticky&quot;:&quot;no&quot;}\">\n\t\t\t\t\t\t<div class=\"elementor-container elementor-column-gap-default\">\n\t\t\t\t\t<div class=\"elementor-column elementor-col-100 elementor-top-column elementor-element elementor-element-467a0d4\" data-id=\"467a0d4\" data-element_type=\"column\" data-e-type=\"column\">\n\t\t\t<div class=\"elementor-widget-wrap elementor-element-populated\">\n\t\t\t\t\t\t<div class=\"elementor-element elementor-element-5a4a7f0 shadepro-sticky-no elementor-widget elementor-widget-heading\" data-id=\"5a4a7f0\" data-element_type=\"widget\" data-e-type=\"widget\" data-settings=\"{&quot;shadepro_sticky&quot;:&quot;no&quot;}\" data-widget_type=\"heading.default\">\n\t\t\t\t<div class=\"elementor-widget-container\">\n\t\t\t\t\t<h1 class=\"elementor-heading-title elementor-size-default\">Funciones del m\u00f3dulo de gesti\u00f3n de almacenes<\/h1>\t\t\t\t<\/div>\n\t\t\t\t<\/div>\n\t\t\t\t<div class=\"elementor-element elementor-element-6eabc4e shadepro-sticky-no elementor-widget elementor-widget-text-editor\" data-id=\"6eabc4e\" data-element_type=\"widget\" data-e-type=\"widget\" data-settings=\"{&quot;shadepro_sticky&quot;:&quot;no&quot;}\" data-widget_type=\"text-editor.default\">\n\t\t\t\t<div class=\"elementor-widget-container\">\n\t\t\t\t\t\t\t\t\t<p>En otros art\u00edculos te mostramos c\u00f3mo puedes utilizar con \u00e9xito el m\u00f3dulo de gesti\u00f3n de almacenes para tu empresa.<\/p>\t\t\t\t\t\t\t\t<\/div>\n\t\t\t\t<\/div>\n\t\t\t\t<section class=\"elementor-section elementor-inner-section elementor-element elementor-element-5a534ad elementor-section-boxed elementor-section-height-default elementor-section-height-default shadepro-adv-gradient-no shadepro-sticky-no\" data-id=\"5a534ad\" data-element_type=\"section\" data-e-type=\"section\" data-settings=\"{&quot;shadepro_sticky&quot;:&quot;no&quot;}\">\n\t\t\t\t\t\t<div class=\"elementor-container elementor-column-gap-default\">\n\t\t\t\t\t<div class=\"elementor-column elementor-col-50 elementor-inner-column elementor-element elementor-element-191fba5\" data-id=\"191fba5\" data-element_type=\"column\" data-e-type=\"column\">\n\t\t\t<div class=\"elementor-widget-wrap elementor-element-populated\">\n\t\t\t\t\t\t<div class=\"elementor-element elementor-element-0e59aa9 elementor-align-justify shadepro-sticky-no elementor-widget elementor-widget-button\" data-id=\"0e59aa9\" data-element_type=\"widget\" data-e-type=\"widget\" data-settings=\"{&quot;shadepro_sticky&quot;:&quot;no&quot;}\" data-widget_type=\"button.default\">\n\t\t\t\t<div class=\"elementor-widget-container\">\n\t\t\t\t\t\t\t\t\t<div class=\"elementor-button-wrapper\">\n\t\t\t\t\t<a class=\"elementor-button elementor-button-link elementor-size-md\" href=\"https:\/\/www.1tool.com\/es\/funciones-del-modulo-de-gestion-de-almacenes\/sistema-de-gestion-de-mercancias\/\">\n\t\t\t\t\t\t<span class=\"elementor-button-content-wrapper\">\n\t\t\t\t\t\t<span class=\"elementor-button-icon\">\n\t\t\t\t<i aria-hidden=\"true\" class=\"fas fa-arrow-right\"><\/i>\t\t\t<\/span>\n\t\t\t\t\t\t\t\t\t<span class=\"elementor-button-text\">Sistema de gesti\u00f3n de mercanc\u00edas<\/span>\n\t\t\t\t\t<\/span>\n\t\t\t\t\t<\/a>\n\t\t\t\t<\/div>\n\t\t\t\t\t\t\t\t<\/div>\n\t\t\t\t<\/div>\n\t\t\t\t\t<\/div>\n\t\t<\/div>\n\t\t\t\t<div class=\"elementor-column elementor-col-50 elementor-inner-column elementor-element elementor-element-fb4323d\" data-id=\"fb4323d\" data-element_type=\"column\" data-e-type=\"column\">\n\t\t\t<div class=\"elementor-widget-wrap elementor-element-populated\">\n\t\t\t\t\t\t<div class=\"elementor-element elementor-element-8385e8e elementor-align-justify shadepro-sticky-no elementor-widget elementor-widget-button\" data-id=\"8385e8e\" data-element_type=\"widget\" data-e-type=\"widget\" data-settings=\"{&quot;shadepro_sticky&quot;:&quot;no&quot;}\" data-widget_type=\"button.default\">\n\t\t\t\t<div class=\"elementor-widget-container\">\n\t\t\t\t\t\t\t\t\t<div class=\"elementor-button-wrapper\">\n\t\t\t\t\t<a class=\"elementor-button elementor-button-link elementor-size-md\" href=\"https:\/\/www.1tool.com\/es\/funciones-del-modulo-de-gestion-de-almacenes\/gestionar-el-almacen\/\">\n\t\t\t\t\t\t<span class=\"elementor-button-content-wrapper\">\n\t\t\t\t\t\t<span class=\"elementor-button-icon\">\n\t\t\t\t<i aria-hidden=\"true\" class=\"fas fa-arrow-right\"><\/i>\t\t\t<\/span>\n\t\t\t\t\t\t\t\t\t<span class=\"elementor-button-text\">Gestionar el almac\u00e9n<\/span>\n\t\t\t\t\t<\/span>\n\t\t\t\t\t<\/a>\n\t\t\t\t<\/div>\n\t\t\t\t\t\t\t\t<\/div>\n\t\t\t\t<\/div>\n\t\t\t\t\t<\/div>\n\t\t<\/div>\n\t\t\t\t\t<\/div>\n\t\t<\/section>\n\t\t\t\t<section class=\"elementor-section elementor-inner-section elementor-element elementor-element-93f8c96 elementor-section-boxed elementor-section-height-default elementor-section-height-default shadepro-adv-gradient-no shadepro-sticky-no\" data-id=\"93f8c96\" data-element_type=\"section\" data-e-type=\"section\" data-settings=\"{&quot;shadepro_sticky&quot;:&quot;no&quot;}\">\n\t\t\t\t\t\t<div class=\"elementor-container elementor-column-gap-default\">\n\t\t\t\t\t<div class=\"elementor-column elementor-col-50 elementor-inner-column elementor-element elementor-element-6321368\" data-id=\"6321368\" data-element_type=\"column\" data-e-type=\"column\">\n\t\t\t<div class=\"elementor-widget-wrap elementor-element-populated\">\n\t\t\t\t\t\t<div class=\"elementor-element elementor-element-7dc9131 elementor-align-justify shadepro-sticky-no elementor-widget elementor-widget-button\" data-id=\"7dc9131\" data-element_type=\"widget\" data-e-type=\"widget\" data-settings=\"{&quot;shadepro_sticky&quot;:&quot;no&quot;}\" data-widget_type=\"button.default\">\n\t\t\t\t<div class=\"elementor-widget-container\">\n\t\t\t\t\t\t\t\t\t<div class=\"elementor-button-wrapper\">\n\t\t\t\t\t<a class=\"elementor-button elementor-button-link elementor-size-md\" href=\"https:\/\/www.1tool.com\/es\/funciones-del-modulo-de-gestion-de-almacenes\/compras-y-ventas-notas-de-credito\/\">\n\t\t\t\t\t\t<span class=\"elementor-button-content-wrapper\">\n\t\t\t\t\t\t<span class=\"elementor-button-icon\">\n\t\t\t\t<i aria-hidden=\"true\" class=\"fas fa-arrow-right\"><\/i>\t\t\t<\/span>\n\t\t\t\t\t\t\t\t\t<span class=\"elementor-button-text\">Compras y ventas\/notas de cr\u00e9dito<\/span>\n\t\t\t\t\t<\/span>\n\t\t\t\t\t<\/a>\n\t\t\t\t<\/div>\n\t\t\t\t\t\t\t\t<\/div>\n\t\t\t\t<\/div>\n\t\t\t\t\t<\/div>\n\t\t<\/div>\n\t\t\t\t<div class=\"elementor-column elementor-col-50 elementor-inner-column elementor-element elementor-element-b7cef55\" data-id=\"b7cef55\" data-element_type=\"column\" data-e-type=\"column\">\n\t\t\t<div class=\"elementor-widget-wrap elementor-element-populated\">\n\t\t\t\t\t\t<div class=\"elementor-element elementor-element-71fb8f7 elementor-align-justify shadepro-sticky-no elementor-widget elementor-widget-button\" data-id=\"71fb8f7\" data-element_type=\"widget\" data-e-type=\"widget\" data-settings=\"{&quot;shadepro_sticky&quot;:&quot;no&quot;}\" data-widget_type=\"button.default\">\n\t\t\t\t<div class=\"elementor-widget-container\">\n\t\t\t\t\t\t\t\t\t<div class=\"elementor-button-wrapper\">\n\t\t\t\t\t<a class=\"elementor-button elementor-button-link elementor-size-md\" href=\"https:\/\/www.1tool.com\/es\/funciones-del-modulo-de-gestion-de-almacenes\/contabilizaciones-de-inventario-correccion\/\">\n\t\t\t\t\t\t<span class=\"elementor-button-content-wrapper\">\n\t\t\t\t\t\t<span class=\"elementor-button-icon\">\n\t\t\t\t<i aria-hidden=\"true\" class=\"fas fa-arrow-right\"><\/i>\t\t\t<\/span>\n\t\t\t\t\t\t\t\t\t<span class=\"elementor-button-text\">Contabilizaciones de inventario\/correcci\u00f3n<\/span>\n\t\t\t\t\t<\/span>\n\t\t\t\t\t<\/a>\n\t\t\t\t<\/div>\n\t\t\t\t\t\t\t\t<\/div>\n\t\t\t\t<\/div>\n\t\t\t\t\t<\/div>\n\t\t<\/div>\n\t\t\t\t\t<\/div>\n\t\t<\/section>\n\t\t\t\t\t<\/div>\n\t\t<\/div>\n\t\t\t\t\t<\/div>\n\t\t<\/section>\n\t\t\t\t<\/div>\n\t\t","protected":false},"excerpt":{"rendered":"<p>Funciones del m\u00f3dulo de gesti\u00f3n de almacenes En otros art\u00edculos te mostramos c\u00f3mo puedes utilizar con \u00e9xito el m\u00f3dulo de gesti\u00f3n de almacenes para tu empresa. Sistema de gesti\u00f3n de mercanc\u00edas Gestionar el almac\u00e9n Compras y ventas\/notas de cr\u00e9dito Contabilizaciones de inventario\/correcci\u00f3n<\/p>\n","protected":false},"author":1,"featured_media":0,"parent":76141,"menu_order":0,"comment_status":"closed","ping_status":"closed","template":"","meta":{"inline_featured_image":false,"footnotes":""},"class_list":["post-76075","page","type-page","status-publish","hentry"],"acf":[],"yoast_head":"<!-- This site is optimized with the Yoast SEO plugin v27.5 - https:\/\/yoast.com\/product\/yoast-seo-wordpress\/ -->\n<title>Funciones del m\u00f3dulo de gesti\u00f3n de almacenes - 1Tool<\/title>\n<meta name=\"robots\" content=\"index, follow, max-snippet:-1, max-image-preview:large, max-video-preview:-1\" \/>\n<link rel=\"canonical\" href=\"https:\/\/www.1tool.com\/es\/modulos\/gestion-de-mercancias-y-tienda\/gestion-de-almacenes\/funciones-del-modulo-de-gestion-de-almacenes\/\" \/>\n<meta property=\"og:locale\" content=\"es_ES\" \/>\n<meta property=\"og:type\" content=\"article\" \/>\n<meta property=\"og:title\" content=\"Funciones del m\u00f3dulo de gesti\u00f3n de almacenes - 1Tool\" \/>\n<meta property=\"og:description\" content=\"Funciones del m\u00f3dulo de gesti\u00f3n de almacenes En otros art\u00edculos te mostramos c\u00f3mo puedes utilizar con \u00e9xito el m\u00f3dulo de gesti\u00f3n de almacenes para tu empresa. Sistema de gesti\u00f3n de mercanc\u00edas Gestionar el almac\u00e9n Compras y ventas\/notas de cr\u00e9dito Contabilizaciones de inventario\/correcci\u00f3n\" \/>\n<meta property=\"og:url\" content=\"https:\/\/www.1tool.com\/es\/modulos\/gestion-de-mercancias-y-tienda\/gestion-de-almacenes\/funciones-del-modulo-de-gestion-de-almacenes\/\" \/>\n<meta property=\"og:site_name\" content=\"1Tool\" \/>\n<meta property=\"article:modified_time\" content=\"2026-05-04T12:44:23+00:00\" \/>\n<meta name=\"twitter:card\" content=\"summary_large_image\" \/>\n<script type=\"application\/ld+json\" class=\"yoast-schema-graph\">{\"@context\":\"https:\\\/\\\/schema.org\",\"@graph\":[{\"@type\":\"WebPage\",\"@id\":\"https:\\\/\\\/www.1tool.com\\\/es\\\/modulos\\\/gestion-de-mercancias-y-tienda\\\/gestion-de-almacenes\\\/funciones-del-modulo-de-gestion-de-almacenes\\\/\",\"url\":\"https:\\\/\\\/www.1tool.com\\\/es\\\/modulos\\\/gestion-de-mercancias-y-tienda\\\/gestion-de-almacenes\\\/funciones-del-modulo-de-gestion-de-almacenes\\\/\",\"name\":\"Funciones del m\u00f3dulo de gesti\u00f3n de almacenes - 1Tool\",\"isPartOf\":{\"@id\":\"https:\\\/\\\/www.1tool.com\\\/es\\\/#website\"},\"datePublished\":\"2022-03-30T09:44:04+00:00\",\"dateModified\":\"2026-05-04T12:44:23+00:00\",\"breadcrumb\":{\"@id\":\"https:\\\/\\\/www.1tool.com\\\/es\\\/modulos\\\/gestion-de-mercancias-y-tienda\\\/gestion-de-almacenes\\\/funciones-del-modulo-de-gestion-de-almacenes\\\/#breadcrumb\"},\"inLanguage\":\"es\",\"potentialAction\":[{\"@type\":\"ReadAction\",\"target\":[\"https:\\\/\\\/www.1tool.com\\\/es\\\/modulos\\\/gestion-de-mercancias-y-tienda\\\/gestion-de-almacenes\\\/funciones-del-modulo-de-gestion-de-almacenes\\\/\"]}]},{\"@type\":\"BreadcrumbList\",\"@id\":\"https:\\\/\\\/www.1tool.com\\\/es\\\/modulos\\\/gestion-de-mercancias-y-tienda\\\/gestion-de-almacenes\\\/funciones-del-modulo-de-gestion-de-almacenes\\\/#breadcrumb\",\"itemListElement\":[{\"@type\":\"ListItem\",\"position\":1,\"name\":\"Home\",\"item\":\"https:\\\/\\\/www.1tool.com\\\/es\\\/\"},{\"@type\":\"ListItem\",\"position\":2,\"name\":\"M\u00f3dulos\",\"item\":\"https:\\\/\\\/www.1tool.com\\\/es\\\/modulos\\\/\"},{\"@type\":\"ListItem\",\"position\":3,\"name\":\"Gesti\u00f3n de mercanc\u00edas y tienda\",\"item\":\"https:\\\/\\\/www.1tool.com\\\/es\\\/modulos\\\/gestion-de-mercancias-y-tienda\\\/\"},{\"@type\":\"ListItem\",\"position\":4,\"name\":\"Gesti\u00f3n de almacenes\",\"item\":\"https:\\\/\\\/www.1tool.com\\\/es\\\/modulos\\\/gestion-de-mercancias-y-tienda\\\/gestion-de-almacenes\\\/\"},{\"@type\":\"ListItem\",\"position\":5,\"name\":\"Funciones del m\u00f3dulo de gesti\u00f3n de almacenes\"}]},{\"@type\":\"WebSite\",\"@id\":\"https:\\\/\\\/www.1tool.com\\\/es\\\/#website\",\"url\":\"https:\\\/\\\/www.1tool.com\\\/es\\\/\",\"name\":\"1Tool\",\"description\":\"CRM\",\"publisher\":{\"@id\":\"https:\\\/\\\/www.1tool.com\\\/es\\\/#organization\"},\"potentialAction\":[{\"@type\":\"SearchAction\",\"target\":{\"@type\":\"EntryPoint\",\"urlTemplate\":\"https:\\\/\\\/www.1tool.com\\\/es\\\/?s={search_term_string}\"},\"query-input\":{\"@type\":\"PropertyValueSpecification\",\"valueRequired\":true,\"valueName\":\"search_term_string\"}}],\"inLanguage\":\"es\"},{\"@type\":\"Organization\",\"@id\":\"https:\\\/\\\/www.1tool.com\\\/es\\\/#organization\",\"name\":\"1Tool\",\"url\":\"https:\\\/\\\/www.1tool.com\\\/es\\\/\",\"logo\":{\"@type\":\"ImageObject\",\"inLanguage\":\"es\",\"@id\":\"https:\\\/\\\/www.1tool.com\\\/es\\\/#\\\/schema\\\/logo\\\/image\\\/\",\"url\":\"https:\\\/\\\/www.1tool.com\\\/wp-content\\\/uploads\\\/2022\\\/04\\\/1tool-1.png\",\"contentUrl\":\"https:\\\/\\\/www.1tool.com\\\/wp-content\\\/uploads\\\/2022\\\/04\\\/1tool-1.png\",\"width\":400,\"height\":150,\"caption\":\"1Tool\"},\"image\":{\"@id\":\"https:\\\/\\\/www.1tool.com\\\/es\\\/#\\\/schema\\\/logo\\\/image\\\/\"}}]}<\/script>\n<!-- \/ Yoast SEO plugin. -->","yoast_head_json":{"title":"Funciones del m\u00f3dulo de gesti\u00f3n de almacenes - 1Tool","robots":{"index":"index","follow":"follow","max-snippet":"max-snippet:-1","max-image-preview":"max-image-preview:large","max-video-preview":"max-video-preview:-1"},"canonical":"https:\/\/www.1tool.com\/es\/modulos\/gestion-de-mercancias-y-tienda\/gestion-de-almacenes\/funciones-del-modulo-de-gestion-de-almacenes\/","og_locale":"es_ES","og_type":"article","og_title":"Funciones del m\u00f3dulo de gesti\u00f3n de almacenes - 1Tool","og_description":"Funciones del m\u00f3dulo de gesti\u00f3n de almacenes En otros art\u00edculos te mostramos c\u00f3mo puedes utilizar con \u00e9xito el m\u00f3dulo de gesti\u00f3n de almacenes para tu empresa. Sistema de gesti\u00f3n de mercanc\u00edas Gestionar el almac\u00e9n Compras y ventas\/notas de cr\u00e9dito Contabilizaciones de inventario\/correcci\u00f3n","og_url":"https:\/\/www.1tool.com\/es\/modulos\/gestion-de-mercancias-y-tienda\/gestion-de-almacenes\/funciones-del-modulo-de-gestion-de-almacenes\/","og_site_name":"1Tool","article_modified_time":"2026-05-04T12:44:23+00:00","twitter_card":"summary_large_image","schema":{"@context":"https:\/\/schema.org","@graph":[{"@type":"WebPage","@id":"https:\/\/www.1tool.com\/es\/modulos\/gestion-de-mercancias-y-tienda\/gestion-de-almacenes\/funciones-del-modulo-de-gestion-de-almacenes\/","url":"https:\/\/www.1tool.com\/es\/modulos\/gestion-de-mercancias-y-tienda\/gestion-de-almacenes\/funciones-del-modulo-de-gestion-de-almacenes\/","name":"Funciones del m\u00f3dulo de gesti\u00f3n de almacenes - 1Tool","isPartOf":{"@id":"https:\/\/www.1tool.com\/es\/#website"},"datePublished":"2022-03-30T09:44:04+00:00","dateModified":"2026-05-04T12:44:23+00:00","breadcrumb":{"@id":"https:\/\/www.1tool.com\/es\/modulos\/gestion-de-mercancias-y-tienda\/gestion-de-almacenes\/funciones-del-modulo-de-gestion-de-almacenes\/#breadcrumb"},"inLanguage":"es","potentialAction":[{"@type":"ReadAction","target":["https:\/\/www.1tool.com\/es\/modulos\/gestion-de-mercancias-y-tienda\/gestion-de-almacenes\/funciones-del-modulo-de-gestion-de-almacenes\/"]}]},{"@type":"BreadcrumbList","@id":"https:\/\/www.1tool.com\/es\/modulos\/gestion-de-mercancias-y-tienda\/gestion-de-almacenes\/funciones-del-modulo-de-gestion-de-almacenes\/#breadcrumb","itemListElement":[{"@type":"ListItem","position":1,"name":"Home","item":"https:\/\/www.1tool.com\/es\/"},{"@type":"ListItem","position":2,"name":"M\u00f3dulos","item":"https:\/\/www.1tool.com\/es\/modulos\/"},{"@type":"ListItem","position":3,"name":"Gesti\u00f3n de mercanc\u00edas y tienda","item":"https:\/\/www.1tool.com\/es\/modulos\/gestion-de-mercancias-y-tienda\/"},{"@type":"ListItem","position":4,"name":"Gesti\u00f3n de almacenes","item":"https:\/\/www.1tool.com\/es\/modulos\/gestion-de-mercancias-y-tienda\/gestion-de-almacenes\/"},{"@type":"ListItem","position":5,"name":"Funciones del m\u00f3dulo de gesti\u00f3n de almacenes"}]},{"@type":"WebSite","@id":"https:\/\/www.1tool.com\/es\/#website","url":"https:\/\/www.1tool.com\/es\/","name":"1Tool","description":"CRM","publisher":{"@id":"https:\/\/www.1tool.com\/es\/#organization"},"potentialAction":[{"@type":"SearchAction","target":{"@type":"EntryPoint","urlTemplate":"https:\/\/www.1tool.com\/es\/?s={search_term_string}"},"query-input":{"@type":"PropertyValueSpecification","valueRequired":true,"valueName":"search_term_string"}}],"inLanguage":"es"},{"@type":"Organization","@id":"https:\/\/www.1tool.com\/es\/#organization","name":"1Tool","url":"https:\/\/www.1tool.com\/es\/","logo":{"@type":"ImageObject","inLanguage":"es","@id":"https:\/\/www.1tool.com\/es\/#\/schema\/logo\/image\/","url":"https:\/\/www.1tool.com\/wp-content\/uploads\/2022\/04\/1tool-1.png","contentUrl":"https:\/\/www.1tool.com\/wp-content\/uploads\/2022\/04\/1tool-1.png","width":400,"height":150,"caption":"1Tool"},"image":{"@id":"https:\/\/www.1tool.com\/es\/#\/schema\/logo\/image\/"}}]}},"_links":{"self":[{"href":"https:\/\/www.1tool.com\/es\/wp-json\/wp\/v2\/pages\/76075","targetHints":{"allow":["GET"]}}],"collection":[{"href":"https:\/\/www.1tool.com\/es\/wp-json\/wp\/v2\/pages"}],"about":[{"href":"https:\/\/www.1tool.com\/es\/wp-json\/wp\/v2\/types\/page"}],"author":[{"embeddable":true,"href":"https:\/\/www.1tool.com\/es\/wp-json\/wp\/v2\/users\/1"}],"replies":[{"embeddable":true,"href":"https:\/\/www.1tool.com\/es\/wp-json\/wp\/v2\/comments?post=76075"}],"version-history":[{"count":2,"href":"https:\/\/www.1tool.com\/es\/wp-json\/wp\/v2\/pages\/76075\/revisions"}],"predecessor-version":[{"id":76078,"href":"https:\/\/www.1tool.com\/es\/wp-json\/wp\/v2\/pages\/76075\/revisions\/76078"}],"up":[{"embeddable":true,"href":"https:\/\/www.1tool.com\/es\/wp-json\/wp\/v2\/pages\/76141"}],"wp:attachment":[{"href":"https:\/\/www.1tool.com\/es\/wp-json\/wp\/v2\/media?parent=76075"}],"curies":[{"name":"wp","href":"https:\/\/api.w.org\/{rel}","templated":true}]}}