{"id":76087,"date":"2022-03-30T11:04:37","date_gmt":"2022-03-30T09:04:37","guid":{"rendered":"https:\/\/www.1tool.com\/funciones-del-modulo-boletin\/"},"modified":"2026-05-04T14:45:23","modified_gmt":"2026-05-04T12:45:23","slug":"funciones-del-modulo-boletin","status":"publish","type":"page","link":"https:\/\/www.1tool.com\/es\/modulos\/marketing-y-ventas\/boletin\/funciones-del-modulo-boletin\/","title":{"rendered":"Funciones del m\u00f3dulo Bolet\u00edn"},"content":{"rendered":"\t\t<div data-elementor-type=\"wp-page\" data-elementor-id=\"76087\" class=\"elementor elementor-76087 elementor-48729\" data-elementor-post-type=\"page\">\n\t\t\t\t\t\t<section class=\"elementor-section elementor-top-section elementor-element elementor-element-4497ca7 elementor-section-boxed elementor-section-height-default elementor-section-height-default shadepro-adv-gradient-no shadepro-sticky-no\" data-id=\"4497ca7\" data-element_type=\"section\" data-e-type=\"section\" data-settings=\"{&quot;shadepro_sticky&quot;:&quot;no&quot;}\">\n\t\t\t\t\t\t<div class=\"elementor-container elementor-column-gap-default\">\n\t\t\t\t\t<div class=\"elementor-column elementor-col-100 elementor-top-column elementor-element elementor-element-b06c764\" data-id=\"b06c764\" data-element_type=\"column\" data-e-type=\"column\">\n\t\t\t<div class=\"elementor-widget-wrap elementor-element-populated\">\n\t\t\t\t\t\t<div class=\"elementor-element elementor-element-d238e64 shadepro-sticky-no elementor-widget elementor-widget-heading\" data-id=\"d238e64\" data-element_type=\"widget\" data-e-type=\"widget\" data-settings=\"{&quot;shadepro_sticky&quot;:&quot;no&quot;}\" data-widget_type=\"heading.default\">\n\t\t\t\t<div class=\"elementor-widget-container\">\n\t\t\t\t\t<h1 class=\"elementor-heading-title elementor-size-default\">Funciones del m\u00f3dulo Bolet\u00edn<\/h1>\t\t\t\t<\/div>\n\t\t\t\t<\/div>\n\t\t\t\t<div class=\"elementor-element elementor-element-910affe shadepro-sticky-no elementor-widget elementor-widget-text-editor\" data-id=\"910affe\" data-element_type=\"widget\" data-e-type=\"widget\" data-settings=\"{&quot;shadepro_sticky&quot;:&quot;no&quot;}\" data-widget_type=\"text-editor.default\">\n\t\t\t\t<div class=\"elementor-widget-container\">\n\t\t\t\t\t\t\t\t\t<p>En otros art\u00edculos te mostramos c\u00f3mo puedes utilizar con \u00e9xito el marketing de boletines informativos para tu empresa.<\/p>\t\t\t\t\t\t\t\t<\/div>\n\t\t\t\t<\/div>\n\t\t\t\t<section class=\"elementor-section elementor-inner-section elementor-element elementor-element-157a1ca elementor-section-boxed elementor-section-height-default elementor-section-height-default shadepro-adv-gradient-no shadepro-sticky-no\" data-id=\"157a1ca\" data-element_type=\"section\" data-e-type=\"section\" data-settings=\"{&quot;shadepro_sticky&quot;:&quot;no&quot;}\">\n\t\t\t\t\t\t<div class=\"elementor-container elementor-column-gap-default\">\n\t\t\t\t\t<div class=\"elementor-column elementor-col-50 elementor-inner-column elementor-element elementor-element-3282456\" data-id=\"3282456\" data-element_type=\"column\" data-e-type=\"column\">\n\t\t\t<div class=\"elementor-widget-wrap elementor-element-populated\">\n\t\t\t\t\t\t<div class=\"elementor-element elementor-element-07c68e4 elementor-align-justify shadepro-sticky-no elementor-widget elementor-widget-button\" data-id=\"07c68e4\" data-element_type=\"widget\" data-e-type=\"widget\" data-settings=\"{&quot;shadepro_sticky&quot;:&quot;no&quot;}\" data-widget_type=\"button.default\">\n\t\t\t\t<div class=\"elementor-widget-container\">\n\t\t\t\t\t\t\t\t\t<div class=\"elementor-button-wrapper\">\n\t\t\t\t\t<a class=\"elementor-button elementor-button-link elementor-size-md\" href=\"https:\/\/www.1tool.com\/es\/funciones-del-modulo-boletin\/marketing-por-correo-electronico\/\">\n\t\t\t\t\t\t<span class=\"elementor-button-content-wrapper\">\n\t\t\t\t\t\t<span class=\"elementor-button-icon\">\n\t\t\t\t<i aria-hidden=\"true\" class=\"fas fa-arrow-right\"><\/i>\t\t\t<\/span>\n\t\t\t\t\t\t\t\t\t<span class=\"elementor-button-text\">Marketing por correo electr\u00f3nico<\/span>\n\t\t\t\t\t<\/span>\n\t\t\t\t\t<\/a>\n\t\t\t\t<\/div>\n\t\t\t\t\t\t\t\t<\/div>\n\t\t\t\t<\/div>\n\t\t\t\t\t<\/div>\n\t\t<\/div>\n\t\t\t\t<div class=\"elementor-column elementor-col-50 elementor-inner-column elementor-element elementor-element-e3c243a\" data-id=\"e3c243a\" data-element_type=\"column\" data-e-type=\"column\">\n\t\t\t<div class=\"elementor-widget-wrap elementor-element-populated\">\n\t\t\t\t\t\t<div class=\"elementor-element elementor-element-e781940 elementor-align-justify shadepro-sticky-no elementor-widget elementor-widget-button\" data-id=\"e781940\" data-element_type=\"widget\" data-e-type=\"widget\" data-settings=\"{&quot;shadepro_sticky&quot;:&quot;no&quot;}\" data-widget_type=\"button.default\">\n\t\t\t\t<div class=\"elementor-widget-container\">\n\t\t\t\t\t\t\t\t\t<div class=\"elementor-button-wrapper\">\n\t\t\t\t\t<a class=\"elementor-button elementor-button-link elementor-size-md\" href=\"https:\/\/www.1tool.com\/es\/funciones-del-modulo-boletin\/software-para-boletines-por-correo-electronico\/\">\n\t\t\t\t\t\t<span class=\"elementor-button-content-wrapper\">\n\t\t\t\t\t\t<span class=\"elementor-button-icon\">\n\t\t\t\t<i aria-hidden=\"true\" class=\"fas fa-arrow-right\"><\/i>\t\t\t<\/span>\n\t\t\t\t\t\t\t\t\t<span class=\"elementor-button-text\">Software para boletines por correo electr\u00f3nico<\/span>\n\t\t\t\t\t<\/span>\n\t\t\t\t\t<\/a>\n\t\t\t\t<\/div>\n\t\t\t\t\t\t\t\t<\/div>\n\t\t\t\t<\/div>\n\t\t\t\t\t<\/div>\n\t\t<\/div>\n\t\t\t\t\t<\/div>\n\t\t<\/section>\n\t\t\t\t<section class=\"elementor-section elementor-inner-section elementor-element elementor-element-69b8c30 elementor-section-boxed elementor-section-height-default elementor-section-height-default shadepro-adv-gradient-no shadepro-sticky-no\" data-id=\"69b8c30\" data-element_type=\"section\" data-e-type=\"section\" data-settings=\"{&quot;shadepro_sticky&quot;:&quot;no&quot;}\">\n\t\t\t\t\t\t<div class=\"elementor-container elementor-column-gap-default\">\n\t\t\t\t\t<div class=\"elementor-column elementor-col-50 elementor-inner-column elementor-element elementor-element-8be697a\" data-id=\"8be697a\" data-element_type=\"column\" data-e-type=\"column\">\n\t\t\t<div class=\"elementor-widget-wrap elementor-element-populated\">\n\t\t\t\t\t\t<div class=\"elementor-element elementor-element-6a5c5f1 elementor-align-justify shadepro-sticky-no elementor-widget elementor-widget-button\" data-id=\"6a5c5f1\" data-element_type=\"widget\" data-e-type=\"widget\" data-settings=\"{&quot;shadepro_sticky&quot;:&quot;no&quot;}\" data-widget_type=\"button.default\">\n\t\t\t\t<div class=\"elementor-widget-container\">\n\t\t\t\t\t\t\t\t\t<div class=\"elementor-button-wrapper\">\n\t\t\t\t\t<a class=\"elementor-button elementor-button-link elementor-size-md\" href=\"https:\/\/www.1tool.com\/es\/funciones-del-modulo-boletin\/gestionar-los-contactos-del-boletin\/\">\n\t\t\t\t\t\t<span class=\"elementor-button-content-wrapper\">\n\t\t\t\t\t\t<span class=\"elementor-button-icon\">\n\t\t\t\t<i aria-hidden=\"true\" class=\"fas fa-arrow-right\"><\/i>\t\t\t<\/span>\n\t\t\t\t\t\t\t\t\t<span class=\"elementor-button-text\">Gestionar destinatarios<\/span>\n\t\t\t\t\t<\/span>\n\t\t\t\t\t<\/a>\n\t\t\t\t<\/div>\n\t\t\t\t\t\t\t\t<\/div>\n\t\t\t\t<\/div>\n\t\t\t\t\t<\/div>\n\t\t<\/div>\n\t\t\t\t<div class=\"elementor-column elementor-col-50 elementor-inner-column elementor-element elementor-element-1940b7f\" data-id=\"1940b7f\" data-element_type=\"column\" data-e-type=\"column\">\n\t\t\t<div class=\"elementor-widget-wrap elementor-element-populated\">\n\t\t\t\t\t\t<div class=\"elementor-element elementor-element-1d8668d elementor-align-justify shadepro-sticky-no elementor-widget elementor-widget-button\" data-id=\"1d8668d\" data-element_type=\"widget\" data-e-type=\"widget\" data-settings=\"{&quot;shadepro_sticky&quot;:&quot;no&quot;}\" data-widget_type=\"button.default\">\n\t\t\t\t<div class=\"elementor-widget-container\">\n\t\t\t\t\t\t\t\t\t<div class=\"elementor-button-wrapper\">\n\t\t\t\t\t<a class=\"elementor-button elementor-button-link elementor-size-md\" href=\"https:\/\/www.1tool.com\/es\/funciones-del-modulo-boletin\/enviar-boletin\/\">\n\t\t\t\t\t\t<span class=\"elementor-button-content-wrapper\">\n\t\t\t\t\t\t<span class=\"elementor-button-icon\">\n\t\t\t\t<i aria-hidden=\"true\" class=\"fas fa-arrow-right\"><\/i>\t\t\t<\/span>\n\t\t\t\t\t\t\t\t\t<span class=\"elementor-button-text\">Enviar bolet\u00edn<\/span>\n\t\t\t\t\t<\/span>\n\t\t\t\t\t<\/a>\n\t\t\t\t<\/div>\n\t\t\t\t\t\t\t\t<\/div>\n\t\t\t\t<\/div>\n\t\t\t\t\t<\/div>\n\t\t<\/div>\n\t\t\t\t\t<\/div>\n\t\t<\/section>\n\t\t\t\t<section class=\"elementor-section elementor-inner-section elementor-element elementor-element-f2bdc49 elementor-section-boxed elementor-section-height-default elementor-section-height-default shadepro-adv-gradient-no shadepro-sticky-no\" data-id=\"f2bdc49\" data-element_type=\"section\" data-e-type=\"section\" data-settings=\"{&quot;shadepro_sticky&quot;:&quot;no&quot;}\">\n\t\t\t\t\t\t<div class=\"elementor-container elementor-column-gap-default\">\n\t\t\t\t\t<div class=\"elementor-column elementor-col-50 elementor-inner-column elementor-element elementor-element-37a9b01\" data-id=\"37a9b01\" data-element_type=\"column\" data-e-type=\"column\">\n\t\t\t<div class=\"elementor-widget-wrap elementor-element-populated\">\n\t\t\t\t\t\t<div class=\"elementor-element elementor-element-e123d24 elementor-align-justify shadepro-sticky-no elementor-widget elementor-widget-button\" data-id=\"e123d24\" data-element_type=\"widget\" data-e-type=\"widget\" data-settings=\"{&quot;shadepro_sticky&quot;:&quot;no&quot;}\" data-widget_type=\"button.default\">\n\t\t\t\t<div class=\"elementor-widget-container\">\n\t\t\t\t\t\t\t\t\t<div class=\"elementor-button-wrapper\">\n\t\t\t\t\t<a class=\"elementor-button elementor-button-link elementor-size-md\" href=\"https:\/\/www.1tool.com\/es\/funciones-del-modulo-boletin\/informes-de-los-boletines\/\">\n\t\t\t\t\t\t<span class=\"elementor-button-content-wrapper\">\n\t\t\t\t\t\t<span class=\"elementor-button-icon\">\n\t\t\t\t<i aria-hidden=\"true\" class=\"fas fa-arrow-right\"><\/i>\t\t\t<\/span>\n\t\t\t\t\t\t\t\t\t<span class=\"elementor-button-text\">Analizar el bolet\u00edn<\/span>\n\t\t\t\t\t<\/span>\n\t\t\t\t\t<\/a>\n\t\t\t\t<\/div>\n\t\t\t\t\t\t\t\t<\/div>\n\t\t\t\t<\/div>\n\t\t\t\t\t<\/div>\n\t\t<\/div>\n\t\t\t\t<div class=\"elementor-column elementor-col-50 elementor-inner-column elementor-element elementor-element-2e6de3f\" data-id=\"2e6de3f\" data-element_type=\"column\" data-e-type=\"column\">\n\t\t\t<div class=\"elementor-widget-wrap elementor-element-populated\">\n\t\t\t\t\t\t<div class=\"elementor-element elementor-element-103741b elementor-align-justify shadepro-sticky-no elementor-widget elementor-widget-button\" data-id=\"103741b\" data-element_type=\"widget\" data-e-type=\"widget\" data-settings=\"{&quot;shadepro_sticky&quot;:&quot;no&quot;}\" data-widget_type=\"button.default\">\n\t\t\t\t<div class=\"elementor-widget-container\">\n\t\t\t\t\t\t\t\t\t<div class=\"elementor-button-wrapper\">\n\t\t\t\t\t<a class=\"elementor-button elementor-button-link elementor-size-md\" href=\"https:\/\/www.1tool.com\/es\/funciones-del-modulo-boletin\/control-de-la-competencia\/\">\n\t\t\t\t\t\t<span class=\"elementor-button-content-wrapper\">\n\t\t\t\t\t\t<span class=\"elementor-button-icon\">\n\t\t\t\t<i aria-hidden=\"true\" class=\"fas fa-arrow-right\"><\/i>\t\t\t<\/span>\n\t\t\t\t\t\t\t\t\t<span class=\"elementor-button-text\">Control de la competencia<\/span>\n\t\t\t\t\t<\/span>\n\t\t\t\t\t<\/a>\n\t\t\t\t<\/div>\n\t\t\t\t\t\t\t\t<\/div>\n\t\t\t\t<\/div>\n\t\t\t\t\t<\/div>\n\t\t<\/div>\n\t\t\t\t\t<\/div>\n\t\t<\/section>\n\t\t\t\t<section class=\"elementor-section elementor-inner-section elementor-element elementor-element-187fe4f elementor-section-boxed elementor-section-height-default elementor-section-height-default shadepro-adv-gradient-no shadepro-sticky-no\" data-id=\"187fe4f\" data-element_type=\"section\" data-e-type=\"section\" data-settings=\"{&quot;shadepro_sticky&quot;:&quot;no&quot;}\">\n\t\t\t\t\t\t<div class=\"elementor-container elementor-column-gap-default\">\n\t\t\t\t\t<div class=\"elementor-column elementor-col-50 elementor-inner-column elementor-element elementor-element-83d1a0a\" data-id=\"83d1a0a\" data-element_type=\"column\" data-e-type=\"column\">\n\t\t\t<div class=\"elementor-widget-wrap elementor-element-populated\">\n\t\t\t\t\t\t<div class=\"elementor-element elementor-element-443611b elementor-align-justify shadepro-sticky-no elementor-widget elementor-widget-button\" data-id=\"443611b\" data-element_type=\"widget\" data-e-type=\"widget\" data-settings=\"{&quot;shadepro_sticky&quot;:&quot;no&quot;}\" data-widget_type=\"button.default\">\n\t\t\t\t<div class=\"elementor-widget-container\">\n\t\t\t\t\t\t\t\t\t<div class=\"elementor-button-wrapper\">\n\t\t\t\t\t<a class=\"elementor-button elementor-button-link elementor-size-md\" href=\"https:\/\/www.1tool.com\/es\/funciones-del-modulo-boletin\/crm-social\/\">\n\t\t\t\t\t\t<span class=\"elementor-button-content-wrapper\">\n\t\t\t\t\t\t<span class=\"elementor-button-icon\">\n\t\t\t\t<i aria-hidden=\"true\" class=\"fas fa-arrow-right\"><\/i>\t\t\t<\/span>\n\t\t\t\t\t\t\t\t\t<span class=\"elementor-button-text\">CRM Social<\/span>\n\t\t\t\t\t<\/span>\n\t\t\t\t\t<\/a>\n\t\t\t\t<\/div>\n\t\t\t\t\t\t\t\t<\/div>\n\t\t\t\t<\/div>\n\t\t\t\t\t<\/div>\n\t\t<\/div>\n\t\t\t\t<div class=\"elementor-column elementor-col-50 elementor-inner-column elementor-element elementor-element-18d797b\" data-id=\"18d797b\" data-element_type=\"column\" data-e-type=\"column\">\n\t\t\t<div class=\"elementor-widget-wrap\">\n\t\t\t\t\t\t\t<\/div>\n\t\t<\/div>\n\t\t\t\t\t<\/div>\n\t\t<\/section>\n\t\t\t\t\t<\/div>\n\t\t<\/div>\n\t\t\t\t\t<\/div>\n\t\t<\/section>\n\t\t\t\t<\/div>\n\t\t","protected":false},"excerpt":{"rendered":"<p>Funciones del m\u00f3dulo Bolet\u00edn En otros art\u00edculos te mostramos c\u00f3mo puedes utilizar con \u00e9xito el marketing de boletines informativos para tu empresa. Marketing por correo electr\u00f3nico Software para boletines por correo electr\u00f3nico Gestionar destinatarios Enviar bolet\u00edn Analizar el bolet\u00edn Control de la competencia CRM Social<\/p>\n","protected":false},"author":1,"featured_media":0,"parent":76285,"menu_order":0,"comment_status":"closed","ping_status":"closed","template":"","meta":{"inline_featured_image":false,"footnotes":""},"class_list":["post-76087","page","type-page","status-publish","hentry"],"acf":[],"yoast_head":"<!-- This site is optimized with the Yoast SEO plugin v27.5 - https:\/\/yoast.com\/product\/yoast-seo-wordpress\/ -->\n<title>Funciones del m\u00f3dulo Bolet\u00edn - 1Tool<\/title>\n<meta name=\"robots\" content=\"index, follow, max-snippet:-1, max-image-preview:large, max-video-preview:-1\" \/>\n<link rel=\"canonical\" href=\"https:\/\/www.1tool.com\/es\/modulos\/marketing-y-ventas\/boletin\/funciones-del-modulo-boletin\/\" \/>\n<meta property=\"og:locale\" content=\"es_ES\" \/>\n<meta property=\"og:type\" content=\"article\" \/>\n<meta property=\"og:title\" content=\"Funciones del m\u00f3dulo Bolet\u00edn - 1Tool\" \/>\n<meta property=\"og:description\" content=\"Funciones del m\u00f3dulo Bolet\u00edn En otros art\u00edculos te mostramos c\u00f3mo puedes utilizar con \u00e9xito el marketing de boletines informativos para tu empresa. Marketing por correo electr\u00f3nico Software para boletines por correo electr\u00f3nico Gestionar destinatarios Enviar bolet\u00edn Analizar el bolet\u00edn Control de la competencia CRM Social\" \/>\n<meta property=\"og:url\" content=\"https:\/\/www.1tool.com\/es\/modulos\/marketing-y-ventas\/boletin\/funciones-del-modulo-boletin\/\" \/>\n<meta property=\"og:site_name\" content=\"1Tool\" \/>\n<meta property=\"article:modified_time\" content=\"2026-05-04T12:45:23+00:00\" \/>\n<meta name=\"twitter:card\" content=\"summary_large_image\" \/>\n<script type=\"application\/ld+json\" class=\"yoast-schema-graph\">{\"@context\":\"https:\\\/\\\/schema.org\",\"@graph\":[{\"@type\":\"WebPage\",\"@id\":\"https:\\\/\\\/www.1tool.com\\\/es\\\/modulos\\\/marketing-y-ventas\\\/boletin\\\/funciones-del-modulo-boletin\\\/\",\"url\":\"https:\\\/\\\/www.1tool.com\\\/es\\\/modulos\\\/marketing-y-ventas\\\/boletin\\\/funciones-del-modulo-boletin\\\/\",\"name\":\"Funciones del m\u00f3dulo Bolet\u00edn - 1Tool\",\"isPartOf\":{\"@id\":\"https:\\\/\\\/www.1tool.com\\\/es\\\/#website\"},\"datePublished\":\"2022-03-30T09:04:37+00:00\",\"dateModified\":\"2026-05-04T12:45:23+00:00\",\"breadcrumb\":{\"@id\":\"https:\\\/\\\/www.1tool.com\\\/es\\\/modulos\\\/marketing-y-ventas\\\/boletin\\\/funciones-del-modulo-boletin\\\/#breadcrumb\"},\"inLanguage\":\"es\",\"potentialAction\":[{\"@type\":\"ReadAction\",\"target\":[\"https:\\\/\\\/www.1tool.com\\\/es\\\/modulos\\\/marketing-y-ventas\\\/boletin\\\/funciones-del-modulo-boletin\\\/\"]}]},{\"@type\":\"BreadcrumbList\",\"@id\":\"https:\\\/\\\/www.1tool.com\\\/es\\\/modulos\\\/marketing-y-ventas\\\/boletin\\\/funciones-del-modulo-boletin\\\/#breadcrumb\",\"itemListElement\":[{\"@type\":\"ListItem\",\"position\":1,\"name\":\"Home\",\"item\":\"https:\\\/\\\/www.1tool.com\\\/es\\\/\"},{\"@type\":\"ListItem\",\"position\":2,\"name\":\"M\u00f3dulos\",\"item\":\"https:\\\/\\\/www.1tool.com\\\/es\\\/modulos\\\/\"},{\"@type\":\"ListItem\",\"position\":3,\"name\":\"Marketing y Ventas\",\"item\":\"https:\\\/\\\/www.1tool.com\\\/es\\\/modulos\\\/marketing-y-ventas\\\/\"},{\"@type\":\"ListItem\",\"position\":4,\"name\":\"Bolet\u00edn\",\"item\":\"https:\\\/\\\/www.1tool.com\\\/es\\\/modulos\\\/marketing-y-ventas\\\/boletin\\\/\"},{\"@type\":\"ListItem\",\"position\":5,\"name\":\"Funciones del m\u00f3dulo Bolet\u00edn\"}]},{\"@type\":\"WebSite\",\"@id\":\"https:\\\/\\\/www.1tool.com\\\/es\\\/#website\",\"url\":\"https:\\\/\\\/www.1tool.com\\\/es\\\/\",\"name\":\"1Tool\",\"description\":\"CRM\",\"publisher\":{\"@id\":\"https:\\\/\\\/www.1tool.com\\\/es\\\/#organization\"},\"potentialAction\":[{\"@type\":\"SearchAction\",\"target\":{\"@type\":\"EntryPoint\",\"urlTemplate\":\"https:\\\/\\\/www.1tool.com\\\/es\\\/?s={search_term_string}\"},\"query-input\":{\"@type\":\"PropertyValueSpecification\",\"valueRequired\":true,\"valueName\":\"search_term_string\"}}],\"inLanguage\":\"es\"},{\"@type\":\"Organization\",\"@id\":\"https:\\\/\\\/www.1tool.com\\\/es\\\/#organization\",\"name\":\"1Tool\",\"url\":\"https:\\\/\\\/www.1tool.com\\\/es\\\/\",\"logo\":{\"@type\":\"ImageObject\",\"inLanguage\":\"es\",\"@id\":\"https:\\\/\\\/www.1tool.com\\\/es\\\/#\\\/schema\\\/logo\\\/image\\\/\",\"url\":\"https:\\\/\\\/www.1tool.com\\\/wp-content\\\/uploads\\\/2022\\\/04\\\/1tool-1.png\",\"contentUrl\":\"https:\\\/\\\/www.1tool.com\\\/wp-content\\\/uploads\\\/2022\\\/04\\\/1tool-1.png\",\"width\":400,\"height\":150,\"caption\":\"1Tool\"},\"image\":{\"@id\":\"https:\\\/\\\/www.1tool.com\\\/es\\\/#\\\/schema\\\/logo\\\/image\\\/\"}}]}<\/script>\n<!-- \/ Yoast SEO plugin. -->","yoast_head_json":{"title":"Funciones del m\u00f3dulo Bolet\u00edn - 1Tool","robots":{"index":"index","follow":"follow","max-snippet":"max-snippet:-1","max-image-preview":"max-image-preview:large","max-video-preview":"max-video-preview:-1"},"canonical":"https:\/\/www.1tool.com\/es\/modulos\/marketing-y-ventas\/boletin\/funciones-del-modulo-boletin\/","og_locale":"es_ES","og_type":"article","og_title":"Funciones del m\u00f3dulo Bolet\u00edn - 1Tool","og_description":"Funciones del m\u00f3dulo Bolet\u00edn En otros art\u00edculos te mostramos c\u00f3mo puedes utilizar con \u00e9xito el marketing de boletines informativos para tu empresa. Marketing por correo electr\u00f3nico Software para boletines por correo electr\u00f3nico Gestionar destinatarios Enviar bolet\u00edn Analizar el bolet\u00edn Control de la competencia CRM Social","og_url":"https:\/\/www.1tool.com\/es\/modulos\/marketing-y-ventas\/boletin\/funciones-del-modulo-boletin\/","og_site_name":"1Tool","article_modified_time":"2026-05-04T12:45:23+00:00","twitter_card":"summary_large_image","schema":{"@context":"https:\/\/schema.org","@graph":[{"@type":"WebPage","@id":"https:\/\/www.1tool.com\/es\/modulos\/marketing-y-ventas\/boletin\/funciones-del-modulo-boletin\/","url":"https:\/\/www.1tool.com\/es\/modulos\/marketing-y-ventas\/boletin\/funciones-del-modulo-boletin\/","name":"Funciones del m\u00f3dulo Bolet\u00edn - 1Tool","isPartOf":{"@id":"https:\/\/www.1tool.com\/es\/#website"},"datePublished":"2022-03-30T09:04:37+00:00","dateModified":"2026-05-04T12:45:23+00:00","breadcrumb":{"@id":"https:\/\/www.1tool.com\/es\/modulos\/marketing-y-ventas\/boletin\/funciones-del-modulo-boletin\/#breadcrumb"},"inLanguage":"es","potentialAction":[{"@type":"ReadAction","target":["https:\/\/www.1tool.com\/es\/modulos\/marketing-y-ventas\/boletin\/funciones-del-modulo-boletin\/"]}]},{"@type":"BreadcrumbList","@id":"https:\/\/www.1tool.com\/es\/modulos\/marketing-y-ventas\/boletin\/funciones-del-modulo-boletin\/#breadcrumb","itemListElement":[{"@type":"ListItem","position":1,"name":"Home","item":"https:\/\/www.1tool.com\/es\/"},{"@type":"ListItem","position":2,"name":"M\u00f3dulos","item":"https:\/\/www.1tool.com\/es\/modulos\/"},{"@type":"ListItem","position":3,"name":"Marketing y Ventas","item":"https:\/\/www.1tool.com\/es\/modulos\/marketing-y-ventas\/"},{"@type":"ListItem","position":4,"name":"Bolet\u00edn","item":"https:\/\/www.1tool.com\/es\/modulos\/marketing-y-ventas\/boletin\/"},{"@type":"ListItem","position":5,"name":"Funciones del m\u00f3dulo Bolet\u00edn"}]},{"@type":"WebSite","@id":"https:\/\/www.1tool.com\/es\/#website","url":"https:\/\/www.1tool.com\/es\/","name":"1Tool","description":"CRM","publisher":{"@id":"https:\/\/www.1tool.com\/es\/#organization"},"potentialAction":[{"@type":"SearchAction","target":{"@type":"EntryPoint","urlTemplate":"https:\/\/www.1tool.com\/es\/?s={search_term_string}"},"query-input":{"@type":"PropertyValueSpecification","valueRequired":true,"valueName":"search_term_string"}}],"inLanguage":"es"},{"@type":"Organization","@id":"https:\/\/www.1tool.com\/es\/#organization","name":"1Tool","url":"https:\/\/www.1tool.com\/es\/","logo":{"@type":"ImageObject","inLanguage":"es","@id":"https:\/\/www.1tool.com\/es\/#\/schema\/logo\/image\/","url":"https:\/\/www.1tool.com\/wp-content\/uploads\/2022\/04\/1tool-1.png","contentUrl":"https:\/\/www.1tool.com\/wp-content\/uploads\/2022\/04\/1tool-1.png","width":400,"height":150,"caption":"1Tool"},"image":{"@id":"https:\/\/www.1tool.com\/es\/#\/schema\/logo\/image\/"}}]}},"_links":{"self":[{"href":"https:\/\/www.1tool.com\/es\/wp-json\/wp\/v2\/pages\/76087","targetHints":{"allow":["GET"]}}],"collection":[{"href":"https:\/\/www.1tool.com\/es\/wp-json\/wp\/v2\/pages"}],"about":[{"href":"https:\/\/www.1tool.com\/es\/wp-json\/wp\/v2\/types\/page"}],"author":[{"embeddable":true,"href":"https:\/\/www.1tool.com\/es\/wp-json\/wp\/v2\/users\/1"}],"replies":[{"embeddable":true,"href":"https:\/\/www.1tool.com\/es\/wp-json\/wp\/v2\/comments?post=76087"}],"version-history":[{"count":2,"href":"https:\/\/www.1tool.com\/es\/wp-json\/wp\/v2\/pages\/76087\/revisions"}],"predecessor-version":[{"id":76099,"href":"https:\/\/www.1tool.com\/es\/wp-json\/wp\/v2\/pages\/76087\/revisions\/76099"}],"up":[{"embeddable":true,"href":"https:\/\/www.1tool.com\/es\/wp-json\/wp\/v2\/pages\/76285"}],"wp:attachment":[{"href":"https:\/\/www.1tool.com\/es\/wp-json\/wp\/v2\/media?parent=76087"}],"curies":[{"name":"wp","href":"https:\/\/api.w.org\/{rel}","templated":true}]}}