{"id":76303,"date":"2020-08-16T06:29:41","date_gmt":"2020-08-16T04:29:41","guid":{"rendered":"https:\/\/www.1tool.com\/secciones\/precios-03\/"},"modified":"2026-05-04T14:45:57","modified_gmt":"2026-05-04T12:45:57","slug":"precios-03","status":"publish","type":"page","link":"https:\/\/www.1tool.com\/es\/secciones\/precios-03\/","title":{"rendered":"Precios 03"},"content":{"rendered":"\t\t<div data-elementor-type=\"wp-page\" data-elementor-id=\"76303\" class=\"elementor elementor-76303 elementor-341\" data-elementor-post-type=\"page\">\n\t\t\t\t\t\t<section class=\"elementor-section elementor-top-section elementor-element elementor-element-f967fd3 elementor-section-stretched elementor-section-boxed elementor-section-height-default elementor-section-height-default shadepro-adv-gradient-no shadepro-sticky-no\" data-id=\"f967fd3\" data-element_type=\"section\" data-e-type=\"section\" data-settings=\"{&quot;stretch_section&quot;:&quot;section-stretched&quot;,&quot;shadepro_sticky&quot;:&quot;no&quot;}\">\n\t\t\t\t\t\t<div class=\"elementor-container elementor-column-gap-default\">\n\t\t\t\t\t<div class=\"elementor-column elementor-col-33 elementor-top-column elementor-element elementor-element-0e88b88\" data-id=\"0e88b88\" data-element_type=\"column\" data-e-type=\"column\">\n\t\t\t<div class=\"elementor-widget-wrap\">\n\t\t\t\t\t\t\t<\/div>\n\t\t<\/div>\n\t\t\t\t<div class=\"elementor-column elementor-col-33 elementor-top-column elementor-element elementor-element-139f61f\" data-id=\"139f61f\" data-element_type=\"column\" data-e-type=\"column\">\n\t\t\t<div class=\"elementor-widget-wrap elementor-element-populated\">\n\t\t\t\t\t\t<div class=\"elementor-element elementor-element-c3ec6a5 shadepro-sticky-no elementor-widget elementor-widget-heading\" data-id=\"c3ec6a5\" data-element_type=\"widget\" data-e-type=\"widget\" data-settings=\"{&quot;shadepro_sticky&quot;:&quot;no&quot;}\" data-widget_type=\"heading.default\">\n\t\t\t\t<div class=\"elementor-widget-container\">\n\t\t\t\t\t<h2 class=\"elementor-heading-title elementor-size-default\">Precios y planes<\/h2>\t\t\t\t<\/div>\n\t\t\t\t<\/div>\n\t\t\t\t<div class=\"elementor-element elementor-element-8ec81cb shadepro-sticky-no elementor-widget elementor-widget-text-editor\" data-id=\"8ec81cb\" data-element_type=\"widget\" data-e-type=\"widget\" data-settings=\"{&quot;shadepro_sticky&quot;:&quot;no&quot;}\" data-widget_type=\"text-editor.default\">\n\t\t\t\t<div class=\"elementor-widget-container\">\n\t\t\t\t\t\t\t\t\t<p>Con un mont\u00f3n de bloques \u00fanicos, puedes construir f\u00e1cilmente una p\u00e1gina sin codificar. Construye tu pr\u00f3xima p\u00e1gina de aterrizaje. <\/p>\t\t\t\t\t\t\t\t<\/div>\n\t\t\t\t<\/div>\n\t\t\t\t\t<\/div>\n\t\t<\/div>\n\t\t\t\t<div class=\"elementor-column elementor-col-33 elementor-top-column elementor-element elementor-element-dd15e2b\" data-id=\"dd15e2b\" data-element_type=\"column\" data-e-type=\"column\">\n\t\t\t<div class=\"elementor-widget-wrap\">\n\t\t\t\t\t\t\t<\/div>\n\t\t<\/div>\n\t\t\t\t\t<\/div>\n\t\t<\/section>\n\t\t\t\t<section class=\"elementor-section elementor-top-section elementor-element elementor-element-2d38218 elementor-section-boxed elementor-section-height-default elementor-section-height-default shadepro-adv-gradient-no shadepro-sticky-no\" data-id=\"2d38218\" data-element_type=\"section\" data-e-type=\"section\" data-settings=\"{&quot;shadepro_sticky&quot;:&quot;no&quot;}\">\n\t\t\t\t\t\t<div class=\"elementor-container elementor-column-gap-default\">\n\t\t\t\t\t<div class=\"elementor-column elementor-col-100 elementor-top-column elementor-element elementor-element-781a349\" data-id=\"781a349\" data-element_type=\"column\" data-e-type=\"column\">\n\t\t\t<div class=\"elementor-widget-wrap elementor-element-populated\">\n\t\t\t\t\t\t<section class=\"elementor-section elementor-inner-section elementor-element elementor-element-f04bd5e elementor-section-boxed elementor-section-height-default elementor-section-height-default shadepro-adv-gradient-no shadepro-sticky-no\" data-id=\"f04bd5e\" data-element_type=\"section\" data-e-type=\"section\" data-settings=\"{&quot;shadepro_sticky&quot;:&quot;no&quot;}\">\n\t\t\t\t\t\t<div class=\"elementor-container elementor-column-gap-extended\">\n\t\t\t\t\t<div class=\"elementor-column elementor-col-33 elementor-inner-column elementor-element elementor-element-7a93b8f\" data-id=\"7a93b8f\" data-element_type=\"column\" data-e-type=\"column\">\n\t\t\t<div class=\"elementor-widget-wrap elementor-element-populated\">\n\t\t\t\t\t\t<div class=\"elementor-element elementor-element-3b1db8f content-align-center shadepro-sticky-no elementor-widget elementor-widget-shadepro-pricing-box\" data-id=\"3b1db8f\" data-element_type=\"widget\" data-e-type=\"widget\" data-settings=\"{&quot;shadepro_sticky&quot;:&quot;no&quot;}\" data-widget_type=\"shadepro-pricing-box.default\">\n\t\t\t\t<div class=\"elementor-widget-container\">\n\t\t\t\t\t\t\t<div class=\"shadepro-pricing-area center\">\n\t\t\t<div class=\"shadepro-pricing-item pricing-box-not-loop \">\n\t\t\t\t<h3 class=\"shadepro-pricing-title\">B\u00e1sico<\/h3>\n\t\t\t\t\t\t\t\t<div class=\"shadepro-price-wrap\">\n\t\t\t\t\t<h4 class=\"shadepro-price\">\n\t\t\t\t\t\t<span class=\"price-currency\"><\/span>$29<span class=\"shadepro-pricing-duration\"><\/span>\n\t\t\t\t\t<\/h4>\n\t\t\t\t\t\t\t\t\t\t\t<span class=\"shadepro-pricing-description\">Compra \u00fanica<\/span>\n\t\t\t\t\t\t\t\t\t<\/div>\n\t\t\t\t<ul class=\"shadepro-pricing-features\">\n\t\t\t\t\t\t\t\t\t\t\t\t<h4 class=\"class-feature-list is-disable-\">\n\t\t\t\t\t\t\t\tWith lots of unique blocks, you can easily build a page without coding. Build your next landing page.\t\t\t\t\t\t\t<\/h4>\n\n\t\t\t\t\t\t\t\t\t<\/ul>\n\t\t\t\t<div class=\"shadepro-btn-wrapper\">\n\t\t\t\t\t<a class=\"shadepro-btn btn-type-boxed  elementor-animation-float\" href=\"https:\/\/finestdevs.com\/demos\/wp\/shadepro\/contact\/\"  >\n\t\t\t\t\t\t\t\t\t\t\t\tEmpieza gratis \n\n\t\t\t\t\t\t\t\t\t\t\t<\/a>\n\t\t\t\t<\/div>\n\t\t\t\t\t\t\t<\/div>\n\t\t<\/div>\n\t\t\t\t<\/div>\n\t\t\t\t<\/div>\n\t\t\t\t\t<\/div>\n\t\t<\/div>\n\t\t\t\t<div class=\"elementor-column elementor-col-33 elementor-inner-column elementor-element elementor-element-6d498d8\" data-id=\"6d498d8\" data-element_type=\"column\" data-e-type=\"column\">\n\t\t\t<div class=\"elementor-widget-wrap elementor-element-populated\">\n\t\t\t\t\t\t<div class=\"elementor-element elementor-element-a59c810 content-align-center shadepro-sticky-no elementor-widget elementor-widget-shadepro-pricing-box\" data-id=\"a59c810\" data-element_type=\"widget\" data-e-type=\"widget\" data-settings=\"{&quot;shadepro_sticky&quot;:&quot;no&quot;}\" data-widget_type=\"shadepro-pricing-box.default\">\n\t\t\t\t<div class=\"elementor-widget-container\">\n\t\t\t\t\t\t\t<div class=\"shadepro-pricing-area center\">\n\t\t\t<div class=\"shadepro-pricing-item pricing-box-not-loop \">\n\t\t\t\t<h3 class=\"shadepro-pricing-title\">Est\u00e1ndar<\/h3>\n\t\t\t\t\t\t\t\t<div class=\"shadepro-price-wrap\">\n\t\t\t\t\t<h4 class=\"shadepro-price\">\n\t\t\t\t\t\t<span class=\"price-currency\"><\/span>$49<span class=\"shadepro-pricing-duration\"><\/span>\n\t\t\t\t\t<\/h4>\n\t\t\t\t\t\t\t\t\t\t\t<span class=\"shadepro-pricing-description\">Compra \u00fanica<\/span>\n\t\t\t\t\t\t\t\t\t<\/div>\n\t\t\t\t<ul class=\"shadepro-pricing-features\">\n\t\t\t\t\t\t\t\t\t\t\t\t<h4 class=\"class-feature-list is-disable-\">\n\t\t\t\t\t\t\t\tWith lots of unique blocks, you can easily build a page without coding. Build your next landing page.\t\t\t\t\t\t\t<\/h4>\n\n\t\t\t\t\t\t\t\t\t<\/ul>\n\t\t\t\t<div class=\"shadepro-btn-wrapper\">\n\t\t\t\t\t<a class=\"shadepro-btn btn-type-boxed  elementor-animation-float\" href=\"https:\/\/finestdevs.com\/demos\/wp\/shadepro\/contact\/\"  >\n\t\t\t\t\t\t\t\t\t\t\t\tEmpieza gratis \n\n\t\t\t\t\t\t\t\t\t\t\t<\/a>\n\t\t\t\t<\/div>\n\t\t\t\t\t\t\t<\/div>\n\t\t<\/div>\n\t\t\t\t<\/div>\n\t\t\t\t<\/div>\n\t\t\t\t\t<\/div>\n\t\t<\/div>\n\t\t\t\t<div class=\"elementor-column elementor-col-33 elementor-inner-column elementor-element elementor-element-27bfff1\" data-id=\"27bfff1\" data-element_type=\"column\" data-e-type=\"column\">\n\t\t\t<div class=\"elementor-widget-wrap elementor-element-populated\">\n\t\t\t\t\t\t<div class=\"elementor-element elementor-element-c380b4c content-align-center shadepro-sticky-no elementor-widget elementor-widget-shadepro-pricing-box\" data-id=\"c380b4c\" data-element_type=\"widget\" data-e-type=\"widget\" data-settings=\"{&quot;shadepro_sticky&quot;:&quot;no&quot;}\" data-widget_type=\"shadepro-pricing-box.default\">\n\t\t\t\t<div class=\"elementor-widget-container\">\n\t\t\t\t\t\t\t<div class=\"shadepro-pricing-area center\">\n\t\t\t<div class=\"shadepro-pricing-item pricing-box-not-loop \">\n\t\t\t\t<h3 class=\"shadepro-pricing-title\">Premium<\/h3>\n\t\t\t\t\t\t\t\t<div class=\"shadepro-price-wrap\">\n\t\t\t\t\t<h4 class=\"shadepro-price\">\n\t\t\t\t\t\t<span class=\"price-currency\"><\/span>$99<span class=\"shadepro-pricing-duration\"><\/span>\n\t\t\t\t\t<\/h4>\n\t\t\t\t\t\t\t\t\t\t\t<span class=\"shadepro-pricing-description\">Compra \u00fanica<\/span>\n\t\t\t\t\t\t\t\t\t<\/div>\n\t\t\t\t<ul class=\"shadepro-pricing-features\">\n\t\t\t\t\t\t\t\t\t\t\t\t<h4 class=\"class-feature-list is-disable-\">\n\t\t\t\t\t\t\t\tWith lots of unique blocks, you can easily build a page without coding. Build your next landing page.\t\t\t\t\t\t\t<\/h4>\n\n\t\t\t\t\t\t\t\t\t<\/ul>\n\t\t\t\t<div class=\"shadepro-btn-wrapper\">\n\t\t\t\t\t<a class=\"shadepro-btn btn-type-boxed  elementor-animation-float\" href=\"https:\/\/finestdevs.com\/demos\/wp\/shadepro\/contact\/\"  >\n\t\t\t\t\t\t\t\t\t\t\t\tEmpieza gratis \n\n\t\t\t\t\t\t\t\t\t\t\t<\/a>\n\t\t\t\t<\/div>\n\t\t\t\t\t\t\t<\/div>\n\t\t<\/div>\n\t\t\t\t<\/div>\n\t\t\t\t<\/div>\n\t\t\t\t\t<\/div>\n\t\t<\/div>\n\t\t\t\t\t<\/div>\n\t\t<\/section>\n\t\t\t\t<section class=\"elementor-section elementor-inner-section elementor-element elementor-element-e61cf98 elementor-section-boxed elementor-section-height-default elementor-section-height-default shadepro-adv-gradient-no shadepro-sticky-no\" data-id=\"e61cf98\" data-element_type=\"section\" data-e-type=\"section\" data-settings=\"{&quot;shadepro_sticky&quot;:&quot;no&quot;}\">\n\t\t\t\t\t\t<div class=\"elementor-container elementor-column-gap-default\">\n\t\t\t\t\t<div class=\"elementor-column elementor-col-50 elementor-inner-column elementor-element elementor-element-4ac2ff5\" data-id=\"4ac2ff5\" data-element_type=\"column\" data-e-type=\"column\">\n\t\t\t<div class=\"elementor-widget-wrap elementor-element-populated\">\n\t\t\t\t\t\t<div class=\"elementor-element elementor-element-b299c63 shadepro-sticky-no elementor-widget elementor-widget-shadepro-inline-icon-box\" data-id=\"b299c63\" data-element_type=\"widget\" data-e-type=\"widget\" data-settings=\"{&quot;shadepro_sticky&quot;:&quot;no&quot;}\" data-widget_type=\"shadepro-inline-icon-box.default\">\n\t\t\t\t<div class=\"elementor-widget-container\">\n\t\t\t\t\t\n\t\t\t\t\t<div class=\"shadepro-inline-icon-item \">\n\t\t\t\t<div class=\"shadepro-inline-icon-box-wrap\">\n\t\t\t\t\t<span class=\"shadepro-inline-icon-box-icon\">\n\t\t\t\t\t\t<i aria-hidden=\"true\" class=\"fas fa-question\"><\/i>\t\t\t\t\t<\/span>\n\t\t\t\t<\/div>\n\t\t\t\t<div class=\"shadepro-inline-icon-box-content\">\n\t\t\t\t\t<h4 class=\"shadepro-inline-icon-box-title\">\u00bfPuedo utilizar Albino para mis clientes?<\/h4>\n\t\t\t\t\t<p>Con un mont\u00f3n de bloques \u00fanicos, puedes construir f\u00e1cilmente una p\u00e1gina sin codificar. Construye tu pr\u00f3xima p\u00e1gina de aterrizaje.  Integer ut Oberyn massa. Sed feugiat vitae turpis a porta. Aliquam sagittis interdum Melisandre.  <\/p>\n\t\t\t\t\t\t\t\t\t<\/div>\n\t\t\t<\/div>\n\t\t\t\n\t\t\t\t<\/div>\n\t\t\t\t<\/div>\n\t\t\t\t<div class=\"elementor-element elementor-element-f2e3261 shadepro-sticky-no elementor-widget elementor-widget-shadepro-btn\" data-id=\"f2e3261\" data-element_type=\"widget\" data-e-type=\"widget\" data-settings=\"{&quot;shadepro_sticky&quot;:&quot;no&quot;}\" data-widget_type=\"shadepro-btn.default\">\n\t\t\t\t<div class=\"elementor-widget-container\">\n\t\t\t\t\t        <div class=\"shadepro-btn-wrapper enable-icon-box-no\">\n                            <a class=\"shadepro-btn btn-type-inline elementor-animation-\" href=\"https:\/\/finestdevs.com\/demos\/wp\/shadepro\/contact\/\"  >\n            \n                    \n                    Haz clic para saber m\u00e1s\n                                            <span class=\"icon-after btn-icon\"><i aria-hidden=\"true\" class=\"fas fa-arrow-right\"><\/i><\/span>\n                                                        <\/a>\n                <\/div>\n\t\t\t\t<\/div>\n\t\t\t\t<\/div>\n\t\t\t\t\t<\/div>\n\t\t<\/div>\n\t\t\t\t<div class=\"elementor-column elementor-col-50 elementor-inner-column elementor-element elementor-element-c3c95b0\" data-id=\"c3c95b0\" data-element_type=\"column\" data-e-type=\"column\">\n\t\t\t<div class=\"elementor-widget-wrap elementor-element-populated\">\n\t\t\t\t\t\t<div class=\"elementor-element elementor-element-881f5b7 shadepro-sticky-no elementor-widget elementor-widget-shadepro-inline-icon-box\" data-id=\"881f5b7\" data-element_type=\"widget\" data-e-type=\"widget\" data-settings=\"{&quot;shadepro_sticky&quot;:&quot;no&quot;}\" data-widget_type=\"shadepro-inline-icon-box.default\">\n\t\t\t\t<div class=\"elementor-widget-container\">\n\t\t\t\t\t\n\t\t\t\t\t<div class=\"shadepro-inline-icon-item \">\n\t\t\t\t<div class=\"shadepro-inline-icon-box-wrap\">\n\t\t\t\t\t<span class=\"shadepro-inline-icon-box-icon\">\n\t\t\t\t\t\t<i aria-hidden=\"true\" class=\"fas fa-question\"><\/i>\t\t\t\t\t<\/span>\n\t\t\t\t<\/div>\n\t\t\t\t<div class=\"shadepro-inline-icon-box-content\">\n\t\t\t\t\t<h4 class=\"shadepro-inline-icon-box-title\">\u00bfFunciona con WordPress?<\/h4>\n\t\t\t\t\t<p>Con un mont\u00f3n de bloques \u00fanicos, puedes construir f\u00e1cilmente una p\u00e1gina sin codificar. Construye tu pr\u00f3xima p\u00e1gina de aterrizaje.  Integer ut Oberyn massa. Sed feugiat vitae turpis a porta. Aliquam sagittis interdum Melisandre.  <\/p>\n\t\t\t\t\t\t\t\t\t<\/div>\n\t\t\t<\/div>\n\t\t\t\n\t\t\t\t<\/div>\n\t\t\t\t<\/div>\n\t\t\t\t\t<\/div>\n\t\t<\/div>\n\t\t\t\t\t<\/div>\n\t\t<\/section>\n\t\t\t\t<section class=\"elementor-section elementor-inner-section elementor-element elementor-element-548a443 elementor-section-boxed elementor-section-height-default elementor-section-height-default shadepro-adv-gradient-no shadepro-sticky-no\" data-id=\"548a443\" data-element_type=\"section\" data-e-type=\"section\" data-settings=\"{&quot;shadepro_sticky&quot;:&quot;no&quot;}\">\n\t\t\t\t\t\t<div class=\"elementor-container elementor-column-gap-default\">\n\t\t\t\t\t<div class=\"elementor-column elementor-col-50 elementor-inner-column elementor-element elementor-element-dc40a20\" data-id=\"dc40a20\" data-element_type=\"column\" data-e-type=\"column\">\n\t\t\t<div class=\"elementor-widget-wrap elementor-element-populated\">\n\t\t\t\t\t\t<div class=\"elementor-element elementor-element-7c179fe shadepro-sticky-no elementor-widget elementor-widget-shadepro-inline-icon-box\" data-id=\"7c179fe\" data-element_type=\"widget\" data-e-type=\"widget\" data-settings=\"{&quot;shadepro_sticky&quot;:&quot;no&quot;}\" data-widget_type=\"shadepro-inline-icon-box.default\">\n\t\t\t\t<div class=\"elementor-widget-container\">\n\t\t\t\t\t\n\t\t\t\t\t<div class=\"shadepro-inline-icon-item \">\n\t\t\t\t<div class=\"shadepro-inline-icon-box-wrap\">\n\t\t\t\t\t<span class=\"shadepro-inline-icon-box-icon\">\n\t\t\t\t\t\t<i aria-hidden=\"true\" class=\"fas fa-question\"><\/i>\t\t\t\t\t<\/span>\n\t\t\t\t<\/div>\n\t\t\t\t<div class=\"shadepro-inline-icon-box-content\">\n\t\t\t\t\t<h4 class=\"shadepro-inline-icon-box-title\">\u00bfRecibo actualizaciones gratuitas?<\/h4>\n\t\t\t\t\t<p>Con un mont\u00f3n de bloques \u00fanicos, puedes construir f\u00e1cilmente una p\u00e1gina sin codificar. Construye tu pr\u00f3xima p\u00e1gina de aterrizaje.  Integer ut Oberyn massa. Sed feugiat vitae turpis a porta. Aliquam sagittis interdum Melisandre.  <\/p>\n\t\t\t\t\t\t\t\t\t<\/div>\n\t\t\t<\/div>\n\t\t\t\n\t\t\t\t<\/div>\n\t\t\t\t<\/div>\n\t\t\t\t\t<\/div>\n\t\t<\/div>\n\t\t\t\t<div class=\"elementor-column elementor-col-50 elementor-inner-column elementor-element elementor-element-6fc2879\" data-id=\"6fc2879\" data-element_type=\"column\" data-e-type=\"column\">\n\t\t\t<div class=\"elementor-widget-wrap elementor-element-populated\">\n\t\t\t\t\t\t<div class=\"elementor-element elementor-element-b75a774 shadepro-sticky-no elementor-widget elementor-widget-shadepro-inline-icon-box\" data-id=\"b75a774\" data-element_type=\"widget\" data-e-type=\"widget\" data-settings=\"{&quot;shadepro_sticky&quot;:&quot;no&quot;}\" data-widget_type=\"shadepro-inline-icon-box.default\">\n\t\t\t\t<div class=\"elementor-widget-container\">\n\t\t\t\t\t\n\t\t\t\t\t<div class=\"shadepro-inline-icon-item \">\n\t\t\t\t<div class=\"shadepro-inline-icon-box-wrap\">\n\t\t\t\t\t<span class=\"shadepro-inline-icon-box-icon\">\n\t\t\t\t\t\t<i aria-hidden=\"true\" class=\"fas fa-question\"><\/i>\t\t\t\t\t<\/span>\n\t\t\t\t<\/div>\n\t\t\t\t<div class=\"shadepro-inline-icon-box-content\">\n\t\t\t\t\t<h4 class=\"shadepro-inline-icon-box-title\">\u00bfProporcionar\u00e1s apoyo?<\/h4>\n\t\t\t\t\t<p>Con un mont\u00f3n de bloques \u00fanicos, puedes construir f\u00e1cilmente una p\u00e1gina sin codificar. Construye tu pr\u00f3xima p\u00e1gina de aterrizaje.  Integer ut Oberyn massa. Sed feugiat vitae turpis a porta. Aliquam sagittis interdum Melisandre.  <\/p>\n\t\t\t\t\t\t\t\t\t<\/div>\n\t\t\t<\/div>\n\t\t\t\n\t\t\t\t<\/div>\n\t\t\t\t<\/div>\n\t\t\t\t\t<\/div>\n\t\t<\/div>\n\t\t\t\t\t<\/div>\n\t\t<\/section>\n\t\t\t\t<div class=\"elementor-element elementor-element-44db733 shadepro-sticky-no elementor-widget elementor-widget-text-editor\" data-id=\"44db733\" data-element_type=\"widget\" data-e-type=\"widget\" data-settings=\"{&quot;shadepro_sticky&quot;:&quot;no&quot;}\" data-widget_type=\"text-editor.default\">\n\t\t\t\t<div class=\"elementor-widget-container\">\n\t\t\t\t\t\t\t\t\t<p>\u00bfNo tienes tu respuesta?  <a href=\"https:\/\/finestdevs.com\/demos\/wp\/shadepro\/contact\/\">Contacta ahora con nuestro servicio de asistencia<\/a><\/p>\t\t\t\t\t\t\t\t<\/div>\n\t\t\t\t<\/div>\n\t\t\t\t\t<\/div>\n\t\t<\/div>\n\t\t\t\t\t<\/div>\n\t\t<\/section>\n\t\t\t\t<\/div>\n\t\t","protected":false},"excerpt":{"rendered":"<p>Precios y planes Con un mont\u00f3n de bloques \u00fanicos, puedes construir f\u00e1cilmente una p\u00e1gina sin codificar. Construye tu pr\u00f3xima p\u00e1gina de aterrizaje. B\u00e1sico $29 Compra \u00fanica With lots of unique blocks, you can easily build a page without coding. Build your next landing page. Empieza gratis Est\u00e1ndar $49 Compra \u00fanica With lots of unique blocks, [&hellip;]<\/p>\n","protected":false},"author":1,"featured_media":0,"parent":74116,"menu_order":7,"comment_status":"closed","ping_status":"closed","template":"elementor_header_footer","meta":{"inline_featured_image":false,"footnotes":""},"class_list":["post-76303","page","type-page","status-publish","hentry"],"acf":[],"yoast_head":"<!-- This site is optimized with the Yoast SEO plugin v27.5 - https:\/\/yoast.com\/product\/yoast-seo-wordpress\/ -->\n<title>Precios 03 - 1Tool<\/title>\n<meta name=\"robots\" content=\"index, follow, max-snippet:-1, max-image-preview:large, max-video-preview:-1\" \/>\n<link rel=\"canonical\" href=\"https:\/\/www.1tool.com\/es\/secciones\/precios-03\/\" \/>\n<meta property=\"og:locale\" content=\"es_ES\" \/>\n<meta property=\"og:type\" content=\"article\" \/>\n<meta property=\"og:title\" content=\"Precios 03 - 1Tool\" \/>\n<meta property=\"og:description\" content=\"Precios y planes Con un mont\u00f3n de bloques \u00fanicos, puedes construir f\u00e1cilmente una p\u00e1gina sin codificar. Construye tu pr\u00f3xima p\u00e1gina de aterrizaje. B\u00e1sico $29 Compra \u00fanica With lots of unique blocks, you can easily build a page without coding. Build your next landing page. Empieza gratis Est\u00e1ndar $49 Compra \u00fanica With lots of unique blocks, [&hellip;]\" \/>\n<meta property=\"og:url\" content=\"https:\/\/www.1tool.com\/es\/secciones\/precios-03\/\" \/>\n<meta property=\"og:site_name\" content=\"1Tool\" \/>\n<meta property=\"article:modified_time\" content=\"2026-05-04T12:45:57+00:00\" \/>\n<meta name=\"twitter:card\" content=\"summary_large_image\" \/>\n<meta name=\"twitter:label1\" content=\"Tiempo de lectura\" \/>\n\t<meta name=\"twitter:data1\" content=\"1 minuto\" \/>\n<script type=\"application\/ld+json\" class=\"yoast-schema-graph\">{\"@context\":\"https:\\\/\\\/schema.org\",\"@graph\":[{\"@type\":\"WebPage\",\"@id\":\"https:\\\/\\\/www.1tool.com\\\/es\\\/secciones\\\/precios-03\\\/\",\"url\":\"https:\\\/\\\/www.1tool.com\\\/es\\\/secciones\\\/precios-03\\\/\",\"name\":\"Precios 03 - 1Tool\",\"isPartOf\":{\"@id\":\"https:\\\/\\\/www.1tool.com\\\/es\\\/#website\"},\"datePublished\":\"2020-08-16T04:29:41+00:00\",\"dateModified\":\"2026-05-04T12:45:57+00:00\",\"breadcrumb\":{\"@id\":\"https:\\\/\\\/www.1tool.com\\\/es\\\/secciones\\\/precios-03\\\/#breadcrumb\"},\"inLanguage\":\"es\",\"potentialAction\":[{\"@type\":\"ReadAction\",\"target\":[\"https:\\\/\\\/www.1tool.com\\\/es\\\/secciones\\\/precios-03\\\/\"]}]},{\"@type\":\"BreadcrumbList\",\"@id\":\"https:\\\/\\\/www.1tool.com\\\/es\\\/secciones\\\/precios-03\\\/#breadcrumb\",\"itemListElement\":[{\"@type\":\"ListItem\",\"position\":1,\"name\":\"Home\",\"item\":\"https:\\\/\\\/www.1tool.com\\\/es\\\/\"},{\"@type\":\"ListItem\",\"position\":2,\"name\":\"Secciones\",\"item\":\"https:\\\/\\\/www.1tool.com\\\/es\\\/secciones\\\/\"},{\"@type\":\"ListItem\",\"position\":3,\"name\":\"Precios 03\"}]},{\"@type\":\"WebSite\",\"@id\":\"https:\\\/\\\/www.1tool.com\\\/es\\\/#website\",\"url\":\"https:\\\/\\\/www.1tool.com\\\/es\\\/\",\"name\":\"1Tool\",\"description\":\"CRM\",\"publisher\":{\"@id\":\"https:\\\/\\\/www.1tool.com\\\/es\\\/#organization\"},\"potentialAction\":[{\"@type\":\"SearchAction\",\"target\":{\"@type\":\"EntryPoint\",\"urlTemplate\":\"https:\\\/\\\/www.1tool.com\\\/es\\\/?s={search_term_string}\"},\"query-input\":{\"@type\":\"PropertyValueSpecification\",\"valueRequired\":true,\"valueName\":\"search_term_string\"}}],\"inLanguage\":\"es\"},{\"@type\":\"Organization\",\"@id\":\"https:\\\/\\\/www.1tool.com\\\/es\\\/#organization\",\"name\":\"1Tool\",\"url\":\"https:\\\/\\\/www.1tool.com\\\/es\\\/\",\"logo\":{\"@type\":\"ImageObject\",\"inLanguage\":\"es\",\"@id\":\"https:\\\/\\\/www.1tool.com\\\/es\\\/#\\\/schema\\\/logo\\\/image\\\/\",\"url\":\"https:\\\/\\\/www.1tool.com\\\/wp-content\\\/uploads\\\/2022\\\/04\\\/1tool-1.png\",\"contentUrl\":\"https:\\\/\\\/www.1tool.com\\\/wp-content\\\/uploads\\\/2022\\\/04\\\/1tool-1.png\",\"width\":400,\"height\":150,\"caption\":\"1Tool\"},\"image\":{\"@id\":\"https:\\\/\\\/www.1tool.com\\\/es\\\/#\\\/schema\\\/logo\\\/image\\\/\"}}]}<\/script>\n<!-- \/ Yoast SEO plugin. -->","yoast_head_json":{"title":"Precios 03 - 1Tool","robots":{"index":"index","follow":"follow","max-snippet":"max-snippet:-1","max-image-preview":"max-image-preview:large","max-video-preview":"max-video-preview:-1"},"canonical":"https:\/\/www.1tool.com\/es\/secciones\/precios-03\/","og_locale":"es_ES","og_type":"article","og_title":"Precios 03 - 1Tool","og_description":"Precios y planes Con un mont\u00f3n de bloques \u00fanicos, puedes construir f\u00e1cilmente una p\u00e1gina sin codificar. Construye tu pr\u00f3xima p\u00e1gina de aterrizaje. B\u00e1sico $29 Compra \u00fanica With lots of unique blocks, you can easily build a page without coding. Build your next landing page. Empieza gratis Est\u00e1ndar $49 Compra \u00fanica With lots of unique blocks, [&hellip;]","og_url":"https:\/\/www.1tool.com\/es\/secciones\/precios-03\/","og_site_name":"1Tool","article_modified_time":"2026-05-04T12:45:57+00:00","twitter_card":"summary_large_image","twitter_misc":{"Tiempo de lectura":"1 minuto"},"schema":{"@context":"https:\/\/schema.org","@graph":[{"@type":"WebPage","@id":"https:\/\/www.1tool.com\/es\/secciones\/precios-03\/","url":"https:\/\/www.1tool.com\/es\/secciones\/precios-03\/","name":"Precios 03 - 1Tool","isPartOf":{"@id":"https:\/\/www.1tool.com\/es\/#website"},"datePublished":"2020-08-16T04:29:41+00:00","dateModified":"2026-05-04T12:45:57+00:00","breadcrumb":{"@id":"https:\/\/www.1tool.com\/es\/secciones\/precios-03\/#breadcrumb"},"inLanguage":"es","potentialAction":[{"@type":"ReadAction","target":["https:\/\/www.1tool.com\/es\/secciones\/precios-03\/"]}]},{"@type":"BreadcrumbList","@id":"https:\/\/www.1tool.com\/es\/secciones\/precios-03\/#breadcrumb","itemListElement":[{"@type":"ListItem","position":1,"name":"Home","item":"https:\/\/www.1tool.com\/es\/"},{"@type":"ListItem","position":2,"name":"Secciones","item":"https:\/\/www.1tool.com\/es\/secciones\/"},{"@type":"ListItem","position":3,"name":"Precios 03"}]},{"@type":"WebSite","@id":"https:\/\/www.1tool.com\/es\/#website","url":"https:\/\/www.1tool.com\/es\/","name":"1Tool","description":"CRM","publisher":{"@id":"https:\/\/www.1tool.com\/es\/#organization"},"potentialAction":[{"@type":"SearchAction","target":{"@type":"EntryPoint","urlTemplate":"https:\/\/www.1tool.com\/es\/?s={search_term_string}"},"query-input":{"@type":"PropertyValueSpecification","valueRequired":true,"valueName":"search_term_string"}}],"inLanguage":"es"},{"@type":"Organization","@id":"https:\/\/www.1tool.com\/es\/#organization","name":"1Tool","url":"https:\/\/www.1tool.com\/es\/","logo":{"@type":"ImageObject","inLanguage":"es","@id":"https:\/\/www.1tool.com\/es\/#\/schema\/logo\/image\/","url":"https:\/\/www.1tool.com\/wp-content\/uploads\/2022\/04\/1tool-1.png","contentUrl":"https:\/\/www.1tool.com\/wp-content\/uploads\/2022\/04\/1tool-1.png","width":400,"height":150,"caption":"1Tool"},"image":{"@id":"https:\/\/www.1tool.com\/es\/#\/schema\/logo\/image\/"}}]}},"_links":{"self":[{"href":"https:\/\/www.1tool.com\/es\/wp-json\/wp\/v2\/pages\/76303","targetHints":{"allow":["GET"]}}],"collection":[{"href":"https:\/\/www.1tool.com\/es\/wp-json\/wp\/v2\/pages"}],"about":[{"href":"https:\/\/www.1tool.com\/es\/wp-json\/wp\/v2\/types\/page"}],"author":[{"embeddable":true,"href":"https:\/\/www.1tool.com\/es\/wp-json\/wp\/v2\/users\/1"}],"replies":[{"embeddable":true,"href":"https:\/\/www.1tool.com\/es\/wp-json\/wp\/v2\/comments?post=76303"}],"version-history":[{"count":1,"href":"https:\/\/www.1tool.com\/es\/wp-json\/wp\/v2\/pages\/76303\/revisions"}],"predecessor-version":[{"id":76304,"href":"https:\/\/www.1tool.com\/es\/wp-json\/wp\/v2\/pages\/76303\/revisions\/76304"}],"up":[{"embeddable":true,"href":"https:\/\/www.1tool.com\/es\/wp-json\/wp\/v2\/pages\/74116"}],"wp:attachment":[{"href":"https:\/\/www.1tool.com\/es\/wp-json\/wp\/v2\/media?parent=76303"}],"curies":[{"name":"wp","href":"https:\/\/api.w.org\/{rel}","templated":true}]}}