{"id":66850,"date":"2020-09-23T15:29:28","date_gmt":"2020-09-23T13:29:28","guid":{"rendered":"https:\/\/www.1tool.com\/sections\/politique-de-retour\/"},"modified":"2025-04-25T07:55:02","modified_gmt":"2025-04-25T05:55:02","slug":"politique-de-retour","status":"publish","type":"page","link":"https:\/\/www.1tool.com\/fr\/sections\/politique-de-retour\/","title":{"rendered":"Politique de retour"},"content":{"rendered":"\t\t<div data-elementor-type=\"wp-page\" data-elementor-id=\"66850\" class=\"elementor elementor-66850 elementor-3151\" data-elementor-post-type=\"page\">\n\t\t\t\t\t\t<section class=\"elementor-section elementor-top-section elementor-element elementor-element-5feeea0 elementor-section-boxed elementor-section-height-default elementor-section-height-default shadepro-adv-gradient-no shadepro-sticky-no\" data-id=\"5feeea0\" data-element_type=\"section\" data-e-type=\"section\" data-settings=\"{&quot;shadepro_sticky&quot;:&quot;no&quot;}\">\n\t\t\t\t\t\t<div class=\"elementor-container elementor-column-gap-default\">\n\t\t\t\t\t<div class=\"elementor-column elementor-col-100 elementor-top-column elementor-element elementor-element-7cca466\" data-id=\"7cca466\" data-element_type=\"column\" data-e-type=\"column\">\n\t\t\t<div class=\"elementor-widget-wrap elementor-element-populated\">\n\t\t\t\t\t\t<div class=\"elementor-element elementor-element-6f18d57 shadepro-sticky-no elementor-widget elementor-widget-heading\" data-id=\"6f18d57\" data-element_type=\"widget\" data-e-type=\"widget\" data-settings=\"{&quot;shadepro_sticky&quot;:&quot;no&quot;}\" data-widget_type=\"heading.default\">\n\t\t\t\t<div class=\"elementor-widget-container\">\n\t\t\t\t\t<h2 class=\"elementor-heading-title elementor-size-default\">Politique de retour<\/h2>\t\t\t\t<\/div>\n\t\t\t\t<\/div>\n\t\t\t\t<div class=\"elementor-element elementor-element-fcfa928 shadepro-sticky-no elementor-widget elementor-widget-text-editor\" data-id=\"fcfa928\" data-element_type=\"widget\" data-e-type=\"widget\" data-settings=\"{&quot;shadepro_sticky&quot;:&quot;no&quot;}\" data-widget_type=\"text-editor.default\">\n\t\t\t\t<div class=\"elementor-widget-container\">\n\t\t\t\t\t\t\t\t\t<p>En acc\u00e9dant \u00e0 UXTheme et en passant une commande, vous confirmez que vous acceptez et \u00eates li\u00e9 par les termes et conditions suivants<\/p>\t\t\t\t\t\t\t\t<\/div>\n\t\t\t\t<\/div>\n\t\t\t\t<section class=\"elementor-section elementor-inner-section elementor-element elementor-element-67f140b elementor-section-boxed elementor-section-height-default elementor-section-height-default shadepro-adv-gradient-no shadepro-sticky-no\" data-id=\"67f140b\" data-element_type=\"section\" data-e-type=\"section\" data-settings=\"{&quot;shadepro_sticky&quot;:&quot;no&quot;}\">\n\t\t\t\t\t\t<div class=\"elementor-container elementor-column-gap-default\">\n\t\t\t\t\t<div class=\"elementor-column elementor-col-100 elementor-inner-column elementor-element elementor-element-6f83dbe\" data-id=\"6f83dbe\" data-element_type=\"column\" data-e-type=\"column\">\n\t\t\t<div class=\"elementor-widget-wrap elementor-element-populated\">\n\t\t\t\t\t\t<div class=\"elementor-element elementor-element-45b5889 shadepro-sticky-no elementor-widget elementor-widget-text-editor\" data-id=\"45b5889\" data-element_type=\"widget\" data-e-type=\"widget\" data-settings=\"{&quot;shadepro_sticky&quot;:&quot;no&quot;}\" data-widget_type=\"text-editor.default\">\n\t\t\t\t<div class=\"elementor-widget-container\">\n\t\t\t\t\t\t\t\t\t<p>En acc\u00e9dant \u00e0 UXTheme et en passant une commande, vous confirmez que vous \u00eates d&#8217;accord avec les termes et conditions contenus dans les Conditions d&#8217;utilisation ci-dessous et que vous \u00eates li\u00e9 par elles. Ces conditions s&#8217;appliquent \u00e0 l&#8217;ensemble du site Web et \u00e0 tout e-mail ou autre type de communication entre vous et UXTheme. En aucun cas, l&#8217;\u00e9quipe UXTheme ne sera responsable de tout dommage direct, indirect, sp\u00e9cial, incident ou cons\u00e9cutif, y compris, mais sans s&#8217;y limiter, la perte de donn\u00e9es ou de b\u00e9n\u00e9fices, r\u00e9sultant de l&#8217;utilisation, ou de l&#8217;incapacit\u00e9 d&#8217;utiliser, les mat\u00e9riaux sur ce site, m\u00eame si l&#8217;\u00e9quipe UXTheme ou un repr\u00e9sentant autoris\u00e9 a \u00e9t\u00e9 avis\u00e9 de la possibilit\u00e9 de tels dommages. Si votre utilisation du mat\u00e9riel de ce site entra\u00eene la n\u00e9cessit\u00e9 d&#8217;un entretien, d&#8217;une r\u00e9paration ou d&#8217;une correction de l&#8217;\u00e9quipement ou des donn\u00e9es, vous assumez tous les frais y aff\u00e9rents. UXTheme ne sera pas responsable de tout r\u00e9sultat qui pourrait survenir au cours de l&#8217;utilisation de nos ressources.    <\/p>\t\t\t\t\t\t\t\t<\/div>\n\t\t\t\t<\/div>\n\t\t\t\t\t<\/div>\n\t\t<\/div>\n\t\t\t\t\t<\/div>\n\t\t<\/section>\n\t\t\t\t<section class=\"elementor-section elementor-inner-section elementor-element elementor-element-55dd7af elementor-section-boxed elementor-section-height-default elementor-section-height-default shadepro-adv-gradient-no shadepro-sticky-no\" data-id=\"55dd7af\" data-element_type=\"section\" data-e-type=\"section\" data-settings=\"{&quot;shadepro_sticky&quot;:&quot;no&quot;}\">\n\t\t\t\t\t\t<div class=\"elementor-container elementor-column-gap-default\">\n\t\t\t\t\t<div class=\"elementor-column elementor-col-100 elementor-inner-column elementor-element elementor-element-8574ef2\" data-id=\"8574ef2\" data-element_type=\"column\" data-e-type=\"column\">\n\t\t\t<div class=\"elementor-widget-wrap elementor-element-populated\">\n\t\t\t\t\t\t<div class=\"elementor-element elementor-element-0fade1b shadepro-sticky-no elementor-widget elementor-widget-heading\" data-id=\"0fade1b\" data-element_type=\"widget\" data-e-type=\"widget\" data-settings=\"{&quot;shadepro_sticky&quot;:&quot;no&quot;}\" data-widget_type=\"heading.default\">\n\t\t\t\t<div class=\"elementor-widget-container\">\n\t\t\t\t\t<h2 class=\"elementor-heading-title elementor-size-default\">Licence<\/h2>\t\t\t\t<\/div>\n\t\t\t\t<\/div>\n\t\t\t\t<div class=\"elementor-element elementor-element-bbc3806 shadepro-sticky-no elementor-widget elementor-widget-text-editor\" data-id=\"bbc3806\" data-element_type=\"widget\" data-e-type=\"widget\" data-settings=\"{&quot;shadepro_sticky&quot;:&quot;no&quot;}\" data-widget_type=\"text-editor.default\">\n\t\t\t\t<div class=\"elementor-widget-container\">\n\t\t\t\t\t\t\t\t\t<p>En achetant ou en t\u00e9l\u00e9chargeant une ressource (&#8220;\u00e9l\u00e9ment&#8221; ou &#8220;fichier&#8221;), vous \u00eates autoris\u00e9 \u00e0 utiliser ces fichiers pour des usages sp\u00e9cifiques sous certaines conditions. La propri\u00e9t\u00e9 reste avec UXTheme, et vous \u00eates tenu de respecter les termes de la licence suivante. <\/p>\t\t\t\t\t\t\t\t<\/div>\n\t\t\t\t<\/div>\n\t\t\t\t\t<\/div>\n\t\t<\/div>\n\t\t\t\t\t<\/div>\n\t\t<\/section>\n\t\t\t\t<section class=\"elementor-section elementor-inner-section elementor-element elementor-element-2937ed3 elementor-section-boxed elementor-section-height-default elementor-section-height-default shadepro-adv-gradient-no shadepro-sticky-no\" data-id=\"2937ed3\" data-element_type=\"section\" data-e-type=\"section\" data-settings=\"{&quot;shadepro_sticky&quot;:&quot;no&quot;}\">\n\t\t\t\t\t\t<div class=\"elementor-container elementor-column-gap-default\">\n\t\t\t\t\t<div class=\"elementor-column elementor-col-100 elementor-inner-column elementor-element elementor-element-fd1d4ed\" data-id=\"fd1d4ed\" data-element_type=\"column\" data-e-type=\"column\">\n\t\t\t<div class=\"elementor-widget-wrap elementor-element-populated\">\n\t\t\t\t\t\t<div class=\"elementor-element elementor-element-321b2fc shadepro-sticky-no elementor-widget elementor-widget-heading\" data-id=\"321b2fc\" data-element_type=\"widget\" data-e-type=\"widget\" data-settings=\"{&quot;shadepro_sticky&quot;:&quot;no&quot;}\" data-widget_type=\"heading.default\">\n\t\t\t\t<div class=\"elementor-widget-container\">\n\t\t\t\t\t<h2 class=\"elementor-heading-title elementor-size-default\">S\u00e9curit\u00e9<\/h2>\t\t\t\t<\/div>\n\t\t\t\t<\/div>\n\t\t\t\t<div class=\"elementor-element elementor-element-815cc89 elementor-icon-list--layout-traditional elementor-list-item-link-full_width shadepro-sticky-no elementor-widget elementor-widget-icon-list\" data-id=\"815cc89\" data-element_type=\"widget\" data-e-type=\"widget\" data-settings=\"{&quot;shadepro_sticky&quot;:&quot;no&quot;}\" data-widget_type=\"icon-list.default\">\n\t\t\t\t<div class=\"elementor-widget-container\">\n\t\t\t\t\t\t\t<ul class=\"elementor-icon-list-items\">\n\t\t\t\t\t\t\t<li class=\"elementor-icon-list-item\">\n\t\t\t\t\t\t\t\t\t\t\t<span class=\"elementor-icon-list-icon\">\n\t\t\t\t\t\t\t<i aria-hidden=\"true\" class=\"fas fa-circle\"><\/i>\t\t\t\t\t\t<\/span>\n\t\t\t\t\t\t\t\t\t\t<span class=\"elementor-icon-list-text\">Vous avez des droits pour une utilisation libre de droits de nos ressources pour tout ou partie de votre personnel.<\/span>\n\t\t\t\t\t\t\t\t\t<\/li>\n\t\t\t\t\t\t\t\t<li class=\"elementor-icon-list-item\">\n\t\t\t\t\t\t\t\t\t\t\t<span class=\"elementor-icon-list-icon\">\n\t\t\t\t\t\t\t<i aria-hidden=\"true\" class=\"fas fa-circle\"><\/i>\t\t\t\t\t\t<\/span>\n\t\t\t\t\t\t\t\t\t\t<span class=\"elementor-icon-list-text\">Vous n'\u00eates pas oblig\u00e9 d'attribuer ou de faire un lien vers UXTheme dans aucun des projets.<\/span>\n\t\t\t\t\t\t\t\t\t<\/li>\n\t\t\t\t\t\t\t\t<li class=\"elementor-icon-list-item\">\n\t\t\t\t\t\t\t\t\t\t\t<span class=\"elementor-icon-list-icon\">\n\t\t\t\t\t\t\t<i aria-hidden=\"true\" class=\"fas fa-circle\"><\/i>\t\t\t\t\t\t<\/span>\n\t\t\t\t\t\t\t\t\t\t<span class=\"elementor-icon-list-text\">Nous nous r\u00e9servons le droit de modifier les prix et de r\u00e9viser la politique d'utilisation des ressources \u00e0 tout moment.<\/span>\n\t\t\t\t\t\t\t\t\t<\/li>\n\t\t\t\t\t\t<\/ul>\n\t\t\t\t\t\t<\/div>\n\t\t\t\t<\/div>\n\t\t\t\t\t<\/div>\n\t\t<\/div>\n\t\t\t\t\t<\/div>\n\t\t<\/section>\n\t\t\t\t<section class=\"elementor-section elementor-inner-section elementor-element elementor-element-3932bb1 elementor-section-boxed elementor-section-height-default elementor-section-height-default shadepro-adv-gradient-no shadepro-sticky-no\" data-id=\"3932bb1\" data-element_type=\"section\" data-e-type=\"section\" data-settings=\"{&quot;shadepro_sticky&quot;:&quot;no&quot;}\">\n\t\t\t\t\t\t<div class=\"elementor-container elementor-column-gap-default\">\n\t\t\t\t\t<div class=\"elementor-column elementor-col-100 elementor-inner-column elementor-element elementor-element-12a45f5\" data-id=\"12a45f5\" data-element_type=\"column\" data-e-type=\"column\">\n\t\t\t<div class=\"elementor-widget-wrap elementor-element-populated\">\n\t\t\t\t\t\t<div class=\"elementor-element elementor-element-5ded6ce shadepro-sticky-no elementor-widget elementor-widget-heading\" data-id=\"5ded6ce\" data-element_type=\"widget\" data-e-type=\"widget\" data-settings=\"{&quot;shadepro_sticky&quot;:&quot;no&quot;}\" data-widget_type=\"heading.default\">\n\t\t\t\t<div class=\"elementor-widget-container\">\n\t\t\t\t\t<h2 class=\"elementor-heading-title elementor-size-default\">Contenu int\u00e9gr\u00e9 provenant d'autres sites web<\/h2>\t\t\t\t<\/div>\n\t\t\t\t<\/div>\n\t\t\t\t<div class=\"elementor-element elementor-element-15fb96b shadepro-sticky-no elementor-widget elementor-widget-text-editor\" data-id=\"15fb96b\" data-element_type=\"widget\" data-e-type=\"widget\" data-settings=\"{&quot;shadepro_sticky&quot;:&quot;no&quot;}\" data-widget_type=\"text-editor.default\">\n\t\t\t\t<div class=\"elementor-widget-container\">\n\t\t\t\t\t\t\t\t\t<p>Les articles de ce site peuvent contenir des contenus int\u00e9gr\u00e9s (par exemple des vid\u00e9os, des images, des articles, etc.). Le contenu int\u00e9gr\u00e9 provenant d&#8217;autres sites web se comporte exactement de la m\u00eame mani\u00e8re que si le visiteur avait visit\u00e9 l&#8217;autre site web. <\/p><p>Ces sites web peuvent collecter des donn\u00e9es vous concernant, utiliser des cookies, int\u00e9grer un suivi tiers suppl\u00e9mentaire et surveiller votre interaction avec ce contenu int\u00e9gr\u00e9, y compris le suivi de votre interaction avec le contenu int\u00e9gr\u00e9 si vous avez un compte et \u00eates connect\u00e9 \u00e0 ce site web.<\/p>\t\t\t\t\t\t\t\t<\/div>\n\t\t\t\t<\/div>\n\t\t\t\t\t<\/div>\n\t\t<\/div>\n\t\t\t\t\t<\/div>\n\t\t<\/section>\n\t\t\t\t<section class=\"elementor-section elementor-inner-section elementor-element elementor-element-1628a6b elementor-section-boxed elementor-section-height-default elementor-section-height-default shadepro-adv-gradient-no shadepro-sticky-no\" data-id=\"1628a6b\" data-element_type=\"section\" data-e-type=\"section\" data-settings=\"{&quot;shadepro_sticky&quot;:&quot;no&quot;}\">\n\t\t\t\t\t\t<div class=\"elementor-container elementor-column-gap-default\">\n\t\t\t\t\t<div class=\"elementor-column elementor-col-100 elementor-inner-column elementor-element elementor-element-11f0e62\" data-id=\"11f0e62\" data-element_type=\"column\" data-e-type=\"column\">\n\t\t\t<div class=\"elementor-widget-wrap elementor-element-populated\">\n\t\t\t\t\t\t<div class=\"elementor-element elementor-element-442d6c8 shadepro-sticky-no elementor-widget elementor-widget-heading\" data-id=\"442d6c8\" data-element_type=\"widget\" data-e-type=\"widget\" data-settings=\"{&quot;shadepro_sticky&quot;:&quot;no&quot;}\" data-widget_type=\"heading.default\">\n\t\t\t\t<div class=\"elementor-widget-container\">\n\t\t\t\t\t<h2 class=\"elementor-heading-title elementor-size-default\">Changements concernant les termes<\/h2>\t\t\t\t<\/div>\n\t\t\t\t<\/div>\n\t\t\t\t<div class=\"elementor-element elementor-element-2628e2e shadepro-sticky-no elementor-widget elementor-widget-text-editor\" data-id=\"2628e2e\" data-element_type=\"widget\" data-e-type=\"widget\" data-settings=\"{&quot;shadepro_sticky&quot;:&quot;no&quot;}\" data-widget_type=\"text-editor.default\">\n\t\t\t\t<div class=\"elementor-widget-container\">\n\t\t\t\t\t\t\t\t\t<p>Si nous modifions nos conditions d&#8217;utilisation, nous publierons ces modifications sur cette page. Les utilisateurs enregistr\u00e9s recevront un e-mail d\u00e9taillant les modifications apport\u00e9es aux conditions d&#8217;utilisation. <\/p>\t\t\t\t\t\t\t\t<\/div>\n\t\t\t\t<\/div>\n\t\t\t\t\t<\/div>\n\t\t<\/div>\n\t\t\t\t\t<\/div>\n\t\t<\/section>\n\t\t\t\t\t<\/div>\n\t\t<\/div>\n\t\t\t\t\t<\/div>\n\t\t<\/section>\n\t\t\t\t<\/div>\n\t\t","protected":false},"excerpt":{"rendered":"<p>Politique de retour En acc\u00e9dant \u00e0 UXTheme et en passant une commande, vous confirmez que vous acceptez et \u00eates li\u00e9 par les termes et conditions suivants En acc\u00e9dant \u00e0 UXTheme et en passant une commande, vous confirmez que vous \u00eates d&#8217;accord avec les termes et conditions contenus dans les Conditions d&#8217;utilisation ci-dessous et que vous [&hellip;]<\/p>\n","protected":false},"author":1,"featured_media":0,"parent":66672,"menu_order":7,"comment_status":"closed","ping_status":"closed","template":"page-templates\/template-page-builder.php","meta":{"inline_featured_image":false,"footnotes":""},"class_list":["post-66850","page","type-page","status-publish","hentry"],"acf":[],"yoast_head":"<!-- This site is optimized with the Yoast SEO plugin v27.5 - https:\/\/yoast.com\/product\/yoast-seo-wordpress\/ -->\n<title>Politique de retour - 1Tool<\/title>\n<meta name=\"robots\" content=\"index, follow, max-snippet:-1, max-image-preview:large, max-video-preview:-1\" \/>\n<link rel=\"canonical\" href=\"https:\/\/www.1tool.com\/fr\/sections\/politique-de-retour\/\" \/>\n<meta property=\"og:locale\" content=\"fr_FR\" \/>\n<meta property=\"og:type\" content=\"article\" \/>\n<meta property=\"og:title\" content=\"Politique de retour - 1Tool\" \/>\n<meta property=\"og:description\" content=\"Politique de retour En acc\u00e9dant \u00e0 UXTheme et en passant une commande, vous confirmez que vous acceptez et \u00eates li\u00e9 par les termes et conditions suivants En acc\u00e9dant \u00e0 UXTheme et en passant une commande, vous confirmez que vous \u00eates d&#8217;accord avec les termes et conditions contenus dans les Conditions d&#8217;utilisation ci-dessous et que vous [&hellip;]\" \/>\n<meta property=\"og:url\" content=\"https:\/\/www.1tool.com\/fr\/sections\/politique-de-retour\/\" \/>\n<meta property=\"og:site_name\" content=\"1Tool\" \/>\n<meta property=\"article:modified_time\" content=\"2025-04-25T05:55:02+00:00\" \/>\n<meta name=\"twitter:card\" content=\"summary_large_image\" \/>\n<meta name=\"twitter:label1\" content=\"Dur\u00e9e de lecture estim\u00e9e\" \/>\n\t<meta name=\"twitter:data1\" content=\"2 minutes\" \/>\n<script type=\"application\/ld+json\" class=\"yoast-schema-graph\">{\"@context\":\"https:\\\/\\\/schema.org\",\"@graph\":[{\"@type\":\"WebPage\",\"@id\":\"https:\\\/\\\/www.1tool.com\\\/fr\\\/sections\\\/politique-de-retour\\\/\",\"url\":\"https:\\\/\\\/www.1tool.com\\\/fr\\\/sections\\\/politique-de-retour\\\/\",\"name\":\"Politique de retour - 1Tool\",\"isPartOf\":{\"@id\":\"https:\\\/\\\/www.1tool.com\\\/fr\\\/#website\"},\"datePublished\":\"2020-09-23T13:29:28+00:00\",\"dateModified\":\"2025-04-25T05:55:02+00:00\",\"breadcrumb\":{\"@id\":\"https:\\\/\\\/www.1tool.com\\\/fr\\\/sections\\\/politique-de-retour\\\/#breadcrumb\"},\"inLanguage\":\"fr-FR\",\"potentialAction\":[{\"@type\":\"ReadAction\",\"target\":[\"https:\\\/\\\/www.1tool.com\\\/fr\\\/sections\\\/politique-de-retour\\\/\"]}]},{\"@type\":\"BreadcrumbList\",\"@id\":\"https:\\\/\\\/www.1tool.com\\\/fr\\\/sections\\\/politique-de-retour\\\/#breadcrumb\",\"itemListElement\":[{\"@type\":\"ListItem\",\"position\":1,\"name\":\"Home\",\"item\":\"https:\\\/\\\/www.1tool.com\\\/fr\\\/\"},{\"@type\":\"ListItem\",\"position\":2,\"name\":\"Sections\",\"item\":\"https:\\\/\\\/www.1tool.com\\\/fr\\\/sections\\\/\"},{\"@type\":\"ListItem\",\"position\":3,\"name\":\"Politique de retour\"}]},{\"@type\":\"WebSite\",\"@id\":\"https:\\\/\\\/www.1tool.com\\\/fr\\\/#website\",\"url\":\"https:\\\/\\\/www.1tool.com\\\/fr\\\/\",\"name\":\"1Tool\",\"description\":\"CRM\",\"publisher\":{\"@id\":\"https:\\\/\\\/www.1tool.com\\\/fr\\\/#organization\"},\"potentialAction\":[{\"@type\":\"SearchAction\",\"target\":{\"@type\":\"EntryPoint\",\"urlTemplate\":\"https:\\\/\\\/www.1tool.com\\\/fr\\\/?s={search_term_string}\"},\"query-input\":{\"@type\":\"PropertyValueSpecification\",\"valueRequired\":true,\"valueName\":\"search_term_string\"}}],\"inLanguage\":\"fr-FR\"},{\"@type\":\"Organization\",\"@id\":\"https:\\\/\\\/www.1tool.com\\\/fr\\\/#organization\",\"name\":\"1Tool\",\"url\":\"https:\\\/\\\/www.1tool.com\\\/fr\\\/\",\"logo\":{\"@type\":\"ImageObject\",\"inLanguage\":\"fr-FR\",\"@id\":\"https:\\\/\\\/www.1tool.com\\\/fr\\\/#\\\/schema\\\/logo\\\/image\\\/\",\"url\":\"https:\\\/\\\/www.1tool.com\\\/wp-content\\\/uploads\\\/2022\\\/04\\\/1tool-1.png\",\"contentUrl\":\"https:\\\/\\\/www.1tool.com\\\/wp-content\\\/uploads\\\/2022\\\/04\\\/1tool-1.png\",\"width\":400,\"height\":150,\"caption\":\"1Tool\"},\"image\":{\"@id\":\"https:\\\/\\\/www.1tool.com\\\/fr\\\/#\\\/schema\\\/logo\\\/image\\\/\"}}]}<\/script>\n<!-- \/ Yoast SEO plugin. -->","yoast_head_json":{"title":"Politique de retour - 1Tool","robots":{"index":"index","follow":"follow","max-snippet":"max-snippet:-1","max-image-preview":"max-image-preview:large","max-video-preview":"max-video-preview:-1"},"canonical":"https:\/\/www.1tool.com\/fr\/sections\/politique-de-retour\/","og_locale":"fr_FR","og_type":"article","og_title":"Politique de retour - 1Tool","og_description":"Politique de retour En acc\u00e9dant \u00e0 UXTheme et en passant une commande, vous confirmez que vous acceptez et \u00eates li\u00e9 par les termes et conditions suivants En acc\u00e9dant \u00e0 UXTheme et en passant une commande, vous confirmez que vous \u00eates d&#8217;accord avec les termes et conditions contenus dans les Conditions d&#8217;utilisation ci-dessous et que vous [&hellip;]","og_url":"https:\/\/www.1tool.com\/fr\/sections\/politique-de-retour\/","og_site_name":"1Tool","article_modified_time":"2025-04-25T05:55:02+00:00","twitter_card":"summary_large_image","twitter_misc":{"Dur\u00e9e de lecture estim\u00e9e":"2 minutes"},"schema":{"@context":"https:\/\/schema.org","@graph":[{"@type":"WebPage","@id":"https:\/\/www.1tool.com\/fr\/sections\/politique-de-retour\/","url":"https:\/\/www.1tool.com\/fr\/sections\/politique-de-retour\/","name":"Politique de retour - 1Tool","isPartOf":{"@id":"https:\/\/www.1tool.com\/fr\/#website"},"datePublished":"2020-09-23T13:29:28+00:00","dateModified":"2025-04-25T05:55:02+00:00","breadcrumb":{"@id":"https:\/\/www.1tool.com\/fr\/sections\/politique-de-retour\/#breadcrumb"},"inLanguage":"fr-FR","potentialAction":[{"@type":"ReadAction","target":["https:\/\/www.1tool.com\/fr\/sections\/politique-de-retour\/"]}]},{"@type":"BreadcrumbList","@id":"https:\/\/www.1tool.com\/fr\/sections\/politique-de-retour\/#breadcrumb","itemListElement":[{"@type":"ListItem","position":1,"name":"Home","item":"https:\/\/www.1tool.com\/fr\/"},{"@type":"ListItem","position":2,"name":"Sections","item":"https:\/\/www.1tool.com\/fr\/sections\/"},{"@type":"ListItem","position":3,"name":"Politique de retour"}]},{"@type":"WebSite","@id":"https:\/\/www.1tool.com\/fr\/#website","url":"https:\/\/www.1tool.com\/fr\/","name":"1Tool","description":"CRM","publisher":{"@id":"https:\/\/www.1tool.com\/fr\/#organization"},"potentialAction":[{"@type":"SearchAction","target":{"@type":"EntryPoint","urlTemplate":"https:\/\/www.1tool.com\/fr\/?s={search_term_string}"},"query-input":{"@type":"PropertyValueSpecification","valueRequired":true,"valueName":"search_term_string"}}],"inLanguage":"fr-FR"},{"@type":"Organization","@id":"https:\/\/www.1tool.com\/fr\/#organization","name":"1Tool","url":"https:\/\/www.1tool.com\/fr\/","logo":{"@type":"ImageObject","inLanguage":"fr-FR","@id":"https:\/\/www.1tool.com\/fr\/#\/schema\/logo\/image\/","url":"https:\/\/www.1tool.com\/wp-content\/uploads\/2022\/04\/1tool-1.png","contentUrl":"https:\/\/www.1tool.com\/wp-content\/uploads\/2022\/04\/1tool-1.png","width":400,"height":150,"caption":"1Tool"},"image":{"@id":"https:\/\/www.1tool.com\/fr\/#\/schema\/logo\/image\/"}}]}},"_links":{"self":[{"href":"https:\/\/www.1tool.com\/fr\/wp-json\/wp\/v2\/pages\/66850","targetHints":{"allow":["GET"]}}],"collection":[{"href":"https:\/\/www.1tool.com\/fr\/wp-json\/wp\/v2\/pages"}],"about":[{"href":"https:\/\/www.1tool.com\/fr\/wp-json\/wp\/v2\/types\/page"}],"author":[{"embeddable":true,"href":"https:\/\/www.1tool.com\/fr\/wp-json\/wp\/v2\/users\/1"}],"replies":[{"embeddable":true,"href":"https:\/\/www.1tool.com\/fr\/wp-json\/wp\/v2\/comments?post=66850"}],"version-history":[{"count":1,"href":"https:\/\/www.1tool.com\/fr\/wp-json\/wp\/v2\/pages\/66850\/revisions"}],"predecessor-version":[{"id":66852,"href":"https:\/\/www.1tool.com\/fr\/wp-json\/wp\/v2\/pages\/66850\/revisions\/66852"}],"up":[{"embeddable":true,"href":"https:\/\/www.1tool.com\/fr\/wp-json\/wp\/v2\/pages\/66672"}],"wp:attachment":[{"href":"https:\/\/www.1tool.com\/fr\/wp-json\/wp\/v2\/media?parent=66850"}],"curies":[{"name":"wp","href":"https:\/\/api.w.org\/{rel}","templated":true}]}}