{"id":78790,"date":"2022-03-31T05:01:16","date_gmt":"2022-03-31T03:01:16","guid":{"rendered":"https:\/\/www.1tool.com\/gestion-des-evenements\/"},"modified":"2026-05-07T14:59:11","modified_gmt":"2026-05-07T12:59:11","slug":"gestion-des-evenements","status":"publish","type":"page","link":"https:\/\/www.1tool.com\/fr\/modules\/organisation-et-service\/evenements\/fonctions-evenements-module\/gestion-des-evenements\/","title":{"rendered":"Gestion des \u00e9v\u00e9nements"},"content":{"rendered":"\t\t<div data-elementor-type=\"wp-page\" data-elementor-id=\"78790\" class=\"elementor elementor-78790 elementor-49903\" data-elementor-post-type=\"page\">\n\t\t\t\t\t\t<section class=\"elementor-section elementor-top-section elementor-element elementor-element-fab54ce elementor-section-boxed elementor-section-height-default elementor-section-height-default shadepro-adv-gradient-no shadepro-sticky-no\" data-id=\"fab54ce\" data-element_type=\"section\" data-e-type=\"section\" data-settings=\"{&quot;shadepro_sticky&quot;:&quot;no&quot;}\">\n\t\t\t\t\t\t<div class=\"elementor-container elementor-column-gap-default\">\n\t\t\t\t\t<div class=\"elementor-column elementor-col-100 elementor-top-column elementor-element elementor-element-4ecb2f1\" data-id=\"4ecb2f1\" data-element_type=\"column\" data-e-type=\"column\">\n\t\t\t<div class=\"elementor-widget-wrap elementor-element-populated\">\n\t\t\t\t\t\t<div class=\"elementor-element elementor-element-ba7dde1 shadepro-sticky-no elementor-widget elementor-widget-heading\" data-id=\"ba7dde1\" data-element_type=\"widget\" data-e-type=\"widget\" data-settings=\"{&quot;shadepro_sticky&quot;:&quot;no&quot;}\" data-widget_type=\"heading.default\">\n\t\t\t\t<div class=\"elementor-widget-container\">\n\t\t\t\t\t<h1 class=\"elementor-heading-title elementor-size-default\">Gestion des \u00e9v\u00e9nements<\/h1>\t\t\t\t<\/div>\n\t\t\t\t<\/div>\n\t\t\t\t<div class=\"elementor-element elementor-element-441a1f6 shadepro-sticky-no elementor-widget elementor-widget-text-editor\" data-id=\"441a1f6\" data-element_type=\"widget\" data-e-type=\"widget\" data-settings=\"{&quot;shadepro_sticky&quot;:&quot;no&quot;}\" data-widget_type=\"text-editor.default\">\n\t\t\t\t<div class=\"elementor-widget-container\">\n\t\t\t\t\t\t\t\t\t<p>Planification, ex\u00e9cution et suivi efficaces des \u00e9v\u00e9nements avec 1Tool Gestion des \u00e9v\u00e9nements<\/p>\t\t\t\t\t\t\t\t<\/div>\n\t\t\t\t<\/div>\n\t\t\t\t<section class=\"elementor-section elementor-inner-section elementor-element elementor-element-3fef598 elementor-section-boxed elementor-section-height-default elementor-section-height-default shadepro-adv-gradient-no shadepro-sticky-no\" data-id=\"3fef598\" data-element_type=\"section\" data-e-type=\"section\" data-settings=\"{&quot;shadepro_sticky&quot;:&quot;no&quot;}\">\n\t\t\t\t\t\t<div class=\"elementor-container elementor-column-gap-default\">\n\t\t\t\t\t<div class=\"elementor-column elementor-col-100 elementor-inner-column elementor-element elementor-element-6808662\" data-id=\"6808662\" data-element_type=\"column\" data-e-type=\"column\">\n\t\t\t<div class=\"elementor-widget-wrap elementor-element-populated\">\n\t\t\t\t\t\t<div class=\"elementor-element elementor-element-c961313 shadepro-sticky-no elementor-widget elementor-widget-text-editor\" data-id=\"c961313\" data-element_type=\"widget\" data-e-type=\"widget\" data-settings=\"{&quot;shadepro_sticky&quot;:&quot;no&quot;}\" data-widget_type=\"text-editor.default\">\n\t\t\t\t<div class=\"elementor-widget-container\">\n\t\t\t\t\t\t\t\t\t<h3>Gestion des cours dans 1Tool Gestion des \u00e9v\u00e9nements<\/h3><p>Gr\u00e2ce \u00e0 un formulaire simple, vous cr\u00e9ez votre cours de formation ou de perfectionnement en quelques \u00e9tapes seulement. Les formations de niveau sup\u00e9rieur ou inf\u00e9rieur ainsi que la d\u00e9finition des objectifs et du contenu du cours facilitent consid\u00e9rablement la gestion des formations 1Tool. La cr\u00e9ation automatique d&#8217;un manuel de s\u00e9minaire rend 1Tool unique en tant qu&#8217;outil de s\u00e9minaire &#8211; les cours sont automatiquement transf\u00e9r\u00e9s apr\u00e8s leur cr\u00e9ation, la table des mati\u00e8res dynamique m\u00e8ne directement au s\u00e9minaire souhait\u00e9 et l&#8217;inscription peut \u00e9galement \u00eatre effectu\u00e9e directement \u00e0 partir du manuel en ligne.  <\/p><h4>Facturation automatique de vos cours<\/h4><p>La gestion d&#8217;\u00e9v\u00e9nements 1Tool assure le bon d\u00e9roulement de vos activit\u00e9s de routine, m\u00eame apr\u00e8s l&#8217;\u00e9v\u00e9nement. Les clients peuvent payer directement en ligne pour l&#8217;\u00e9v\u00e9nement. En arri\u00e8re-plan, 1Tool g\u00e9n\u00e8re automatiquement les factures correspondantes ou se charge de la cr\u00e9ation automatique de notes de cr\u00e9dit en cas d&#8217;annulation. <\/p><p>Les annulations peuvent \u00e9galement \u00eatre li\u00e9es \u00e0 des r\u00e8gles d&#8217;annulation sp\u00e9cifiques, selon l&#8217;entreprise. La Gestion de la formation calcule ainsi automatiquement le montant qui sera factur\u00e9 ou rembours\u00e9 au client en fonction du nombre de jours avant le d\u00e9but du cours. <\/p><h4>Une communication optimale avec les \u00e9tudiants<\/h4><p>Que vous souhaitiez rappeler aux participants un \u00e9v\u00e9nement \u00e0 venir, promouvoir de nouveaux \u00e9v\u00e9nements ou envoyer une invitation personnelle \u00e0 un s\u00e9minaire de suivi, la gestion des \u00e9v\u00e9nements 1Tool vous permet de communiquer de mani\u00e8re optimale avec vos clients gr\u00e2ce \u00e0 des newsletters et des messages SMS personnalis\u00e9s. Le meilleur suivi et un taux de remplissage complet de l&#8217;\u00e9v\u00e9nement sont ainsi garantis ! <\/p>\t\t\t\t\t\t\t\t<\/div>\n\t\t\t\t<\/div>\n\t\t\t\t\t<\/div>\n\t\t<\/div>\n\t\t\t\t\t<\/div>\n\t\t<\/section>\n\t\t\t\t\t<\/div>\n\t\t<\/div>\n\t\t\t\t\t<\/div>\n\t\t<\/section>\n\t\t\t\t<\/div>\n\t\t","protected":false},"excerpt":{"rendered":"<p>Gestion des \u00e9v\u00e9nements Planification, ex\u00e9cution et suivi efficaces des \u00e9v\u00e9nements avec 1Tool Gestion des \u00e9v\u00e9nements Gestion des cours dans 1Tool Gestion des \u00e9v\u00e9nements Gr\u00e2ce \u00e0 un formulaire simple, vous cr\u00e9ez votre cours de formation ou de perfectionnement en quelques \u00e9tapes seulement. Les formations de niveau sup\u00e9rieur ou inf\u00e9rieur ainsi que la d\u00e9finition des objectifs et [&hellip;]<\/p>\n","protected":false},"author":1,"featured_media":0,"parent":79018,"menu_order":0,"comment_status":"closed","ping_status":"closed","template":"","meta":{"inline_featured_image":false,"footnotes":""},"class_list":["post-78790","page","type-page","status-publish","hentry"],"acf":[],"yoast_head":"<!-- This site is optimized with the Yoast SEO plugin v27.5 - https:\/\/yoast.com\/product\/yoast-seo-wordpress\/ -->\n<title>Gestion des \u00e9v\u00e9nements - 1Tool<\/title>\n<meta name=\"robots\" content=\"index, follow, max-snippet:-1, max-image-preview:large, max-video-preview:-1\" \/>\n<link rel=\"canonical\" href=\"https:\/\/www.1tool.com\/fr\/modules\/organisation-et-service\/evenements\/fonctions-evenements-module\/gestion-des-evenements\/\" \/>\n<meta property=\"og:locale\" content=\"fr_FR\" \/>\n<meta property=\"og:type\" content=\"article\" \/>\n<meta property=\"og:title\" content=\"Gestion des \u00e9v\u00e9nements - 1Tool\" \/>\n<meta property=\"og:description\" content=\"Gestion des \u00e9v\u00e9nements Planification, ex\u00e9cution et suivi efficaces des \u00e9v\u00e9nements avec 1Tool Gestion des \u00e9v\u00e9nements Gestion des cours dans 1Tool Gestion des \u00e9v\u00e9nements Gr\u00e2ce \u00e0 un formulaire simple, vous cr\u00e9ez votre cours de formation ou de perfectionnement en quelques \u00e9tapes seulement. Les formations de niveau sup\u00e9rieur ou inf\u00e9rieur ainsi que la d\u00e9finition des objectifs et [&hellip;]\" \/>\n<meta property=\"og:url\" content=\"https:\/\/www.1tool.com\/fr\/modules\/organisation-et-service\/evenements\/fonctions-evenements-module\/gestion-des-evenements\/\" \/>\n<meta property=\"og:site_name\" content=\"1Tool\" \/>\n<meta property=\"article:modified_time\" content=\"2026-05-07T12:59:11+00:00\" \/>\n<meta name=\"twitter:card\" content=\"summary_large_image\" \/>\n<meta name=\"twitter:label1\" content=\"Dur\u00e9e de lecture estim\u00e9e\" \/>\n\t<meta name=\"twitter:data1\" content=\"2 minutes\" \/>\n<script type=\"application\/ld+json\" class=\"yoast-schema-graph\">{\"@context\":\"https:\\\/\\\/schema.org\",\"@graph\":[{\"@type\":\"WebPage\",\"@id\":\"https:\\\/\\\/www.1tool.com\\\/fr\\\/modules\\\/organisation-et-service\\\/evenements\\\/fonctions-evenements-module\\\/gestion-des-evenements\\\/\",\"url\":\"https:\\\/\\\/www.1tool.com\\\/fr\\\/modules\\\/organisation-et-service\\\/evenements\\\/fonctions-evenements-module\\\/gestion-des-evenements\\\/\",\"name\":\"Gestion des \u00e9v\u00e9nements - 1Tool\",\"isPartOf\":{\"@id\":\"https:\\\/\\\/www.1tool.com\\\/fr\\\/#website\"},\"datePublished\":\"2022-03-31T03:01:16+00:00\",\"dateModified\":\"2026-05-07T12:59:11+00:00\",\"breadcrumb\":{\"@id\":\"https:\\\/\\\/www.1tool.com\\\/fr\\\/modules\\\/organisation-et-service\\\/evenements\\\/fonctions-evenements-module\\\/gestion-des-evenements\\\/#breadcrumb\"},\"inLanguage\":\"fr-FR\",\"potentialAction\":[{\"@type\":\"ReadAction\",\"target\":[\"https:\\\/\\\/www.1tool.com\\\/fr\\\/modules\\\/organisation-et-service\\\/evenements\\\/fonctions-evenements-module\\\/gestion-des-evenements\\\/\"]}]},{\"@type\":\"BreadcrumbList\",\"@id\":\"https:\\\/\\\/www.1tool.com\\\/fr\\\/modules\\\/organisation-et-service\\\/evenements\\\/fonctions-evenements-module\\\/gestion-des-evenements\\\/#breadcrumb\",\"itemListElement\":[{\"@type\":\"ListItem\",\"position\":1,\"name\":\"Home\",\"item\":\"https:\\\/\\\/www.1tool.com\\\/fr\\\/\"},{\"@type\":\"ListItem\",\"position\":2,\"name\":\"Modules\",\"item\":\"https:\\\/\\\/www.1tool.com\\\/fr\\\/module\\\/\"},{\"@type\":\"ListItem\",\"position\":3,\"name\":\"Organisation et service\",\"item\":\"https:\\\/\\\/www.1tool.com\\\/fr\\\/modules\\\/organisation-et-service\\\/\"},{\"@type\":\"ListItem\",\"position\":4,\"name\":\"\u00c9v\u00e9nements\",\"item\":\"https:\\\/\\\/www.1tool.com\\\/fr\\\/modules\\\/organisation-et-service\\\/evenements\\\/\"},{\"@type\":\"ListItem\",\"position\":5,\"name\":\"Fonctions \u00c9v\u00e9nements Module\",\"item\":\"https:\\\/\\\/www.1tool.com\\\/fr\\\/modules\\\/organisation-et-service\\\/evenements\\\/fonctions-evenements-module\\\/\"},{\"@type\":\"ListItem\",\"position\":6,\"name\":\"Gestion des \u00e9v\u00e9nements\"}]},{\"@type\":\"WebSite\",\"@id\":\"https:\\\/\\\/www.1tool.com\\\/fr\\\/#website\",\"url\":\"https:\\\/\\\/www.1tool.com\\\/fr\\\/\",\"name\":\"1Tool\",\"description\":\"CRM\",\"publisher\":{\"@id\":\"https:\\\/\\\/www.1tool.com\\\/fr\\\/#organization\"},\"potentialAction\":[{\"@type\":\"SearchAction\",\"target\":{\"@type\":\"EntryPoint\",\"urlTemplate\":\"https:\\\/\\\/www.1tool.com\\\/fr\\\/?s={search_term_string}\"},\"query-input\":{\"@type\":\"PropertyValueSpecification\",\"valueRequired\":true,\"valueName\":\"search_term_string\"}}],\"inLanguage\":\"fr-FR\"},{\"@type\":\"Organization\",\"@id\":\"https:\\\/\\\/www.1tool.com\\\/fr\\\/#organization\",\"name\":\"1Tool\",\"url\":\"https:\\\/\\\/www.1tool.com\\\/fr\\\/\",\"logo\":{\"@type\":\"ImageObject\",\"inLanguage\":\"fr-FR\",\"@id\":\"https:\\\/\\\/www.1tool.com\\\/fr\\\/#\\\/schema\\\/logo\\\/image\\\/\",\"url\":\"https:\\\/\\\/www.1tool.com\\\/wp-content\\\/uploads\\\/2022\\\/04\\\/1tool-1.png\",\"contentUrl\":\"https:\\\/\\\/www.1tool.com\\\/wp-content\\\/uploads\\\/2022\\\/04\\\/1tool-1.png\",\"width\":400,\"height\":150,\"caption\":\"1Tool\"},\"image\":{\"@id\":\"https:\\\/\\\/www.1tool.com\\\/fr\\\/#\\\/schema\\\/logo\\\/image\\\/\"}}]}<\/script>\n<!-- \/ Yoast SEO plugin. -->","yoast_head_json":{"title":"Gestion des \u00e9v\u00e9nements - 1Tool","robots":{"index":"index","follow":"follow","max-snippet":"max-snippet:-1","max-image-preview":"max-image-preview:large","max-video-preview":"max-video-preview:-1"},"canonical":"https:\/\/www.1tool.com\/fr\/modules\/organisation-et-service\/evenements\/fonctions-evenements-module\/gestion-des-evenements\/","og_locale":"fr_FR","og_type":"article","og_title":"Gestion des \u00e9v\u00e9nements - 1Tool","og_description":"Gestion des \u00e9v\u00e9nements Planification, ex\u00e9cution et suivi efficaces des \u00e9v\u00e9nements avec 1Tool Gestion des \u00e9v\u00e9nements Gestion des cours dans 1Tool Gestion des \u00e9v\u00e9nements Gr\u00e2ce \u00e0 un formulaire simple, vous cr\u00e9ez votre cours de formation ou de perfectionnement en quelques \u00e9tapes seulement. Les formations de niveau sup\u00e9rieur ou inf\u00e9rieur ainsi que la d\u00e9finition des objectifs et [&hellip;]","og_url":"https:\/\/www.1tool.com\/fr\/modules\/organisation-et-service\/evenements\/fonctions-evenements-module\/gestion-des-evenements\/","og_site_name":"1Tool","article_modified_time":"2026-05-07T12:59:11+00:00","twitter_card":"summary_large_image","twitter_misc":{"Dur\u00e9e de lecture estim\u00e9e":"2 minutes"},"schema":{"@context":"https:\/\/schema.org","@graph":[{"@type":"WebPage","@id":"https:\/\/www.1tool.com\/fr\/modules\/organisation-et-service\/evenements\/fonctions-evenements-module\/gestion-des-evenements\/","url":"https:\/\/www.1tool.com\/fr\/modules\/organisation-et-service\/evenements\/fonctions-evenements-module\/gestion-des-evenements\/","name":"Gestion des \u00e9v\u00e9nements - 1Tool","isPartOf":{"@id":"https:\/\/www.1tool.com\/fr\/#website"},"datePublished":"2022-03-31T03:01:16+00:00","dateModified":"2026-05-07T12:59:11+00:00","breadcrumb":{"@id":"https:\/\/www.1tool.com\/fr\/modules\/organisation-et-service\/evenements\/fonctions-evenements-module\/gestion-des-evenements\/#breadcrumb"},"inLanguage":"fr-FR","potentialAction":[{"@type":"ReadAction","target":["https:\/\/www.1tool.com\/fr\/modules\/organisation-et-service\/evenements\/fonctions-evenements-module\/gestion-des-evenements\/"]}]},{"@type":"BreadcrumbList","@id":"https:\/\/www.1tool.com\/fr\/modules\/organisation-et-service\/evenements\/fonctions-evenements-module\/gestion-des-evenements\/#breadcrumb","itemListElement":[{"@type":"ListItem","position":1,"name":"Home","item":"https:\/\/www.1tool.com\/fr\/"},{"@type":"ListItem","position":2,"name":"Modules","item":"https:\/\/www.1tool.com\/fr\/module\/"},{"@type":"ListItem","position":3,"name":"Organisation et service","item":"https:\/\/www.1tool.com\/fr\/modules\/organisation-et-service\/"},{"@type":"ListItem","position":4,"name":"\u00c9v\u00e9nements","item":"https:\/\/www.1tool.com\/fr\/modules\/organisation-et-service\/evenements\/"},{"@type":"ListItem","position":5,"name":"Fonctions \u00c9v\u00e9nements Module","item":"https:\/\/www.1tool.com\/fr\/modules\/organisation-et-service\/evenements\/fonctions-evenements-module\/"},{"@type":"ListItem","position":6,"name":"Gestion des \u00e9v\u00e9nements"}]},{"@type":"WebSite","@id":"https:\/\/www.1tool.com\/fr\/#website","url":"https:\/\/www.1tool.com\/fr\/","name":"1Tool","description":"CRM","publisher":{"@id":"https:\/\/www.1tool.com\/fr\/#organization"},"potentialAction":[{"@type":"SearchAction","target":{"@type":"EntryPoint","urlTemplate":"https:\/\/www.1tool.com\/fr\/?s={search_term_string}"},"query-input":{"@type":"PropertyValueSpecification","valueRequired":true,"valueName":"search_term_string"}}],"inLanguage":"fr-FR"},{"@type":"Organization","@id":"https:\/\/www.1tool.com\/fr\/#organization","name":"1Tool","url":"https:\/\/www.1tool.com\/fr\/","logo":{"@type":"ImageObject","inLanguage":"fr-FR","@id":"https:\/\/www.1tool.com\/fr\/#\/schema\/logo\/image\/","url":"https:\/\/www.1tool.com\/wp-content\/uploads\/2022\/04\/1tool-1.png","contentUrl":"https:\/\/www.1tool.com\/wp-content\/uploads\/2022\/04\/1tool-1.png","width":400,"height":150,"caption":"1Tool"},"image":{"@id":"https:\/\/www.1tool.com\/fr\/#\/schema\/logo\/image\/"}}]}},"_links":{"self":[{"href":"https:\/\/www.1tool.com\/fr\/wp-json\/wp\/v2\/pages\/78790","targetHints":{"allow":["GET"]}}],"collection":[{"href":"https:\/\/www.1tool.com\/fr\/wp-json\/wp\/v2\/pages"}],"about":[{"href":"https:\/\/www.1tool.com\/fr\/wp-json\/wp\/v2\/types\/page"}],"author":[{"embeddable":true,"href":"https:\/\/www.1tool.com\/fr\/wp-json\/wp\/v2\/users\/1"}],"replies":[{"embeddable":true,"href":"https:\/\/www.1tool.com\/fr\/wp-json\/wp\/v2\/comments?post=78790"}],"version-history":[{"count":1,"href":"https:\/\/www.1tool.com\/fr\/wp-json\/wp\/v2\/pages\/78790\/revisions"}],"predecessor-version":[{"id":78791,"href":"https:\/\/www.1tool.com\/fr\/wp-json\/wp\/v2\/pages\/78790\/revisions\/78791"}],"up":[{"embeddable":true,"href":"https:\/\/www.1tool.com\/fr\/wp-json\/wp\/v2\/pages\/79018"}],"wp:attachment":[{"href":"https:\/\/www.1tool.com\/fr\/wp-json\/wp\/v2\/media?parent=78790"}],"curies":[{"name":"wp","href":"https:\/\/api.w.org\/{rel}","templated":true}]}}