{"id":78792,"date":"2022-03-31T04:59:35","date_gmt":"2022-03-31T02:59:35","guid":{"rendered":"https:\/\/www.1tool.com\/gestion-des-participants\/"},"modified":"2026-05-07T14:59:11","modified_gmt":"2026-05-07T12:59:11","slug":"gestion-des-participants","status":"publish","type":"page","link":"https:\/\/www.1tool.com\/fr\/modules\/organisation-et-service\/evenements\/fonctions-evenements-module\/gestion-des-participants\/","title":{"rendered":"Gestion des participants"},"content":{"rendered":"\t\t<div data-elementor-type=\"wp-page\" data-elementor-id=\"78792\" class=\"elementor elementor-78792 elementor-49895\" data-elementor-post-type=\"page\">\n\t\t\t\t\t\t<section class=\"elementor-section elementor-top-section elementor-element elementor-element-5287c3c elementor-section-boxed elementor-section-height-default elementor-section-height-default shadepro-adv-gradient-no shadepro-sticky-no\" data-id=\"5287c3c\" data-element_type=\"section\" data-e-type=\"section\" data-settings=\"{&quot;shadepro_sticky&quot;:&quot;no&quot;}\">\n\t\t\t\t\t\t<div class=\"elementor-container elementor-column-gap-default\">\n\t\t\t\t\t<div class=\"elementor-column elementor-col-100 elementor-top-column elementor-element elementor-element-bcd68c2\" data-id=\"bcd68c2\" data-element_type=\"column\" data-e-type=\"column\">\n\t\t\t<div class=\"elementor-widget-wrap elementor-element-populated\">\n\t\t\t\t\t\t<div class=\"elementor-element elementor-element-bd23daa shadepro-sticky-no elementor-widget elementor-widget-heading\" data-id=\"bd23daa\" data-element_type=\"widget\" data-e-type=\"widget\" data-settings=\"{&quot;shadepro_sticky&quot;:&quot;no&quot;}\" data-widget_type=\"heading.default\">\n\t\t\t\t<div class=\"elementor-widget-container\">\n\t\t\t\t\t<h1 class=\"elementor-heading-title elementor-size-default\">Gestion des participants<\/h1>\t\t\t\t<\/div>\n\t\t\t\t<\/div>\n\t\t\t\t<div class=\"elementor-element elementor-element-d2498fa shadepro-sticky-no elementor-widget elementor-widget-text-editor\" data-id=\"d2498fa\" data-element_type=\"widget\" data-e-type=\"widget\" data-settings=\"{&quot;shadepro_sticky&quot;:&quot;no&quot;}\" data-widget_type=\"text-editor.default\">\n\t\t\t\t<div class=\"elementor-widget-container\">\n\t\t\t\t\t\t\t\t\t<p>Inscription et gestion des participants simplifi\u00e9es avec le logiciel de s\u00e9minaire 1Tool<\/p>\t\t\t\t\t\t\t\t<\/div>\n\t\t\t\t<\/div>\n\t\t\t\t<section class=\"elementor-section elementor-inner-section elementor-element elementor-element-0a4a08c elementor-section-boxed elementor-section-height-default elementor-section-height-default shadepro-adv-gradient-no shadepro-sticky-no\" data-id=\"0a4a08c\" data-element_type=\"section\" data-e-type=\"section\" data-settings=\"{&quot;shadepro_sticky&quot;:&quot;no&quot;}\">\n\t\t\t\t\t\t<div class=\"elementor-container elementor-column-gap-default\">\n\t\t\t\t\t<div class=\"elementor-column elementor-col-100 elementor-inner-column elementor-element elementor-element-f1e6c25\" data-id=\"f1e6c25\" data-element_type=\"column\" data-e-type=\"column\">\n\t\t\t<div class=\"elementor-widget-wrap elementor-element-populated\">\n\t\t\t\t\t\t<div class=\"elementor-element elementor-element-a9a070a shadepro-sticky-no elementor-widget elementor-widget-text-editor\" data-id=\"a9a070a\" data-element_type=\"widget\" data-e-type=\"widget\" data-settings=\"{&quot;shadepro_sticky&quot;:&quot;no&quot;}\" data-widget_type=\"text-editor.default\">\n\t\t\t\t<div class=\"elementor-widget-container\">\n\t\t\t\t\t\t\t\t\t<h3>Inscription en ligne pour la gestion de vos participants<\/h3><p>Chaque s\u00e9minaire ou \u00e9v\u00e9nement que vous cr\u00e9ez dans le 1Tool appara\u00eet automatiquement sur votre site web et offre aux personnes int\u00e9ress\u00e9es un aper\u00e7u optimal des offres de cours et des d\u00e9tails (lieu, p\u00e9riode, co\u00fbts, etc.). Le logiciel de gestion des participants met \u00e0 disposition des formulaires individuels en ligne pour l&#8217;inscription aux cours. Apr\u00e8s l&#8217;envoi de l&#8217;inscription, les donn\u00e9es saisies par le participant au cours sont directement transf\u00e9r\u00e9es dans la gestion des participants du logiciel. Les donn\u00e9es de contact ne sont pas les seules \u00e0 pouvoir \u00eatre consult\u00e9es automatiquement : les listes de participants, d&#8217;attente et d&#8217;annulation sont \u00e9galement disponibles.   <\/p><h4>Un syst\u00e8me de feux tricolores et une liste d&#8217;attente pour garder un \u0153il sur les disponibilit\u00e9s<\/h4><p>Gr\u00e2ce au syst\u00e8me de feux tricolores de notre logiciel de gestion des participants, les clients savent imm\u00e9diatement s&#8217;il reste des places disponibles pour le cours souhait\u00e9. Si l&#8217;acc\u00e8s \u00e0 un cours est limit\u00e9 par un nombre maximal de participants, la couleur rouge appara\u00eet automatiquement \u00e0 c\u00f4t\u00e9 de votre cours lorsque celui-ci est complet. <\/p><p>Mais le logiciel de gestion des participants 1Tool offre \u00e9galement une solution optimale pour les s\u00e9minaires et \u00e9v\u00e9nements complets sous la forme de listes d&#8217;attente. M\u00eame si des personnes annulent leur s\u00e9minaire peu de temps avant le d\u00e9but de la formation, le logiciel de gestion des participants assure un remplissage complet gr\u00e2ce au remplacement automatique et \u00e0 la communication automatis\u00e9e avec les clients. <\/p><h4>Listes des participants, certificats &amp; Co.<\/h4><p>Les fonctions de s\u00e9minaire de 1Tool assurent une gestion optimale des participants avant, pendant et apr\u00e8s l&#8217;\u00e9v\u00e9nement. Il vous suffit d&#8217;appuyer sur un bouton pour g\u00e9n\u00e9rer des listes de participants, des cartes de table, des certificats et bien plus encore ! Gr\u00e2ce aux mod\u00e8les de documents enregistr\u00e9s, vos documents sont toujours conformes \u00e0 votre charte graphique.  <\/p>\t\t\t\t\t\t\t\t<\/div>\n\t\t\t\t<\/div>\n\t\t\t\t\t<\/div>\n\t\t<\/div>\n\t\t\t\t\t<\/div>\n\t\t<\/section>\n\t\t\t\t\t<\/div>\n\t\t<\/div>\n\t\t\t\t\t<\/div>\n\t\t<\/section>\n\t\t\t\t<\/div>\n\t\t","protected":false},"excerpt":{"rendered":"<p>Gestion des participants Inscription et gestion des participants simplifi\u00e9es avec le logiciel de s\u00e9minaire 1Tool Inscription en ligne pour la gestion de vos participants Chaque s\u00e9minaire ou \u00e9v\u00e9nement que vous cr\u00e9ez dans le 1Tool appara\u00eet automatiquement sur votre site web et offre aux personnes int\u00e9ress\u00e9es un aper\u00e7u optimal des offres de cours et des d\u00e9tails [&hellip;]<\/p>\n","protected":false},"author":1,"featured_media":0,"parent":79018,"menu_order":0,"comment_status":"closed","ping_status":"closed","template":"","meta":{"inline_featured_image":false,"footnotes":""},"class_list":["post-78792","page","type-page","status-publish","hentry"],"acf":[],"yoast_head":"<!-- This site is optimized with the Yoast SEO plugin v27.5 - https:\/\/yoast.com\/product\/yoast-seo-wordpress\/ -->\n<title>Gestion des participants - 1Tool<\/title>\n<meta name=\"robots\" content=\"index, follow, max-snippet:-1, max-image-preview:large, max-video-preview:-1\" \/>\n<link rel=\"canonical\" href=\"https:\/\/www.1tool.com\/fr\/modules\/organisation-et-service\/evenements\/fonctions-evenements-module\/gestion-des-participants\/\" \/>\n<meta property=\"og:locale\" content=\"fr_FR\" \/>\n<meta property=\"og:type\" content=\"article\" \/>\n<meta property=\"og:title\" content=\"Gestion des participants - 1Tool\" \/>\n<meta property=\"og:description\" content=\"Gestion des participants Inscription et gestion des participants simplifi\u00e9es avec le logiciel de s\u00e9minaire 1Tool Inscription en ligne pour la gestion de vos participants Chaque s\u00e9minaire ou \u00e9v\u00e9nement que vous cr\u00e9ez dans le 1Tool appara\u00eet automatiquement sur votre site web et offre aux personnes int\u00e9ress\u00e9es un aper\u00e7u optimal des offres de cours et des d\u00e9tails [&hellip;]\" \/>\n<meta property=\"og:url\" content=\"https:\/\/www.1tool.com\/fr\/modules\/organisation-et-service\/evenements\/fonctions-evenements-module\/gestion-des-participants\/\" \/>\n<meta property=\"og:site_name\" content=\"1Tool\" \/>\n<meta property=\"article:modified_time\" content=\"2026-05-07T12:59:11+00:00\" \/>\n<meta name=\"twitter:card\" content=\"summary_large_image\" \/>\n<meta name=\"twitter:label1\" content=\"Dur\u00e9e de lecture estim\u00e9e\" \/>\n\t<meta name=\"twitter:data1\" content=\"2 minutes\" \/>\n<script type=\"application\/ld+json\" class=\"yoast-schema-graph\">{\"@context\":\"https:\\\/\\\/schema.org\",\"@graph\":[{\"@type\":\"WebPage\",\"@id\":\"https:\\\/\\\/www.1tool.com\\\/fr\\\/modules\\\/organisation-et-service\\\/evenements\\\/fonctions-evenements-module\\\/gestion-des-participants\\\/\",\"url\":\"https:\\\/\\\/www.1tool.com\\\/fr\\\/modules\\\/organisation-et-service\\\/evenements\\\/fonctions-evenements-module\\\/gestion-des-participants\\\/\",\"name\":\"Gestion des participants - 1Tool\",\"isPartOf\":{\"@id\":\"https:\\\/\\\/www.1tool.com\\\/fr\\\/#website\"},\"datePublished\":\"2022-03-31T02:59:35+00:00\",\"dateModified\":\"2026-05-07T12:59:11+00:00\",\"breadcrumb\":{\"@id\":\"https:\\\/\\\/www.1tool.com\\\/fr\\\/modules\\\/organisation-et-service\\\/evenements\\\/fonctions-evenements-module\\\/gestion-des-participants\\\/#breadcrumb\"},\"inLanguage\":\"fr-FR\",\"potentialAction\":[{\"@type\":\"ReadAction\",\"target\":[\"https:\\\/\\\/www.1tool.com\\\/fr\\\/modules\\\/organisation-et-service\\\/evenements\\\/fonctions-evenements-module\\\/gestion-des-participants\\\/\"]}]},{\"@type\":\"BreadcrumbList\",\"@id\":\"https:\\\/\\\/www.1tool.com\\\/fr\\\/modules\\\/organisation-et-service\\\/evenements\\\/fonctions-evenements-module\\\/gestion-des-participants\\\/#breadcrumb\",\"itemListElement\":[{\"@type\":\"ListItem\",\"position\":1,\"name\":\"Home\",\"item\":\"https:\\\/\\\/www.1tool.com\\\/fr\\\/\"},{\"@type\":\"ListItem\",\"position\":2,\"name\":\"Modules\",\"item\":\"https:\\\/\\\/www.1tool.com\\\/fr\\\/module\\\/\"},{\"@type\":\"ListItem\",\"position\":3,\"name\":\"Organisation et service\",\"item\":\"https:\\\/\\\/www.1tool.com\\\/fr\\\/modules\\\/organisation-et-service\\\/\"},{\"@type\":\"ListItem\",\"position\":4,\"name\":\"\u00c9v\u00e9nements\",\"item\":\"https:\\\/\\\/www.1tool.com\\\/fr\\\/modules\\\/organisation-et-service\\\/evenements\\\/\"},{\"@type\":\"ListItem\",\"position\":5,\"name\":\"Fonctions \u00c9v\u00e9nements Module\",\"item\":\"https:\\\/\\\/www.1tool.com\\\/fr\\\/modules\\\/organisation-et-service\\\/evenements\\\/fonctions-evenements-module\\\/\"},{\"@type\":\"ListItem\",\"position\":6,\"name\":\"Gestion des participants\"}]},{\"@type\":\"WebSite\",\"@id\":\"https:\\\/\\\/www.1tool.com\\\/fr\\\/#website\",\"url\":\"https:\\\/\\\/www.1tool.com\\\/fr\\\/\",\"name\":\"1Tool\",\"description\":\"CRM\",\"publisher\":{\"@id\":\"https:\\\/\\\/www.1tool.com\\\/fr\\\/#organization\"},\"potentialAction\":[{\"@type\":\"SearchAction\",\"target\":{\"@type\":\"EntryPoint\",\"urlTemplate\":\"https:\\\/\\\/www.1tool.com\\\/fr\\\/?s={search_term_string}\"},\"query-input\":{\"@type\":\"PropertyValueSpecification\",\"valueRequired\":true,\"valueName\":\"search_term_string\"}}],\"inLanguage\":\"fr-FR\"},{\"@type\":\"Organization\",\"@id\":\"https:\\\/\\\/www.1tool.com\\\/fr\\\/#organization\",\"name\":\"1Tool\",\"url\":\"https:\\\/\\\/www.1tool.com\\\/fr\\\/\",\"logo\":{\"@type\":\"ImageObject\",\"inLanguage\":\"fr-FR\",\"@id\":\"https:\\\/\\\/www.1tool.com\\\/fr\\\/#\\\/schema\\\/logo\\\/image\\\/\",\"url\":\"https:\\\/\\\/www.1tool.com\\\/wp-content\\\/uploads\\\/2022\\\/04\\\/1tool-1.png\",\"contentUrl\":\"https:\\\/\\\/www.1tool.com\\\/wp-content\\\/uploads\\\/2022\\\/04\\\/1tool-1.png\",\"width\":400,\"height\":150,\"caption\":\"1Tool\"},\"image\":{\"@id\":\"https:\\\/\\\/www.1tool.com\\\/fr\\\/#\\\/schema\\\/logo\\\/image\\\/\"}}]}<\/script>\n<!-- \/ Yoast SEO plugin. -->","yoast_head_json":{"title":"Gestion des participants - 1Tool","robots":{"index":"index","follow":"follow","max-snippet":"max-snippet:-1","max-image-preview":"max-image-preview:large","max-video-preview":"max-video-preview:-1"},"canonical":"https:\/\/www.1tool.com\/fr\/modules\/organisation-et-service\/evenements\/fonctions-evenements-module\/gestion-des-participants\/","og_locale":"fr_FR","og_type":"article","og_title":"Gestion des participants - 1Tool","og_description":"Gestion des participants Inscription et gestion des participants simplifi\u00e9es avec le logiciel de s\u00e9minaire 1Tool Inscription en ligne pour la gestion de vos participants Chaque s\u00e9minaire ou \u00e9v\u00e9nement que vous cr\u00e9ez dans le 1Tool appara\u00eet automatiquement sur votre site web et offre aux personnes int\u00e9ress\u00e9es un aper\u00e7u optimal des offres de cours et des d\u00e9tails [&hellip;]","og_url":"https:\/\/www.1tool.com\/fr\/modules\/organisation-et-service\/evenements\/fonctions-evenements-module\/gestion-des-participants\/","og_site_name":"1Tool","article_modified_time":"2026-05-07T12:59:11+00:00","twitter_card":"summary_large_image","twitter_misc":{"Dur\u00e9e de lecture estim\u00e9e":"2 minutes"},"schema":{"@context":"https:\/\/schema.org","@graph":[{"@type":"WebPage","@id":"https:\/\/www.1tool.com\/fr\/modules\/organisation-et-service\/evenements\/fonctions-evenements-module\/gestion-des-participants\/","url":"https:\/\/www.1tool.com\/fr\/modules\/organisation-et-service\/evenements\/fonctions-evenements-module\/gestion-des-participants\/","name":"Gestion des participants - 1Tool","isPartOf":{"@id":"https:\/\/www.1tool.com\/fr\/#website"},"datePublished":"2022-03-31T02:59:35+00:00","dateModified":"2026-05-07T12:59:11+00:00","breadcrumb":{"@id":"https:\/\/www.1tool.com\/fr\/modules\/organisation-et-service\/evenements\/fonctions-evenements-module\/gestion-des-participants\/#breadcrumb"},"inLanguage":"fr-FR","potentialAction":[{"@type":"ReadAction","target":["https:\/\/www.1tool.com\/fr\/modules\/organisation-et-service\/evenements\/fonctions-evenements-module\/gestion-des-participants\/"]}]},{"@type":"BreadcrumbList","@id":"https:\/\/www.1tool.com\/fr\/modules\/organisation-et-service\/evenements\/fonctions-evenements-module\/gestion-des-participants\/#breadcrumb","itemListElement":[{"@type":"ListItem","position":1,"name":"Home","item":"https:\/\/www.1tool.com\/fr\/"},{"@type":"ListItem","position":2,"name":"Modules","item":"https:\/\/www.1tool.com\/fr\/module\/"},{"@type":"ListItem","position":3,"name":"Organisation et service","item":"https:\/\/www.1tool.com\/fr\/modules\/organisation-et-service\/"},{"@type":"ListItem","position":4,"name":"\u00c9v\u00e9nements","item":"https:\/\/www.1tool.com\/fr\/modules\/organisation-et-service\/evenements\/"},{"@type":"ListItem","position":5,"name":"Fonctions \u00c9v\u00e9nements Module","item":"https:\/\/www.1tool.com\/fr\/modules\/organisation-et-service\/evenements\/fonctions-evenements-module\/"},{"@type":"ListItem","position":6,"name":"Gestion des participants"}]},{"@type":"WebSite","@id":"https:\/\/www.1tool.com\/fr\/#website","url":"https:\/\/www.1tool.com\/fr\/","name":"1Tool","description":"CRM","publisher":{"@id":"https:\/\/www.1tool.com\/fr\/#organization"},"potentialAction":[{"@type":"SearchAction","target":{"@type":"EntryPoint","urlTemplate":"https:\/\/www.1tool.com\/fr\/?s={search_term_string}"},"query-input":{"@type":"PropertyValueSpecification","valueRequired":true,"valueName":"search_term_string"}}],"inLanguage":"fr-FR"},{"@type":"Organization","@id":"https:\/\/www.1tool.com\/fr\/#organization","name":"1Tool","url":"https:\/\/www.1tool.com\/fr\/","logo":{"@type":"ImageObject","inLanguage":"fr-FR","@id":"https:\/\/www.1tool.com\/fr\/#\/schema\/logo\/image\/","url":"https:\/\/www.1tool.com\/wp-content\/uploads\/2022\/04\/1tool-1.png","contentUrl":"https:\/\/www.1tool.com\/wp-content\/uploads\/2022\/04\/1tool-1.png","width":400,"height":150,"caption":"1Tool"},"image":{"@id":"https:\/\/www.1tool.com\/fr\/#\/schema\/logo\/image\/"}}]}},"_links":{"self":[{"href":"https:\/\/www.1tool.com\/fr\/wp-json\/wp\/v2\/pages\/78792","targetHints":{"allow":["GET"]}}],"collection":[{"href":"https:\/\/www.1tool.com\/fr\/wp-json\/wp\/v2\/pages"}],"about":[{"href":"https:\/\/www.1tool.com\/fr\/wp-json\/wp\/v2\/types\/page"}],"author":[{"embeddable":true,"href":"https:\/\/www.1tool.com\/fr\/wp-json\/wp\/v2\/users\/1"}],"replies":[{"embeddable":true,"href":"https:\/\/www.1tool.com\/fr\/wp-json\/wp\/v2\/comments?post=78792"}],"version-history":[{"count":1,"href":"https:\/\/www.1tool.com\/fr\/wp-json\/wp\/v2\/pages\/78792\/revisions"}],"predecessor-version":[{"id":78793,"href":"https:\/\/www.1tool.com\/fr\/wp-json\/wp\/v2\/pages\/78792\/revisions\/78793"}],"up":[{"embeddable":true,"href":"https:\/\/www.1tool.com\/fr\/wp-json\/wp\/v2\/pages\/79018"}],"wp:attachment":[{"href":"https:\/\/www.1tool.com\/fr\/wp-json\/wp\/v2\/media?parent=78792"}],"curies":[{"name":"wp","href":"https:\/\/api.w.org\/{rel}","templated":true}]}}