{"id":78820,"date":"2022-03-31T04:45:55","date_gmt":"2022-03-31T02:45:55","guid":{"rendered":"https:\/\/www.1tool.com\/rapport-sur-la-gestion-du-temps\/"},"modified":"2026-05-07T14:59:33","modified_gmt":"2026-05-07T12:59:33","slug":"rapport-sur-la-gestion-du-temps","status":"publish","type":"page","link":"https:\/\/www.1tool.com\/fr\/modules\/organisation-et-service\/gestion-du-temps\/fonctions-du-module-de-gestion-du-temps\/rapport-sur-la-gestion-du-temps\/","title":{"rendered":"Rapport sur la gestion du temps"},"content":{"rendered":"\t\t<div data-elementor-type=\"wp-page\" data-elementor-id=\"78820\" class=\"elementor elementor-78820 elementor-49824\" data-elementor-post-type=\"page\">\n\t\t\t\t\t\t<section class=\"elementor-section elementor-top-section elementor-element elementor-element-201fcb9 elementor-section-boxed elementor-section-height-default elementor-section-height-default shadepro-adv-gradient-no shadepro-sticky-no\" data-id=\"201fcb9\" data-element_type=\"section\" data-e-type=\"section\" data-settings=\"{&quot;shadepro_sticky&quot;:&quot;no&quot;}\">\n\t\t\t\t\t\t<div class=\"elementor-container elementor-column-gap-default\">\n\t\t\t\t\t<div class=\"elementor-column elementor-col-100 elementor-top-column elementor-element elementor-element-436fd7f\" data-id=\"436fd7f\" data-element_type=\"column\" data-e-type=\"column\">\n\t\t\t<div class=\"elementor-widget-wrap elementor-element-populated\">\n\t\t\t\t\t\t<div class=\"elementor-element elementor-element-572b506 shadepro-sticky-no elementor-widget elementor-widget-heading\" data-id=\"572b506\" data-element_type=\"widget\" data-e-type=\"widget\" data-settings=\"{&quot;shadepro_sticky&quot;:&quot;no&quot;}\" data-widget_type=\"heading.default\">\n\t\t\t\t<div class=\"elementor-widget-container\">\n\t\t\t\t\t<h1 class=\"elementor-heading-title elementor-size-default\">Rapport sur la gestion du temps<\/h1>\t\t\t\t<\/div>\n\t\t\t\t<\/div>\n\t\t\t\t<div class=\"elementor-element elementor-element-2468406 shadepro-sticky-no elementor-widget elementor-widget-text-editor\" data-id=\"2468406\" data-element_type=\"widget\" data-e-type=\"widget\" data-settings=\"{&quot;shadepro_sticky&quot;:&quot;no&quot;}\" data-widget_type=\"text-editor.default\">\n\t\t\t\t<div class=\"elementor-widget-container\">\n\t\t\t\t\t\t\t\t\t<p>Avec 1Tool, vous pouvez facilement et rapidement \u00e9valuer vos heures de travail, vos heures suppl\u00e9mentaires ou vos heures de repos compensateur en un clic de souris et les consulter dans le rapport de saisie des temps correspondant.<\/p>\t\t\t\t\t\t\t\t<\/div>\n\t\t\t\t<\/div>\n\t\t\t\t<section class=\"elementor-section elementor-inner-section elementor-element elementor-element-9b6339d elementor-section-boxed elementor-section-height-default elementor-section-height-default shadepro-adv-gradient-no shadepro-sticky-no\" data-id=\"9b6339d\" data-element_type=\"section\" data-e-type=\"section\" data-settings=\"{&quot;shadepro_sticky&quot;:&quot;no&quot;}\">\n\t\t\t\t\t\t<div class=\"elementor-container elementor-column-gap-default\">\n\t\t\t\t\t<div class=\"elementor-column elementor-col-100 elementor-inner-column elementor-element elementor-element-9947d84\" data-id=\"9947d84\" data-element_type=\"column\" data-e-type=\"column\">\n\t\t\t<div class=\"elementor-widget-wrap elementor-element-populated\">\n\t\t\t\t\t\t<div class=\"elementor-element elementor-element-da6b9fb shadepro-sticky-no elementor-widget elementor-widget-text-editor\" data-id=\"da6b9fb\" data-element_type=\"widget\" data-e-type=\"widget\" data-settings=\"{&quot;shadepro_sticky&quot;:&quot;no&quot;}\" data-widget_type=\"text-editor.default\">\n\t\t\t\t<div class=\"elementor-widget-container\">\n\t\t\t\t\t\t\t\t\t<h3>\u00c9valuer facilement les temps de travail<\/h3><p>Chaque mois, le logiciel g\u00e9n\u00e8re automatiquement son propre rapport de gestion du temps, ce qui vous permet de voir d&#8217;un coup d&#8217;\u0153il les activit\u00e9s que vous avez effectu\u00e9es au cours du mois et le nombre d&#8217;heures consacr\u00e9es \u00e0 chaque t\u00e2che. Le rapport vous donne \u00e9galement une vue d&#8217;ensemble des jours de cong\u00e9 ou des heures suppl\u00e9mentaires ouverts et nouveaux. Une liste d\u00e9taill\u00e9e des jours du mois vous permet \u00e9galement de voir combien d&#8217;heures vous avez travaill\u00e9 chaque jour.  <\/p><p>L&#8217;analyse est donc possible sur les employ\u00e9s, mais aussi sur les projets\/ordres (supports de co\u00fbts, centres de co\u00fbts), et se fait donc facilement et rapidement avec le 1Tool.<\/p><p><em>En savoir plus sur le 1Tool <strong><a href=\"https:\/\/www.1tool.com\/manual\/zeiterfassung\/zeiterfassungs-bericht\/\" target=\"_blank\" rel=\"noreferrer noopener\">Rapport de gestion du temps<\/a><\/strong><\/em><\/p>\t\t\t\t\t\t\t\t<\/div>\n\t\t\t\t<\/div>\n\t\t\t\t\t<\/div>\n\t\t<\/div>\n\t\t\t\t\t<\/div>\n\t\t<\/section>\n\t\t\t\t\t<\/div>\n\t\t<\/div>\n\t\t\t\t\t<\/div>\n\t\t<\/section>\n\t\t\t\t<\/div>\n\t\t","protected":false},"excerpt":{"rendered":"<p>Rapport sur la gestion du temps Avec 1Tool, vous pouvez facilement et rapidement \u00e9valuer vos heures de travail, vos heures suppl\u00e9mentaires ou vos heures de repos compensateur en un clic de souris et les consulter dans le rapport de saisie des temps correspondant. \u00c9valuer facilement les temps de travail Chaque mois, le logiciel g\u00e9n\u00e8re automatiquement [&hellip;]<\/p>\n","protected":false},"author":1,"featured_media":0,"parent":79054,"menu_order":0,"comment_status":"closed","ping_status":"closed","template":"","meta":{"inline_featured_image":false,"footnotes":""},"class_list":["post-78820","page","type-page","status-publish","hentry"],"acf":[],"yoast_head":"<!-- This site is optimized with the Yoast SEO plugin v27.5 - https:\/\/yoast.com\/product\/yoast-seo-wordpress\/ -->\n<title>Rapport sur la gestion du temps - 1Tool<\/title>\n<meta name=\"robots\" content=\"index, follow, max-snippet:-1, max-image-preview:large, max-video-preview:-1\" \/>\n<link rel=\"canonical\" href=\"https:\/\/www.1tool.com\/fr\/modules\/organisation-et-service\/gestion-du-temps\/fonctions-du-module-de-gestion-du-temps\/rapport-sur-la-gestion-du-temps\/\" \/>\n<meta property=\"og:locale\" content=\"fr_FR\" \/>\n<meta property=\"og:type\" content=\"article\" \/>\n<meta property=\"og:title\" content=\"Rapport sur la gestion du temps - 1Tool\" \/>\n<meta property=\"og:description\" content=\"Rapport sur la gestion du temps Avec 1Tool, vous pouvez facilement et rapidement \u00e9valuer vos heures de travail, vos heures suppl\u00e9mentaires ou vos heures de repos compensateur en un clic de souris et les consulter dans le rapport de saisie des temps correspondant. \u00c9valuer facilement les temps de travail Chaque mois, le logiciel g\u00e9n\u00e8re automatiquement [&hellip;]\" \/>\n<meta property=\"og:url\" content=\"https:\/\/www.1tool.com\/fr\/modules\/organisation-et-service\/gestion-du-temps\/fonctions-du-module-de-gestion-du-temps\/rapport-sur-la-gestion-du-temps\/\" \/>\n<meta property=\"og:site_name\" content=\"1Tool\" \/>\n<meta property=\"article:modified_time\" content=\"2026-05-07T12:59:33+00:00\" \/>\n<meta name=\"twitter:card\" content=\"summary_large_image\" \/>\n<meta name=\"twitter:label1\" content=\"Dur\u00e9e de lecture estim\u00e9e\" \/>\n\t<meta name=\"twitter:data1\" content=\"1 minute\" \/>\n<script type=\"application\/ld+json\" class=\"yoast-schema-graph\">{\"@context\":\"https:\\\/\\\/schema.org\",\"@graph\":[{\"@type\":\"WebPage\",\"@id\":\"https:\\\/\\\/www.1tool.com\\\/fr\\\/modules\\\/organisation-et-service\\\/gestion-du-temps\\\/fonctions-du-module-de-gestion-du-temps\\\/rapport-sur-la-gestion-du-temps\\\/\",\"url\":\"https:\\\/\\\/www.1tool.com\\\/fr\\\/modules\\\/organisation-et-service\\\/gestion-du-temps\\\/fonctions-du-module-de-gestion-du-temps\\\/rapport-sur-la-gestion-du-temps\\\/\",\"name\":\"Rapport sur la gestion du temps - 1Tool\",\"isPartOf\":{\"@id\":\"https:\\\/\\\/www.1tool.com\\\/fr\\\/#website\"},\"datePublished\":\"2022-03-31T02:45:55+00:00\",\"dateModified\":\"2026-05-07T12:59:33+00:00\",\"breadcrumb\":{\"@id\":\"https:\\\/\\\/www.1tool.com\\\/fr\\\/modules\\\/organisation-et-service\\\/gestion-du-temps\\\/fonctions-du-module-de-gestion-du-temps\\\/rapport-sur-la-gestion-du-temps\\\/#breadcrumb\"},\"inLanguage\":\"fr-FR\",\"potentialAction\":[{\"@type\":\"ReadAction\",\"target\":[\"https:\\\/\\\/www.1tool.com\\\/fr\\\/modules\\\/organisation-et-service\\\/gestion-du-temps\\\/fonctions-du-module-de-gestion-du-temps\\\/rapport-sur-la-gestion-du-temps\\\/\"]}]},{\"@type\":\"BreadcrumbList\",\"@id\":\"https:\\\/\\\/www.1tool.com\\\/fr\\\/modules\\\/organisation-et-service\\\/gestion-du-temps\\\/fonctions-du-module-de-gestion-du-temps\\\/rapport-sur-la-gestion-du-temps\\\/#breadcrumb\",\"itemListElement\":[{\"@type\":\"ListItem\",\"position\":1,\"name\":\"Home\",\"item\":\"https:\\\/\\\/www.1tool.com\\\/fr\\\/\"},{\"@type\":\"ListItem\",\"position\":2,\"name\":\"Modules\",\"item\":\"https:\\\/\\\/www.1tool.com\\\/fr\\\/module\\\/\"},{\"@type\":\"ListItem\",\"position\":3,\"name\":\"Organisation et service\",\"item\":\"https:\\\/\\\/www.1tool.com\\\/fr\\\/modules\\\/organisation-et-service\\\/\"},{\"@type\":\"ListItem\",\"position\":4,\"name\":\"Gestion du temps\",\"item\":\"https:\\\/\\\/www.1tool.com\\\/fr\\\/modules\\\/organisation-et-service\\\/gestion-du-temps\\\/\"},{\"@type\":\"ListItem\",\"position\":5,\"name\":\"Fonctions du module de gestion du temps\",\"item\":\"https:\\\/\\\/www.1tool.com\\\/fr\\\/modules\\\/organisation-et-service\\\/gestion-du-temps\\\/fonctions-du-module-de-gestion-du-temps\\\/\"},{\"@type\":\"ListItem\",\"position\":6,\"name\":\"Rapport sur la gestion du temps\"}]},{\"@type\":\"WebSite\",\"@id\":\"https:\\\/\\\/www.1tool.com\\\/fr\\\/#website\",\"url\":\"https:\\\/\\\/www.1tool.com\\\/fr\\\/\",\"name\":\"1Tool\",\"description\":\"CRM\",\"publisher\":{\"@id\":\"https:\\\/\\\/www.1tool.com\\\/fr\\\/#organization\"},\"potentialAction\":[{\"@type\":\"SearchAction\",\"target\":{\"@type\":\"EntryPoint\",\"urlTemplate\":\"https:\\\/\\\/www.1tool.com\\\/fr\\\/?s={search_term_string}\"},\"query-input\":{\"@type\":\"PropertyValueSpecification\",\"valueRequired\":true,\"valueName\":\"search_term_string\"}}],\"inLanguage\":\"fr-FR\"},{\"@type\":\"Organization\",\"@id\":\"https:\\\/\\\/www.1tool.com\\\/fr\\\/#organization\",\"name\":\"1Tool\",\"url\":\"https:\\\/\\\/www.1tool.com\\\/fr\\\/\",\"logo\":{\"@type\":\"ImageObject\",\"inLanguage\":\"fr-FR\",\"@id\":\"https:\\\/\\\/www.1tool.com\\\/fr\\\/#\\\/schema\\\/logo\\\/image\\\/\",\"url\":\"https:\\\/\\\/www.1tool.com\\\/wp-content\\\/uploads\\\/2022\\\/04\\\/1tool-1.png\",\"contentUrl\":\"https:\\\/\\\/www.1tool.com\\\/wp-content\\\/uploads\\\/2022\\\/04\\\/1tool-1.png\",\"width\":400,\"height\":150,\"caption\":\"1Tool\"},\"image\":{\"@id\":\"https:\\\/\\\/www.1tool.com\\\/fr\\\/#\\\/schema\\\/logo\\\/image\\\/\"}}]}<\/script>\n<!-- \/ Yoast SEO plugin. -->","yoast_head_json":{"title":"Rapport sur la gestion du temps - 1Tool","robots":{"index":"index","follow":"follow","max-snippet":"max-snippet:-1","max-image-preview":"max-image-preview:large","max-video-preview":"max-video-preview:-1"},"canonical":"https:\/\/www.1tool.com\/fr\/modules\/organisation-et-service\/gestion-du-temps\/fonctions-du-module-de-gestion-du-temps\/rapport-sur-la-gestion-du-temps\/","og_locale":"fr_FR","og_type":"article","og_title":"Rapport sur la gestion du temps - 1Tool","og_description":"Rapport sur la gestion du temps Avec 1Tool, vous pouvez facilement et rapidement \u00e9valuer vos heures de travail, vos heures suppl\u00e9mentaires ou vos heures de repos compensateur en un clic de souris et les consulter dans le rapport de saisie des temps correspondant. \u00c9valuer facilement les temps de travail Chaque mois, le logiciel g\u00e9n\u00e8re automatiquement [&hellip;]","og_url":"https:\/\/www.1tool.com\/fr\/modules\/organisation-et-service\/gestion-du-temps\/fonctions-du-module-de-gestion-du-temps\/rapport-sur-la-gestion-du-temps\/","og_site_name":"1Tool","article_modified_time":"2026-05-07T12:59:33+00:00","twitter_card":"summary_large_image","twitter_misc":{"Dur\u00e9e de lecture estim\u00e9e":"1 minute"},"schema":{"@context":"https:\/\/schema.org","@graph":[{"@type":"WebPage","@id":"https:\/\/www.1tool.com\/fr\/modules\/organisation-et-service\/gestion-du-temps\/fonctions-du-module-de-gestion-du-temps\/rapport-sur-la-gestion-du-temps\/","url":"https:\/\/www.1tool.com\/fr\/modules\/organisation-et-service\/gestion-du-temps\/fonctions-du-module-de-gestion-du-temps\/rapport-sur-la-gestion-du-temps\/","name":"Rapport sur la gestion du temps - 1Tool","isPartOf":{"@id":"https:\/\/www.1tool.com\/fr\/#website"},"datePublished":"2022-03-31T02:45:55+00:00","dateModified":"2026-05-07T12:59:33+00:00","breadcrumb":{"@id":"https:\/\/www.1tool.com\/fr\/modules\/organisation-et-service\/gestion-du-temps\/fonctions-du-module-de-gestion-du-temps\/rapport-sur-la-gestion-du-temps\/#breadcrumb"},"inLanguage":"fr-FR","potentialAction":[{"@type":"ReadAction","target":["https:\/\/www.1tool.com\/fr\/modules\/organisation-et-service\/gestion-du-temps\/fonctions-du-module-de-gestion-du-temps\/rapport-sur-la-gestion-du-temps\/"]}]},{"@type":"BreadcrumbList","@id":"https:\/\/www.1tool.com\/fr\/modules\/organisation-et-service\/gestion-du-temps\/fonctions-du-module-de-gestion-du-temps\/rapport-sur-la-gestion-du-temps\/#breadcrumb","itemListElement":[{"@type":"ListItem","position":1,"name":"Home","item":"https:\/\/www.1tool.com\/fr\/"},{"@type":"ListItem","position":2,"name":"Modules","item":"https:\/\/www.1tool.com\/fr\/module\/"},{"@type":"ListItem","position":3,"name":"Organisation et service","item":"https:\/\/www.1tool.com\/fr\/modules\/organisation-et-service\/"},{"@type":"ListItem","position":4,"name":"Gestion du temps","item":"https:\/\/www.1tool.com\/fr\/modules\/organisation-et-service\/gestion-du-temps\/"},{"@type":"ListItem","position":5,"name":"Fonctions du module de gestion du temps","item":"https:\/\/www.1tool.com\/fr\/modules\/organisation-et-service\/gestion-du-temps\/fonctions-du-module-de-gestion-du-temps\/"},{"@type":"ListItem","position":6,"name":"Rapport sur la gestion du temps"}]},{"@type":"WebSite","@id":"https:\/\/www.1tool.com\/fr\/#website","url":"https:\/\/www.1tool.com\/fr\/","name":"1Tool","description":"CRM","publisher":{"@id":"https:\/\/www.1tool.com\/fr\/#organization"},"potentialAction":[{"@type":"SearchAction","target":{"@type":"EntryPoint","urlTemplate":"https:\/\/www.1tool.com\/fr\/?s={search_term_string}"},"query-input":{"@type":"PropertyValueSpecification","valueRequired":true,"valueName":"search_term_string"}}],"inLanguage":"fr-FR"},{"@type":"Organization","@id":"https:\/\/www.1tool.com\/fr\/#organization","name":"1Tool","url":"https:\/\/www.1tool.com\/fr\/","logo":{"@type":"ImageObject","inLanguage":"fr-FR","@id":"https:\/\/www.1tool.com\/fr\/#\/schema\/logo\/image\/","url":"https:\/\/www.1tool.com\/wp-content\/uploads\/2022\/04\/1tool-1.png","contentUrl":"https:\/\/www.1tool.com\/wp-content\/uploads\/2022\/04\/1tool-1.png","width":400,"height":150,"caption":"1Tool"},"image":{"@id":"https:\/\/www.1tool.com\/fr\/#\/schema\/logo\/image\/"}}]}},"_links":{"self":[{"href":"https:\/\/www.1tool.com\/fr\/wp-json\/wp\/v2\/pages\/78820","targetHints":{"allow":["GET"]}}],"collection":[{"href":"https:\/\/www.1tool.com\/fr\/wp-json\/wp\/v2\/pages"}],"about":[{"href":"https:\/\/www.1tool.com\/fr\/wp-json\/wp\/v2\/types\/page"}],"author":[{"embeddable":true,"href":"https:\/\/www.1tool.com\/fr\/wp-json\/wp\/v2\/users\/1"}],"replies":[{"embeddable":true,"href":"https:\/\/www.1tool.com\/fr\/wp-json\/wp\/v2\/comments?post=78820"}],"version-history":[{"count":1,"href":"https:\/\/www.1tool.com\/fr\/wp-json\/wp\/v2\/pages\/78820\/revisions"}],"predecessor-version":[{"id":78822,"href":"https:\/\/www.1tool.com\/fr\/wp-json\/wp\/v2\/pages\/78820\/revisions\/78822"}],"up":[{"embeddable":true,"href":"https:\/\/www.1tool.com\/fr\/wp-json\/wp\/v2\/pages\/79054"}],"wp:attachment":[{"href":"https:\/\/www.1tool.com\/fr\/wp-json\/wp\/v2\/media?parent=78820"}],"curies":[{"name":"wp","href":"https:\/\/api.w.org\/{rel}","templated":true}]}}