{"id":78824,"date":"2022-03-31T04:43:47","date_gmt":"2022-03-31T02:43:47","guid":{"rendered":"https:\/\/www.1tool.com\/saisir-les-temps\/"},"modified":"2026-05-07T14:59:33","modified_gmt":"2026-05-07T12:59:33","slug":"saisir-les-temps","status":"publish","type":"page","link":"https:\/\/www.1tool.com\/fr\/modules\/organisation-et-service\/gestion-du-temps\/fonctions-du-module-de-gestion-du-temps\/saisir-les-temps\/","title":{"rendered":"Saisir les temps"},"content":{"rendered":"\t\t<div data-elementor-type=\"wp-page\" data-elementor-id=\"78824\" class=\"elementor elementor-78824 elementor-49804\" data-elementor-post-type=\"page\">\n\t\t\t\t\t\t<section class=\"elementor-section elementor-top-section elementor-element elementor-element-f00d929 elementor-section-boxed elementor-section-height-default elementor-section-height-default shadepro-adv-gradient-no shadepro-sticky-no\" data-id=\"f00d929\" data-element_type=\"section\" data-e-type=\"section\" data-settings=\"{&quot;shadepro_sticky&quot;:&quot;no&quot;}\">\n\t\t\t\t\t\t<div class=\"elementor-container elementor-column-gap-default\">\n\t\t\t\t\t<div class=\"elementor-column elementor-col-100 elementor-top-column elementor-element elementor-element-6effd8a\" data-id=\"6effd8a\" data-element_type=\"column\" data-e-type=\"column\">\n\t\t\t<div class=\"elementor-widget-wrap elementor-element-populated\">\n\t\t\t\t\t\t<div class=\"elementor-element elementor-element-bac5c84 shadepro-sticky-no elementor-widget elementor-widget-heading\" data-id=\"bac5c84\" data-element_type=\"widget\" data-e-type=\"widget\" data-settings=\"{&quot;shadepro_sticky&quot;:&quot;no&quot;}\" data-widget_type=\"heading.default\">\n\t\t\t\t<div class=\"elementor-widget-container\">\n\t\t\t\t\t<h1 class=\"elementor-heading-title elementor-size-default\">Saisir les temps<\/h1>\t\t\t\t<\/div>\n\t\t\t\t<\/div>\n\t\t\t\t<div class=\"elementor-element elementor-element-81527aa shadepro-sticky-no elementor-widget elementor-widget-text-editor\" data-id=\"81527aa\" data-element_type=\"widget\" data-e-type=\"widget\" data-settings=\"{&quot;shadepro_sticky&quot;:&quot;no&quot;}\" data-widget_type=\"text-editor.default\">\n\t\t\t\t<div class=\"elementor-widget-container\">\n\t\t\t\t\t\t\t\t\t<p>L&#8217;outil de gestion du temps 1Tool prend en charge l&#8217;enregistrement pr\u00e9cis des heures de travail et le contr\u00f4le des projets.<\/p>\t\t\t\t\t\t\t\t<\/div>\n\t\t\t\t<\/div>\n\t\t\t\t<section class=\"elementor-section elementor-inner-section elementor-element elementor-element-8711ef7 elementor-section-boxed elementor-section-height-default elementor-section-height-default shadepro-adv-gradient-no shadepro-sticky-no\" data-id=\"8711ef7\" data-element_type=\"section\" data-e-type=\"section\" data-settings=\"{&quot;shadepro_sticky&quot;:&quot;no&quot;}\">\n\t\t\t\t\t\t<div class=\"elementor-container elementor-column-gap-default\">\n\t\t\t\t\t<div class=\"elementor-column elementor-col-100 elementor-inner-column elementor-element elementor-element-e0a31fc\" data-id=\"e0a31fc\" data-element_type=\"column\" data-e-type=\"column\">\n\t\t\t<div class=\"elementor-widget-wrap elementor-element-populated\">\n\t\t\t\t\t\t<div class=\"elementor-element elementor-element-36223ca shadepro-sticky-no elementor-widget elementor-widget-text-editor\" data-id=\"36223ca\" data-element_type=\"widget\" data-e-type=\"widget\" data-settings=\"{&quot;shadepro_sticky&quot;:&quot;no&quot;}\" data-widget_type=\"text-editor.default\">\n\t\t\t\t<div class=\"elementor-widget-container\">\n\t\t\t\t\t\t\t\t\t<h3>Aper\u00e7u des horaires de travail<\/h3><p>Le module de gestion du temps bas\u00e9 sur le web est facile \u00e0 utiliser et tr\u00e8s flexible. Les heures peuvent \u00eatre imput\u00e9es \u00e0 des projets, des clients ou des contacts. Chaque employ\u00e9 a toujours une vue d&#8217;ensemble des heures qu&#8217;il a effectu\u00e9es.  <\/p><p>Le grand avantage de notre module de gestion du temps est son int\u00e9gration dans la solution compl\u00e8te 1Tool CRM. Le module de saisie des temps vous fournit des informations importantes et constitue donc une base indispensable pour le calcul des co\u00fbts et le contr\u00f4le de gestion. La saisie et l&#8217;analyse des temps sont enti\u00e8rement bas\u00e9es sur le web.  <\/p><h4><strong>Fonctionnalit\u00e9s du module de gestion du temps 1Tool :<\/strong><\/h4><ul><li>Enregistrement automatique des heures de d\u00e9but et de fin des employ\u00e9s<\/li><li>Affectation des temps aux projets et aux clients<\/li><li>Enregistrement des absences telles que vacances, maladie, visite m\u00e9dicale<\/li><li>Protocole d&#8217;enregistrement pour chaque employ\u00e9<\/li><li>Protocole des heures (\u00e9valuation par employ\u00e9\/projet) envoy\u00e9 quotidiennement par e-mail (au contr\u00f4le de gestion\/\u00e0 la direction, etc.)<\/li><\/ul><p>Les diff\u00e9rentes fonctions de saisie des temps vous sont expliqu\u00e9es plus en d\u00e9tail dans notre vid\u00e9o ici !<\/p><p><em>Pour savoir quelles fonctions sont disponibles dans 1Tool Gestion du temps, <strong><a href=\"https:\/\/www.1tool.com\/manual\/zeiterfassung\/\" target=\"_blank\" rel=\"noreferrer noopener\">cliquez ici<\/a><\/strong><\/em>.<\/p>\t\t\t\t\t\t\t\t<\/div>\n\t\t\t\t<\/div>\n\t\t\t\t\t<\/div>\n\t\t<\/div>\n\t\t\t\t\t<\/div>\n\t\t<\/section>\n\t\t\t\t\t<\/div>\n\t\t<\/div>\n\t\t\t\t\t<\/div>\n\t\t<\/section>\n\t\t\t\t<\/div>\n\t\t","protected":false},"excerpt":{"rendered":"<p>Saisir les temps L&#8217;outil de gestion du temps 1Tool prend en charge l&#8217;enregistrement pr\u00e9cis des heures de travail et le contr\u00f4le des projets. Aper\u00e7u des horaires de travail Le module de gestion du temps bas\u00e9 sur le web est facile \u00e0 utiliser et tr\u00e8s flexible. Les heures peuvent \u00eatre imput\u00e9es \u00e0 des projets, des clients [&hellip;]<\/p>\n","protected":false},"author":1,"featured_media":0,"parent":79054,"menu_order":0,"comment_status":"closed","ping_status":"closed","template":"","meta":{"inline_featured_image":false,"footnotes":""},"class_list":["post-78824","page","type-page","status-publish","hentry"],"acf":[],"yoast_head":"<!-- This site is optimized with the Yoast SEO plugin v27.5 - https:\/\/yoast.com\/product\/yoast-seo-wordpress\/ -->\n<title>Saisir les temps - 1Tool<\/title>\n<meta name=\"robots\" content=\"index, follow, max-snippet:-1, max-image-preview:large, max-video-preview:-1\" \/>\n<link rel=\"canonical\" href=\"https:\/\/www.1tool.com\/fr\/modules\/organisation-et-service\/gestion-du-temps\/fonctions-du-module-de-gestion-du-temps\/saisir-les-temps\/\" \/>\n<meta property=\"og:locale\" content=\"fr_FR\" \/>\n<meta property=\"og:type\" content=\"article\" \/>\n<meta property=\"og:title\" content=\"Saisir les temps - 1Tool\" \/>\n<meta property=\"og:description\" content=\"Saisir les temps L&#8217;outil de gestion du temps 1Tool prend en charge l&#8217;enregistrement pr\u00e9cis des heures de travail et le contr\u00f4le des projets. Aper\u00e7u des horaires de travail Le module de gestion du temps bas\u00e9 sur le web est facile \u00e0 utiliser et tr\u00e8s flexible. Les heures peuvent \u00eatre imput\u00e9es \u00e0 des projets, des clients [&hellip;]\" \/>\n<meta property=\"og:url\" content=\"https:\/\/www.1tool.com\/fr\/modules\/organisation-et-service\/gestion-du-temps\/fonctions-du-module-de-gestion-du-temps\/saisir-les-temps\/\" \/>\n<meta property=\"og:site_name\" content=\"1Tool\" \/>\n<meta property=\"article:modified_time\" content=\"2026-05-07T12:59:33+00:00\" \/>\n<meta name=\"twitter:card\" content=\"summary_large_image\" \/>\n<meta name=\"twitter:label1\" content=\"Dur\u00e9e de lecture estim\u00e9e\" \/>\n\t<meta name=\"twitter:data1\" content=\"1 minute\" \/>\n<script type=\"application\/ld+json\" class=\"yoast-schema-graph\">{\"@context\":\"https:\\\/\\\/schema.org\",\"@graph\":[{\"@type\":\"WebPage\",\"@id\":\"https:\\\/\\\/www.1tool.com\\\/fr\\\/modules\\\/organisation-et-service\\\/gestion-du-temps\\\/fonctions-du-module-de-gestion-du-temps\\\/saisir-les-temps\\\/\",\"url\":\"https:\\\/\\\/www.1tool.com\\\/fr\\\/modules\\\/organisation-et-service\\\/gestion-du-temps\\\/fonctions-du-module-de-gestion-du-temps\\\/saisir-les-temps\\\/\",\"name\":\"Saisir les temps - 1Tool\",\"isPartOf\":{\"@id\":\"https:\\\/\\\/www.1tool.com\\\/fr\\\/#website\"},\"datePublished\":\"2022-03-31T02:43:47+00:00\",\"dateModified\":\"2026-05-07T12:59:33+00:00\",\"breadcrumb\":{\"@id\":\"https:\\\/\\\/www.1tool.com\\\/fr\\\/modules\\\/organisation-et-service\\\/gestion-du-temps\\\/fonctions-du-module-de-gestion-du-temps\\\/saisir-les-temps\\\/#breadcrumb\"},\"inLanguage\":\"fr-FR\",\"potentialAction\":[{\"@type\":\"ReadAction\",\"target\":[\"https:\\\/\\\/www.1tool.com\\\/fr\\\/modules\\\/organisation-et-service\\\/gestion-du-temps\\\/fonctions-du-module-de-gestion-du-temps\\\/saisir-les-temps\\\/\"]}]},{\"@type\":\"BreadcrumbList\",\"@id\":\"https:\\\/\\\/www.1tool.com\\\/fr\\\/modules\\\/organisation-et-service\\\/gestion-du-temps\\\/fonctions-du-module-de-gestion-du-temps\\\/saisir-les-temps\\\/#breadcrumb\",\"itemListElement\":[{\"@type\":\"ListItem\",\"position\":1,\"name\":\"Home\",\"item\":\"https:\\\/\\\/www.1tool.com\\\/fr\\\/\"},{\"@type\":\"ListItem\",\"position\":2,\"name\":\"Modules\",\"item\":\"https:\\\/\\\/www.1tool.com\\\/fr\\\/module\\\/\"},{\"@type\":\"ListItem\",\"position\":3,\"name\":\"Organisation et service\",\"item\":\"https:\\\/\\\/www.1tool.com\\\/fr\\\/modules\\\/organisation-et-service\\\/\"},{\"@type\":\"ListItem\",\"position\":4,\"name\":\"Gestion du temps\",\"item\":\"https:\\\/\\\/www.1tool.com\\\/fr\\\/modules\\\/organisation-et-service\\\/gestion-du-temps\\\/\"},{\"@type\":\"ListItem\",\"position\":5,\"name\":\"Fonctions du module de gestion du temps\",\"item\":\"https:\\\/\\\/www.1tool.com\\\/fr\\\/modules\\\/organisation-et-service\\\/gestion-du-temps\\\/fonctions-du-module-de-gestion-du-temps\\\/\"},{\"@type\":\"ListItem\",\"position\":6,\"name\":\"Saisir les temps\"}]},{\"@type\":\"WebSite\",\"@id\":\"https:\\\/\\\/www.1tool.com\\\/fr\\\/#website\",\"url\":\"https:\\\/\\\/www.1tool.com\\\/fr\\\/\",\"name\":\"1Tool\",\"description\":\"CRM\",\"publisher\":{\"@id\":\"https:\\\/\\\/www.1tool.com\\\/fr\\\/#organization\"},\"potentialAction\":[{\"@type\":\"SearchAction\",\"target\":{\"@type\":\"EntryPoint\",\"urlTemplate\":\"https:\\\/\\\/www.1tool.com\\\/fr\\\/?s={search_term_string}\"},\"query-input\":{\"@type\":\"PropertyValueSpecification\",\"valueRequired\":true,\"valueName\":\"search_term_string\"}}],\"inLanguage\":\"fr-FR\"},{\"@type\":\"Organization\",\"@id\":\"https:\\\/\\\/www.1tool.com\\\/fr\\\/#organization\",\"name\":\"1Tool\",\"url\":\"https:\\\/\\\/www.1tool.com\\\/fr\\\/\",\"logo\":{\"@type\":\"ImageObject\",\"inLanguage\":\"fr-FR\",\"@id\":\"https:\\\/\\\/www.1tool.com\\\/fr\\\/#\\\/schema\\\/logo\\\/image\\\/\",\"url\":\"https:\\\/\\\/www.1tool.com\\\/wp-content\\\/uploads\\\/2022\\\/04\\\/1tool-1.png\",\"contentUrl\":\"https:\\\/\\\/www.1tool.com\\\/wp-content\\\/uploads\\\/2022\\\/04\\\/1tool-1.png\",\"width\":400,\"height\":150,\"caption\":\"1Tool\"},\"image\":{\"@id\":\"https:\\\/\\\/www.1tool.com\\\/fr\\\/#\\\/schema\\\/logo\\\/image\\\/\"}}]}<\/script>\n<!-- \/ Yoast SEO plugin. -->","yoast_head_json":{"title":"Saisir les temps - 1Tool","robots":{"index":"index","follow":"follow","max-snippet":"max-snippet:-1","max-image-preview":"max-image-preview:large","max-video-preview":"max-video-preview:-1"},"canonical":"https:\/\/www.1tool.com\/fr\/modules\/organisation-et-service\/gestion-du-temps\/fonctions-du-module-de-gestion-du-temps\/saisir-les-temps\/","og_locale":"fr_FR","og_type":"article","og_title":"Saisir les temps - 1Tool","og_description":"Saisir les temps L&#8217;outil de gestion du temps 1Tool prend en charge l&#8217;enregistrement pr\u00e9cis des heures de travail et le contr\u00f4le des projets. Aper\u00e7u des horaires de travail Le module de gestion du temps bas\u00e9 sur le web est facile \u00e0 utiliser et tr\u00e8s flexible. Les heures peuvent \u00eatre imput\u00e9es \u00e0 des projets, des clients [&hellip;]","og_url":"https:\/\/www.1tool.com\/fr\/modules\/organisation-et-service\/gestion-du-temps\/fonctions-du-module-de-gestion-du-temps\/saisir-les-temps\/","og_site_name":"1Tool","article_modified_time":"2026-05-07T12:59:33+00:00","twitter_card":"summary_large_image","twitter_misc":{"Dur\u00e9e de lecture estim\u00e9e":"1 minute"},"schema":{"@context":"https:\/\/schema.org","@graph":[{"@type":"WebPage","@id":"https:\/\/www.1tool.com\/fr\/modules\/organisation-et-service\/gestion-du-temps\/fonctions-du-module-de-gestion-du-temps\/saisir-les-temps\/","url":"https:\/\/www.1tool.com\/fr\/modules\/organisation-et-service\/gestion-du-temps\/fonctions-du-module-de-gestion-du-temps\/saisir-les-temps\/","name":"Saisir les temps - 1Tool","isPartOf":{"@id":"https:\/\/www.1tool.com\/fr\/#website"},"datePublished":"2022-03-31T02:43:47+00:00","dateModified":"2026-05-07T12:59:33+00:00","breadcrumb":{"@id":"https:\/\/www.1tool.com\/fr\/modules\/organisation-et-service\/gestion-du-temps\/fonctions-du-module-de-gestion-du-temps\/saisir-les-temps\/#breadcrumb"},"inLanguage":"fr-FR","potentialAction":[{"@type":"ReadAction","target":["https:\/\/www.1tool.com\/fr\/modules\/organisation-et-service\/gestion-du-temps\/fonctions-du-module-de-gestion-du-temps\/saisir-les-temps\/"]}]},{"@type":"BreadcrumbList","@id":"https:\/\/www.1tool.com\/fr\/modules\/organisation-et-service\/gestion-du-temps\/fonctions-du-module-de-gestion-du-temps\/saisir-les-temps\/#breadcrumb","itemListElement":[{"@type":"ListItem","position":1,"name":"Home","item":"https:\/\/www.1tool.com\/fr\/"},{"@type":"ListItem","position":2,"name":"Modules","item":"https:\/\/www.1tool.com\/fr\/module\/"},{"@type":"ListItem","position":3,"name":"Organisation et service","item":"https:\/\/www.1tool.com\/fr\/modules\/organisation-et-service\/"},{"@type":"ListItem","position":4,"name":"Gestion du temps","item":"https:\/\/www.1tool.com\/fr\/modules\/organisation-et-service\/gestion-du-temps\/"},{"@type":"ListItem","position":5,"name":"Fonctions du module de gestion du temps","item":"https:\/\/www.1tool.com\/fr\/modules\/organisation-et-service\/gestion-du-temps\/fonctions-du-module-de-gestion-du-temps\/"},{"@type":"ListItem","position":6,"name":"Saisir les temps"}]},{"@type":"WebSite","@id":"https:\/\/www.1tool.com\/fr\/#website","url":"https:\/\/www.1tool.com\/fr\/","name":"1Tool","description":"CRM","publisher":{"@id":"https:\/\/www.1tool.com\/fr\/#organization"},"potentialAction":[{"@type":"SearchAction","target":{"@type":"EntryPoint","urlTemplate":"https:\/\/www.1tool.com\/fr\/?s={search_term_string}"},"query-input":{"@type":"PropertyValueSpecification","valueRequired":true,"valueName":"search_term_string"}}],"inLanguage":"fr-FR"},{"@type":"Organization","@id":"https:\/\/www.1tool.com\/fr\/#organization","name":"1Tool","url":"https:\/\/www.1tool.com\/fr\/","logo":{"@type":"ImageObject","inLanguage":"fr-FR","@id":"https:\/\/www.1tool.com\/fr\/#\/schema\/logo\/image\/","url":"https:\/\/www.1tool.com\/wp-content\/uploads\/2022\/04\/1tool-1.png","contentUrl":"https:\/\/www.1tool.com\/wp-content\/uploads\/2022\/04\/1tool-1.png","width":400,"height":150,"caption":"1Tool"},"image":{"@id":"https:\/\/www.1tool.com\/fr\/#\/schema\/logo\/image\/"}}]}},"_links":{"self":[{"href":"https:\/\/www.1tool.com\/fr\/wp-json\/wp\/v2\/pages\/78824","targetHints":{"allow":["GET"]}}],"collection":[{"href":"https:\/\/www.1tool.com\/fr\/wp-json\/wp\/v2\/pages"}],"about":[{"href":"https:\/\/www.1tool.com\/fr\/wp-json\/wp\/v2\/types\/page"}],"author":[{"embeddable":true,"href":"https:\/\/www.1tool.com\/fr\/wp-json\/wp\/v2\/users\/1"}],"replies":[{"embeddable":true,"href":"https:\/\/www.1tool.com\/fr\/wp-json\/wp\/v2\/comments?post=78824"}],"version-history":[{"count":1,"href":"https:\/\/www.1tool.com\/fr\/wp-json\/wp\/v2\/pages\/78824\/revisions"}],"predecessor-version":[{"id":78825,"href":"https:\/\/www.1tool.com\/fr\/wp-json\/wp\/v2\/pages\/78824\/revisions\/78825"}],"up":[{"embeddable":true,"href":"https:\/\/www.1tool.com\/fr\/wp-json\/wp\/v2\/pages\/79054"}],"wp:attachment":[{"href":"https:\/\/www.1tool.com\/fr\/wp-json\/wp\/v2\/media?parent=78824"}],"curies":[{"name":"wp","href":"https:\/\/api.w.org\/{rel}","templated":true}]}}