{"id":78827,"date":"2022-03-31T04:42:05","date_gmt":"2022-03-31T02:42:05","guid":{"rendered":"https:\/\/www.1tool.com\/rapport-quotidien-par-e-mail\/"},"modified":"2026-05-07T14:59:33","modified_gmt":"2026-05-07T12:59:33","slug":"rapport-quotidien-par-e-mail","status":"publish","type":"page","link":"https:\/\/www.1tool.com\/fr\/modules\/organisation-et-service\/gestion-du-temps\/fonctions-du-module-de-gestion-du-temps\/rapport-quotidien-par-e-mail\/","title":{"rendered":"Rapport quotidien par e-mail"},"content":{"rendered":"\t\t<div data-elementor-type=\"wp-page\" data-elementor-id=\"78827\" class=\"elementor elementor-78827 elementor-49790\" data-elementor-post-type=\"page\">\n\t\t\t\t\t\t<section class=\"elementor-section elementor-top-section elementor-element elementor-element-a52cc39 elementor-section-boxed elementor-section-height-default elementor-section-height-default shadepro-adv-gradient-no shadepro-sticky-no\" data-id=\"a52cc39\" data-element_type=\"section\" data-e-type=\"section\" data-settings=\"{&quot;shadepro_sticky&quot;:&quot;no&quot;}\">\n\t\t\t\t\t\t<div class=\"elementor-container elementor-column-gap-default\">\n\t\t\t\t\t<div class=\"elementor-column elementor-col-100 elementor-top-column elementor-element elementor-element-305bf1e\" data-id=\"305bf1e\" data-element_type=\"column\" data-e-type=\"column\">\n\t\t\t<div class=\"elementor-widget-wrap elementor-element-populated\">\n\t\t\t\t\t\t<div class=\"elementor-element elementor-element-35d9fb4 shadepro-sticky-no elementor-widget elementor-widget-heading\" data-id=\"35d9fb4\" data-element_type=\"widget\" data-e-type=\"widget\" data-settings=\"{&quot;shadepro_sticky&quot;:&quot;no&quot;}\" data-widget_type=\"heading.default\">\n\t\t\t\t<div class=\"elementor-widget-container\">\n\t\t\t\t\t<h1 class=\"elementor-heading-title elementor-size-default\">Rapport quotidien par e-mail<\/h1>\t\t\t\t<\/div>\n\t\t\t\t<\/div>\n\t\t\t\t<div class=\"elementor-element elementor-element-9e8f7f3 shadepro-sticky-no elementor-widget elementor-widget-text-editor\" data-id=\"9e8f7f3\" data-element_type=\"widget\" data-e-type=\"widget\" data-settings=\"{&quot;shadepro_sticky&quot;:&quot;no&quot;}\" data-widget_type=\"text-editor.default\">\n\t\t\t\t<div class=\"elementor-widget-container\">\n\t\t\t\t\t\t\t\t\t<p>Pour garder une trace des heures de travail des employ\u00e9s en tant que directeur, chef de service, etc., il est possible de cr\u00e9er un rapport quotidien par e-mail et de l&#8217;envoyer via 1Tool.<\/p>\t\t\t\t\t\t\t\t<\/div>\n\t\t\t\t<\/div>\n\t\t\t\t<section class=\"elementor-section elementor-inner-section elementor-element elementor-element-bed5342 elementor-section-boxed elementor-section-height-default elementor-section-height-default shadepro-adv-gradient-no shadepro-sticky-no\" data-id=\"bed5342\" data-element_type=\"section\" data-e-type=\"section\" data-settings=\"{&quot;shadepro_sticky&quot;:&quot;no&quot;}\">\n\t\t\t\t\t\t<div class=\"elementor-container elementor-column-gap-default\">\n\t\t\t\t\t<div class=\"elementor-column elementor-col-100 elementor-inner-column elementor-element elementor-element-5d3228f\" data-id=\"5d3228f\" data-element_type=\"column\" data-e-type=\"column\">\n\t\t\t<div class=\"elementor-widget-wrap elementor-element-populated\">\n\t\t\t\t\t\t<div class=\"elementor-element elementor-element-4994735 shadepro-sticky-no elementor-widget elementor-widget-text-editor\" data-id=\"4994735\" data-element_type=\"widget\" data-e-type=\"widget\" data-settings=\"{&quot;shadepro_sticky&quot;:&quot;no&quot;}\" data-widget_type=\"text-editor.default\">\n\t\t\t\t<div class=\"elementor-widget-container\">\n\t\t\t\t\t\t\t\t\t<h3><strong>Les heures de travail quotidiennes en un coup d&#8217;\u0153il<\/strong><\/h3><p>Un e-mail est envoy\u00e9 chaque jour pour \u00e9valuer les temps de chaque employ\u00e9. Les destinataires de cet e-mail peuvent \u00eatre d\u00e9finis individuellement (direction, contr\u00f4le de gestion, service du personnel, etc.) Cet e-mail donne un aper\u00e7u rapide de ce sur quoi les employ\u00e9s travaillent actuellement et indique \u00e9galement si un employ\u00e9 n&#8217;a pas fait d&#8217;entr\u00e9e dans le module de saisie des temps.  <\/p>\t\t\t\t\t\t\t\t<\/div>\n\t\t\t\t<\/div>\n\t\t\t\t\t<\/div>\n\t\t<\/div>\n\t\t\t\t\t<\/div>\n\t\t<\/section>\n\t\t\t\t\t<\/div>\n\t\t<\/div>\n\t\t\t\t\t<\/div>\n\t\t<\/section>\n\t\t\t\t<\/div>\n\t\t","protected":false},"excerpt":{"rendered":"<p>Rapport quotidien par e-mail Pour garder une trace des heures de travail des employ\u00e9s en tant que directeur, chef de service, etc., il est possible de cr\u00e9er un rapport quotidien par e-mail et de l&#8217;envoyer via 1Tool. Les heures de travail quotidiennes en un coup d&#8217;\u0153il Un e-mail est envoy\u00e9 chaque jour pour \u00e9valuer les [&hellip;]<\/p>\n","protected":false},"author":1,"featured_media":0,"parent":79054,"menu_order":0,"comment_status":"closed","ping_status":"closed","template":"","meta":{"inline_featured_image":false,"footnotes":""},"class_list":["post-78827","page","type-page","status-publish","hentry"],"acf":[],"yoast_head":"<!-- This site is optimized with the Yoast SEO plugin v27.5 - https:\/\/yoast.com\/product\/yoast-seo-wordpress\/ -->\n<title>Rapport quotidien par e-mail - 1Tool<\/title>\n<meta name=\"robots\" content=\"index, follow, max-snippet:-1, max-image-preview:large, max-video-preview:-1\" \/>\n<link rel=\"canonical\" href=\"https:\/\/www.1tool.com\/fr\/modules\/organisation-et-service\/gestion-du-temps\/fonctions-du-module-de-gestion-du-temps\/rapport-quotidien-par-e-mail\/\" \/>\n<meta property=\"og:locale\" content=\"fr_FR\" \/>\n<meta property=\"og:type\" content=\"article\" \/>\n<meta property=\"og:title\" content=\"Rapport quotidien par e-mail - 1Tool\" \/>\n<meta property=\"og:description\" content=\"Rapport quotidien par e-mail Pour garder une trace des heures de travail des employ\u00e9s en tant que directeur, chef de service, etc., il est possible de cr\u00e9er un rapport quotidien par e-mail et de l&#8217;envoyer via 1Tool. Les heures de travail quotidiennes en un coup d&#8217;\u0153il Un e-mail est envoy\u00e9 chaque jour pour \u00e9valuer les [&hellip;]\" \/>\n<meta property=\"og:url\" content=\"https:\/\/www.1tool.com\/fr\/modules\/organisation-et-service\/gestion-du-temps\/fonctions-du-module-de-gestion-du-temps\/rapport-quotidien-par-e-mail\/\" \/>\n<meta property=\"og:site_name\" content=\"1Tool\" \/>\n<meta property=\"article:modified_time\" content=\"2026-05-07T12:59:33+00:00\" \/>\n<meta name=\"twitter:card\" content=\"summary_large_image\" \/>\n<meta name=\"twitter:label1\" content=\"Dur\u00e9e de lecture estim\u00e9e\" \/>\n\t<meta name=\"twitter:data1\" content=\"1 minute\" \/>\n<script type=\"application\/ld+json\" class=\"yoast-schema-graph\">{\"@context\":\"https:\\\/\\\/schema.org\",\"@graph\":[{\"@type\":\"WebPage\",\"@id\":\"https:\\\/\\\/www.1tool.com\\\/fr\\\/modules\\\/organisation-et-service\\\/gestion-du-temps\\\/fonctions-du-module-de-gestion-du-temps\\\/rapport-quotidien-par-e-mail\\\/\",\"url\":\"https:\\\/\\\/www.1tool.com\\\/fr\\\/modules\\\/organisation-et-service\\\/gestion-du-temps\\\/fonctions-du-module-de-gestion-du-temps\\\/rapport-quotidien-par-e-mail\\\/\",\"name\":\"Rapport quotidien par e-mail - 1Tool\",\"isPartOf\":{\"@id\":\"https:\\\/\\\/www.1tool.com\\\/fr\\\/#website\"},\"datePublished\":\"2022-03-31T02:42:05+00:00\",\"dateModified\":\"2026-05-07T12:59:33+00:00\",\"breadcrumb\":{\"@id\":\"https:\\\/\\\/www.1tool.com\\\/fr\\\/modules\\\/organisation-et-service\\\/gestion-du-temps\\\/fonctions-du-module-de-gestion-du-temps\\\/rapport-quotidien-par-e-mail\\\/#breadcrumb\"},\"inLanguage\":\"fr-FR\",\"potentialAction\":[{\"@type\":\"ReadAction\",\"target\":[\"https:\\\/\\\/www.1tool.com\\\/fr\\\/modules\\\/organisation-et-service\\\/gestion-du-temps\\\/fonctions-du-module-de-gestion-du-temps\\\/rapport-quotidien-par-e-mail\\\/\"]}]},{\"@type\":\"BreadcrumbList\",\"@id\":\"https:\\\/\\\/www.1tool.com\\\/fr\\\/modules\\\/organisation-et-service\\\/gestion-du-temps\\\/fonctions-du-module-de-gestion-du-temps\\\/rapport-quotidien-par-e-mail\\\/#breadcrumb\",\"itemListElement\":[{\"@type\":\"ListItem\",\"position\":1,\"name\":\"Home\",\"item\":\"https:\\\/\\\/www.1tool.com\\\/fr\\\/\"},{\"@type\":\"ListItem\",\"position\":2,\"name\":\"Modules\",\"item\":\"https:\\\/\\\/www.1tool.com\\\/fr\\\/module\\\/\"},{\"@type\":\"ListItem\",\"position\":3,\"name\":\"Organisation et service\",\"item\":\"https:\\\/\\\/www.1tool.com\\\/fr\\\/modules\\\/organisation-et-service\\\/\"},{\"@type\":\"ListItem\",\"position\":4,\"name\":\"Gestion du temps\",\"item\":\"https:\\\/\\\/www.1tool.com\\\/fr\\\/modules\\\/organisation-et-service\\\/gestion-du-temps\\\/\"},{\"@type\":\"ListItem\",\"position\":5,\"name\":\"Fonctions du module de gestion du temps\",\"item\":\"https:\\\/\\\/www.1tool.com\\\/fr\\\/modules\\\/organisation-et-service\\\/gestion-du-temps\\\/fonctions-du-module-de-gestion-du-temps\\\/\"},{\"@type\":\"ListItem\",\"position\":6,\"name\":\"Rapport quotidien par e-mail\"}]},{\"@type\":\"WebSite\",\"@id\":\"https:\\\/\\\/www.1tool.com\\\/fr\\\/#website\",\"url\":\"https:\\\/\\\/www.1tool.com\\\/fr\\\/\",\"name\":\"1Tool\",\"description\":\"CRM\",\"publisher\":{\"@id\":\"https:\\\/\\\/www.1tool.com\\\/fr\\\/#organization\"},\"potentialAction\":[{\"@type\":\"SearchAction\",\"target\":{\"@type\":\"EntryPoint\",\"urlTemplate\":\"https:\\\/\\\/www.1tool.com\\\/fr\\\/?s={search_term_string}\"},\"query-input\":{\"@type\":\"PropertyValueSpecification\",\"valueRequired\":true,\"valueName\":\"search_term_string\"}}],\"inLanguage\":\"fr-FR\"},{\"@type\":\"Organization\",\"@id\":\"https:\\\/\\\/www.1tool.com\\\/fr\\\/#organization\",\"name\":\"1Tool\",\"url\":\"https:\\\/\\\/www.1tool.com\\\/fr\\\/\",\"logo\":{\"@type\":\"ImageObject\",\"inLanguage\":\"fr-FR\",\"@id\":\"https:\\\/\\\/www.1tool.com\\\/fr\\\/#\\\/schema\\\/logo\\\/image\\\/\",\"url\":\"https:\\\/\\\/www.1tool.com\\\/wp-content\\\/uploads\\\/2022\\\/04\\\/1tool-1.png\",\"contentUrl\":\"https:\\\/\\\/www.1tool.com\\\/wp-content\\\/uploads\\\/2022\\\/04\\\/1tool-1.png\",\"width\":400,\"height\":150,\"caption\":\"1Tool\"},\"image\":{\"@id\":\"https:\\\/\\\/www.1tool.com\\\/fr\\\/#\\\/schema\\\/logo\\\/image\\\/\"}}]}<\/script>\n<!-- \/ Yoast SEO plugin. -->","yoast_head_json":{"title":"Rapport quotidien par e-mail - 1Tool","robots":{"index":"index","follow":"follow","max-snippet":"max-snippet:-1","max-image-preview":"max-image-preview:large","max-video-preview":"max-video-preview:-1"},"canonical":"https:\/\/www.1tool.com\/fr\/modules\/organisation-et-service\/gestion-du-temps\/fonctions-du-module-de-gestion-du-temps\/rapport-quotidien-par-e-mail\/","og_locale":"fr_FR","og_type":"article","og_title":"Rapport quotidien par e-mail - 1Tool","og_description":"Rapport quotidien par e-mail Pour garder une trace des heures de travail des employ\u00e9s en tant que directeur, chef de service, etc., il est possible de cr\u00e9er un rapport quotidien par e-mail et de l&#8217;envoyer via 1Tool. Les heures de travail quotidiennes en un coup d&#8217;\u0153il Un e-mail est envoy\u00e9 chaque jour pour \u00e9valuer les [&hellip;]","og_url":"https:\/\/www.1tool.com\/fr\/modules\/organisation-et-service\/gestion-du-temps\/fonctions-du-module-de-gestion-du-temps\/rapport-quotidien-par-e-mail\/","og_site_name":"1Tool","article_modified_time":"2026-05-07T12:59:33+00:00","twitter_card":"summary_large_image","twitter_misc":{"Dur\u00e9e de lecture estim\u00e9e":"1 minute"},"schema":{"@context":"https:\/\/schema.org","@graph":[{"@type":"WebPage","@id":"https:\/\/www.1tool.com\/fr\/modules\/organisation-et-service\/gestion-du-temps\/fonctions-du-module-de-gestion-du-temps\/rapport-quotidien-par-e-mail\/","url":"https:\/\/www.1tool.com\/fr\/modules\/organisation-et-service\/gestion-du-temps\/fonctions-du-module-de-gestion-du-temps\/rapport-quotidien-par-e-mail\/","name":"Rapport quotidien par e-mail - 1Tool","isPartOf":{"@id":"https:\/\/www.1tool.com\/fr\/#website"},"datePublished":"2022-03-31T02:42:05+00:00","dateModified":"2026-05-07T12:59:33+00:00","breadcrumb":{"@id":"https:\/\/www.1tool.com\/fr\/modules\/organisation-et-service\/gestion-du-temps\/fonctions-du-module-de-gestion-du-temps\/rapport-quotidien-par-e-mail\/#breadcrumb"},"inLanguage":"fr-FR","potentialAction":[{"@type":"ReadAction","target":["https:\/\/www.1tool.com\/fr\/modules\/organisation-et-service\/gestion-du-temps\/fonctions-du-module-de-gestion-du-temps\/rapport-quotidien-par-e-mail\/"]}]},{"@type":"BreadcrumbList","@id":"https:\/\/www.1tool.com\/fr\/modules\/organisation-et-service\/gestion-du-temps\/fonctions-du-module-de-gestion-du-temps\/rapport-quotidien-par-e-mail\/#breadcrumb","itemListElement":[{"@type":"ListItem","position":1,"name":"Home","item":"https:\/\/www.1tool.com\/fr\/"},{"@type":"ListItem","position":2,"name":"Modules","item":"https:\/\/www.1tool.com\/fr\/module\/"},{"@type":"ListItem","position":3,"name":"Organisation et service","item":"https:\/\/www.1tool.com\/fr\/modules\/organisation-et-service\/"},{"@type":"ListItem","position":4,"name":"Gestion du temps","item":"https:\/\/www.1tool.com\/fr\/modules\/organisation-et-service\/gestion-du-temps\/"},{"@type":"ListItem","position":5,"name":"Fonctions du module de gestion du temps","item":"https:\/\/www.1tool.com\/fr\/modules\/organisation-et-service\/gestion-du-temps\/fonctions-du-module-de-gestion-du-temps\/"},{"@type":"ListItem","position":6,"name":"Rapport quotidien par e-mail"}]},{"@type":"WebSite","@id":"https:\/\/www.1tool.com\/fr\/#website","url":"https:\/\/www.1tool.com\/fr\/","name":"1Tool","description":"CRM","publisher":{"@id":"https:\/\/www.1tool.com\/fr\/#organization"},"potentialAction":[{"@type":"SearchAction","target":{"@type":"EntryPoint","urlTemplate":"https:\/\/www.1tool.com\/fr\/?s={search_term_string}"},"query-input":{"@type":"PropertyValueSpecification","valueRequired":true,"valueName":"search_term_string"}}],"inLanguage":"fr-FR"},{"@type":"Organization","@id":"https:\/\/www.1tool.com\/fr\/#organization","name":"1Tool","url":"https:\/\/www.1tool.com\/fr\/","logo":{"@type":"ImageObject","inLanguage":"fr-FR","@id":"https:\/\/www.1tool.com\/fr\/#\/schema\/logo\/image\/","url":"https:\/\/www.1tool.com\/wp-content\/uploads\/2022\/04\/1tool-1.png","contentUrl":"https:\/\/www.1tool.com\/wp-content\/uploads\/2022\/04\/1tool-1.png","width":400,"height":150,"caption":"1Tool"},"image":{"@id":"https:\/\/www.1tool.com\/fr\/#\/schema\/logo\/image\/"}}]}},"_links":{"self":[{"href":"https:\/\/www.1tool.com\/fr\/wp-json\/wp\/v2\/pages\/78827","targetHints":{"allow":["GET"]}}],"collection":[{"href":"https:\/\/www.1tool.com\/fr\/wp-json\/wp\/v2\/pages"}],"about":[{"href":"https:\/\/www.1tool.com\/fr\/wp-json\/wp\/v2\/types\/page"}],"author":[{"embeddable":true,"href":"https:\/\/www.1tool.com\/fr\/wp-json\/wp\/v2\/users\/1"}],"replies":[{"embeddable":true,"href":"https:\/\/www.1tool.com\/fr\/wp-json\/wp\/v2\/comments?post=78827"}],"version-history":[{"count":1,"href":"https:\/\/www.1tool.com\/fr\/wp-json\/wp\/v2\/pages\/78827\/revisions"}],"predecessor-version":[{"id":78833,"href":"https:\/\/www.1tool.com\/fr\/wp-json\/wp\/v2\/pages\/78827\/revisions\/78833"}],"up":[{"embeddable":true,"href":"https:\/\/www.1tool.com\/fr\/wp-json\/wp\/v2\/pages\/79054"}],"wp:attachment":[{"href":"https:\/\/www.1tool.com\/fr\/wp-json\/wp\/v2\/media?parent=78827"}],"curies":[{"name":"wp","href":"https:\/\/api.w.org\/{rel}","templated":true}]}}