{"id":78841,"date":"2022-03-31T04:51:28","date_gmt":"2022-03-31T02:51:28","guid":{"rendered":"https:\/\/www.1tool.com\/lettre-dinformation-de-rappel-et-sms-de-rappel\/"},"modified":"2026-05-07T14:59:09","modified_gmt":"2026-05-07T12:59:09","slug":"lettre-dinformation-de-rappel-et-sms-de-rappel","status":"publish","type":"page","link":"https:\/\/www.1tool.com\/fr\/modules\/organisation-et-service\/evenements\/fonctions-evenements-module\/lettre-dinformation-de-rappel-et-sms-de-rappel\/","title":{"rendered":"Lettre d&#8217;information de rappel et SMS de rappel"},"content":{"rendered":"\t\t<div data-elementor-type=\"wp-page\" data-elementor-id=\"78841\" class=\"elementor elementor-78841 elementor-49854\" data-elementor-post-type=\"page\">\n\t\t\t\t\t\t<section class=\"elementor-section elementor-top-section elementor-element elementor-element-f18ca96 elementor-section-boxed elementor-section-height-default elementor-section-height-default shadepro-adv-gradient-no shadepro-sticky-no\" data-id=\"f18ca96\" data-element_type=\"section\" data-e-type=\"section\" data-settings=\"{&quot;shadepro_sticky&quot;:&quot;no&quot;}\">\n\t\t\t\t\t\t<div class=\"elementor-container elementor-column-gap-default\">\n\t\t\t\t\t<div class=\"elementor-column elementor-col-100 elementor-top-column elementor-element elementor-element-e32f3db\" data-id=\"e32f3db\" data-element_type=\"column\" data-e-type=\"column\">\n\t\t\t<div class=\"elementor-widget-wrap elementor-element-populated\">\n\t\t\t\t\t\t<div class=\"elementor-element elementor-element-415602a shadepro-sticky-no elementor-widget elementor-widget-heading\" data-id=\"415602a\" data-element_type=\"widget\" data-e-type=\"widget\" data-settings=\"{&quot;shadepro_sticky&quot;:&quot;no&quot;}\" data-widget_type=\"heading.default\">\n\t\t\t\t<div class=\"elementor-widget-container\">\n\t\t\t\t\t<h1 class=\"elementor-heading-title elementor-size-default\">Lettre d'information de rappel et SMS de rappel<\/h1>\t\t\t\t<\/div>\n\t\t\t\t<\/div>\n\t\t\t\t<div class=\"elementor-element elementor-element-d37f74e shadepro-sticky-no elementor-widget elementor-widget-text-editor\" data-id=\"d37f74e\" data-element_type=\"widget\" data-e-type=\"widget\" data-settings=\"{&quot;shadepro_sticky&quot;:&quot;no&quot;}\" data-widget_type=\"text-editor.default\">\n\t\t\t\t<div class=\"elementor-widget-container\">\n\t\t\t\t\t\t\t\t\t<p>Pour que vos participants se sentent pris en charge de mani\u00e8re optimale et ne manquent pas votre cours, vous avez la possibilit\u00e9 d&#8217;envoyer directement via 1Tool des newsletters de rappel ou des SMS pour votre s\u00e9minaire.<\/p>\t\t\t\t\t\t\t\t<\/div>\n\t\t\t\t<\/div>\n\t\t\t\t<section class=\"elementor-section elementor-inner-section elementor-element elementor-element-3d2e0d5 elementor-section-boxed elementor-section-height-default elementor-section-height-default shadepro-adv-gradient-no shadepro-sticky-no\" data-id=\"3d2e0d5\" data-element_type=\"section\" data-e-type=\"section\" data-settings=\"{&quot;shadepro_sticky&quot;:&quot;no&quot;}\">\n\t\t\t\t\t\t<div class=\"elementor-container elementor-column-gap-default\">\n\t\t\t\t\t<div class=\"elementor-column elementor-col-100 elementor-inner-column elementor-element elementor-element-7d98812\" data-id=\"7d98812\" data-element_type=\"column\" data-e-type=\"column\">\n\t\t\t<div class=\"elementor-widget-wrap elementor-element-populated\">\n\t\t\t\t\t\t<div class=\"elementor-element elementor-element-3a4bcef shadepro-sticky-no elementor-widget elementor-widget-text-editor\" data-id=\"3a4bcef\" data-element_type=\"widget\" data-e-type=\"widget\" data-settings=\"{&quot;shadepro_sticky&quot;:&quot;no&quot;}\" data-widget_type=\"text-editor.default\">\n\t\t\t\t<div class=\"elementor-widget-container\">\n\t\t\t\t\t\t\t\t\t<h3>Une communication optimale avec les \u00e9tudiants<\/h3><p>Dans 1Tool, l&#8217;envoi programm\u00e9 de newsletters et de SMS n&#8217;est pas un grand d\u00e9fi. Il vous suffit de cr\u00e9er un message, de choisir l&#8217;heure et la date d&#8217;envoi et de rappeler \u00e0 vos \u00e9tudiants que votre s\u00e9minaire aura lieu quelques jours avant le d\u00e9but de la formation. Vos clients potentiels se sentiront ainsi parfaitement inform\u00e9s et ne manqueront aucun de vos cours !  <\/p>\t\t\t\t\t\t\t\t<\/div>\n\t\t\t\t<\/div>\n\t\t\t\t\t<\/div>\n\t\t<\/div>\n\t\t\t\t\t<\/div>\n\t\t<\/section>\n\t\t\t\t\t<\/div>\n\t\t<\/div>\n\t\t\t\t\t<\/div>\n\t\t<\/section>\n\t\t\t\t<\/div>\n\t\t","protected":false},"excerpt":{"rendered":"<p>Lettre d&#8217;information de rappel et SMS de rappel Pour que vos participants se sentent pris en charge de mani\u00e8re optimale et ne manquent pas votre cours, vous avez la possibilit\u00e9 d&#8217;envoyer directement via 1Tool des newsletters de rappel ou des SMS pour votre s\u00e9minaire. Une communication optimale avec les \u00e9tudiants Dans 1Tool, l&#8217;envoi programm\u00e9 de [&hellip;]<\/p>\n","protected":false},"author":1,"featured_media":0,"parent":79018,"menu_order":0,"comment_status":"closed","ping_status":"closed","template":"","meta":{"inline_featured_image":false,"footnotes":""},"class_list":["post-78841","page","type-page","status-publish","hentry"],"acf":[],"yoast_head":"<!-- This site is optimized with the Yoast SEO plugin v27.5 - https:\/\/yoast.com\/product\/yoast-seo-wordpress\/ -->\n<title>Lettre d&#039;information de rappel et SMS de rappel - 1Tool<\/title>\n<meta name=\"robots\" content=\"index, follow, max-snippet:-1, max-image-preview:large, max-video-preview:-1\" \/>\n<link rel=\"canonical\" href=\"https:\/\/www.1tool.com\/fr\/modules\/organisation-et-service\/evenements\/fonctions-evenements-module\/lettre-dinformation-de-rappel-et-sms-de-rappel\/\" \/>\n<meta property=\"og:locale\" content=\"fr_FR\" \/>\n<meta property=\"og:type\" content=\"article\" \/>\n<meta property=\"og:title\" content=\"Lettre d&#039;information de rappel et SMS de rappel - 1Tool\" \/>\n<meta property=\"og:description\" content=\"Lettre d&#8217;information de rappel et SMS de rappel Pour que vos participants se sentent pris en charge de mani\u00e8re optimale et ne manquent pas votre cours, vous avez la possibilit\u00e9 d&#8217;envoyer directement via 1Tool des newsletters de rappel ou des SMS pour votre s\u00e9minaire. Une communication optimale avec les \u00e9tudiants Dans 1Tool, l&#8217;envoi programm\u00e9 de [&hellip;]\" \/>\n<meta property=\"og:url\" content=\"https:\/\/www.1tool.com\/fr\/modules\/organisation-et-service\/evenements\/fonctions-evenements-module\/lettre-dinformation-de-rappel-et-sms-de-rappel\/\" \/>\n<meta property=\"og:site_name\" content=\"1Tool\" \/>\n<meta property=\"article:modified_time\" content=\"2026-05-07T12:59:09+00:00\" \/>\n<meta name=\"twitter:card\" content=\"summary_large_image\" \/>\n<meta name=\"twitter:label1\" content=\"Dur\u00e9e de lecture estim\u00e9e\" \/>\n\t<meta name=\"twitter:data1\" content=\"1 minute\" \/>\n<script type=\"application\/ld+json\" class=\"yoast-schema-graph\">{\"@context\":\"https:\\\/\\\/schema.org\",\"@graph\":[{\"@type\":\"WebPage\",\"@id\":\"https:\\\/\\\/www.1tool.com\\\/fr\\\/modules\\\/organisation-et-service\\\/evenements\\\/fonctions-evenements-module\\\/lettre-dinformation-de-rappel-et-sms-de-rappel\\\/\",\"url\":\"https:\\\/\\\/www.1tool.com\\\/fr\\\/modules\\\/organisation-et-service\\\/evenements\\\/fonctions-evenements-module\\\/lettre-dinformation-de-rappel-et-sms-de-rappel\\\/\",\"name\":\"Lettre d'information de rappel et SMS de rappel - 1Tool\",\"isPartOf\":{\"@id\":\"https:\\\/\\\/www.1tool.com\\\/fr\\\/#website\"},\"datePublished\":\"2022-03-31T02:51:28+00:00\",\"dateModified\":\"2026-05-07T12:59:09+00:00\",\"breadcrumb\":{\"@id\":\"https:\\\/\\\/www.1tool.com\\\/fr\\\/modules\\\/organisation-et-service\\\/evenements\\\/fonctions-evenements-module\\\/lettre-dinformation-de-rappel-et-sms-de-rappel\\\/#breadcrumb\"},\"inLanguage\":\"fr-FR\",\"potentialAction\":[{\"@type\":\"ReadAction\",\"target\":[\"https:\\\/\\\/www.1tool.com\\\/fr\\\/modules\\\/organisation-et-service\\\/evenements\\\/fonctions-evenements-module\\\/lettre-dinformation-de-rappel-et-sms-de-rappel\\\/\"]}]},{\"@type\":\"BreadcrumbList\",\"@id\":\"https:\\\/\\\/www.1tool.com\\\/fr\\\/modules\\\/organisation-et-service\\\/evenements\\\/fonctions-evenements-module\\\/lettre-dinformation-de-rappel-et-sms-de-rappel\\\/#breadcrumb\",\"itemListElement\":[{\"@type\":\"ListItem\",\"position\":1,\"name\":\"Home\",\"item\":\"https:\\\/\\\/www.1tool.com\\\/fr\\\/\"},{\"@type\":\"ListItem\",\"position\":2,\"name\":\"Modules\",\"item\":\"https:\\\/\\\/www.1tool.com\\\/fr\\\/module\\\/\"},{\"@type\":\"ListItem\",\"position\":3,\"name\":\"Organisation et service\",\"item\":\"https:\\\/\\\/www.1tool.com\\\/fr\\\/modules\\\/organisation-et-service\\\/\"},{\"@type\":\"ListItem\",\"position\":4,\"name\":\"\u00c9v\u00e9nements\",\"item\":\"https:\\\/\\\/www.1tool.com\\\/fr\\\/modules\\\/organisation-et-service\\\/evenements\\\/\"},{\"@type\":\"ListItem\",\"position\":5,\"name\":\"Fonctions \u00c9v\u00e9nements Module\",\"item\":\"https:\\\/\\\/www.1tool.com\\\/fr\\\/modules\\\/organisation-et-service\\\/evenements\\\/fonctions-evenements-module\\\/\"},{\"@type\":\"ListItem\",\"position\":6,\"name\":\"Lettre d&#8217;information de rappel et SMS de rappel\"}]},{\"@type\":\"WebSite\",\"@id\":\"https:\\\/\\\/www.1tool.com\\\/fr\\\/#website\",\"url\":\"https:\\\/\\\/www.1tool.com\\\/fr\\\/\",\"name\":\"1Tool\",\"description\":\"CRM\",\"publisher\":{\"@id\":\"https:\\\/\\\/www.1tool.com\\\/fr\\\/#organization\"},\"potentialAction\":[{\"@type\":\"SearchAction\",\"target\":{\"@type\":\"EntryPoint\",\"urlTemplate\":\"https:\\\/\\\/www.1tool.com\\\/fr\\\/?s={search_term_string}\"},\"query-input\":{\"@type\":\"PropertyValueSpecification\",\"valueRequired\":true,\"valueName\":\"search_term_string\"}}],\"inLanguage\":\"fr-FR\"},{\"@type\":\"Organization\",\"@id\":\"https:\\\/\\\/www.1tool.com\\\/fr\\\/#organization\",\"name\":\"1Tool\",\"url\":\"https:\\\/\\\/www.1tool.com\\\/fr\\\/\",\"logo\":{\"@type\":\"ImageObject\",\"inLanguage\":\"fr-FR\",\"@id\":\"https:\\\/\\\/www.1tool.com\\\/fr\\\/#\\\/schema\\\/logo\\\/image\\\/\",\"url\":\"https:\\\/\\\/www.1tool.com\\\/wp-content\\\/uploads\\\/2022\\\/04\\\/1tool-1.png\",\"contentUrl\":\"https:\\\/\\\/www.1tool.com\\\/wp-content\\\/uploads\\\/2022\\\/04\\\/1tool-1.png\",\"width\":400,\"height\":150,\"caption\":\"1Tool\"},\"image\":{\"@id\":\"https:\\\/\\\/www.1tool.com\\\/fr\\\/#\\\/schema\\\/logo\\\/image\\\/\"}}]}<\/script>\n<!-- \/ Yoast SEO plugin. -->","yoast_head_json":{"title":"Lettre d'information de rappel et SMS de rappel - 1Tool","robots":{"index":"index","follow":"follow","max-snippet":"max-snippet:-1","max-image-preview":"max-image-preview:large","max-video-preview":"max-video-preview:-1"},"canonical":"https:\/\/www.1tool.com\/fr\/modules\/organisation-et-service\/evenements\/fonctions-evenements-module\/lettre-dinformation-de-rappel-et-sms-de-rappel\/","og_locale":"fr_FR","og_type":"article","og_title":"Lettre d'information de rappel et SMS de rappel - 1Tool","og_description":"Lettre d&#8217;information de rappel et SMS de rappel Pour que vos participants se sentent pris en charge de mani\u00e8re optimale et ne manquent pas votre cours, vous avez la possibilit\u00e9 d&#8217;envoyer directement via 1Tool des newsletters de rappel ou des SMS pour votre s\u00e9minaire. Une communication optimale avec les \u00e9tudiants Dans 1Tool, l&#8217;envoi programm\u00e9 de [&hellip;]","og_url":"https:\/\/www.1tool.com\/fr\/modules\/organisation-et-service\/evenements\/fonctions-evenements-module\/lettre-dinformation-de-rappel-et-sms-de-rappel\/","og_site_name":"1Tool","article_modified_time":"2026-05-07T12:59:09+00:00","twitter_card":"summary_large_image","twitter_misc":{"Dur\u00e9e de lecture estim\u00e9e":"1 minute"},"schema":{"@context":"https:\/\/schema.org","@graph":[{"@type":"WebPage","@id":"https:\/\/www.1tool.com\/fr\/modules\/organisation-et-service\/evenements\/fonctions-evenements-module\/lettre-dinformation-de-rappel-et-sms-de-rappel\/","url":"https:\/\/www.1tool.com\/fr\/modules\/organisation-et-service\/evenements\/fonctions-evenements-module\/lettre-dinformation-de-rappel-et-sms-de-rappel\/","name":"Lettre d'information de rappel et SMS de rappel - 1Tool","isPartOf":{"@id":"https:\/\/www.1tool.com\/fr\/#website"},"datePublished":"2022-03-31T02:51:28+00:00","dateModified":"2026-05-07T12:59:09+00:00","breadcrumb":{"@id":"https:\/\/www.1tool.com\/fr\/modules\/organisation-et-service\/evenements\/fonctions-evenements-module\/lettre-dinformation-de-rappel-et-sms-de-rappel\/#breadcrumb"},"inLanguage":"fr-FR","potentialAction":[{"@type":"ReadAction","target":["https:\/\/www.1tool.com\/fr\/modules\/organisation-et-service\/evenements\/fonctions-evenements-module\/lettre-dinformation-de-rappel-et-sms-de-rappel\/"]}]},{"@type":"BreadcrumbList","@id":"https:\/\/www.1tool.com\/fr\/modules\/organisation-et-service\/evenements\/fonctions-evenements-module\/lettre-dinformation-de-rappel-et-sms-de-rappel\/#breadcrumb","itemListElement":[{"@type":"ListItem","position":1,"name":"Home","item":"https:\/\/www.1tool.com\/fr\/"},{"@type":"ListItem","position":2,"name":"Modules","item":"https:\/\/www.1tool.com\/fr\/module\/"},{"@type":"ListItem","position":3,"name":"Organisation et service","item":"https:\/\/www.1tool.com\/fr\/modules\/organisation-et-service\/"},{"@type":"ListItem","position":4,"name":"\u00c9v\u00e9nements","item":"https:\/\/www.1tool.com\/fr\/modules\/organisation-et-service\/evenements\/"},{"@type":"ListItem","position":5,"name":"Fonctions \u00c9v\u00e9nements Module","item":"https:\/\/www.1tool.com\/fr\/modules\/organisation-et-service\/evenements\/fonctions-evenements-module\/"},{"@type":"ListItem","position":6,"name":"Lettre d&#8217;information de rappel et SMS de rappel"}]},{"@type":"WebSite","@id":"https:\/\/www.1tool.com\/fr\/#website","url":"https:\/\/www.1tool.com\/fr\/","name":"1Tool","description":"CRM","publisher":{"@id":"https:\/\/www.1tool.com\/fr\/#organization"},"potentialAction":[{"@type":"SearchAction","target":{"@type":"EntryPoint","urlTemplate":"https:\/\/www.1tool.com\/fr\/?s={search_term_string}"},"query-input":{"@type":"PropertyValueSpecification","valueRequired":true,"valueName":"search_term_string"}}],"inLanguage":"fr-FR"},{"@type":"Organization","@id":"https:\/\/www.1tool.com\/fr\/#organization","name":"1Tool","url":"https:\/\/www.1tool.com\/fr\/","logo":{"@type":"ImageObject","inLanguage":"fr-FR","@id":"https:\/\/www.1tool.com\/fr\/#\/schema\/logo\/image\/","url":"https:\/\/www.1tool.com\/wp-content\/uploads\/2022\/04\/1tool-1.png","contentUrl":"https:\/\/www.1tool.com\/wp-content\/uploads\/2022\/04\/1tool-1.png","width":400,"height":150,"caption":"1Tool"},"image":{"@id":"https:\/\/www.1tool.com\/fr\/#\/schema\/logo\/image\/"}}]}},"_links":{"self":[{"href":"https:\/\/www.1tool.com\/fr\/wp-json\/wp\/v2\/pages\/78841","targetHints":{"allow":["GET"]}}],"collection":[{"href":"https:\/\/www.1tool.com\/fr\/wp-json\/wp\/v2\/pages"}],"about":[{"href":"https:\/\/www.1tool.com\/fr\/wp-json\/wp\/v2\/types\/page"}],"author":[{"embeddable":true,"href":"https:\/\/www.1tool.com\/fr\/wp-json\/wp\/v2\/users\/1"}],"replies":[{"embeddable":true,"href":"https:\/\/www.1tool.com\/fr\/wp-json\/wp\/v2\/comments?post=78841"}],"version-history":[{"count":1,"href":"https:\/\/www.1tool.com\/fr\/wp-json\/wp\/v2\/pages\/78841\/revisions"}],"predecessor-version":[{"id":78842,"href":"https:\/\/www.1tool.com\/fr\/wp-json\/wp\/v2\/pages\/78841\/revisions\/78842"}],"up":[{"embeddable":true,"href":"https:\/\/www.1tool.com\/fr\/wp-json\/wp\/v2\/pages\/79018"}],"wp:attachment":[{"href":"https:\/\/www.1tool.com\/fr\/wp-json\/wp\/v2\/media?parent=78841"}],"curies":[{"name":"wp","href":"https:\/\/api.w.org\/{rel}","templated":true}]}}