{"id":78843,"date":"2022-03-31T04:50:00","date_gmt":"2022-03-31T02:50:00","guid":{"rendered":"https:\/\/www.1tool.com\/inscription-electronique\/"},"modified":"2026-05-07T14:59:09","modified_gmt":"2026-05-07T12:59:09","slug":"inscription-electronique","status":"publish","type":"page","link":"https:\/\/www.1tool.com\/fr\/modules\/organisation-et-service\/evenements\/fonctions-evenements-module\/inscription-electronique\/","title":{"rendered":"Inscription \u00e9lectronique"},"content":{"rendered":"\t\t<div data-elementor-type=\"wp-page\" data-elementor-id=\"78843\" class=\"elementor elementor-78843 elementor-49846\" data-elementor-post-type=\"page\">\n\t\t\t\t\t\t<section class=\"elementor-section elementor-top-section elementor-element elementor-element-5b1fa0f elementor-section-boxed elementor-section-height-default elementor-section-height-default shadepro-adv-gradient-no shadepro-sticky-no\" data-id=\"5b1fa0f\" data-element_type=\"section\" data-e-type=\"section\" data-settings=\"{&quot;shadepro_sticky&quot;:&quot;no&quot;}\">\n\t\t\t\t\t\t<div class=\"elementor-container elementor-column-gap-default\">\n\t\t\t\t\t<div class=\"elementor-column elementor-col-100 elementor-top-column elementor-element elementor-element-4f89c1f\" data-id=\"4f89c1f\" data-element_type=\"column\" data-e-type=\"column\">\n\t\t\t<div class=\"elementor-widget-wrap elementor-element-populated\">\n\t\t\t\t\t\t<div class=\"elementor-element elementor-element-4dea22b shadepro-sticky-no elementor-widget elementor-widget-heading\" data-id=\"4dea22b\" data-element_type=\"widget\" data-e-type=\"widget\" data-settings=\"{&quot;shadepro_sticky&quot;:&quot;no&quot;}\" data-widget_type=\"heading.default\">\n\t\t\t\t<div class=\"elementor-widget-container\">\n\t\t\t\t\t<h1 class=\"elementor-heading-title elementor-size-default\">Inscription \u00e9lectronique<\/h1>\t\t\t\t<\/div>\n\t\t\t\t<\/div>\n\t\t\t\t<div class=\"elementor-element elementor-element-c75b618 shadepro-sticky-no elementor-widget elementor-widget-text-editor\" data-id=\"c75b618\" data-element_type=\"widget\" data-e-type=\"widget\" data-settings=\"{&quot;shadepro_sticky&quot;:&quot;no&quot;}\" data-widget_type=\"text-editor.default\">\n\t\t\t\t<div class=\"elementor-widget-container\">\n\t\t\t\t\t\t\t\t\t<p>D\u00e8s qu&#8217;un visiteur du site web est int\u00e9ress\u00e9 par les d\u00e9tails d&#8217;un rendez-vous, il peut imm\u00e9diatement r\u00e9server via votre site web.<\/p>\t\t\t\t\t\t\t\t<\/div>\n\t\t\t\t<\/div>\n\t\t\t\t<section class=\"elementor-section elementor-inner-section elementor-element elementor-element-8533341 elementor-section-boxed elementor-section-height-default elementor-section-height-default shadepro-adv-gradient-no shadepro-sticky-no\" data-id=\"8533341\" data-element_type=\"section\" data-e-type=\"section\" data-settings=\"{&quot;shadepro_sticky&quot;:&quot;no&quot;}\">\n\t\t\t\t\t\t<div class=\"elementor-container elementor-column-gap-default\">\n\t\t\t\t\t<div class=\"elementor-column elementor-col-100 elementor-inner-column elementor-element elementor-element-9096c3a\" data-id=\"9096c3a\" data-element_type=\"column\" data-e-type=\"column\">\n\t\t\t<div class=\"elementor-widget-wrap elementor-element-populated\">\n\t\t\t\t\t\t<div class=\"elementor-element elementor-element-b83bf35 shadepro-sticky-no elementor-widget elementor-widget-text-editor\" data-id=\"b83bf35\" data-element_type=\"widget\" data-e-type=\"widget\" data-settings=\"{&quot;shadepro_sticky&quot;:&quot;no&quot;}\" data-widget_type=\"text-editor.default\">\n\t\t\t\t<div class=\"elementor-widget-container\">\n\t\t\t\t\t\t\t\t\t<h3>Inscription en ligne \u00e0 vos cours<\/h3><p>Les cours que vous proposez, y compris les d\u00e9tails importants (lieu, p\u00e9riode, co\u00fbts, etc.), sont pr\u00e9sent\u00e9s de mani\u00e8re claire sur votre site Web afin de donner \u00e0 vos visiteurs un aper\u00e7u optimal du choix actuel de cours.<\/p><p>L&#8217;<strong>inscription<\/strong> aux cours se fait<strong> en ligne<\/strong>, ce qui permet aux participants de saisir facilement toutes les donn\u00e9es n\u00e9cessaires dans un formulaire en ligne, qui est ensuite imm\u00e9diatement transmis \u00e0 l&#8217;entreprise. Ainsi, vous savez toujours quelles personnes se sont inscrites \u00e0 quel cours ou ont obtenu une place sur la liste d&#8217;attente.   <\/p><p>Les donn\u00e9es saisies sont imm\u00e9diatement transf\u00e9r\u00e9es dans la base de donn\u00e9es 1Tool afin que vous puissiez ensuite g\u00e9rer facilement les coordonn\u00e9es de vos participants au cours.<\/p>\t\t\t\t\t\t\t\t<\/div>\n\t\t\t\t<\/div>\n\t\t\t\t\t<\/div>\n\t\t<\/div>\n\t\t\t\t\t<\/div>\n\t\t<\/section>\n\t\t\t\t\t<\/div>\n\t\t<\/div>\n\t\t\t\t\t<\/div>\n\t\t<\/section>\n\t\t\t\t<\/div>\n\t\t","protected":false},"excerpt":{"rendered":"<p>Inscription \u00e9lectronique D\u00e8s qu&#8217;un visiteur du site web est int\u00e9ress\u00e9 par les d\u00e9tails d&#8217;un rendez-vous, il peut imm\u00e9diatement r\u00e9server via votre site web. Inscription en ligne \u00e0 vos cours Les cours que vous proposez, y compris les d\u00e9tails importants (lieu, p\u00e9riode, co\u00fbts, etc.), sont pr\u00e9sent\u00e9s de mani\u00e8re claire sur votre site Web afin de donner [&hellip;]<\/p>\n","protected":false},"author":1,"featured_media":0,"parent":79018,"menu_order":0,"comment_status":"closed","ping_status":"closed","template":"","meta":{"inline_featured_image":false,"footnotes":""},"class_list":["post-78843","page","type-page","status-publish","hentry"],"acf":[],"yoast_head":"<!-- This site is optimized with the Yoast SEO plugin v27.5 - https:\/\/yoast.com\/product\/yoast-seo-wordpress\/ -->\n<title>Inscription \u00e9lectronique - 1Tool<\/title>\n<meta name=\"robots\" content=\"index, follow, max-snippet:-1, max-image-preview:large, max-video-preview:-1\" \/>\n<link rel=\"canonical\" href=\"https:\/\/www.1tool.com\/fr\/modules\/organisation-et-service\/evenements\/fonctions-evenements-module\/inscription-electronique\/\" \/>\n<meta property=\"og:locale\" content=\"fr_FR\" \/>\n<meta property=\"og:type\" content=\"article\" \/>\n<meta property=\"og:title\" content=\"Inscription \u00e9lectronique - 1Tool\" \/>\n<meta property=\"og:description\" content=\"Inscription \u00e9lectronique D\u00e8s qu&#8217;un visiteur du site web est int\u00e9ress\u00e9 par les d\u00e9tails d&#8217;un rendez-vous, il peut imm\u00e9diatement r\u00e9server via votre site web. Inscription en ligne \u00e0 vos cours Les cours que vous proposez, y compris les d\u00e9tails importants (lieu, p\u00e9riode, co\u00fbts, etc.), sont pr\u00e9sent\u00e9s de mani\u00e8re claire sur votre site Web afin de donner [&hellip;]\" \/>\n<meta property=\"og:url\" content=\"https:\/\/www.1tool.com\/fr\/modules\/organisation-et-service\/evenements\/fonctions-evenements-module\/inscription-electronique\/\" \/>\n<meta property=\"og:site_name\" content=\"1Tool\" \/>\n<meta property=\"article:modified_time\" content=\"2026-05-07T12:59:09+00:00\" \/>\n<meta name=\"twitter:card\" content=\"summary_large_image\" \/>\n<meta name=\"twitter:label1\" content=\"Dur\u00e9e de lecture estim\u00e9e\" \/>\n\t<meta name=\"twitter:data1\" content=\"1 minute\" \/>\n<script type=\"application\/ld+json\" class=\"yoast-schema-graph\">{\"@context\":\"https:\\\/\\\/schema.org\",\"@graph\":[{\"@type\":\"WebPage\",\"@id\":\"https:\\\/\\\/www.1tool.com\\\/fr\\\/modules\\\/organisation-et-service\\\/evenements\\\/fonctions-evenements-module\\\/inscription-electronique\\\/\",\"url\":\"https:\\\/\\\/www.1tool.com\\\/fr\\\/modules\\\/organisation-et-service\\\/evenements\\\/fonctions-evenements-module\\\/inscription-electronique\\\/\",\"name\":\"Inscription \u00e9lectronique - 1Tool\",\"isPartOf\":{\"@id\":\"https:\\\/\\\/www.1tool.com\\\/fr\\\/#website\"},\"datePublished\":\"2022-03-31T02:50:00+00:00\",\"dateModified\":\"2026-05-07T12:59:09+00:00\",\"breadcrumb\":{\"@id\":\"https:\\\/\\\/www.1tool.com\\\/fr\\\/modules\\\/organisation-et-service\\\/evenements\\\/fonctions-evenements-module\\\/inscription-electronique\\\/#breadcrumb\"},\"inLanguage\":\"fr-FR\",\"potentialAction\":[{\"@type\":\"ReadAction\",\"target\":[\"https:\\\/\\\/www.1tool.com\\\/fr\\\/modules\\\/organisation-et-service\\\/evenements\\\/fonctions-evenements-module\\\/inscription-electronique\\\/\"]}]},{\"@type\":\"BreadcrumbList\",\"@id\":\"https:\\\/\\\/www.1tool.com\\\/fr\\\/modules\\\/organisation-et-service\\\/evenements\\\/fonctions-evenements-module\\\/inscription-electronique\\\/#breadcrumb\",\"itemListElement\":[{\"@type\":\"ListItem\",\"position\":1,\"name\":\"Home\",\"item\":\"https:\\\/\\\/www.1tool.com\\\/fr\\\/\"},{\"@type\":\"ListItem\",\"position\":2,\"name\":\"Modules\",\"item\":\"https:\\\/\\\/www.1tool.com\\\/fr\\\/module\\\/\"},{\"@type\":\"ListItem\",\"position\":3,\"name\":\"Organisation et service\",\"item\":\"https:\\\/\\\/www.1tool.com\\\/fr\\\/modules\\\/organisation-et-service\\\/\"},{\"@type\":\"ListItem\",\"position\":4,\"name\":\"\u00c9v\u00e9nements\",\"item\":\"https:\\\/\\\/www.1tool.com\\\/fr\\\/modules\\\/organisation-et-service\\\/evenements\\\/\"},{\"@type\":\"ListItem\",\"position\":5,\"name\":\"Fonctions \u00c9v\u00e9nements Module\",\"item\":\"https:\\\/\\\/www.1tool.com\\\/fr\\\/modules\\\/organisation-et-service\\\/evenements\\\/fonctions-evenements-module\\\/\"},{\"@type\":\"ListItem\",\"position\":6,\"name\":\"Inscription \u00e9lectronique\"}]},{\"@type\":\"WebSite\",\"@id\":\"https:\\\/\\\/www.1tool.com\\\/fr\\\/#website\",\"url\":\"https:\\\/\\\/www.1tool.com\\\/fr\\\/\",\"name\":\"1Tool\",\"description\":\"CRM\",\"publisher\":{\"@id\":\"https:\\\/\\\/www.1tool.com\\\/fr\\\/#organization\"},\"potentialAction\":[{\"@type\":\"SearchAction\",\"target\":{\"@type\":\"EntryPoint\",\"urlTemplate\":\"https:\\\/\\\/www.1tool.com\\\/fr\\\/?s={search_term_string}\"},\"query-input\":{\"@type\":\"PropertyValueSpecification\",\"valueRequired\":true,\"valueName\":\"search_term_string\"}}],\"inLanguage\":\"fr-FR\"},{\"@type\":\"Organization\",\"@id\":\"https:\\\/\\\/www.1tool.com\\\/fr\\\/#organization\",\"name\":\"1Tool\",\"url\":\"https:\\\/\\\/www.1tool.com\\\/fr\\\/\",\"logo\":{\"@type\":\"ImageObject\",\"inLanguage\":\"fr-FR\",\"@id\":\"https:\\\/\\\/www.1tool.com\\\/fr\\\/#\\\/schema\\\/logo\\\/image\\\/\",\"url\":\"https:\\\/\\\/www.1tool.com\\\/wp-content\\\/uploads\\\/2022\\\/04\\\/1tool-1.png\",\"contentUrl\":\"https:\\\/\\\/www.1tool.com\\\/wp-content\\\/uploads\\\/2022\\\/04\\\/1tool-1.png\",\"width\":400,\"height\":150,\"caption\":\"1Tool\"},\"image\":{\"@id\":\"https:\\\/\\\/www.1tool.com\\\/fr\\\/#\\\/schema\\\/logo\\\/image\\\/\"}}]}<\/script>\n<!-- \/ Yoast SEO plugin. -->","yoast_head_json":{"title":"Inscription \u00e9lectronique - 1Tool","robots":{"index":"index","follow":"follow","max-snippet":"max-snippet:-1","max-image-preview":"max-image-preview:large","max-video-preview":"max-video-preview:-1"},"canonical":"https:\/\/www.1tool.com\/fr\/modules\/organisation-et-service\/evenements\/fonctions-evenements-module\/inscription-electronique\/","og_locale":"fr_FR","og_type":"article","og_title":"Inscription \u00e9lectronique - 1Tool","og_description":"Inscription \u00e9lectronique D\u00e8s qu&#8217;un visiteur du site web est int\u00e9ress\u00e9 par les d\u00e9tails d&#8217;un rendez-vous, il peut imm\u00e9diatement r\u00e9server via votre site web. Inscription en ligne \u00e0 vos cours Les cours que vous proposez, y compris les d\u00e9tails importants (lieu, p\u00e9riode, co\u00fbts, etc.), sont pr\u00e9sent\u00e9s de mani\u00e8re claire sur votre site Web afin de donner [&hellip;]","og_url":"https:\/\/www.1tool.com\/fr\/modules\/organisation-et-service\/evenements\/fonctions-evenements-module\/inscription-electronique\/","og_site_name":"1Tool","article_modified_time":"2026-05-07T12:59:09+00:00","twitter_card":"summary_large_image","twitter_misc":{"Dur\u00e9e de lecture estim\u00e9e":"1 minute"},"schema":{"@context":"https:\/\/schema.org","@graph":[{"@type":"WebPage","@id":"https:\/\/www.1tool.com\/fr\/modules\/organisation-et-service\/evenements\/fonctions-evenements-module\/inscription-electronique\/","url":"https:\/\/www.1tool.com\/fr\/modules\/organisation-et-service\/evenements\/fonctions-evenements-module\/inscription-electronique\/","name":"Inscription \u00e9lectronique - 1Tool","isPartOf":{"@id":"https:\/\/www.1tool.com\/fr\/#website"},"datePublished":"2022-03-31T02:50:00+00:00","dateModified":"2026-05-07T12:59:09+00:00","breadcrumb":{"@id":"https:\/\/www.1tool.com\/fr\/modules\/organisation-et-service\/evenements\/fonctions-evenements-module\/inscription-electronique\/#breadcrumb"},"inLanguage":"fr-FR","potentialAction":[{"@type":"ReadAction","target":["https:\/\/www.1tool.com\/fr\/modules\/organisation-et-service\/evenements\/fonctions-evenements-module\/inscription-electronique\/"]}]},{"@type":"BreadcrumbList","@id":"https:\/\/www.1tool.com\/fr\/modules\/organisation-et-service\/evenements\/fonctions-evenements-module\/inscription-electronique\/#breadcrumb","itemListElement":[{"@type":"ListItem","position":1,"name":"Home","item":"https:\/\/www.1tool.com\/fr\/"},{"@type":"ListItem","position":2,"name":"Modules","item":"https:\/\/www.1tool.com\/fr\/module\/"},{"@type":"ListItem","position":3,"name":"Organisation et service","item":"https:\/\/www.1tool.com\/fr\/modules\/organisation-et-service\/"},{"@type":"ListItem","position":4,"name":"\u00c9v\u00e9nements","item":"https:\/\/www.1tool.com\/fr\/modules\/organisation-et-service\/evenements\/"},{"@type":"ListItem","position":5,"name":"Fonctions \u00c9v\u00e9nements Module","item":"https:\/\/www.1tool.com\/fr\/modules\/organisation-et-service\/evenements\/fonctions-evenements-module\/"},{"@type":"ListItem","position":6,"name":"Inscription \u00e9lectronique"}]},{"@type":"WebSite","@id":"https:\/\/www.1tool.com\/fr\/#website","url":"https:\/\/www.1tool.com\/fr\/","name":"1Tool","description":"CRM","publisher":{"@id":"https:\/\/www.1tool.com\/fr\/#organization"},"potentialAction":[{"@type":"SearchAction","target":{"@type":"EntryPoint","urlTemplate":"https:\/\/www.1tool.com\/fr\/?s={search_term_string}"},"query-input":{"@type":"PropertyValueSpecification","valueRequired":true,"valueName":"search_term_string"}}],"inLanguage":"fr-FR"},{"@type":"Organization","@id":"https:\/\/www.1tool.com\/fr\/#organization","name":"1Tool","url":"https:\/\/www.1tool.com\/fr\/","logo":{"@type":"ImageObject","inLanguage":"fr-FR","@id":"https:\/\/www.1tool.com\/fr\/#\/schema\/logo\/image\/","url":"https:\/\/www.1tool.com\/wp-content\/uploads\/2022\/04\/1tool-1.png","contentUrl":"https:\/\/www.1tool.com\/wp-content\/uploads\/2022\/04\/1tool-1.png","width":400,"height":150,"caption":"1Tool"},"image":{"@id":"https:\/\/www.1tool.com\/fr\/#\/schema\/logo\/image\/"}}]}},"_links":{"self":[{"href":"https:\/\/www.1tool.com\/fr\/wp-json\/wp\/v2\/pages\/78843","targetHints":{"allow":["GET"]}}],"collection":[{"href":"https:\/\/www.1tool.com\/fr\/wp-json\/wp\/v2\/pages"}],"about":[{"href":"https:\/\/www.1tool.com\/fr\/wp-json\/wp\/v2\/types\/page"}],"author":[{"embeddable":true,"href":"https:\/\/www.1tool.com\/fr\/wp-json\/wp\/v2\/users\/1"}],"replies":[{"embeddable":true,"href":"https:\/\/www.1tool.com\/fr\/wp-json\/wp\/v2\/comments?post=78843"}],"version-history":[{"count":1,"href":"https:\/\/www.1tool.com\/fr\/wp-json\/wp\/v2\/pages\/78843\/revisions"}],"predecessor-version":[{"id":78844,"href":"https:\/\/www.1tool.com\/fr\/wp-json\/wp\/v2\/pages\/78843\/revisions\/78844"}],"up":[{"embeddable":true,"href":"https:\/\/www.1tool.com\/fr\/wp-json\/wp\/v2\/pages\/79018"}],"wp:attachment":[{"href":"https:\/\/www.1tool.com\/fr\/wp-json\/wp\/v2\/media?parent=78843"}],"curies":[{"name":"wp","href":"https:\/\/api.w.org\/{rel}","templated":true}]}}