{"id":78845,"date":"2022-03-31T04:24:55","date_gmt":"2022-03-31T02:24:55","guid":{"rendered":"https:\/\/www.1tool.com\/base-de-donnees-des-candidats\/"},"modified":"2026-05-07T14:59:26","modified_gmt":"2026-05-07T12:59:26","slug":"base-de-donnees-des-candidats","status":"publish","type":"page","link":"https:\/\/www.1tool.com\/fr\/modules\/modules-speciaux\/gestion-des-candidatures\/fonctions-du-module-de-gestion-des-candidatures\/base-de-donnees-des-candidats\/","title":{"rendered":"Base de donn\u00e9es des candidats"},"content":{"rendered":"\t\t<div data-elementor-type=\"wp-page\" data-elementor-id=\"78845\" class=\"elementor elementor-78845 elementor-49713\" data-elementor-post-type=\"page\">\n\t\t\t\t\t\t<section class=\"elementor-section elementor-top-section elementor-element elementor-element-2c35de1 elementor-section-boxed elementor-section-height-default elementor-section-height-default shadepro-adv-gradient-no shadepro-sticky-no\" data-id=\"2c35de1\" data-element_type=\"section\" data-e-type=\"section\" data-settings=\"{&quot;shadepro_sticky&quot;:&quot;no&quot;}\">\n\t\t\t\t\t\t<div class=\"elementor-container elementor-column-gap-default\">\n\t\t\t\t\t<div class=\"elementor-column elementor-col-100 elementor-top-column elementor-element elementor-element-7522a76\" data-id=\"7522a76\" data-element_type=\"column\" data-e-type=\"column\">\n\t\t\t<div class=\"elementor-widget-wrap elementor-element-populated\">\n\t\t\t\t\t\t<div class=\"elementor-element elementor-element-9947458 shadepro-sticky-no elementor-widget elementor-widget-heading\" data-id=\"9947458\" data-element_type=\"widget\" data-e-type=\"widget\" data-settings=\"{&quot;shadepro_sticky&quot;:&quot;no&quot;}\" data-widget_type=\"heading.default\">\n\t\t\t\t<div class=\"elementor-widget-container\">\n\t\t\t\t\t<h1 class=\"elementor-heading-title elementor-size-default\">Base de donn\u00e9es des candidats<\/h1>\t\t\t\t<\/div>\n\t\t\t\t<\/div>\n\t\t\t\t<div class=\"elementor-element elementor-element-67dd3f1 shadepro-sticky-no elementor-widget elementor-widget-text-editor\" data-id=\"67dd3f1\" data-element_type=\"widget\" data-e-type=\"widget\" data-settings=\"{&quot;shadepro_sticky&quot;:&quot;no&quot;}\" data-widget_type=\"text-editor.default\">\n\t\t\t\t<div class=\"elementor-widget-container\">\n\t\t\t\t\t\t\t\t\t<p>La base de donn\u00e9es des candidats vous permet d&#8217;acc\u00e9der en un clic \u00e0 tous les candidats d&#8217;un emploi donn\u00e9 et de conna\u00eetre en un coup d&#8217;\u0153il le statut des candidats.<\/p>\t\t\t\t\t\t\t\t<\/div>\n\t\t\t\t<\/div>\n\t\t\t\t<section class=\"elementor-section elementor-inner-section elementor-element elementor-element-4cc3e96 elementor-section-boxed elementor-section-height-default elementor-section-height-default shadepro-adv-gradient-no shadepro-sticky-no\" data-id=\"4cc3e96\" data-element_type=\"section\" data-e-type=\"section\" data-settings=\"{&quot;shadepro_sticky&quot;:&quot;no&quot;}\">\n\t\t\t\t\t\t<div class=\"elementor-container elementor-column-gap-default\">\n\t\t\t\t\t<div class=\"elementor-column elementor-col-100 elementor-inner-column elementor-element elementor-element-1a42826\" data-id=\"1a42826\" data-element_type=\"column\" data-e-type=\"column\">\n\t\t\t<div class=\"elementor-widget-wrap elementor-element-populated\">\n\t\t\t\t\t\t<div class=\"elementor-element elementor-element-c2926d2 shadepro-sticky-no elementor-widget elementor-widget-text-editor\" data-id=\"c2926d2\" data-element_type=\"widget\" data-e-type=\"widget\" data-settings=\"{&quot;shadepro_sticky&quot;:&quot;no&quot;}\" data-widget_type=\"text-editor.default\">\n\t\t\t\t<div class=\"elementor-widget-container\">\n\t\t\t\t\t\t\t\t\t<h3>Liste claire de vos candidats<\/h3><p>Avec la base de donn\u00e9es des candidats, vous d\u00e9cidez directement si un candidat doit \u00eatre invit\u00e9 \u00e0 un entretien ou si celui-ci doit \u00eatre refus\u00e9. Il vous suffit d&#8217;appuyer sur un bouton pour informer vos candidats de votre d\u00e9cision et leur envoyer un e-mail personnalis\u00e9 bas\u00e9 sur des mod\u00e8les d\u00e9finis. <\/p><p> <\/p><h3>Fichier des candidats<\/h3><p>La fiche de candidature contient toutes les informations relatives \u00e0 votre candidat. Outre les donn\u00e9es personnelles, vous pouvez voir directement pour quels postes le candidat a postul\u00e9 ou s&#8217;il existe des t\u00e2ches \u00e0 effectuer en interne pour ce candidat. De plus, la fonction commentaire vous permet de rester inform\u00e9 sur le candidat.  <\/p><p> <\/p><h3>Profil personnel du candidat<\/h3><p>Cours de formation suppl\u00e9mentaire, nouvelles comp\u00e9tences linguistiques ou autres qualifications acquises &#8211; pour trouver les bons candidats pour un poste, les donn\u00e9es actuelles jouent un r\u00f4le particuli\u00e8rement important.<\/p><p>Un profil personnel, qui peut \u00eatre g\u00e9r\u00e9 par les candidats eux-m\u00eames, facilite consid\u00e9rablement la saisie des donn\u00e9es. Au sein de notre logiciel d&#8217;e-recrutement, des identifiants de connexion sont g\u00e9n\u00e9r\u00e9s pour le profil de chaque candidat. <\/p><p>Des campagnes de newsletter pr\u00e9d\u00e9finies vous permettent ensuite de rappeler r\u00e9guli\u00e8rement \u00e0 vos candidats de mettre \u00e0 jour leur profil. Vous d\u00e9terminez vous-m\u00eame quels champs peuvent \u00eatre compl\u00e9t\u00e9s ou renouvel\u00e9s par vos candidats. Le design et la mise en page sont \u00e9galement libres et peuvent donc \u00eatre adapt\u00e9s \u00e0 votre entreprise.  <\/p><p> <\/p><h3>Analyse pr\u00e9cise des donn\u00e9es du CV<\/h3><p>Que vous soyez un recruteur ou une entreprise \u00e0 la recherche de nouveaux collaborateurs, l&#8217;examen des CV prend non seulement beaucoup de temps, mais n\u00e9cessite \u00e9galement une structuration pr\u00e9cise des donn\u00e9es des candidats afin de pouvoir les comparer en un clin d&#8217;\u0153il. Gr\u00e2ce \u00e0 l&#8217;interface int\u00e9gr\u00e9e de notre logiciel de recrutement avec CVlizer, nous garantissons un traitement automatique des CV. <\/p><p>L&#8217;analyseur de CV lit avec pr\u00e9cision les informations contenues dans les CV et attribue \u00e0 toutes les donn\u00e9es les attributs appropri\u00e9s (par ex. nom, adresse, comp\u00e9tences linguistiques, exp\u00e9rience professionnelle ant\u00e9rieure), qui sont ensuite automatiquement transf\u00e9r\u00e9s dans la base de donn\u00e9es des candidats du logiciel. En quelques minutes seulement, vous pouvez cr\u00e9er des profils de candidats complets pour une gestion efficace des candidatures. <\/p>\t\t\t\t\t\t\t\t<\/div>\n\t\t\t\t<\/div>\n\t\t\t\t\t<\/div>\n\t\t<\/div>\n\t\t\t\t\t<\/div>\n\t\t<\/section>\n\t\t\t\t\t<\/div>\n\t\t<\/div>\n\t\t\t\t\t<\/div>\n\t\t<\/section>\n\t\t\t\t<\/div>\n\t\t","protected":false},"excerpt":{"rendered":"<p>Base de donn\u00e9es des candidats La base de donn\u00e9es des candidats vous permet d&#8217;acc\u00e9der en un clic \u00e0 tous les candidats d&#8217;un emploi donn\u00e9 et de conna\u00eetre en un coup d&#8217;\u0153il le statut des candidats. Liste claire de vos candidats Avec la base de donn\u00e9es des candidats, vous d\u00e9cidez directement si un candidat doit \u00eatre [&hellip;]<\/p>\n","protected":false},"author":1,"featured_media":0,"parent":79036,"menu_order":0,"comment_status":"closed","ping_status":"closed","template":"","meta":{"inline_featured_image":false,"footnotes":""},"class_list":["post-78845","page","type-page","status-publish","hentry"],"acf":[],"yoast_head":"<!-- This site is optimized with the Yoast SEO plugin v27.5 - https:\/\/yoast.com\/product\/yoast-seo-wordpress\/ -->\n<title>Base de donn\u00e9es des candidats - 1Tool<\/title>\n<meta name=\"robots\" content=\"index, follow, max-snippet:-1, max-image-preview:large, max-video-preview:-1\" \/>\n<link rel=\"canonical\" href=\"https:\/\/www.1tool.com\/fr\/modules\/modules-speciaux\/gestion-des-candidatures\/fonctions-du-module-de-gestion-des-candidatures\/base-de-donnees-des-candidats\/\" \/>\n<meta property=\"og:locale\" content=\"fr_FR\" \/>\n<meta property=\"og:type\" content=\"article\" \/>\n<meta property=\"og:title\" content=\"Base de donn\u00e9es des candidats - 1Tool\" \/>\n<meta property=\"og:description\" content=\"Base de donn\u00e9es des candidats La base de donn\u00e9es des candidats vous permet d&#8217;acc\u00e9der en un clic \u00e0 tous les candidats d&#8217;un emploi donn\u00e9 et de conna\u00eetre en un coup d&#8217;\u0153il le statut des candidats. Liste claire de vos candidats Avec la base de donn\u00e9es des candidats, vous d\u00e9cidez directement si un candidat doit \u00eatre [&hellip;]\" \/>\n<meta property=\"og:url\" content=\"https:\/\/www.1tool.com\/fr\/modules\/modules-speciaux\/gestion-des-candidatures\/fonctions-du-module-de-gestion-des-candidatures\/base-de-donnees-des-candidats\/\" \/>\n<meta property=\"og:site_name\" content=\"1Tool\" \/>\n<meta property=\"article:modified_time\" content=\"2026-05-07T12:59:26+00:00\" \/>\n<meta name=\"twitter:card\" content=\"summary_large_image\" \/>\n<meta name=\"twitter:label1\" content=\"Dur\u00e9e de lecture estim\u00e9e\" \/>\n\t<meta name=\"twitter:data1\" content=\"2 minutes\" \/>\n<script type=\"application\/ld+json\" class=\"yoast-schema-graph\">{\"@context\":\"https:\\\/\\\/schema.org\",\"@graph\":[{\"@type\":\"WebPage\",\"@id\":\"https:\\\/\\\/www.1tool.com\\\/fr\\\/modules\\\/modules-speciaux\\\/gestion-des-candidatures\\\/fonctions-du-module-de-gestion-des-candidatures\\\/base-de-donnees-des-candidats\\\/\",\"url\":\"https:\\\/\\\/www.1tool.com\\\/fr\\\/modules\\\/modules-speciaux\\\/gestion-des-candidatures\\\/fonctions-du-module-de-gestion-des-candidatures\\\/base-de-donnees-des-candidats\\\/\",\"name\":\"Base de donn\u00e9es des candidats - 1Tool\",\"isPartOf\":{\"@id\":\"https:\\\/\\\/www.1tool.com\\\/fr\\\/#website\"},\"datePublished\":\"2022-03-31T02:24:55+00:00\",\"dateModified\":\"2026-05-07T12:59:26+00:00\",\"breadcrumb\":{\"@id\":\"https:\\\/\\\/www.1tool.com\\\/fr\\\/modules\\\/modules-speciaux\\\/gestion-des-candidatures\\\/fonctions-du-module-de-gestion-des-candidatures\\\/base-de-donnees-des-candidats\\\/#breadcrumb\"},\"inLanguage\":\"fr-FR\",\"potentialAction\":[{\"@type\":\"ReadAction\",\"target\":[\"https:\\\/\\\/www.1tool.com\\\/fr\\\/modules\\\/modules-speciaux\\\/gestion-des-candidatures\\\/fonctions-du-module-de-gestion-des-candidatures\\\/base-de-donnees-des-candidats\\\/\"]}]},{\"@type\":\"BreadcrumbList\",\"@id\":\"https:\\\/\\\/www.1tool.com\\\/fr\\\/modules\\\/modules-speciaux\\\/gestion-des-candidatures\\\/fonctions-du-module-de-gestion-des-candidatures\\\/base-de-donnees-des-candidats\\\/#breadcrumb\",\"itemListElement\":[{\"@type\":\"ListItem\",\"position\":1,\"name\":\"Home\",\"item\":\"https:\\\/\\\/www.1tool.com\\\/fr\\\/\"},{\"@type\":\"ListItem\",\"position\":2,\"name\":\"Modules\",\"item\":\"https:\\\/\\\/www.1tool.com\\\/fr\\\/module\\\/\"},{\"@type\":\"ListItem\",\"position\":3,\"name\":\"Modules sp\u00e9ciaux\",\"item\":\"https:\\\/\\\/www.1tool.com\\\/fr\\\/modules\\\/modules-speciaux\\\/\"},{\"@type\":\"ListItem\",\"position\":4,\"name\":\"Gestion des candidatures\",\"item\":\"https:\\\/\\\/www.1tool.com\\\/fr\\\/modules\\\/modules-speciaux\\\/gestion-des-candidatures\\\/\"},{\"@type\":\"ListItem\",\"position\":5,\"name\":\"Fonctions du module de gestion des candidatures\",\"item\":\"https:\\\/\\\/www.1tool.com\\\/fr\\\/modules\\\/modules-speciaux\\\/gestion-des-candidatures\\\/fonctions-du-module-de-gestion-des-candidatures\\\/\"},{\"@type\":\"ListItem\",\"position\":6,\"name\":\"Base de donn\u00e9es des candidats\"}]},{\"@type\":\"WebSite\",\"@id\":\"https:\\\/\\\/www.1tool.com\\\/fr\\\/#website\",\"url\":\"https:\\\/\\\/www.1tool.com\\\/fr\\\/\",\"name\":\"1Tool\",\"description\":\"CRM\",\"publisher\":{\"@id\":\"https:\\\/\\\/www.1tool.com\\\/fr\\\/#organization\"},\"potentialAction\":[{\"@type\":\"SearchAction\",\"target\":{\"@type\":\"EntryPoint\",\"urlTemplate\":\"https:\\\/\\\/www.1tool.com\\\/fr\\\/?s={search_term_string}\"},\"query-input\":{\"@type\":\"PropertyValueSpecification\",\"valueRequired\":true,\"valueName\":\"search_term_string\"}}],\"inLanguage\":\"fr-FR\"},{\"@type\":\"Organization\",\"@id\":\"https:\\\/\\\/www.1tool.com\\\/fr\\\/#organization\",\"name\":\"1Tool\",\"url\":\"https:\\\/\\\/www.1tool.com\\\/fr\\\/\",\"logo\":{\"@type\":\"ImageObject\",\"inLanguage\":\"fr-FR\",\"@id\":\"https:\\\/\\\/www.1tool.com\\\/fr\\\/#\\\/schema\\\/logo\\\/image\\\/\",\"url\":\"https:\\\/\\\/www.1tool.com\\\/wp-content\\\/uploads\\\/2022\\\/04\\\/1tool-1.png\",\"contentUrl\":\"https:\\\/\\\/www.1tool.com\\\/wp-content\\\/uploads\\\/2022\\\/04\\\/1tool-1.png\",\"width\":400,\"height\":150,\"caption\":\"1Tool\"},\"image\":{\"@id\":\"https:\\\/\\\/www.1tool.com\\\/fr\\\/#\\\/schema\\\/logo\\\/image\\\/\"}}]}<\/script>\n<!-- \/ Yoast SEO plugin. -->","yoast_head_json":{"title":"Base de donn\u00e9es des candidats - 1Tool","robots":{"index":"index","follow":"follow","max-snippet":"max-snippet:-1","max-image-preview":"max-image-preview:large","max-video-preview":"max-video-preview:-1"},"canonical":"https:\/\/www.1tool.com\/fr\/modules\/modules-speciaux\/gestion-des-candidatures\/fonctions-du-module-de-gestion-des-candidatures\/base-de-donnees-des-candidats\/","og_locale":"fr_FR","og_type":"article","og_title":"Base de donn\u00e9es des candidats - 1Tool","og_description":"Base de donn\u00e9es des candidats La base de donn\u00e9es des candidats vous permet d&#8217;acc\u00e9der en un clic \u00e0 tous les candidats d&#8217;un emploi donn\u00e9 et de conna\u00eetre en un coup d&#8217;\u0153il le statut des candidats. Liste claire de vos candidats Avec la base de donn\u00e9es des candidats, vous d\u00e9cidez directement si un candidat doit \u00eatre [&hellip;]","og_url":"https:\/\/www.1tool.com\/fr\/modules\/modules-speciaux\/gestion-des-candidatures\/fonctions-du-module-de-gestion-des-candidatures\/base-de-donnees-des-candidats\/","og_site_name":"1Tool","article_modified_time":"2026-05-07T12:59:26+00:00","twitter_card":"summary_large_image","twitter_misc":{"Dur\u00e9e de lecture estim\u00e9e":"2 minutes"},"schema":{"@context":"https:\/\/schema.org","@graph":[{"@type":"WebPage","@id":"https:\/\/www.1tool.com\/fr\/modules\/modules-speciaux\/gestion-des-candidatures\/fonctions-du-module-de-gestion-des-candidatures\/base-de-donnees-des-candidats\/","url":"https:\/\/www.1tool.com\/fr\/modules\/modules-speciaux\/gestion-des-candidatures\/fonctions-du-module-de-gestion-des-candidatures\/base-de-donnees-des-candidats\/","name":"Base de donn\u00e9es des candidats - 1Tool","isPartOf":{"@id":"https:\/\/www.1tool.com\/fr\/#website"},"datePublished":"2022-03-31T02:24:55+00:00","dateModified":"2026-05-07T12:59:26+00:00","breadcrumb":{"@id":"https:\/\/www.1tool.com\/fr\/modules\/modules-speciaux\/gestion-des-candidatures\/fonctions-du-module-de-gestion-des-candidatures\/base-de-donnees-des-candidats\/#breadcrumb"},"inLanguage":"fr-FR","potentialAction":[{"@type":"ReadAction","target":["https:\/\/www.1tool.com\/fr\/modules\/modules-speciaux\/gestion-des-candidatures\/fonctions-du-module-de-gestion-des-candidatures\/base-de-donnees-des-candidats\/"]}]},{"@type":"BreadcrumbList","@id":"https:\/\/www.1tool.com\/fr\/modules\/modules-speciaux\/gestion-des-candidatures\/fonctions-du-module-de-gestion-des-candidatures\/base-de-donnees-des-candidats\/#breadcrumb","itemListElement":[{"@type":"ListItem","position":1,"name":"Home","item":"https:\/\/www.1tool.com\/fr\/"},{"@type":"ListItem","position":2,"name":"Modules","item":"https:\/\/www.1tool.com\/fr\/module\/"},{"@type":"ListItem","position":3,"name":"Modules sp\u00e9ciaux","item":"https:\/\/www.1tool.com\/fr\/modules\/modules-speciaux\/"},{"@type":"ListItem","position":4,"name":"Gestion des candidatures","item":"https:\/\/www.1tool.com\/fr\/modules\/modules-speciaux\/gestion-des-candidatures\/"},{"@type":"ListItem","position":5,"name":"Fonctions du module de gestion des candidatures","item":"https:\/\/www.1tool.com\/fr\/modules\/modules-speciaux\/gestion-des-candidatures\/fonctions-du-module-de-gestion-des-candidatures\/"},{"@type":"ListItem","position":6,"name":"Base de donn\u00e9es des candidats"}]},{"@type":"WebSite","@id":"https:\/\/www.1tool.com\/fr\/#website","url":"https:\/\/www.1tool.com\/fr\/","name":"1Tool","description":"CRM","publisher":{"@id":"https:\/\/www.1tool.com\/fr\/#organization"},"potentialAction":[{"@type":"SearchAction","target":{"@type":"EntryPoint","urlTemplate":"https:\/\/www.1tool.com\/fr\/?s={search_term_string}"},"query-input":{"@type":"PropertyValueSpecification","valueRequired":true,"valueName":"search_term_string"}}],"inLanguage":"fr-FR"},{"@type":"Organization","@id":"https:\/\/www.1tool.com\/fr\/#organization","name":"1Tool","url":"https:\/\/www.1tool.com\/fr\/","logo":{"@type":"ImageObject","inLanguage":"fr-FR","@id":"https:\/\/www.1tool.com\/fr\/#\/schema\/logo\/image\/","url":"https:\/\/www.1tool.com\/wp-content\/uploads\/2022\/04\/1tool-1.png","contentUrl":"https:\/\/www.1tool.com\/wp-content\/uploads\/2022\/04\/1tool-1.png","width":400,"height":150,"caption":"1Tool"},"image":{"@id":"https:\/\/www.1tool.com\/fr\/#\/schema\/logo\/image\/"}}]}},"_links":{"self":[{"href":"https:\/\/www.1tool.com\/fr\/wp-json\/wp\/v2\/pages\/78845","targetHints":{"allow":["GET"]}}],"collection":[{"href":"https:\/\/www.1tool.com\/fr\/wp-json\/wp\/v2\/pages"}],"about":[{"href":"https:\/\/www.1tool.com\/fr\/wp-json\/wp\/v2\/types\/page"}],"author":[{"embeddable":true,"href":"https:\/\/www.1tool.com\/fr\/wp-json\/wp\/v2\/users\/1"}],"replies":[{"embeddable":true,"href":"https:\/\/www.1tool.com\/fr\/wp-json\/wp\/v2\/comments?post=78845"}],"version-history":[{"count":1,"href":"https:\/\/www.1tool.com\/fr\/wp-json\/wp\/v2\/pages\/78845\/revisions"}],"predecessor-version":[{"id":78847,"href":"https:\/\/www.1tool.com\/fr\/wp-json\/wp\/v2\/pages\/78845\/revisions\/78847"}],"up":[{"embeddable":true,"href":"https:\/\/www.1tool.com\/fr\/wp-json\/wp\/v2\/pages\/79036"}],"wp:attachment":[{"href":"https:\/\/www.1tool.com\/fr\/wp-json\/wp\/v2\/media?parent=78845"}],"curies":[{"name":"wp","href":"https:\/\/api.w.org\/{rel}","templated":true}]}}