{"id":78849,"date":"2022-03-31T04:23:06","date_gmt":"2022-03-31T02:23:06","guid":{"rendered":"https:\/\/www.1tool.com\/selection-des-candidats\/"},"modified":"2026-05-07T14:59:26","modified_gmt":"2026-05-07T12:59:26","slug":"selection-des-candidats","status":"publish","type":"page","link":"https:\/\/www.1tool.com\/fr\/modules\/modules-speciaux\/gestion-des-candidatures\/fonctions-du-module-de-gestion-des-candidatures\/selection-des-candidats\/","title":{"rendered":"S\u00e9lection des candidats"},"content":{"rendered":"\t\t<div data-elementor-type=\"wp-page\" data-elementor-id=\"78849\" class=\"elementor elementor-78849 elementor-49699\" data-elementor-post-type=\"page\">\n\t\t\t\t\t\t<section class=\"elementor-section elementor-top-section elementor-element elementor-element-bb1ee73 elementor-section-boxed elementor-section-height-default elementor-section-height-default shadepro-adv-gradient-no shadepro-sticky-no\" data-id=\"bb1ee73\" data-element_type=\"section\" data-e-type=\"section\" data-settings=\"{&quot;shadepro_sticky&quot;:&quot;no&quot;}\">\n\t\t\t\t\t\t<div class=\"elementor-container elementor-column-gap-default\">\n\t\t\t\t\t<div class=\"elementor-column elementor-col-100 elementor-top-column elementor-element elementor-element-7b1ffb5\" data-id=\"7b1ffb5\" data-element_type=\"column\" data-e-type=\"column\">\n\t\t\t<div class=\"elementor-widget-wrap elementor-element-populated\">\n\t\t\t\t\t\t<div class=\"elementor-element elementor-element-416ac90 shadepro-sticky-no elementor-widget elementor-widget-heading\" data-id=\"416ac90\" data-element_type=\"widget\" data-e-type=\"widget\" data-settings=\"{&quot;shadepro_sticky&quot;:&quot;no&quot;}\" data-widget_type=\"heading.default\">\n\t\t\t\t<div class=\"elementor-widget-container\">\n\t\t\t\t\t<h1 class=\"elementor-heading-title elementor-size-default\">S\u00e9lection des candidats<\/h1>\t\t\t\t<\/div>\n\t\t\t\t<\/div>\n\t\t\t\t<div class=\"elementor-element elementor-element-2bea842 shadepro-sticky-no elementor-widget elementor-widget-text-editor\" data-id=\"2bea842\" data-element_type=\"widget\" data-e-type=\"widget\" data-settings=\"{&quot;shadepro_sticky&quot;:&quot;no&quot;}\" data-widget_type=\"text-editor.default\">\n\t\t\t\t<div class=\"elementor-widget-container\">\n\t\t\t\t\t\t\t\t\t<p>Augmentez votre productivit\u00e9 en mati\u00e8re de recrutement et g\u00e9rez l&#8217;ensemble du processus de candidature, de l&#8217;analyse initiale des candidats \u00e0 la communication personnelle !<\/p>\t\t\t\t\t\t\t\t<\/div>\n\t\t\t\t<\/div>\n\t\t\t\t<section class=\"elementor-section elementor-inner-section elementor-element elementor-element-68edec0 elementor-section-boxed elementor-section-height-default elementor-section-height-default shadepro-adv-gradient-no shadepro-sticky-no\" data-id=\"68edec0\" data-element_type=\"section\" data-e-type=\"section\" data-settings=\"{&quot;shadepro_sticky&quot;:&quot;no&quot;}\">\n\t\t\t\t\t\t<div class=\"elementor-container elementor-column-gap-default\">\n\t\t\t\t\t<div class=\"elementor-column elementor-col-100 elementor-inner-column elementor-element elementor-element-0b84a49\" data-id=\"0b84a49\" data-element_type=\"column\" data-e-type=\"column\">\n\t\t\t<div class=\"elementor-widget-wrap elementor-element-populated\">\n\t\t\t\t\t\t<div class=\"elementor-element elementor-element-6bd41c1 shadepro-sticky-no elementor-widget elementor-widget-text-editor\" data-id=\"6bd41c1\" data-element_type=\"widget\" data-e-type=\"widget\" data-settings=\"{&quot;shadepro_sticky&quot;:&quot;no&quot;}\" data-widget_type=\"text-editor.default\">\n\t\t\t\t<div class=\"elementor-widget-container\">\n\t\t\t\t\t\t\t\t\t<h3>Recherche efficace dans vos profils de candidats<\/h3><p>La fonction de recherche de candidats de 1Tool vous permet d&#8217;effectuer une recherche rapide et efficace dans toute votre base de donn\u00e9es de candidats. \u00c0 l&#8217;aide de nombreux champs, que vous pouvez bien s\u00fbr d\u00e9finir vous-m\u00eame, vous pouvez limiter votre recherche selon certains crit\u00e8res et trouver ainsi les candidats ad\u00e9quats en quelques secondes. <\/p><p>Vous trouverez ensuite une liste claire des r\u00e9sultats de votre recherche de candidats. Vous pouvez effectuer diverses actions directement \u00e0 partir de cette vue. Par exemple, vous pouvez marquer les contacts que vous souhaitez inviter \u00e0 un entretien et leur envoyer des messages personnalis\u00e9s par e-mail sans effort.  <\/p><p>Il est \u00e9galement possible d&#8217;afficher les r\u00e9sultats de votre recherche sur une carte g\u00e9ographique. Ainsi, vous pouvez toujours localiser les candidats et conna\u00eetre les postes qui leur correspondent dans leur r\u00e9gion. <\/p><h3>D\u00e9cision collaborative<\/h3><p>L&#8217;\u00e9valuation interne et l&#8217;ajout de commentaires facilitent la s\u00e9lection commune des candidats et tiennent chaque employ\u00e9 inform\u00e9 de l&#8217;avancement des candidatures.<\/p><p>Pas de recherche fastidieuse dans des documents ou des dossiers &#8211; les notes d&#8217;entretiens et de conversations t\u00e9l\u00e9phoniques ainsi que les documents de candidature pertinents sont directement class\u00e9s avec le profil des candidats et organis\u00e9s par ordre chronologique.<\/p><p>Une recherche plein texte permet \u00e9galement de rechercher dans les dossiers de candidature des mots-cl\u00e9s sp\u00e9cifiques qui sont particuli\u00e8rement importants pour le poste \u00e0 pourvoir.<\/p>\t\t\t\t\t\t\t\t<\/div>\n\t\t\t\t<\/div>\n\t\t\t\t\t<\/div>\n\t\t<\/div>\n\t\t\t\t\t<\/div>\n\t\t<\/section>\n\t\t\t\t\t<\/div>\n\t\t<\/div>\n\t\t\t\t\t<\/div>\n\t\t<\/section>\n\t\t\t\t<\/div>\n\t\t","protected":false},"excerpt":{"rendered":"<p>S\u00e9lection des candidats Augmentez votre productivit\u00e9 en mati\u00e8re de recrutement et g\u00e9rez l&#8217;ensemble du processus de candidature, de l&#8217;analyse initiale des candidats \u00e0 la communication personnelle ! Recherche efficace dans vos profils de candidats La fonction de recherche de candidats de 1Tool vous permet d&#8217;effectuer une recherche rapide et efficace dans toute votre base de [&hellip;]<\/p>\n","protected":false},"author":1,"featured_media":0,"parent":79036,"menu_order":0,"comment_status":"closed","ping_status":"closed","template":"","meta":{"inline_featured_image":false,"footnotes":""},"class_list":["post-78849","page","type-page","status-publish","hentry"],"acf":[],"yoast_head":"<!-- This site is optimized with the Yoast SEO plugin v27.5 - https:\/\/yoast.com\/product\/yoast-seo-wordpress\/ -->\n<title>S\u00e9lection des candidats - 1Tool<\/title>\n<meta name=\"robots\" content=\"index, follow, max-snippet:-1, max-image-preview:large, max-video-preview:-1\" \/>\n<link rel=\"canonical\" href=\"https:\/\/www.1tool.com\/fr\/modules\/modules-speciaux\/gestion-des-candidatures\/fonctions-du-module-de-gestion-des-candidatures\/selection-des-candidats\/\" \/>\n<meta property=\"og:locale\" content=\"fr_FR\" \/>\n<meta property=\"og:type\" content=\"article\" \/>\n<meta property=\"og:title\" content=\"S\u00e9lection des candidats - 1Tool\" \/>\n<meta property=\"og:description\" content=\"S\u00e9lection des candidats Augmentez votre productivit\u00e9 en mati\u00e8re de recrutement et g\u00e9rez l&#8217;ensemble du processus de candidature, de l&#8217;analyse initiale des candidats \u00e0 la communication personnelle ! Recherche efficace dans vos profils de candidats La fonction de recherche de candidats de 1Tool vous permet d&#8217;effectuer une recherche rapide et efficace dans toute votre base de [&hellip;]\" \/>\n<meta property=\"og:url\" content=\"https:\/\/www.1tool.com\/fr\/modules\/modules-speciaux\/gestion-des-candidatures\/fonctions-du-module-de-gestion-des-candidatures\/selection-des-candidats\/\" \/>\n<meta property=\"og:site_name\" content=\"1Tool\" \/>\n<meta property=\"article:modified_time\" content=\"2026-05-07T12:59:26+00:00\" \/>\n<meta name=\"twitter:card\" content=\"summary_large_image\" \/>\n<meta name=\"twitter:label1\" content=\"Dur\u00e9e de lecture estim\u00e9e\" \/>\n\t<meta name=\"twitter:data1\" content=\"1 minute\" \/>\n<script type=\"application\/ld+json\" class=\"yoast-schema-graph\">{\"@context\":\"https:\\\/\\\/schema.org\",\"@graph\":[{\"@type\":\"WebPage\",\"@id\":\"https:\\\/\\\/www.1tool.com\\\/fr\\\/modules\\\/modules-speciaux\\\/gestion-des-candidatures\\\/fonctions-du-module-de-gestion-des-candidatures\\\/selection-des-candidats\\\/\",\"url\":\"https:\\\/\\\/www.1tool.com\\\/fr\\\/modules\\\/modules-speciaux\\\/gestion-des-candidatures\\\/fonctions-du-module-de-gestion-des-candidatures\\\/selection-des-candidats\\\/\",\"name\":\"S\u00e9lection des candidats - 1Tool\",\"isPartOf\":{\"@id\":\"https:\\\/\\\/www.1tool.com\\\/fr\\\/#website\"},\"datePublished\":\"2022-03-31T02:23:06+00:00\",\"dateModified\":\"2026-05-07T12:59:26+00:00\",\"breadcrumb\":{\"@id\":\"https:\\\/\\\/www.1tool.com\\\/fr\\\/modules\\\/modules-speciaux\\\/gestion-des-candidatures\\\/fonctions-du-module-de-gestion-des-candidatures\\\/selection-des-candidats\\\/#breadcrumb\"},\"inLanguage\":\"fr-FR\",\"potentialAction\":[{\"@type\":\"ReadAction\",\"target\":[\"https:\\\/\\\/www.1tool.com\\\/fr\\\/modules\\\/modules-speciaux\\\/gestion-des-candidatures\\\/fonctions-du-module-de-gestion-des-candidatures\\\/selection-des-candidats\\\/\"]}]},{\"@type\":\"BreadcrumbList\",\"@id\":\"https:\\\/\\\/www.1tool.com\\\/fr\\\/modules\\\/modules-speciaux\\\/gestion-des-candidatures\\\/fonctions-du-module-de-gestion-des-candidatures\\\/selection-des-candidats\\\/#breadcrumb\",\"itemListElement\":[{\"@type\":\"ListItem\",\"position\":1,\"name\":\"Home\",\"item\":\"https:\\\/\\\/www.1tool.com\\\/fr\\\/\"},{\"@type\":\"ListItem\",\"position\":2,\"name\":\"Modules\",\"item\":\"https:\\\/\\\/www.1tool.com\\\/fr\\\/module\\\/\"},{\"@type\":\"ListItem\",\"position\":3,\"name\":\"Modules sp\u00e9ciaux\",\"item\":\"https:\\\/\\\/www.1tool.com\\\/fr\\\/modules\\\/modules-speciaux\\\/\"},{\"@type\":\"ListItem\",\"position\":4,\"name\":\"Gestion des candidatures\",\"item\":\"https:\\\/\\\/www.1tool.com\\\/fr\\\/modules\\\/modules-speciaux\\\/gestion-des-candidatures\\\/\"},{\"@type\":\"ListItem\",\"position\":5,\"name\":\"Fonctions du module de gestion des candidatures\",\"item\":\"https:\\\/\\\/www.1tool.com\\\/fr\\\/modules\\\/modules-speciaux\\\/gestion-des-candidatures\\\/fonctions-du-module-de-gestion-des-candidatures\\\/\"},{\"@type\":\"ListItem\",\"position\":6,\"name\":\"S\u00e9lection des candidats\"}]},{\"@type\":\"WebSite\",\"@id\":\"https:\\\/\\\/www.1tool.com\\\/fr\\\/#website\",\"url\":\"https:\\\/\\\/www.1tool.com\\\/fr\\\/\",\"name\":\"1Tool\",\"description\":\"CRM\",\"publisher\":{\"@id\":\"https:\\\/\\\/www.1tool.com\\\/fr\\\/#organization\"},\"potentialAction\":[{\"@type\":\"SearchAction\",\"target\":{\"@type\":\"EntryPoint\",\"urlTemplate\":\"https:\\\/\\\/www.1tool.com\\\/fr\\\/?s={search_term_string}\"},\"query-input\":{\"@type\":\"PropertyValueSpecification\",\"valueRequired\":true,\"valueName\":\"search_term_string\"}}],\"inLanguage\":\"fr-FR\"},{\"@type\":\"Organization\",\"@id\":\"https:\\\/\\\/www.1tool.com\\\/fr\\\/#organization\",\"name\":\"1Tool\",\"url\":\"https:\\\/\\\/www.1tool.com\\\/fr\\\/\",\"logo\":{\"@type\":\"ImageObject\",\"inLanguage\":\"fr-FR\",\"@id\":\"https:\\\/\\\/www.1tool.com\\\/fr\\\/#\\\/schema\\\/logo\\\/image\\\/\",\"url\":\"https:\\\/\\\/www.1tool.com\\\/wp-content\\\/uploads\\\/2022\\\/04\\\/1tool-1.png\",\"contentUrl\":\"https:\\\/\\\/www.1tool.com\\\/wp-content\\\/uploads\\\/2022\\\/04\\\/1tool-1.png\",\"width\":400,\"height\":150,\"caption\":\"1Tool\"},\"image\":{\"@id\":\"https:\\\/\\\/www.1tool.com\\\/fr\\\/#\\\/schema\\\/logo\\\/image\\\/\"}}]}<\/script>\n<!-- \/ Yoast SEO plugin. -->","yoast_head_json":{"title":"S\u00e9lection des candidats - 1Tool","robots":{"index":"index","follow":"follow","max-snippet":"max-snippet:-1","max-image-preview":"max-image-preview:large","max-video-preview":"max-video-preview:-1"},"canonical":"https:\/\/www.1tool.com\/fr\/modules\/modules-speciaux\/gestion-des-candidatures\/fonctions-du-module-de-gestion-des-candidatures\/selection-des-candidats\/","og_locale":"fr_FR","og_type":"article","og_title":"S\u00e9lection des candidats - 1Tool","og_description":"S\u00e9lection des candidats Augmentez votre productivit\u00e9 en mati\u00e8re de recrutement et g\u00e9rez l&#8217;ensemble du processus de candidature, de l&#8217;analyse initiale des candidats \u00e0 la communication personnelle ! Recherche efficace dans vos profils de candidats La fonction de recherche de candidats de 1Tool vous permet d&#8217;effectuer une recherche rapide et efficace dans toute votre base de [&hellip;]","og_url":"https:\/\/www.1tool.com\/fr\/modules\/modules-speciaux\/gestion-des-candidatures\/fonctions-du-module-de-gestion-des-candidatures\/selection-des-candidats\/","og_site_name":"1Tool","article_modified_time":"2026-05-07T12:59:26+00:00","twitter_card":"summary_large_image","twitter_misc":{"Dur\u00e9e de lecture estim\u00e9e":"1 minute"},"schema":{"@context":"https:\/\/schema.org","@graph":[{"@type":"WebPage","@id":"https:\/\/www.1tool.com\/fr\/modules\/modules-speciaux\/gestion-des-candidatures\/fonctions-du-module-de-gestion-des-candidatures\/selection-des-candidats\/","url":"https:\/\/www.1tool.com\/fr\/modules\/modules-speciaux\/gestion-des-candidatures\/fonctions-du-module-de-gestion-des-candidatures\/selection-des-candidats\/","name":"S\u00e9lection des candidats - 1Tool","isPartOf":{"@id":"https:\/\/www.1tool.com\/fr\/#website"},"datePublished":"2022-03-31T02:23:06+00:00","dateModified":"2026-05-07T12:59:26+00:00","breadcrumb":{"@id":"https:\/\/www.1tool.com\/fr\/modules\/modules-speciaux\/gestion-des-candidatures\/fonctions-du-module-de-gestion-des-candidatures\/selection-des-candidats\/#breadcrumb"},"inLanguage":"fr-FR","potentialAction":[{"@type":"ReadAction","target":["https:\/\/www.1tool.com\/fr\/modules\/modules-speciaux\/gestion-des-candidatures\/fonctions-du-module-de-gestion-des-candidatures\/selection-des-candidats\/"]}]},{"@type":"BreadcrumbList","@id":"https:\/\/www.1tool.com\/fr\/modules\/modules-speciaux\/gestion-des-candidatures\/fonctions-du-module-de-gestion-des-candidatures\/selection-des-candidats\/#breadcrumb","itemListElement":[{"@type":"ListItem","position":1,"name":"Home","item":"https:\/\/www.1tool.com\/fr\/"},{"@type":"ListItem","position":2,"name":"Modules","item":"https:\/\/www.1tool.com\/fr\/module\/"},{"@type":"ListItem","position":3,"name":"Modules sp\u00e9ciaux","item":"https:\/\/www.1tool.com\/fr\/modules\/modules-speciaux\/"},{"@type":"ListItem","position":4,"name":"Gestion des candidatures","item":"https:\/\/www.1tool.com\/fr\/modules\/modules-speciaux\/gestion-des-candidatures\/"},{"@type":"ListItem","position":5,"name":"Fonctions du module de gestion des candidatures","item":"https:\/\/www.1tool.com\/fr\/modules\/modules-speciaux\/gestion-des-candidatures\/fonctions-du-module-de-gestion-des-candidatures\/"},{"@type":"ListItem","position":6,"name":"S\u00e9lection des candidats"}]},{"@type":"WebSite","@id":"https:\/\/www.1tool.com\/fr\/#website","url":"https:\/\/www.1tool.com\/fr\/","name":"1Tool","description":"CRM","publisher":{"@id":"https:\/\/www.1tool.com\/fr\/#organization"},"potentialAction":[{"@type":"SearchAction","target":{"@type":"EntryPoint","urlTemplate":"https:\/\/www.1tool.com\/fr\/?s={search_term_string}"},"query-input":{"@type":"PropertyValueSpecification","valueRequired":true,"valueName":"search_term_string"}}],"inLanguage":"fr-FR"},{"@type":"Organization","@id":"https:\/\/www.1tool.com\/fr\/#organization","name":"1Tool","url":"https:\/\/www.1tool.com\/fr\/","logo":{"@type":"ImageObject","inLanguage":"fr-FR","@id":"https:\/\/www.1tool.com\/fr\/#\/schema\/logo\/image\/","url":"https:\/\/www.1tool.com\/wp-content\/uploads\/2022\/04\/1tool-1.png","contentUrl":"https:\/\/www.1tool.com\/wp-content\/uploads\/2022\/04\/1tool-1.png","width":400,"height":150,"caption":"1Tool"},"image":{"@id":"https:\/\/www.1tool.com\/fr\/#\/schema\/logo\/image\/"}}]}},"_links":{"self":[{"href":"https:\/\/www.1tool.com\/fr\/wp-json\/wp\/v2\/pages\/78849","targetHints":{"allow":["GET"]}}],"collection":[{"href":"https:\/\/www.1tool.com\/fr\/wp-json\/wp\/v2\/pages"}],"about":[{"href":"https:\/\/www.1tool.com\/fr\/wp-json\/wp\/v2\/types\/page"}],"author":[{"embeddable":true,"href":"https:\/\/www.1tool.com\/fr\/wp-json\/wp\/v2\/users\/1"}],"replies":[{"embeddable":true,"href":"https:\/\/www.1tool.com\/fr\/wp-json\/wp\/v2\/comments?post=78849"}],"version-history":[{"count":1,"href":"https:\/\/www.1tool.com\/fr\/wp-json\/wp\/v2\/pages\/78849\/revisions"}],"predecessor-version":[{"id":78851,"href":"https:\/\/www.1tool.com\/fr\/wp-json\/wp\/v2\/pages\/78849\/revisions\/78851"}],"up":[{"embeddable":true,"href":"https:\/\/www.1tool.com\/fr\/wp-json\/wp\/v2\/pages\/79036"}],"wp:attachment":[{"href":"https:\/\/www.1tool.com\/fr\/wp-json\/wp\/v2\/media?parent=78849"}],"curies":[{"name":"wp","href":"https:\/\/api.w.org\/{rel}","templated":true}]}}