{"id":78850,"date":"2022-03-31T04:35:34","date_gmt":"2022-03-31T02:35:34","guid":{"rendered":"https:\/\/www.1tool.com\/logiciel-personnel\/"},"modified":"2026-05-07T14:59:27","modified_gmt":"2026-05-07T12:59:27","slug":"logiciel-personnel","status":"publish","type":"page","link":"https:\/\/www.1tool.com\/fr\/modules\/modules-speciaux\/gestion-des-candidatures\/fonctions-du-module-de-gestion-des-candidatures\/logiciel-personnel\/","title":{"rendered":"Logiciel personnel"},"content":{"rendered":"\t\t<div data-elementor-type=\"wp-page\" data-elementor-id=\"78850\" class=\"elementor elementor-78850 elementor-49763\" data-elementor-post-type=\"page\">\n\t\t\t\t\t\t<section class=\"elementor-section elementor-top-section elementor-element elementor-element-fdf59cc elementor-section-boxed elementor-section-height-default elementor-section-height-default shadepro-adv-gradient-no shadepro-sticky-no\" data-id=\"fdf59cc\" data-element_type=\"section\" data-e-type=\"section\" data-settings=\"{&quot;shadepro_sticky&quot;:&quot;no&quot;}\">\n\t\t\t\t\t\t<div class=\"elementor-container elementor-column-gap-default\">\n\t\t\t\t\t<div class=\"elementor-column elementor-col-100 elementor-top-column elementor-element elementor-element-90b3fde\" data-id=\"90b3fde\" data-element_type=\"column\" data-e-type=\"column\">\n\t\t\t<div class=\"elementor-widget-wrap elementor-element-populated\">\n\t\t\t\t\t\t<div class=\"elementor-element elementor-element-5111547 shadepro-sticky-no elementor-widget elementor-widget-heading\" data-id=\"5111547\" data-element_type=\"widget\" data-e-type=\"widget\" data-settings=\"{&quot;shadepro_sticky&quot;:&quot;no&quot;}\" data-widget_type=\"heading.default\">\n\t\t\t\t<div class=\"elementor-widget-container\">\n\t\t\t\t\t<h1 class=\"elementor-heading-title elementor-size-default\">Logiciel personnel<\/h1>\t\t\t\t<\/div>\n\t\t\t\t<\/div>\n\t\t\t\t<div class=\"elementor-element elementor-element-05a3ab8 shadepro-sticky-no elementor-widget elementor-widget-text-editor\" data-id=\"05a3ab8\" data-element_type=\"widget\" data-e-type=\"widget\" data-settings=\"{&quot;shadepro_sticky&quot;:&quot;no&quot;}\" data-widget_type=\"text-editor.default\">\n\t\t\t\t<div class=\"elementor-widget-container\">\n\t\t\t\t\t\t\t\t\t<p>De l&#8217;offre d&#8217;emploi \u00e0 la s\u00e9lection des candidats, notre logiciel de gestion des candidatures vous permet de recruter efficacement !<\/p>\t\t\t\t\t\t\t\t<\/div>\n\t\t\t\t<\/div>\n\t\t\t\t<section class=\"elementor-section elementor-inner-section elementor-element elementor-element-a811abf elementor-section-boxed elementor-section-height-default elementor-section-height-default shadepro-adv-gradient-no shadepro-sticky-no\" data-id=\"a811abf\" data-element_type=\"section\" data-e-type=\"section\" data-settings=\"{&quot;shadepro_sticky&quot;:&quot;no&quot;}\">\n\t\t\t\t\t\t<div class=\"elementor-container elementor-column-gap-default\">\n\t\t\t\t\t<div class=\"elementor-column elementor-col-100 elementor-inner-column elementor-element elementor-element-59dedfe\" data-id=\"59dedfe\" data-element_type=\"column\" data-e-type=\"column\">\n\t\t\t<div class=\"elementor-widget-wrap elementor-element-populated\">\n\t\t\t\t\t\t<div class=\"elementor-element elementor-element-ef1d983 shadepro-sticky-no elementor-widget elementor-widget-text-editor\" data-id=\"ef1d983\" data-element_type=\"widget\" data-e-type=\"widget\" data-settings=\"{&quot;shadepro_sticky&quot;:&quot;no&quot;}\" data-widget_type=\"text-editor.default\">\n\t\t\t\t<div class=\"elementor-widget-container\">\n\t\t\t\t\t\t\t\t\t<h3>Recrutement innovant avec la gestion des candidatures 1Tool<\/h3><p>G\u00e9rez l&#8217;ensemble de votre processus de recrutement avec 1Tool Gestion des Candidats. De la cr\u00e9ation de vos offres d&#8217;emploi \u00e0 la s\u00e9lection des candidats, vous g\u00e9rez toutes les \u00e9tapes en un seul endroit. Prenez des d\u00e9cisions en \u00e9quipe et trouvez \u00e0 coup s\u00fbr le bon candidat pour chaque poste !  <\/p><h3>Augmenter le nombre de candidats avec la gestion des candidatures 1Tool<\/h3><p>Que vous soyez une agence de recrutement, une PME ou une grande entreprise, le logiciel de gestion des candidatures 1Tool s&#8217;adapte \u00e0 votre processus de recrutement et vous aide \u00e0 trouver les bons candidats en un clic.<\/p><p>Vous cr\u00e9ez vos offres d&#8217;emploi directement dans la gestion des candidats &#8211; gr\u00e2ce \u00e0 l&#8217;int\u00e9gration dans votre site web, le poste appara\u00eet en un clic sur votre portail de carri\u00e8re et vous donnez ainsi aux candidats la possibilit\u00e9 de postuler directement en ligne. Les donn\u00e9es du candidat sont transf\u00e9r\u00e9es de mani\u00e8re enti\u00e8rement automatique dans la base de donn\u00e9es de notre logiciel de gestion professionnelle des candidatures et les CV sont lus. Cela ne facilite pas seulement votre travail quotidien, mais rend \u00e9galement le processus de candidature des candidats aussi simple et facile que possible !  <\/p><p>En savoir plus sur la gestion des emplois<\/p><h3>Vaste r\u00e9servoir de talents et communication efficace sur les candidats<\/h3><p>Les candidats g\u00e8rent eux-m\u00eames leur profil via leur propre acc\u00e8s \u00e0 votre portail d&#8217;emploi et peuvent ajouter directement de nouvelles connaissances et exp\u00e9riences. La gestion des candidats 1Tool enregistre automatiquement toutes les donn\u00e9es pertinentes de vos candidats dans une base de donn\u00e9es centrale, vous permettant ainsi d&#8217;identifier les meilleurs candidats en un coup d&#8217;\u0153il. Gr\u00e2ce \u00e0 la fonction de recherche \u00e9tendue de notre logiciel de gestion des candidatures, vous pouvez trouver en un clic dans votre base de donn\u00e9es les candidats qui correspondent aux qualifications et \u00e0 l&#8217;exp\u00e9rience requises et les inviter directement \u00e0 un entretien.  <\/p><p>Le statut actuel de vos postes et candidats est toujours visible et facilite la collaboration au sein de l&#8217;\u00e9quipe. Gr\u00e2ce aux commentaires et aux documents, vous et vos coll\u00e8gues \u00e9changez des informations et prenez une d\u00e9cision ensemble. Gr\u00e2ce \u00e0 des mod\u00e8les d&#8217;e-mail et \u00e0 un marketing par e-mail professionnel, vous communiquez votre d\u00e9cision aux candidats en appuyant sur un bouton ou vous les tenez au courant d&#8217;autres offres d&#8217;emploi prometteuses.  <\/p><p>S\u00e9lection des candidats &amp; communication<\/p><h3>Aper\u00e7u du processus de gestion des candidatures<\/h3><p>En plus de la gestion des emplois et des candidats, des rapports pr\u00e9cis vous permettent de garder un \u0153il sur les co\u00fbts, les efforts et le succ\u00e8s de votre gestion des candidatures, et de planifier et coordonner les t\u00e2ches de votre processus de recrutement de mani\u00e8re d\u00e9taill\u00e9e. Les fonctions suppl\u00e9mentaires de gestion de la relation client (CRM) de notre logiciel garantissent \u00e9galement une gestion efficace des employ\u00e9s apr\u00e8s le processus de recrutement. <\/p>\t\t\t\t\t\t\t\t<\/div>\n\t\t\t\t<\/div>\n\t\t\t\t\t<\/div>\n\t\t<\/div>\n\t\t\t\t\t<\/div>\n\t\t<\/section>\n\t\t\t\t\t<\/div>\n\t\t<\/div>\n\t\t\t\t\t<\/div>\n\t\t<\/section>\n\t\t\t\t<\/div>\n\t\t","protected":false},"excerpt":{"rendered":"<p>Logiciel personnel De l&#8217;offre d&#8217;emploi \u00e0 la s\u00e9lection des candidats, notre logiciel de gestion des candidatures vous permet de recruter efficacement ! Recrutement innovant avec la gestion des candidatures 1Tool G\u00e9rez l&#8217;ensemble de votre processus de recrutement avec 1Tool Gestion des Candidats. De la cr\u00e9ation de vos offres d&#8217;emploi \u00e0 la s\u00e9lection des candidats, vous [&hellip;]<\/p>\n","protected":false},"author":1,"featured_media":0,"parent":79036,"menu_order":0,"comment_status":"closed","ping_status":"closed","template":"","meta":{"inline_featured_image":false,"footnotes":""},"class_list":["post-78850","page","type-page","status-publish","hentry"],"acf":[],"yoast_head":"<!-- This site is optimized with the Yoast SEO plugin v27.5 - https:\/\/yoast.com\/product\/yoast-seo-wordpress\/ -->\n<title>Logiciel personnel - 1Tool<\/title>\n<meta name=\"robots\" content=\"index, follow, max-snippet:-1, max-image-preview:large, max-video-preview:-1\" \/>\n<link rel=\"canonical\" href=\"https:\/\/www.1tool.com\/fr\/modules\/modules-speciaux\/gestion-des-candidatures\/fonctions-du-module-de-gestion-des-candidatures\/logiciel-personnel\/\" \/>\n<meta property=\"og:locale\" content=\"fr_FR\" \/>\n<meta property=\"og:type\" content=\"article\" \/>\n<meta property=\"og:title\" content=\"Logiciel personnel - 1Tool\" \/>\n<meta property=\"og:description\" content=\"Logiciel personnel De l&#8217;offre d&#8217;emploi \u00e0 la s\u00e9lection des candidats, notre logiciel de gestion des candidatures vous permet de recruter efficacement ! Recrutement innovant avec la gestion des candidatures 1Tool G\u00e9rez l&#8217;ensemble de votre processus de recrutement avec 1Tool Gestion des Candidats. De la cr\u00e9ation de vos offres d&#8217;emploi \u00e0 la s\u00e9lection des candidats, vous [&hellip;]\" \/>\n<meta property=\"og:url\" content=\"https:\/\/www.1tool.com\/fr\/modules\/modules-speciaux\/gestion-des-candidatures\/fonctions-du-module-de-gestion-des-candidatures\/logiciel-personnel\/\" \/>\n<meta property=\"og:site_name\" content=\"1Tool\" \/>\n<meta property=\"article:modified_time\" content=\"2026-05-07T12:59:27+00:00\" \/>\n<meta name=\"twitter:card\" content=\"summary_large_image\" \/>\n<meta name=\"twitter:label1\" content=\"Dur\u00e9e de lecture estim\u00e9e\" \/>\n\t<meta name=\"twitter:data1\" content=\"3 minutes\" \/>\n<script type=\"application\/ld+json\" class=\"yoast-schema-graph\">{\"@context\":\"https:\\\/\\\/schema.org\",\"@graph\":[{\"@type\":\"WebPage\",\"@id\":\"https:\\\/\\\/www.1tool.com\\\/fr\\\/modules\\\/modules-speciaux\\\/gestion-des-candidatures\\\/fonctions-du-module-de-gestion-des-candidatures\\\/logiciel-personnel\\\/\",\"url\":\"https:\\\/\\\/www.1tool.com\\\/fr\\\/modules\\\/modules-speciaux\\\/gestion-des-candidatures\\\/fonctions-du-module-de-gestion-des-candidatures\\\/logiciel-personnel\\\/\",\"name\":\"Logiciel personnel - 1Tool\",\"isPartOf\":{\"@id\":\"https:\\\/\\\/www.1tool.com\\\/fr\\\/#website\"},\"datePublished\":\"2022-03-31T02:35:34+00:00\",\"dateModified\":\"2026-05-07T12:59:27+00:00\",\"breadcrumb\":{\"@id\":\"https:\\\/\\\/www.1tool.com\\\/fr\\\/modules\\\/modules-speciaux\\\/gestion-des-candidatures\\\/fonctions-du-module-de-gestion-des-candidatures\\\/logiciel-personnel\\\/#breadcrumb\"},\"inLanguage\":\"fr-FR\",\"potentialAction\":[{\"@type\":\"ReadAction\",\"target\":[\"https:\\\/\\\/www.1tool.com\\\/fr\\\/modules\\\/modules-speciaux\\\/gestion-des-candidatures\\\/fonctions-du-module-de-gestion-des-candidatures\\\/logiciel-personnel\\\/\"]}]},{\"@type\":\"BreadcrumbList\",\"@id\":\"https:\\\/\\\/www.1tool.com\\\/fr\\\/modules\\\/modules-speciaux\\\/gestion-des-candidatures\\\/fonctions-du-module-de-gestion-des-candidatures\\\/logiciel-personnel\\\/#breadcrumb\",\"itemListElement\":[{\"@type\":\"ListItem\",\"position\":1,\"name\":\"Home\",\"item\":\"https:\\\/\\\/www.1tool.com\\\/fr\\\/\"},{\"@type\":\"ListItem\",\"position\":2,\"name\":\"Modules\",\"item\":\"https:\\\/\\\/www.1tool.com\\\/fr\\\/module\\\/\"},{\"@type\":\"ListItem\",\"position\":3,\"name\":\"Modules sp\u00e9ciaux\",\"item\":\"https:\\\/\\\/www.1tool.com\\\/fr\\\/modules\\\/modules-speciaux\\\/\"},{\"@type\":\"ListItem\",\"position\":4,\"name\":\"Gestion des candidatures\",\"item\":\"https:\\\/\\\/www.1tool.com\\\/fr\\\/modules\\\/modules-speciaux\\\/gestion-des-candidatures\\\/\"},{\"@type\":\"ListItem\",\"position\":5,\"name\":\"Fonctions du module de gestion des candidatures\",\"item\":\"https:\\\/\\\/www.1tool.com\\\/fr\\\/modules\\\/modules-speciaux\\\/gestion-des-candidatures\\\/fonctions-du-module-de-gestion-des-candidatures\\\/\"},{\"@type\":\"ListItem\",\"position\":6,\"name\":\"Logiciel personnel\"}]},{\"@type\":\"WebSite\",\"@id\":\"https:\\\/\\\/www.1tool.com\\\/fr\\\/#website\",\"url\":\"https:\\\/\\\/www.1tool.com\\\/fr\\\/\",\"name\":\"1Tool\",\"description\":\"CRM\",\"publisher\":{\"@id\":\"https:\\\/\\\/www.1tool.com\\\/fr\\\/#organization\"},\"potentialAction\":[{\"@type\":\"SearchAction\",\"target\":{\"@type\":\"EntryPoint\",\"urlTemplate\":\"https:\\\/\\\/www.1tool.com\\\/fr\\\/?s={search_term_string}\"},\"query-input\":{\"@type\":\"PropertyValueSpecification\",\"valueRequired\":true,\"valueName\":\"search_term_string\"}}],\"inLanguage\":\"fr-FR\"},{\"@type\":\"Organization\",\"@id\":\"https:\\\/\\\/www.1tool.com\\\/fr\\\/#organization\",\"name\":\"1Tool\",\"url\":\"https:\\\/\\\/www.1tool.com\\\/fr\\\/\",\"logo\":{\"@type\":\"ImageObject\",\"inLanguage\":\"fr-FR\",\"@id\":\"https:\\\/\\\/www.1tool.com\\\/fr\\\/#\\\/schema\\\/logo\\\/image\\\/\",\"url\":\"https:\\\/\\\/www.1tool.com\\\/wp-content\\\/uploads\\\/2022\\\/04\\\/1tool-1.png\",\"contentUrl\":\"https:\\\/\\\/www.1tool.com\\\/wp-content\\\/uploads\\\/2022\\\/04\\\/1tool-1.png\",\"width\":400,\"height\":150,\"caption\":\"1Tool\"},\"image\":{\"@id\":\"https:\\\/\\\/www.1tool.com\\\/fr\\\/#\\\/schema\\\/logo\\\/image\\\/\"}}]}<\/script>\n<!-- \/ Yoast SEO plugin. -->","yoast_head_json":{"title":"Logiciel personnel - 1Tool","robots":{"index":"index","follow":"follow","max-snippet":"max-snippet:-1","max-image-preview":"max-image-preview:large","max-video-preview":"max-video-preview:-1"},"canonical":"https:\/\/www.1tool.com\/fr\/modules\/modules-speciaux\/gestion-des-candidatures\/fonctions-du-module-de-gestion-des-candidatures\/logiciel-personnel\/","og_locale":"fr_FR","og_type":"article","og_title":"Logiciel personnel - 1Tool","og_description":"Logiciel personnel De l&#8217;offre d&#8217;emploi \u00e0 la s\u00e9lection des candidats, notre logiciel de gestion des candidatures vous permet de recruter efficacement ! Recrutement innovant avec la gestion des candidatures 1Tool G\u00e9rez l&#8217;ensemble de votre processus de recrutement avec 1Tool Gestion des Candidats. De la cr\u00e9ation de vos offres d&#8217;emploi \u00e0 la s\u00e9lection des candidats, vous [&hellip;]","og_url":"https:\/\/www.1tool.com\/fr\/modules\/modules-speciaux\/gestion-des-candidatures\/fonctions-du-module-de-gestion-des-candidatures\/logiciel-personnel\/","og_site_name":"1Tool","article_modified_time":"2026-05-07T12:59:27+00:00","twitter_card":"summary_large_image","twitter_misc":{"Dur\u00e9e de lecture estim\u00e9e":"3 minutes"},"schema":{"@context":"https:\/\/schema.org","@graph":[{"@type":"WebPage","@id":"https:\/\/www.1tool.com\/fr\/modules\/modules-speciaux\/gestion-des-candidatures\/fonctions-du-module-de-gestion-des-candidatures\/logiciel-personnel\/","url":"https:\/\/www.1tool.com\/fr\/modules\/modules-speciaux\/gestion-des-candidatures\/fonctions-du-module-de-gestion-des-candidatures\/logiciel-personnel\/","name":"Logiciel personnel - 1Tool","isPartOf":{"@id":"https:\/\/www.1tool.com\/fr\/#website"},"datePublished":"2022-03-31T02:35:34+00:00","dateModified":"2026-05-07T12:59:27+00:00","breadcrumb":{"@id":"https:\/\/www.1tool.com\/fr\/modules\/modules-speciaux\/gestion-des-candidatures\/fonctions-du-module-de-gestion-des-candidatures\/logiciel-personnel\/#breadcrumb"},"inLanguage":"fr-FR","potentialAction":[{"@type":"ReadAction","target":["https:\/\/www.1tool.com\/fr\/modules\/modules-speciaux\/gestion-des-candidatures\/fonctions-du-module-de-gestion-des-candidatures\/logiciel-personnel\/"]}]},{"@type":"BreadcrumbList","@id":"https:\/\/www.1tool.com\/fr\/modules\/modules-speciaux\/gestion-des-candidatures\/fonctions-du-module-de-gestion-des-candidatures\/logiciel-personnel\/#breadcrumb","itemListElement":[{"@type":"ListItem","position":1,"name":"Home","item":"https:\/\/www.1tool.com\/fr\/"},{"@type":"ListItem","position":2,"name":"Modules","item":"https:\/\/www.1tool.com\/fr\/module\/"},{"@type":"ListItem","position":3,"name":"Modules sp\u00e9ciaux","item":"https:\/\/www.1tool.com\/fr\/modules\/modules-speciaux\/"},{"@type":"ListItem","position":4,"name":"Gestion des candidatures","item":"https:\/\/www.1tool.com\/fr\/modules\/modules-speciaux\/gestion-des-candidatures\/"},{"@type":"ListItem","position":5,"name":"Fonctions du module de gestion des candidatures","item":"https:\/\/www.1tool.com\/fr\/modules\/modules-speciaux\/gestion-des-candidatures\/fonctions-du-module-de-gestion-des-candidatures\/"},{"@type":"ListItem","position":6,"name":"Logiciel personnel"}]},{"@type":"WebSite","@id":"https:\/\/www.1tool.com\/fr\/#website","url":"https:\/\/www.1tool.com\/fr\/","name":"1Tool","description":"CRM","publisher":{"@id":"https:\/\/www.1tool.com\/fr\/#organization"},"potentialAction":[{"@type":"SearchAction","target":{"@type":"EntryPoint","urlTemplate":"https:\/\/www.1tool.com\/fr\/?s={search_term_string}"},"query-input":{"@type":"PropertyValueSpecification","valueRequired":true,"valueName":"search_term_string"}}],"inLanguage":"fr-FR"},{"@type":"Organization","@id":"https:\/\/www.1tool.com\/fr\/#organization","name":"1Tool","url":"https:\/\/www.1tool.com\/fr\/","logo":{"@type":"ImageObject","inLanguage":"fr-FR","@id":"https:\/\/www.1tool.com\/fr\/#\/schema\/logo\/image\/","url":"https:\/\/www.1tool.com\/wp-content\/uploads\/2022\/04\/1tool-1.png","contentUrl":"https:\/\/www.1tool.com\/wp-content\/uploads\/2022\/04\/1tool-1.png","width":400,"height":150,"caption":"1Tool"},"image":{"@id":"https:\/\/www.1tool.com\/fr\/#\/schema\/logo\/image\/"}}]}},"_links":{"self":[{"href":"https:\/\/www.1tool.com\/fr\/wp-json\/wp\/v2\/pages\/78850","targetHints":{"allow":["GET"]}}],"collection":[{"href":"https:\/\/www.1tool.com\/fr\/wp-json\/wp\/v2\/pages"}],"about":[{"href":"https:\/\/www.1tool.com\/fr\/wp-json\/wp\/v2\/types\/page"}],"author":[{"embeddable":true,"href":"https:\/\/www.1tool.com\/fr\/wp-json\/wp\/v2\/users\/1"}],"replies":[{"embeddable":true,"href":"https:\/\/www.1tool.com\/fr\/wp-json\/wp\/v2\/comments?post=78850"}],"version-history":[{"count":1,"href":"https:\/\/www.1tool.com\/fr\/wp-json\/wp\/v2\/pages\/78850\/revisions"}],"predecessor-version":[{"id":78852,"href":"https:\/\/www.1tool.com\/fr\/wp-json\/wp\/v2\/pages\/78850\/revisions\/78852"}],"up":[{"embeddable":true,"href":"https:\/\/www.1tool.com\/fr\/wp-json\/wp\/v2\/pages\/79036"}],"wp:attachment":[{"href":"https:\/\/www.1tool.com\/fr\/wp-json\/wp\/v2\/media?parent=78850"}],"curies":[{"name":"wp","href":"https:\/\/api.w.org\/{rel}","templated":true}]}}