{"id":78854,"date":"2022-03-31T04:32:28","date_gmt":"2022-03-31T02:32:28","guid":{"rendered":"https:\/\/www.1tool.com\/gestion-des-employes\/"},"modified":"2026-05-07T14:59:27","modified_gmt":"2026-05-07T12:59:27","slug":"gestion-des-employes","status":"publish","type":"page","link":"https:\/\/www.1tool.com\/fr\/modules\/modules-speciaux\/gestion-des-candidatures\/fonctions-du-module-de-gestion-des-candidatures\/gestion-des-employes\/","title":{"rendered":"Gestion des employ\u00e9s"},"content":{"rendered":"\t\t<div data-elementor-type=\"wp-page\" data-elementor-id=\"78854\" class=\"elementor elementor-78854 elementor-49752\" data-elementor-post-type=\"page\">\n\t\t\t\t\t\t<section class=\"elementor-section elementor-top-section elementor-element elementor-element-293e640 elementor-section-boxed elementor-section-height-default elementor-section-height-default shadepro-adv-gradient-no shadepro-sticky-no\" data-id=\"293e640\" data-element_type=\"section\" data-e-type=\"section\" data-settings=\"{&quot;shadepro_sticky&quot;:&quot;no&quot;}\">\n\t\t\t\t\t\t<div class=\"elementor-container elementor-column-gap-default\">\n\t\t\t\t\t<div class=\"elementor-column elementor-col-100 elementor-top-column elementor-element elementor-element-ca0c934\" data-id=\"ca0c934\" data-element_type=\"column\" data-e-type=\"column\">\n\t\t\t<div class=\"elementor-widget-wrap elementor-element-populated\">\n\t\t\t\t\t\t<div class=\"elementor-element elementor-element-92f6fce shadepro-sticky-no elementor-widget elementor-widget-heading\" data-id=\"92f6fce\" data-element_type=\"widget\" data-e-type=\"widget\" data-settings=\"{&quot;shadepro_sticky&quot;:&quot;no&quot;}\" data-widget_type=\"heading.default\">\n\t\t\t\t<div class=\"elementor-widget-container\">\n\t\t\t\t\t<h1 class=\"elementor-heading-title elementor-size-default\">Gestion des employ\u00e9s<\/h1>\t\t\t\t<\/div>\n\t\t\t\t<\/div>\n\t\t\t\t<div class=\"elementor-element elementor-element-be25e9c shadepro-sticky-no elementor-widget elementor-widget-text-editor\" data-id=\"be25e9c\" data-element_type=\"widget\" data-e-type=\"widget\" data-settings=\"{&quot;shadepro_sticky&quot;:&quot;no&quot;}\" data-widget_type=\"text-editor.default\">\n\t\t\t\t<div class=\"elementor-widget-container\">\n\t\t\t\t\t\t\t\t\t<p>1Tool Gestion des employ\u00e9s &#8211; La solution pour une gestion professionnelle des ressources humaines dans votre entreprise<\/p>\t\t\t\t\t\t\t\t<\/div>\n\t\t\t\t<\/div>\n\t\t\t\t<section class=\"elementor-section elementor-inner-section elementor-element elementor-element-1f7d346 elementor-section-boxed elementor-section-height-default elementor-section-height-default shadepro-adv-gradient-no shadepro-sticky-no\" data-id=\"1f7d346\" data-element_type=\"section\" data-e-type=\"section\" data-settings=\"{&quot;shadepro_sticky&quot;:&quot;no&quot;}\">\n\t\t\t\t\t\t<div class=\"elementor-container elementor-column-gap-default\">\n\t\t\t\t\t<div class=\"elementor-column elementor-col-100 elementor-inner-column elementor-element elementor-element-d0c0b6e\" data-id=\"d0c0b6e\" data-element_type=\"column\" data-e-type=\"column\">\n\t\t\t<div class=\"elementor-widget-wrap elementor-element-populated\">\n\t\t\t\t\t\t<div class=\"elementor-element elementor-element-b59d24f shadepro-sticky-no elementor-widget elementor-widget-text-editor\" data-id=\"b59d24f\" data-element_type=\"widget\" data-e-type=\"widget\" data-settings=\"{&quot;shadepro_sticky&quot;:&quot;no&quot;}\" data-widget_type=\"text-editor.default\">\n\t\t\t\t<div class=\"elementor-widget-container\">\n\t\t\t\t\t\t\t\t\t<h3>Un logiciel intelligent pour la gestion de vos employ\u00e9s<\/h3><p>Notre logiciel de gestion des ressources humaines 1Tool vous aide bien au-del\u00e0 de la simple gestion des candidatures et assure une gestion r\u00e9ussie des employ\u00e9s m\u00eame apr\u00e8s le recrutement des candidats. De nombreuses fonctionnalit\u00e9s r\u00e9duisent la charge administrative de vos processus RH et vous aident \u00e0 vous concentrer sur la qualit\u00e9 de votre gestion. Motiver et fid\u00e9liser les employ\u00e9s &#8211; aucun probl\u00e8me avec le logiciel 1Tool pour une gestion r\u00e9ussie des employ\u00e9s !  <\/p><h3>Une solution pour l&#8217;ensemble des ressources humaines<\/h3><p>Qu&#8217;il s&#8217;agisse du d\u00e9veloppement du personnel, de la r\u00e9glementation des horaires de travail ou de la r\u00e9partition des t\u00e2ches, notre logiciel professionnel de gestion du personnel vous offre une solution globale pour la gestion de vos ressources humaines. L&#8217;interface utilisateur intuitive du logiciel RH 1Tool vous permet d&#8217;\u00eatre plus efficace et d&#8217;automatiser la gestion des donn\u00e9es relatives au personnel. La solution RH peut \u00eatre adapt\u00e9e individuellement \u00e0 votre travail quotidien de gestion du personnel et est disponible sur n&#8217;importe quel terminal, ind\u00e9pendamment du lieu et de l&#8217;heure, gr\u00e2ce \u00e0 un acc\u00e8s bas\u00e9 sur le web.  <\/p><h4>G\u00e9rer les dossiers du personnel en un clic<\/h4><p>Gr\u00e2ce \u00e0 la gestion compl\u00e8te des contacts de la solution 1Tool, non seulement les donn\u00e9es des clients ou des fournisseurs sont disponibles en un clic, mais une fiche structur\u00e9e des employ\u00e9s est \u00e9galement cr\u00e9\u00e9e pour une gestion efficace du personnel. Les donn\u00e9es personnelles, les t\u00e2ches, les heures de travail et les rendez-vous peuvent \u00eatre saisis facilement en un seul endroit. <\/p><h4>La saisie du temps de travail en toute simplicit\u00e9<\/h4><p>Pour chaque employ\u00e9, vous d\u00e9finissez son temps de travail dans la gestion des employ\u00e9s. Les heures de travail investies, que ce soit pour des projets, des t\u00e2ches ou des contacts sp\u00e9cifiques, sont automatiquement enregistr\u00e9es en un seul clic et consign\u00e9es dans le rapport de saisie des temps de vos collaborateurs. Vous avez ainsi un aper\u00e7u permanent des activit\u00e9s effectu\u00e9es, des heures de travail, des heures suppl\u00e9mentaires, des cong\u00e9s ou des cong\u00e9s maladie.  <\/p><h4>R\u00e9partition efficace des t\u00e2ches et des ressources<\/h4><p>Une gestion de projet r\u00e9ussie devient un jeu d&#8217;enfant avec 1Tool &#8211; car ici aussi la gestion des employ\u00e9s a quelques fonctions intelligentes \u00e0 offrir : Planifier et coordonner efficacement les ressources, cr\u00e9er des t\u00e2ches et attribuer des employ\u00e9s en un clic.<\/p><h4>Marque employeur professionnelle<\/h4><p>Les newsletters et alertes d&#8217;employ\u00e9s 1Tool vous permettent de tenir vos employ\u00e9s au courant des nouvelles de l&#8217;entreprise, de vos objectifs et de vos r\u00e9ussites, et de vous positionner comme un employeur attractif. Les groupes de contacts et les listes de diffusion garantissent l&#8217;envoi de nouvelles \u00e0 vos employ\u00e9s et leur fournissent r\u00e9guli\u00e8rement des informations pertinentes. <\/p><h4>D\u00e9veloppement des ressources humaines pour vos professionnels<\/h4><p>Encouragez vos talents et offrez-leur des possibilit\u00e9s de formation optimales avec le logiciel de gestion des employ\u00e9s 1Tool. Les s\u00e9minaires et les cours peuvent \u00eatre g\u00e9r\u00e9s en un clic dans 1Tool et les participants peuvent \u00eatre pris en charge de mani\u00e8re optimale. <\/p><h4>Contr\u00f4le r\u00e9gulier de la satisfaction de vos employ\u00e9s<\/h4><p>Des employ\u00e9s satisfaits sont la ressource la plus importante d&#8217;une entreprise. Pour vous assurer que vos employ\u00e9s vous appr\u00e9cient en tant qu&#8217;employeur et qu&#8217;ils sont heureux de leurs t\u00e2ches et de leurs activit\u00e9s, notre gestion des employ\u00e9s propose un module d&#8217;enqu\u00eate professionnel qui vous permet d&#8217;\u00e9valuer la satisfaction de vos employ\u00e9s \u00e0 intervalles r\u00e9guliers en appuyant sur un bouton. <\/p>\t\t\t\t\t\t\t\t<\/div>\n\t\t\t\t<\/div>\n\t\t\t\t\t<\/div>\n\t\t<\/div>\n\t\t\t\t\t<\/div>\n\t\t<\/section>\n\t\t\t\t\t<\/div>\n\t\t<\/div>\n\t\t\t\t\t<\/div>\n\t\t<\/section>\n\t\t\t\t<\/div>\n\t\t","protected":false},"excerpt":{"rendered":"<p>Gestion des employ\u00e9s 1Tool Gestion des employ\u00e9s &#8211; La solution pour une gestion professionnelle des ressources humaines dans votre entreprise Un logiciel intelligent pour la gestion de vos employ\u00e9s Notre logiciel de gestion des ressources humaines 1Tool vous aide bien au-del\u00e0 de la simple gestion des candidatures et assure une gestion r\u00e9ussie des employ\u00e9s m\u00eame [&hellip;]<\/p>\n","protected":false},"author":1,"featured_media":0,"parent":79036,"menu_order":0,"comment_status":"closed","ping_status":"closed","template":"","meta":{"inline_featured_image":false,"footnotes":""},"class_list":["post-78854","page","type-page","status-publish","hentry"],"acf":[],"yoast_head":"<!-- This site is optimized with the Yoast SEO plugin v27.5 - https:\/\/yoast.com\/product\/yoast-seo-wordpress\/ -->\n<title>Gestion des employ\u00e9s - 1Tool<\/title>\n<meta name=\"robots\" content=\"index, follow, max-snippet:-1, max-image-preview:large, max-video-preview:-1\" \/>\n<link rel=\"canonical\" href=\"https:\/\/www.1tool.com\/fr\/modules\/modules-speciaux\/gestion-des-candidatures\/fonctions-du-module-de-gestion-des-candidatures\/gestion-des-employes\/\" \/>\n<meta property=\"og:locale\" content=\"fr_FR\" \/>\n<meta property=\"og:type\" content=\"article\" \/>\n<meta property=\"og:title\" content=\"Gestion des employ\u00e9s - 1Tool\" \/>\n<meta property=\"og:description\" content=\"Gestion des employ\u00e9s 1Tool Gestion des employ\u00e9s &#8211; La solution pour une gestion professionnelle des ressources humaines dans votre entreprise Un logiciel intelligent pour la gestion de vos employ\u00e9s Notre logiciel de gestion des ressources humaines 1Tool vous aide bien au-del\u00e0 de la simple gestion des candidatures et assure une gestion r\u00e9ussie des employ\u00e9s m\u00eame [&hellip;]\" \/>\n<meta property=\"og:url\" content=\"https:\/\/www.1tool.com\/fr\/modules\/modules-speciaux\/gestion-des-candidatures\/fonctions-du-module-de-gestion-des-candidatures\/gestion-des-employes\/\" \/>\n<meta property=\"og:site_name\" content=\"1Tool\" \/>\n<meta property=\"article:modified_time\" content=\"2026-05-07T12:59:27+00:00\" \/>\n<meta name=\"twitter:card\" content=\"summary_large_image\" \/>\n<meta name=\"twitter:label1\" content=\"Dur\u00e9e de lecture estim\u00e9e\" \/>\n\t<meta name=\"twitter:data1\" content=\"3 minutes\" \/>\n<script type=\"application\/ld+json\" class=\"yoast-schema-graph\">{\"@context\":\"https:\\\/\\\/schema.org\",\"@graph\":[{\"@type\":\"WebPage\",\"@id\":\"https:\\\/\\\/www.1tool.com\\\/fr\\\/modules\\\/modules-speciaux\\\/gestion-des-candidatures\\\/fonctions-du-module-de-gestion-des-candidatures\\\/gestion-des-employes\\\/\",\"url\":\"https:\\\/\\\/www.1tool.com\\\/fr\\\/modules\\\/modules-speciaux\\\/gestion-des-candidatures\\\/fonctions-du-module-de-gestion-des-candidatures\\\/gestion-des-employes\\\/\",\"name\":\"Gestion des employ\u00e9s - 1Tool\",\"isPartOf\":{\"@id\":\"https:\\\/\\\/www.1tool.com\\\/fr\\\/#website\"},\"datePublished\":\"2022-03-31T02:32:28+00:00\",\"dateModified\":\"2026-05-07T12:59:27+00:00\",\"breadcrumb\":{\"@id\":\"https:\\\/\\\/www.1tool.com\\\/fr\\\/modules\\\/modules-speciaux\\\/gestion-des-candidatures\\\/fonctions-du-module-de-gestion-des-candidatures\\\/gestion-des-employes\\\/#breadcrumb\"},\"inLanguage\":\"fr-FR\",\"potentialAction\":[{\"@type\":\"ReadAction\",\"target\":[\"https:\\\/\\\/www.1tool.com\\\/fr\\\/modules\\\/modules-speciaux\\\/gestion-des-candidatures\\\/fonctions-du-module-de-gestion-des-candidatures\\\/gestion-des-employes\\\/\"]}]},{\"@type\":\"BreadcrumbList\",\"@id\":\"https:\\\/\\\/www.1tool.com\\\/fr\\\/modules\\\/modules-speciaux\\\/gestion-des-candidatures\\\/fonctions-du-module-de-gestion-des-candidatures\\\/gestion-des-employes\\\/#breadcrumb\",\"itemListElement\":[{\"@type\":\"ListItem\",\"position\":1,\"name\":\"Home\",\"item\":\"https:\\\/\\\/www.1tool.com\\\/fr\\\/\"},{\"@type\":\"ListItem\",\"position\":2,\"name\":\"Modules\",\"item\":\"https:\\\/\\\/www.1tool.com\\\/fr\\\/module\\\/\"},{\"@type\":\"ListItem\",\"position\":3,\"name\":\"Modules sp\u00e9ciaux\",\"item\":\"https:\\\/\\\/www.1tool.com\\\/fr\\\/modules\\\/modules-speciaux\\\/\"},{\"@type\":\"ListItem\",\"position\":4,\"name\":\"Gestion des candidatures\",\"item\":\"https:\\\/\\\/www.1tool.com\\\/fr\\\/modules\\\/modules-speciaux\\\/gestion-des-candidatures\\\/\"},{\"@type\":\"ListItem\",\"position\":5,\"name\":\"Fonctions du module de gestion des candidatures\",\"item\":\"https:\\\/\\\/www.1tool.com\\\/fr\\\/modules\\\/modules-speciaux\\\/gestion-des-candidatures\\\/fonctions-du-module-de-gestion-des-candidatures\\\/\"},{\"@type\":\"ListItem\",\"position\":6,\"name\":\"Gestion des employ\u00e9s\"}]},{\"@type\":\"WebSite\",\"@id\":\"https:\\\/\\\/www.1tool.com\\\/fr\\\/#website\",\"url\":\"https:\\\/\\\/www.1tool.com\\\/fr\\\/\",\"name\":\"1Tool\",\"description\":\"CRM\",\"publisher\":{\"@id\":\"https:\\\/\\\/www.1tool.com\\\/fr\\\/#organization\"},\"potentialAction\":[{\"@type\":\"SearchAction\",\"target\":{\"@type\":\"EntryPoint\",\"urlTemplate\":\"https:\\\/\\\/www.1tool.com\\\/fr\\\/?s={search_term_string}\"},\"query-input\":{\"@type\":\"PropertyValueSpecification\",\"valueRequired\":true,\"valueName\":\"search_term_string\"}}],\"inLanguage\":\"fr-FR\"},{\"@type\":\"Organization\",\"@id\":\"https:\\\/\\\/www.1tool.com\\\/fr\\\/#organization\",\"name\":\"1Tool\",\"url\":\"https:\\\/\\\/www.1tool.com\\\/fr\\\/\",\"logo\":{\"@type\":\"ImageObject\",\"inLanguage\":\"fr-FR\",\"@id\":\"https:\\\/\\\/www.1tool.com\\\/fr\\\/#\\\/schema\\\/logo\\\/image\\\/\",\"url\":\"https:\\\/\\\/www.1tool.com\\\/wp-content\\\/uploads\\\/2022\\\/04\\\/1tool-1.png\",\"contentUrl\":\"https:\\\/\\\/www.1tool.com\\\/wp-content\\\/uploads\\\/2022\\\/04\\\/1tool-1.png\",\"width\":400,\"height\":150,\"caption\":\"1Tool\"},\"image\":{\"@id\":\"https:\\\/\\\/www.1tool.com\\\/fr\\\/#\\\/schema\\\/logo\\\/image\\\/\"}}]}<\/script>\n<!-- \/ Yoast SEO plugin. -->","yoast_head_json":{"title":"Gestion des employ\u00e9s - 1Tool","robots":{"index":"index","follow":"follow","max-snippet":"max-snippet:-1","max-image-preview":"max-image-preview:large","max-video-preview":"max-video-preview:-1"},"canonical":"https:\/\/www.1tool.com\/fr\/modules\/modules-speciaux\/gestion-des-candidatures\/fonctions-du-module-de-gestion-des-candidatures\/gestion-des-employes\/","og_locale":"fr_FR","og_type":"article","og_title":"Gestion des employ\u00e9s - 1Tool","og_description":"Gestion des employ\u00e9s 1Tool Gestion des employ\u00e9s &#8211; La solution pour une gestion professionnelle des ressources humaines dans votre entreprise Un logiciel intelligent pour la gestion de vos employ\u00e9s Notre logiciel de gestion des ressources humaines 1Tool vous aide bien au-del\u00e0 de la simple gestion des candidatures et assure une gestion r\u00e9ussie des employ\u00e9s m\u00eame [&hellip;]","og_url":"https:\/\/www.1tool.com\/fr\/modules\/modules-speciaux\/gestion-des-candidatures\/fonctions-du-module-de-gestion-des-candidatures\/gestion-des-employes\/","og_site_name":"1Tool","article_modified_time":"2026-05-07T12:59:27+00:00","twitter_card":"summary_large_image","twitter_misc":{"Dur\u00e9e de lecture estim\u00e9e":"3 minutes"},"schema":{"@context":"https:\/\/schema.org","@graph":[{"@type":"WebPage","@id":"https:\/\/www.1tool.com\/fr\/modules\/modules-speciaux\/gestion-des-candidatures\/fonctions-du-module-de-gestion-des-candidatures\/gestion-des-employes\/","url":"https:\/\/www.1tool.com\/fr\/modules\/modules-speciaux\/gestion-des-candidatures\/fonctions-du-module-de-gestion-des-candidatures\/gestion-des-employes\/","name":"Gestion des employ\u00e9s - 1Tool","isPartOf":{"@id":"https:\/\/www.1tool.com\/fr\/#website"},"datePublished":"2022-03-31T02:32:28+00:00","dateModified":"2026-05-07T12:59:27+00:00","breadcrumb":{"@id":"https:\/\/www.1tool.com\/fr\/modules\/modules-speciaux\/gestion-des-candidatures\/fonctions-du-module-de-gestion-des-candidatures\/gestion-des-employes\/#breadcrumb"},"inLanguage":"fr-FR","potentialAction":[{"@type":"ReadAction","target":["https:\/\/www.1tool.com\/fr\/modules\/modules-speciaux\/gestion-des-candidatures\/fonctions-du-module-de-gestion-des-candidatures\/gestion-des-employes\/"]}]},{"@type":"BreadcrumbList","@id":"https:\/\/www.1tool.com\/fr\/modules\/modules-speciaux\/gestion-des-candidatures\/fonctions-du-module-de-gestion-des-candidatures\/gestion-des-employes\/#breadcrumb","itemListElement":[{"@type":"ListItem","position":1,"name":"Home","item":"https:\/\/www.1tool.com\/fr\/"},{"@type":"ListItem","position":2,"name":"Modules","item":"https:\/\/www.1tool.com\/fr\/module\/"},{"@type":"ListItem","position":3,"name":"Modules sp\u00e9ciaux","item":"https:\/\/www.1tool.com\/fr\/modules\/modules-speciaux\/"},{"@type":"ListItem","position":4,"name":"Gestion des candidatures","item":"https:\/\/www.1tool.com\/fr\/modules\/modules-speciaux\/gestion-des-candidatures\/"},{"@type":"ListItem","position":5,"name":"Fonctions du module de gestion des candidatures","item":"https:\/\/www.1tool.com\/fr\/modules\/modules-speciaux\/gestion-des-candidatures\/fonctions-du-module-de-gestion-des-candidatures\/"},{"@type":"ListItem","position":6,"name":"Gestion des employ\u00e9s"}]},{"@type":"WebSite","@id":"https:\/\/www.1tool.com\/fr\/#website","url":"https:\/\/www.1tool.com\/fr\/","name":"1Tool","description":"CRM","publisher":{"@id":"https:\/\/www.1tool.com\/fr\/#organization"},"potentialAction":[{"@type":"SearchAction","target":{"@type":"EntryPoint","urlTemplate":"https:\/\/www.1tool.com\/fr\/?s={search_term_string}"},"query-input":{"@type":"PropertyValueSpecification","valueRequired":true,"valueName":"search_term_string"}}],"inLanguage":"fr-FR"},{"@type":"Organization","@id":"https:\/\/www.1tool.com\/fr\/#organization","name":"1Tool","url":"https:\/\/www.1tool.com\/fr\/","logo":{"@type":"ImageObject","inLanguage":"fr-FR","@id":"https:\/\/www.1tool.com\/fr\/#\/schema\/logo\/image\/","url":"https:\/\/www.1tool.com\/wp-content\/uploads\/2022\/04\/1tool-1.png","contentUrl":"https:\/\/www.1tool.com\/wp-content\/uploads\/2022\/04\/1tool-1.png","width":400,"height":150,"caption":"1Tool"},"image":{"@id":"https:\/\/www.1tool.com\/fr\/#\/schema\/logo\/image\/"}}]}},"_links":{"self":[{"href":"https:\/\/www.1tool.com\/fr\/wp-json\/wp\/v2\/pages\/78854","targetHints":{"allow":["GET"]}}],"collection":[{"href":"https:\/\/www.1tool.com\/fr\/wp-json\/wp\/v2\/pages"}],"about":[{"href":"https:\/\/www.1tool.com\/fr\/wp-json\/wp\/v2\/types\/page"}],"author":[{"embeddable":true,"href":"https:\/\/www.1tool.com\/fr\/wp-json\/wp\/v2\/users\/1"}],"replies":[{"embeddable":true,"href":"https:\/\/www.1tool.com\/fr\/wp-json\/wp\/v2\/comments?post=78854"}],"version-history":[{"count":1,"href":"https:\/\/www.1tool.com\/fr\/wp-json\/wp\/v2\/pages\/78854\/revisions"}],"predecessor-version":[{"id":78857,"href":"https:\/\/www.1tool.com\/fr\/wp-json\/wp\/v2\/pages\/78854\/revisions\/78857"}],"up":[{"embeddable":true,"href":"https:\/\/www.1tool.com\/fr\/wp-json\/wp\/v2\/pages\/79036"}],"wp:attachment":[{"href":"https:\/\/www.1tool.com\/fr\/wp-json\/wp\/v2\/media?parent=78854"}],"curies":[{"name":"wp","href":"https:\/\/api.w.org\/{rel}","templated":true}]}}