{"id":78862,"date":"2022-03-31T04:28:31","date_gmt":"2022-03-31T02:28:31","guid":{"rendered":"https:\/\/www.1tool.com\/communication-avec-les-candidats\/"},"modified":"2026-05-07T14:59:26","modified_gmt":"2026-05-07T12:59:26","slug":"communication-avec-les-candidats","status":"publish","type":"page","link":"https:\/\/www.1tool.com\/fr\/modules\/modules-speciaux\/gestion-des-candidatures\/fonctions-du-module-de-gestion-des-candidatures\/communication-avec-les-candidats\/","title":{"rendered":"Communication avec les candidats"},"content":{"rendered":"\t\t<div data-elementor-type=\"wp-page\" data-elementor-id=\"78862\" class=\"elementor elementor-78862 elementor-49736\" data-elementor-post-type=\"page\">\n\t\t\t\t\t\t<section class=\"elementor-section elementor-top-section elementor-element elementor-element-c533c9a elementor-section-boxed elementor-section-height-default elementor-section-height-default shadepro-adv-gradient-no shadepro-sticky-no\" data-id=\"c533c9a\" data-element_type=\"section\" data-e-type=\"section\" data-settings=\"{&quot;shadepro_sticky&quot;:&quot;no&quot;}\">\n\t\t\t\t\t\t<div class=\"elementor-container elementor-column-gap-default\">\n\t\t\t\t\t<div class=\"elementor-column elementor-col-100 elementor-top-column elementor-element elementor-element-145479e\" data-id=\"145479e\" data-element_type=\"column\" data-e-type=\"column\">\n\t\t\t<div class=\"elementor-widget-wrap elementor-element-populated\">\n\t\t\t\t\t\t<div class=\"elementor-element elementor-element-f61d504 shadepro-sticky-no elementor-widget elementor-widget-heading\" data-id=\"f61d504\" data-element_type=\"widget\" data-e-type=\"widget\" data-settings=\"{&quot;shadepro_sticky&quot;:&quot;no&quot;}\" data-widget_type=\"heading.default\">\n\t\t\t\t<div class=\"elementor-widget-container\">\n\t\t\t\t\t<h1 class=\"elementor-heading-title elementor-size-default\">Communication avec les candidats<\/h1>\t\t\t\t<\/div>\n\t\t\t\t<\/div>\n\t\t\t\t<div class=\"elementor-element elementor-element-e56c7e0 shadepro-sticky-no elementor-widget elementor-widget-text-editor\" data-id=\"e56c7e0\" data-element_type=\"widget\" data-e-type=\"widget\" data-settings=\"{&quot;shadepro_sticky&quot;:&quot;no&quot;}\" data-widget_type=\"text-editor.default\">\n\t\t\t\t<div class=\"elementor-widget-container\">\n\t\t\t\t\t\t\t\t\t<p>Le logiciel 1Tool e-Recruiting vous permet d&#8217;atteindre des candidats potentiels sur tous les canaux pertinents et de b\u00e9n\u00e9ficier d&#8217;informations sur les candidats qui sont toujours \u00e0 jour !<\/p>\t\t\t\t\t\t\t\t<\/div>\n\t\t\t\t<\/div>\n\t\t\t\t<section class=\"elementor-section elementor-inner-section elementor-element elementor-element-3aa7365 elementor-section-boxed elementor-section-height-default elementor-section-height-default shadepro-adv-gradient-no shadepro-sticky-no\" data-id=\"3aa7365\" data-element_type=\"section\" data-e-type=\"section\" data-settings=\"{&quot;shadepro_sticky&quot;:&quot;no&quot;}\">\n\t\t\t\t\t\t<div class=\"elementor-container elementor-column-gap-default\">\n\t\t\t\t\t<div class=\"elementor-column elementor-col-100 elementor-inner-column elementor-element elementor-element-2fc3dbe\" data-id=\"2fc3dbe\" data-element_type=\"column\" data-e-type=\"column\">\n\t\t\t<div class=\"elementor-widget-wrap elementor-element-populated\">\n\t\t\t\t\t\t<div class=\"elementor-element elementor-element-8ba4b33 shadepro-sticky-no elementor-widget elementor-widget-text-editor\" data-id=\"8ba4b33\" data-element_type=\"widget\" data-e-type=\"widget\" data-settings=\"{&quot;shadepro_sticky&quot;:&quot;no&quot;}\" data-widget_type=\"text-editor.default\">\n\t\t\t\t<div class=\"elementor-widget-container\">\n\t\t\t\t\t\t\t\t\t<h3>Communication automatis\u00e9e avec les candidats<\/h3><p>Lorsqu&#8217;une d\u00e9cision est prise, les candidats doivent \u00e9galement en \u00eatre inform\u00e9s le plus rapidement possible. Et pour que vous puissiez communiquer directement votre d\u00e9cision, 1Tool vous permet de g\u00e9n\u00e9rer diff\u00e9rents mod\u00e8les de mail. En un seul clic, vous pouvez envoyer des messages automatis\u00e9s \u00e0 vos candidats pour les informer d&#8217;un refus, d&#8217;une confirmation ou d&#8217;une invitation \u00e0 passer au tour suivant.  <\/p><p>Des espaces r\u00e9serv\u00e9s sp\u00e9ciaux apportent une touche personnelle \u00e0 vos e-mails. Ainsi, les donn\u00e9es enregistr\u00e9es dans le logiciel RH permettent de g\u00e9n\u00e9rer des adresses directes via le nom. <\/p><h3>Lettre d&#8217;information par e-mail<\/h3><p>Informez r\u00e9guli\u00e8rement les candidats des nouvelles offres d&#8217;emploi qui correspondent le mieux \u00e0 leur profil. Cela vous permet non seulement de trouver plus facilement les candidats ad\u00e9quats, mais aussi de rester en contact avec les candidats prometteurs et de vous positionner comme un partenaire de placement important pour eux. <\/p><p>Utilisez les listes de diffusion intelligentes de 1Tool ! Elles vous permettent de classer vos candidats en fonction de leurs qualifications et de leurs int\u00e9r\u00eats et d&#8217;envoyer des offres d&#8217;emploi appropri\u00e9es en appuyant simplement sur un bouton. <\/p><h3>Rappel par SMS<\/h3><p>Avec 1Tool, les candidats sont rappel\u00e9s avant un entretien d&#8217;embauche. Pour cela, il vous suffit d&#8217;envoyer une newsletter SMS. Non seulement les SMS sont g\u00e9n\u00e9ralement lus d\u00e8s leur r\u00e9ception, mais vos candidats remarquent d\u00e9j\u00e0 le professionnalisme de votre entreprise. En outre, les rendez-vous et les t\u00e2ches peuvent \u00eatre organis\u00e9s de mani\u00e8re beaucoup plus efficace &#8211; car : Les candidats se d\u00e9sistent au moins si vous recevez un SMS de rappel avant l&#8217;entretien d&#8217;embauche !   <\/p>\t\t\t\t\t\t\t\t<\/div>\n\t\t\t\t<\/div>\n\t\t\t\t\t<\/div>\n\t\t<\/div>\n\t\t\t\t\t<\/div>\n\t\t<\/section>\n\t\t\t\t\t<\/div>\n\t\t<\/div>\n\t\t\t\t\t<\/div>\n\t\t<\/section>\n\t\t\t\t<\/div>\n\t\t","protected":false},"excerpt":{"rendered":"<p>Communication avec les candidats Le logiciel 1Tool e-Recruiting vous permet d&#8217;atteindre des candidats potentiels sur tous les canaux pertinents et de b\u00e9n\u00e9ficier d&#8217;informations sur les candidats qui sont toujours \u00e0 jour ! Communication automatis\u00e9e avec les candidats Lorsqu&#8217;une d\u00e9cision est prise, les candidats doivent \u00e9galement en \u00eatre inform\u00e9s le plus rapidement possible. Et pour que [&hellip;]<\/p>\n","protected":false},"author":1,"featured_media":0,"parent":79036,"menu_order":0,"comment_status":"closed","ping_status":"closed","template":"","meta":{"inline_featured_image":false,"footnotes":""},"class_list":["post-78862","page","type-page","status-publish","hentry"],"acf":[],"yoast_head":"<!-- This site is optimized with the Yoast SEO plugin v27.5 - https:\/\/yoast.com\/product\/yoast-seo-wordpress\/ -->\n<title>Communication avec les candidats - 1Tool<\/title>\n<meta name=\"robots\" content=\"index, follow, max-snippet:-1, max-image-preview:large, max-video-preview:-1\" \/>\n<link rel=\"canonical\" href=\"https:\/\/www.1tool.com\/fr\/modules\/modules-speciaux\/gestion-des-candidatures\/fonctions-du-module-de-gestion-des-candidatures\/communication-avec-les-candidats\/\" \/>\n<meta property=\"og:locale\" content=\"fr_FR\" \/>\n<meta property=\"og:type\" content=\"article\" \/>\n<meta property=\"og:title\" content=\"Communication avec les candidats - 1Tool\" \/>\n<meta property=\"og:description\" content=\"Communication avec les candidats Le logiciel 1Tool e-Recruiting vous permet d&#8217;atteindre des candidats potentiels sur tous les canaux pertinents et de b\u00e9n\u00e9ficier d&#8217;informations sur les candidats qui sont toujours \u00e0 jour ! Communication automatis\u00e9e avec les candidats Lorsqu&#8217;une d\u00e9cision est prise, les candidats doivent \u00e9galement en \u00eatre inform\u00e9s le plus rapidement possible. Et pour que [&hellip;]\" \/>\n<meta property=\"og:url\" content=\"https:\/\/www.1tool.com\/fr\/modules\/modules-speciaux\/gestion-des-candidatures\/fonctions-du-module-de-gestion-des-candidatures\/communication-avec-les-candidats\/\" \/>\n<meta property=\"og:site_name\" content=\"1Tool\" \/>\n<meta property=\"article:modified_time\" content=\"2026-05-07T12:59:26+00:00\" \/>\n<meta name=\"twitter:card\" content=\"summary_large_image\" \/>\n<meta name=\"twitter:label1\" content=\"Dur\u00e9e de lecture estim\u00e9e\" \/>\n\t<meta name=\"twitter:data1\" content=\"2 minutes\" \/>\n<script type=\"application\/ld+json\" class=\"yoast-schema-graph\">{\"@context\":\"https:\\\/\\\/schema.org\",\"@graph\":[{\"@type\":\"WebPage\",\"@id\":\"https:\\\/\\\/www.1tool.com\\\/fr\\\/modules\\\/modules-speciaux\\\/gestion-des-candidatures\\\/fonctions-du-module-de-gestion-des-candidatures\\\/communication-avec-les-candidats\\\/\",\"url\":\"https:\\\/\\\/www.1tool.com\\\/fr\\\/modules\\\/modules-speciaux\\\/gestion-des-candidatures\\\/fonctions-du-module-de-gestion-des-candidatures\\\/communication-avec-les-candidats\\\/\",\"name\":\"Communication avec les candidats - 1Tool\",\"isPartOf\":{\"@id\":\"https:\\\/\\\/www.1tool.com\\\/fr\\\/#website\"},\"datePublished\":\"2022-03-31T02:28:31+00:00\",\"dateModified\":\"2026-05-07T12:59:26+00:00\",\"breadcrumb\":{\"@id\":\"https:\\\/\\\/www.1tool.com\\\/fr\\\/modules\\\/modules-speciaux\\\/gestion-des-candidatures\\\/fonctions-du-module-de-gestion-des-candidatures\\\/communication-avec-les-candidats\\\/#breadcrumb\"},\"inLanguage\":\"fr-FR\",\"potentialAction\":[{\"@type\":\"ReadAction\",\"target\":[\"https:\\\/\\\/www.1tool.com\\\/fr\\\/modules\\\/modules-speciaux\\\/gestion-des-candidatures\\\/fonctions-du-module-de-gestion-des-candidatures\\\/communication-avec-les-candidats\\\/\"]}]},{\"@type\":\"BreadcrumbList\",\"@id\":\"https:\\\/\\\/www.1tool.com\\\/fr\\\/modules\\\/modules-speciaux\\\/gestion-des-candidatures\\\/fonctions-du-module-de-gestion-des-candidatures\\\/communication-avec-les-candidats\\\/#breadcrumb\",\"itemListElement\":[{\"@type\":\"ListItem\",\"position\":1,\"name\":\"Home\",\"item\":\"https:\\\/\\\/www.1tool.com\\\/fr\\\/\"},{\"@type\":\"ListItem\",\"position\":2,\"name\":\"Modules\",\"item\":\"https:\\\/\\\/www.1tool.com\\\/fr\\\/module\\\/\"},{\"@type\":\"ListItem\",\"position\":3,\"name\":\"Modules sp\u00e9ciaux\",\"item\":\"https:\\\/\\\/www.1tool.com\\\/fr\\\/modules\\\/modules-speciaux\\\/\"},{\"@type\":\"ListItem\",\"position\":4,\"name\":\"Gestion des candidatures\",\"item\":\"https:\\\/\\\/www.1tool.com\\\/fr\\\/modules\\\/modules-speciaux\\\/gestion-des-candidatures\\\/\"},{\"@type\":\"ListItem\",\"position\":5,\"name\":\"Fonctions du module de gestion des candidatures\",\"item\":\"https:\\\/\\\/www.1tool.com\\\/fr\\\/modules\\\/modules-speciaux\\\/gestion-des-candidatures\\\/fonctions-du-module-de-gestion-des-candidatures\\\/\"},{\"@type\":\"ListItem\",\"position\":6,\"name\":\"Communication avec les candidats\"}]},{\"@type\":\"WebSite\",\"@id\":\"https:\\\/\\\/www.1tool.com\\\/fr\\\/#website\",\"url\":\"https:\\\/\\\/www.1tool.com\\\/fr\\\/\",\"name\":\"1Tool\",\"description\":\"CRM\",\"publisher\":{\"@id\":\"https:\\\/\\\/www.1tool.com\\\/fr\\\/#organization\"},\"potentialAction\":[{\"@type\":\"SearchAction\",\"target\":{\"@type\":\"EntryPoint\",\"urlTemplate\":\"https:\\\/\\\/www.1tool.com\\\/fr\\\/?s={search_term_string}\"},\"query-input\":{\"@type\":\"PropertyValueSpecification\",\"valueRequired\":true,\"valueName\":\"search_term_string\"}}],\"inLanguage\":\"fr-FR\"},{\"@type\":\"Organization\",\"@id\":\"https:\\\/\\\/www.1tool.com\\\/fr\\\/#organization\",\"name\":\"1Tool\",\"url\":\"https:\\\/\\\/www.1tool.com\\\/fr\\\/\",\"logo\":{\"@type\":\"ImageObject\",\"inLanguage\":\"fr-FR\",\"@id\":\"https:\\\/\\\/www.1tool.com\\\/fr\\\/#\\\/schema\\\/logo\\\/image\\\/\",\"url\":\"https:\\\/\\\/www.1tool.com\\\/wp-content\\\/uploads\\\/2022\\\/04\\\/1tool-1.png\",\"contentUrl\":\"https:\\\/\\\/www.1tool.com\\\/wp-content\\\/uploads\\\/2022\\\/04\\\/1tool-1.png\",\"width\":400,\"height\":150,\"caption\":\"1Tool\"},\"image\":{\"@id\":\"https:\\\/\\\/www.1tool.com\\\/fr\\\/#\\\/schema\\\/logo\\\/image\\\/\"}}]}<\/script>\n<!-- \/ Yoast SEO plugin. -->","yoast_head_json":{"title":"Communication avec les candidats - 1Tool","robots":{"index":"index","follow":"follow","max-snippet":"max-snippet:-1","max-image-preview":"max-image-preview:large","max-video-preview":"max-video-preview:-1"},"canonical":"https:\/\/www.1tool.com\/fr\/modules\/modules-speciaux\/gestion-des-candidatures\/fonctions-du-module-de-gestion-des-candidatures\/communication-avec-les-candidats\/","og_locale":"fr_FR","og_type":"article","og_title":"Communication avec les candidats - 1Tool","og_description":"Communication avec les candidats Le logiciel 1Tool e-Recruiting vous permet d&#8217;atteindre des candidats potentiels sur tous les canaux pertinents et de b\u00e9n\u00e9ficier d&#8217;informations sur les candidats qui sont toujours \u00e0 jour ! Communication automatis\u00e9e avec les candidats Lorsqu&#8217;une d\u00e9cision est prise, les candidats doivent \u00e9galement en \u00eatre inform\u00e9s le plus rapidement possible. Et pour que [&hellip;]","og_url":"https:\/\/www.1tool.com\/fr\/modules\/modules-speciaux\/gestion-des-candidatures\/fonctions-du-module-de-gestion-des-candidatures\/communication-avec-les-candidats\/","og_site_name":"1Tool","article_modified_time":"2026-05-07T12:59:26+00:00","twitter_card":"summary_large_image","twitter_misc":{"Dur\u00e9e de lecture estim\u00e9e":"2 minutes"},"schema":{"@context":"https:\/\/schema.org","@graph":[{"@type":"WebPage","@id":"https:\/\/www.1tool.com\/fr\/modules\/modules-speciaux\/gestion-des-candidatures\/fonctions-du-module-de-gestion-des-candidatures\/communication-avec-les-candidats\/","url":"https:\/\/www.1tool.com\/fr\/modules\/modules-speciaux\/gestion-des-candidatures\/fonctions-du-module-de-gestion-des-candidatures\/communication-avec-les-candidats\/","name":"Communication avec les candidats - 1Tool","isPartOf":{"@id":"https:\/\/www.1tool.com\/fr\/#website"},"datePublished":"2022-03-31T02:28:31+00:00","dateModified":"2026-05-07T12:59:26+00:00","breadcrumb":{"@id":"https:\/\/www.1tool.com\/fr\/modules\/modules-speciaux\/gestion-des-candidatures\/fonctions-du-module-de-gestion-des-candidatures\/communication-avec-les-candidats\/#breadcrumb"},"inLanguage":"fr-FR","potentialAction":[{"@type":"ReadAction","target":["https:\/\/www.1tool.com\/fr\/modules\/modules-speciaux\/gestion-des-candidatures\/fonctions-du-module-de-gestion-des-candidatures\/communication-avec-les-candidats\/"]}]},{"@type":"BreadcrumbList","@id":"https:\/\/www.1tool.com\/fr\/modules\/modules-speciaux\/gestion-des-candidatures\/fonctions-du-module-de-gestion-des-candidatures\/communication-avec-les-candidats\/#breadcrumb","itemListElement":[{"@type":"ListItem","position":1,"name":"Home","item":"https:\/\/www.1tool.com\/fr\/"},{"@type":"ListItem","position":2,"name":"Modules","item":"https:\/\/www.1tool.com\/fr\/module\/"},{"@type":"ListItem","position":3,"name":"Modules sp\u00e9ciaux","item":"https:\/\/www.1tool.com\/fr\/modules\/modules-speciaux\/"},{"@type":"ListItem","position":4,"name":"Gestion des candidatures","item":"https:\/\/www.1tool.com\/fr\/modules\/modules-speciaux\/gestion-des-candidatures\/"},{"@type":"ListItem","position":5,"name":"Fonctions du module de gestion des candidatures","item":"https:\/\/www.1tool.com\/fr\/modules\/modules-speciaux\/gestion-des-candidatures\/fonctions-du-module-de-gestion-des-candidatures\/"},{"@type":"ListItem","position":6,"name":"Communication avec les candidats"}]},{"@type":"WebSite","@id":"https:\/\/www.1tool.com\/fr\/#website","url":"https:\/\/www.1tool.com\/fr\/","name":"1Tool","description":"CRM","publisher":{"@id":"https:\/\/www.1tool.com\/fr\/#organization"},"potentialAction":[{"@type":"SearchAction","target":{"@type":"EntryPoint","urlTemplate":"https:\/\/www.1tool.com\/fr\/?s={search_term_string}"},"query-input":{"@type":"PropertyValueSpecification","valueRequired":true,"valueName":"search_term_string"}}],"inLanguage":"fr-FR"},{"@type":"Organization","@id":"https:\/\/www.1tool.com\/fr\/#organization","name":"1Tool","url":"https:\/\/www.1tool.com\/fr\/","logo":{"@type":"ImageObject","inLanguage":"fr-FR","@id":"https:\/\/www.1tool.com\/fr\/#\/schema\/logo\/image\/","url":"https:\/\/www.1tool.com\/wp-content\/uploads\/2022\/04\/1tool-1.png","contentUrl":"https:\/\/www.1tool.com\/wp-content\/uploads\/2022\/04\/1tool-1.png","width":400,"height":150,"caption":"1Tool"},"image":{"@id":"https:\/\/www.1tool.com\/fr\/#\/schema\/logo\/image\/"}}]}},"_links":{"self":[{"href":"https:\/\/www.1tool.com\/fr\/wp-json\/wp\/v2\/pages\/78862","targetHints":{"allow":["GET"]}}],"collection":[{"href":"https:\/\/www.1tool.com\/fr\/wp-json\/wp\/v2\/pages"}],"about":[{"href":"https:\/\/www.1tool.com\/fr\/wp-json\/wp\/v2\/types\/page"}],"author":[{"embeddable":true,"href":"https:\/\/www.1tool.com\/fr\/wp-json\/wp\/v2\/users\/1"}],"replies":[{"embeddable":true,"href":"https:\/\/www.1tool.com\/fr\/wp-json\/wp\/v2\/comments?post=78862"}],"version-history":[{"count":1,"href":"https:\/\/www.1tool.com\/fr\/wp-json\/wp\/v2\/pages\/78862\/revisions"}],"predecessor-version":[{"id":78867,"href":"https:\/\/www.1tool.com\/fr\/wp-json\/wp\/v2\/pages\/78862\/revisions\/78867"}],"up":[{"embeddable":true,"href":"https:\/\/www.1tool.com\/fr\/wp-json\/wp\/v2\/pages\/79036"}],"wp:attachment":[{"href":"https:\/\/www.1tool.com\/fr\/wp-json\/wp\/v2\/media?parent=78862"}],"curies":[{"name":"wp","href":"https:\/\/api.w.org\/{rel}","templated":true}]}}